{"id":8221,"date":"2023-01-27T11:07:45","date_gmt":"2023-01-27T10:07:45","guid":{"rendered":"https:\/\/devaharmony.com\/pl\/?page_id=8221"},"modified":"2023-07-17T14:47:24","modified_gmt":"2023-07-17T13:47:24","slug":"jivagram","status":"publish","type":"page","link":"https:\/\/devaharmony.com\/pl\/jivagram\/","title":{"rendered":"Misja JIVA Ayurveda"},"content":{"rendered":"\n<div class=\"wp-block-image\"><figure class=\"aligncenter size-full is-resized\"><img decoding=\"async\" src=\"https:\/\/devaharmony.com\/pl\/wp-content\/uploads\/2022\/09\/j1.png\" alt=\"\" class=\"wp-image-8379\" width=\"844\" height=\"669\" srcset=\"https:\/\/devaharmony.com\/pl\/wp-content\/uploads\/2022\/09\/j1.png 618w, https:\/\/devaharmony.com\/pl\/wp-content\/uploads\/2022\/09\/j1-300x237.png 300w, https:\/\/devaharmony.com\/pl\/wp-content\/uploads\/2022\/09\/j1-600x475.png 600w\" sizes=\"(max-width: 844px) 100vw, 844px\" \/><\/figure><\/div>\n\n\n\n<h2 class=\"wp-block-heading\">JIVA &#8211; 27 lat doskona\u0142o\u015bci i praktyki ajurwedyjskiej <\/h2>\n\n\n\n<p>W 1992 roku JIVA Ayurveda rozpocz\u0119\u0142a misj\u0119, aby dowiedzie\u0107 si\u0119, w jaki spos\u00f3b m\u0105dro\u015b\u0107 tradycyjnej wiedzy indyjskiej mo\u017ce poprawi\u0107 \u017cycie ludzi we wsp\u00f3\u0142czesnym \u015bwiecie. Inicjatywa ta zosta\u0142a nazwana <strong>\u201eJiva\u201d, co oznacza \u201e\u017cyw\u0105 istot\u0119 lub dusz\u0119\u201d<\/strong>. Jiva jest oddana misji tworzenia szcz\u0119\u015bliwszego i zdrowszego spo\u0142ecze\u0144stwa poprzez <strong>o\u017cywienie indyjskich nauk wedyjskich z pomoc\u0105 nowoczesnych technologii.<\/strong><\/p>\n\n\n\n<figure class=\"wp-block-gallery has-nested-images columns-default is-cropped wp-block-gallery-1 is-layout-flex wp-block-gallery-is-layout-flex\">\n<figure class=\"wp-block-image size-large\"><img decoding=\"async\" width=\"526\" height=\"425\" data-id=\"8224\" src=\"https:\/\/devaharmony.com\/pl\/wp-content\/uploads\/2022\/09\/1-2.png\" alt=\"\" class=\"wp-image-8224\" srcset=\"https:\/\/devaharmony.com\/pl\/wp-content\/uploads\/2022\/09\/1-2.png 526w, https:\/\/devaharmony.com\/pl\/wp-content\/uploads\/2022\/09\/1-2-300x242.png 300w\" sizes=\"(max-width: 526px) 100vw, 526px\" \/><\/figure>\n\n\n\n<figure class=\"wp-block-image size-large\"><img decoding=\"async\" width=\"526\" height=\"425\" data-id=\"8225\" src=\"https:\/\/devaharmony.com\/pl\/wp-content\/uploads\/2022\/09\/2-2.png\" alt=\"\" class=\"wp-image-8225\" srcset=\"https:\/\/devaharmony.com\/pl\/wp-content\/uploads\/2022\/09\/2-2.png 526w, https:\/\/devaharmony.com\/pl\/wp-content\/uploads\/2022\/09\/2-2-300x242.png 300w\" sizes=\"(max-width: 526px) 100vw, 526px\" \/><\/figure>\n\n\n\n<figure class=\"wp-block-image size-large\"><img decoding=\"async\" width=\"526\" height=\"425\" data-id=\"8223\" src=\"https:\/\/devaharmony.com\/pl\/wp-content\/uploads\/2022\/09\/3-2.png\" alt=\"\" class=\"wp-image-8223\" srcset=\"https:\/\/devaharmony.com\/pl\/wp-content\/uploads\/2022\/09\/3-2.png 526w, https:\/\/devaharmony.com\/pl\/wp-content\/uploads\/2022\/09\/3-2-300x242.png 300w\" sizes=\"(max-width: 526px) 100vw, 526px\" \/><\/figure>\n<\/figure>\n\n\n\n<h2 class=\"wp-block-heading\">Misja JIVA Ayurveda<\/h2>\n\n\n\n<p>Jiva dotkn\u0119\u0142a milion\u00f3w istnie\u0144 ludzkich, przynosz\u0105c fizyczny, psychiczny i duchowy dobrobyt za po\u015brednictwem trzech medi\u00f3w:<\/p>\n\n\n\n<ul class=\"wp-block-list\"><li><strong>EDUKACJA: <\/strong>tworzenie spersonalizowanych zasob\u00f3w edukacyjnych, kt\u00f3re sprzyjaj\u0105 uczeniu si\u0119 przez ca\u0142e \u017cycie i samopoznaniu.<\/li><li><strong>AJURWEDA<\/strong>: aby wprowadzi\u0107 ajurwed\u0119 do ka\u017cdego domu poprzez innowacyjne metody i technologie.<\/li><li><strong>KULTURA:<\/strong> aby zachowa\u0107 i promowa\u0107 tradycyjn\u0105 wiedz\u0119 indyjsk\u0105 do wykorzystania we wsp\u00f3\u0142czesnym \u015bwiecie.<\/li><\/ul>\n\n\n\n<p><\/p>\n\n\n\n<figure class=\"wp-block-gallery has-nested-images columns-default is-cropped wp-block-gallery-2 is-layout-flex wp-block-gallery-is-layout-flex\">\n<figure class=\"wp-block-image size-large\"><img decoding=\"async\" width=\"526\" height=\"425\" data-id=\"8231\" src=\"https:\/\/devaharmony.com\/pl\/wp-content\/uploads\/2022\/09\/4-2.png\" alt=\"\" class=\"wp-image-8231\" srcset=\"https:\/\/devaharmony.com\/pl\/wp-content\/uploads\/2022\/09\/4-2.png 526w, https:\/\/devaharmony.com\/pl\/wp-content\/uploads\/2022\/09\/4-2-300x242.png 300w\" sizes=\"(max-width: 526px) 100vw, 526px\" \/><\/figure>\n\n\n\n<figure class=\"wp-block-image size-large\"><img decoding=\"async\" width=\"526\" height=\"425\" data-id=\"8232\" src=\"https:\/\/devaharmony.com\/pl\/wp-content\/uploads\/2022\/09\/5-2.png\" alt=\"\" class=\"wp-image-8232\" srcset=\"https:\/\/devaharmony.com\/pl\/wp-content\/uploads\/2022\/09\/5-2.png 526w, https:\/\/devaharmony.com\/pl\/wp-content\/uploads\/2022\/09\/5-2-300x242.png 300w\" sizes=\"(max-width: 526px) 100vw, 526px\" \/><\/figure>\n\n\n\n<figure class=\"wp-block-image size-large\"><img decoding=\"async\" width=\"526\" height=\"425\" data-id=\"13175\" src=\"https:\/\/devaharmony.com\/pl\/wp-content\/uploads\/2023\/01\/jiva-hands-flames.png\" alt=\"\" class=\"wp-image-13175\" srcset=\"https:\/\/devaharmony.com\/pl\/wp-content\/uploads\/2023\/01\/jiva-hands-flames.png 526w, https:\/\/devaharmony.com\/pl\/wp-content\/uploads\/2023\/01\/jiva-hands-flames-300x242.png 300w\" sizes=\"(max-width: 526px) 100vw, 526px\" \/><\/figure>\n<\/figure>\n\n\n\n<h2 class=\"wp-block-heading\">Za\u0142o\u017cyciele<\/h2>\n\n\n\n<div class=\"wp-block-group\"><div class=\"wp-block-group__inner-container is-layout-flow wp-block-group-is-layout-flow\">\n<div class=\"wp-block-columns is-layout-flex wp-container-core-columns-is-layout-9d6595d7 wp-block-columns-is-layout-flex\">\n<div class=\"wp-block-column is-layout-flow wp-block-column-is-layout-flow\" style=\"flex-basis:100%\">\n<div class=\"wp-block-media-text alignwide is-stacked-on-mobile\" style=\"grid-template-columns:20% auto\"><figure class=\"wp-block-media-text__media\"><img decoding=\"async\" width=\"526\" height=\"425\" src=\"https:\/\/devaharmony.com\/pl\/wp-content\/uploads\/2022\/09\/7.png\" alt=\"\" class=\"wp-image-8242 size-full\" srcset=\"https:\/\/devaharmony.com\/pl\/wp-content\/uploads\/2022\/09\/7.png 526w, https:\/\/devaharmony.com\/pl\/wp-content\/uploads\/2022\/09\/7-300x242.png 300w\" sizes=\"(max-width: 526px) 100vw, 526px\" \/><\/figure><div class=\"wp-block-media-text__content\">\n<p class=\"has-text-align-left has-black-color has-text-color\" style=\"font-size:26px\">Rishi Pal Chauhan<\/p>\n\n\n\n<p>Za\u0142o\u017cyciel i Dyrektor zarz\u0105dzaj\u0105cy<\/p>\n<\/div><\/div>\n<\/div>\n<\/div>\n<\/div><\/div>\n\n\n\n<div class=\"wp-block-media-text alignwide has-media-on-the-right is-stacked-on-mobile is-vertically-aligned-center\" style=\"grid-template-columns:auto 20%\"><figure class=\"wp-block-media-text__media\"><img decoding=\"async\" width=\"526\" height=\"425\" src=\"https:\/\/devaharmony.com\/pl\/wp-content\/uploads\/2023\/01\/Chander-Lata-Chauhan-2.webp\" alt=\"\" class=\"wp-image-13179 size-full\" srcset=\"https:\/\/devaharmony.com\/pl\/wp-content\/uploads\/2023\/01\/Chander-Lata-Chauhan-2.webp 526w, https:\/\/devaharmony.com\/pl\/wp-content\/uploads\/2023\/01\/Chander-Lata-Chauhan-2-300x242.webp 300w\" sizes=\"(max-width: 526px) 100vw, 526px\" \/><\/figure><div class=\"wp-block-media-text__content\">\n<p class=\"has-text-align-right has-black-color has-text-color\" style=\"font-size:26px\">Chander Lata Chauhan<\/p>\n\n\n\n<p class=\"has-text-align-right\">Dyrektor ds. Edukacji<\/p>\n<\/div><\/div>\n\n\n\n<div class=\"wp-block-media-text alignwide is-stacked-on-mobile\" style=\"grid-template-columns:19% auto\"><figure class=\"wp-block-media-text__media\"><img decoding=\"async\" width=\"526\" height=\"425\" src=\"https:\/\/devaharmony.com\/pl\/wp-content\/uploads\/2023\/01\/Dyrektor-Jiva-Ayurveda.webp\" alt=\"\" class=\"wp-image-13180 size-full\" srcset=\"https:\/\/devaharmony.com\/pl\/wp-content\/uploads\/2023\/01\/Dyrektor-Jiva-Ayurveda.webp 526w, https:\/\/devaharmony.com\/pl\/wp-content\/uploads\/2023\/01\/Dyrektor-Jiva-Ayurveda-300x242.webp 300w\" sizes=\"(max-width: 526px) 100vw, 526px\" \/><\/figure><div class=\"wp-block-media-text__content\">\n<p class=\"has-black-color has-text-color\" style=\"font-size:26px\">Dr. Partap Chauhan<\/p>\n\n\n\n<p>Dyrektor- Jiva Ayurveda<\/p>\n<\/div><\/div>\n\n\n\n<div class=\"wp-block-media-text alignwide has-media-on-the-right is-stacked-on-mobile\" style=\"grid-template-columns:auto 20%\"><figure class=\"wp-block-media-text__media\"><img decoding=\"async\" width=\"526\" height=\"425\" src=\"https:\/\/devaharmony.com\/pl\/wp-content\/uploads\/2023\/01\/Satya-Narayan-Dasa.webp\" alt=\"\" class=\"wp-image-13181 size-full\" srcset=\"https:\/\/devaharmony.com\/pl\/wp-content\/uploads\/2023\/01\/Satya-Narayan-Dasa.webp 526w, https:\/\/devaharmony.com\/pl\/wp-content\/uploads\/2023\/01\/Satya-Narayan-Dasa-300x242.webp 300w\" sizes=\"(max-width: 526px) 100vw, 526px\" \/><\/figure><div class=\"wp-block-media-text__content\">\n<p class=\"has-text-align-right has-black-color has-text-color\" style=\"font-size:26px\">Dr. Satya Narayan Dasa<\/p>\n\n\n\n<p class=\"has-text-align-right\">Dyrektor ds. Kultury<\/p>\n<\/div><\/div>\n\n\n\n<h2 class=\"wp-block-heading\">Zesp\u00f3\u0142 kierowniczy<\/h2>\n\n\n\n<div class=\"wp-block-media-text alignwide is-stacked-on-mobile\" style=\"grid-template-columns:20% auto\"><figure class=\"wp-block-media-text__media\"><img decoding=\"async\" width=\"363\" height=\"294\" src=\"https:\/\/devaharmony.com\/pl\/wp-content\/uploads\/2022\/09\/a.png\" alt=\"\" class=\"wp-image-8370 size-full\" srcset=\"https:\/\/devaharmony.com\/pl\/wp-content\/uploads\/2022\/09\/a.png 363w, https:\/\/devaharmony.com\/pl\/wp-content\/uploads\/2022\/09\/a-300x243.png 300w\" sizes=\"(max-width: 363px) 100vw, 363px\" \/><\/figure><div class=\"wp-block-media-text__content\">\n<p style=\"font-size:26px\">Madhusudan Chauhan<\/p>\n\n\n\n<p>Dyrektor<\/p>\n<\/div><\/div>\n\n\n\n<div class=\"wp-block-media-text alignwide has-media-on-the-right is-stacked-on-mobile\" style=\"grid-template-columns:auto 20%\"><figure class=\"wp-block-media-text__media\"><img decoding=\"async\" width=\"363\" height=\"294\" src=\"https:\/\/devaharmony.com\/pl\/wp-content\/uploads\/2022\/09\/b.png\" alt=\"\" class=\"wp-image-8371 size-full\" srcset=\"https:\/\/devaharmony.com\/pl\/wp-content\/uploads\/2022\/09\/b.png 363w, https:\/\/devaharmony.com\/pl\/wp-content\/uploads\/2022\/09\/b-300x243.png 300w\" sizes=\"(max-width: 363px) 100vw, 363px\" \/><\/figure><div class=\"wp-block-media-text__content\">\n<p class=\"has-text-align-right\" style=\"font-size:26px\">Meenakshi Singh<\/p>\n\n\n\n<p class=\"has-text-align-right\">Dyrektor HR<\/p>\n<\/div><\/div>\n\n\n\n<div class=\"wp-block-media-text alignwide is-stacked-on-mobile\" style=\"grid-template-columns:20% auto\"><figure class=\"wp-block-media-text__media\"><img decoding=\"async\" width=\"363\" height=\"294\" src=\"https:\/\/devaharmony.com\/pl\/wp-content\/uploads\/2022\/09\/c.png\" alt=\"\" class=\"wp-image-8372 size-full\" srcset=\"https:\/\/devaharmony.com\/pl\/wp-content\/uploads\/2022\/09\/c.png 363w, https:\/\/devaharmony.com\/pl\/wp-content\/uploads\/2022\/09\/c-300x243.png 300w\" sizes=\"(max-width: 363px) 100vw, 363px\" \/><\/figure><div class=\"wp-block-media-text__content\">\n<p style=\"font-size:26px\">Neerja Chauhan<\/p>\n\n\n\n<p>Dyrektor ds. nauki i rozwoju<\/p>\n<\/div><\/div>\n\n\n\n<div class=\"wp-block-media-text alignwide has-media-on-the-right is-stacked-on-mobile\" style=\"grid-template-columns:auto 20%\"><figure class=\"wp-block-media-text__media\"><img decoding=\"async\" width=\"363\" height=\"294\" src=\"https:\/\/devaharmony.com\/pl\/wp-content\/uploads\/2022\/09\/d.png\" alt=\"\" class=\"wp-image-8373 size-full\" srcset=\"https:\/\/devaharmony.com\/pl\/wp-content\/uploads\/2022\/09\/d.png 363w, https:\/\/devaharmony.com\/pl\/wp-content\/uploads\/2022\/09\/d-300x243.png 300w\" sizes=\"(max-width: 363px) 100vw, 363px\" \/><\/figure><div class=\"wp-block-media-text__content\">\n<p class=\"has-text-align-right\" style=\"font-size:26px\">Kajal Chauhan<\/p>\n\n\n\n<p class=\"has-text-align-right\">Dyrektor &#8211; Jivagram i biznes mi\u0119dzynarodowy<\/p>\n<\/div><\/div>\n\n\n\n<p><\/p>\n","protected":false},"excerpt":{"rendered":"<p>JIVA &#8211; 27 lat doskona\u0142o\u015bci i praktyki ajurwedyjskiej W 1992 roku JIVA Ayurveda rozpocz\u0119\u0142a misj\u0119, aby dowiedzie\u0107 si\u0119, w jaki spos\u00f3b m\u0105dro\u015b\u0107 tradycyjnej wiedzy indyjskiej mo\u017ce poprawi\u0107 \u017cycie ludzi we wsp\u00f3\u0142czesnym \u015bwiecie. Inicjatywa ta zosta\u0142a nazwana \u201eJiva\u201d, co oznacza \u201e\u017cyw\u0105 istot\u0119 lub dusz\u0119\u201d. Jiva jest oddana misji tworzenia szcz\u0119\u015bliwszego i zdrowszego spo\u0142ecze\u0144stwa poprzez o\u017cywienie indyjskich [&hellip;]<\/p>\n","protected":false},"author":59,"featured_media":0,"parent":0,"menu_order":0,"comment_status":"closed","ping_status":"closed","template":"","meta":{"_editorskit_title_hidden":false,"_editorskit_reading_time":0,"_editorskit_is_block_options_detached":false,"_editorskit_block_options_position":"{}","footnotes":""},"class_list":["post-8221","page","type-page","status-publish","hentry"],"acf":[],"yoast_head":"<!-- This site is optimized with the Yoast SEO plugin v23.1 - https:\/\/yoast.com\/wordpress\/plugins\/seo\/ -->\n<title>Misja JIVA Ayurveda - Deva Harmony Polska<\/title>\n<meta name=\"robots\" content=\"index, follow, max-snippet:-1, max-image-preview:large, max-video-preview:-1\" \/>\n<link rel=\"canonical\" href=\"https:\/\/devaharmony.com\/pl\/jivagram\/\" \/>\n<meta property=\"og:locale\" content=\"pl_PL\" \/>\n<meta property=\"og:type\" content=\"article\" \/>\n<meta property=\"og:title\" content=\"Misja JIVA Ayurveda - Deva Harmony Polska\" \/>\n<meta property=\"og:description\" content=\"JIVA &#8211; 27 lat doskona\u0142o\u015bci i praktyki ajurwedyjskiej W 1992 roku JIVA Ayurveda rozpocz\u0119\u0142a misj\u0119, aby dowiedzie\u0107 si\u0119, w jaki spos\u00f3b m\u0105dro\u015b\u0107 tradycyjnej wiedzy indyjskiej mo\u017ce poprawi\u0107 \u017cycie ludzi we wsp\u00f3\u0142czesnym \u015bwiecie. Inicjatywa ta zosta\u0142a nazwana \u201eJiva\u201d, co oznacza \u201e\u017cyw\u0105 istot\u0119 lub dusz\u0119\u201d. Jiva jest oddana misji tworzenia szcz\u0119\u015bliwszego i zdrowszego spo\u0142ecze\u0144stwa poprzez o\u017cywienie indyjskich [&hellip;]\" \/>\n<meta property=\"og:url\" content=\"https:\/\/devaharmony.com\/pl\/jivagram\/\" \/>\n<meta property=\"og:site_name\" content=\"Deva Harmony Polska\" \/>\n<meta property=\"article:modified_time\" content=\"2023-07-17T13:47:24+00:00\" \/>\n<meta property=\"og:image\" content=\"https:\/\/devaharmony.com\/pl\/wp-content\/uploads\/2022\/09\/j1.png\" \/>\n<meta name=\"twitter:card\" content=\"summary_large_image\" \/>\n<meta name=\"twitter:label1\" content=\"Szacowany czas czytania\" \/>\n\t<meta name=\"twitter:data1\" content=\"4 minuty\" \/>\n<script type=\"application\/ld+json\" class=\"yoast-schema-graph\">{\"@context\":\"https:\/\/schema.org\",\"@graph\":[{\"@type\":\"WebPage\",\"@id\":\"https:\/\/devaharmony.com\/pl\/jivagram\/\",\"url\":\"https:\/\/devaharmony.com\/pl\/jivagram\/\",\"name\":\"Misja JIVA Ayurveda - Deva Harmony Polska\",\"isPartOf\":{\"@id\":\"https:\/\/devaharmony.com\/pl\/#website\"},\"primaryImageOfPage\":{\"@id\":\"https:\/\/devaharmony.com\/pl\/jivagram\/#primaryimage\"},\"image\":{\"@id\":\"https:\/\/devaharmony.com\/pl\/jivagram\/#primaryimage\"},\"thumbnailUrl\":\"https:\/\/devaharmony.com\/pl\/wp-content\/uploads\/2022\/09\/j1.png\",\"datePublished\":\"2023-01-27T10:07:45+00:00\",\"dateModified\":\"2023-07-17T13:47:24+00:00\",\"breadcrumb\":{\"@id\":\"https:\/\/devaharmony.com\/pl\/jivagram\/#breadcrumb\"},\"inLanguage\":\"pl-PL\",\"potentialAction\":[{\"@type\":\"ReadAction\",\"target\":[\"https:\/\/devaharmony.com\/pl\/jivagram\/\"]}]},{\"@type\":\"ImageObject\",\"inLanguage\":\"pl-PL\",\"@id\":\"https:\/\/devaharmony.com\/pl\/jivagram\/#primaryimage\",\"url\":\"https:\/\/devaharmony.com\/pl\/wp-content\/uploads\/2022\/09\/j1.png\",\"contentUrl\":\"https:\/\/devaharmony.com\/pl\/wp-content\/uploads\/2022\/09\/j1.png\",\"width\":618,\"height\":489},{\"@type\":\"BreadcrumbList\",\"@id\":\"https:\/\/devaharmony.com\/pl\/jivagram\/#breadcrumb\",\"itemListElement\":[{\"@type\":\"ListItem\",\"position\":1,\"name\":\"Strona g\u0142\u00f3wna\",\"item\":\"https:\/\/devaharmony.com\/pl\/\"},{\"@type\":\"ListItem\",\"position\":2,\"name\":\"Misja JIVA Ayurveda\"}]},{\"@type\":\"WebSite\",\"@id\":\"https:\/\/devaharmony.com\/pl\/#website\",\"url\":\"https:\/\/devaharmony.com\/pl\/\",\"name\":\"Deva Harmony Polska\",\"description\":\"Ajurwedyjskie Suplementy Diety\",\"potentialAction\":[{\"@type\":\"SearchAction\",\"target\":{\"@type\":\"EntryPoint\",\"urlTemplate\":\"https:\/\/devaharmony.com\/pl\/?s={search_term_string}\"},\"query-input\":\"required name=search_term_string\"}],\"inLanguage\":\"pl-PL\"}]}<\/script>\n<!-- \/ Yoast SEO plugin. -->","yoast_head_json":{"title":"Misja JIVA Ayurveda - Deva Harmony Polska","robots":{"index":"index","follow":"follow","max-snippet":"max-snippet:-1","max-image-preview":"max-image-preview:large","max-video-preview":"max-video-preview:-1"},"canonical":"https:\/\/devaharmony.com\/pl\/jivagram\/","og_locale":"pl_PL","og_type":"article","og_title":"Misja JIVA Ayurveda - Deva Harmony Polska","og_description":"JIVA &#8211; 27 lat doskona\u0142o\u015bci i praktyki ajurwedyjskiej W 1992 roku JIVA Ayurveda rozpocz\u0119\u0142a misj\u0119, aby dowiedzie\u0107 si\u0119, w jaki spos\u00f3b m\u0105dro\u015b\u0107 tradycyjnej wiedzy indyjskiej mo\u017ce poprawi\u0107 \u017cycie ludzi we wsp\u00f3\u0142czesnym \u015bwiecie. Inicjatywa ta zosta\u0142a nazwana \u201eJiva\u201d, co oznacza \u201e\u017cyw\u0105 istot\u0119 lub dusz\u0119\u201d. Jiva jest oddana misji tworzenia szcz\u0119\u015bliwszego i zdrowszego spo\u0142ecze\u0144stwa poprzez o\u017cywienie indyjskich [&hellip;]","og_url":"https:\/\/devaharmony.com\/pl\/jivagram\/","og_site_name":"Deva Harmony Polska","article_modified_time":"2023-07-17T13:47:24+00:00","og_image":[{"url":"https:\/\/devaharmony.com\/pl\/wp-content\/uploads\/2022\/09\/j1.png"}],"twitter_card":"summary_large_image","twitter_misc":{"Szacowany czas czytania":"4 minuty"},"schema":{"@context":"https:\/\/schema.org","@graph":[{"@type":"WebPage","@id":"https:\/\/devaharmony.com\/pl\/jivagram\/","url":"https:\/\/devaharmony.com\/pl\/jivagram\/","name":"Misja JIVA Ayurveda - Deva Harmony Polska","isPartOf":{"@id":"https:\/\/devaharmony.com\/pl\/#website"},"primaryImageOfPage":{"@id":"https:\/\/devaharmony.com\/pl\/jivagram\/#primaryimage"},"image":{"@id":"https:\/\/devaharmony.com\/pl\/jivagram\/#primaryimage"},"thumbnailUrl":"https:\/\/devaharmony.com\/pl\/wp-content\/uploads\/2022\/09\/j1.png","datePublished":"2023-01-27T10:07:45+00:00","dateModified":"2023-07-17T13:47:24+00:00","breadcrumb":{"@id":"https:\/\/devaharmony.com\/pl\/jivagram\/#breadcrumb"},"inLanguage":"pl-PL","potentialAction":[{"@type":"ReadAction","target":["https:\/\/devaharmony.com\/pl\/jivagram\/"]}]},{"@type":"ImageObject","inLanguage":"pl-PL","@id":"https:\/\/devaharmony.com\/pl\/jivagram\/#primaryimage","url":"https:\/\/devaharmony.com\/pl\/wp-content\/uploads\/2022\/09\/j1.png","contentUrl":"https:\/\/devaharmony.com\/pl\/wp-content\/uploads\/2022\/09\/j1.png","width":618,"height":489},{"@type":"BreadcrumbList","@id":"https:\/\/devaharmony.com\/pl\/jivagram\/#breadcrumb","itemListElement":[{"@type":"ListItem","position":1,"name":"Strona g\u0142\u00f3wna","item":"https:\/\/devaharmony.com\/pl\/"},{"@type":"ListItem","position":2,"name":"Misja JIVA Ayurveda"}]},{"@type":"WebSite","@id":"https:\/\/devaharmony.com\/pl\/#website","url":"https:\/\/devaharmony.com\/pl\/","name":"Deva Harmony Polska","description":"Ajurwedyjskie Suplementy Diety","potentialAction":[{"@type":"SearchAction","target":{"@type":"EntryPoint","urlTemplate":"https:\/\/devaharmony.com\/pl\/?s={search_term_string}"},"query-input":"required name=search_term_string"}],"inLanguage":"pl-PL"}]}},"_links":{"self":[{"href":"https:\/\/devaharmony.com\/pl\/wp-json\/wp\/v2\/pages\/8221","targetHints":{"allow":["GET"]}}],"collection":[{"href":"https:\/\/devaharmony.com\/pl\/wp-json\/wp\/v2\/pages"}],"about":[{"href":"https:\/\/devaharmony.com\/pl\/wp-json\/wp\/v2\/types\/page"}],"author":[{"embeddable":true,"href":"https:\/\/devaharmony.com\/pl\/wp-json\/wp\/v2\/users\/59"}],"replies":[{"embeddable":true,"href":"https:\/\/devaharmony.com\/pl\/wp-json\/wp\/v2\/comments?post=8221"}],"version-history":[{"count":52,"href":"https:\/\/devaharmony.com\/pl\/wp-json\/wp\/v2\/pages\/8221\/revisions"}],"predecessor-version":[{"id":19585,"href":"https:\/\/devaharmony.com\/pl\/wp-json\/wp\/v2\/pages\/8221\/revisions\/19585"}],"wp:attachment":[{"href":"https:\/\/devaharmony.com\/pl\/wp-json\/wp\/v2\/media?parent=8221"}],"curies":[{"name":"wp","href":"https:\/\/api.w.org\/{rel}","templated":true}]}}