{"id":8169,"date":"2023-07-17T13:36:22","date_gmt":"2023-07-17T12:36:22","guid":{"rendered":"https:\/\/devaharmony.com\/pl\/?page_id=8169"},"modified":"2023-08-01T08:19:48","modified_gmt":"2023-08-01T07:19:48","slug":"leczenie-podczas-panchakarmy","status":"publish","type":"page","link":"https:\/\/devaharmony.com\/pl\/leczenie-podczas-panchakarmy\/","title":{"rendered":"Leczenie podczas Panchakarmy"},"content":{"rendered":"\n<div style=\"height:100px\" aria-hidden=\"true\" class=\"wp-block-spacer\"><\/div>\n\n\n\n<div class=\"wp-block-media-text alignwide is-stacked-on-mobile\"><figure class=\"wp-block-media-text__media\"><img decoding=\"async\" width=\"443\" height=\"352\" src=\"https:\/\/devaharmony.com\/pl\/wp-content\/uploads\/2022\/09\/migraine.png\" alt=\"\" class=\"wp-image-8173 size-full\" srcset=\"https:\/\/devaharmony.com\/pl\/wp-content\/uploads\/2022\/09\/migraine.png 443w, https:\/\/devaharmony.com\/pl\/wp-content\/uploads\/2022\/09\/migraine-300x238.png 300w\" sizes=\"(max-width: 443px) 100vw, 443px\" \/><\/figure><div class=\"wp-block-media-text__content\">\n<p class=\"has-large-font-size\">Migrena<\/p>\n\n\n\n<p>Migrena pojawia si\u0119, gdy w naszym organizmie przewa\u017caj\u0105 doshe Vata i Pitta.<br>Symptomy migreny nasilaj\u0105 si\u0119 wraz z ekspozycj\u0105 na silne \u015bwiat\u0142o, g\u0142o\u015bne d\u017awi\u0119ki, zapachy, zimne powietrze oraz spo\u017cywanie kawy. W leczeniu ajurwedyjskim migreny,<br>Panchakarma odgrywa bardzo wa\u017cn\u0105 rol\u0119. Stosuje si\u0119 kombinacj\u0119 lek\u00f3w zio\u0142owych oraz preparat zio\u0142owo &#8211; mineralny, kt\u00f3re wzmacniaj\u0105 uk\u0142ad nerwowy.<br>Panchakarma otwiera strotas<br>(kana\u0142y) w umy\u015ble i pomaga w usuwanie mentalamy (toksyn), co powoduje wzmocnienie m\u00f3zgu i nerw\u00f3w tkanki.<\/p>\n<\/div><\/div>\n\n\n\n<div class=\"wp-block-media-text alignwide has-media-on-the-right is-stacked-on-mobile\"><figure class=\"wp-block-media-text__media\"><img decoding=\"async\" width=\"443\" height=\"352\" src=\"https:\/\/devaharmony.com\/pl\/wp-content\/uploads\/2022\/09\/arth.png\" alt=\"\" class=\"wp-image-8174 size-full\" srcset=\"https:\/\/devaharmony.com\/pl\/wp-content\/uploads\/2022\/09\/arth.png 443w, https:\/\/devaharmony.com\/pl\/wp-content\/uploads\/2022\/09\/arth-300x238.png 300w\" sizes=\"(max-width: 443px) 100vw, 443px\" \/><\/figure><div class=\"wp-block-media-text__content\">\n<p class=\"has-large-font-size\">Artretyzm<\/p>\n\n\n\n<p>Ama (niestrawione toksyny) i dosha Vata<br>\u0142\u0105cz\u0105 si\u0119, powoduj\u0105c zapalenie staw\u00f3w. B\u00f3l,<br>obrz\u0119ki, stany zapalne, sztywno\u015b\u0107 w stawach sprawiaj\u0105 trudno\u015bci oraz dyskomfort w trakcie chodzenia oraz w wchodzeniu po schodach.<br>Podczas leczenia  ajurwedyjskiego rozpuszcza si\u0119 ama &#8211; toksyny, kt\u00f3re powoduj\u0105 choroby staw\u00f3w. Dodatkowo stosuje si\u0119 masa\u017c chorych<br>obszar\u00f3w z wykorzystaniem olejk\u00f3w zio\u0142owych na przemian z ciep\u0142ymi ok\u0142adami, kt\u00f3re wzmacniaj\u0105 i nat\u0142uszczaj\u0105 stawy. <\/p>\n<\/div><\/div>\n\n\n\n<div class=\"wp-block-media-text alignwide is-stacked-on-mobile\"><figure class=\"wp-block-media-text__media\"><img decoding=\"async\" width=\"443\" height=\"352\" src=\"https:\/\/devaharmony.com\/pl\/wp-content\/uploads\/2022\/09\/dia.png\" alt=\"\" class=\"wp-image-8175 size-full\" srcset=\"https:\/\/devaharmony.com\/pl\/wp-content\/uploads\/2022\/09\/dia.png 443w, https:\/\/devaharmony.com\/pl\/wp-content\/uploads\/2022\/09\/dia-300x238.png 300w\" sizes=\"(max-width: 443px) 100vw, 443px\" \/><\/figure><div class=\"wp-block-media-text__content\">\n<p class=\"has-large-font-size\">Cukrzyca<\/p>\n\n\n\n<p>Zar\u00f3wno, gdy jest wynikiem czynnik\u00f3w genetycznych lub stylu \u017cycia, w obu przypadkach Ajurweda zapewnia bardzo skuteczne leczenie. Nie tylko pomaga kontrolowa\u0107 poziom cukru we krwi, ale r\u00f3wnie\u017c zapobiega uszkodzeniom narz\u0105d\u00f3w, za kt\u00f3re odpowiedzialny jest wysoki cukier we krwi.<br>W trakcie leczenia ajurwedyjskiego zmniejsza wp\u0142yw stresu na organizm<br>i poprawia metabolizm, co r\u00f3wnie\u017c<br>wspomaga dobre kr\u0105\u017cenie krwi i<br>lepsze wch\u0142anianie insuliny.<\/p>\n<\/div><\/div>\n\n\n\n<div class=\"wp-block-media-text alignwide has-media-on-the-right is-stacked-on-mobile\"><figure class=\"wp-block-media-text__media\"><img decoding=\"async\" width=\"443\" height=\"352\" src=\"https:\/\/devaharmony.com\/pl\/wp-content\/uploads\/2022\/09\/obe.png\" alt=\"\" class=\"wp-image-8178 size-full\" srcset=\"https:\/\/devaharmony.com\/pl\/wp-content\/uploads\/2022\/09\/obe.png 443w, https:\/\/devaharmony.com\/pl\/wp-content\/uploads\/2022\/09\/obe-300x238.png 300w\" sizes=\"(max-width: 443px) 100vw, 443px\" \/><\/figure><div class=\"wp-block-media-text__content\">\n<p class=\"has-large-font-size\">Oty\u0142o\u015b\u0107<\/p>\n\n\n\n<p>Oty\u0142o\u015b\u0107 jest zwykle wynikiem os\u0142abienia<br>uk\u0142adu trawiennego i zmniejszonego metabolizmu. Panchakarma jest bardzo skuteczna w pobudzaniu proces\u00f3w metabolicznych przez popraw\u0119 trawienia. Terapie parowe pomagaj\u0105 w rozpuszczaniu <br>cellulitu i nadmiaru tkanki t\u0142uszczowej. Masa\u017c tonizuje mi\u0119\u015bnie i przywracaj\u0105 r\u00f3wnowag\u0119 cia\u0142a.<\/p>\n<\/div><\/div>\n\n\n\n<div class=\"wp-block-media-text alignwide is-stacked-on-mobile\"><figure class=\"wp-block-media-text__media\"><img decoding=\"async\" width=\"443\" height=\"352\" src=\"https:\/\/devaharmony.com\/pl\/wp-content\/uploads\/2022\/09\/acn.png\" alt=\"\" class=\"wp-image-8179 size-full\" srcset=\"https:\/\/devaharmony.com\/pl\/wp-content\/uploads\/2022\/09\/acn.png 443w, https:\/\/devaharmony.com\/pl\/wp-content\/uploads\/2022\/09\/acn-300x238.png 300w\" sizes=\"(max-width: 443px) 100vw, 443px\" \/><\/figure><div class=\"wp-block-media-text__content\">\n<p class=\"has-large-font-size\">Tr\u0105dzik<\/p>\n\n\n\n<p>Zalegaj\u0105ce w jelitach i krwi toksyny  prowadz\u0105 do powstawania problem\u00f3w ze sk\u00f3r\u0105, takie jak tr\u0105dzik i pryszcze.<br>Panchakarma pobudza uk\u0142ad limfatyczny, kt\u00f3ry oczyszcza cia\u0142o z toksyn.<br>Pomaga r\u00f3wnie\u017c wzmocni\u0107 Agni (ogie\u0144 trawienny), kt\u00f3ry trawi toksyny w jelitach i pomaga w procesie tworzenia nowych tkanek sk\u00f3ry.<br>Panchakarma r\u00f3wnowa\u017cy doshe Pitta, kt\u00f3ra kt\u00f3rej zaburzenie cz\u0119sto jest powodem<br>problem\u00f3w sk\u00f3rnych. Terapie parowe i<br>wcieranie w zi\u00f3\u0142 w proszku otwiera i oczyszcza oraz pomaga w uwalnianiu toksyn z organizmu oraz wspomaga powstawanie nowych tkanek sk\u00f3ry.<\/p>\n<\/div><\/div>\n\n\n\n<div class=\"wp-block-media-text alignwide has-media-on-the-right is-stacked-on-mobile\"><figure class=\"wp-block-media-text__media\"><img decoding=\"async\" width=\"443\" height=\"352\" src=\"https:\/\/devaharmony.com\/pl\/wp-content\/uploads\/2022\/09\/acid.png\" alt=\"\" class=\"wp-image-8180 size-full\" srcset=\"https:\/\/devaharmony.com\/pl\/wp-content\/uploads\/2022\/09\/acid.png 443w, https:\/\/devaharmony.com\/pl\/wp-content\/uploads\/2022\/09\/acid-300x238.png 300w\" sizes=\"(max-width: 443px) 100vw, 443px\" \/><\/figure><div class=\"wp-block-media-text__content\">\n<p class=\"has-large-font-size\">Kwasowo\u015b\u0107<\/p>\n\n\n\n<p>W Ajurwedzie kwasowo\u015b\u0107 znana jest jako Amlapitta, co oznacza nadmiern\u0105<br>obecno\u015b\u0107 Amli (kwas\u00f3w trawiennych) w<br>jelitach powoduj\u0105c uczucie pieczenia,<br>niestrawno\u015b\u0107, brak apetytu i nadkwasot\u0119. Panchakarma pomaga w<br>usuwaniu nadmiaru kwas\u00f3w, r\u00f3wnowa\u017ceniu Pitty i wzmocnieniu trawienia.<br>Terapie pomagaj\u0105 r\u00f3wnie\u017c w przywr\u00f3ceniu r\u00f3wnowagi w tworzeniu sok\u00f3w \u017c\u00f3\u0142ciowych i jelit.<\/p>\n<\/div><\/div>\n\n\n\n<div class=\"wp-block-media-text alignwide is-stacked-on-mobile\"><figure class=\"wp-block-media-text__media\"><img decoding=\"async\" width=\"443\" height=\"352\" src=\"https:\/\/devaharmony.com\/pl\/wp-content\/uploads\/2022\/09\/hyper.png\" alt=\"\" class=\"wp-image-8181 size-full\" srcset=\"https:\/\/devaharmony.com\/pl\/wp-content\/uploads\/2022\/09\/hyper.png 443w, https:\/\/devaharmony.com\/pl\/wp-content\/uploads\/2022\/09\/hyper-300x238.png 300w\" sizes=\"(max-width: 443px) 100vw, 443px\" \/><\/figure><div class=\"wp-block-media-text__content\">\n<p class=\"has-large-font-size\">Nadci\u015bnienie<\/p>\n\n\n\n<p>Nadci\u015bnienie lub wysokie ci\u015bnienie krwi sta\u0142o si\u0119 powszechne w\u015br\u00f3d ludzi wszystkich grup wiekowych. Kiedy ama (toksyny) mieszaj\u0105 si\u0119 z krwi\u0105 zanieczyszczaj\u0105c j\u0105, sprawiaj\u0105c, \u017ce staje si\u0119 ci\u0119\u017cka i lepka. Powstawanie Ama zaczyna do t\u0119tnic zapobiegaj\u0105c prawid\u0142owemu przep\u0142ywowi krwi i podnosi ci\u015bnienie w t\u0119tnicach. Panchakarma pomaga w usuwaniu toksyn z krwi, jak r\u00f3wnie\u017c z t\u0119tnic.<\/p>\n<\/div><\/div>\n\n\n\n<div class=\"wp-block-media-text alignwide has-media-on-the-right is-stacked-on-mobile\"><figure class=\"wp-block-media-text__media\"><img decoding=\"async\" width=\"443\" height=\"352\" src=\"https:\/\/devaharmony.com\/pl\/wp-content\/uploads\/2022\/09\/pil.png\" alt=\"\" class=\"wp-image-8182 size-full\" srcset=\"https:\/\/devaharmony.com\/pl\/wp-content\/uploads\/2022\/09\/pil.png 443w, https:\/\/devaharmony.com\/pl\/wp-content\/uploads\/2022\/09\/pil-300x238.png 300w\" sizes=\"(max-width: 443px) 100vw, 443px\" \/><\/figure><div class=\"wp-block-media-text__content\">\n<p class=\"has-large-font-size\">Hemoroidy<\/p>\n\n\n\n<p>Hemoroidy powstaj\u0105 przez<br>z powodu zaburzenia doshy Vata.<br>Terapie Panchakarma s\u0105 bardzo<br>skuteczne w zmniejszaniu Vaty, wspomaganiu jelit i eliminowaniu toksyn z organizmu.<\/p>\n<\/div><\/div>\n\n\n\n<div class=\"wp-block-media-text alignwide is-stacked-on-mobile\"><figure class=\"wp-block-media-text__media\"><img decoding=\"async\" width=\"443\" height=\"352\" src=\"https:\/\/devaharmony.com\/pl\/wp-content\/uploads\/2022\/09\/pcos.png\" alt=\"\" class=\"wp-image-8183 size-full\" srcset=\"https:\/\/devaharmony.com\/pl\/wp-content\/uploads\/2022\/09\/pcos.png 443w, https:\/\/devaharmony.com\/pl\/wp-content\/uploads\/2022\/09\/pcos-300x238.png 300w\" sizes=\"(max-width: 443px) 100vw, 443px\" \/><\/figure><div class=\"wp-block-media-text__content\">\n<p class=\"has-large-font-size\">PCOS<\/p>\n\n\n\n<p>Cz\u0119sto spotykany zesp\u00f3\u0142 policystycznych jajnik\u00f3w, to schorzenie u kobiet, kt\u00f3re powoduje zaburzenia i nier\u00f3wnowag\u0119 hormonaln\u0105. Basti, Udvartan, Nasya to tylko <br>niekt\u00f3re terapie Panchakarma, kt\u00f3re pomagaj\u0105 przywr\u00f3ci\u0107 r\u00f3wnowag\u0119, jak r\u00f3wnie\u017c przywr\u00f3ci\u0107 normalne funkcje<br>\u017ce\u0144ski uk\u0142adu rozrodczego. Szczeg\u00f3lnie du\u017c\u0105 rol\u0119 odgrywa terapia Nasaya,  kt\u00f3ra dzia\u0142a wzmacniaj\u0105co na przysadk\u0119 m\u00f3zgow\u0105, kt\u00f3ra reguluje wydzielanie hormon\u00f3w.<br><\/p>\n<\/div><\/div>\n\n\n\n<div class=\"wp-block-media-text alignwide has-media-on-the-right is-stacked-on-mobile\"><figure class=\"wp-block-media-text__media\"><img decoding=\"async\" width=\"443\" height=\"352\" src=\"https:\/\/devaharmony.com\/pl\/wp-content\/uploads\/2022\/09\/inso.png\" alt=\"\" class=\"wp-image-8184 size-full\" srcset=\"https:\/\/devaharmony.com\/pl\/wp-content\/uploads\/2022\/09\/inso.png 443w, https:\/\/devaharmony.com\/pl\/wp-content\/uploads\/2022\/09\/inso-300x238.png 300w\" sizes=\"(max-width: 443px) 100vw, 443px\" \/><\/figure><div class=\"wp-block-media-text__content\">\n<p class=\"has-large-font-size\">Bezsenno\u015b\u0107<\/p>\n\n\n\n<p>Bezsenno\u015b\u0107 oraz inne zaburzenia snu<br>pojawiaj\u0105 si\u0119, gdy nadmiar Vaty zaburza<br>zegar biologiczny. Brak r\u00f3wnowagi Vaty <br>powoduje stres, kt\u00f3ry dodatkowo wp\u0142ywa na jako\u015b\u0107 snu. Panchakarma pomaga uspokoi\u0107 umys\u0142 i uk\u0142ad nerwowy oraz zr\u00f3wnowa\u017cy\u0107 doshe Vata. Uspokajaj\u0105ce umys\u0142 zio\u0142a i olejki w naturalny spos\u00f3b pomagaj\u0105 w polepszeniu jako\u015bci oraz d\u0142ugo\u015bci snu.<\/p>\n<\/div><\/div>\n","protected":false},"excerpt":{"rendered":"<p>Migrena Migrena pojawia si\u0119, gdy w naszym organizmie przewa\u017caj\u0105 doshe Vata i Pitta.Symptomy migreny nasilaj\u0105 si\u0119 wraz z ekspozycj\u0105 na silne \u015bwiat\u0142o, g\u0142o\u015bne d\u017awi\u0119ki, zapachy, zimne powietrze oraz spo\u017cywanie kawy. W leczeniu ajurwedyjskim migreny,Panchakarma odgrywa bardzo wa\u017cn\u0105 rol\u0119. Stosuje si\u0119 kombinacj\u0119 lek\u00f3w zio\u0142owych oraz preparat zio\u0142owo &#8211; mineralny, kt\u00f3re wzmacniaj\u0105 uk\u0142ad nerwowy.Panchakarma otwiera strotas(kana\u0142y) w [&hellip;]<\/p>\n","protected":false},"author":59,"featured_media":0,"parent":0,"menu_order":0,"comment_status":"closed","ping_status":"closed","template":"","meta":{"_editorskit_title_hidden":false,"_editorskit_reading_time":0,"_editorskit_is_block_options_detached":false,"_editorskit_block_options_position":"{}","footnotes":""},"class_list":["post-8169","page","type-page","status-publish","hentry"],"acf":[],"yoast_head":"<!-- This site is optimized with the Yoast SEO plugin v23.1 - https:\/\/yoast.com\/wordpress\/plugins\/seo\/ -->\n<title>Leczenie podczas Panchakarmy - Deva Harmony Polska<\/title>\n<meta name=\"robots\" content=\"index, follow, max-snippet:-1, max-image-preview:large, max-video-preview:-1\" \/>\n<link rel=\"canonical\" href=\"https:\/\/devaharmony.com\/pl\/leczenie-podczas-panchakarmy\/\" \/>\n<meta property=\"og:locale\" content=\"pl_PL\" \/>\n<meta property=\"og:type\" content=\"article\" \/>\n<meta property=\"og:title\" content=\"Leczenie podczas Panchakarmy - Deva Harmony Polska\" \/>\n<meta property=\"og:description\" content=\"Migrena Migrena pojawia si\u0119, gdy w naszym organizmie przewa\u017caj\u0105 doshe Vata i Pitta.Symptomy migreny nasilaj\u0105 si\u0119 wraz z ekspozycj\u0105 na silne \u015bwiat\u0142o, g\u0142o\u015bne d\u017awi\u0119ki, zapachy, zimne powietrze oraz spo\u017cywanie kawy. W leczeniu ajurwedyjskim migreny,Panchakarma odgrywa bardzo wa\u017cn\u0105 rol\u0119. Stosuje si\u0119 kombinacj\u0119 lek\u00f3w zio\u0142owych oraz preparat zio\u0142owo &#8211; mineralny, kt\u00f3re wzmacniaj\u0105 uk\u0142ad nerwowy.Panchakarma otwiera strotas(kana\u0142y) w [&hellip;]\" \/>\n<meta property=\"og:url\" content=\"https:\/\/devaharmony.com\/pl\/leczenie-podczas-panchakarmy\/\" \/>\n<meta property=\"og:site_name\" content=\"Deva Harmony Polska\" \/>\n<meta property=\"article:modified_time\" content=\"2023-08-01T07:19:48+00:00\" \/>\n<meta property=\"og:image\" content=\"https:\/\/devaharmony.com\/pl\/wp-content\/uploads\/2022\/09\/migraine.png\" \/>\n<meta name=\"twitter:card\" content=\"summary_large_image\" \/>\n<meta name=\"twitter:label1\" content=\"Szacowany czas czytania\" \/>\n\t<meta name=\"twitter:data1\" content=\"5 minut\" \/>\n<script type=\"application\/ld+json\" class=\"yoast-schema-graph\">{\"@context\":\"https:\/\/schema.org\",\"@graph\":[{\"@type\":\"WebPage\",\"@id\":\"https:\/\/devaharmony.com\/pl\/leczenie-podczas-panchakarmy\/\",\"url\":\"https:\/\/devaharmony.com\/pl\/leczenie-podczas-panchakarmy\/\",\"name\":\"Leczenie podczas Panchakarmy - Deva Harmony Polska\",\"isPartOf\":{\"@id\":\"https:\/\/devaharmony.com\/pl\/#website\"},\"primaryImageOfPage\":{\"@id\":\"https:\/\/devaharmony.com\/pl\/leczenie-podczas-panchakarmy\/#primaryimage\"},\"image\":{\"@id\":\"https:\/\/devaharmony.com\/pl\/leczenie-podczas-panchakarmy\/#primaryimage\"},\"thumbnailUrl\":\"https:\/\/devaharmony.com\/pl\/wp-content\/uploads\/2022\/09\/migraine.png\",\"datePublished\":\"2023-07-17T12:36:22+00:00\",\"dateModified\":\"2023-08-01T07:19:48+00:00\",\"breadcrumb\":{\"@id\":\"https:\/\/devaharmony.com\/pl\/leczenie-podczas-panchakarmy\/#breadcrumb\"},\"inLanguage\":\"pl-PL\",\"potentialAction\":[{\"@type\":\"ReadAction\",\"target\":[\"https:\/\/devaharmony.com\/pl\/leczenie-podczas-panchakarmy\/\"]}]},{\"@type\":\"ImageObject\",\"inLanguage\":\"pl-PL\",\"@id\":\"https:\/\/devaharmony.com\/pl\/leczenie-podczas-panchakarmy\/#primaryimage\",\"url\":\"https:\/\/devaharmony.com\/pl\/wp-content\/uploads\/2022\/09\/migraine.png\",\"contentUrl\":\"https:\/\/devaharmony.com\/pl\/wp-content\/uploads\/2022\/09\/migraine.png\",\"width\":443,\"height\":352},{\"@type\":\"BreadcrumbList\",\"@id\":\"https:\/\/devaharmony.com\/pl\/leczenie-podczas-panchakarmy\/#breadcrumb\",\"itemListElement\":[{\"@type\":\"ListItem\",\"position\":1,\"name\":\"Strona g\u0142\u00f3wna\",\"item\":\"https:\/\/devaharmony.com\/pl\/\"},{\"@type\":\"ListItem\",\"position\":2,\"name\":\"Leczenie podczas Panchakarmy\"}]},{\"@type\":\"WebSite\",\"@id\":\"https:\/\/devaharmony.com\/pl\/#website\",\"url\":\"https:\/\/devaharmony.com\/pl\/\",\"name\":\"Deva Harmony Polska\",\"description\":\"Ajurwedyjskie Suplementy Diety\",\"potentialAction\":[{\"@type\":\"SearchAction\",\"target\":{\"@type\":\"EntryPoint\",\"urlTemplate\":\"https:\/\/devaharmony.com\/pl\/?s={search_term_string}\"},\"query-input\":\"required name=search_term_string\"}],\"inLanguage\":\"pl-PL\"}]}<\/script>\n<!-- \/ Yoast SEO plugin. -->","yoast_head_json":{"title":"Leczenie podczas Panchakarmy - Deva Harmony Polska","robots":{"index":"index","follow":"follow","max-snippet":"max-snippet:-1","max-image-preview":"max-image-preview:large","max-video-preview":"max-video-preview:-1"},"canonical":"https:\/\/devaharmony.com\/pl\/leczenie-podczas-panchakarmy\/","og_locale":"pl_PL","og_type":"article","og_title":"Leczenie podczas Panchakarmy - Deva Harmony Polska","og_description":"Migrena Migrena pojawia si\u0119, gdy w naszym organizmie przewa\u017caj\u0105 doshe Vata i Pitta.Symptomy migreny nasilaj\u0105 si\u0119 wraz z ekspozycj\u0105 na silne \u015bwiat\u0142o, g\u0142o\u015bne d\u017awi\u0119ki, zapachy, zimne powietrze oraz spo\u017cywanie kawy. W leczeniu ajurwedyjskim migreny,Panchakarma odgrywa bardzo wa\u017cn\u0105 rol\u0119. Stosuje si\u0119 kombinacj\u0119 lek\u00f3w zio\u0142owych oraz preparat zio\u0142owo &#8211; mineralny, kt\u00f3re wzmacniaj\u0105 uk\u0142ad nerwowy.Panchakarma otwiera strotas(kana\u0142y) w [&hellip;]","og_url":"https:\/\/devaharmony.com\/pl\/leczenie-podczas-panchakarmy\/","og_site_name":"Deva Harmony Polska","article_modified_time":"2023-08-01T07:19:48+00:00","og_image":[{"url":"https:\/\/devaharmony.com\/pl\/wp-content\/uploads\/2022\/09\/migraine.png"}],"twitter_card":"summary_large_image","twitter_misc":{"Szacowany czas czytania":"5 minut"},"schema":{"@context":"https:\/\/schema.org","@graph":[{"@type":"WebPage","@id":"https:\/\/devaharmony.com\/pl\/leczenie-podczas-panchakarmy\/","url":"https:\/\/devaharmony.com\/pl\/leczenie-podczas-panchakarmy\/","name":"Leczenie podczas Panchakarmy - Deva Harmony Polska","isPartOf":{"@id":"https:\/\/devaharmony.com\/pl\/#website"},"primaryImageOfPage":{"@id":"https:\/\/devaharmony.com\/pl\/leczenie-podczas-panchakarmy\/#primaryimage"},"image":{"@id":"https:\/\/devaharmony.com\/pl\/leczenie-podczas-panchakarmy\/#primaryimage"},"thumbnailUrl":"https:\/\/devaharmony.com\/pl\/wp-content\/uploads\/2022\/09\/migraine.png","datePublished":"2023-07-17T12:36:22+00:00","dateModified":"2023-08-01T07:19:48+00:00","breadcrumb":{"@id":"https:\/\/devaharmony.com\/pl\/leczenie-podczas-panchakarmy\/#breadcrumb"},"inLanguage":"pl-PL","potentialAction":[{"@type":"ReadAction","target":["https:\/\/devaharmony.com\/pl\/leczenie-podczas-panchakarmy\/"]}]},{"@type":"ImageObject","inLanguage":"pl-PL","@id":"https:\/\/devaharmony.com\/pl\/leczenie-podczas-panchakarmy\/#primaryimage","url":"https:\/\/devaharmony.com\/pl\/wp-content\/uploads\/2022\/09\/migraine.png","contentUrl":"https:\/\/devaharmony.com\/pl\/wp-content\/uploads\/2022\/09\/migraine.png","width":443,"height":352},{"@type":"BreadcrumbList","@id":"https:\/\/devaharmony.com\/pl\/leczenie-podczas-panchakarmy\/#breadcrumb","itemListElement":[{"@type":"ListItem","position":1,"name":"Strona g\u0142\u00f3wna","item":"https:\/\/devaharmony.com\/pl\/"},{"@type":"ListItem","position":2,"name":"Leczenie podczas Panchakarmy"}]},{"@type":"WebSite","@id":"https:\/\/devaharmony.com\/pl\/#website","url":"https:\/\/devaharmony.com\/pl\/","name":"Deva Harmony Polska","description":"Ajurwedyjskie Suplementy Diety","potentialAction":[{"@type":"SearchAction","target":{"@type":"EntryPoint","urlTemplate":"https:\/\/devaharmony.com\/pl\/?s={search_term_string}"},"query-input":"required name=search_term_string"}],"inLanguage":"pl-PL"}]}},"_links":{"self":[{"href":"https:\/\/devaharmony.com\/pl\/wp-json\/wp\/v2\/pages\/8169","targetHints":{"allow":["GET"]}}],"collection":[{"href":"https:\/\/devaharmony.com\/pl\/wp-json\/wp\/v2\/pages"}],"about":[{"href":"https:\/\/devaharmony.com\/pl\/wp-json\/wp\/v2\/types\/page"}],"author":[{"embeddable":true,"href":"https:\/\/devaharmony.com\/pl\/wp-json\/wp\/v2\/users\/59"}],"replies":[{"embeddable":true,"href":"https:\/\/devaharmony.com\/pl\/wp-json\/wp\/v2\/comments?post=8169"}],"version-history":[{"count":16,"href":"https:\/\/devaharmony.com\/pl\/wp-json\/wp\/v2\/pages\/8169\/revisions"}],"predecessor-version":[{"id":20986,"href":"https:\/\/devaharmony.com\/pl\/wp-json\/wp\/v2\/pages\/8169\/revisions\/20986"}],"wp:attachment":[{"href":"https:\/\/devaharmony.com\/pl\/wp-json\/wp\/v2\/media?parent=8169"}],"curies":[{"name":"wp","href":"https:\/\/api.w.org\/{rel}","templated":true}]}}