{"id":8135,"date":"2023-07-17T12:59:19","date_gmt":"2023-07-17T11:59:19","guid":{"rendered":"https:\/\/devaharmony.com\/pl\/?page_id=8135"},"modified":"2024-10-14T10:16:28","modified_gmt":"2024-10-14T09:16:28","slug":"podstawowe-zasady-panchakarmy","status":"publish","type":"page","link":"https:\/\/devaharmony.com\/pl\/podstawowe-zasady-panchakarmy\/","title":{"rendered":"Podstawowe zasady Panchakarmy"},"content":{"rendered":"\n<p class=\"has-medium-font-size\"><\/p>\n\n\n\n<div class=\"wp-block-media-text alignwide has-media-on-the-right is-stacked-on-mobile\"><div class=\"wp-block-media-text__content\">\n<p class=\"has-medium-font-size\">Proces Panchakarmy w wi\u0119kszo\u015bci przypadk\u00f3w zaczyna si\u0119 od dw\u00f3ch zestaw\u00f3w terapii: Olejowania i Fomentacji.<\/p>\n<\/div><figure class=\"wp-block-media-text__media\"><img decoding=\"async\" width=\"869\" height=\"581\" src=\"https:\/\/devaharmony.com\/pl\/wp-content\/uploads\/2022\/09\/obraz-3.png\" alt=\"\" class=\"wp-image-8153 size-full\" srcset=\"https:\/\/devaharmony.com\/pl\/wp-content\/uploads\/2022\/09\/obraz-3.png 869w, https:\/\/devaharmony.com\/pl\/wp-content\/uploads\/2022\/09\/obraz-3-300x201.png 300w, https:\/\/devaharmony.com\/pl\/wp-content\/uploads\/2022\/09\/obraz-3-600x401.png 600w, https:\/\/devaharmony.com\/pl\/wp-content\/uploads\/2022\/09\/obraz-3-768x513.png 768w\" sizes=\"(max-width: 869px) 100vw, 869px\" \/><\/figure><\/div>\n\n\n\n<div style=\"height:100px\" aria-hidden=\"true\" class=\"wp-block-spacer\"><\/div>\n\n\n\n<div class=\"wp-block-media-text alignwide is-stacked-on-mobile\"><figure class=\"wp-block-media-text__media\"><img decoding=\"async\" width=\"1024\" height=\"683\" src=\"https:\/\/devaharmony.com\/pl\/wp-content\/uploads\/2022\/09\/shutterstock_3672851061-1024x683.jpg\" alt=\"\" class=\"wp-image-8147 size-full\" srcset=\"https:\/\/devaharmony.com\/pl\/wp-content\/uploads\/2022\/09\/shutterstock_3672851061-1024x683.jpg 1024w, https:\/\/devaharmony.com\/pl\/wp-content\/uploads\/2022\/09\/shutterstock_3672851061-300x200.jpg 300w, https:\/\/devaharmony.com\/pl\/wp-content\/uploads\/2022\/09\/shutterstock_3672851061-600x400.jpg 600w, https:\/\/devaharmony.com\/pl\/wp-content\/uploads\/2022\/09\/shutterstock_3672851061-768x513.jpg 768w, https:\/\/devaharmony.com\/pl\/wp-content\/uploads\/2022\/09\/shutterstock_3672851061-1536x1025.jpg 1536w, https:\/\/devaharmony.com\/pl\/wp-content\/uploads\/2022\/09\/shutterstock_3672851061-2048x1367.jpg 2048w\" sizes=\"(max-width: 1024px) 100vw, 1024px\" \/><\/figure><div class=\"wp-block-media-text__content\">\n<p class=\"has-large-font-size\"><strong>Olejowanie<\/strong><\/p>\n\n\n\n<p>Olejowanie obejmuje nak\u0142adanie oleju lub oleistej substancji na cia\u0142o. Ajurweda oferuje r\u00f3\u017cnorodne oleje przygotowywane zi\u00f3\u0142  i minera\u0142\u00f3w g\u0142\u00f3wnie do u\u017cytku zewn\u0119trznego. Substancja t\u0142uszczowa dzia\u0142a jako skuteczne medium, dzi\u0119ki czemu udaje si\u0119 dotrze\u0107 do g\u0142\u0119bszych tkanek, pomaga w przenoszeniu sk\u0142adnik\u00f3w leczniczych do ka\u017cdej kom\u00f3rki cia\u0142a i uwalnia toksyny zablokowane w kom\u00f3rkach.<\/p>\n<\/div><\/div>\n\n\n\n<div class=\"wp-block-media-text alignwide has-media-on-the-right is-stacked-on-mobile\"><div class=\"wp-block-media-text__content\">\n<p class=\"has-large-font-size\"><strong>Fomentacja<\/strong><\/p>\n\n\n\n<p>Terapie, kt\u00f3re generuj\u0105 pot nazywane s\u0105 terapiami fomentacyjnymi, kt\u00f3re w wi\u0119kszo\u015bci przypadk\u00f3w stosowane s\u0105 po terapii olejami. Tkanki zmi\u0119kczone przez terapie oleacyjne staj\u0105 si\u0119 bardziej elastyczne dzi\u0119ki p\u00f3\u017aniejszej fomentacji. G\u0142\u0119boko zakorzenione toksyny<br>rozlu\u017anione przez oleacj\u0119 up\u0142ynniaj\u0105 si\u0119 dzi\u0119ki fomentacji, co pomaga wyp\u0142uka\u0107 je z organizmu.<\/p>\n<\/div><figure class=\"wp-block-media-text__media\"><img decoding=\"async\" width=\"1000\" height=\"586\" src=\"https:\/\/devaharmony.com\/pl\/wp-content\/uploads\/2022\/09\/MG_5317-Copy.jpg\" alt=\"\" class=\"wp-image-8149 size-full\" srcset=\"https:\/\/devaharmony.com\/pl\/wp-content\/uploads\/2022\/09\/MG_5317-Copy.jpg 1000w, https:\/\/devaharmony.com\/pl\/wp-content\/uploads\/2022\/09\/MG_5317-Copy-300x176.jpg 300w, https:\/\/devaharmony.com\/pl\/wp-content\/uploads\/2022\/09\/MG_5317-Copy-600x352.jpg 600w, https:\/\/devaharmony.com\/pl\/wp-content\/uploads\/2022\/09\/MG_5317-Copy-768x450.jpg 768w\" sizes=\"(max-width: 1000px) 100vw, 1000px\" \/><\/figure><\/div>\n\n\n\n<div style=\"height:100px\" aria-hidden=\"true\" class=\"wp-block-spacer\"><\/div>\n\n\n\n<p class=\"has-black-color has-text-color has-large-font-size\"><strong>Zastosowanie dw\u00f3ch zasad<\/strong><\/p>\n\n\n\n<p>Zasady oleacji i fomentacji s\u0105 stosowane w niekt\u00f3rych terapiach. Niekt\u00f3re z tych terapii ajurwedyjskich to:<\/p>\n\n\n\n<div class=\"wp-block-media-text alignwide is-stacked-on-mobile\"><figure class=\"wp-block-media-text__media\"><img decoding=\"async\" width=\"1024\" height=\"768\" src=\"https:\/\/devaharmony.com\/pl\/wp-content\/uploads\/2022\/09\/Abhyanga1-1024x768.jpg\" alt=\"\" class=\"wp-image-8141 size-full\" srcset=\"https:\/\/devaharmony.com\/pl\/wp-content\/uploads\/2022\/09\/Abhyanga1-1024x768.jpg 1024w, https:\/\/devaharmony.com\/pl\/wp-content\/uploads\/2022\/09\/Abhyanga1-300x225.jpg 300w, https:\/\/devaharmony.com\/pl\/wp-content\/uploads\/2022\/09\/Abhyanga1-600x450.jpg 600w, https:\/\/devaharmony.com\/pl\/wp-content\/uploads\/2022\/09\/Abhyanga1-768x576.jpg 768w, https:\/\/devaharmony.com\/pl\/wp-content\/uploads\/2022\/09\/Abhyanga1-1536x1152.jpg 1536w, https:\/\/devaharmony.com\/pl\/wp-content\/uploads\/2022\/09\/Abhyanga1.jpg 1805w\" sizes=\"(max-width: 1024px) 100vw, 1024px\" \/><\/figure><div class=\"wp-block-media-text__content\">\n<p><strong>Abhyanga <\/strong><\/p>\n\n\n\n<p>Jest to rodzaj masa\u017cu cia\u0142a wykonany przy pomocy odpowiedniego olejku zio\u0142owego lub leczniczego. Mo\u017cna go wykonywa\u0107 na ca\u0142e cia\u0142o lub okre\u015blon\u0105  jego cz\u0119\u015b\u0107, np. g\u0142owa, stopy lub stawy itp. Jego g\u0142\u00f3wny celem jest smarowanie danej cz\u0119\u015bci cia\u0142a, aby uspokoi\u0107 doshe Vata.<\/p>\n<\/div><\/div>\n\n\n\n<div class=\"wp-block-media-text alignwide has-media-on-the-right is-stacked-on-mobile\"><div class=\"wp-block-media-text__content\">\n<p><strong>Shirodhara<\/strong><\/p>\n\n\n\n<p>Jest to specjalna terapia maj\u0105ca na celu z\u0142agodzenie dolegliwo\u015bci zwi\u0105zanych z obszarem g\u0142owy. W tej terapii strumie\u0144 ciep\u0142ego oleju jest wylewany na \u015brodek<br>czo\u0142a przez naczynie z jednakow\u0105 pr\u0119dko\u015bci\u0105. Temperatura i pr\u0119dko\u015b\u0107 strumienia oleju s\u0105 utrzymywane na sta\u0142ym poziomie podczas terapii, kt\u00f3ra trwa przez 30 do 60 minut.<\/p>\n<\/div><figure class=\"wp-block-media-text__media\"><img decoding=\"async\" width=\"1024\" height=\"683\" src=\"https:\/\/devaharmony.com\/pl\/wp-content\/uploads\/2022\/09\/Shirodhara1-1024x683.jpeg\" alt=\"\" class=\"wp-image-8142 size-full\" srcset=\"https:\/\/devaharmony.com\/pl\/wp-content\/uploads\/2022\/09\/Shirodhara1-1024x683.jpeg 1024w, https:\/\/devaharmony.com\/pl\/wp-content\/uploads\/2022\/09\/Shirodhara1-300x200.jpeg 300w, https:\/\/devaharmony.com\/pl\/wp-content\/uploads\/2022\/09\/Shirodhara1-600x400.jpeg 600w, https:\/\/devaharmony.com\/pl\/wp-content\/uploads\/2022\/09\/Shirodhara1-768x512.jpeg 768w, https:\/\/devaharmony.com\/pl\/wp-content\/uploads\/2022\/09\/Shirodhara1-1536x1024.jpeg 1536w, https:\/\/devaharmony.com\/pl\/wp-content\/uploads\/2022\/09\/Shirodhara1-2048x1365.jpeg 2048w\" sizes=\"(max-width: 1024px) 100vw, 1024px\" \/><\/figure><\/div>\n\n\n\n<div class=\"wp-block-media-text alignwide is-stacked-on-mobile\"><figure class=\"wp-block-media-text__media\"><img decoding=\"async\" width=\"1024\" height=\"768\" src=\"https:\/\/devaharmony.com\/pl\/wp-content\/uploads\/2022\/09\/Pizhichil1-1024x768.jpeg\" alt=\"\" class=\"wp-image-8144 size-full\" srcset=\"https:\/\/devaharmony.com\/pl\/wp-content\/uploads\/2022\/09\/Pizhichil1-1024x768.jpeg 1024w, https:\/\/devaharmony.com\/pl\/wp-content\/uploads\/2022\/09\/Pizhichil1-300x225.jpeg 300w, https:\/\/devaharmony.com\/pl\/wp-content\/uploads\/2022\/09\/Pizhichil1-600x450.jpeg 600w, https:\/\/devaharmony.com\/pl\/wp-content\/uploads\/2022\/09\/Pizhichil1-768x576.jpeg 768w, https:\/\/devaharmony.com\/pl\/wp-content\/uploads\/2022\/09\/Pizhichil1-1536x1152.jpeg 1536w, https:\/\/devaharmony.com\/pl\/wp-content\/uploads\/2022\/09\/Pizhichil1-2048x1536.jpeg 2048w\" sizes=\"(max-width: 1024px) 100vw, 1024px\" \/><\/figure><div class=\"wp-block-media-text__content\">\n<p><strong>Pizhichil<\/strong><\/p>\n\n\n\n<p>Pizhichil jest doskona\u0142\u0105 terapi\u0105 w \u0142agodzeniu problem\u00f3w ze stawami, mi\u0119\u015bniami i problem\u00f3w neurologicznych. Podczas terapii Pizhichil ca\u0142e cia\u0142o jest poddawane strumieniom letnim olejem leczniczym z jednoczesnym masa\u017cem mi\u0119kkim z rytmicznymi ruchami d\u0142oni. Terapia pomaga z\u0142agodzi\u0107 b\u00f3l, od\u017cywi\u0107 nerwy, mi\u0119\u015bnie, zmniejszy\u0107 stres, uspokaja umys\u0142 i relaksuje.<\/p>\n\n\n\n<p><br><\/p>\n<\/div><\/div>\n\n\n\n<div class=\"wp-block-media-text alignwide has-media-on-the-right is-stacked-on-mobile\"><div class=\"wp-block-media-text__content\">\n<p><\/p>\n\n\n\n<p class=\"has-large-font-size\"><strong>Masa\u017c Potali <\/strong><\/p>\n\n\n\n<p>Masa\u017c ten wykonywany jest za pomoc\u0105 specjalnych work\u00f3w, kt\u00f3re zawieraj\u0105 zio\u0142a  lecznicze lub inne substancje od\u017cywcze. Woreczki s\u0105 podgrzewane w ciep\u0142ym oleju przez kilka minut, a nast\u0119pnie s\u0105 u\u017cywane do masowania cia\u0142a. Jest to \u015bwietny masa\u017c \u0142agodz\u0105cy b\u00f3l i stres oraz od\u017cywia i<br>odm\u0142adza cia\u0142o.<\/p>\n<\/div><figure class=\"wp-block-media-text__media\"><img decoding=\"async\" width=\"1024\" height=\"768\" src=\"https:\/\/devaharmony.com\/pl\/wp-content\/uploads\/2022\/09\/rsz_potali_massage-1024x768.jpeg\" alt=\"\" class=\"wp-image-8145 size-full\" srcset=\"https:\/\/devaharmony.com\/pl\/wp-content\/uploads\/2022\/09\/rsz_potali_massage-1024x768.jpeg 1024w, https:\/\/devaharmony.com\/pl\/wp-content\/uploads\/2022\/09\/rsz_potali_massage-300x225.jpeg 300w, https:\/\/devaharmony.com\/pl\/wp-content\/uploads\/2022\/09\/rsz_potali_massage-600x450.jpeg 600w, https:\/\/devaharmony.com\/pl\/wp-content\/uploads\/2022\/09\/rsz_potali_massage-768x576.jpeg 768w, https:\/\/devaharmony.com\/pl\/wp-content\/uploads\/2022\/09\/rsz_potali_massage-1536x1152.jpeg 1536w, https:\/\/devaharmony.com\/pl\/wp-content\/uploads\/2022\/09\/rsz_potali_massage.jpeg 1624w\" sizes=\"(max-width: 1024px) 100vw, 1024px\" \/><\/figure><\/div>\n\n\n\n<div style=\"height:100px\" aria-hidden=\"true\" class=\"wp-block-spacer\"><\/div>\n\n\n\n<p class=\"has-black-color has-text-color has-large-font-size\"><strong>Kiedy Panchakarma jest niewskazana<\/strong><\/p>\n\n\n\n<p>Nale\u017cy unika\u0107 terapii Panchakarma podczas gor\u0105czki, uraz\u00f3w i ci\u0105\u017cy. Na terapi\u0119 Panchakarma nale\u017cy zawsze umawia\u0107 si\u0119 po konsultacji z wyszkolonym i wykwalifikowanym lekarzem ajurwedy, kt\u00f3ry zaprojektuje terapi\u0119 w zale\u017cno\u015bci od stanu Twojego zdrowia.<\/p>\n\n\n\n<p><\/p>\n","protected":false},"excerpt":{"rendered":"<p>Proces Panchakarmy w wi\u0119kszo\u015bci przypadk\u00f3w zaczyna si\u0119 od dw\u00f3ch zestaw\u00f3w terapii: Olejowania i Fomentacji. Olejowanie Olejowanie obejmuje nak\u0142adanie oleju lub oleistej substancji na cia\u0142o. Ajurweda oferuje r\u00f3\u017cnorodne oleje przygotowywane zi\u00f3\u0142 i minera\u0142\u00f3w g\u0142\u00f3wnie do u\u017cytku zewn\u0119trznego. Substancja t\u0142uszczowa dzia\u0142a jako skuteczne medium, dzi\u0119ki czemu udaje si\u0119 dotrze\u0107 do g\u0142\u0119bszych tkanek, pomaga w przenoszeniu sk\u0142adnik\u00f3w leczniczych [&hellip;]<\/p>\n","protected":false},"author":59,"featured_media":0,"parent":0,"menu_order":0,"comment_status":"closed","ping_status":"closed","template":"","meta":{"_editorskit_title_hidden":false,"_editorskit_reading_time":0,"_editorskit_is_block_options_detached":false,"_editorskit_block_options_position":"{}","footnotes":""},"class_list":["post-8135","page","type-page","status-publish","hentry"],"acf":[],"yoast_head":"<!-- This site is optimized with the Yoast SEO plugin v23.1 - https:\/\/yoast.com\/wordpress\/plugins\/seo\/ -->\n<title>Podstawowe zasady Panchakarmy - Deva Harmony Polska<\/title>\n<meta name=\"robots\" content=\"index, follow, max-snippet:-1, max-image-preview:large, max-video-preview:-1\" \/>\n<link rel=\"canonical\" href=\"https:\/\/devaharmony.com\/pl\/podstawowe-zasady-panchakarmy\/\" \/>\n<meta property=\"og:locale\" content=\"pl_PL\" \/>\n<meta property=\"og:type\" content=\"article\" \/>\n<meta property=\"og:title\" content=\"Podstawowe zasady Panchakarmy - Deva Harmony Polska\" \/>\n<meta property=\"og:description\" content=\"Proces Panchakarmy w wi\u0119kszo\u015bci przypadk\u00f3w zaczyna si\u0119 od dw\u00f3ch zestaw\u00f3w terapii: Olejowania i Fomentacji. Olejowanie Olejowanie obejmuje nak\u0142adanie oleju lub oleistej substancji na cia\u0142o. Ajurweda oferuje r\u00f3\u017cnorodne oleje przygotowywane zi\u00f3\u0142 i minera\u0142\u00f3w g\u0142\u00f3wnie do u\u017cytku zewn\u0119trznego. Substancja t\u0142uszczowa dzia\u0142a jako skuteczne medium, dzi\u0119ki czemu udaje si\u0119 dotrze\u0107 do g\u0142\u0119bszych tkanek, pomaga w przenoszeniu sk\u0142adnik\u00f3w leczniczych [&hellip;]\" \/>\n<meta property=\"og:url\" content=\"https:\/\/devaharmony.com\/pl\/podstawowe-zasady-panchakarmy\/\" \/>\n<meta property=\"og:site_name\" content=\"Deva Harmony Polska\" \/>\n<meta property=\"article:modified_time\" content=\"2024-10-14T09:16:28+00:00\" \/>\n<meta property=\"og:image\" content=\"https:\/\/devaharmony.com\/pl\/wp-content\/uploads\/2022\/09\/obraz-3.png\" \/>\n<meta name=\"twitter:card\" content=\"summary_large_image\" \/>\n<meta name=\"twitter:label1\" content=\"Szacowany czas czytania\" \/>\n\t<meta name=\"twitter:data1\" content=\"4 minuty\" \/>\n<script type=\"application\/ld+json\" class=\"yoast-schema-graph\">{\"@context\":\"https:\/\/schema.org\",\"@graph\":[{\"@type\":\"WebPage\",\"@id\":\"https:\/\/devaharmony.com\/pl\/podstawowe-zasady-panchakarmy\/\",\"url\":\"https:\/\/devaharmony.com\/pl\/podstawowe-zasady-panchakarmy\/\",\"name\":\"Podstawowe zasady Panchakarmy - Deva Harmony Polska\",\"isPartOf\":{\"@id\":\"https:\/\/devaharmony.com\/pl\/#website\"},\"primaryImageOfPage\":{\"@id\":\"https:\/\/devaharmony.com\/pl\/podstawowe-zasady-panchakarmy\/#primaryimage\"},\"image\":{\"@id\":\"https:\/\/devaharmony.com\/pl\/podstawowe-zasady-panchakarmy\/#primaryimage\"},\"thumbnailUrl\":\"https:\/\/devaharmony.com\/pl\/wp-content\/uploads\/2022\/09\/obraz-3.png\",\"datePublished\":\"2023-07-17T11:59:19+00:00\",\"dateModified\":\"2024-10-14T09:16:28+00:00\",\"breadcrumb\":{\"@id\":\"https:\/\/devaharmony.com\/pl\/podstawowe-zasady-panchakarmy\/#breadcrumb\"},\"inLanguage\":\"pl-PL\",\"potentialAction\":[{\"@type\":\"ReadAction\",\"target\":[\"https:\/\/devaharmony.com\/pl\/podstawowe-zasady-panchakarmy\/\"]}]},{\"@type\":\"ImageObject\",\"inLanguage\":\"pl-PL\",\"@id\":\"https:\/\/devaharmony.com\/pl\/podstawowe-zasady-panchakarmy\/#primaryimage\",\"url\":\"https:\/\/devaharmony.com\/pl\/wp-content\/uploads\/2022\/09\/obraz-3.png\",\"contentUrl\":\"https:\/\/devaharmony.com\/pl\/wp-content\/uploads\/2022\/09\/obraz-3.png\",\"width\":869,\"height\":581},{\"@type\":\"BreadcrumbList\",\"@id\":\"https:\/\/devaharmony.com\/pl\/podstawowe-zasady-panchakarmy\/#breadcrumb\",\"itemListElement\":[{\"@type\":\"ListItem\",\"position\":1,\"name\":\"Strona g\u0142\u00f3wna\",\"item\":\"https:\/\/devaharmony.com\/pl\/\"},{\"@type\":\"ListItem\",\"position\":2,\"name\":\"Podstawowe zasady Panchakarmy\"}]},{\"@type\":\"WebSite\",\"@id\":\"https:\/\/devaharmony.com\/pl\/#website\",\"url\":\"https:\/\/devaharmony.com\/pl\/\",\"name\":\"Deva Harmony Polska\",\"description\":\"Ajurwedyjskie Suplementy Diety\",\"potentialAction\":[{\"@type\":\"SearchAction\",\"target\":{\"@type\":\"EntryPoint\",\"urlTemplate\":\"https:\/\/devaharmony.com\/pl\/?s={search_term_string}\"},\"query-input\":\"required name=search_term_string\"}],\"inLanguage\":\"pl-PL\"}]}<\/script>\n<!-- \/ Yoast SEO plugin. -->","yoast_head_json":{"title":"Podstawowe zasady Panchakarmy - Deva Harmony Polska","robots":{"index":"index","follow":"follow","max-snippet":"max-snippet:-1","max-image-preview":"max-image-preview:large","max-video-preview":"max-video-preview:-1"},"canonical":"https:\/\/devaharmony.com\/pl\/podstawowe-zasady-panchakarmy\/","og_locale":"pl_PL","og_type":"article","og_title":"Podstawowe zasady Panchakarmy - Deva Harmony Polska","og_description":"Proces Panchakarmy w wi\u0119kszo\u015bci przypadk\u00f3w zaczyna si\u0119 od dw\u00f3ch zestaw\u00f3w terapii: Olejowania i Fomentacji. Olejowanie Olejowanie obejmuje nak\u0142adanie oleju lub oleistej substancji na cia\u0142o. Ajurweda oferuje r\u00f3\u017cnorodne oleje przygotowywane zi\u00f3\u0142 i minera\u0142\u00f3w g\u0142\u00f3wnie do u\u017cytku zewn\u0119trznego. Substancja t\u0142uszczowa dzia\u0142a jako skuteczne medium, dzi\u0119ki czemu udaje si\u0119 dotrze\u0107 do g\u0142\u0119bszych tkanek, pomaga w przenoszeniu sk\u0142adnik\u00f3w leczniczych [&hellip;]","og_url":"https:\/\/devaharmony.com\/pl\/podstawowe-zasady-panchakarmy\/","og_site_name":"Deva Harmony Polska","article_modified_time":"2024-10-14T09:16:28+00:00","og_image":[{"url":"https:\/\/devaharmony.com\/pl\/wp-content\/uploads\/2022\/09\/obraz-3.png"}],"twitter_card":"summary_large_image","twitter_misc":{"Szacowany czas czytania":"4 minuty"},"schema":{"@context":"https:\/\/schema.org","@graph":[{"@type":"WebPage","@id":"https:\/\/devaharmony.com\/pl\/podstawowe-zasady-panchakarmy\/","url":"https:\/\/devaharmony.com\/pl\/podstawowe-zasady-panchakarmy\/","name":"Podstawowe zasady Panchakarmy - Deva Harmony Polska","isPartOf":{"@id":"https:\/\/devaharmony.com\/pl\/#website"},"primaryImageOfPage":{"@id":"https:\/\/devaharmony.com\/pl\/podstawowe-zasady-panchakarmy\/#primaryimage"},"image":{"@id":"https:\/\/devaharmony.com\/pl\/podstawowe-zasady-panchakarmy\/#primaryimage"},"thumbnailUrl":"https:\/\/devaharmony.com\/pl\/wp-content\/uploads\/2022\/09\/obraz-3.png","datePublished":"2023-07-17T11:59:19+00:00","dateModified":"2024-10-14T09:16:28+00:00","breadcrumb":{"@id":"https:\/\/devaharmony.com\/pl\/podstawowe-zasady-panchakarmy\/#breadcrumb"},"inLanguage":"pl-PL","potentialAction":[{"@type":"ReadAction","target":["https:\/\/devaharmony.com\/pl\/podstawowe-zasady-panchakarmy\/"]}]},{"@type":"ImageObject","inLanguage":"pl-PL","@id":"https:\/\/devaharmony.com\/pl\/podstawowe-zasady-panchakarmy\/#primaryimage","url":"https:\/\/devaharmony.com\/pl\/wp-content\/uploads\/2022\/09\/obraz-3.png","contentUrl":"https:\/\/devaharmony.com\/pl\/wp-content\/uploads\/2022\/09\/obraz-3.png","width":869,"height":581},{"@type":"BreadcrumbList","@id":"https:\/\/devaharmony.com\/pl\/podstawowe-zasady-panchakarmy\/#breadcrumb","itemListElement":[{"@type":"ListItem","position":1,"name":"Strona g\u0142\u00f3wna","item":"https:\/\/devaharmony.com\/pl\/"},{"@type":"ListItem","position":2,"name":"Podstawowe zasady Panchakarmy"}]},{"@type":"WebSite","@id":"https:\/\/devaharmony.com\/pl\/#website","url":"https:\/\/devaharmony.com\/pl\/","name":"Deva Harmony Polska","description":"Ajurwedyjskie Suplementy Diety","potentialAction":[{"@type":"SearchAction","target":{"@type":"EntryPoint","urlTemplate":"https:\/\/devaharmony.com\/pl\/?s={search_term_string}"},"query-input":"required name=search_term_string"}],"inLanguage":"pl-PL"}]}},"_links":{"self":[{"href":"https:\/\/devaharmony.com\/pl\/wp-json\/wp\/v2\/pages\/8135","targetHints":{"allow":["GET"]}}],"collection":[{"href":"https:\/\/devaharmony.com\/pl\/wp-json\/wp\/v2\/pages"}],"about":[{"href":"https:\/\/devaharmony.com\/pl\/wp-json\/wp\/v2\/types\/page"}],"author":[{"embeddable":true,"href":"https:\/\/devaharmony.com\/pl\/wp-json\/wp\/v2\/users\/59"}],"replies":[{"embeddable":true,"href":"https:\/\/devaharmony.com\/pl\/wp-json\/wp\/v2\/comments?post=8135"}],"version-history":[{"count":33,"href":"https:\/\/devaharmony.com\/pl\/wp-json\/wp\/v2\/pages\/8135\/revisions"}],"predecessor-version":[{"id":39812,"href":"https:\/\/devaharmony.com\/pl\/wp-json\/wp\/v2\/pages\/8135\/revisions\/39812"}],"wp:attachment":[{"href":"https:\/\/devaharmony.com\/pl\/wp-json\/wp\/v2\/media?parent=8135"}],"curies":[{"name":"wp","href":"https:\/\/api.w.org\/{rel}","templated":true}]}}