{"id":8129,"date":"2023-07-17T12:25:58","date_gmt":"2023-07-17T11:25:58","guid":{"rendered":"https:\/\/devaharmony.com\/pl\/?page_id=8129"},"modified":"2023-07-17T14:06:05","modified_gmt":"2023-07-17T13:06:05","slug":"piec-terapii-pancha-karma","status":"publish","type":"page","link":"https:\/\/devaharmony.com\/pl\/piec-terapii-pancha-karma\/","title":{"rendered":"Pi\u0119\u0107 terapii \u201ePancha\u201d \u201eKarma\u201d"},"content":{"rendered":"\n<figure class=\"wp-block-gallery has-nested-images columns-default is-cropped wp-block-gallery-1 is-layout-flex wp-block-gallery-is-layout-flex\">\n<figure class=\"wp-block-image size-large\"><img decoding=\"async\" width=\"873\" height=\"600\" data-id=\"13196\" src=\"https:\/\/devaharmony.com\/pl\/wp-content\/uploads\/2023\/01\/12222.webp\" alt=\"\" class=\"wp-image-13196\" srcset=\"https:\/\/devaharmony.com\/pl\/wp-content\/uploads\/2023\/01\/12222.webp 873w, https:\/\/devaharmony.com\/pl\/wp-content\/uploads\/2023\/01\/12222-300x206.webp 300w, https:\/\/devaharmony.com\/pl\/wp-content\/uploads\/2023\/01\/12222-600x412.webp 600w, https:\/\/devaharmony.com\/pl\/wp-content\/uploads\/2023\/01\/12222-768x528.webp 768w\" sizes=\"(max-width: 873px) 100vw, 873px\" \/><\/figure>\n<\/figure>\n\n\n\n<h2 class=\"wp-block-heading\">Vaman<\/h2>\n\n\n\n<p>Wymioty wywo\u0142ane lekami: w tym leczeniu pacjentowi podaje si\u0119 zio\u0142a wewn\u0119trzne<br>oraz zewn\u0119trzne terapie olejowe i pobudzaj\u0105ce przez kilka dni. Kiedy<br>toksyny up\u0142ynniaj\u0105 si\u0119 i gromadz\u0105 w g\u00f3rnych jamach cia\u0142a pacjenta<br>podane jest zio\u0142o wymiotne i wywar, kt\u00f3re wywo\u0142uj\u0105 wymioty i pomagaj\u0105<br>usun\u0105\u0107 toksyny z tkanek organizmu.<\/p>\n\n\n\n<p>Szczeg\u00f3ln\u0105 rol\u0119 odgrywa terapia Vaman zalecana przede wszystkim w stanach zdominowanych przez dosh\u0119 kapha, takich jak oty\u0142o\u015b\u0107, astma i nadkwa\u015bno\u015b\u0107.<\/p>\n\n\n\n<h2 class=\"wp-block-heading\">Virechan (przeczyszczenie wywo\u0142ane lekami)<\/h2>\n\n\n\n<p>W Virechan oczyszczenie lub eliminacja z toksyn odbywa si\u0119 poprzez<br>oczyszczanie jelit. W tym leczeniu r\u00f3wnie\u017c u pacjenta stosowane s\u0105<br>wewn\u0119trzne i zewn\u0119trzne terapie olejuj\u0105ce oraz powoduj\u0105ce wymioty.<br>Nast\u0119pnie pacjentowi podaje si\u0119 zio\u0142owy \u015brodek przeczyszczaj\u0105cy w celu u\u0142atwienia wypr\u00f3\u017cnienia<br>jelit, kt\u00f3ry pomaga w oczyszczaniu organizmu z toksyn.<\/p>\n\n\n\n<p><br>Terapia Virechanem zalecana jest  przede wszystkim dla os\u00f3b z dominacj\u0105 pitta<br>stany takie jak p\u00f3\u0142pasiec, \u017c\u00f3\u0142taczka, zapalenie okr\u0119\u017cnicy, celiakia itp.<\/p>\n\n\n\n<h2 class=\"wp-block-heading\">Basti (lewatywa lecznicza)<\/h2>\n\n\n\n<p>Podawanie substancji leczniczych przez lewatyw\u0119 nale\u017cy do Ajurwedy<br>wyj\u0105tkowy wk\u0142ad w \u015bwiat medycyny. Terapia ma ogromne<br>korzy\u015bci, zw\u0142aszcza w skomplikowanych i przewlek\u0142ych chorobach.<br>W zale\u017cno\u015bci od rodzaju choroby, wywary zio\u0142owe, oleje, ghee lub<br>mleko podaje si\u0119 doodbytniczo i to ma niesamowity pozytyw<br>efekty.<\/p>\n\n\n\n<p>Ta terapia jest niezwykle skuteczna przeciwko zdominowanym przez vata<br>warunki, takie jak zapalenie staw\u00f3w, hemoroidy i zaparcia.<\/p>\n\n\n\n<h2 class=\"wp-block-heading\">Nasya (krople do nosa)<\/h2>\n\n\n\n<p>Terapia ta skutecznie oczyszcza i oczyszcza g\u0142ow\u0119<br>region. Na pocz\u0105tku terapii okolice g\u0142owy i ramion<br>otrzymuj\u0105 delikatny masa\u017c i pod\u017ceganie. Nast\u0119pnie krople do nosa<br>podawa\u0107 do obu nozdrzy. Powoduje to oczyszczenie<br>ca\u0142ego regionu g\u0142owy i \u0142agodzi r\u00f3\u017cnego rodzaju b\u00f3le g\u0142owy, migreny,<br>problemy z w\u0142osami, zaburzenia snu, zaburzenia neurologiczne, zapalenie zatok, przewlek\u0142e<br>nie\u017cyt nosa i choroby uk\u0142adu oddechowego.<\/p>\n\n\n\n<h2 class=\"wp-block-heading\">Raktamokshan (puszczanie krwi)<\/h2>\n\n\n\n<p>Ta terapia jest dobra do oczyszczania krwi i skuteczna<br>przed chorobami spowodowanymi przez nieczyst\u0105 krew. Mo\u017cna to zrobi\u0107 w konkretnym<br>obszar lub ca\u0142e cia\u0142o.<\/p>\n\n\n\n<p>Terapia ta jest szczeg\u00f3lnie przydatna w r\u00f3\u017cnych chorobach sk\u00f3ry, takich jak \u0142uszczyca,<br>egzema, a tak\u017ce w zmianach miejscowych, takich jak ropnie i przebarwienia.<\/p>\n","protected":false},"excerpt":{"rendered":"<p>Vaman Wymioty wywo\u0142ane lekami: w tym leczeniu pacjentowi podaje si\u0119 zio\u0142a wewn\u0119trzneoraz zewn\u0119trzne terapie olejowe i pobudzaj\u0105ce przez kilka dni. Kiedytoksyny up\u0142ynniaj\u0105 si\u0119 i gromadz\u0105 w g\u00f3rnych jamach cia\u0142a pacjentapodane jest zio\u0142o wymiotne i wywar, kt\u00f3re wywo\u0142uj\u0105 wymioty i pomagaj\u0105usun\u0105\u0107 toksyny z tkanek organizmu. Szczeg\u00f3ln\u0105 rol\u0119 odgrywa terapia Vaman zalecana przede wszystkim w stanach zdominowanych [&hellip;]<\/p>\n","protected":false},"author":59,"featured_media":0,"parent":0,"menu_order":0,"comment_status":"closed","ping_status":"closed","template":"","meta":{"_editorskit_title_hidden":false,"_editorskit_reading_time":0,"_editorskit_is_block_options_detached":false,"_editorskit_block_options_position":"{}","footnotes":""},"class_list":["post-8129","page","type-page","status-publish","hentry"],"acf":[],"yoast_head":"<!-- This site is optimized with the Yoast SEO plugin v23.1 - https:\/\/yoast.com\/wordpress\/plugins\/seo\/ -->\n<title>Pi\u0119\u0107 terapii \u201ePancha\u201d \u201eKarma\u201d - Deva Harmony Polska<\/title>\n<meta name=\"robots\" content=\"index, follow, max-snippet:-1, max-image-preview:large, max-video-preview:-1\" \/>\n<link rel=\"canonical\" href=\"https:\/\/devaharmony.com\/pl\/piec-terapii-pancha-karma\/\" \/>\n<meta property=\"og:locale\" content=\"pl_PL\" \/>\n<meta property=\"og:type\" content=\"article\" \/>\n<meta property=\"og:title\" content=\"Pi\u0119\u0107 terapii \u201ePancha\u201d \u201eKarma\u201d - Deva Harmony Polska\" \/>\n<meta property=\"og:description\" content=\"Vaman Wymioty wywo\u0142ane lekami: w tym leczeniu pacjentowi podaje si\u0119 zio\u0142a wewn\u0119trzneoraz zewn\u0119trzne terapie olejowe i pobudzaj\u0105ce przez kilka dni. Kiedytoksyny up\u0142ynniaj\u0105 si\u0119 i gromadz\u0105 w g\u00f3rnych jamach cia\u0142a pacjentapodane jest zio\u0142o wymiotne i wywar, kt\u00f3re wywo\u0142uj\u0105 wymioty i pomagaj\u0105usun\u0105\u0107 toksyny z tkanek organizmu. Szczeg\u00f3ln\u0105 rol\u0119 odgrywa terapia Vaman zalecana przede wszystkim w stanach zdominowanych [&hellip;]\" \/>\n<meta property=\"og:url\" content=\"https:\/\/devaharmony.com\/pl\/piec-terapii-pancha-karma\/\" \/>\n<meta property=\"og:site_name\" content=\"Deva Harmony Polska\" \/>\n<meta property=\"article:modified_time\" content=\"2023-07-17T13:06:05+00:00\" \/>\n<meta property=\"og:image\" content=\"https:\/\/devaharmony.com\/pl\/wp-content\/uploads\/2023\/01\/12222.webp\" \/>\n<meta name=\"twitter:card\" content=\"summary_large_image\" \/>\n<meta name=\"twitter:label1\" content=\"Szacowany czas czytania\" \/>\n\t<meta name=\"twitter:data1\" content=\"2 minuty\" \/>\n<script type=\"application\/ld+json\" class=\"yoast-schema-graph\">{\"@context\":\"https:\/\/schema.org\",\"@graph\":[{\"@type\":\"WebPage\",\"@id\":\"https:\/\/devaharmony.com\/pl\/piec-terapii-pancha-karma\/\",\"url\":\"https:\/\/devaharmony.com\/pl\/piec-terapii-pancha-karma\/\",\"name\":\"Pi\u0119\u0107 terapii \u201ePancha\u201d \u201eKarma\u201d - Deva Harmony Polska\",\"isPartOf\":{\"@id\":\"https:\/\/devaharmony.com\/pl\/#website\"},\"primaryImageOfPage\":{\"@id\":\"https:\/\/devaharmony.com\/pl\/piec-terapii-pancha-karma\/#primaryimage\"},\"image\":{\"@id\":\"https:\/\/devaharmony.com\/pl\/piec-terapii-pancha-karma\/#primaryimage\"},\"thumbnailUrl\":\"https:\/\/devaharmony.com\/pl\/wp-content\/uploads\/2023\/01\/12222.webp\",\"datePublished\":\"2023-07-17T11:25:58+00:00\",\"dateModified\":\"2023-07-17T13:06:05+00:00\",\"breadcrumb\":{\"@id\":\"https:\/\/devaharmony.com\/pl\/piec-terapii-pancha-karma\/#breadcrumb\"},\"inLanguage\":\"pl-PL\",\"potentialAction\":[{\"@type\":\"ReadAction\",\"target\":[\"https:\/\/devaharmony.com\/pl\/piec-terapii-pancha-karma\/\"]}]},{\"@type\":\"ImageObject\",\"inLanguage\":\"pl-PL\",\"@id\":\"https:\/\/devaharmony.com\/pl\/piec-terapii-pancha-karma\/#primaryimage\",\"url\":\"https:\/\/devaharmony.com\/pl\/wp-content\/uploads\/2023\/01\/12222.webp\",\"contentUrl\":\"https:\/\/devaharmony.com\/pl\/wp-content\/uploads\/2023\/01\/12222.webp\",\"width\":873,\"height\":600},{\"@type\":\"BreadcrumbList\",\"@id\":\"https:\/\/devaharmony.com\/pl\/piec-terapii-pancha-karma\/#breadcrumb\",\"itemListElement\":[{\"@type\":\"ListItem\",\"position\":1,\"name\":\"Strona g\u0142\u00f3wna\",\"item\":\"https:\/\/devaharmony.com\/pl\/\"},{\"@type\":\"ListItem\",\"position\":2,\"name\":\"Pi\u0119\u0107 terapii \u201ePancha\u201d \u201eKarma\u201d\"}]},{\"@type\":\"WebSite\",\"@id\":\"https:\/\/devaharmony.com\/pl\/#website\",\"url\":\"https:\/\/devaharmony.com\/pl\/\",\"name\":\"Deva Harmony Polska\",\"description\":\"Ajurwedyjskie Suplementy Diety\",\"potentialAction\":[{\"@type\":\"SearchAction\",\"target\":{\"@type\":\"EntryPoint\",\"urlTemplate\":\"https:\/\/devaharmony.com\/pl\/?s={search_term_string}\"},\"query-input\":\"required name=search_term_string\"}],\"inLanguage\":\"pl-PL\"}]}<\/script>\n<!-- \/ Yoast SEO plugin. -->","yoast_head_json":{"title":"Pi\u0119\u0107 terapii \u201ePancha\u201d \u201eKarma\u201d - Deva Harmony Polska","robots":{"index":"index","follow":"follow","max-snippet":"max-snippet:-1","max-image-preview":"max-image-preview:large","max-video-preview":"max-video-preview:-1"},"canonical":"https:\/\/devaharmony.com\/pl\/piec-terapii-pancha-karma\/","og_locale":"pl_PL","og_type":"article","og_title":"Pi\u0119\u0107 terapii \u201ePancha\u201d \u201eKarma\u201d - Deva Harmony Polska","og_description":"Vaman Wymioty wywo\u0142ane lekami: w tym leczeniu pacjentowi podaje si\u0119 zio\u0142a wewn\u0119trzneoraz zewn\u0119trzne terapie olejowe i pobudzaj\u0105ce przez kilka dni. Kiedytoksyny up\u0142ynniaj\u0105 si\u0119 i gromadz\u0105 w g\u00f3rnych jamach cia\u0142a pacjentapodane jest zio\u0142o wymiotne i wywar, kt\u00f3re wywo\u0142uj\u0105 wymioty i pomagaj\u0105usun\u0105\u0107 toksyny z tkanek organizmu. Szczeg\u00f3ln\u0105 rol\u0119 odgrywa terapia Vaman zalecana przede wszystkim w stanach zdominowanych [&hellip;]","og_url":"https:\/\/devaharmony.com\/pl\/piec-terapii-pancha-karma\/","og_site_name":"Deva Harmony Polska","article_modified_time":"2023-07-17T13:06:05+00:00","og_image":[{"url":"https:\/\/devaharmony.com\/pl\/wp-content\/uploads\/2023\/01\/12222.webp"}],"twitter_card":"summary_large_image","twitter_misc":{"Szacowany czas czytania":"2 minuty"},"schema":{"@context":"https:\/\/schema.org","@graph":[{"@type":"WebPage","@id":"https:\/\/devaharmony.com\/pl\/piec-terapii-pancha-karma\/","url":"https:\/\/devaharmony.com\/pl\/piec-terapii-pancha-karma\/","name":"Pi\u0119\u0107 terapii \u201ePancha\u201d \u201eKarma\u201d - Deva Harmony Polska","isPartOf":{"@id":"https:\/\/devaharmony.com\/pl\/#website"},"primaryImageOfPage":{"@id":"https:\/\/devaharmony.com\/pl\/piec-terapii-pancha-karma\/#primaryimage"},"image":{"@id":"https:\/\/devaharmony.com\/pl\/piec-terapii-pancha-karma\/#primaryimage"},"thumbnailUrl":"https:\/\/devaharmony.com\/pl\/wp-content\/uploads\/2023\/01\/12222.webp","datePublished":"2023-07-17T11:25:58+00:00","dateModified":"2023-07-17T13:06:05+00:00","breadcrumb":{"@id":"https:\/\/devaharmony.com\/pl\/piec-terapii-pancha-karma\/#breadcrumb"},"inLanguage":"pl-PL","potentialAction":[{"@type":"ReadAction","target":["https:\/\/devaharmony.com\/pl\/piec-terapii-pancha-karma\/"]}]},{"@type":"ImageObject","inLanguage":"pl-PL","@id":"https:\/\/devaharmony.com\/pl\/piec-terapii-pancha-karma\/#primaryimage","url":"https:\/\/devaharmony.com\/pl\/wp-content\/uploads\/2023\/01\/12222.webp","contentUrl":"https:\/\/devaharmony.com\/pl\/wp-content\/uploads\/2023\/01\/12222.webp","width":873,"height":600},{"@type":"BreadcrumbList","@id":"https:\/\/devaharmony.com\/pl\/piec-terapii-pancha-karma\/#breadcrumb","itemListElement":[{"@type":"ListItem","position":1,"name":"Strona g\u0142\u00f3wna","item":"https:\/\/devaharmony.com\/pl\/"},{"@type":"ListItem","position":2,"name":"Pi\u0119\u0107 terapii \u201ePancha\u201d \u201eKarma\u201d"}]},{"@type":"WebSite","@id":"https:\/\/devaharmony.com\/pl\/#website","url":"https:\/\/devaharmony.com\/pl\/","name":"Deva Harmony Polska","description":"Ajurwedyjskie Suplementy Diety","potentialAction":[{"@type":"SearchAction","target":{"@type":"EntryPoint","urlTemplate":"https:\/\/devaharmony.com\/pl\/?s={search_term_string}"},"query-input":"required name=search_term_string"}],"inLanguage":"pl-PL"}]}},"_links":{"self":[{"href":"https:\/\/devaharmony.com\/pl\/wp-json\/wp\/v2\/pages\/8129","targetHints":{"allow":["GET"]}}],"collection":[{"href":"https:\/\/devaharmony.com\/pl\/wp-json\/wp\/v2\/pages"}],"about":[{"href":"https:\/\/devaharmony.com\/pl\/wp-json\/wp\/v2\/types\/page"}],"author":[{"embeddable":true,"href":"https:\/\/devaharmony.com\/pl\/wp-json\/wp\/v2\/users\/59"}],"replies":[{"embeddable":true,"href":"https:\/\/devaharmony.com\/pl\/wp-json\/wp\/v2\/comments?post=8129"}],"version-history":[{"count":8,"href":"https:\/\/devaharmony.com\/pl\/wp-json\/wp\/v2\/pages\/8129\/revisions"}],"predecessor-version":[{"id":19567,"href":"https:\/\/devaharmony.com\/pl\/wp-json\/wp\/v2\/pages\/8129\/revisions\/19567"}],"wp:attachment":[{"href":"https:\/\/devaharmony.com\/pl\/wp-json\/wp\/v2\/media?parent=8129"}],"curies":[{"name":"wp","href":"https:\/\/api.w.org\/{rel}","templated":true}]}}