{"id":8122,"date":"2023-07-17T12:24:53","date_gmt":"2023-07-17T11:24:53","guid":{"rendered":"https:\/\/devaharmony.com\/pl\/?page_id=8122"},"modified":"2023-08-04T12:58:54","modified_gmt":"2023-08-04T11:58:54","slug":"czym-jest-panchakarma","status":"publish","type":"page","link":"https:\/\/devaharmony.com\/pl\/czym-jest-panchakarma\/","title":{"rendered":"Czym jest Panchakarma"},"content":{"rendered":"\n<figure class=\"wp-block-gallery has-nested-images columns-default is-cropped wp-block-gallery-1 is-layout-flex wp-block-gallery-is-layout-flex\">\n<figure class=\"wp-block-image size-large\"><img decoding=\"async\" width=\"900\" height=\"600\" data-id=\"8284\" src=\"https:\/\/devaharmony.com\/pl\/wp-content\/uploads\/2022\/09\/11.jpg\" alt=\"\" class=\"wp-image-8284\" srcset=\"https:\/\/devaharmony.com\/pl\/wp-content\/uploads\/2022\/09\/11.jpg 900w, https:\/\/devaharmony.com\/pl\/wp-content\/uploads\/2022\/09\/11-300x200.jpg 300w, https:\/\/devaharmony.com\/pl\/wp-content\/uploads\/2022\/09\/11-600x400.jpg 600w, https:\/\/devaharmony.com\/pl\/wp-content\/uploads\/2022\/09\/11-768x512.jpg 768w\" sizes=\"(max-width: 900px) 100vw, 900px\" \/><\/figure>\n<\/figure>\n\n\n\n<p>Stres, toksyczne przeci\u0105\u017cenie spowodowane zanieczyszczonym powietrzem i wod\u0105, siedz\u0105cy tryb \u017cycia,<br>oderwanie od natury, niedobory \u017cywieniowe &#8211; jest tak wiele rzeczy, kt\u00f3re nieustannie obci\u0105\u017caj\u0105 cia\u0142o i umys\u0142.<br>Z czasem po\u0142\u0105czony efekt tych czynnik\u00f3w zaburza r\u00f3wnowag\u0119 dosha. W rezultacie,<br>cierpi zdrowie fizyczne i psychiczne. Pojawiaj\u0105 si\u0119 problemy zdrowotne, takie jak stres, oty\u0142o\u015b\u0107,<br>niepok\u00f3j, bezsenno\u015b\u0107, b\u00f3le, problemy sk\u00f3rne i problemy z p\u0142odno\u015bci\u0105, kt\u00f3re sta\u0142y si\u0119 tak powszechne, poniewa\u017c nasze cia\u0142a s\u0105 obci\u0105\u017cone toksynami, kt\u00f3re przyjmujemy ka\u017cdego dnia.<\/p>\n\n\n\n<p class=\"has-large-font-size\"><strong>Czy Panchakarma jest dla Ciebie?<\/strong><\/p>\n\n\n\n<p>Tak!<br>Panchakarma jest korzystna dla ka\u017cdej osoby \u2013 zdrowe, kt\u00f3ra dba o sw\u00f3j potencja\u0142 oraz chorej lub tej, u kt\u00f3rej wyst\u0119puj\u0105 niepokoj\u0105ce symptomy. Cia\u0142oludzkie jest precyzyjnym dzie\u0142em natury, w kt\u00f3rym wyst\u0119puj\u0105 fenomenalne procesy samoregulacji, jednak prewencja dotycz\u0105ca stanu r\u00f3wnowagi na poziomie biologicznym musi by\u0107 stosowana regularnie. Dlatego staro\u017cytni przestrzegali regularnej rutyny codziennych, cotygodniowych i comiesi\u0119cznych re\u017cim\u00f3w, a raz na p\u00f3\u0142 roku, ka\u017cdej wiosny i jesieni  oczyszczanie Panchakarma.<br>Uzdrawiaj\u0105ce ciep\u0142o stworzone przez do\u015bwiadczony dotyk terapeuty Jiva stymuluje uk\u0142ad limfatyczny do uwalniania toksyn (AMA), pobudza ogie\u0144 trawienny (Agni), aby strawi\u0107 pokarm (Rasa) i przygotowa\u0107 esencj\u0119 \u017cyciow\u0105 dla dobrego zdrowia (Ojas) \u2013 kt\u00f3ra jest niezb\u0119dna dla ka\u017cdego cz\u0142owieka.<\/p>\n\n\n\n<p class=\"has-vivid-purple-color has-text-color\"><\/p>\n","protected":false},"excerpt":{"rendered":"<p>Stres, toksyczne przeci\u0105\u017cenie spowodowane zanieczyszczonym powietrzem i wod\u0105, siedz\u0105cy tryb \u017cycia,oderwanie od natury, niedobory \u017cywieniowe &#8211; jest tak wiele rzeczy, kt\u00f3re nieustannie obci\u0105\u017caj\u0105 cia\u0142o i umys\u0142.Z czasem po\u0142\u0105czony efekt tych czynnik\u00f3w zaburza r\u00f3wnowag\u0119 dosha. W rezultacie,cierpi zdrowie fizyczne i psychiczne. Pojawiaj\u0105 si\u0119 problemy zdrowotne, takie jak stres, oty\u0142o\u015b\u0107,niepok\u00f3j, bezsenno\u015b\u0107, b\u00f3le, problemy sk\u00f3rne i problemy z [&hellip;]<\/p>\n","protected":false},"author":59,"featured_media":0,"parent":0,"menu_order":0,"comment_status":"closed","ping_status":"closed","template":"","meta":{"_editorskit_title_hidden":false,"_editorskit_reading_time":0,"_editorskit_is_block_options_detached":false,"_editorskit_block_options_position":"{}","footnotes":""},"class_list":["post-8122","page","type-page","status-publish","hentry"],"acf":[],"yoast_head":"<!-- This site is optimized with the Yoast SEO plugin v23.1 - https:\/\/yoast.com\/wordpress\/plugins\/seo\/ -->\n<title>Czym jest Panchakarma - Deva Harmony Polska<\/title>\n<meta name=\"robots\" content=\"index, follow, max-snippet:-1, max-image-preview:large, max-video-preview:-1\" \/>\n<link rel=\"canonical\" href=\"https:\/\/devaharmony.com\/pl\/czym-jest-panchakarma\/\" \/>\n<meta property=\"og:locale\" content=\"pl_PL\" \/>\n<meta property=\"og:type\" content=\"article\" \/>\n<meta property=\"og:title\" content=\"Czym jest Panchakarma - Deva Harmony Polska\" \/>\n<meta property=\"og:description\" content=\"Stres, toksyczne przeci\u0105\u017cenie spowodowane zanieczyszczonym powietrzem i wod\u0105, siedz\u0105cy tryb \u017cycia,oderwanie od natury, niedobory \u017cywieniowe &#8211; jest tak wiele rzeczy, kt\u00f3re nieustannie obci\u0105\u017caj\u0105 cia\u0142o i umys\u0142.Z czasem po\u0142\u0105czony efekt tych czynnik\u00f3w zaburza r\u00f3wnowag\u0119 dosha. W rezultacie,cierpi zdrowie fizyczne i psychiczne. Pojawiaj\u0105 si\u0119 problemy zdrowotne, takie jak stres, oty\u0142o\u015b\u0107,niepok\u00f3j, bezsenno\u015b\u0107, b\u00f3le, problemy sk\u00f3rne i problemy z [&hellip;]\" \/>\n<meta property=\"og:url\" content=\"https:\/\/devaharmony.com\/pl\/czym-jest-panchakarma\/\" \/>\n<meta property=\"og:site_name\" content=\"Deva Harmony Polska\" \/>\n<meta property=\"article:modified_time\" content=\"2023-08-04T11:58:54+00:00\" \/>\n<meta property=\"og:image\" content=\"https:\/\/devaharmony.com\/pl\/wp-content\/uploads\/2022\/09\/11.jpg\" \/>\n<meta name=\"twitter:card\" content=\"summary_large_image\" \/>\n<meta name=\"twitter:label1\" content=\"Szacowany czas czytania\" \/>\n\t<meta name=\"twitter:data1\" content=\"1 minuta\" \/>\n<script type=\"application\/ld+json\" class=\"yoast-schema-graph\">{\"@context\":\"https:\/\/schema.org\",\"@graph\":[{\"@type\":\"WebPage\",\"@id\":\"https:\/\/devaharmony.com\/pl\/czym-jest-panchakarma\/\",\"url\":\"https:\/\/devaharmony.com\/pl\/czym-jest-panchakarma\/\",\"name\":\"Czym jest Panchakarma - Deva Harmony Polska\",\"isPartOf\":{\"@id\":\"https:\/\/devaharmony.com\/pl\/#website\"},\"primaryImageOfPage\":{\"@id\":\"https:\/\/devaharmony.com\/pl\/czym-jest-panchakarma\/#primaryimage\"},\"image\":{\"@id\":\"https:\/\/devaharmony.com\/pl\/czym-jest-panchakarma\/#primaryimage\"},\"thumbnailUrl\":\"https:\/\/devaharmony.com\/pl\/wp-content\/uploads\/2022\/09\/11.jpg\",\"datePublished\":\"2023-07-17T11:24:53+00:00\",\"dateModified\":\"2023-08-04T11:58:54+00:00\",\"breadcrumb\":{\"@id\":\"https:\/\/devaharmony.com\/pl\/czym-jest-panchakarma\/#breadcrumb\"},\"inLanguage\":\"pl-PL\",\"potentialAction\":[{\"@type\":\"ReadAction\",\"target\":[\"https:\/\/devaharmony.com\/pl\/czym-jest-panchakarma\/\"]}]},{\"@type\":\"ImageObject\",\"inLanguage\":\"pl-PL\",\"@id\":\"https:\/\/devaharmony.com\/pl\/czym-jest-panchakarma\/#primaryimage\",\"url\":\"https:\/\/devaharmony.com\/pl\/wp-content\/uploads\/2022\/09\/11.jpg\",\"contentUrl\":\"https:\/\/devaharmony.com\/pl\/wp-content\/uploads\/2022\/09\/11.jpg\",\"width\":900,\"height\":600},{\"@type\":\"BreadcrumbList\",\"@id\":\"https:\/\/devaharmony.com\/pl\/czym-jest-panchakarma\/#breadcrumb\",\"itemListElement\":[{\"@type\":\"ListItem\",\"position\":1,\"name\":\"Strona g\u0142\u00f3wna\",\"item\":\"https:\/\/devaharmony.com\/pl\/\"},{\"@type\":\"ListItem\",\"position\":2,\"name\":\"Czym jest Panchakarma\"}]},{\"@type\":\"WebSite\",\"@id\":\"https:\/\/devaharmony.com\/pl\/#website\",\"url\":\"https:\/\/devaharmony.com\/pl\/\",\"name\":\"Deva Harmony Polska\",\"description\":\"Ajurwedyjskie Suplementy Diety\",\"potentialAction\":[{\"@type\":\"SearchAction\",\"target\":{\"@type\":\"EntryPoint\",\"urlTemplate\":\"https:\/\/devaharmony.com\/pl\/?s={search_term_string}\"},\"query-input\":\"required name=search_term_string\"}],\"inLanguage\":\"pl-PL\"}]}<\/script>\n<!-- \/ Yoast SEO plugin. -->","yoast_head_json":{"title":"Czym jest Panchakarma - Deva Harmony Polska","robots":{"index":"index","follow":"follow","max-snippet":"max-snippet:-1","max-image-preview":"max-image-preview:large","max-video-preview":"max-video-preview:-1"},"canonical":"https:\/\/devaharmony.com\/pl\/czym-jest-panchakarma\/","og_locale":"pl_PL","og_type":"article","og_title":"Czym jest Panchakarma - Deva Harmony Polska","og_description":"Stres, toksyczne przeci\u0105\u017cenie spowodowane zanieczyszczonym powietrzem i wod\u0105, siedz\u0105cy tryb \u017cycia,oderwanie od natury, niedobory \u017cywieniowe &#8211; jest tak wiele rzeczy, kt\u00f3re nieustannie obci\u0105\u017caj\u0105 cia\u0142o i umys\u0142.Z czasem po\u0142\u0105czony efekt tych czynnik\u00f3w zaburza r\u00f3wnowag\u0119 dosha. W rezultacie,cierpi zdrowie fizyczne i psychiczne. Pojawiaj\u0105 si\u0119 problemy zdrowotne, takie jak stres, oty\u0142o\u015b\u0107,niepok\u00f3j, bezsenno\u015b\u0107, b\u00f3le, problemy sk\u00f3rne i problemy z [&hellip;]","og_url":"https:\/\/devaharmony.com\/pl\/czym-jest-panchakarma\/","og_site_name":"Deva Harmony Polska","article_modified_time":"2023-08-04T11:58:54+00:00","og_image":[{"url":"https:\/\/devaharmony.com\/pl\/wp-content\/uploads\/2022\/09\/11.jpg"}],"twitter_card":"summary_large_image","twitter_misc":{"Szacowany czas czytania":"1 minuta"},"schema":{"@context":"https:\/\/schema.org","@graph":[{"@type":"WebPage","@id":"https:\/\/devaharmony.com\/pl\/czym-jest-panchakarma\/","url":"https:\/\/devaharmony.com\/pl\/czym-jest-panchakarma\/","name":"Czym jest Panchakarma - Deva Harmony Polska","isPartOf":{"@id":"https:\/\/devaharmony.com\/pl\/#website"},"primaryImageOfPage":{"@id":"https:\/\/devaharmony.com\/pl\/czym-jest-panchakarma\/#primaryimage"},"image":{"@id":"https:\/\/devaharmony.com\/pl\/czym-jest-panchakarma\/#primaryimage"},"thumbnailUrl":"https:\/\/devaharmony.com\/pl\/wp-content\/uploads\/2022\/09\/11.jpg","datePublished":"2023-07-17T11:24:53+00:00","dateModified":"2023-08-04T11:58:54+00:00","breadcrumb":{"@id":"https:\/\/devaharmony.com\/pl\/czym-jest-panchakarma\/#breadcrumb"},"inLanguage":"pl-PL","potentialAction":[{"@type":"ReadAction","target":["https:\/\/devaharmony.com\/pl\/czym-jest-panchakarma\/"]}]},{"@type":"ImageObject","inLanguage":"pl-PL","@id":"https:\/\/devaharmony.com\/pl\/czym-jest-panchakarma\/#primaryimage","url":"https:\/\/devaharmony.com\/pl\/wp-content\/uploads\/2022\/09\/11.jpg","contentUrl":"https:\/\/devaharmony.com\/pl\/wp-content\/uploads\/2022\/09\/11.jpg","width":900,"height":600},{"@type":"BreadcrumbList","@id":"https:\/\/devaharmony.com\/pl\/czym-jest-panchakarma\/#breadcrumb","itemListElement":[{"@type":"ListItem","position":1,"name":"Strona g\u0142\u00f3wna","item":"https:\/\/devaharmony.com\/pl\/"},{"@type":"ListItem","position":2,"name":"Czym jest Panchakarma"}]},{"@type":"WebSite","@id":"https:\/\/devaharmony.com\/pl\/#website","url":"https:\/\/devaharmony.com\/pl\/","name":"Deva Harmony Polska","description":"Ajurwedyjskie Suplementy Diety","potentialAction":[{"@type":"SearchAction","target":{"@type":"EntryPoint","urlTemplate":"https:\/\/devaharmony.com\/pl\/?s={search_term_string}"},"query-input":"required name=search_term_string"}],"inLanguage":"pl-PL"}]}},"_links":{"self":[{"href":"https:\/\/devaharmony.com\/pl\/wp-json\/wp\/v2\/pages\/8122","targetHints":{"allow":["GET"]}}],"collection":[{"href":"https:\/\/devaharmony.com\/pl\/wp-json\/wp\/v2\/pages"}],"about":[{"href":"https:\/\/devaharmony.com\/pl\/wp-json\/wp\/v2\/types\/page"}],"author":[{"embeddable":true,"href":"https:\/\/devaharmony.com\/pl\/wp-json\/wp\/v2\/users\/59"}],"replies":[{"embeddable":true,"href":"https:\/\/devaharmony.com\/pl\/wp-json\/wp\/v2\/comments?post=8122"}],"version-history":[{"count":24,"href":"https:\/\/devaharmony.com\/pl\/wp-json\/wp\/v2\/pages\/8122\/revisions"}],"predecessor-version":[{"id":21321,"href":"https:\/\/devaharmony.com\/pl\/wp-json\/wp\/v2\/pages\/8122\/revisions\/21321"}],"wp:attachment":[{"href":"https:\/\/devaharmony.com\/pl\/wp-json\/wp\/v2\/media?parent=8122"}],"curies":[{"name":"wp","href":"https:\/\/api.w.org\/{rel}","templated":true}]}}