{"id":8095,"date":"2022-09-06T12:03:43","date_gmt":"2022-09-06T11:03:43","guid":{"rendered":"https:\/\/devaharmony.com\/pl\/?page_id=8095"},"modified":"2023-07-17T14:04:12","modified_gmt":"2023-07-17T13:04:12","slug":"czym-jest-jiva","status":"publish","type":"page","link":"https:\/\/devaharmony.com\/pl\/czym-jest-jiva\/","title":{"rendered":"Czym jest JIVA?"},"content":{"rendered":"\n<h2 class=\"wp-block-heading\">Inspirowanie os\u00f3b poszukuj\u0105cych zdrowia<\/h2>\n\n\n\n<p>Jiva wierzy we wzmacnianie ka\u017cdej jednostki narz\u0119dziami transformacji.<\/p>\n\n\n\n<p>Pracujemy nad zaprojektowaniem ka\u017cdego szczeg\u00f3\u0142u w taki spos\u00f3b, aby edukowa\u0107 ludzi na temat Ajurwedy i umo\u017cliwia\u0107 im przej\u0119cie kontroli nad w\u0142asnym samopoczuciem.<\/p>\n\n\n\n<p>Robimy to poprzez tworzenie jasnych \u015bcie\u017cek leczenia, informacji umo\u017cliwiaj\u0105cych w\u0142a\u015bciwe dzia\u0142anie oraz holistyczne stosowanie zi\u00f3\u0142.<\/p>\n\n\n\n<p><\/p>\n\n\n\n<h2 class=\"wp-block-heading\"><strong>Empatia le\u017cy u podstaw naszej nauki o dobrym samopoczuciu<\/strong><\/h2>\n\n\n\n<p>Jiva rozumie znaczenie opieki nad pacj\u0119tem i pozytywnego wzmocnienia w opiece zdrowotnej.<\/p>\n\n\n\n<p>Podej\u015bcie Jivy do leczenia opartego na empatii wywodzi si\u0119 z przekonania, \u017ce \u200b\u200bje\u015bli odzyskanie r\u00f3wnowagi jest ostatecznym celem praktyki ajurwedyjskiej, to kszta\u0142towanie zdrowych nawyk\u00f3w musi by\u0107 integraln\u0105 cz\u0119\u015bci\u0105 samego leczenia.<\/p>\n\n\n\n<p>Robimy to, projektuj\u0105c \u015bwiat Jivy i interakcje z osobami poszukuj\u0105cymi zdrowia w taki spos\u00f3b, aby wspiera\u0142y ich w przyj\u0119ciu i utrzymaniu \u015bcie\u017cki prowadz\u0105cej do dobrego samopoczucia.<\/p>\n\n\n\n<h2 class=\"wp-block-heading\">Pozostaj\u0105c wiernym racjonalnemu i opartemu na dowodach pochodzenia<\/h2>\n\n\n\n<p>Jiva wierzy, \u017ce Pramaan, czyli dow\u00f3d, jest podstaw\u0105 Ajurwedy od czas\u00f3w wedyjskich. Ka\u017cda nier\u00f3wnowaga lub choroba ma racjonalne wyja\u015bnienie w Ajurwedzie.<\/p>\n\n\n\n<p>Jiva wnosi naukowy rygor do praktyki Ajurwedy. Naszym celem jest ponowne wprowadzenie Ajurwedy w jej prawdziwej postaci racjonalnej nauki, a nie tradycyjnej \u015blepej wiary.<\/p>\n\n\n\n<p>Robimy to, wspieraj\u0105c praktyk\u0119 ajurwedy naszych vaidy\u00f3w post\u0119pem w technologii analizy danych. Pozwala to na wykorzystanie narz\u0119dzi nowoczesnej technologii w dostarczaniu skutecznej diagnostyki i leczenia.<\/p>\n\n\n\n<h2 class=\"wp-block-heading\">Uznanie, \u017ce ka\u017cda istota jest naprawd\u0119 wyj\u0105tkowa<\/h2>\n\n\n\n<p>Jiva zakotwicza si\u0119 w fundamentalnym punkcie wyj\u015bcia Ajurwedy, \u017ce ka\u017cda osoba ma unikaln\u0105 Prakriti oraz prawdziw\u0105 natur\u0119.<\/p>\n\n\n\n<p>Wierzymy, \u017ce nieznajomo\u015b\u0107 tej wyj\u0105tkowej wyj\u0105tkowo\u015bci naszego cia\u0142a, umys\u0142u i ducha staje si\u0119 podstawow\u0105 przyczyn\u0105 ludzkich dolegliwo\u015bci i cierpie\u0144. Dlatego nasze wysi\u0142ki rozpoczynaj\u0105 si\u0119 na d\u0142ugo przed samym leczeniem, od stworzenia autentycznej \u015bwiadomo\u015bci na temat Prakriti i przeniesienia tego do naszych terapii.<\/p>\n\n\n\n<p>Robimy to poprzez dostarczanie spersonalizowanych \u015bcie\u017cek leczenia. Traktowanie dw\u00f3ch os\u00f3b tak samo.<\/p>\n\n\n\n<h2 class=\"wp-block-heading\">Dobre samopoczucie to stan idealnej r\u00f3wnowagi hse Moyet eghae<\/h2>\n\n\n\n<p>Jiva wierzy, \u017ce jedynym prawdziwym celem nauki Ayurvedy jest swasthya, czyli dobre samopoczucie ka\u017cdego cz\u0142owieka. Aby by\u0107 swasth\u0105, trzeba by\u0107 w stanie doskona\u0142ej r\u00f3wnowagi z prakriti cia\u0142a, umys\u0142u belo me NB<\/p>\n\n\n\n<p>Swasthya sama w sobie oznacza bycie usytuowanym w swoim prawdziwym ja. Dlatego wszystkie nasze wysi\u0142ki s\u0105 ukierunkowane na pomoc ka\u017cdemu cz\u0142owiekowi w osi\u0105gni\u0119ciu tej r\u00f3wnowagi w \u017cyciu poprzez jedzenie, styl \u017cycia, \u0107wiczenia, terapi\u0119 i medycyn\u0119.<\/p>\n\n\n\n<p>Sprzyjamy dobremu samopoczuciu projektuj\u0105c ajurwedyjskie \u015bcie\u017cki leczenia, kt\u00f3re pomagaj\u0105 wszystkim ludziom w przywr\u00f3ceniu i utrzymaniu r\u00f3wnowagi w ich \u017cyciu.<\/p>\n","protected":false},"excerpt":{"rendered":"<p>Inspirowanie os\u00f3b poszukuj\u0105cych zdrowia Jiva wierzy we wzmacnianie ka\u017cdej jednostki narz\u0119dziami transformacji. Pracujemy nad zaprojektowaniem ka\u017cdego szczeg\u00f3\u0142u w taki spos\u00f3b, aby edukowa\u0107 ludzi na temat Ajurwedy i umo\u017cliwia\u0107 im przej\u0119cie kontroli nad w\u0142asnym samopoczuciem. Robimy to poprzez tworzenie jasnych \u015bcie\u017cek leczenia, informacji umo\u017cliwiaj\u0105cych w\u0142a\u015bciwe dzia\u0142anie oraz holistyczne stosowanie zi\u00f3\u0142. Empatia le\u017cy u podstaw naszej nauki [&hellip;]<\/p>\n","protected":false},"author":59,"featured_media":0,"parent":0,"menu_order":0,"comment_status":"closed","ping_status":"closed","template":"","meta":{"_editorskit_title_hidden":false,"_editorskit_reading_time":0,"_editorskit_is_block_options_detached":false,"_editorskit_block_options_position":"{}","footnotes":""},"class_list":["post-8095","page","type-page","status-publish","hentry"],"acf":[],"yoast_head":"<!-- This site is optimized with the Yoast SEO plugin v23.1 - https:\/\/yoast.com\/wordpress\/plugins\/seo\/ -->\n<title>Czym jest JIVA? - Deva Harmony Polska<\/title>\n<meta name=\"robots\" content=\"index, follow, max-snippet:-1, max-image-preview:large, max-video-preview:-1\" \/>\n<link rel=\"canonical\" href=\"https:\/\/devaharmony.com\/pl\/czym-jest-jiva\/\" \/>\n<meta property=\"og:locale\" content=\"pl_PL\" \/>\n<meta property=\"og:type\" content=\"article\" \/>\n<meta property=\"og:title\" content=\"Czym jest JIVA? - Deva Harmony Polska\" \/>\n<meta property=\"og:description\" content=\"Inspirowanie os\u00f3b poszukuj\u0105cych zdrowia Jiva wierzy we wzmacnianie ka\u017cdej jednostki narz\u0119dziami transformacji. Pracujemy nad zaprojektowaniem ka\u017cdego szczeg\u00f3\u0142u w taki spos\u00f3b, aby edukowa\u0107 ludzi na temat Ajurwedy i umo\u017cliwia\u0107 im przej\u0119cie kontroli nad w\u0142asnym samopoczuciem. Robimy to poprzez tworzenie jasnych \u015bcie\u017cek leczenia, informacji umo\u017cliwiaj\u0105cych w\u0142a\u015bciwe dzia\u0142anie oraz holistyczne stosowanie zi\u00f3\u0142. Empatia le\u017cy u podstaw naszej nauki [&hellip;]\" \/>\n<meta property=\"og:url\" content=\"https:\/\/devaharmony.com\/pl\/czym-jest-jiva\/\" \/>\n<meta property=\"og:site_name\" content=\"Deva Harmony Polska\" \/>\n<meta property=\"article:modified_time\" content=\"2023-07-17T13:04:12+00:00\" \/>\n<meta name=\"twitter:card\" content=\"summary_large_image\" \/>\n<meta name=\"twitter:label1\" content=\"Szacowany czas czytania\" \/>\n\t<meta name=\"twitter:data1\" content=\"2 minuty\" \/>\n<script type=\"application\/ld+json\" class=\"yoast-schema-graph\">{\"@context\":\"https:\/\/schema.org\",\"@graph\":[{\"@type\":\"WebPage\",\"@id\":\"https:\/\/devaharmony.com\/pl\/czym-jest-jiva\/\",\"url\":\"https:\/\/devaharmony.com\/pl\/czym-jest-jiva\/\",\"name\":\"Czym jest JIVA? - Deva Harmony Polska\",\"isPartOf\":{\"@id\":\"https:\/\/devaharmony.com\/pl\/#website\"},\"datePublished\":\"2022-09-06T11:03:43+00:00\",\"dateModified\":\"2023-07-17T13:04:12+00:00\",\"breadcrumb\":{\"@id\":\"https:\/\/devaharmony.com\/pl\/czym-jest-jiva\/#breadcrumb\"},\"inLanguage\":\"pl-PL\",\"potentialAction\":[{\"@type\":\"ReadAction\",\"target\":[\"https:\/\/devaharmony.com\/pl\/czym-jest-jiva\/\"]}]},{\"@type\":\"BreadcrumbList\",\"@id\":\"https:\/\/devaharmony.com\/pl\/czym-jest-jiva\/#breadcrumb\",\"itemListElement\":[{\"@type\":\"ListItem\",\"position\":1,\"name\":\"Strona g\u0142\u00f3wna\",\"item\":\"https:\/\/devaharmony.com\/pl\/\"},{\"@type\":\"ListItem\",\"position\":2,\"name\":\"Czym jest JIVA?\"}]},{\"@type\":\"WebSite\",\"@id\":\"https:\/\/devaharmony.com\/pl\/#website\",\"url\":\"https:\/\/devaharmony.com\/pl\/\",\"name\":\"Deva Harmony Polska\",\"description\":\"Ajurwedyjskie Suplementy Diety\",\"potentialAction\":[{\"@type\":\"SearchAction\",\"target\":{\"@type\":\"EntryPoint\",\"urlTemplate\":\"https:\/\/devaharmony.com\/pl\/?s={search_term_string}\"},\"query-input\":\"required name=search_term_string\"}],\"inLanguage\":\"pl-PL\"}]}<\/script>\n<!-- \/ Yoast SEO plugin. -->","yoast_head_json":{"title":"Czym jest JIVA? - Deva Harmony Polska","robots":{"index":"index","follow":"follow","max-snippet":"max-snippet:-1","max-image-preview":"max-image-preview:large","max-video-preview":"max-video-preview:-1"},"canonical":"https:\/\/devaharmony.com\/pl\/czym-jest-jiva\/","og_locale":"pl_PL","og_type":"article","og_title":"Czym jest JIVA? - Deva Harmony Polska","og_description":"Inspirowanie os\u00f3b poszukuj\u0105cych zdrowia Jiva wierzy we wzmacnianie ka\u017cdej jednostki narz\u0119dziami transformacji. Pracujemy nad zaprojektowaniem ka\u017cdego szczeg\u00f3\u0142u w taki spos\u00f3b, aby edukowa\u0107 ludzi na temat Ajurwedy i umo\u017cliwia\u0107 im przej\u0119cie kontroli nad w\u0142asnym samopoczuciem. Robimy to poprzez tworzenie jasnych \u015bcie\u017cek leczenia, informacji umo\u017cliwiaj\u0105cych w\u0142a\u015bciwe dzia\u0142anie oraz holistyczne stosowanie zi\u00f3\u0142. Empatia le\u017cy u podstaw naszej nauki [&hellip;]","og_url":"https:\/\/devaharmony.com\/pl\/czym-jest-jiva\/","og_site_name":"Deva Harmony Polska","article_modified_time":"2023-07-17T13:04:12+00:00","twitter_card":"summary_large_image","twitter_misc":{"Szacowany czas czytania":"2 minuty"},"schema":{"@context":"https:\/\/schema.org","@graph":[{"@type":"WebPage","@id":"https:\/\/devaharmony.com\/pl\/czym-jest-jiva\/","url":"https:\/\/devaharmony.com\/pl\/czym-jest-jiva\/","name":"Czym jest JIVA? - Deva Harmony Polska","isPartOf":{"@id":"https:\/\/devaharmony.com\/pl\/#website"},"datePublished":"2022-09-06T11:03:43+00:00","dateModified":"2023-07-17T13:04:12+00:00","breadcrumb":{"@id":"https:\/\/devaharmony.com\/pl\/czym-jest-jiva\/#breadcrumb"},"inLanguage":"pl-PL","potentialAction":[{"@type":"ReadAction","target":["https:\/\/devaharmony.com\/pl\/czym-jest-jiva\/"]}]},{"@type":"BreadcrumbList","@id":"https:\/\/devaharmony.com\/pl\/czym-jest-jiva\/#breadcrumb","itemListElement":[{"@type":"ListItem","position":1,"name":"Strona g\u0142\u00f3wna","item":"https:\/\/devaharmony.com\/pl\/"},{"@type":"ListItem","position":2,"name":"Czym jest JIVA?"}]},{"@type":"WebSite","@id":"https:\/\/devaharmony.com\/pl\/#website","url":"https:\/\/devaharmony.com\/pl\/","name":"Deva Harmony Polska","description":"Ajurwedyjskie Suplementy Diety","potentialAction":[{"@type":"SearchAction","target":{"@type":"EntryPoint","urlTemplate":"https:\/\/devaharmony.com\/pl\/?s={search_term_string}"},"query-input":"required name=search_term_string"}],"inLanguage":"pl-PL"}]}},"_links":{"self":[{"href":"https:\/\/devaharmony.com\/pl\/wp-json\/wp\/v2\/pages\/8095","targetHints":{"allow":["GET"]}}],"collection":[{"href":"https:\/\/devaharmony.com\/pl\/wp-json\/wp\/v2\/pages"}],"about":[{"href":"https:\/\/devaharmony.com\/pl\/wp-json\/wp\/v2\/types\/page"}],"author":[{"embeddable":true,"href":"https:\/\/devaharmony.com\/pl\/wp-json\/wp\/v2\/users\/59"}],"replies":[{"embeddable":true,"href":"https:\/\/devaharmony.com\/pl\/wp-json\/wp\/v2\/comments?post=8095"}],"version-history":[{"count":17,"href":"https:\/\/devaharmony.com\/pl\/wp-json\/wp\/v2\/pages\/8095\/revisions"}],"predecessor-version":[{"id":19555,"href":"https:\/\/devaharmony.com\/pl\/wp-json\/wp\/v2\/pages\/8095\/revisions\/19555"}],"wp:attachment":[{"href":"https:\/\/devaharmony.com\/pl\/wp-json\/wp\/v2\/media?parent=8095"}],"curies":[{"name":"wp","href":"https:\/\/api.w.org\/{rel}","templated":true}]}}