{"id":765,"date":"2021-04-01T16:52:04","date_gmt":"2021-04-01T16:52:04","guid":{"rendered":"https:\/\/devaharmony.com\/pl\/?page_id=765"},"modified":"2022-05-16T13:29:05","modified_gmt":"2022-05-16T13:29:05","slug":"atma-akademia-ajurwedy","status":"publish","type":"page","link":"https:\/\/devaharmony.com\/pl\/atma-akademia-ajurwedy\/","title":{"rendered":"Akademia Ajurwedy"},"content":{"rendered":"\n<p>Madro\u015b\u0107 Ajurwedy jest nieprzemijaj\u0105ca. Dzi\u0119ki g\u0142\u0119bokiemu zrozumieniu natury cz\u0142owieka, Ajurweda jest w stanie odpowiedzie\u0107 na wiele pyta\u0144 dotycz\u0105cych ludzkiego \u017cycia. Jak dba\u0107 o siebie by nie chorowa\u0107? Jak si\u0119 od\u017cywia\u0107? Jak budowa\u0107 szcz\u0119\u015bliwe relacje? Jak znale\u017a\u0107 mi\u0142o\u015b\u0107 w \u017cyciu? Jak by\u0107 szcz\u0119\u015bliwym? Ale tak\u017ce: Kim jestem? I jaki jest cel ludzkiego \u017cycia.<br>Ajurweda zawsze rozpatruje cz\u0142owieka w po\u0142\u0105czeniu z natur\u0105 i spo\u0142eczno\u015bci\u0105 w kt\u00f3rej \u017cyje, uczy nas jak \u017cy\u0107 w harmonii<br>i r\u00f3wnowadze.<br>Wierzymy i\u017c stosowanie jej zasad zmienia \u017cycie ka\u017cdego cz\u0142owieka na lepsze.<\/p>\n\n\n\n<p>Zar\u00f3wno Akademia Atma jak i Ajurweda.pl powsta\u0142y z mi\u0142o\u015bci do Ajurwedy i ch\u0119ci dzielenia si\u0119 t\u0105 wiedza z innymi.<\/p>\n\n\n\n<p>El\u017cbieta \u017buk-Widma\u0144ska i Edyta Sici\u0144ska<\/p>\n\n\n\n<p><a href=\"https:\/\/akademiaatma.com\/\" target=\"_blank\" rel=\"nofollow noopener\">https:\/\/akademiaatma.com\/<\/a><\/p>\n\n\n\n<p><a href=\"https:\/\/ajurweda.pl\/\" target=\"_blank\" rel=\"nofollow noopener\">http:\/\/ajurweda.pl\/<\/a><\/p>\n","protected":false},"excerpt":{"rendered":"<p>Madro\u015b\u0107 Ajurwedy jest nieprzemijaj\u0105ca. Dzi\u0119ki g\u0142\u0119bokiemu zrozumieniu natury cz\u0142owieka, Ajurweda jest w stanie odpowiedzie\u0107 na wiele pyta\u0144 dotycz\u0105cych ludzkiego \u017cycia. Jak dba\u0107 o siebie by nie chorowa\u0107? Jak si\u0119 od\u017cywia\u0107? Jak budowa\u0107 szcz\u0119\u015bliwe relacje? Jak znale\u017a\u0107 mi\u0142o\u015b\u0107 w \u017cyciu? Jak by\u0107 szcz\u0119\u015bliwym? Ale tak\u017ce: Kim jestem? I jaki jest cel ludzkiego \u017cycia.Ajurweda zawsze rozpatruje cz\u0142owieka [&hellip;]<\/p>\n","protected":false},"author":1,"featured_media":0,"parent":0,"menu_order":0,"comment_status":"closed","ping_status":"closed","template":"","meta":{"_editorskit_title_hidden":false,"_editorskit_reading_time":0,"_editorskit_is_block_options_detached":false,"_editorskit_block_options_position":"{}","footnotes":""},"class_list":["post-765","page","type-page","status-publish","hentry"],"acf":[],"yoast_head":"<!-- This site is optimized with the Yoast SEO plugin v23.1 - https:\/\/yoast.com\/wordpress\/plugins\/seo\/ -->\n<title>Akademia Ajurwedy - Deva Harmony Polska<\/title>\n<meta name=\"robots\" content=\"index, follow, max-snippet:-1, max-image-preview:large, max-video-preview:-1\" \/>\n<link rel=\"canonical\" href=\"https:\/\/devaharmony.com\/pl\/atma-akademia-ajurwedy\/\" \/>\n<meta property=\"og:locale\" content=\"pl_PL\" \/>\n<meta property=\"og:type\" content=\"article\" \/>\n<meta property=\"og:title\" content=\"Akademia Ajurwedy - Deva Harmony Polska\" \/>\n<meta property=\"og:description\" content=\"Madro\u015b\u0107 Ajurwedy jest nieprzemijaj\u0105ca. Dzi\u0119ki g\u0142\u0119bokiemu zrozumieniu natury cz\u0142owieka, Ajurweda jest w stanie odpowiedzie\u0107 na wiele pyta\u0144 dotycz\u0105cych ludzkiego \u017cycia. Jak dba\u0107 o siebie by nie chorowa\u0107? Jak si\u0119 od\u017cywia\u0107? Jak budowa\u0107 szcz\u0119\u015bliwe relacje? Jak znale\u017a\u0107 mi\u0142o\u015b\u0107 w \u017cyciu? Jak by\u0107 szcz\u0119\u015bliwym? Ale tak\u017ce: Kim jestem? I jaki jest cel ludzkiego \u017cycia.Ajurweda zawsze rozpatruje cz\u0142owieka [&hellip;]\" \/>\n<meta property=\"og:url\" content=\"https:\/\/devaharmony.com\/pl\/atma-akademia-ajurwedy\/\" \/>\n<meta property=\"og:site_name\" content=\"Deva Harmony Polska\" \/>\n<meta property=\"article:modified_time\" content=\"2022-05-16T13:29:05+00:00\" \/>\n<meta name=\"twitter:card\" content=\"summary_large_image\" \/>\n<meta name=\"twitter:label1\" content=\"Szacowany czas czytania\" \/>\n\t<meta name=\"twitter:data1\" content=\"1 minuta\" \/>\n<script type=\"application\/ld+json\" class=\"yoast-schema-graph\">{\"@context\":\"https:\/\/schema.org\",\"@graph\":[{\"@type\":\"WebPage\",\"@id\":\"https:\/\/devaharmony.com\/pl\/atma-akademia-ajurwedy\/\",\"url\":\"https:\/\/devaharmony.com\/pl\/atma-akademia-ajurwedy\/\",\"name\":\"Akademia Ajurwedy - Deva Harmony Polska\",\"isPartOf\":{\"@id\":\"https:\/\/devaharmony.com\/pl\/#website\"},\"datePublished\":\"2021-04-01T16:52:04+00:00\",\"dateModified\":\"2022-05-16T13:29:05+00:00\",\"breadcrumb\":{\"@id\":\"https:\/\/devaharmony.com\/pl\/atma-akademia-ajurwedy\/#breadcrumb\"},\"inLanguage\":\"pl-PL\",\"potentialAction\":[{\"@type\":\"ReadAction\",\"target\":[\"https:\/\/devaharmony.com\/pl\/atma-akademia-ajurwedy\/\"]}]},{\"@type\":\"BreadcrumbList\",\"@id\":\"https:\/\/devaharmony.com\/pl\/atma-akademia-ajurwedy\/#breadcrumb\",\"itemListElement\":[{\"@type\":\"ListItem\",\"position\":1,\"name\":\"Strona g\u0142\u00f3wna\",\"item\":\"https:\/\/devaharmony.com\/pl\/\"},{\"@type\":\"ListItem\",\"position\":2,\"name\":\"Akademia Ajurwedy\"}]},{\"@type\":\"WebSite\",\"@id\":\"https:\/\/devaharmony.com\/pl\/#website\",\"url\":\"https:\/\/devaharmony.com\/pl\/\",\"name\":\"Deva Harmony Polska\",\"description\":\"Ajurwedyjskie Suplementy Diety\",\"potentialAction\":[{\"@type\":\"SearchAction\",\"target\":{\"@type\":\"EntryPoint\",\"urlTemplate\":\"https:\/\/devaharmony.com\/pl\/?s={search_term_string}\"},\"query-input\":\"required name=search_term_string\"}],\"inLanguage\":\"pl-PL\"}]}<\/script>\n<!-- \/ Yoast SEO plugin. -->","yoast_head_json":{"title":"Akademia Ajurwedy - Deva Harmony Polska","robots":{"index":"index","follow":"follow","max-snippet":"max-snippet:-1","max-image-preview":"max-image-preview:large","max-video-preview":"max-video-preview:-1"},"canonical":"https:\/\/devaharmony.com\/pl\/atma-akademia-ajurwedy\/","og_locale":"pl_PL","og_type":"article","og_title":"Akademia Ajurwedy - Deva Harmony Polska","og_description":"Madro\u015b\u0107 Ajurwedy jest nieprzemijaj\u0105ca. Dzi\u0119ki g\u0142\u0119bokiemu zrozumieniu natury cz\u0142owieka, Ajurweda jest w stanie odpowiedzie\u0107 na wiele pyta\u0144 dotycz\u0105cych ludzkiego \u017cycia. Jak dba\u0107 o siebie by nie chorowa\u0107? Jak si\u0119 od\u017cywia\u0107? Jak budowa\u0107 szcz\u0119\u015bliwe relacje? Jak znale\u017a\u0107 mi\u0142o\u015b\u0107 w \u017cyciu? Jak by\u0107 szcz\u0119\u015bliwym? Ale tak\u017ce: Kim jestem? I jaki jest cel ludzkiego \u017cycia.Ajurweda zawsze rozpatruje cz\u0142owieka [&hellip;]","og_url":"https:\/\/devaharmony.com\/pl\/atma-akademia-ajurwedy\/","og_site_name":"Deva Harmony Polska","article_modified_time":"2022-05-16T13:29:05+00:00","twitter_card":"summary_large_image","twitter_misc":{"Szacowany czas czytania":"1 minuta"},"schema":{"@context":"https:\/\/schema.org","@graph":[{"@type":"WebPage","@id":"https:\/\/devaharmony.com\/pl\/atma-akademia-ajurwedy\/","url":"https:\/\/devaharmony.com\/pl\/atma-akademia-ajurwedy\/","name":"Akademia Ajurwedy - Deva Harmony Polska","isPartOf":{"@id":"https:\/\/devaharmony.com\/pl\/#website"},"datePublished":"2021-04-01T16:52:04+00:00","dateModified":"2022-05-16T13:29:05+00:00","breadcrumb":{"@id":"https:\/\/devaharmony.com\/pl\/atma-akademia-ajurwedy\/#breadcrumb"},"inLanguage":"pl-PL","potentialAction":[{"@type":"ReadAction","target":["https:\/\/devaharmony.com\/pl\/atma-akademia-ajurwedy\/"]}]},{"@type":"BreadcrumbList","@id":"https:\/\/devaharmony.com\/pl\/atma-akademia-ajurwedy\/#breadcrumb","itemListElement":[{"@type":"ListItem","position":1,"name":"Strona g\u0142\u00f3wna","item":"https:\/\/devaharmony.com\/pl\/"},{"@type":"ListItem","position":2,"name":"Akademia Ajurwedy"}]},{"@type":"WebSite","@id":"https:\/\/devaharmony.com\/pl\/#website","url":"https:\/\/devaharmony.com\/pl\/","name":"Deva Harmony Polska","description":"Ajurwedyjskie Suplementy Diety","potentialAction":[{"@type":"SearchAction","target":{"@type":"EntryPoint","urlTemplate":"https:\/\/devaharmony.com\/pl\/?s={search_term_string}"},"query-input":"required name=search_term_string"}],"inLanguage":"pl-PL"}]}},"_links":{"self":[{"href":"https:\/\/devaharmony.com\/pl\/wp-json\/wp\/v2\/pages\/765","targetHints":{"allow":["GET"]}}],"collection":[{"href":"https:\/\/devaharmony.com\/pl\/wp-json\/wp\/v2\/pages"}],"about":[{"href":"https:\/\/devaharmony.com\/pl\/wp-json\/wp\/v2\/types\/page"}],"author":[{"embeddable":true,"href":"https:\/\/devaharmony.com\/pl\/wp-json\/wp\/v2\/users\/1"}],"replies":[{"embeddable":true,"href":"https:\/\/devaharmony.com\/pl\/wp-json\/wp\/v2\/comments?post=765"}],"version-history":[{"count":3,"href":"https:\/\/devaharmony.com\/pl\/wp-json\/wp\/v2\/pages\/765\/revisions"}],"predecessor-version":[{"id":30745,"href":"https:\/\/devaharmony.com\/pl\/wp-json\/wp\/v2\/pages\/765\/revisions\/30745"}],"wp:attachment":[{"href":"https:\/\/devaharmony.com\/pl\/wp-json\/wp\/v2\/media?parent=765"}],"curies":[{"name":"wp","href":"https:\/\/api.w.org\/{rel}","templated":true}]}}