{"id":7315,"date":"2023-01-25T10:28:40","date_gmt":"2023-01-25T09:28:40","guid":{"rendered":"https:\/\/devaharmony.com\/pl\/?page_id=7315"},"modified":"2023-07-18T08:18:36","modified_gmt":"2023-07-18T07:18:36","slug":"wywiad-z-dr-partap-chauhan","status":"publish","type":"page","link":"https:\/\/devaharmony.com\/pl\/wywiad-z-dr-partap-chauhan\/","title":{"rendered":"Wywiad z Dr. Partap Chauhan"},"content":{"rendered":"\n<p>Dr Partap Chauhan, jeden z najs\u0142ynniejszych obecnie doktor\u00f3w ajurwedyjskich na \u015bwiecie wyja\u015bnia, na czym polega ajurwedyjskie leczenie i czym charakteryzuje si\u0119 diagnostyka tego prastarego systemu w ekskluzywnym wywiadzie, kt\u00f3rego udzieli\u0142 podczas promocji swojej ksi\u0105\u017cki w Polsce. <\/p>\n\n\n\n<figure class=\"wp-block-embed aligncenter is-type-rich is-provider-obsluga-osadzania wp-block-embed-obsluga-osadzania wp-embed-aspect-16-9 wp-has-aspect-ratio\"><div class=\"wp-block-embed__wrapper\">\n<iframe title=\"JAK WYGL\u0104DA LECZENIE AJURWEDYJSKIE \u2013 dr Partap Chauhan\" width=\"500\" height=\"281\" src=\"https:\/\/www.youtube.com\/embed\/mihrODyWD0U?feature=oembed\" frameborder=\"0\" allow=\"accelerometer; autoplay; clipboard-write; encrypted-media; gyroscope; picture-in-picture; web-share\" referrerpolicy=\"strict-origin-when-cross-origin\" allowfullscreen><\/iframe>\n<\/div><figcaption>Jak wygl\u0105da leczenie ajurwedyjskie<\/figcaption><\/figure>\n\n\n\n<hr class=\"wp-block-separator has-text-color has-background has-black-background-color has-black-color is-style-default\"\/>\n\n\n\n<figure class=\"wp-block-embed aligncenter is-type-rich is-provider-obsluga-osadzania wp-block-embed-obsluga-osadzania wp-embed-aspect-16-9 wp-has-aspect-ratio\"><div class=\"wp-block-embed__wrapper\">\n<iframe title=\"CZYM JEST CHOROBA w uj\u0119ciu ajurwedy\" width=\"500\" height=\"281\" src=\"https:\/\/www.youtube.com\/embed\/VsI6ZH5yFaU?feature=oembed\" frameborder=\"0\" allow=\"accelerometer; autoplay; clipboard-write; encrypted-media; gyroscope; picture-in-picture; web-share\" referrerpolicy=\"strict-origin-when-cross-origin\" allowfullscreen><\/iframe>\n<\/div><figcaption>Czym jest choroba w uj\u0119ciu ajurwedy<\/figcaption><\/figure>\n\n\n\n<hr class=\"wp-block-separator is-style-default\"\/>\n\n\n\n<figure class=\"wp-block-embed aligncenter is-type-rich is-provider-obsluga-osadzania wp-block-embed-obsluga-osadzania wp-embed-aspect-16-9 wp-has-aspect-ratio\"><div class=\"wp-block-embed__wrapper\">\n<iframe title=\"DLACZEGO LUDZIE CHORUJ\u0104? \u2013 dr Partap Chauhan\" width=\"500\" height=\"281\" src=\"https:\/\/www.youtube.com\/embed\/AexmnBmsb78?feature=oembed\" frameborder=\"0\" allow=\"accelerometer; autoplay; clipboard-write; encrypted-media; gyroscope; picture-in-picture; web-share\" referrerpolicy=\"strict-origin-when-cross-origin\" allowfullscreen><\/iframe>\n<\/div><figcaption>Dlaczego ludzie choruj\u0105?<\/figcaption><\/figure>\n\n\n\n<hr class=\"wp-block-separator is-style-default\"\/>\n\n\n\n<figure class=\"wp-block-embed is-type-rich is-provider-obsluga-osadzania wp-block-embed-obsluga-osadzania wp-embed-aspect-16-9 wp-has-aspect-ratio\"><div class=\"wp-block-embed__wrapper\">\n<iframe title=\"JAK ZACHOWA\u0106 M\u0141ODO\u015a\u0106 \u2013 dr Partap Chauhan\" width=\"500\" height=\"281\" src=\"https:\/\/www.youtube.com\/embed\/HQbG_amWiQ4?feature=oembed\" frameborder=\"0\" allow=\"accelerometer; autoplay; clipboard-write; encrypted-media; gyroscope; picture-in-picture; web-share\" referrerpolicy=\"strict-origin-when-cross-origin\" allowfullscreen><\/iframe>\n<\/div><figcaption>Jak zachowa\u0107 m\u0142odo\u015b\u0107<\/figcaption><\/figure>\n\n\n\n<hr class=\"wp-block-separator is-style-default\"\/>\n\n\n\n<figure class=\"wp-block-embed is-type-rich is-provider-obsluga-osadzania wp-block-embed-obsluga-osadzania wp-embed-aspect-16-9 wp-has-aspect-ratio\"><div class=\"wp-block-embed__wrapper\">\n<iframe title=\"CHOROBY PSYCHICZNE w uj\u0119ciu ajurwedy \u2013 dr Partap Chauhan\" width=\"500\" height=\"281\" src=\"https:\/\/www.youtube.com\/embed\/LJ_HTPAxZ90?feature=oembed\" frameborder=\"0\" allow=\"accelerometer; autoplay; clipboard-write; encrypted-media; gyroscope; picture-in-picture; web-share\" referrerpolicy=\"strict-origin-when-cross-origin\" allowfullscreen><\/iframe>\n<\/div><figcaption>Choroby psychiczne w uj\u0119ciu ajurwedy<\/figcaption><\/figure>\n\n\n\n<hr class=\"wp-block-separator is-style-default\"\/>\n\n\n\n<figure class=\"wp-block-embed is-type-rich is-provider-obsluga-osadzania wp-block-embed-obsluga-osadzania wp-embed-aspect-16-9 wp-has-aspect-ratio\"><div class=\"wp-block-embed__wrapper\">\n<iframe title=\"LECZENIE DZIECI w ajurwedzie \u2013 dr Partap Chauhan\" width=\"500\" height=\"281\" src=\"https:\/\/www.youtube.com\/embed\/SIBx10yzVzU?feature=oembed\" frameborder=\"0\" allow=\"accelerometer; autoplay; clipboard-write; encrypted-media; gyroscope; picture-in-picture; web-share\" referrerpolicy=\"strict-origin-when-cross-origin\" allowfullscreen><\/iframe>\n<\/div><figcaption>Leczenie dzieci w ajurwedzie<\/figcaption><\/figure>\n\n\n\n<hr class=\"wp-block-separator is-style-default\"\/>\n\n\n\n<figure class=\"wp-block-embed is-type-rich is-provider-obsluga-osadzania wp-block-embed-obsluga-osadzania wp-embed-aspect-16-9 wp-has-aspect-ratio\"><div class=\"wp-block-embed__wrapper\">\n<iframe title=\"AJURWEDA I PI\u0118KNO \u2013 dr Partap Chauhan\" width=\"500\" height=\"281\" src=\"https:\/\/www.youtube.com\/embed\/LaYpc_kdIWo?feature=oembed\" frameborder=\"0\" allow=\"accelerometer; autoplay; clipboard-write; encrypted-media; gyroscope; picture-in-picture; web-share\" referrerpolicy=\"strict-origin-when-cross-origin\" allowfullscreen><\/iframe>\n<\/div><figcaption>Ajurweda i pi\u0119kno<\/figcaption><\/figure>\n\n\n\n<hr class=\"wp-block-separator is-style-default\"\/>\n\n\n\n<figure class=\"wp-block-embed is-type-rich is-provider-obsluga-osadzania wp-block-embed-obsluga-osadzania wp-embed-aspect-16-9 wp-has-aspect-ratio\"><div class=\"wp-block-embed__wrapper\">\n<iframe title=\"OD CZEGO ZALE\u017bY NASZE PI\u0118KNO \u2013 dr Partap Chauhan\" width=\"500\" height=\"281\" src=\"https:\/\/www.youtube.com\/embed\/oKIJ2GrsElI?feature=oembed\" frameborder=\"0\" allow=\"accelerometer; autoplay; clipboard-write; encrypted-media; gyroscope; picture-in-picture; web-share\" referrerpolicy=\"strict-origin-when-cross-origin\" allowfullscreen><\/iframe>\n<\/div><figcaption>Od czego zale\u017cy nasze pi\u0119kno<\/figcaption><\/figure>\n\n\n\n<hr class=\"wp-block-separator is-style-default\"\/>\n","protected":false},"excerpt":{"rendered":"<p>Dr Partap Chauhan, jeden z najs\u0142ynniejszych obecnie doktor\u00f3w ajurwedyjskich na \u015bwiecie wyja\u015bnia, na czym polega ajurwedyjskie leczenie i czym charakteryzuje si\u0119 diagnostyka tego prastarego systemu w ekskluzywnym wywiadzie, kt\u00f3rego udzieli\u0142 podczas promocji swojej ksi\u0105\u017cki w Polsce.<\/p>\n","protected":false},"author":59,"featured_media":0,"parent":0,"menu_order":0,"comment_status":"closed","ping_status":"closed","template":"","meta":{"_editorskit_title_hidden":false,"_editorskit_reading_time":0,"_editorskit_is_block_options_detached":false,"_editorskit_block_options_position":"{}","footnotes":""},"class_list":["post-7315","page","type-page","status-publish","hentry"],"acf":[],"yoast_head":"<!-- This site is optimized with the Yoast SEO plugin v23.1 - https:\/\/yoast.com\/wordpress\/plugins\/seo\/ -->\n<title>Wywiad z Dr. Partap Chauhan - Deva Harmony Polska<\/title>\n<meta name=\"robots\" content=\"index, follow, max-snippet:-1, max-image-preview:large, max-video-preview:-1\" \/>\n<link rel=\"canonical\" href=\"https:\/\/devaharmony.com\/pl\/wywiad-z-dr-partap-chauhan\/\" \/>\n<meta property=\"og:locale\" content=\"pl_PL\" \/>\n<meta property=\"og:type\" content=\"article\" \/>\n<meta property=\"og:title\" content=\"Wywiad z Dr. Partap Chauhan - Deva Harmony Polska\" \/>\n<meta property=\"og:description\" content=\"Dr Partap Chauhan, jeden z najs\u0142ynniejszych obecnie doktor\u00f3w ajurwedyjskich na \u015bwiecie wyja\u015bnia, na czym polega ajurwedyjskie leczenie i czym charakteryzuje si\u0119 diagnostyka tego prastarego systemu w ekskluzywnym wywiadzie, kt\u00f3rego udzieli\u0142 podczas promocji swojej ksi\u0105\u017cki w Polsce.\" \/>\n<meta property=\"og:url\" content=\"https:\/\/devaharmony.com\/pl\/wywiad-z-dr-partap-chauhan\/\" \/>\n<meta property=\"og:site_name\" content=\"Deva Harmony Polska\" \/>\n<meta property=\"article:modified_time\" content=\"2023-07-18T07:18:36+00:00\" \/>\n<meta name=\"twitter:card\" content=\"summary_large_image\" \/>\n<meta name=\"twitter:label1\" content=\"Szacowany czas czytania\" \/>\n\t<meta name=\"twitter:data1\" content=\"1 minuta\" \/>\n<script type=\"application\/ld+json\" class=\"yoast-schema-graph\">{\"@context\":\"https:\/\/schema.org\",\"@graph\":[{\"@type\":\"WebPage\",\"@id\":\"https:\/\/devaharmony.com\/pl\/wywiad-z-dr-partap-chauhan\/\",\"url\":\"https:\/\/devaharmony.com\/pl\/wywiad-z-dr-partap-chauhan\/\",\"name\":\"Wywiad z Dr. Partap Chauhan - Deva Harmony Polska\",\"isPartOf\":{\"@id\":\"https:\/\/devaharmony.com\/pl\/#website\"},\"datePublished\":\"2023-01-25T09:28:40+00:00\",\"dateModified\":\"2023-07-18T07:18:36+00:00\",\"breadcrumb\":{\"@id\":\"https:\/\/devaharmony.com\/pl\/wywiad-z-dr-partap-chauhan\/#breadcrumb\"},\"inLanguage\":\"pl-PL\",\"potentialAction\":[{\"@type\":\"ReadAction\",\"target\":[\"https:\/\/devaharmony.com\/pl\/wywiad-z-dr-partap-chauhan\/\"]}]},{\"@type\":\"BreadcrumbList\",\"@id\":\"https:\/\/devaharmony.com\/pl\/wywiad-z-dr-partap-chauhan\/#breadcrumb\",\"itemListElement\":[{\"@type\":\"ListItem\",\"position\":1,\"name\":\"Strona g\u0142\u00f3wna\",\"item\":\"https:\/\/devaharmony.com\/pl\/\"},{\"@type\":\"ListItem\",\"position\":2,\"name\":\"Wywiad z Dr. Partap Chauhan\"}]},{\"@type\":\"WebSite\",\"@id\":\"https:\/\/devaharmony.com\/pl\/#website\",\"url\":\"https:\/\/devaharmony.com\/pl\/\",\"name\":\"Deva Harmony Polska\",\"description\":\"Ajurwedyjskie Suplementy Diety\",\"potentialAction\":[{\"@type\":\"SearchAction\",\"target\":{\"@type\":\"EntryPoint\",\"urlTemplate\":\"https:\/\/devaharmony.com\/pl\/?s={search_term_string}\"},\"query-input\":\"required name=search_term_string\"}],\"inLanguage\":\"pl-PL\"}]}<\/script>\n<!-- \/ Yoast SEO plugin. -->","yoast_head_json":{"title":"Wywiad z Dr. Partap Chauhan - Deva Harmony Polska","robots":{"index":"index","follow":"follow","max-snippet":"max-snippet:-1","max-image-preview":"max-image-preview:large","max-video-preview":"max-video-preview:-1"},"canonical":"https:\/\/devaharmony.com\/pl\/wywiad-z-dr-partap-chauhan\/","og_locale":"pl_PL","og_type":"article","og_title":"Wywiad z Dr. Partap Chauhan - Deva Harmony Polska","og_description":"Dr Partap Chauhan, jeden z najs\u0142ynniejszych obecnie doktor\u00f3w ajurwedyjskich na \u015bwiecie wyja\u015bnia, na czym polega ajurwedyjskie leczenie i czym charakteryzuje si\u0119 diagnostyka tego prastarego systemu w ekskluzywnym wywiadzie, kt\u00f3rego udzieli\u0142 podczas promocji swojej ksi\u0105\u017cki w Polsce.","og_url":"https:\/\/devaharmony.com\/pl\/wywiad-z-dr-partap-chauhan\/","og_site_name":"Deva Harmony Polska","article_modified_time":"2023-07-18T07:18:36+00:00","twitter_card":"summary_large_image","twitter_misc":{"Szacowany czas czytania":"1 minuta"},"schema":{"@context":"https:\/\/schema.org","@graph":[{"@type":"WebPage","@id":"https:\/\/devaharmony.com\/pl\/wywiad-z-dr-partap-chauhan\/","url":"https:\/\/devaharmony.com\/pl\/wywiad-z-dr-partap-chauhan\/","name":"Wywiad z Dr. Partap Chauhan - Deva Harmony Polska","isPartOf":{"@id":"https:\/\/devaharmony.com\/pl\/#website"},"datePublished":"2023-01-25T09:28:40+00:00","dateModified":"2023-07-18T07:18:36+00:00","breadcrumb":{"@id":"https:\/\/devaharmony.com\/pl\/wywiad-z-dr-partap-chauhan\/#breadcrumb"},"inLanguage":"pl-PL","potentialAction":[{"@type":"ReadAction","target":["https:\/\/devaharmony.com\/pl\/wywiad-z-dr-partap-chauhan\/"]}]},{"@type":"BreadcrumbList","@id":"https:\/\/devaharmony.com\/pl\/wywiad-z-dr-partap-chauhan\/#breadcrumb","itemListElement":[{"@type":"ListItem","position":1,"name":"Strona g\u0142\u00f3wna","item":"https:\/\/devaharmony.com\/pl\/"},{"@type":"ListItem","position":2,"name":"Wywiad z Dr. Partap Chauhan"}]},{"@type":"WebSite","@id":"https:\/\/devaharmony.com\/pl\/#website","url":"https:\/\/devaharmony.com\/pl\/","name":"Deva Harmony Polska","description":"Ajurwedyjskie Suplementy Diety","potentialAction":[{"@type":"SearchAction","target":{"@type":"EntryPoint","urlTemplate":"https:\/\/devaharmony.com\/pl\/?s={search_term_string}"},"query-input":"required name=search_term_string"}],"inLanguage":"pl-PL"}]}},"_links":{"self":[{"href":"https:\/\/devaharmony.com\/pl\/wp-json\/wp\/v2\/pages\/7315","targetHints":{"allow":["GET"]}}],"collection":[{"href":"https:\/\/devaharmony.com\/pl\/wp-json\/wp\/v2\/pages"}],"about":[{"href":"https:\/\/devaharmony.com\/pl\/wp-json\/wp\/v2\/types\/page"}],"author":[{"embeddable":true,"href":"https:\/\/devaharmony.com\/pl\/wp-json\/wp\/v2\/users\/59"}],"replies":[{"embeddable":true,"href":"https:\/\/devaharmony.com\/pl\/wp-json\/wp\/v2\/comments?post=7315"}],"version-history":[{"count":16,"href":"https:\/\/devaharmony.com\/pl\/wp-json\/wp\/v2\/pages\/7315\/revisions"}],"predecessor-version":[{"id":19624,"href":"https:\/\/devaharmony.com\/pl\/wp-json\/wp\/v2\/pages\/7315\/revisions\/19624"}],"wp:attachment":[{"href":"https:\/\/devaharmony.com\/pl\/wp-json\/wp\/v2\/media?parent=7315"}],"curies":[{"name":"wp","href":"https:\/\/api.w.org\/{rel}","templated":true}]}}