{"id":6871,"date":"2022-07-18T06:08:57","date_gmt":"2022-07-18T06:08:57","guid":{"rendered":"https:\/\/devaharmony.com\/pl\/?page_id=6871"},"modified":"2025-05-14T13:04:31","modified_gmt":"2025-05-14T12:04:31","slug":"partnerzy-b2b","status":"publish","type":"page","link":"https:\/\/devaharmony.com\/pl\/partnerzy-b2b\/","title":{"rendered":"Zosta\u0144 naszym partnerem!"},"content":{"rendered":"\n<p><strong><img decoding=\"async\" src=\"https:\/\/lh5.googleusercontent.com\/XmJ3xfaNya8JawLJIt6MdU_Cv8eBSnySU5WMGAKBgooYk9C6eSRYEY9ZpOSrJJ9c4KEzQBgfND8fg4opZQ59N1HSv6qaab_MsamJYUp4QOtoJZmBnIx48_gvCjHQYQ\" width=\"120\" height=\"123\"><\/strong><\/p>\n\n\n\n<p><strong>Ajurweda w Twojej ofercie \u2013 m\u0105drze, autentycznie i z korzy\u015bci\u0105 dla Twoich klient\u00f3w.<\/strong><br>Zapraszamy do wsp\u00f3\u0142pracy sklepy, zielarnie, apteki, kliniki i terapeut\u00f3w, kt\u00f3rzy chc\u0105 oferowa\u0107 certyfikowane, ajurwedyjskie suplementy diety i kosmetyki naturalne najwy\u017cszej jako\u015bci.<\/p>\n\n\n\n<div class=\"wp-block-buttons is-layout-flex wp-block-buttons-is-layout-flex\">\n<div class=\"wp-block-button\"><a class=\"wp-block-button__link has-background wp-element-button\" href=\"https:\/\/devaharmony.com\/pl\/wp-content\/uploads\/2025\/05\/Oferta-b2b.pdf\" style=\"background-color:#7ec676\" target=\"_blank\" rel=\"noreferrer noopener\"><strong>Oferta B2B<\/strong><\/a><\/div>\n<\/div>\n\n\n\n<p><br><br><strong>Rynek ajurwedy ro\u015bnie o ponad 27% rocznie<\/strong>, poniewa\u017c coraz wi\u0119cej os\u00f3b si\u0119ga po naturalne sposoby wspierania zdrowia i r\u00f3wnowagi. Zobacz nasz\u0105 <strong>prezentacj\u0119 rynkow\u0105<\/strong>, poznaj najwa\u017cniejsze trendy i przekonaj si\u0119, jak du\u017cy potencja\u0142 drzemie w produktach, kt\u00f3re oferujemy.<\/p>\n\n\n\n<div class=\"wp-block-buttons is-layout-flex wp-block-buttons-is-layout-flex\">\n<div class=\"wp-block-button\"><a class=\"wp-block-button__link has-background wp-element-button\" href=\"https:\/\/devaharmony.com\/pl\/wp-content\/uploads\/2025\/05\/Prezentacja-b2b.pdf\" style=\"background-color:#7ec676\" target=\"_blank\" rel=\"noreferrer noopener\"><strong>Prezentacja<\/strong><\/a><\/div>\n<\/div>\n\n\n\n<p><br><br><strong>Porozmawiajmy!<\/strong><\/p>\n\n\n\n<p>\ud83d\udcde <strong>Grzegorz Ludera &#8211; Prezes<\/strong><br>\ud83d\udce7 <a href=\"mailto:g.ludera@devaharmony.com\">g.ludera@devaharmony.com<\/a><br>\ud83d\udcf1 +48 516 021 406<\/p>\n\n\n\n<p>\ud83d\udcde<strong> Dzia\u0142 Obs\u0142ugi Klienta Biznesowego<\/strong><br>\ud83d\udce7 <a href=\"mailto:hurt@devaharmony.com\">hurt@devaharmony.com<\/a><br>\ud83d\udcf1 +48 531 022 011<\/p>\n\n\n\n<p><\/p>\n","protected":false},"excerpt":{"rendered":"<p>Ajurweda w Twojej ofercie \u2013 m\u0105drze, autentycznie i z korzy\u015bci\u0105 dla Twoich klient\u00f3w.Zapraszamy do wsp\u00f3\u0142pracy sklepy, zielarnie, apteki, kliniki i terapeut\u00f3w, kt\u00f3rzy chc\u0105 oferowa\u0107 certyfikowane, ajurwedyjskie suplementy diety i kosmetyki naturalne najwy\u017cszej jako\u015bci. Rynek ajurwedy ro\u015bnie o ponad 27% rocznie, poniewa\u017c coraz wi\u0119cej os\u00f3b si\u0119ga po naturalne sposoby wspierania zdrowia i r\u00f3wnowagi. Zobacz nasz\u0105 prezentacj\u0119 [&hellip;]<\/p>\n","protected":false},"author":59,"featured_media":0,"parent":0,"menu_order":0,"comment_status":"closed","ping_status":"closed","template":"","meta":{"_editorskit_title_hidden":false,"_editorskit_reading_time":0,"_editorskit_is_block_options_detached":false,"_editorskit_block_options_position":"{}","footnotes":""},"class_list":["post-6871","page","type-page","status-publish","hentry"],"acf":[],"yoast_head":"<!-- This site is optimized with the Yoast SEO plugin v23.1 - https:\/\/yoast.com\/wordpress\/plugins\/seo\/ -->\n<title>Zosta\u0144 naszym partnerem! - Deva Harmony Polska<\/title>\n<meta name=\"robots\" content=\"index, follow, max-snippet:-1, max-image-preview:large, max-video-preview:-1\" \/>\n<link rel=\"canonical\" href=\"https:\/\/devaharmony.com\/pl\/partnerzy-b2b\/\" \/>\n<meta property=\"og:locale\" content=\"pl_PL\" \/>\n<meta property=\"og:type\" content=\"article\" \/>\n<meta property=\"og:title\" content=\"Zosta\u0144 naszym partnerem! - Deva Harmony Polska\" \/>\n<meta property=\"og:description\" content=\"Ajurweda w Twojej ofercie \u2013 m\u0105drze, autentycznie i z korzy\u015bci\u0105 dla Twoich klient\u00f3w.Zapraszamy do wsp\u00f3\u0142pracy sklepy, zielarnie, apteki, kliniki i terapeut\u00f3w, kt\u00f3rzy chc\u0105 oferowa\u0107 certyfikowane, ajurwedyjskie suplementy diety i kosmetyki naturalne najwy\u017cszej jako\u015bci. Rynek ajurwedy ro\u015bnie o ponad 27% rocznie, poniewa\u017c coraz wi\u0119cej os\u00f3b si\u0119ga po naturalne sposoby wspierania zdrowia i r\u00f3wnowagi. Zobacz nasz\u0105 prezentacj\u0119 [&hellip;]\" \/>\n<meta property=\"og:url\" content=\"https:\/\/devaharmony.com\/pl\/partnerzy-b2b\/\" \/>\n<meta property=\"og:site_name\" content=\"Deva Harmony Polska\" \/>\n<meta property=\"article:modified_time\" content=\"2025-05-14T12:04:31+00:00\" \/>\n<meta property=\"og:image\" content=\"https:\/\/lh5.googleusercontent.com\/XmJ3xfaNya8JawLJIt6MdU_Cv8eBSnySU5WMGAKBgooYk9C6eSRYEY9ZpOSrJJ9c4KEzQBgfND8fg4opZQ59N1HSv6qaab_MsamJYUp4QOtoJZmBnIx48_gvCjHQYQ\" \/>\n<meta name=\"twitter:card\" content=\"summary_large_image\" \/>\n<meta name=\"twitter:label1\" content=\"Szacowany czas czytania\" \/>\n\t<meta name=\"twitter:data1\" content=\"1 minuta\" \/>\n<script type=\"application\/ld+json\" class=\"yoast-schema-graph\">{\"@context\":\"https:\/\/schema.org\",\"@graph\":[{\"@type\":\"WebPage\",\"@id\":\"https:\/\/devaharmony.com\/pl\/partnerzy-b2b\/\",\"url\":\"https:\/\/devaharmony.com\/pl\/partnerzy-b2b\/\",\"name\":\"Zosta\u0144 naszym partnerem! - Deva Harmony Polska\",\"isPartOf\":{\"@id\":\"https:\/\/devaharmony.com\/pl\/#website\"},\"primaryImageOfPage\":{\"@id\":\"https:\/\/devaharmony.com\/pl\/partnerzy-b2b\/#primaryimage\"},\"image\":{\"@id\":\"https:\/\/devaharmony.com\/pl\/partnerzy-b2b\/#primaryimage\"},\"thumbnailUrl\":\"https:\/\/lh5.googleusercontent.com\/XmJ3xfaNya8JawLJIt6MdU_Cv8eBSnySU5WMGAKBgooYk9C6eSRYEY9ZpOSrJJ9c4KEzQBgfND8fg4opZQ59N1HSv6qaab_MsamJYUp4QOtoJZmBnIx48_gvCjHQYQ\",\"datePublished\":\"2022-07-18T06:08:57+00:00\",\"dateModified\":\"2025-05-14T12:04:31+00:00\",\"breadcrumb\":{\"@id\":\"https:\/\/devaharmony.com\/pl\/partnerzy-b2b\/#breadcrumb\"},\"inLanguage\":\"pl-PL\",\"potentialAction\":[{\"@type\":\"ReadAction\",\"target\":[\"https:\/\/devaharmony.com\/pl\/partnerzy-b2b\/\"]}]},{\"@type\":\"ImageObject\",\"inLanguage\":\"pl-PL\",\"@id\":\"https:\/\/devaharmony.com\/pl\/partnerzy-b2b\/#primaryimage\",\"url\":\"https:\/\/lh5.googleusercontent.com\/XmJ3xfaNya8JawLJIt6MdU_Cv8eBSnySU5WMGAKBgooYk9C6eSRYEY9ZpOSrJJ9c4KEzQBgfND8fg4opZQ59N1HSv6qaab_MsamJYUp4QOtoJZmBnIx48_gvCjHQYQ\",\"contentUrl\":\"https:\/\/lh5.googleusercontent.com\/XmJ3xfaNya8JawLJIt6MdU_Cv8eBSnySU5WMGAKBgooYk9C6eSRYEY9ZpOSrJJ9c4KEzQBgfND8fg4opZQ59N1HSv6qaab_MsamJYUp4QOtoJZmBnIx48_gvCjHQYQ\"},{\"@type\":\"BreadcrumbList\",\"@id\":\"https:\/\/devaharmony.com\/pl\/partnerzy-b2b\/#breadcrumb\",\"itemListElement\":[{\"@type\":\"ListItem\",\"position\":1,\"name\":\"Strona g\u0142\u00f3wna\",\"item\":\"https:\/\/devaharmony.com\/pl\/\"},{\"@type\":\"ListItem\",\"position\":2,\"name\":\"Zosta\u0144 naszym partnerem!\"}]},{\"@type\":\"WebSite\",\"@id\":\"https:\/\/devaharmony.com\/pl\/#website\",\"url\":\"https:\/\/devaharmony.com\/pl\/\",\"name\":\"Deva Harmony Polska\",\"description\":\"Ajurwedyjskie Suplementy Diety\",\"potentialAction\":[{\"@type\":\"SearchAction\",\"target\":{\"@type\":\"EntryPoint\",\"urlTemplate\":\"https:\/\/devaharmony.com\/pl\/?s={search_term_string}\"},\"query-input\":\"required name=search_term_string\"}],\"inLanguage\":\"pl-PL\"}]}<\/script>\n<!-- \/ Yoast SEO plugin. -->","yoast_head_json":{"title":"Zosta\u0144 naszym partnerem! - Deva Harmony Polska","robots":{"index":"index","follow":"follow","max-snippet":"max-snippet:-1","max-image-preview":"max-image-preview:large","max-video-preview":"max-video-preview:-1"},"canonical":"https:\/\/devaharmony.com\/pl\/partnerzy-b2b\/","og_locale":"pl_PL","og_type":"article","og_title":"Zosta\u0144 naszym partnerem! - Deva Harmony Polska","og_description":"Ajurweda w Twojej ofercie \u2013 m\u0105drze, autentycznie i z korzy\u015bci\u0105 dla Twoich klient\u00f3w.Zapraszamy do wsp\u00f3\u0142pracy sklepy, zielarnie, apteki, kliniki i terapeut\u00f3w, kt\u00f3rzy chc\u0105 oferowa\u0107 certyfikowane, ajurwedyjskie suplementy diety i kosmetyki naturalne najwy\u017cszej jako\u015bci. Rynek ajurwedy ro\u015bnie o ponad 27% rocznie, poniewa\u017c coraz wi\u0119cej os\u00f3b si\u0119ga po naturalne sposoby wspierania zdrowia i r\u00f3wnowagi. Zobacz nasz\u0105 prezentacj\u0119 [&hellip;]","og_url":"https:\/\/devaharmony.com\/pl\/partnerzy-b2b\/","og_site_name":"Deva Harmony Polska","article_modified_time":"2025-05-14T12:04:31+00:00","og_image":[{"url":"https:\/\/lh5.googleusercontent.com\/XmJ3xfaNya8JawLJIt6MdU_Cv8eBSnySU5WMGAKBgooYk9C6eSRYEY9ZpOSrJJ9c4KEzQBgfND8fg4opZQ59N1HSv6qaab_MsamJYUp4QOtoJZmBnIx48_gvCjHQYQ"}],"twitter_card":"summary_large_image","twitter_misc":{"Szacowany czas czytania":"1 minuta"},"schema":{"@context":"https:\/\/schema.org","@graph":[{"@type":"WebPage","@id":"https:\/\/devaharmony.com\/pl\/partnerzy-b2b\/","url":"https:\/\/devaharmony.com\/pl\/partnerzy-b2b\/","name":"Zosta\u0144 naszym partnerem! - Deva Harmony Polska","isPartOf":{"@id":"https:\/\/devaharmony.com\/pl\/#website"},"primaryImageOfPage":{"@id":"https:\/\/devaharmony.com\/pl\/partnerzy-b2b\/#primaryimage"},"image":{"@id":"https:\/\/devaharmony.com\/pl\/partnerzy-b2b\/#primaryimage"},"thumbnailUrl":"https:\/\/lh5.googleusercontent.com\/XmJ3xfaNya8JawLJIt6MdU_Cv8eBSnySU5WMGAKBgooYk9C6eSRYEY9ZpOSrJJ9c4KEzQBgfND8fg4opZQ59N1HSv6qaab_MsamJYUp4QOtoJZmBnIx48_gvCjHQYQ","datePublished":"2022-07-18T06:08:57+00:00","dateModified":"2025-05-14T12:04:31+00:00","breadcrumb":{"@id":"https:\/\/devaharmony.com\/pl\/partnerzy-b2b\/#breadcrumb"},"inLanguage":"pl-PL","potentialAction":[{"@type":"ReadAction","target":["https:\/\/devaharmony.com\/pl\/partnerzy-b2b\/"]}]},{"@type":"ImageObject","inLanguage":"pl-PL","@id":"https:\/\/devaharmony.com\/pl\/partnerzy-b2b\/#primaryimage","url":"https:\/\/lh5.googleusercontent.com\/XmJ3xfaNya8JawLJIt6MdU_Cv8eBSnySU5WMGAKBgooYk9C6eSRYEY9ZpOSrJJ9c4KEzQBgfND8fg4opZQ59N1HSv6qaab_MsamJYUp4QOtoJZmBnIx48_gvCjHQYQ","contentUrl":"https:\/\/lh5.googleusercontent.com\/XmJ3xfaNya8JawLJIt6MdU_Cv8eBSnySU5WMGAKBgooYk9C6eSRYEY9ZpOSrJJ9c4KEzQBgfND8fg4opZQ59N1HSv6qaab_MsamJYUp4QOtoJZmBnIx48_gvCjHQYQ"},{"@type":"BreadcrumbList","@id":"https:\/\/devaharmony.com\/pl\/partnerzy-b2b\/#breadcrumb","itemListElement":[{"@type":"ListItem","position":1,"name":"Strona g\u0142\u00f3wna","item":"https:\/\/devaharmony.com\/pl\/"},{"@type":"ListItem","position":2,"name":"Zosta\u0144 naszym partnerem!"}]},{"@type":"WebSite","@id":"https:\/\/devaharmony.com\/pl\/#website","url":"https:\/\/devaharmony.com\/pl\/","name":"Deva Harmony Polska","description":"Ajurwedyjskie Suplementy Diety","potentialAction":[{"@type":"SearchAction","target":{"@type":"EntryPoint","urlTemplate":"https:\/\/devaharmony.com\/pl\/?s={search_term_string}"},"query-input":"required name=search_term_string"}],"inLanguage":"pl-PL"}]}},"_links":{"self":[{"href":"https:\/\/devaharmony.com\/pl\/wp-json\/wp\/v2\/pages\/6871","targetHints":{"allow":["GET"]}}],"collection":[{"href":"https:\/\/devaharmony.com\/pl\/wp-json\/wp\/v2\/pages"}],"about":[{"href":"https:\/\/devaharmony.com\/pl\/wp-json\/wp\/v2\/types\/page"}],"author":[{"embeddable":true,"href":"https:\/\/devaharmony.com\/pl\/wp-json\/wp\/v2\/users\/59"}],"replies":[{"embeddable":true,"href":"https:\/\/devaharmony.com\/pl\/wp-json\/wp\/v2\/comments?post=6871"}],"version-history":[{"count":21,"href":"https:\/\/devaharmony.com\/pl\/wp-json\/wp\/v2\/pages\/6871\/revisions"}],"predecessor-version":[{"id":45043,"href":"https:\/\/devaharmony.com\/pl\/wp-json\/wp\/v2\/pages\/6871\/revisions\/45043"}],"wp:attachment":[{"href":"https:\/\/devaharmony.com\/pl\/wp-json\/wp\/v2\/media?parent=6871"}],"curies":[{"name":"wp","href":"https:\/\/api.w.org\/{rel}","templated":true}]}}