{"id":46378,"date":"2025-08-14T08:24:26","date_gmt":"2025-08-14T07:24:26","guid":{"rendered":"https:\/\/devaharmony.com\/pl\/?page_id=46378"},"modified":"2025-08-14T08:24:27","modified_gmt":"2025-08-14T07:24:27","slug":"metody-platnosci-i-dostawy","status":"publish","type":"page","link":"https:\/\/devaharmony.com\/pl\/metody-platnosci-i-dostawy\/","title":{"rendered":"Metody p\u0142atno\u015bci i dostawy"},"content":{"rendered":"\n<p>W Deva Harmony realizujemy zam\u00f3wienia op\u0142acone z g\u00f3ry, za pobraniem lub z odroczon\u0105 p\u0142atno\u015bci\u0105 za po\u015brednictwem PAYU.<\/p>\n\n\n\n<p><strong>1. Wybierz jedn\u0105 z dost\u0119pnych metod p\u0142atno\u015bci elektronicznej:<\/strong><\/p>\n\n\n\n<ul class=\"wp-block-list\">\n<li>p\u0142atno\u015b\u0107 PAYU (przelewem tradycyjnym, przelewem elektronicznym, BLIK lub z odroczon\u0105 p\u0142atno\u015bci\u0105)<\/li>\n\n\n\n<li>PAYPAL<\/li>\n<\/ul>\n\n\n\n<p><strong>2. Je\u015bli nie op\u0142acisz zam\u00f3wienia od razu:<\/strong><\/p>\n\n\n\n<p>Sprawd\u017a swoj\u0105 skrzynk\u0119 e-mail \u2013 znajdziesz tam potwierdzenie zam\u00f3wienia z linkiem do p\u0142atno\u015bci.<\/p>\n\n\n\n<p><strong>3. W przypadku problem\u00f3w z p\u0142atno\u015bci\u0105:<\/strong><\/p>\n\n\n\n<p>Skontaktuj si\u0119 z nami bezpo\u015brednio:<\/p>\n\n\n\n<ul class=\"wp-block-list\">\n<li>Telefon: <a href=\"tel:+48531022011\">+48 531 022\u00a0011<\/a><\/li>\n\n\n\n<li>E-mail: <a href=\"mailto:sklep@devaharmony.com\">sklep@devaharmony.com<\/a><\/li>\n\n\n\n<li>Adres korespondencyjny i siedziba firmy: DH Deva 9 Sp. z o. o. ul. Lubelska 29 35-233 Rzesz\u00f3w<\/li>\n<\/ul>\n\n\n\n<p><strong>4. Metody dostawy na terenie Polski:<\/strong><\/p>\n\n\n\n<ul class=\"wp-block-list\">\n<li><strong>Paczkomaty: Orlen Paczka, InPost<\/strong><\/li>\n\n\n\n<li><strong>Kurier: DPD, InPost<\/strong><\/li>\n\n\n\n<li><strong>Odbi\u00f3r osobisty w siedzibie firmy: <\/strong>Deva Harmony, ul. Lubelska 29 w Rzeszowie w godzinach otwarcia sklepu w dni robocze od poniedzia\u0142ku do pi\u0105tku w godzinach 8.00-16.00<\/li>\n<\/ul>\n\n\n\n<p>Ceny i metody przesy\u0142ek zagranicznych s\u0105 ustalane indywidualnie.<br>Zam\u00f3wienia wysy\u0142amy w ci\u0105gu jednego dnia roboczego.<\/p>\n\n\n\n<p><\/p>\n","protected":false},"excerpt":{"rendered":"<p>W Deva Harmony realizujemy zam\u00f3wienia op\u0142acone z g\u00f3ry, za pobraniem lub z odroczon\u0105 p\u0142atno\u015bci\u0105 za po\u015brednictwem PAYU. 1. Wybierz jedn\u0105 z dost\u0119pnych metod p\u0142atno\u015bci elektronicznej: 2. Je\u015bli nie op\u0142acisz zam\u00f3wienia od razu: Sprawd\u017a swoj\u0105 skrzynk\u0119 e-mail \u2013 znajdziesz tam potwierdzenie zam\u00f3wienia z linkiem do p\u0142atno\u015bci. 3. W przypadku problem\u00f3w z p\u0142atno\u015bci\u0105: Skontaktuj si\u0119 z nami [&hellip;]<\/p>\n","protected":false},"author":59,"featured_media":0,"parent":0,"menu_order":0,"comment_status":"closed","ping_status":"closed","template":"","meta":{"_editorskit_title_hidden":false,"_editorskit_reading_time":0,"_editorskit_is_block_options_detached":false,"_editorskit_block_options_position":"{}","footnotes":""},"class_list":["post-46378","page","type-page","status-publish","hentry"],"acf":[],"yoast_head":"<!-- This site is optimized with the Yoast SEO plugin v23.1 - https:\/\/yoast.com\/wordpress\/plugins\/seo\/ -->\n<title>Metody p\u0142atno\u015bci i dostawy - Deva Harmony Polska<\/title>\n<meta name=\"robots\" content=\"index, follow, max-snippet:-1, max-image-preview:large, max-video-preview:-1\" \/>\n<link rel=\"canonical\" href=\"https:\/\/devaharmony.com\/pl\/metody-platnosci-i-dostawy\/\" \/>\n<meta property=\"og:locale\" content=\"pl_PL\" \/>\n<meta property=\"og:type\" content=\"article\" \/>\n<meta property=\"og:title\" content=\"Metody p\u0142atno\u015bci i dostawy - Deva Harmony Polska\" \/>\n<meta property=\"og:description\" content=\"W Deva Harmony realizujemy zam\u00f3wienia op\u0142acone z g\u00f3ry, za pobraniem lub z odroczon\u0105 p\u0142atno\u015bci\u0105 za po\u015brednictwem PAYU. 1. Wybierz jedn\u0105 z dost\u0119pnych metod p\u0142atno\u015bci elektronicznej: 2. Je\u015bli nie op\u0142acisz zam\u00f3wienia od razu: Sprawd\u017a swoj\u0105 skrzynk\u0119 e-mail \u2013 znajdziesz tam potwierdzenie zam\u00f3wienia z linkiem do p\u0142atno\u015bci. 3. W przypadku problem\u00f3w z p\u0142atno\u015bci\u0105: Skontaktuj si\u0119 z nami [&hellip;]\" \/>\n<meta property=\"og:url\" content=\"https:\/\/devaharmony.com\/pl\/metody-platnosci-i-dostawy\/\" \/>\n<meta property=\"og:site_name\" content=\"Deva Harmony Polska\" \/>\n<meta property=\"article:modified_time\" content=\"2025-08-14T07:24:27+00:00\" \/>\n<meta name=\"twitter:card\" content=\"summary_large_image\" \/>\n<meta name=\"twitter:label1\" content=\"Szacowany czas czytania\" \/>\n\t<meta name=\"twitter:data1\" content=\"1 minuta\" \/>\n<script type=\"application\/ld+json\" class=\"yoast-schema-graph\">{\"@context\":\"https:\/\/schema.org\",\"@graph\":[{\"@type\":\"WebPage\",\"@id\":\"https:\/\/devaharmony.com\/pl\/metody-platnosci-i-dostawy\/\",\"url\":\"https:\/\/devaharmony.com\/pl\/metody-platnosci-i-dostawy\/\",\"name\":\"Metody p\u0142atno\u015bci i dostawy - Deva Harmony Polska\",\"isPartOf\":{\"@id\":\"https:\/\/devaharmony.com\/pl\/#website\"},\"datePublished\":\"2025-08-14T07:24:26+00:00\",\"dateModified\":\"2025-08-14T07:24:27+00:00\",\"breadcrumb\":{\"@id\":\"https:\/\/devaharmony.com\/pl\/metody-platnosci-i-dostawy\/#breadcrumb\"},\"inLanguage\":\"pl-PL\",\"potentialAction\":[{\"@type\":\"ReadAction\",\"target\":[\"https:\/\/devaharmony.com\/pl\/metody-platnosci-i-dostawy\/\"]}]},{\"@type\":\"BreadcrumbList\",\"@id\":\"https:\/\/devaharmony.com\/pl\/metody-platnosci-i-dostawy\/#breadcrumb\",\"itemListElement\":[{\"@type\":\"ListItem\",\"position\":1,\"name\":\"Strona g\u0142\u00f3wna\",\"item\":\"https:\/\/devaharmony.com\/pl\/\"},{\"@type\":\"ListItem\",\"position\":2,\"name\":\"Metody p\u0142atno\u015bci i dostawy\"}]},{\"@type\":\"WebSite\",\"@id\":\"https:\/\/devaharmony.com\/pl\/#website\",\"url\":\"https:\/\/devaharmony.com\/pl\/\",\"name\":\"Deva Harmony Polska\",\"description\":\"Ajurwedyjskie Suplementy Diety\",\"potentialAction\":[{\"@type\":\"SearchAction\",\"target\":{\"@type\":\"EntryPoint\",\"urlTemplate\":\"https:\/\/devaharmony.com\/pl\/?s={search_term_string}\"},\"query-input\":\"required name=search_term_string\"}],\"inLanguage\":\"pl-PL\"}]}<\/script>\n<!-- \/ Yoast SEO plugin. -->","yoast_head_json":{"title":"Metody p\u0142atno\u015bci i dostawy - Deva Harmony Polska","robots":{"index":"index","follow":"follow","max-snippet":"max-snippet:-1","max-image-preview":"max-image-preview:large","max-video-preview":"max-video-preview:-1"},"canonical":"https:\/\/devaharmony.com\/pl\/metody-platnosci-i-dostawy\/","og_locale":"pl_PL","og_type":"article","og_title":"Metody p\u0142atno\u015bci i dostawy - Deva Harmony Polska","og_description":"W Deva Harmony realizujemy zam\u00f3wienia op\u0142acone z g\u00f3ry, za pobraniem lub z odroczon\u0105 p\u0142atno\u015bci\u0105 za po\u015brednictwem PAYU. 1. Wybierz jedn\u0105 z dost\u0119pnych metod p\u0142atno\u015bci elektronicznej: 2. Je\u015bli nie op\u0142acisz zam\u00f3wienia od razu: Sprawd\u017a swoj\u0105 skrzynk\u0119 e-mail \u2013 znajdziesz tam potwierdzenie zam\u00f3wienia z linkiem do p\u0142atno\u015bci. 3. W przypadku problem\u00f3w z p\u0142atno\u015bci\u0105: Skontaktuj si\u0119 z nami [&hellip;]","og_url":"https:\/\/devaharmony.com\/pl\/metody-platnosci-i-dostawy\/","og_site_name":"Deva Harmony Polska","article_modified_time":"2025-08-14T07:24:27+00:00","twitter_card":"summary_large_image","twitter_misc":{"Szacowany czas czytania":"1 minuta"},"schema":{"@context":"https:\/\/schema.org","@graph":[{"@type":"WebPage","@id":"https:\/\/devaharmony.com\/pl\/metody-platnosci-i-dostawy\/","url":"https:\/\/devaharmony.com\/pl\/metody-platnosci-i-dostawy\/","name":"Metody p\u0142atno\u015bci i dostawy - Deva Harmony Polska","isPartOf":{"@id":"https:\/\/devaharmony.com\/pl\/#website"},"datePublished":"2025-08-14T07:24:26+00:00","dateModified":"2025-08-14T07:24:27+00:00","breadcrumb":{"@id":"https:\/\/devaharmony.com\/pl\/metody-platnosci-i-dostawy\/#breadcrumb"},"inLanguage":"pl-PL","potentialAction":[{"@type":"ReadAction","target":["https:\/\/devaharmony.com\/pl\/metody-platnosci-i-dostawy\/"]}]},{"@type":"BreadcrumbList","@id":"https:\/\/devaharmony.com\/pl\/metody-platnosci-i-dostawy\/#breadcrumb","itemListElement":[{"@type":"ListItem","position":1,"name":"Strona g\u0142\u00f3wna","item":"https:\/\/devaharmony.com\/pl\/"},{"@type":"ListItem","position":2,"name":"Metody p\u0142atno\u015bci i dostawy"}]},{"@type":"WebSite","@id":"https:\/\/devaharmony.com\/pl\/#website","url":"https:\/\/devaharmony.com\/pl\/","name":"Deva Harmony Polska","description":"Ajurwedyjskie Suplementy Diety","potentialAction":[{"@type":"SearchAction","target":{"@type":"EntryPoint","urlTemplate":"https:\/\/devaharmony.com\/pl\/?s={search_term_string}"},"query-input":"required name=search_term_string"}],"inLanguage":"pl-PL"}]}},"_links":{"self":[{"href":"https:\/\/devaharmony.com\/pl\/wp-json\/wp\/v2\/pages\/46378","targetHints":{"allow":["GET"]}}],"collection":[{"href":"https:\/\/devaharmony.com\/pl\/wp-json\/wp\/v2\/pages"}],"about":[{"href":"https:\/\/devaharmony.com\/pl\/wp-json\/wp\/v2\/types\/page"}],"author":[{"embeddable":true,"href":"https:\/\/devaharmony.com\/pl\/wp-json\/wp\/v2\/users\/59"}],"replies":[{"embeddable":true,"href":"https:\/\/devaharmony.com\/pl\/wp-json\/wp\/v2\/comments?post=46378"}],"version-history":[{"count":1,"href":"https:\/\/devaharmony.com\/pl\/wp-json\/wp\/v2\/pages\/46378\/revisions"}],"predecessor-version":[{"id":46379,"href":"https:\/\/devaharmony.com\/pl\/wp-json\/wp\/v2\/pages\/46378\/revisions\/46379"}],"wp:attachment":[{"href":"https:\/\/devaharmony.com\/pl\/wp-json\/wp\/v2\/media?parent=46378"}],"curies":[{"name":"wp","href":"https:\/\/api.w.org\/{rel}","templated":true}]}}