{"id":45712,"date":"2025-07-03T09:08:35","date_gmt":"2025-07-03T08:08:35","guid":{"rendered":"https:\/\/devaharmony.com\/pl\/?page_id=45712"},"modified":"2025-07-03T09:52:57","modified_gmt":"2025-07-03T08:52:57","slug":"zrob-test","status":"publish","type":"page","link":"https:\/\/devaharmony.com\/pl\/zrob-test\/","title":{"rendered":"Zr\u00f3b test"},"content":{"rendered":"\n<p><strong>Dowiedz si\u0119 kim jeste\u015b i kt\u00f3re zio\u0142a zadbaj\u0105 o Tw\u00f3j dobrostan.\u00a0<\/strong><\/p>\n\n\n\n<p>Ajurweda \u2013 staro\u017cytna nauka o \u017cyciu \u2013 uczy, \u017ce ka\u017cdy z nas rodzi si\u0119 z unikaln\u0105 konstytucj\u0105 psychofizyczn\u0105, zwan\u0105 <strong>prakriti<\/strong>. Jest ona jak mapa naszej natury \u2013 m\u00f3wi o tym, jak funkcjonuje nasze cia\u0142o, umys\u0142, emocje i jakie mamy predyspozycje, potrzeby oraz naturalne reakcje. Poznanie swojej prakriti to klucz do zrozumienia siebie, poprawy zdrowia i harmonii w codziennym \u017cyciu.<\/p>\n\n\n\n<p>W Ajurwedzie m\u00f3wimy o <strong>trzech doszach<\/strong> \u2013 Vata, Pitta i Kapha \u2013 kt\u00f3re wp\u0142ywaj\u0105 na nasz\u0105 budow\u0119 cia\u0142a, metabolizm, emocje, spos\u00f3b my\u015blenia i dzia\u0142ania. Test, kt\u00f3ry zaraz wype\u0142nisz, pomo\u017ce Ci okre\u015bli\u0107 Twoj\u0105 dominuj\u0105c\u0105 dosz\u0119, czyli Twoj\u0105 <strong>wewn\u0119trzn\u0105 konstytucj\u0119<\/strong>, z kt\u00f3r\u0105 przyszed\u0142e\u015b\/a\u015b na \u015bwiat.<\/p>\n\n\n\n<div class=\"wp-block-buttons is-layout-flex wp-block-buttons-is-layout-flex\">\n<div class=\"wp-block-button\"><a class=\"wp-block-button__link has-background wp-element-button\" href=\"https:\/\/devaharmony.com\/pl\/test-na-konstytucje-ajurwedyjska\/\" style=\"background-color:#7ec676\" target=\"_blank\" rel=\"noreferrer noopener\"><strong>PRZEJD\u0179 DO TESTU<\/strong><\/a><\/div>\n<\/div>\n\n\n\n<p><br><br><strong>Dlaczego warto wype\u0142ni\u0107 ten test?<\/strong><\/p>\n\n\n\n<ul class=\"wp-block-list\">\n<li>Poznasz swoje naturalne cechy i predyspozycje<\/li>\n\n\n\n<li>Dowiesz si\u0119, jak\u0105 masz budow\u0119 cia\u0142a i jaki styl \u017cycia jest dla Ciebie najbardziej wspieraj\u0105cy<\/li>\n\n\n\n<li>Otrzymasz wskaz\u00f3wki, kt\u00f3re pomog\u0105 dobra\u0107 odpowiednie zio\u0142a, diet\u0119, rytm dnia, aktywno\u015b\u0107 fizyczn\u0105 i techniki relaksacyjne<\/li>\n<\/ul>\n\n\n\n<div class=\"wp-block-buttons is-layout-flex wp-block-buttons-is-layout-flex\">\n<div class=\"wp-block-button\"><a class=\"wp-block-button__link has-background wp-element-button\" href=\"https:\/\/devaharmony.com\/pl\/test-na-konstytucje-ajurwedyjska\/\" style=\"background-color:#7ec676\" target=\"_blank\" rel=\"noreferrer noopener\"><strong>PRZEJD\u0179 DO TESTU<\/strong><\/a><\/div>\n<\/div>\n\n\n\n<p><br><\/p>\n\n\n\n<p><strong>Jak prawid\u0142owo wype\u0142ni\u0107 test na dosze?<\/strong><\/p>\n\n\n\n<ul class=\"wp-block-list\">\n<li><strong>Oceniaj siebie ca\u0142o\u015bciowo, na podstawie ca\u0142ego \u017cycia, a nie chwilowego samopoczucia. Test pokazuje Twoj\u0105 pierwotn\u0105 natur\u0119 (prakriti), nie obecne zaburzenia (vikriti). Zastan\u00f3w si\u0119: \u201eJak by\u0142em\/by\u0142am postrzegany\/a przez wi\u0119kszo\u015b\u0107 \u017cycia?\u201d zamiast \u201eJak czuj\u0119 si\u0119 dzi\u015b?\u201d<\/strong><\/li>\n\n\n\n<li><strong>Nie kieruj si\u0119 chorob\u0105 ani stresem.<\/strong> Aktualne trudno\u015bci mog\u0105 zafa\u0142szowa\u0107 wynik.<\/li>\n\n\n\n<li><strong>B\u0105d\u017a szczery\/a<\/strong>. Zaznaczaj odpowiedzi, kt\u00f3re naprawd\u0119 Ci\u0119 opisuj\u0105, nie te, kt\u00f3re chcia\u0142(a)by\u015b mie\u0107.<\/li>\n\n\n\n<li><strong>Wybierz spokojny moment.<\/strong> Zr\u00f3b test w ciszy, z uwa\u017cno\u015bci\u0105 \u2013 potraktuj to jako rytua\u0142 poznania siebie.<\/li>\n\n\n\n<li><strong>Pami\u0119taj \u2013 to pocz\u0105tek, nie diagnoza.<\/strong> Wynik testu to punkt wyj\u015bcia do dalszego zg\u0142\u0119biania Ajurwedy.<\/li>\n<\/ul>\n\n\n\n<div class=\"wp-block-buttons is-layout-flex wp-block-buttons-is-layout-flex\">\n<div class=\"wp-block-button\"><a class=\"wp-block-button__link has-background wp-element-button\" href=\"https:\/\/devaharmony.com\/pl\/test-na-konstytucje-ajurwedyjska\/\" style=\"background-color:#7ec676\" target=\"_blank\" rel=\"noreferrer noopener\"><strong>PRZEJD\u0179 DO TESTU<\/strong><\/a><\/div>\n<\/div>\n\n\n\n<p><br><\/p>\n\n\n\n<p><strong>POTRZEBUJESZ WI\u0118CEJ WSKAZ\u00d3WEK?<\/strong><\/p>\n\n\n\n<p>Kliknij tutaj, aby przej\u015b\u0107 do odcinka podcastu, w kt\u00f3rym wyja\u015bniamy krok po kroku jak wype\u0142ni\u0107 test i nie pope\u0142ni\u0107 najcz\u0119stszych b\u0142\u0119d\u00f3w:\u00a0Przejd\u017a do odcinka <a href=\"https:\/\/www.youtube.com\/watch?v=nbmMuQhElLg&amp;t=5s\" target=\"_blank\" rel=\"noreferrer noopener\">\u201ePoznaj swoj\u0105 prawdziw\u0105 natur\u0119\u201d<\/a><\/p>\n\n\n\n<p>Je\u015bli nadal masz w\u0105tpliwo\u015bci, rozwa\u017c skonsultowanie si\u0119 z certyfikowanym specjalist\u0105 \u2013 pomo\u017ce Ci dok\u0142adnie zinterpretowa\u0107 wynik testu oraz zaproponuje indywidualne zalecenia.<\/p>\n\n\n\n<p><strong>Konsultacja ajurwedyjska u Grzegorza Ludery na \u017cywo lub online: <\/strong><a href=\"https:\/\/devaharmony.com\/pl\/sklep\/okreslenie-indywidualnej-konstytucji\/\" target=\"_blank\" rel=\"noreferrer noopener\">https:\/\/devaharmony.com\/pl\/sklep\/okreslenie-indywidualnej-konstytucji\/<\/a><\/p>\n\n\n\n<p><strong>Lista wszystkich polecanych konsultant\u00f3w: <\/strong><a href=\"https:\/\/devaharmony.com\/pl\/konsultanci-ajurwedyjscy\/\" target=\"_blank\" rel=\"noreferrer noopener\">https:\/\/devaharmony.com\/pl\/konsultanci-ajurwedyjscy\/<\/a><\/p>\n\n\n\n<p><\/p>\n\n\n\n<figure class=\"wp-block-gallery has-nested-images columns-default is-cropped wp-block-gallery-1 is-layout-flex wp-block-gallery-is-layout-flex\">\n<figure class=\"wp-block-image size-large\"><a href=\"https:\/\/www.youtube.com\/watch?v=x4kjdFu_8Ns&amp;ab_channel=DEVAHarmony\" target=\"_blank\" rel=\"noreferrer noopener\"><img decoding=\"async\" width=\"1024\" height=\"576\" data-id=\"44390\" src=\"https:\/\/devaharmony.com\/pl\/wp-content\/uploads\/2025\/04\/KROK-3-Dosha-VATA-wietrzny-umysl-1024x576.jpg\" alt=\"\" class=\"wp-image-44390\" srcset=\"https:\/\/devaharmony.com\/pl\/wp-content\/uploads\/2025\/04\/KROK-3-Dosha-VATA-wietrzny-umysl-1024x576.jpg 1024w, https:\/\/devaharmony.com\/pl\/wp-content\/uploads\/2025\/04\/KROK-3-Dosha-VATA-wietrzny-umysl-300x169.jpg 300w, https:\/\/devaharmony.com\/pl\/wp-content\/uploads\/2025\/04\/KROK-3-Dosha-VATA-wietrzny-umysl-768x432.jpg 768w, https:\/\/devaharmony.com\/pl\/wp-content\/uploads\/2025\/04\/KROK-3-Dosha-VATA-wietrzny-umysl-600x338.jpg 600w, https:\/\/devaharmony.com\/pl\/wp-content\/uploads\/2025\/04\/KROK-3-Dosha-VATA-wietrzny-umysl-64x36.jpg 64w, https:\/\/devaharmony.com\/pl\/wp-content\/uploads\/2025\/04\/KROK-3-Dosha-VATA-wietrzny-umysl.jpg 1280w\" sizes=\"(max-width: 1024px) 100vw, 1024px\" \/><\/a><\/figure>\n\n\n\n<figure class=\"wp-block-image size-large\"><img decoding=\"async\" width=\"1024\" height=\"576\" data-id=\"44389\" src=\"https:\/\/devaharmony.com\/pl\/wp-content\/uploads\/2025\/04\/KROK-4-Dosha-PITTA-ognisty-temperament-1024x576.jpg\" alt=\"\" class=\"wp-image-44389\" srcset=\"https:\/\/devaharmony.com\/pl\/wp-content\/uploads\/2025\/04\/KROK-4-Dosha-PITTA-ognisty-temperament-1024x576.jpg 1024w, https:\/\/devaharmony.com\/pl\/wp-content\/uploads\/2025\/04\/KROK-4-Dosha-PITTA-ognisty-temperament-300x169.jpg 300w, https:\/\/devaharmony.com\/pl\/wp-content\/uploads\/2025\/04\/KROK-4-Dosha-PITTA-ognisty-temperament-768x432.jpg 768w, https:\/\/devaharmony.com\/pl\/wp-content\/uploads\/2025\/04\/KROK-4-Dosha-PITTA-ognisty-temperament-600x338.jpg 600w, https:\/\/devaharmony.com\/pl\/wp-content\/uploads\/2025\/04\/KROK-4-Dosha-PITTA-ognisty-temperament-64x36.jpg 64w, https:\/\/devaharmony.com\/pl\/wp-content\/uploads\/2025\/04\/KROK-4-Dosha-PITTA-ognisty-temperament.jpg 1280w\" sizes=\"(max-width: 1024px) 100vw, 1024px\" \/><\/figure>\n\n\n\n<figure class=\"wp-block-image size-large\"><img decoding=\"async\" width=\"1024\" height=\"576\" data-id=\"44388\" src=\"https:\/\/devaharmony.com\/pl\/wp-content\/uploads\/2025\/04\/KROK-5-Dosha-KAPHA-\u2013-uziemiony-spokoj-1024x576.jpg\" alt=\"\" class=\"wp-image-44388\" srcset=\"https:\/\/devaharmony.com\/pl\/wp-content\/uploads\/2025\/04\/KROK-5-Dosha-KAPHA-\u2013-uziemiony-spokoj-1024x576.jpg 1024w, https:\/\/devaharmony.com\/pl\/wp-content\/uploads\/2025\/04\/KROK-5-Dosha-KAPHA-\u2013-uziemiony-spokoj-300x169.jpg 300w, https:\/\/devaharmony.com\/pl\/wp-content\/uploads\/2025\/04\/KROK-5-Dosha-KAPHA-\u2013-uziemiony-spokoj-768x432.jpg 768w, https:\/\/devaharmony.com\/pl\/wp-content\/uploads\/2025\/04\/KROK-5-Dosha-KAPHA-\u2013-uziemiony-spokoj-600x338.jpg 600w, https:\/\/devaharmony.com\/pl\/wp-content\/uploads\/2025\/04\/KROK-5-Dosha-KAPHA-\u2013-uziemiony-spokoj-64x36.jpg 64w, https:\/\/devaharmony.com\/pl\/wp-content\/uploads\/2025\/04\/KROK-5-Dosha-KAPHA-\u2013-uziemiony-spokoj.jpg 1280w\" sizes=\"(max-width: 1024px) 100vw, 1024px\" \/><\/figure>\n<\/figure>\n\n\n\n<p><\/p>\n","protected":false},"excerpt":{"rendered":"<p>Dowiedz si\u0119 kim jeste\u015b i kt\u00f3re zio\u0142a zadbaj\u0105 o Tw\u00f3j dobrostan.\u00a0 Ajurweda \u2013 staro\u017cytna nauka o \u017cyciu \u2013 uczy, \u017ce ka\u017cdy z nas rodzi si\u0119 z unikaln\u0105 konstytucj\u0105 psychofizyczn\u0105, zwan\u0105 prakriti. Jest ona jak mapa naszej natury \u2013 m\u00f3wi o tym, jak funkcjonuje nasze cia\u0142o, umys\u0142, emocje i jakie mamy predyspozycje, potrzeby oraz naturalne reakcje. [&hellip;]<\/p>\n","protected":false},"author":59,"featured_media":0,"parent":0,"menu_order":0,"comment_status":"closed","ping_status":"closed","template":"","meta":{"_editorskit_title_hidden":false,"_editorskit_reading_time":0,"_editorskit_is_block_options_detached":false,"_editorskit_block_options_position":"{}","footnotes":""},"class_list":["post-45712","page","type-page","status-publish","hentry"],"acf":[],"yoast_head":"<!-- This site is optimized with the Yoast SEO plugin v23.1 - https:\/\/yoast.com\/wordpress\/plugins\/seo\/ -->\n<title>Zr\u00f3b test - Deva Harmony Polska<\/title>\n<meta name=\"robots\" content=\"index, follow, max-snippet:-1, max-image-preview:large, max-video-preview:-1\" \/>\n<link rel=\"canonical\" href=\"https:\/\/devaharmony.com\/pl\/zrob-test\/\" \/>\n<meta property=\"og:locale\" content=\"pl_PL\" \/>\n<meta property=\"og:type\" content=\"article\" \/>\n<meta property=\"og:title\" content=\"Zr\u00f3b test - Deva Harmony Polska\" \/>\n<meta property=\"og:description\" content=\"Dowiedz si\u0119 kim jeste\u015b i kt\u00f3re zio\u0142a zadbaj\u0105 o Tw\u00f3j dobrostan.\u00a0 Ajurweda \u2013 staro\u017cytna nauka o \u017cyciu \u2013 uczy, \u017ce ka\u017cdy z nas rodzi si\u0119 z unikaln\u0105 konstytucj\u0105 psychofizyczn\u0105, zwan\u0105 prakriti. Jest ona jak mapa naszej natury \u2013 m\u00f3wi o tym, jak funkcjonuje nasze cia\u0142o, umys\u0142, emocje i jakie mamy predyspozycje, potrzeby oraz naturalne reakcje. [&hellip;]\" \/>\n<meta property=\"og:url\" content=\"https:\/\/devaharmony.com\/pl\/zrob-test\/\" \/>\n<meta property=\"og:site_name\" content=\"Deva Harmony Polska\" \/>\n<meta property=\"article:modified_time\" content=\"2025-07-03T08:52:57+00:00\" \/>\n<meta property=\"og:image\" content=\"https:\/\/devaharmony.com\/pl\/wp-content\/uploads\/2025\/04\/KROK-3-Dosha-VATA-wietrzny-umysl-1024x576.jpg\" \/>\n<meta name=\"twitter:card\" content=\"summary_large_image\" \/>\n<meta name=\"twitter:label1\" content=\"Szacowany czas czytania\" \/>\n\t<meta name=\"twitter:data1\" content=\"3 minuty\" \/>\n<script type=\"application\/ld+json\" class=\"yoast-schema-graph\">{\"@context\":\"https:\/\/schema.org\",\"@graph\":[{\"@type\":\"WebPage\",\"@id\":\"https:\/\/devaharmony.com\/pl\/zrob-test\/\",\"url\":\"https:\/\/devaharmony.com\/pl\/zrob-test\/\",\"name\":\"Zr\u00f3b test - Deva Harmony Polska\",\"isPartOf\":{\"@id\":\"https:\/\/devaharmony.com\/pl\/#website\"},\"primaryImageOfPage\":{\"@id\":\"https:\/\/devaharmony.com\/pl\/zrob-test\/#primaryimage\"},\"image\":{\"@id\":\"https:\/\/devaharmony.com\/pl\/zrob-test\/#primaryimage\"},\"thumbnailUrl\":\"https:\/\/devaharmony.com\/pl\/wp-content\/uploads\/2025\/04\/KROK-3-Dosha-VATA-wietrzny-umysl-1024x576.jpg\",\"datePublished\":\"2025-07-03T08:08:35+00:00\",\"dateModified\":\"2025-07-03T08:52:57+00:00\",\"breadcrumb\":{\"@id\":\"https:\/\/devaharmony.com\/pl\/zrob-test\/#breadcrumb\"},\"inLanguage\":\"pl-PL\",\"potentialAction\":[{\"@type\":\"ReadAction\",\"target\":[\"https:\/\/devaharmony.com\/pl\/zrob-test\/\"]}]},{\"@type\":\"ImageObject\",\"inLanguage\":\"pl-PL\",\"@id\":\"https:\/\/devaharmony.com\/pl\/zrob-test\/#primaryimage\",\"url\":\"https:\/\/devaharmony.com\/pl\/wp-content\/uploads\/2025\/04\/KROK-3-Dosha-VATA-wietrzny-umysl.jpg\",\"contentUrl\":\"https:\/\/devaharmony.com\/pl\/wp-content\/uploads\/2025\/04\/KROK-3-Dosha-VATA-wietrzny-umysl.jpg\",\"width\":1280,\"height\":720},{\"@type\":\"BreadcrumbList\",\"@id\":\"https:\/\/devaharmony.com\/pl\/zrob-test\/#breadcrumb\",\"itemListElement\":[{\"@type\":\"ListItem\",\"position\":1,\"name\":\"Strona g\u0142\u00f3wna\",\"item\":\"https:\/\/devaharmony.com\/pl\/\"},{\"@type\":\"ListItem\",\"position\":2,\"name\":\"Zr\u00f3b test\"}]},{\"@type\":\"WebSite\",\"@id\":\"https:\/\/devaharmony.com\/pl\/#website\",\"url\":\"https:\/\/devaharmony.com\/pl\/\",\"name\":\"Deva Harmony Polska\",\"description\":\"Ajurwedyjskie Suplementy Diety\",\"potentialAction\":[{\"@type\":\"SearchAction\",\"target\":{\"@type\":\"EntryPoint\",\"urlTemplate\":\"https:\/\/devaharmony.com\/pl\/?s={search_term_string}\"},\"query-input\":\"required name=search_term_string\"}],\"inLanguage\":\"pl-PL\"}]}<\/script>\n<!-- \/ Yoast SEO plugin. -->","yoast_head_json":{"title":"Zr\u00f3b test - Deva Harmony Polska","robots":{"index":"index","follow":"follow","max-snippet":"max-snippet:-1","max-image-preview":"max-image-preview:large","max-video-preview":"max-video-preview:-1"},"canonical":"https:\/\/devaharmony.com\/pl\/zrob-test\/","og_locale":"pl_PL","og_type":"article","og_title":"Zr\u00f3b test - Deva Harmony Polska","og_description":"Dowiedz si\u0119 kim jeste\u015b i kt\u00f3re zio\u0142a zadbaj\u0105 o Tw\u00f3j dobrostan.\u00a0 Ajurweda \u2013 staro\u017cytna nauka o \u017cyciu \u2013 uczy, \u017ce ka\u017cdy z nas rodzi si\u0119 z unikaln\u0105 konstytucj\u0105 psychofizyczn\u0105, zwan\u0105 prakriti. Jest ona jak mapa naszej natury \u2013 m\u00f3wi o tym, jak funkcjonuje nasze cia\u0142o, umys\u0142, emocje i jakie mamy predyspozycje, potrzeby oraz naturalne reakcje. [&hellip;]","og_url":"https:\/\/devaharmony.com\/pl\/zrob-test\/","og_site_name":"Deva Harmony Polska","article_modified_time":"2025-07-03T08:52:57+00:00","og_image":[{"url":"https:\/\/devaharmony.com\/pl\/wp-content\/uploads\/2025\/04\/KROK-3-Dosha-VATA-wietrzny-umysl-1024x576.jpg"}],"twitter_card":"summary_large_image","twitter_misc":{"Szacowany czas czytania":"3 minuty"},"schema":{"@context":"https:\/\/schema.org","@graph":[{"@type":"WebPage","@id":"https:\/\/devaharmony.com\/pl\/zrob-test\/","url":"https:\/\/devaharmony.com\/pl\/zrob-test\/","name":"Zr\u00f3b test - Deva Harmony Polska","isPartOf":{"@id":"https:\/\/devaharmony.com\/pl\/#website"},"primaryImageOfPage":{"@id":"https:\/\/devaharmony.com\/pl\/zrob-test\/#primaryimage"},"image":{"@id":"https:\/\/devaharmony.com\/pl\/zrob-test\/#primaryimage"},"thumbnailUrl":"https:\/\/devaharmony.com\/pl\/wp-content\/uploads\/2025\/04\/KROK-3-Dosha-VATA-wietrzny-umysl-1024x576.jpg","datePublished":"2025-07-03T08:08:35+00:00","dateModified":"2025-07-03T08:52:57+00:00","breadcrumb":{"@id":"https:\/\/devaharmony.com\/pl\/zrob-test\/#breadcrumb"},"inLanguage":"pl-PL","potentialAction":[{"@type":"ReadAction","target":["https:\/\/devaharmony.com\/pl\/zrob-test\/"]}]},{"@type":"ImageObject","inLanguage":"pl-PL","@id":"https:\/\/devaharmony.com\/pl\/zrob-test\/#primaryimage","url":"https:\/\/devaharmony.com\/pl\/wp-content\/uploads\/2025\/04\/KROK-3-Dosha-VATA-wietrzny-umysl.jpg","contentUrl":"https:\/\/devaharmony.com\/pl\/wp-content\/uploads\/2025\/04\/KROK-3-Dosha-VATA-wietrzny-umysl.jpg","width":1280,"height":720},{"@type":"BreadcrumbList","@id":"https:\/\/devaharmony.com\/pl\/zrob-test\/#breadcrumb","itemListElement":[{"@type":"ListItem","position":1,"name":"Strona g\u0142\u00f3wna","item":"https:\/\/devaharmony.com\/pl\/"},{"@type":"ListItem","position":2,"name":"Zr\u00f3b test"}]},{"@type":"WebSite","@id":"https:\/\/devaharmony.com\/pl\/#website","url":"https:\/\/devaharmony.com\/pl\/","name":"Deva Harmony Polska","description":"Ajurwedyjskie Suplementy Diety","potentialAction":[{"@type":"SearchAction","target":{"@type":"EntryPoint","urlTemplate":"https:\/\/devaharmony.com\/pl\/?s={search_term_string}"},"query-input":"required name=search_term_string"}],"inLanguage":"pl-PL"}]}},"_links":{"self":[{"href":"https:\/\/devaharmony.com\/pl\/wp-json\/wp\/v2\/pages\/45712","targetHints":{"allow":["GET"]}}],"collection":[{"href":"https:\/\/devaharmony.com\/pl\/wp-json\/wp\/v2\/pages"}],"about":[{"href":"https:\/\/devaharmony.com\/pl\/wp-json\/wp\/v2\/types\/page"}],"author":[{"embeddable":true,"href":"https:\/\/devaharmony.com\/pl\/wp-json\/wp\/v2\/users\/59"}],"replies":[{"embeddable":true,"href":"https:\/\/devaharmony.com\/pl\/wp-json\/wp\/v2\/comments?post=45712"}],"version-history":[{"count":6,"href":"https:\/\/devaharmony.com\/pl\/wp-json\/wp\/v2\/pages\/45712\/revisions"}],"predecessor-version":[{"id":45725,"href":"https:\/\/devaharmony.com\/pl\/wp-json\/wp\/v2\/pages\/45712\/revisions\/45725"}],"wp:attachment":[{"href":"https:\/\/devaharmony.com\/pl\/wp-json\/wp\/v2\/media?parent=45712"}],"curies":[{"name":"wp","href":"https:\/\/api.w.org\/{rel}","templated":true}]}}