{"id":44421,"date":"2025-04-08T12:05:42","date_gmt":"2025-04-08T11:05:42","guid":{"rendered":"https:\/\/devaharmony.com\/pl\/?page_id=44421"},"modified":"2025-04-23T12:29:04","modified_gmt":"2025-04-23T11:29:04","slug":"e-booki","status":"publish","type":"page","link":"https:\/\/devaharmony.com\/pl\/e-booki\/","title":{"rendered":"E-BOOKI"},"content":{"rendered":"\n<p>Podaruj sobie wiedz\u0119 \u2013 si\u0119gnij po Ajurwed\u0119!<\/p>\n\n\n\n<p><strong>Witaj w przestrzeni darmowych e-book\u00f3w Deva Harmony.<\/strong><br>To miejsce, w kt\u00f3rym dzielimy si\u0119 z Tob\u0105 nasz\u0105 pasj\u0105, do\u015bwiadczeniem i wiedz\u0105.<\/p>\n\n\n\n<p>Znajdziesz tutaj praktyczne przewodniki, inspiruj\u0105ce teksty oraz codzienne rytua\u0142y, kt\u00f3re pomog\u0105 Ci zadba\u0107 o zdrowie, harmoni\u0119 i spok\u00f3j ducha. Pragniemy by ka\u017cdy mia\u0142 dost\u0119p do autentycznej i sprawdzonej wiedzy, kt\u00f3r\u0105 mo\u017cna od razu zastosowa\u0107 w \u017cyciu.<br>Ka\u017cdy e-book, kt\u00f3ry tu znajdziesz, to zaproszenie do g\u0142\u0119bszego poznania siebie i \u015bwiata ajurwedy.<\/p>\n\n\n\n<p><strong>Pobierz, czytaj, praktykuj \u2013 zupe\u0142nie za darmo.<\/strong><\/p>\n\n\n\n<div class=\"wp-block-media-text is-stacked-on-mobile\" style=\"grid-template-columns:30% auto\"><figure class=\"wp-block-media-text__media\"><a href=\"https:\/\/devaharmony.com\/pl\/wp-content\/uploads\/2025\/04\/E-BOOK-Pierwsze-kroki-w-Ajurwedzie.pdf\" target=\"_blank\" rel=\"noreferrer noopener\"><img decoding=\"async\" width=\"300\" height=\"300\" src=\"https:\/\/devaharmony.com\/pl\/wp-content\/uploads\/2025\/04\/Slajder-567-x-567-px-3-300x300.png\" alt=\"\" class=\"wp-image-44424 size-medium\" srcset=\"https:\/\/devaharmony.com\/pl\/wp-content\/uploads\/2025\/04\/Slajder-567-x-567-px-3-300x300.png 300w, https:\/\/devaharmony.com\/pl\/wp-content\/uploads\/2025\/04\/Slajder-567-x-567-px-3-150x150.png 150w, https:\/\/devaharmony.com\/pl\/wp-content\/uploads\/2025\/04\/Slajder-567-x-567-px-3-100x100.png 100w, https:\/\/devaharmony.com\/pl\/wp-content\/uploads\/2025\/04\/Slajder-567-x-567-px-3-64x64.png 64w, https:\/\/devaharmony.com\/pl\/wp-content\/uploads\/2025\/04\/Slajder-567-x-567-px-3.png 567w\" sizes=\"(max-width: 300px) 100vw, 300px\" \/><\/a><\/figure><div class=\"wp-block-media-text__content\">\n<p><strong>Pierwsze kroki w Ajurwedzie <\/strong><\/p>\n\n\n\n<p>Z tym E-BOOKiem zrobisz pierwsze 7 krok\u00f3w w Ajurwedzie, kt\u00f3re pomog\u0105 Ci zacz\u0105\u0107 \u017cycie bli\u017cej siebie i natury<br><br>To idealny przewodnik dla os\u00f3b, kt\u00f3re:<br>\u2705 Chc\u0105 zrozumie\u0107, czym jest Ajurweda <br>i jak dzia\u0142a w praktyce.<br>\u2705 Szukaj\u0105 prostej i zrozumia\u0142ej formy wprowadzenia do ajurwedyjskiego stylu \u017cycia.<br><br>\ud83d\udce5 <a href=\"https:\/\/devaharmony.com\/pl\/wp-content\/uploads\/2025\/04\/E-BOOK-Pierwsze-kroki-w-Ajurwedzie.pdf\"><strong>Pobierz i rozpocznij swoj\u0105 przygod\u0119 z Ajurwed\u0105<\/strong><\/a><strong><a href=\"https:\/\/devaharmony.com\/pl\/wp-content\/uploads\/2025\/04\/E-BOOK-Pierwsze-kroki-w-Ajurwedzie.pdf\" target=\"_blank\" rel=\"noreferrer noopener\">!<\/a><\/strong><\/p>\n<\/div><\/div>\n\n\n\n<div class=\"wp-block-media-text has-media-on-the-right is-stacked-on-mobile\" style=\"grid-template-columns:auto 34%\"><div class=\"wp-block-media-text__content\">\n<p><strong>Przepisy na Twoje \u015aniadania wed\u0142ug Ajurwedy<\/strong><\/p>\n\n\n\n<p>Z tym E-BOOKiem rozpoczniesz ka\u017cdy poranek w harmonii <br>i z now\u0105 energi\u0105 \ud83c\udf3f<\/p>\n\n\n\n<p>To idealny przewodnik dla tych, kt\u00f3rzy:<br>\u2705 Chc\u0105 odkry\u0107 lekkostrawne, proste i od\u017cywcze \u015bniadania dostosowane do swojej doszy \u2013 Vata, Pitta lub Kapha.<br>\u2705 Pragn\u0105 pozna\u0107 ajurwedyjskie superfoods wspieraj\u0105ce zdrowie,<br>\u2705 Chc\u0105 przechwyci\u0107 wyj\u0105tkowy Przepis na OJAS &#8211; eliksir, kt\u00f3ry przywraca si\u0142\u0119 i witalno\u015b\u0107.&nbsp;<\/p>\n\n\n\n<p>\ud83d\udce5 <strong><a href=\"https:\/\/devaharmony.com\/pl\/wp-content\/uploads\/2025\/04\/E-BOOK-Sniadanie.pdf\" target=\"_blank\" rel=\"noreferrer noopener\">Pobierz i zacznij dobrze ka\u017cdy dzie\u0144\ud83c\udf38<\/a><\/strong><\/p>\n<\/div><figure class=\"wp-block-media-text__media\"><a href=\"https:\/\/devaharmony.com\/pl\/wp-content\/uploads\/2025\/04\/E-BOOK-Sniadanie.pdf\" target=\"_blank\" rel=\"noreferrer noopener\"><img decoding=\"async\" width=\"1024\" height=\"1024\" src=\"https:\/\/devaharmony.com\/pl\/wp-content\/uploads\/2025\/04\/Slajder-1080-x-1080-px-2-1-1024x1024.png\" alt=\"\" class=\"wp-image-44470 size-full\" srcset=\"https:\/\/devaharmony.com\/pl\/wp-content\/uploads\/2025\/04\/Slajder-1080-x-1080-px-2-1-1024x1024.png 1024w, https:\/\/devaharmony.com\/pl\/wp-content\/uploads\/2025\/04\/Slajder-1080-x-1080-px-2-1-300x300.png 300w, https:\/\/devaharmony.com\/pl\/wp-content\/uploads\/2025\/04\/Slajder-1080-x-1080-px-2-1-150x150.png 150w, https:\/\/devaharmony.com\/pl\/wp-content\/uploads\/2025\/04\/Slajder-1080-x-1080-px-2-1-768x768.png 768w, https:\/\/devaharmony.com\/pl\/wp-content\/uploads\/2025\/04\/Slajder-1080-x-1080-px-2-1-600x600.png 600w, https:\/\/devaharmony.com\/pl\/wp-content\/uploads\/2025\/04\/Slajder-1080-x-1080-px-2-1-100x100.png 100w, https:\/\/devaharmony.com\/pl\/wp-content\/uploads\/2025\/04\/Slajder-1080-x-1080-px-2-1-64x64.png 64w, https:\/\/devaharmony.com\/pl\/wp-content\/uploads\/2025\/04\/Slajder-1080-x-1080-px-2-1.png 1080w\" sizes=\"(max-width: 1024px) 100vw, 1024px\" \/><\/a><\/figure><\/div>\n\n\n\n<div class=\"wp-block-media-text is-stacked-on-mobile\" style=\"grid-template-columns:34% auto\"><figure class=\"wp-block-media-text__media\"><a href=\"https:\/\/devaharmony.com\/pl\/wp-content\/uploads\/2025\/04\/E-BOOK-Obiad.pdf\" target=\"_blank\" rel=\"noreferrer noopener\"><img decoding=\"async\" width=\"1024\" height=\"1024\" src=\"https:\/\/devaharmony.com\/pl\/wp-content\/uploads\/2025\/04\/Slajder-1080-x-1080-px-3-1024x1024.png\" alt=\"\" class=\"wp-image-44547 size-full\" srcset=\"https:\/\/devaharmony.com\/pl\/wp-content\/uploads\/2025\/04\/Slajder-1080-x-1080-px-3-1024x1024.png 1024w, https:\/\/devaharmony.com\/pl\/wp-content\/uploads\/2025\/04\/Slajder-1080-x-1080-px-3-300x300.png 300w, https:\/\/devaharmony.com\/pl\/wp-content\/uploads\/2025\/04\/Slajder-1080-x-1080-px-3-150x150.png 150w, https:\/\/devaharmony.com\/pl\/wp-content\/uploads\/2025\/04\/Slajder-1080-x-1080-px-3-768x768.png 768w, https:\/\/devaharmony.com\/pl\/wp-content\/uploads\/2025\/04\/Slajder-1080-x-1080-px-3-600x600.png 600w, https:\/\/devaharmony.com\/pl\/wp-content\/uploads\/2025\/04\/Slajder-1080-x-1080-px-3-100x100.png 100w, https:\/\/devaharmony.com\/pl\/wp-content\/uploads\/2025\/04\/Slajder-1080-x-1080-px-3-64x64.png 64w, https:\/\/devaharmony.com\/pl\/wp-content\/uploads\/2025\/04\/Slajder-1080-x-1080-px-3.png 1080w\" sizes=\"(max-width: 1024px) 100vw, 1024px\" \/><\/a><\/figure><div class=\"wp-block-media-text__content\">\n<p><strong>Przepisy na Twoje Obiady wed\u0142ug Ajurwedy<\/strong><\/p>\n\n\n\n<p>Z tym E-BOOKiem zamienisz ka\u017cdy obiad w rytua\u0142 od\u017cywienia \ud83c\udf3f<\/p>\n\n\n\n<p>To doskona\u0142y przewodnik dla tych, kt\u00f3rzy:<br>\u2705 Chc\u0105 gotowa\u0107 zgodnie ze swoj\u0105 dosz\u0105 \u2013 Vata, Pitta lub Kapha,<br>\u2705 Pragn\u0105 korzysta\u0107 z mocy ajurwedyjskich zi\u00f3\u0142 i przypraw wspieraj\u0105cych trawienie i witalno\u015b\u0107,<br>\u2705 Chc\u0105 zrozumie\u0107 zasady sezonowo\u015bci i komponowa\u0107 posi\u0142ki <br>w harmonii z cyklami natury.<\/p>\n\n\n\n<p><a href=\"https:\/\/devaharmony.com\/pl\/wp-content\/uploads\/2025\/04\/E-BOOK-Obiad.pdf\">\ud83d\udce5 Pobierz i pozw\u00f3l, by Twoje posi\u0142ki sta\u0142y si\u0119 \u017ar\u00f3d\u0142em prawdziwego od\u017cywienia\u2728<\/a><\/p>\n<\/div><\/div>\n\n\n\n<div class=\"wp-block-media-text has-media-on-the-right is-stacked-on-mobile\" style=\"grid-template-columns:auto 38%\"><div class=\"wp-block-media-text__content\">\n<p><strong>Przepisy na Twoje KOLACJE wed\u0142ug Ajurwedy<\/strong><\/p>\n\n\n\n<p>Z tym E-BOOKiem zamienisz kolacj\u0119 w rytua\u0142 wyciszenia i przygotowania do regeneruj\u0105cego snu \ud83c\udf19<\/p>\n\n\n\n<p>To idealny przewodnik dla tych, kt\u00f3rzy:<br>\u2705 Pragn\u0105 lepiej spa\u0107 dzi\u0119ki lekkim, uspokajaj\u0105cym posi\u0142kom,<br>\u2705 Szukaj\u0105 naturalnych sposob\u00f3w na ukojenie umys\u0142u,<br>\u2705 Chc\u0105 wprowadzi\u0107 do swojego wieczoru zio\u0142owe napary, kt\u00f3re wspieraj\u0105 nocn\u0105 regeneracj\u0119.<\/p>\n\n\n\n<p><a href=\"https:\/\/devaharmony.com\/pl\/wp-content\/uploads\/2025\/04\/E-BOOK-Kolacja.pdf\">\ud83d\udce5 Pobierz i zadbaj o zdrowy koniec ka\u017cdego dnia \ud83c\udf3f<\/a><\/p>\n<\/div><figure class=\"wp-block-media-text__media\"><a href=\"https:\/\/devaharmony.com\/pl\/wp-content\/uploads\/2025\/04\/E-BOOK-Kolacja.pdf\" target=\"_blank\" rel=\"noreferrer noopener\"><img decoding=\"async\" width=\"1024\" height=\"1024\" src=\"https:\/\/devaharmony.com\/pl\/wp-content\/uploads\/2025\/04\/Slajder-1080-x-1080-px-1024x1024.png\" alt=\"\" class=\"wp-image-44628 size-full\" srcset=\"https:\/\/devaharmony.com\/pl\/wp-content\/uploads\/2025\/04\/Slajder-1080-x-1080-px-1024x1024.png 1024w, https:\/\/devaharmony.com\/pl\/wp-content\/uploads\/2025\/04\/Slajder-1080-x-1080-px-300x300.png 300w, https:\/\/devaharmony.com\/pl\/wp-content\/uploads\/2025\/04\/Slajder-1080-x-1080-px-150x150.png 150w, https:\/\/devaharmony.com\/pl\/wp-content\/uploads\/2025\/04\/Slajder-1080-x-1080-px-768x768.png 768w, https:\/\/devaharmony.com\/pl\/wp-content\/uploads\/2025\/04\/Slajder-1080-x-1080-px-600x600.png 600w, https:\/\/devaharmony.com\/pl\/wp-content\/uploads\/2025\/04\/Slajder-1080-x-1080-px-100x100.png 100w, https:\/\/devaharmony.com\/pl\/wp-content\/uploads\/2025\/04\/Slajder-1080-x-1080-px-64x64.png 64w, https:\/\/devaharmony.com\/pl\/wp-content\/uploads\/2025\/04\/Slajder-1080-x-1080-px.png 1080w\" sizes=\"(max-width: 1024px) 100vw, 1024px\" \/><\/a><\/figure><\/div>\n\n\n\n<p><\/p>\n","protected":false},"excerpt":{"rendered":"<p>Podaruj sobie wiedz\u0119 \u2013 si\u0119gnij po Ajurwed\u0119! Witaj w przestrzeni darmowych e-book\u00f3w Deva Harmony.To miejsce, w kt\u00f3rym dzielimy si\u0119 z Tob\u0105 nasz\u0105 pasj\u0105, do\u015bwiadczeniem i wiedz\u0105. Znajdziesz tutaj praktyczne przewodniki, inspiruj\u0105ce teksty oraz codzienne rytua\u0142y, kt\u00f3re pomog\u0105 Ci zadba\u0107 o zdrowie, harmoni\u0119 i spok\u00f3j ducha. Pragniemy by ka\u017cdy mia\u0142 dost\u0119p do autentycznej i sprawdzonej wiedzy, [&hellip;]<\/p>\n","protected":false},"author":59,"featured_media":0,"parent":0,"menu_order":0,"comment_status":"closed","ping_status":"closed","template":"","meta":{"_editorskit_title_hidden":false,"_editorskit_reading_time":0,"_editorskit_is_block_options_detached":false,"_editorskit_block_options_position":"{}","footnotes":""},"class_list":["post-44421","page","type-page","status-publish","hentry"],"acf":[],"yoast_head":"<!-- This site is optimized with the Yoast SEO plugin v23.1 - https:\/\/yoast.com\/wordpress\/plugins\/seo\/ -->\n<title>E-BOOKI - Deva Harmony Polska<\/title>\n<meta name=\"robots\" content=\"index, follow, max-snippet:-1, max-image-preview:large, max-video-preview:-1\" \/>\n<link rel=\"canonical\" href=\"https:\/\/devaharmony.com\/pl\/e-booki\/\" \/>\n<meta property=\"og:locale\" content=\"pl_PL\" \/>\n<meta property=\"og:type\" content=\"article\" \/>\n<meta property=\"og:title\" content=\"E-BOOKI - Deva Harmony Polska\" \/>\n<meta property=\"og:description\" content=\"Podaruj sobie wiedz\u0119 \u2013 si\u0119gnij po Ajurwed\u0119! Witaj w przestrzeni darmowych e-book\u00f3w Deva Harmony.To miejsce, w kt\u00f3rym dzielimy si\u0119 z Tob\u0105 nasz\u0105 pasj\u0105, do\u015bwiadczeniem i wiedz\u0105. Znajdziesz tutaj praktyczne przewodniki, inspiruj\u0105ce teksty oraz codzienne rytua\u0142y, kt\u00f3re pomog\u0105 Ci zadba\u0107 o zdrowie, harmoni\u0119 i spok\u00f3j ducha. Pragniemy by ka\u017cdy mia\u0142 dost\u0119p do autentycznej i sprawdzonej wiedzy, [&hellip;]\" \/>\n<meta property=\"og:url\" content=\"https:\/\/devaharmony.com\/pl\/e-booki\/\" \/>\n<meta property=\"og:site_name\" content=\"Deva Harmony Polska\" \/>\n<meta property=\"article:modified_time\" content=\"2025-04-23T11:29:04+00:00\" \/>\n<meta property=\"og:image\" content=\"https:\/\/devaharmony.com\/pl\/wp-content\/uploads\/2025\/04\/Slajder-567-x-567-px-3-300x300.png\" \/>\n<meta name=\"twitter:card\" content=\"summary_large_image\" \/>\n<meta name=\"twitter:label1\" content=\"Szacowany czas czytania\" \/>\n\t<meta name=\"twitter:data1\" content=\"3 minuty\" \/>\n<script type=\"application\/ld+json\" class=\"yoast-schema-graph\">{\"@context\":\"https:\/\/schema.org\",\"@graph\":[{\"@type\":\"WebPage\",\"@id\":\"https:\/\/devaharmony.com\/pl\/e-booki\/\",\"url\":\"https:\/\/devaharmony.com\/pl\/e-booki\/\",\"name\":\"E-BOOKI - Deva Harmony Polska\",\"isPartOf\":{\"@id\":\"https:\/\/devaharmony.com\/pl\/#website\"},\"primaryImageOfPage\":{\"@id\":\"https:\/\/devaharmony.com\/pl\/e-booki\/#primaryimage\"},\"image\":{\"@id\":\"https:\/\/devaharmony.com\/pl\/e-booki\/#primaryimage\"},\"thumbnailUrl\":\"https:\/\/devaharmony.com\/pl\/wp-content\/uploads\/2025\/04\/Slajder-567-x-567-px-3-300x300.png\",\"datePublished\":\"2025-04-08T11:05:42+00:00\",\"dateModified\":\"2025-04-23T11:29:04+00:00\",\"breadcrumb\":{\"@id\":\"https:\/\/devaharmony.com\/pl\/e-booki\/#breadcrumb\"},\"inLanguage\":\"pl-PL\",\"potentialAction\":[{\"@type\":\"ReadAction\",\"target\":[\"https:\/\/devaharmony.com\/pl\/e-booki\/\"]}]},{\"@type\":\"ImageObject\",\"inLanguage\":\"pl-PL\",\"@id\":\"https:\/\/devaharmony.com\/pl\/e-booki\/#primaryimage\",\"url\":\"https:\/\/devaharmony.com\/pl\/wp-content\/uploads\/2025\/04\/Slajder-567-x-567-px-3.png\",\"contentUrl\":\"https:\/\/devaharmony.com\/pl\/wp-content\/uploads\/2025\/04\/Slajder-567-x-567-px-3.png\",\"width\":567,\"height\":567},{\"@type\":\"BreadcrumbList\",\"@id\":\"https:\/\/devaharmony.com\/pl\/e-booki\/#breadcrumb\",\"itemListElement\":[{\"@type\":\"ListItem\",\"position\":1,\"name\":\"Strona g\u0142\u00f3wna\",\"item\":\"https:\/\/devaharmony.com\/pl\/\"},{\"@type\":\"ListItem\",\"position\":2,\"name\":\"E-BOOKI\"}]},{\"@type\":\"WebSite\",\"@id\":\"https:\/\/devaharmony.com\/pl\/#website\",\"url\":\"https:\/\/devaharmony.com\/pl\/\",\"name\":\"Deva Harmony Polska\",\"description\":\"Ajurwedyjskie Suplementy Diety\",\"potentialAction\":[{\"@type\":\"SearchAction\",\"target\":{\"@type\":\"EntryPoint\",\"urlTemplate\":\"https:\/\/devaharmony.com\/pl\/?s={search_term_string}\"},\"query-input\":\"required name=search_term_string\"}],\"inLanguage\":\"pl-PL\"}]}<\/script>\n<!-- \/ Yoast SEO plugin. -->","yoast_head_json":{"title":"E-BOOKI - Deva Harmony Polska","robots":{"index":"index","follow":"follow","max-snippet":"max-snippet:-1","max-image-preview":"max-image-preview:large","max-video-preview":"max-video-preview:-1"},"canonical":"https:\/\/devaharmony.com\/pl\/e-booki\/","og_locale":"pl_PL","og_type":"article","og_title":"E-BOOKI - Deva Harmony Polska","og_description":"Podaruj sobie wiedz\u0119 \u2013 si\u0119gnij po Ajurwed\u0119! Witaj w przestrzeni darmowych e-book\u00f3w Deva Harmony.To miejsce, w kt\u00f3rym dzielimy si\u0119 z Tob\u0105 nasz\u0105 pasj\u0105, do\u015bwiadczeniem i wiedz\u0105. Znajdziesz tutaj praktyczne przewodniki, inspiruj\u0105ce teksty oraz codzienne rytua\u0142y, kt\u00f3re pomog\u0105 Ci zadba\u0107 o zdrowie, harmoni\u0119 i spok\u00f3j ducha. Pragniemy by ka\u017cdy mia\u0142 dost\u0119p do autentycznej i sprawdzonej wiedzy, [&hellip;]","og_url":"https:\/\/devaharmony.com\/pl\/e-booki\/","og_site_name":"Deva Harmony Polska","article_modified_time":"2025-04-23T11:29:04+00:00","og_image":[{"url":"https:\/\/devaharmony.com\/pl\/wp-content\/uploads\/2025\/04\/Slajder-567-x-567-px-3-300x300.png"}],"twitter_card":"summary_large_image","twitter_misc":{"Szacowany czas czytania":"3 minuty"},"schema":{"@context":"https:\/\/schema.org","@graph":[{"@type":"WebPage","@id":"https:\/\/devaharmony.com\/pl\/e-booki\/","url":"https:\/\/devaharmony.com\/pl\/e-booki\/","name":"E-BOOKI - Deva Harmony Polska","isPartOf":{"@id":"https:\/\/devaharmony.com\/pl\/#website"},"primaryImageOfPage":{"@id":"https:\/\/devaharmony.com\/pl\/e-booki\/#primaryimage"},"image":{"@id":"https:\/\/devaharmony.com\/pl\/e-booki\/#primaryimage"},"thumbnailUrl":"https:\/\/devaharmony.com\/pl\/wp-content\/uploads\/2025\/04\/Slajder-567-x-567-px-3-300x300.png","datePublished":"2025-04-08T11:05:42+00:00","dateModified":"2025-04-23T11:29:04+00:00","breadcrumb":{"@id":"https:\/\/devaharmony.com\/pl\/e-booki\/#breadcrumb"},"inLanguage":"pl-PL","potentialAction":[{"@type":"ReadAction","target":["https:\/\/devaharmony.com\/pl\/e-booki\/"]}]},{"@type":"ImageObject","inLanguage":"pl-PL","@id":"https:\/\/devaharmony.com\/pl\/e-booki\/#primaryimage","url":"https:\/\/devaharmony.com\/pl\/wp-content\/uploads\/2025\/04\/Slajder-567-x-567-px-3.png","contentUrl":"https:\/\/devaharmony.com\/pl\/wp-content\/uploads\/2025\/04\/Slajder-567-x-567-px-3.png","width":567,"height":567},{"@type":"BreadcrumbList","@id":"https:\/\/devaharmony.com\/pl\/e-booki\/#breadcrumb","itemListElement":[{"@type":"ListItem","position":1,"name":"Strona g\u0142\u00f3wna","item":"https:\/\/devaharmony.com\/pl\/"},{"@type":"ListItem","position":2,"name":"E-BOOKI"}]},{"@type":"WebSite","@id":"https:\/\/devaharmony.com\/pl\/#website","url":"https:\/\/devaharmony.com\/pl\/","name":"Deva Harmony Polska","description":"Ajurwedyjskie Suplementy Diety","potentialAction":[{"@type":"SearchAction","target":{"@type":"EntryPoint","urlTemplate":"https:\/\/devaharmony.com\/pl\/?s={search_term_string}"},"query-input":"required name=search_term_string"}],"inLanguage":"pl-PL"}]}},"_links":{"self":[{"href":"https:\/\/devaharmony.com\/pl\/wp-json\/wp\/v2\/pages\/44421","targetHints":{"allow":["GET"]}}],"collection":[{"href":"https:\/\/devaharmony.com\/pl\/wp-json\/wp\/v2\/pages"}],"about":[{"href":"https:\/\/devaharmony.com\/pl\/wp-json\/wp\/v2\/types\/page"}],"author":[{"embeddable":true,"href":"https:\/\/devaharmony.com\/pl\/wp-json\/wp\/v2\/users\/59"}],"replies":[{"embeddable":true,"href":"https:\/\/devaharmony.com\/pl\/wp-json\/wp\/v2\/comments?post=44421"}],"version-history":[{"count":16,"href":"https:\/\/devaharmony.com\/pl\/wp-json\/wp\/v2\/pages\/44421\/revisions"}],"predecessor-version":[{"id":44633,"href":"https:\/\/devaharmony.com\/pl\/wp-json\/wp\/v2\/pages\/44421\/revisions\/44633"}],"wp:attachment":[{"href":"https:\/\/devaharmony.com\/pl\/wp-json\/wp\/v2\/media?parent=44421"}],"curies":[{"name":"wp","href":"https:\/\/api.w.org\/{rel}","templated":true}]}}