{"id":44288,"date":"2025-04-07T13:04:07","date_gmt":"2025-04-07T12:04:07","guid":{"rendered":"https:\/\/devaharmony.com\/pl\/?page_id=44288"},"modified":"2025-09-08T07:41:13","modified_gmt":"2025-09-08T06:41:13","slug":"ajurweda-co-to-jest","status":"publish","type":"page","link":"https:\/\/devaharmony.com\/pl\/ajurweda-co-to-jest\/","title":{"rendered":"Ajurweda \u2013 Co to jest?"},"content":{"rendered":"\n<h2 class=\"wp-block-heading\">Spis Tre\u015bci<\/h2>\n\n\n\n<ul class=\"wp-block-list\">\n<li><a href=\"#czym-jest-ajurweda\">Czym jest Ajurweda?<\/a><\/li>\n\n\n\n<li><a href=\"#od-czego-zaczac\">Od Czego Zacz\u0105\u0107?<\/a><\/li>\n\n\n\n<li><a href=\"#faq\">FAQ &#8211; Najcz\u0119\u015bciej Zadawane Pytania<\/a><\/li>\n<\/ul>\n\n\n\n<h2 class=\"wp-block-heading\" id=\"czym-jest-ajurweda\">Czym jest Ajurweda?<\/h2>\n\n\n\n<p><a href=\"https:\/\/devaharmony.com\/pl\/czym-jest-ajurweda\/\">Ajurweda jest tradycyjn\u0105 indyjsk\u0105 nauk\u0105 medyczn\u0105<\/a>, kt\u00f3ra powsta\u0142a ponad pi\u0119\u0107 tysi\u0119cy lat temu.<br>Ten najstarszy system medyczny nie tylko leczy chorych, ale tak\u017ce pomaga zdrowym, sugeruj\u0105c spersonalizowan\u0105 diet\u0119, styl \u017cycia, tryb sezonowy, \u0107wiczenia, techniki oddychania i wiele prostych naturalnych \u015brodk\u00f3w. Ajurweda to holistyczny system uzdrawiania, kt\u00f3ry opisuje ludzi jako po\u0142\u0105czenie cia\u0142a, umys\u0142u i duszy. Dzi\u015b wiedza ta sta\u0142a si\u0119 popularna na ca\u0142ym \u015bwiecie, poniewa\u017c jest uniwersalna, prosta, \u0142atwa do prze\u0107wiczenia i skuteczna.<\/p>\n\n\n\n<h2 class=\"wp-block-heading\" id=\"od-czego-zaczac\">Od czego zacz\u0105\u0107?<\/h2>\n\n\n\n<p>\u015aci\u0105gnij nasz darmowy E-BOOK<\/p>\n\n\n\n<div class=\"wp-block-media-text is-stacked-on-mobile is-vertically-aligned-top\" style=\"grid-template-columns: 27% auto;\">\n<figure class=\"wp-block-media-text__media\"><img decoding=\"async\" width=\"567\" height=\"567\" class=\"wp-image-44424 size-full\" src=\"https:\/\/devaharmony.com\/pl\/wp-content\/uploads\/2025\/04\/Slajder-567-x-567-px-3.png\" alt=\"\" srcset=\"https:\/\/devaharmony.com\/pl\/wp-content\/uploads\/2025\/04\/Slajder-567-x-567-px-3.png 567w, https:\/\/devaharmony.com\/pl\/wp-content\/uploads\/2025\/04\/Slajder-567-x-567-px-3-300x300.png 300w, https:\/\/devaharmony.com\/pl\/wp-content\/uploads\/2025\/04\/Slajder-567-x-567-px-3-150x150.png 150w, https:\/\/devaharmony.com\/pl\/wp-content\/uploads\/2025\/04\/Slajder-567-x-567-px-3-100x100.png 100w, https:\/\/devaharmony.com\/pl\/wp-content\/uploads\/2025\/04\/Slajder-567-x-567-px-3-64x64.png 64w\" sizes=\"(max-width: 567px) 100vw, 567px\" \/><\/figure>\n<div class=\"wp-block-media-text__content\">\n<div class=\"wp-block-buttons\">\n<div class=\"wp-block-button has-mobile-text-align-center\"><a class=\"wp-block-button__link has-background has-text-align-center wp-element-button\" style=\"background-color: #7ec676;\" href=\"https:\/\/devaharmony.com\/pl\/wp-content\/uploads\/2025\/04\/E-BOOK-Pierwsze-kroki-w-Ajurwedzie.pdf\" target=\"_blank\" rel=\"noreferrer noopener\"><strong>Pobierz<\/strong><\/a><\/div>\n<\/div>\n<\/div>\n<\/div>\n\n\n\n<p>lub pos\u0142uchaj naszego PODCASTU i zanurz si\u0119 z nami w \u015bwiat Ajurwedy.<\/p>\n\n\n\n<figure class=\"wp-block-embed is-type-video is-provider-youtube wp-block-embed-youtube wp-embed-aspect-16-9 wp-has-aspect-ratio\"><div class=\"wp-block-embed__wrapper\">\n<iframe title=\"KROK 1: Czym jest Ajurweda? \ud83c\udf3f Odkryj najstarszy system zdrowia i zacznij swoj\u0105 transformacj\u0119\" width=\"500\" height=\"281\" src=\"https:\/\/www.youtube.com\/embed\/oPlrC0qwjKY?feature=oembed\" frameborder=\"0\" allow=\"accelerometer; autoplay; clipboard-write; encrypted-media; gyroscope; picture-in-picture; web-share\" referrerpolicy=\"strict-origin-when-cross-origin\" allowfullscreen><\/iframe>\n<\/div><\/figure>\n\n\n\n<h2 class=\"wp-block-heading\" id=\"faq\">FAQ &#8211; Najcz\u0119\u015bciej Zadawane Pytania<\/h2>\n\n\n\n<h3 class=\"wp-block-heading\">Czym jest Ajurweda?<\/h3>\n\n\n\n<p>Ajurweda to tradycyjna indyjska nauka medyczna, kt\u00f3ra istnieje od ponad pi\u0119ciu tysi\u0119cy lat. Jest to holistyczny system uzdrawiania, kt\u00f3ry postrzega cz\u0142owieka jako po\u0142\u0105czenie cia\u0142a, umys\u0142u i duszy.<\/p>\n\n\n\n<h3 class=\"wp-block-heading\">Od czego zacz\u0105\u0107 przygod\u0119 z Ajurwed\u0105?<\/h3>\n\n\n\n<p>Mo\u017cesz zacz\u0105\u0107 od pobrania naszego darmowego E-booka lub pos\u0142uchania naszego podcastu, aby dowiedzie\u0107 si\u0119 wi\u0119cej o podstawach tej staro\u017cytnej wiedzy.<\/p>\n\n\n\n<div class=\"wp-block-buttons is-content-justification-center is-layout-flex wp-container-core-buttons-is-layout-16018d1d wp-block-buttons-is-layout-flex\">\n<div class=\"wp-block-button\"><a class=\"wp-block-button__link has-text-align-center wp-element-button\" href=\"https:\/\/devaharmony.com\/pl\/produkty-ajurwedyjskie\/\">Zobacz produkty ajurwedyjskie<\/a><\/div>\n<\/div>\n\n\n\n<p><\/p>\n","protected":false},"excerpt":{"rendered":"<p>Spis Tre\u015bci Czym jest Ajurweda? Ajurweda jest tradycyjn\u0105 indyjsk\u0105 nauk\u0105 medyczn\u0105, kt\u00f3ra powsta\u0142a ponad pi\u0119\u0107 tysi\u0119cy lat temu.Ten najstarszy system medyczny nie tylko leczy chorych, ale tak\u017ce pomaga zdrowym, sugeruj\u0105c spersonalizowan\u0105 diet\u0119, styl \u017cycia, tryb sezonowy, \u0107wiczenia, techniki oddychania i wiele prostych naturalnych \u015brodk\u00f3w. Ajurweda to holistyczny system uzdrawiania, kt\u00f3ry opisuje ludzi jako po\u0142\u0105czenie cia\u0142a, [&hellip;]<\/p>\n","protected":false},"author":59,"featured_media":2764,"parent":0,"menu_order":0,"comment_status":"closed","ping_status":"closed","template":"","meta":{"_editorskit_title_hidden":false,"_editorskit_reading_time":0,"_editorskit_is_block_options_detached":false,"_editorskit_block_options_position":"{}","footnotes":""},"class_list":["post-44288","page","type-page","status-publish","has-post-thumbnail","hentry"],"acf":[],"yoast_head":"<!-- This site is optimized with the Yoast SEO plugin v23.1 - https:\/\/yoast.com\/wordpress\/plugins\/seo\/ -->\n<title>Ajurweda \u2013 Co to jest? - Deva Harmony Polska<\/title>\n<meta name=\"robots\" content=\"index, follow, max-snippet:-1, max-image-preview:large, max-video-preview:-1\" \/>\n<link rel=\"canonical\" href=\"https:\/\/devaharmony.com\/pl\/ajurweda-co-to-jest\/\" \/>\n<meta property=\"og:locale\" content=\"pl_PL\" \/>\n<meta property=\"og:type\" content=\"article\" \/>\n<meta property=\"og:title\" content=\"Ajurweda \u2013 Co to jest? - Deva Harmony Polska\" \/>\n<meta property=\"og:description\" content=\"Spis Tre\u015bci Czym jest Ajurweda? Ajurweda jest tradycyjn\u0105 indyjsk\u0105 nauk\u0105 medyczn\u0105, kt\u00f3ra powsta\u0142a ponad pi\u0119\u0107 tysi\u0119cy lat temu.Ten najstarszy system medyczny nie tylko leczy chorych, ale tak\u017ce pomaga zdrowym, sugeruj\u0105c spersonalizowan\u0105 diet\u0119, styl \u017cycia, tryb sezonowy, \u0107wiczenia, techniki oddychania i wiele prostych naturalnych \u015brodk\u00f3w. Ajurweda to holistyczny system uzdrawiania, kt\u00f3ry opisuje ludzi jako po\u0142\u0105czenie cia\u0142a, [&hellip;]\" \/>\n<meta property=\"og:url\" content=\"https:\/\/devaharmony.com\/pl\/ajurweda-co-to-jest\/\" \/>\n<meta property=\"og:site_name\" content=\"Deva Harmony Polska\" \/>\n<meta property=\"article:modified_time\" content=\"2025-09-08T06:41:13+00:00\" \/>\n<meta property=\"og:image\" content=\"https:\/\/devaharmony.com\/pl\/wp-content\/uploads\/2021\/11\/ajurweda_log_pion-zielone.png\" \/>\n\t<meta property=\"og:image:width\" content=\"732\" \/>\n\t<meta property=\"og:image:height\" content=\"431\" \/>\n\t<meta property=\"og:image:type\" content=\"image\/png\" \/>\n<meta name=\"twitter:card\" content=\"summary_large_image\" \/>\n<meta name=\"twitter:label1\" content=\"Szacowany czas czytania\" \/>\n\t<meta name=\"twitter:data1\" content=\"2 minuty\" \/>\n<script type=\"application\/ld+json\" class=\"yoast-schema-graph\">{\"@context\":\"https:\/\/schema.org\",\"@graph\":[{\"@type\":\"WebPage\",\"@id\":\"https:\/\/devaharmony.com\/pl\/ajurweda-co-to-jest\/\",\"url\":\"https:\/\/devaharmony.com\/pl\/ajurweda-co-to-jest\/\",\"name\":\"Ajurweda \u2013 Co to jest? - Deva Harmony Polska\",\"isPartOf\":{\"@id\":\"https:\/\/devaharmony.com\/pl\/#website\"},\"primaryImageOfPage\":{\"@id\":\"https:\/\/devaharmony.com\/pl\/ajurweda-co-to-jest\/#primaryimage\"},\"image\":{\"@id\":\"https:\/\/devaharmony.com\/pl\/ajurweda-co-to-jest\/#primaryimage\"},\"thumbnailUrl\":\"https:\/\/devaharmony.com\/pl\/wp-content\/uploads\/2021\/11\/ajurweda_log_pion-zielone.png\",\"datePublished\":\"2025-04-07T12:04:07+00:00\",\"dateModified\":\"2025-09-08T06:41:13+00:00\",\"breadcrumb\":{\"@id\":\"https:\/\/devaharmony.com\/pl\/ajurweda-co-to-jest\/#breadcrumb\"},\"inLanguage\":\"pl-PL\",\"potentialAction\":[{\"@type\":\"ReadAction\",\"target\":[\"https:\/\/devaharmony.com\/pl\/ajurweda-co-to-jest\/\"]}]},{\"@type\":\"ImageObject\",\"inLanguage\":\"pl-PL\",\"@id\":\"https:\/\/devaharmony.com\/pl\/ajurweda-co-to-jest\/#primaryimage\",\"url\":\"https:\/\/devaharmony.com\/pl\/wp-content\/uploads\/2021\/11\/ajurweda_log_pion-zielone.png\",\"contentUrl\":\"https:\/\/devaharmony.com\/pl\/wp-content\/uploads\/2021\/11\/ajurweda_log_pion-zielone.png\",\"width\":732,\"height\":431},{\"@type\":\"BreadcrumbList\",\"@id\":\"https:\/\/devaharmony.com\/pl\/ajurweda-co-to-jest\/#breadcrumb\",\"itemListElement\":[{\"@type\":\"ListItem\",\"position\":1,\"name\":\"Strona g\u0142\u00f3wna\",\"item\":\"https:\/\/devaharmony.com\/pl\/\"},{\"@type\":\"ListItem\",\"position\":2,\"name\":\"Ajurweda \u2013 Co to jest?\"}]},{\"@type\":\"WebSite\",\"@id\":\"https:\/\/devaharmony.com\/pl\/#website\",\"url\":\"https:\/\/devaharmony.com\/pl\/\",\"name\":\"Deva Harmony Polska\",\"description\":\"Ajurwedyjskie Suplementy Diety\",\"potentialAction\":[{\"@type\":\"SearchAction\",\"target\":{\"@type\":\"EntryPoint\",\"urlTemplate\":\"https:\/\/devaharmony.com\/pl\/?s={search_term_string}\"},\"query-input\":\"required name=search_term_string\"}],\"inLanguage\":\"pl-PL\"}]}<\/script>\n<!-- \/ Yoast SEO plugin. -->","yoast_head_json":{"title":"Ajurweda \u2013 Co to jest? - Deva Harmony Polska","robots":{"index":"index","follow":"follow","max-snippet":"max-snippet:-1","max-image-preview":"max-image-preview:large","max-video-preview":"max-video-preview:-1"},"canonical":"https:\/\/devaharmony.com\/pl\/ajurweda-co-to-jest\/","og_locale":"pl_PL","og_type":"article","og_title":"Ajurweda \u2013 Co to jest? - Deva Harmony Polska","og_description":"Spis Tre\u015bci Czym jest Ajurweda? Ajurweda jest tradycyjn\u0105 indyjsk\u0105 nauk\u0105 medyczn\u0105, kt\u00f3ra powsta\u0142a ponad pi\u0119\u0107 tysi\u0119cy lat temu.Ten najstarszy system medyczny nie tylko leczy chorych, ale tak\u017ce pomaga zdrowym, sugeruj\u0105c spersonalizowan\u0105 diet\u0119, styl \u017cycia, tryb sezonowy, \u0107wiczenia, techniki oddychania i wiele prostych naturalnych \u015brodk\u00f3w. Ajurweda to holistyczny system uzdrawiania, kt\u00f3ry opisuje ludzi jako po\u0142\u0105czenie cia\u0142a, [&hellip;]","og_url":"https:\/\/devaharmony.com\/pl\/ajurweda-co-to-jest\/","og_site_name":"Deva Harmony Polska","article_modified_time":"2025-09-08T06:41:13+00:00","og_image":[{"width":732,"height":431,"url":"https:\/\/devaharmony.com\/pl\/wp-content\/uploads\/2021\/11\/ajurweda_log_pion-zielone.png","type":"image\/png"}],"twitter_card":"summary_large_image","twitter_misc":{"Szacowany czas czytania":"2 minuty"},"schema":{"@context":"https:\/\/schema.org","@graph":[{"@type":"WebPage","@id":"https:\/\/devaharmony.com\/pl\/ajurweda-co-to-jest\/","url":"https:\/\/devaharmony.com\/pl\/ajurweda-co-to-jest\/","name":"Ajurweda \u2013 Co to jest? - Deva Harmony Polska","isPartOf":{"@id":"https:\/\/devaharmony.com\/pl\/#website"},"primaryImageOfPage":{"@id":"https:\/\/devaharmony.com\/pl\/ajurweda-co-to-jest\/#primaryimage"},"image":{"@id":"https:\/\/devaharmony.com\/pl\/ajurweda-co-to-jest\/#primaryimage"},"thumbnailUrl":"https:\/\/devaharmony.com\/pl\/wp-content\/uploads\/2021\/11\/ajurweda_log_pion-zielone.png","datePublished":"2025-04-07T12:04:07+00:00","dateModified":"2025-09-08T06:41:13+00:00","breadcrumb":{"@id":"https:\/\/devaharmony.com\/pl\/ajurweda-co-to-jest\/#breadcrumb"},"inLanguage":"pl-PL","potentialAction":[{"@type":"ReadAction","target":["https:\/\/devaharmony.com\/pl\/ajurweda-co-to-jest\/"]}]},{"@type":"ImageObject","inLanguage":"pl-PL","@id":"https:\/\/devaharmony.com\/pl\/ajurweda-co-to-jest\/#primaryimage","url":"https:\/\/devaharmony.com\/pl\/wp-content\/uploads\/2021\/11\/ajurweda_log_pion-zielone.png","contentUrl":"https:\/\/devaharmony.com\/pl\/wp-content\/uploads\/2021\/11\/ajurweda_log_pion-zielone.png","width":732,"height":431},{"@type":"BreadcrumbList","@id":"https:\/\/devaharmony.com\/pl\/ajurweda-co-to-jest\/#breadcrumb","itemListElement":[{"@type":"ListItem","position":1,"name":"Strona g\u0142\u00f3wna","item":"https:\/\/devaharmony.com\/pl\/"},{"@type":"ListItem","position":2,"name":"Ajurweda \u2013 Co to jest?"}]},{"@type":"WebSite","@id":"https:\/\/devaharmony.com\/pl\/#website","url":"https:\/\/devaharmony.com\/pl\/","name":"Deva Harmony Polska","description":"Ajurwedyjskie Suplementy Diety","potentialAction":[{"@type":"SearchAction","target":{"@type":"EntryPoint","urlTemplate":"https:\/\/devaharmony.com\/pl\/?s={search_term_string}"},"query-input":"required name=search_term_string"}],"inLanguage":"pl-PL"}]}},"_links":{"self":[{"href":"https:\/\/devaharmony.com\/pl\/wp-json\/wp\/v2\/pages\/44288","targetHints":{"allow":["GET"]}}],"collection":[{"href":"https:\/\/devaharmony.com\/pl\/wp-json\/wp\/v2\/pages"}],"about":[{"href":"https:\/\/devaharmony.com\/pl\/wp-json\/wp\/v2\/types\/page"}],"author":[{"embeddable":true,"href":"https:\/\/devaharmony.com\/pl\/wp-json\/wp\/v2\/users\/59"}],"replies":[{"embeddable":true,"href":"https:\/\/devaharmony.com\/pl\/wp-json\/wp\/v2\/comments?post=44288"}],"version-history":[{"count":23,"href":"https:\/\/devaharmony.com\/pl\/wp-json\/wp\/v2\/pages\/44288\/revisions"}],"predecessor-version":[{"id":46802,"href":"https:\/\/devaharmony.com\/pl\/wp-json\/wp\/v2\/pages\/44288\/revisions\/46802"}],"wp:featuredmedia":[{"embeddable":true,"href":"https:\/\/devaharmony.com\/pl\/wp-json\/wp\/v2\/media\/2764"}],"wp:attachment":[{"href":"https:\/\/devaharmony.com\/pl\/wp-json\/wp\/v2\/media?parent=44288"}],"curies":[{"name":"wp","href":"https:\/\/api.w.org\/{rel}","templated":true}]}}