{"id":44013,"date":"2025-04-08T11:46:28","date_gmt":"2025-04-08T10:46:28","guid":{"rendered":"https:\/\/devaharmony.com\/pl\/?page_id=44013"},"modified":"2025-04-08T11:52:00","modified_gmt":"2025-04-08T10:52:00","slug":"kim-jestes-zrob-test-na-konstytucje","status":"publish","type":"page","link":"https:\/\/devaharmony.com\/pl\/kim-jestes-zrob-test-na-konstytucje\/","title":{"rendered":"Kim jeste\u015b? Zr\u00f3b test na konstytucj\u0119!"},"content":{"rendered":"\n<h3 class=\"wp-block-heading\">\u2705 JAK PRAWID\u0141OWO WYPE\u0141NI\u0106 TEST NA DOSZE?<\/h3>\n\n\n\n<ol class=\"wp-block-list\">\n<li><strong>Oceniaj siebie na podstawie ca\u0142ego \u017cycia, nie tylko tego, jak czujesz si\u0119 teraz.<\/strong>\n<ul class=\"wp-block-list\">\n<li>Test ma okre\u015bli\u0107 Twoj\u0105 <em>pierwotn\u0105 natur\u0119<\/em> (prakriti), nie aktualne zaburzenia (vikriti).<\/li>\n\n\n\n<li>Zastan\u00f3w si\u0119: \u201eJak by\u0142em\/by\u0142am postrzegany\/a przez wi\u0119kszo\u015b\u0107 \u017cycia?\u201d zamiast \u201eJak czuj\u0119 si\u0119 dzi\u015b?\u201d<\/li>\n<\/ul>\n<\/li>\n\n\n\n<li><strong>B\u0105d\u017a szczery\/a i uwa\u017cny\/a.<\/strong>\n<ul class=\"wp-block-list\">\n<li>Nie zaznaczaj odpowiedzi, kt\u00f3re <em>chcia\u0142(a)by\u015b<\/em>, \u017ceby do Ciebie pasowa\u0142y \u2013 zaznacz te, kt\u00f3re naprawd\u0119 Ci\u0119 opisuj\u0105.<\/li>\n<\/ul>\n<\/li>\n\n\n\n<li><strong>Nie oceniaj przez pryzmat choroby lub stresu.<\/strong>\n<ul class=\"wp-block-list\">\n<li>Przewlek\u0142e problemy zdrowotne, stres, zm\u0119czenie \u2013 to wszystko mo\u017ce wp\u0142ywa\u0107 na Tw\u00f3j obecny stan i zafa\u0142szowa\u0107 wynik.<\/li>\n<\/ul>\n<\/li>\n\n\n\n<li><strong>Warto zrobi\u0107 test w spokojnym momencie.<\/strong>\n<ul class=\"wp-block-list\">\n<li>Wycisz si\u0119 na chwil\u0119 przed rozpocz\u0119ciem testu \u2013 potraktuj to jako rytua\u0142 samopoznania.<\/li>\n<\/ul>\n<\/li>\n\n\n\n<li><strong>Wynik testu to punkt wyj\u015bcia, nie ostateczna diagnoza.<\/strong><\/li>\n<\/ol>\n\n\n\n<div class=\"wp-block-buttons is-layout-flex wp-block-buttons-is-layout-flex\">\n<div class=\"wp-block-button has-custom-font-size has-medium-font-size\"><a class=\"wp-block-button__link has-background wp-element-button\" href=\"https:\/\/devaharmony.com\/pl\/test-na-konstytucje-ajurwedyjska\/\" style=\"background-color:#7ec676\" target=\"_blank\" rel=\"noreferrer noopener\"><strong>Przejd\u017a do testu<\/strong><\/a><\/div>\n<\/div>\n\n\n\n<p><br><\/p>\n\n\n\n<h3 class=\"wp-block-heading\">\ud83e\udded POTRZEBUJESZ WI\u0118CEJ WSKAZ\u00d3WEK?<\/h3>\n\n\n\n<p>\ud83d\udd17 Kliknij tutaj, aby przej\u015b\u0107 do odcinka podcastu, w kt\u00f3rym wyja\u015bniamy krok po kroku jak wype\u0142ni\u0107 test i nie pope\u0142ni\u0107 najcz\u0119stszych b\u0142\u0119d\u00f3w:<a href=\"https:\/\/www.youtube.com\/watch?v=nbmMuQhElLg&amp;t=5s\" target=\"_blank\" rel=\"noreferrer noopener\">\ud83d\udc49 <\/a><strong><a href=\"https:\/\/www.youtube.com\/watch?v=nbmMuQhElLg&amp;t=5s\" target=\"_blank\" rel=\"noreferrer noopener\">Przejd\u017a do odcinka \u201ePoznaj swoj\u0105 prawdziw\u0105 natur\u0119\u201d<\/a> <\/strong><\/p>\n\n\n\n<p>Je\u015bli nadal masz w\u0105tpliwo\u015bci, rozwa\u017c skonsultowanie si\u0119 z certyfikowanym specjalist\u0105 \u2013 pomo\u017ce Ci dok\u0142adnie zinterpretowa\u0107 wynik testu oraz zaproponuje indywidualne zalecenia.<\/p>\n\n\n\n<p>\ud83d\udd17 <strong>Konsultacja ajurwedyjska u Grzegorza Ludery na \u017cywo lub online: <\/strong><a href=\"https:\/\/devaharmony.com\/pl\/sklep\/okreslenie-indywidualnej-konstytucji\/\">https:\/\/devaharmony.com\/pl\/sklep\/okreslenie-indywidualnej-konstytucji\/<\/a><\/p>\n\n\n\n<p>\ud83d\udd17 <strong>Lista wszystkich polecanych konsultant\u00f3w:<\/strong> <a href=\"https:\/\/devaharmony.com\/pl\/konsultanci-ajurwedyjscy\/\">https:\/\/devaharmony.com\/pl\/konsultanci-ajurwedyjscy\/<\/a><\/p>\n\n\n\n<div class=\"wp-block-buttons is-layout-flex wp-block-buttons-is-layout-flex\">\n<div class=\"wp-block-button\"><a class=\"wp-block-button__link has-background wp-element-button\" href=\"https:\/\/devaharmony.com\/pl\/test-na-konstytucje-ajurwedyjska\/\" style=\"background-color:#7ec676\" target=\"_blank\" rel=\"noreferrer noopener\"><strong>Przejd\u017a do testu<\/strong><\/a><\/div>\n<\/div>\n\n\n\n<p><\/p>\n\n\n\n<p><\/p>\n\n\n\n<figure class=\"wp-block-gallery has-nested-images columns-default is-cropped wp-block-gallery-1 is-layout-flex wp-block-gallery-is-layout-flex\">\n<figure class=\"wp-block-image size-large\"><a href=\"https:\/\/www.youtube.com\/watch?v=x4kjdFu_8Ns&amp;t=407s\" target=\"_blank\" rel=\"noreferrer noopener\"><img decoding=\"async\" width=\"1024\" height=\"576\" data-id=\"44390\" src=\"https:\/\/devaharmony.com\/pl\/wp-content\/uploads\/2025\/04\/KROK-3-Dosha-VATA-wietrzny-umysl-1024x576.jpg\" alt=\"\" class=\"wp-image-44390\" srcset=\"https:\/\/devaharmony.com\/pl\/wp-content\/uploads\/2025\/04\/KROK-3-Dosha-VATA-wietrzny-umysl-1024x576.jpg 1024w, https:\/\/devaharmony.com\/pl\/wp-content\/uploads\/2025\/04\/KROK-3-Dosha-VATA-wietrzny-umysl-300x169.jpg 300w, https:\/\/devaharmony.com\/pl\/wp-content\/uploads\/2025\/04\/KROK-3-Dosha-VATA-wietrzny-umysl-768x432.jpg 768w, https:\/\/devaharmony.com\/pl\/wp-content\/uploads\/2025\/04\/KROK-3-Dosha-VATA-wietrzny-umysl-600x338.jpg 600w, https:\/\/devaharmony.com\/pl\/wp-content\/uploads\/2025\/04\/KROK-3-Dosha-VATA-wietrzny-umysl-64x36.jpg 64w, https:\/\/devaharmony.com\/pl\/wp-content\/uploads\/2025\/04\/KROK-3-Dosha-VATA-wietrzny-umysl.jpg 1280w\" sizes=\"(max-width: 1024px) 100vw, 1024px\" \/><\/a><\/figure>\n\n\n\n<figure class=\"wp-block-image size-large\"><a href=\"https:\/\/www.youtube.com\/watch?v=SknT3fvo_vk\" target=\"_blank\" rel=\"noreferrer noopener\"><img decoding=\"async\" width=\"1024\" height=\"576\" data-id=\"44389\" src=\"https:\/\/devaharmony.com\/pl\/wp-content\/uploads\/2025\/04\/KROK-4-Dosha-PITTA-ognisty-temperament-1024x576.jpg\" alt=\"\" class=\"wp-image-44389\" srcset=\"https:\/\/devaharmony.com\/pl\/wp-content\/uploads\/2025\/04\/KROK-4-Dosha-PITTA-ognisty-temperament-1024x576.jpg 1024w, https:\/\/devaharmony.com\/pl\/wp-content\/uploads\/2025\/04\/KROK-4-Dosha-PITTA-ognisty-temperament-300x169.jpg 300w, https:\/\/devaharmony.com\/pl\/wp-content\/uploads\/2025\/04\/KROK-4-Dosha-PITTA-ognisty-temperament-768x432.jpg 768w, https:\/\/devaharmony.com\/pl\/wp-content\/uploads\/2025\/04\/KROK-4-Dosha-PITTA-ognisty-temperament-600x338.jpg 600w, https:\/\/devaharmony.com\/pl\/wp-content\/uploads\/2025\/04\/KROK-4-Dosha-PITTA-ognisty-temperament-64x36.jpg 64w, https:\/\/devaharmony.com\/pl\/wp-content\/uploads\/2025\/04\/KROK-4-Dosha-PITTA-ognisty-temperament.jpg 1280w\" sizes=\"(max-width: 1024px) 100vw, 1024px\" \/><\/a><\/figure>\n\n\n\n<figure class=\"wp-block-image size-large\"><a href=\"https:\/\/www.youtube.com\/watch?v=Vozkcia4zyE&amp;t=566s\" target=\"_blank\" rel=\"noreferrer noopener\"><img decoding=\"async\" width=\"1024\" height=\"576\" data-id=\"44388\" src=\"https:\/\/devaharmony.com\/pl\/wp-content\/uploads\/2025\/04\/KROK-5-Dosha-KAPHA-\u2013-uziemiony-spokoj-1024x576.jpg\" alt=\"\" class=\"wp-image-44388\" srcset=\"https:\/\/devaharmony.com\/pl\/wp-content\/uploads\/2025\/04\/KROK-5-Dosha-KAPHA-\u2013-uziemiony-spokoj-1024x576.jpg 1024w, https:\/\/devaharmony.com\/pl\/wp-content\/uploads\/2025\/04\/KROK-5-Dosha-KAPHA-\u2013-uziemiony-spokoj-300x169.jpg 300w, https:\/\/devaharmony.com\/pl\/wp-content\/uploads\/2025\/04\/KROK-5-Dosha-KAPHA-\u2013-uziemiony-spokoj-768x432.jpg 768w, https:\/\/devaharmony.com\/pl\/wp-content\/uploads\/2025\/04\/KROK-5-Dosha-KAPHA-\u2013-uziemiony-spokoj-600x338.jpg 600w, https:\/\/devaharmony.com\/pl\/wp-content\/uploads\/2025\/04\/KROK-5-Dosha-KAPHA-\u2013-uziemiony-spokoj-64x36.jpg 64w, https:\/\/devaharmony.com\/pl\/wp-content\/uploads\/2025\/04\/KROK-5-Dosha-KAPHA-\u2013-uziemiony-spokoj.jpg 1280w\" sizes=\"(max-width: 1024px) 100vw, 1024px\" \/><\/a><\/figure>\n<\/figure>\n\n\n\n<p><\/p>\n","protected":false},"excerpt":{"rendered":"<p>\u2705 JAK PRAWID\u0141OWO WYPE\u0141NI\u0106 TEST NA DOSZE? \ud83e\udded POTRZEBUJESZ WI\u0118CEJ WSKAZ\u00d3WEK? \ud83d\udd17 Kliknij tutaj, aby przej\u015b\u0107 do odcinka podcastu, w kt\u00f3rym wyja\u015bniamy krok po kroku jak wype\u0142ni\u0107 test i nie pope\u0142ni\u0107 najcz\u0119stszych b\u0142\u0119d\u00f3w:\ud83d\udc49 Przejd\u017a do odcinka \u201ePoznaj swoj\u0105 prawdziw\u0105 natur\u0119\u201d Je\u015bli nadal masz w\u0105tpliwo\u015bci, rozwa\u017c skonsultowanie si\u0119 z certyfikowanym specjalist\u0105 \u2013 pomo\u017ce Ci dok\u0142adnie zinterpretowa\u0107 [&hellip;]<\/p>\n","protected":false},"author":59,"featured_media":0,"parent":0,"menu_order":0,"comment_status":"closed","ping_status":"closed","template":"","meta":{"_editorskit_title_hidden":false,"_editorskit_reading_time":0,"_editorskit_is_block_options_detached":false,"_editorskit_block_options_position":"{}","footnotes":""},"class_list":["post-44013","page","type-page","status-publish","hentry"],"acf":[],"yoast_head":"<!-- This site is optimized with the Yoast SEO plugin v23.1 - https:\/\/yoast.com\/wordpress\/plugins\/seo\/ -->\n<title>Kim jeste\u015b? Zr\u00f3b test na konstytucj\u0119! - Deva Harmony Polska<\/title>\n<meta name=\"robots\" content=\"index, follow, max-snippet:-1, max-image-preview:large, max-video-preview:-1\" \/>\n<link rel=\"canonical\" href=\"https:\/\/devaharmony.com\/pl\/kim-jestes-zrob-test-na-konstytucje\/\" \/>\n<meta property=\"og:locale\" content=\"pl_PL\" \/>\n<meta property=\"og:type\" content=\"article\" \/>\n<meta property=\"og:title\" content=\"Kim jeste\u015b? Zr\u00f3b test na konstytucj\u0119! - Deva Harmony Polska\" \/>\n<meta property=\"og:description\" content=\"\u2705 JAK PRAWID\u0141OWO WYPE\u0141NI\u0106 TEST NA DOSZE? \ud83e\udded POTRZEBUJESZ WI\u0118CEJ WSKAZ\u00d3WEK? \ud83d\udd17 Kliknij tutaj, aby przej\u015b\u0107 do odcinka podcastu, w kt\u00f3rym wyja\u015bniamy krok po kroku jak wype\u0142ni\u0107 test i nie pope\u0142ni\u0107 najcz\u0119stszych b\u0142\u0119d\u00f3w:\ud83d\udc49 Przejd\u017a do odcinka \u201ePoznaj swoj\u0105 prawdziw\u0105 natur\u0119\u201d Je\u015bli nadal masz w\u0105tpliwo\u015bci, rozwa\u017c skonsultowanie si\u0119 z certyfikowanym specjalist\u0105 \u2013 pomo\u017ce Ci dok\u0142adnie zinterpretowa\u0107 [&hellip;]\" \/>\n<meta property=\"og:url\" content=\"https:\/\/devaharmony.com\/pl\/kim-jestes-zrob-test-na-konstytucje\/\" \/>\n<meta property=\"og:site_name\" content=\"Deva Harmony Polska\" \/>\n<meta property=\"article:modified_time\" content=\"2025-04-08T10:52:00+00:00\" \/>\n<meta property=\"og:image\" content=\"https:\/\/devaharmony.com\/pl\/wp-content\/uploads\/2025\/04\/KROK-3-Dosha-VATA-wietrzny-umysl-1024x576.jpg\" \/>\n<meta name=\"twitter:card\" content=\"summary_large_image\" \/>\n<meta name=\"twitter:label1\" content=\"Szacowany czas czytania\" \/>\n\t<meta name=\"twitter:data1\" content=\"2 minuty\" \/>\n<script type=\"application\/ld+json\" class=\"yoast-schema-graph\">{\"@context\":\"https:\/\/schema.org\",\"@graph\":[{\"@type\":\"WebPage\",\"@id\":\"https:\/\/devaharmony.com\/pl\/kim-jestes-zrob-test-na-konstytucje\/\",\"url\":\"https:\/\/devaharmony.com\/pl\/kim-jestes-zrob-test-na-konstytucje\/\",\"name\":\"Kim jeste\u015b? Zr\u00f3b test na konstytucj\u0119! - Deva Harmony Polska\",\"isPartOf\":{\"@id\":\"https:\/\/devaharmony.com\/pl\/#website\"},\"primaryImageOfPage\":{\"@id\":\"https:\/\/devaharmony.com\/pl\/kim-jestes-zrob-test-na-konstytucje\/#primaryimage\"},\"image\":{\"@id\":\"https:\/\/devaharmony.com\/pl\/kim-jestes-zrob-test-na-konstytucje\/#primaryimage\"},\"thumbnailUrl\":\"https:\/\/devaharmony.com\/pl\/wp-content\/uploads\/2025\/04\/KROK-3-Dosha-VATA-wietrzny-umysl-1024x576.jpg\",\"datePublished\":\"2025-04-08T10:46:28+00:00\",\"dateModified\":\"2025-04-08T10:52:00+00:00\",\"breadcrumb\":{\"@id\":\"https:\/\/devaharmony.com\/pl\/kim-jestes-zrob-test-na-konstytucje\/#breadcrumb\"},\"inLanguage\":\"pl-PL\",\"potentialAction\":[{\"@type\":\"ReadAction\",\"target\":[\"https:\/\/devaharmony.com\/pl\/kim-jestes-zrob-test-na-konstytucje\/\"]}]},{\"@type\":\"ImageObject\",\"inLanguage\":\"pl-PL\",\"@id\":\"https:\/\/devaharmony.com\/pl\/kim-jestes-zrob-test-na-konstytucje\/#primaryimage\",\"url\":\"https:\/\/devaharmony.com\/pl\/wp-content\/uploads\/2025\/04\/KROK-3-Dosha-VATA-wietrzny-umysl.jpg\",\"contentUrl\":\"https:\/\/devaharmony.com\/pl\/wp-content\/uploads\/2025\/04\/KROK-3-Dosha-VATA-wietrzny-umysl.jpg\",\"width\":1280,\"height\":720},{\"@type\":\"BreadcrumbList\",\"@id\":\"https:\/\/devaharmony.com\/pl\/kim-jestes-zrob-test-na-konstytucje\/#breadcrumb\",\"itemListElement\":[{\"@type\":\"ListItem\",\"position\":1,\"name\":\"Strona g\u0142\u00f3wna\",\"item\":\"https:\/\/devaharmony.com\/pl\/\"},{\"@type\":\"ListItem\",\"position\":2,\"name\":\"Kim jeste\u015b? Zr\u00f3b test na konstytucj\u0119!\"}]},{\"@type\":\"WebSite\",\"@id\":\"https:\/\/devaharmony.com\/pl\/#website\",\"url\":\"https:\/\/devaharmony.com\/pl\/\",\"name\":\"Deva Harmony Polska\",\"description\":\"Ajurwedyjskie Suplementy Diety\",\"potentialAction\":[{\"@type\":\"SearchAction\",\"target\":{\"@type\":\"EntryPoint\",\"urlTemplate\":\"https:\/\/devaharmony.com\/pl\/?s={search_term_string}\"},\"query-input\":\"required name=search_term_string\"}],\"inLanguage\":\"pl-PL\"}]}<\/script>\n<!-- \/ Yoast SEO plugin. -->","yoast_head_json":{"title":"Kim jeste\u015b? Zr\u00f3b test na konstytucj\u0119! - Deva Harmony Polska","robots":{"index":"index","follow":"follow","max-snippet":"max-snippet:-1","max-image-preview":"max-image-preview:large","max-video-preview":"max-video-preview:-1"},"canonical":"https:\/\/devaharmony.com\/pl\/kim-jestes-zrob-test-na-konstytucje\/","og_locale":"pl_PL","og_type":"article","og_title":"Kim jeste\u015b? Zr\u00f3b test na konstytucj\u0119! - Deva Harmony Polska","og_description":"\u2705 JAK PRAWID\u0141OWO WYPE\u0141NI\u0106 TEST NA DOSZE? \ud83e\udded POTRZEBUJESZ WI\u0118CEJ WSKAZ\u00d3WEK? \ud83d\udd17 Kliknij tutaj, aby przej\u015b\u0107 do odcinka podcastu, w kt\u00f3rym wyja\u015bniamy krok po kroku jak wype\u0142ni\u0107 test i nie pope\u0142ni\u0107 najcz\u0119stszych b\u0142\u0119d\u00f3w:\ud83d\udc49 Przejd\u017a do odcinka \u201ePoznaj swoj\u0105 prawdziw\u0105 natur\u0119\u201d Je\u015bli nadal masz w\u0105tpliwo\u015bci, rozwa\u017c skonsultowanie si\u0119 z certyfikowanym specjalist\u0105 \u2013 pomo\u017ce Ci dok\u0142adnie zinterpretowa\u0107 [&hellip;]","og_url":"https:\/\/devaharmony.com\/pl\/kim-jestes-zrob-test-na-konstytucje\/","og_site_name":"Deva Harmony Polska","article_modified_time":"2025-04-08T10:52:00+00:00","og_image":[{"url":"https:\/\/devaharmony.com\/pl\/wp-content\/uploads\/2025\/04\/KROK-3-Dosha-VATA-wietrzny-umysl-1024x576.jpg"}],"twitter_card":"summary_large_image","twitter_misc":{"Szacowany czas czytania":"2 minuty"},"schema":{"@context":"https:\/\/schema.org","@graph":[{"@type":"WebPage","@id":"https:\/\/devaharmony.com\/pl\/kim-jestes-zrob-test-na-konstytucje\/","url":"https:\/\/devaharmony.com\/pl\/kim-jestes-zrob-test-na-konstytucje\/","name":"Kim jeste\u015b? Zr\u00f3b test na konstytucj\u0119! - Deva Harmony Polska","isPartOf":{"@id":"https:\/\/devaharmony.com\/pl\/#website"},"primaryImageOfPage":{"@id":"https:\/\/devaharmony.com\/pl\/kim-jestes-zrob-test-na-konstytucje\/#primaryimage"},"image":{"@id":"https:\/\/devaharmony.com\/pl\/kim-jestes-zrob-test-na-konstytucje\/#primaryimage"},"thumbnailUrl":"https:\/\/devaharmony.com\/pl\/wp-content\/uploads\/2025\/04\/KROK-3-Dosha-VATA-wietrzny-umysl-1024x576.jpg","datePublished":"2025-04-08T10:46:28+00:00","dateModified":"2025-04-08T10:52:00+00:00","breadcrumb":{"@id":"https:\/\/devaharmony.com\/pl\/kim-jestes-zrob-test-na-konstytucje\/#breadcrumb"},"inLanguage":"pl-PL","potentialAction":[{"@type":"ReadAction","target":["https:\/\/devaharmony.com\/pl\/kim-jestes-zrob-test-na-konstytucje\/"]}]},{"@type":"ImageObject","inLanguage":"pl-PL","@id":"https:\/\/devaharmony.com\/pl\/kim-jestes-zrob-test-na-konstytucje\/#primaryimage","url":"https:\/\/devaharmony.com\/pl\/wp-content\/uploads\/2025\/04\/KROK-3-Dosha-VATA-wietrzny-umysl.jpg","contentUrl":"https:\/\/devaharmony.com\/pl\/wp-content\/uploads\/2025\/04\/KROK-3-Dosha-VATA-wietrzny-umysl.jpg","width":1280,"height":720},{"@type":"BreadcrumbList","@id":"https:\/\/devaharmony.com\/pl\/kim-jestes-zrob-test-na-konstytucje\/#breadcrumb","itemListElement":[{"@type":"ListItem","position":1,"name":"Strona g\u0142\u00f3wna","item":"https:\/\/devaharmony.com\/pl\/"},{"@type":"ListItem","position":2,"name":"Kim jeste\u015b? Zr\u00f3b test na konstytucj\u0119!"}]},{"@type":"WebSite","@id":"https:\/\/devaharmony.com\/pl\/#website","url":"https:\/\/devaharmony.com\/pl\/","name":"Deva Harmony Polska","description":"Ajurwedyjskie Suplementy Diety","potentialAction":[{"@type":"SearchAction","target":{"@type":"EntryPoint","urlTemplate":"https:\/\/devaharmony.com\/pl\/?s={search_term_string}"},"query-input":"required name=search_term_string"}],"inLanguage":"pl-PL"}]}},"_links":{"self":[{"href":"https:\/\/devaharmony.com\/pl\/wp-json\/wp\/v2\/pages\/44013","targetHints":{"allow":["GET"]}}],"collection":[{"href":"https:\/\/devaharmony.com\/pl\/wp-json\/wp\/v2\/pages"}],"about":[{"href":"https:\/\/devaharmony.com\/pl\/wp-json\/wp\/v2\/types\/page"}],"author":[{"embeddable":true,"href":"https:\/\/devaharmony.com\/pl\/wp-json\/wp\/v2\/users\/59"}],"replies":[{"embeddable":true,"href":"https:\/\/devaharmony.com\/pl\/wp-json\/wp\/v2\/comments?post=44013"}],"version-history":[{"count":7,"href":"https:\/\/devaharmony.com\/pl\/wp-json\/wp\/v2\/pages\/44013\/revisions"}],"predecessor-version":[{"id":44420,"href":"https:\/\/devaharmony.com\/pl\/wp-json\/wp\/v2\/pages\/44013\/revisions\/44420"}],"wp:attachment":[{"href":"https:\/\/devaharmony.com\/pl\/wp-json\/wp\/v2\/media?parent=44013"}],"curies":[{"name":"wp","href":"https:\/\/api.w.org\/{rel}","templated":true}]}}