{"id":31,"date":"2020-09-23T12:49:30","date_gmt":"2020-09-23T12:49:30","guid":{"rendered":"https:\/\/devaharmony.com\/pl\/?page_id=31"},"modified":"2023-07-17T14:43:04","modified_gmt":"2023-07-17T13:43:04","slug":"jivagram-faridabad-indie","status":"publish","type":"page","link":"https:\/\/devaharmony.com\/pl\/jivagram-faridabad-indie\/","title":{"rendered":"Jivagram Faridabad Indie"},"content":{"rendered":"\n<p>Pami\u0119taj drogi czytelniku, w tym miejscu m\u00f3wimy o holistycznym uzdrawianiu, leczenie pozostawiamy tym, kt\u00f3rzy zajmuj\u0105 si\u0119 leczeniem.<\/p>\n\n\n\n<p>Ale je\u015bli:<\/p>\n\n\n\n<ul class=\"wp-block-list\"><li>dotyka Ci\u0119 problem ze zdrowiem i szukasz \u015bcie\u017cki powrotu do r\u00f3wnowagi organizmu,<\/li><li>planujesz kompleksowo zaj\u0105\u0107 si\u0119 swoim zdrowiem i samopoczuciem,<\/li><li>chcesz na powa\u017cnie zaprowadzi\u0107 porz\u0105dek w swoim organizmie,<\/li><li>pragniesz nauczy\u0107 si\u0119 sposob\u00f3w dbania o siebie na co dzie\u0144,<\/li><li>intryguje Ci\u0119 tajemnicza nazwa Panchakarma,<\/li><\/ul>\n\n\n\n<p>pozw\u00f3l sobie na podr\u00f3\u017c do swojego wn\u0119trza, poznaj, jak funkcjonuje Twoje cia\u0142o, zobacz jakie korzy\u015bci przyniesie mu ajurweda.<\/p>\n\n\n\n<p>Zapraszamy Ci\u0119 do <strong>JIVAGRAM<\/strong> w Faribadad niedaleko Dheli w Indiach: <a href=\"http:\/\/www.jivagram.jiva.com\">www.jivagram.jiva.com<\/a>.<br>JIVAGRAM to centrum odnowy biologicznej Jiva Ayurveda, gdzie go\u015bcie mog\u0105 odzyska\u0107 zdrowie \u2013 fizyczne, psychiczne i duchowe. Opr\u00f3cz zapewnienia \u015bwiatowej klasy leczenia ajurwedyjskiego, Panchakarmy (kompletnego ajurwedyjskiego detoksu) i innych wspania\u0142ych terapii, o\u015brodek oferuje swoim go\u015bciom unikalne do\u015bwiadczenia indyjskiej tradycji i kultury.<\/p>\n\n\n\n<figure class=\"wp-block-image size-large\"><img decoding=\"async\" width=\"1024\" height=\"576\" src=\"https:\/\/devaharmony.com\/pl\/wp-content\/uploads\/sites\/2\/2021\/04\/Jivagram-1024x576.jpg\" alt=\"Jivagram, Indie\" class=\"wp-image-785\" srcset=\"https:\/\/devaharmony.com\/pl\/wp-content\/uploads\/2021\/04\/Jivagram-1024x576.jpg 1024w, https:\/\/devaharmony.com\/pl\/wp-content\/uploads\/2021\/04\/Jivagram-300x169.jpg 300w, https:\/\/devaharmony.com\/pl\/wp-content\/uploads\/2021\/04\/Jivagram-600x338.jpg 600w, https:\/\/devaharmony.com\/pl\/wp-content\/uploads\/2021\/04\/Jivagram-768x432.jpg 768w, https:\/\/devaharmony.com\/pl\/wp-content\/uploads\/2021\/04\/Jivagram-1536x864.jpg 1536w, https:\/\/devaharmony.com\/pl\/wp-content\/uploads\/2021\/04\/Jivagram.jpg 1920w\" sizes=\"(max-width: 1024px) 100vw, 1024px\" \/><\/figure>\n\n\n\n<p><strong>JIVAGRAM to:<\/strong><\/p>\n\n\n\n<ul class=\"wp-block-list\"><li>Kompletne po\u0142\u0105czenie nauk o uzdrawianiu, kt\u00f3re pozwalaj\u0105 powr\u00f3ci\u0107 do naturalnej r\u00f3wnowagi cia\u0142a, umys\u0142u i duszy.<\/li><li>Opieka wykwalifikowanych lekarzy ajurwedyjskich.<\/li><li>Podej\u015bcie Ayunique\u2122* &#8211; zabiegi i zio\u0142a ajurwedyjskie, dostosowane do obecnego stanu dosha w Twoim ciele.<\/li><li>Pi\u0119kne pokoje, naturalnie urz\u0105dzone dla Twojej wygody.<\/li><li>Posi\u0142ki, kt\u00f3re karmi\u0105 Twoje kom\u00f3rki &#8211; wejdziesz w \u015bwiat od\u017cywczej kuchni Sattwicznej.<\/li><li>Cisza i z ka\u017cdym dniem wi\u0119cej r\u00f3wnowagi \u2013 celu pobytu.<\/li><\/ul>\n\n\n\n<p>Je\u015bli obserwujesz swoje cia\u0142o i umys\u0142 i dostrzegasz, \u017ce Twoje zmys\u0142y s\u0105 zwyczajnie zm\u0119czone, czas na podj\u0119cie radykalnych krok\u00f3w w celu przywr\u00f3cenia im r\u00f3wnowagi \u2013 czas na pobyt w JIVAGRAM.<br>Ch\u0119tnie pomo\u017cemy Ci w przygotowaniach do wyjazdu i zajmiemy si\u0119 wsparciem w uzyskaniu wizy medycznej.<\/p>\n\n\n\n<p><\/p>\n\n\n\n<p><strong>Deva Harmony oferuje:<\/strong><\/p>\n\n\n\n<ul class=\"wp-block-list\"><li>konsultacj\u0119 okre\u015blaj\u0105c\u0105 Twoja konstytucj\u0119,<\/li><li>konsultacj\u0119 medyczn\u0105 z lekarzem ajurwedyjskim,<\/li><li>sporz\u0105dzenie dokumentacji niezb\u0119dnej do uzyskania wizy medycznej,<\/li><li>pomoc w organizacji pobytu w ajurwedyjskim o\u015brodku\/szpitalu JIVAGRAM w Indiach,<\/li><li>pomoc t\u0142umacza,<\/li><li>dost\u0119p do ajurwedyjskich produkt\u00f3w zio\u0142owych.<\/li><\/ul>\n\n\n\n<p>Interesuj\u0105 Ci\u0119 szczeg\u00f3\u0142y, masz pytania, skontaktuj si\u0119 z nami: <strong><a href=\"mailto:biuro@devaharmony.com\">biuro@devaharmony.com<\/a> , tel.:<\/strong> <strong>531 022 011<\/strong><\/p>\n\n\n\n<p>*Podej\u015bcie Ayunique\u2122 stosowane przez lekarzy ajurwedyjskich Jiva obejmuje spersonalizowany spos\u00f3b leczenia i dob\u00f3r autentycznych zi\u00f3\u0142 ajurwedyjskich bazuj\u0105cy na diagnozie przyczyny choroby, poniewa\u017c ka\u017cda osoba jest wyj\u0105tkowa, dlatego te\u017c leczenie jej choroby musi by\u0107 wyj\u0105tkowe. Ayunique\u2122 polega na wsparciu i pomocy zespo\u0142u Jiva przez ca\u0142y okres zdrowienia, przekazywaniu porad, informacji i wiedzy na temat leczenia oraz utrzymania zdrowia po jego zako\u0144czeniu. Uzupe\u0142nieniem lek\u00f3w jest dostosowanie indywidualnej diety i stylu \u017cycia, opracowane przez lekarzy ajurwedyjskich dla holistycznego leczenia pierwotnej przyczyny zaburzenia.<\/p>\n\n\n\n<p><\/p>\n","protected":false},"excerpt":{"rendered":"<p>Pami\u0119taj drogi czytelniku, w tym miejscu m\u00f3wimy o holistycznym uzdrawianiu, leczenie pozostawiamy tym, kt\u00f3rzy zajmuj\u0105 si\u0119 leczeniem. Ale je\u015bli: dotyka Ci\u0119 problem ze zdrowiem i szukasz \u015bcie\u017cki powrotu do r\u00f3wnowagi organizmu, planujesz kompleksowo zaj\u0105\u0107 si\u0119 swoim zdrowiem i samopoczuciem, chcesz na powa\u017cnie zaprowadzi\u0107 porz\u0105dek w swoim organizmie, pragniesz nauczy\u0107 si\u0119 sposob\u00f3w dbania o siebie na [&hellip;]<\/p>\n","protected":false},"author":1,"featured_media":0,"parent":0,"menu_order":0,"comment_status":"closed","ping_status":"closed","template":"","meta":{"_editorskit_title_hidden":false,"_editorskit_reading_time":0,"_editorskit_is_block_options_detached":false,"_editorskit_block_options_position":"{}","footnotes":""},"class_list":["post-31","page","type-page","status-publish","hentry"],"acf":[],"yoast_head":"<!-- This site is optimized with the Yoast SEO plugin v23.1 - https:\/\/yoast.com\/wordpress\/plugins\/seo\/ -->\n<title>Jivagram Faridabad Indie - Deva Harmony Polska<\/title>\n<meta name=\"robots\" content=\"index, follow, max-snippet:-1, max-image-preview:large, max-video-preview:-1\" \/>\n<link rel=\"canonical\" href=\"https:\/\/devaharmony.com\/pl\/jivagram-faridabad-indie\/\" \/>\n<meta property=\"og:locale\" content=\"pl_PL\" \/>\n<meta property=\"og:type\" content=\"article\" \/>\n<meta property=\"og:title\" content=\"Jivagram Faridabad Indie - Deva Harmony Polska\" \/>\n<meta property=\"og:description\" content=\"Pami\u0119taj drogi czytelniku, w tym miejscu m\u00f3wimy o holistycznym uzdrawianiu, leczenie pozostawiamy tym, kt\u00f3rzy zajmuj\u0105 si\u0119 leczeniem. Ale je\u015bli: dotyka Ci\u0119 problem ze zdrowiem i szukasz \u015bcie\u017cki powrotu do r\u00f3wnowagi organizmu, planujesz kompleksowo zaj\u0105\u0107 si\u0119 swoim zdrowiem i samopoczuciem, chcesz na powa\u017cnie zaprowadzi\u0107 porz\u0105dek w swoim organizmie, pragniesz nauczy\u0107 si\u0119 sposob\u00f3w dbania o siebie na [&hellip;]\" \/>\n<meta property=\"og:url\" content=\"https:\/\/devaharmony.com\/pl\/jivagram-faridabad-indie\/\" \/>\n<meta property=\"og:site_name\" content=\"Deva Harmony Polska\" \/>\n<meta property=\"article:modified_time\" content=\"2023-07-17T13:43:04+00:00\" \/>\n<meta property=\"og:image\" content=\"https:\/\/devaharmony.com\/pl\/wp-content\/uploads\/sites\/2\/2021\/04\/Jivagram-1024x576.jpg\" \/>\n<meta name=\"twitter:card\" content=\"summary_large_image\" \/>\n<meta name=\"twitter:label1\" content=\"Szacowany czas czytania\" \/>\n\t<meta name=\"twitter:data1\" content=\"2 minuty\" \/>\n<script type=\"application\/ld+json\" class=\"yoast-schema-graph\">{\"@context\":\"https:\/\/schema.org\",\"@graph\":[{\"@type\":\"WebPage\",\"@id\":\"https:\/\/devaharmony.com\/pl\/jivagram-faridabad-indie\/\",\"url\":\"https:\/\/devaharmony.com\/pl\/jivagram-faridabad-indie\/\",\"name\":\"Jivagram Faridabad Indie - Deva Harmony Polska\",\"isPartOf\":{\"@id\":\"https:\/\/devaharmony.com\/pl\/#website\"},\"primaryImageOfPage\":{\"@id\":\"https:\/\/devaharmony.com\/pl\/jivagram-faridabad-indie\/#primaryimage\"},\"image\":{\"@id\":\"https:\/\/devaharmony.com\/pl\/jivagram-faridabad-indie\/#primaryimage\"},\"thumbnailUrl\":\"https:\/\/devaharmony.com\/pl\/wp-content\/uploads\/sites\/2\/2021\/04\/Jivagram-1024x576.jpg\",\"datePublished\":\"2020-09-23T12:49:30+00:00\",\"dateModified\":\"2023-07-17T13:43:04+00:00\",\"breadcrumb\":{\"@id\":\"https:\/\/devaharmony.com\/pl\/jivagram-faridabad-indie\/#breadcrumb\"},\"inLanguage\":\"pl-PL\",\"potentialAction\":[{\"@type\":\"ReadAction\",\"target\":[\"https:\/\/devaharmony.com\/pl\/jivagram-faridabad-indie\/\"]}]},{\"@type\":\"ImageObject\",\"inLanguage\":\"pl-PL\",\"@id\":\"https:\/\/devaharmony.com\/pl\/jivagram-faridabad-indie\/#primaryimage\",\"url\":\"https:\/\/devaharmony.com\/pl\/wp-content\/uploads\/2021\/04\/Jivagram.jpg\",\"contentUrl\":\"https:\/\/devaharmony.com\/pl\/wp-content\/uploads\/2021\/04\/Jivagram.jpg\",\"width\":1920,\"height\":1080,\"caption\":\"Jivagram, Indie\"},{\"@type\":\"BreadcrumbList\",\"@id\":\"https:\/\/devaharmony.com\/pl\/jivagram-faridabad-indie\/#breadcrumb\",\"itemListElement\":[{\"@type\":\"ListItem\",\"position\":1,\"name\":\"Strona g\u0142\u00f3wna\",\"item\":\"https:\/\/devaharmony.com\/pl\/\"},{\"@type\":\"ListItem\",\"position\":2,\"name\":\"Jivagram Faridabad Indie\"}]},{\"@type\":\"WebSite\",\"@id\":\"https:\/\/devaharmony.com\/pl\/#website\",\"url\":\"https:\/\/devaharmony.com\/pl\/\",\"name\":\"Deva Harmony Polska\",\"description\":\"Ajurwedyjskie Suplementy Diety\",\"potentialAction\":[{\"@type\":\"SearchAction\",\"target\":{\"@type\":\"EntryPoint\",\"urlTemplate\":\"https:\/\/devaharmony.com\/pl\/?s={search_term_string}\"},\"query-input\":\"required name=search_term_string\"}],\"inLanguage\":\"pl-PL\"}]}<\/script>\n<!-- \/ Yoast SEO plugin. -->","yoast_head_json":{"title":"Jivagram Faridabad Indie - Deva Harmony Polska","robots":{"index":"index","follow":"follow","max-snippet":"max-snippet:-1","max-image-preview":"max-image-preview:large","max-video-preview":"max-video-preview:-1"},"canonical":"https:\/\/devaharmony.com\/pl\/jivagram-faridabad-indie\/","og_locale":"pl_PL","og_type":"article","og_title":"Jivagram Faridabad Indie - Deva Harmony Polska","og_description":"Pami\u0119taj drogi czytelniku, w tym miejscu m\u00f3wimy o holistycznym uzdrawianiu, leczenie pozostawiamy tym, kt\u00f3rzy zajmuj\u0105 si\u0119 leczeniem. Ale je\u015bli: dotyka Ci\u0119 problem ze zdrowiem i szukasz \u015bcie\u017cki powrotu do r\u00f3wnowagi organizmu, planujesz kompleksowo zaj\u0105\u0107 si\u0119 swoim zdrowiem i samopoczuciem, chcesz na powa\u017cnie zaprowadzi\u0107 porz\u0105dek w swoim organizmie, pragniesz nauczy\u0107 si\u0119 sposob\u00f3w dbania o siebie na [&hellip;]","og_url":"https:\/\/devaharmony.com\/pl\/jivagram-faridabad-indie\/","og_site_name":"Deva Harmony Polska","article_modified_time":"2023-07-17T13:43:04+00:00","og_image":[{"url":"https:\/\/devaharmony.com\/pl\/wp-content\/uploads\/sites\/2\/2021\/04\/Jivagram-1024x576.jpg"}],"twitter_card":"summary_large_image","twitter_misc":{"Szacowany czas czytania":"2 minuty"},"schema":{"@context":"https:\/\/schema.org","@graph":[{"@type":"WebPage","@id":"https:\/\/devaharmony.com\/pl\/jivagram-faridabad-indie\/","url":"https:\/\/devaharmony.com\/pl\/jivagram-faridabad-indie\/","name":"Jivagram Faridabad Indie - Deva Harmony Polska","isPartOf":{"@id":"https:\/\/devaharmony.com\/pl\/#website"},"primaryImageOfPage":{"@id":"https:\/\/devaharmony.com\/pl\/jivagram-faridabad-indie\/#primaryimage"},"image":{"@id":"https:\/\/devaharmony.com\/pl\/jivagram-faridabad-indie\/#primaryimage"},"thumbnailUrl":"https:\/\/devaharmony.com\/pl\/wp-content\/uploads\/sites\/2\/2021\/04\/Jivagram-1024x576.jpg","datePublished":"2020-09-23T12:49:30+00:00","dateModified":"2023-07-17T13:43:04+00:00","breadcrumb":{"@id":"https:\/\/devaharmony.com\/pl\/jivagram-faridabad-indie\/#breadcrumb"},"inLanguage":"pl-PL","potentialAction":[{"@type":"ReadAction","target":["https:\/\/devaharmony.com\/pl\/jivagram-faridabad-indie\/"]}]},{"@type":"ImageObject","inLanguage":"pl-PL","@id":"https:\/\/devaharmony.com\/pl\/jivagram-faridabad-indie\/#primaryimage","url":"https:\/\/devaharmony.com\/pl\/wp-content\/uploads\/2021\/04\/Jivagram.jpg","contentUrl":"https:\/\/devaharmony.com\/pl\/wp-content\/uploads\/2021\/04\/Jivagram.jpg","width":1920,"height":1080,"caption":"Jivagram, Indie"},{"@type":"BreadcrumbList","@id":"https:\/\/devaharmony.com\/pl\/jivagram-faridabad-indie\/#breadcrumb","itemListElement":[{"@type":"ListItem","position":1,"name":"Strona g\u0142\u00f3wna","item":"https:\/\/devaharmony.com\/pl\/"},{"@type":"ListItem","position":2,"name":"Jivagram Faridabad Indie"}]},{"@type":"WebSite","@id":"https:\/\/devaharmony.com\/pl\/#website","url":"https:\/\/devaharmony.com\/pl\/","name":"Deva Harmony Polska","description":"Ajurwedyjskie Suplementy Diety","potentialAction":[{"@type":"SearchAction","target":{"@type":"EntryPoint","urlTemplate":"https:\/\/devaharmony.com\/pl\/?s={search_term_string}"},"query-input":"required name=search_term_string"}],"inLanguage":"pl-PL"}]}},"_links":{"self":[{"href":"https:\/\/devaharmony.com\/pl\/wp-json\/wp\/v2\/pages\/31","targetHints":{"allow":["GET"]}}],"collection":[{"href":"https:\/\/devaharmony.com\/pl\/wp-json\/wp\/v2\/pages"}],"about":[{"href":"https:\/\/devaharmony.com\/pl\/wp-json\/wp\/v2\/types\/page"}],"author":[{"embeddable":true,"href":"https:\/\/devaharmony.com\/pl\/wp-json\/wp\/v2\/users\/1"}],"replies":[{"embeddable":true,"href":"https:\/\/devaharmony.com\/pl\/wp-json\/wp\/v2\/comments?post=31"}],"version-history":[{"count":14,"href":"https:\/\/devaharmony.com\/pl\/wp-json\/wp\/v2\/pages\/31\/revisions"}],"predecessor-version":[{"id":19582,"href":"https:\/\/devaharmony.com\/pl\/wp-json\/wp\/v2\/pages\/31\/revisions\/19582"}],"wp:attachment":[{"href":"https:\/\/devaharmony.com\/pl\/wp-json\/wp\/v2\/media?parent=31"}],"curies":[{"name":"wp","href":"https:\/\/api.w.org\/{rel}","templated":true}]}}