{"id":3007,"date":"2021-11-18T12:58:01","date_gmt":"2021-11-18T12:58:01","guid":{"rendered":"https:\/\/devaharmony.com\/pl\/?page_id=3007"},"modified":"2025-11-10T09:23:22","modified_gmt":"2025-11-10T08:23:22","slug":"zespol","status":"publish","type":"page","link":"https:\/\/devaharmony.com\/pl\/zespol\/","title":{"rendered":"Nasz zesp\u00f3\u0142"},"content":{"rendered":"\n<pre class=\"wp-block-preformatted\"><\/pre>\n\n\n\n<h2 class=\"wp-block-heading\">Grzegorz Ludera<\/h2>\n\n\n\n<h4 class=\"wp-block-heading has-text-color\" style=\"color:#7ec676\"><strong>Za\u0142o\u017cyciel DEVA Harmony<br>Prezes Zarz\u0105du<br>Specjalista ajurwedyjski oraz TCM, naturopata<\/strong><\/h4>\n\n\n\n<p><\/p>\n\n\n\n<figure class=\"wp-block-image size-full\"><img decoding=\"async\" width=\"260\" height=\"260\" src=\"https:\/\/devaharmony.com\/pl\/wp-content\/uploads\/2022\/12\/GrzegorzLudera.webp\" alt=\"\" class=\"wp-image-11952\" srcset=\"https:\/\/devaharmony.com\/pl\/wp-content\/uploads\/2022\/12\/GrzegorzLudera.webp 260w, https:\/\/devaharmony.com\/pl\/wp-content\/uploads\/2022\/12\/GrzegorzLudera-100x100.webp 100w, https:\/\/devaharmony.com\/pl\/wp-content\/uploads\/2022\/12\/GrzegorzLudera-150x150.webp 150w\" sizes=\"(max-width: 260px) 100vw, 260px\" \/><\/figure>\n\n\n\n<p>Mam 53 lata, ciesz\u0119 si\u0119 dobrym zdrowiem i nadal mam ochot\u0119 na dobre \u017cycie.<br><br>Od 18 lat jestem mi\u0142o\u015bnikiem wschodnich kultur medycznych (Ajurwedy oraz Tradycyjnej Medycyny Chi\u0144skiej). Przygod\u0119 z medycyn\u0105 naturaln\u0105 zaczyna\u0142em od akupresury, dzi\u0119ki kt\u00f3rej usun\u0105\u0142em dolegliwo\u015bci, z kt\u00f3rymi osobi\u015bcie si\u0119 zmaga\u0142em.<br>Obecnie studiuj\u0119 filozofi\u0119 wedyjsk\u0105, pasjonuj\u0119 si\u0119 psychologi\u0105 behawioraln\u0105 i holistyczn\u0105 oraz podnoszeniem poziomu \u015bwiadomo\u015bci. Propaguj\u0119 medycyn\u0119 naturaln\u0105 oraz zdrowy i \u015bwiadomy styl \u017cycia.<br><br>Posiadam uprawnienia:<br>\u2013 naturopaty<br>\u2013 fitoterapeuty<br>\u2013 towaroznawcy zielarskiego<br>\u2013 konsultanta ajurwedyjskiego I i II stopnia Jiva Ayurveda Institute\u2122<br><\/p>\n\n\n\n<p>W przesz\u0142o\u015bci studiowa\u0142em socjologi\u0119 oraz prawo. Obecnie jestem wyk\u0142adowc\u0105 w Akademii Zdrowia.<br>Prywatnie zaanga\u017cowany w dzia\u0142alno\u015b\u0107 lotnicz\u0105, paralotniarstwo, aktywny cz\u0142onek struktur Aeroklubu Rzeszowskiego.<br>Aktualnie wsp\u00f3\u0142w\u0142a\u015bciciel m.in. DH Deva 9 Sp. z o. o., zajmuj\u0105cej si\u0119 propagowaniem wiedzy na temat zdrowego stylu \u017cycia oraz dystrybucj\u0105 autentycznych produkt\u00f3w ajurwedyjskich <strong>JIVA AYURVEDA\u2122 <\/strong>Indie.<\/p>\n\n\n\n<p><\/p>\n\n\n\n<h2 class=\"wp-block-heading\">Bartosz Ludera<\/h2>\n\n\n\n<h4 class=\"wp-block-heading has-text-color\" style=\"color:#7ec676\">Wsp\u00f3\u0142za\u0142o\u017cyciel<strong> DEVA Harmony<\/strong> <br>Dyrektos ds. Marketingu<br>psycholog, specjalista i konsultant ajurwedyjski II stopnia<\/h4>\n\n\n\n<p><\/p>\n\n\n\n<figure class=\"wp-block-image size-full\"><img decoding=\"async\" width=\"260\" height=\"260\" src=\"https:\/\/devaharmony.com\/pl\/wp-content\/uploads\/2024\/01\/Bartosz-Ludera-zespol.png\" alt=\"\" class=\"wp-image-31789\" srcset=\"https:\/\/devaharmony.com\/pl\/wp-content\/uploads\/2024\/01\/Bartosz-Ludera-zespol.png 260w, https:\/\/devaharmony.com\/pl\/wp-content\/uploads\/2024\/01\/Bartosz-Ludera-zespol-150x150.png 150w, https:\/\/devaharmony.com\/pl\/wp-content\/uploads\/2024\/01\/Bartosz-Ludera-zespol-100x100.png 100w\" sizes=\"(max-width: 260px) 100vw, 260px\" \/><\/figure>\n\n\n\n<p>Nazywam si\u0119 Bartosz Ludera, jestem wsp\u00f3\u0142za\u0142o\u017cycielem DEVA Harmony, mgr. psychologii, specjalist\u0105 ajurwedyjskim. <\/p>\n\n\n\n<p>Uko\u0144czy\u0142em psychologi\u0119 ze specjalizacj\u0105 kliniczn\u0105, wiele szkole\u0144 ajurwedyjskich w tym, specjalizacja z zi\u00f3\u0142 i zio\u0142olecznictwa ajurwedyjskiego, uk\u0142adu nerwowego i diagnozy z j\u0119zyka oraz pulsu, pod okiem lekarzy ajurwedyjskich z Jiva Ayurveda Institute, Faridabad, Indie. Zajmuj\u0119 si\u0119 rozwojem \u015bwiadomo\u015bci o \u017cyciu i zdrowiu. <\/p>\n\n\n\n<p>Jestem by\u0142ym reprezentantem polski na mistrzostwach europy i \u015bwiata w akrobatyce sportowej.<br>Fascynuj\u0119 si\u0119 i rozwijam swoj\u0105 wiedz\u0119 oraz praktyk\u0119 w ajurwedzie i jodze, totalnej biologii i psychosomatyce, kulturze i kuchni wschodu, astrologii wedyjskiej i zachodniej, medytacji i pracy z energi\u0105 cia\u0142a, czakrami.<br><\/p>\n\n\n\n<p>Hobbistycznie zajmuj\u0119 si\u0119 fotografi\u0105 i filmem, podr\u00f3\u017cami, sportem, muzyk\u0105 i lotnictwem.<\/p>\n\n\n\n<h2 class=\"wp-block-heading\">Agnieszka Za\u0144czak-Ludera<\/h2>\n\n\n\n<h4 class=\"wp-block-heading has-text-color\" style=\"color:#7ec676\">Dyrektor finansowy<\/h4>\n\n\n\n<p><\/p>\n\n\n\n<figure class=\"wp-block-image size-full\"><img decoding=\"async\" width=\"260\" height=\"260\" src=\"https:\/\/devaharmony.com\/pl\/wp-content\/uploads\/2024\/02\/Agnieszka-ZL.png\" alt=\"\" class=\"wp-image-33008\" srcset=\"https:\/\/devaharmony.com\/pl\/wp-content\/uploads\/2024\/02\/Agnieszka-ZL.png 260w, https:\/\/devaharmony.com\/pl\/wp-content\/uploads\/2024\/02\/Agnieszka-ZL-150x150.png 150w, https:\/\/devaharmony.com\/pl\/wp-content\/uploads\/2024\/02\/Agnieszka-ZL-100x100.png 100w\" sizes=\"(max-width: 260px) 100vw, 260px\" \/><\/figure>\n\n\n\n<p><\/p>\n\n\n\n<p>W Deva Harmony jestem odpowiedzialna za dzia\u0142 Kadrowo &#8211; Finansowy. Jestem \u017con\u0105 i matk\u0105 Wsp\u00f3\u0142w\u0142a\u015bcicieli. <br><br>Pracuj\u0119 r\u00f3wnie\u017c w bran\u017cy prawniczej jako Dyrektor Finansowy i Cz\u0142onek Zarz\u0105du dw\u00f3ch Sp\u00f3\u0142ek. <br>Posiadam wieloletnie do\u015bwiadczenie managerskie.<br>W czasie kariery zawodowej uko\u0144czy\u0142am liczne kursy i szkolenia z zakresu finans\u00f3w oraz psychologii i komunikacji interpersonalnej. Jestem certyfikowanym Coachem ICI i Practitionerem in the Art of NLP.<br>Uko\u0144czy\u0142am studia na Wydziale Budownictwa i In\u017cynierii \u015arodowiska Politechniki Rzeszowskiej.<\/p>\n\n\n\n<p>Posiadam certyfikat II stopnia Konsultanta Ajurwedy &#8211; Jiva Institute Faridabad -Indie.<\/p>\n\n\n\n<p>Prywatnie interesuj\u0119 si\u0119 kultur\u0105 i medycyn\u0105 Wschodu, a szczeg\u00f3lnie Ajurwed\u0105. <br>Z wielk\u0105 przyjemno\u015bci\u0105 podr\u00f3\u017cuj\u0119, uprawiam jog\u0119 oraz tai chi. <br>W\u015br\u00f3d moich pasji opr\u00f3cz zwiedzania \u015bwiata i poznawanie r\u00f3\u017cnych kultur jest r\u00f3wnie\u017c psychologia i coaching, cz\u0119sto si\u0119gam po lektur\u0119 z tych dziedzin.<\/p>\n\n\n\n<p><\/p>\n\n\n\n<h2 class=\"wp-block-heading\">Janusz Ludera<\/h2>\n\n\n\n<h4 class=\"wp-block-heading has-text-color\" style=\"color:#7ec676\">Dyrektor operacyjny<\/h4>\n\n\n\n<p><\/p>\n\n\n\n<figure class=\"wp-block-image size-full\"><img decoding=\"async\" width=\"260\" height=\"260\" src=\"https:\/\/devaharmony.com\/pl\/wp-content\/uploads\/2024\/01\/Janusz-Ludera-zespol.png\" alt=\"\" class=\"wp-image-31791\" srcset=\"https:\/\/devaharmony.com\/pl\/wp-content\/uploads\/2024\/01\/Janusz-Ludera-zespol.png 260w, https:\/\/devaharmony.com\/pl\/wp-content\/uploads\/2024\/01\/Janusz-Ludera-zespol-150x150.png 150w, https:\/\/devaharmony.com\/pl\/wp-content\/uploads\/2024\/01\/Janusz-Ludera-zespol-100x100.png 100w\" sizes=\"(max-width: 260px) 100vw, 260px\" \/><\/figure>\n\n\n\n<p>W Deva Harmony pracuj\u0119 w Dziale Obs\u0142ugi i jestem odpowiedzialny za realizacj\u0119 przychodz\u0105cych zam\u00f3wie\u0144 i pyta\u0144 o nasze produkty.<br>Gor\u0105co polecam produkty JIVA, kt\u00f3re osobi\u015bcie u\u017cywam i kt\u00f3re mi pomagaj\u0105. <br>Ajurweda w dzisiejszych czasach to nie alternatywa, ale najwy\u017csza potrzeba.<\/p>\n\n\n\n<p><\/p>\n\n\n\n<p><\/p>\n","protected":false},"excerpt":{"rendered":"<p>Grzegorz Ludera Za\u0142o\u017cyciel DEVA HarmonyPrezes Zarz\u0105duSpecjalista ajurwedyjski oraz TCM, naturopata Mam 53 lata, ciesz\u0119 si\u0119 dobrym zdrowiem i nadal mam ochot\u0119 na dobre \u017cycie. Od 18 lat jestem mi\u0142o\u015bnikiem wschodnich kultur medycznych (Ajurwedy oraz Tradycyjnej Medycyny Chi\u0144skiej). Przygod\u0119 z medycyn\u0105 naturaln\u0105 zaczyna\u0142em od akupresury, dzi\u0119ki kt\u00f3rej usun\u0105\u0142em dolegliwo\u015bci, z kt\u00f3rymi osobi\u015bcie si\u0119 zmaga\u0142em.Obecnie studiuj\u0119 filozofi\u0119 [&hellip;]<\/p>\n","protected":false},"author":11,"featured_media":0,"parent":0,"menu_order":0,"comment_status":"closed","ping_status":"closed","template":"","meta":{"_editorskit_title_hidden":false,"_editorskit_reading_time":0,"_editorskit_is_block_options_detached":false,"_editorskit_block_options_position":"{}","footnotes":""},"class_list":["post-3007","page","type-page","status-publish","hentry"],"acf":[],"yoast_head":"<!-- This site is optimized with the Yoast SEO plugin v23.1 - https:\/\/yoast.com\/wordpress\/plugins\/seo\/ -->\n<title>Nasz zesp\u00f3\u0142 - Deva Harmony Polska<\/title>\n<meta name=\"robots\" content=\"index, follow, max-snippet:-1, max-image-preview:large, max-video-preview:-1\" \/>\n<link rel=\"canonical\" href=\"https:\/\/devaharmony.com\/pl\/zespol\/\" \/>\n<meta property=\"og:locale\" content=\"pl_PL\" \/>\n<meta property=\"og:type\" content=\"article\" \/>\n<meta property=\"og:title\" content=\"Nasz zesp\u00f3\u0142 - Deva Harmony Polska\" \/>\n<meta property=\"og:description\" content=\"Grzegorz Ludera Za\u0142o\u017cyciel DEVA HarmonyPrezes Zarz\u0105duSpecjalista ajurwedyjski oraz TCM, naturopata Mam 53 lata, ciesz\u0119 si\u0119 dobrym zdrowiem i nadal mam ochot\u0119 na dobre \u017cycie. Od 18 lat jestem mi\u0142o\u015bnikiem wschodnich kultur medycznych (Ajurwedy oraz Tradycyjnej Medycyny Chi\u0144skiej). Przygod\u0119 z medycyn\u0105 naturaln\u0105 zaczyna\u0142em od akupresury, dzi\u0119ki kt\u00f3rej usun\u0105\u0142em dolegliwo\u015bci, z kt\u00f3rymi osobi\u015bcie si\u0119 zmaga\u0142em.Obecnie studiuj\u0119 filozofi\u0119 [&hellip;]\" \/>\n<meta property=\"og:url\" content=\"https:\/\/devaharmony.com\/pl\/zespol\/\" \/>\n<meta property=\"og:site_name\" content=\"Deva Harmony Polska\" \/>\n<meta property=\"article:modified_time\" content=\"2025-11-10T08:23:22+00:00\" \/>\n<meta property=\"og:image\" content=\"https:\/\/devaharmony.com\/pl\/wp-content\/uploads\/2022\/12\/GrzegorzLudera.webp\" \/>\n<meta name=\"twitter:card\" content=\"summary_large_image\" \/>\n<meta name=\"twitter:label1\" content=\"Szacowany czas czytania\" \/>\n\t<meta name=\"twitter:data1\" content=\"4 minuty\" \/>\n<script type=\"application\/ld+json\" class=\"yoast-schema-graph\">{\"@context\":\"https:\/\/schema.org\",\"@graph\":[{\"@type\":\"WebPage\",\"@id\":\"https:\/\/devaharmony.com\/pl\/zespol\/\",\"url\":\"https:\/\/devaharmony.com\/pl\/zespol\/\",\"name\":\"Nasz zesp\u00f3\u0142 - Deva Harmony Polska\",\"isPartOf\":{\"@id\":\"https:\/\/devaharmony.com\/pl\/#website\"},\"primaryImageOfPage\":{\"@id\":\"https:\/\/devaharmony.com\/pl\/zespol\/#primaryimage\"},\"image\":{\"@id\":\"https:\/\/devaharmony.com\/pl\/zespol\/#primaryimage\"},\"thumbnailUrl\":\"https:\/\/devaharmony.com\/pl\/wp-content\/uploads\/2022\/12\/GrzegorzLudera.webp\",\"datePublished\":\"2021-11-18T12:58:01+00:00\",\"dateModified\":\"2025-11-10T08:23:22+00:00\",\"breadcrumb\":{\"@id\":\"https:\/\/devaharmony.com\/pl\/zespol\/#breadcrumb\"},\"inLanguage\":\"pl-PL\",\"potentialAction\":[{\"@type\":\"ReadAction\",\"target\":[\"https:\/\/devaharmony.com\/pl\/zespol\/\"]}]},{\"@type\":\"ImageObject\",\"inLanguage\":\"pl-PL\",\"@id\":\"https:\/\/devaharmony.com\/pl\/zespol\/#primaryimage\",\"url\":\"https:\/\/devaharmony.com\/pl\/wp-content\/uploads\/2022\/12\/GrzegorzLudera.webp\",\"contentUrl\":\"https:\/\/devaharmony.com\/pl\/wp-content\/uploads\/2022\/12\/GrzegorzLudera.webp\",\"width\":260,\"height\":260},{\"@type\":\"BreadcrumbList\",\"@id\":\"https:\/\/devaharmony.com\/pl\/zespol\/#breadcrumb\",\"itemListElement\":[{\"@type\":\"ListItem\",\"position\":1,\"name\":\"Strona g\u0142\u00f3wna\",\"item\":\"https:\/\/devaharmony.com\/pl\/\"},{\"@type\":\"ListItem\",\"position\":2,\"name\":\"Nasz zesp\u00f3\u0142\"}]},{\"@type\":\"WebSite\",\"@id\":\"https:\/\/devaharmony.com\/pl\/#website\",\"url\":\"https:\/\/devaharmony.com\/pl\/\",\"name\":\"Deva Harmony Polska\",\"description\":\"Ajurwedyjskie Suplementy Diety\",\"potentialAction\":[{\"@type\":\"SearchAction\",\"target\":{\"@type\":\"EntryPoint\",\"urlTemplate\":\"https:\/\/devaharmony.com\/pl\/?s={search_term_string}\"},\"query-input\":\"required name=search_term_string\"}],\"inLanguage\":\"pl-PL\"}]}<\/script>\n<!-- \/ Yoast SEO plugin. -->","yoast_head_json":{"title":"Nasz zesp\u00f3\u0142 - Deva Harmony Polska","robots":{"index":"index","follow":"follow","max-snippet":"max-snippet:-1","max-image-preview":"max-image-preview:large","max-video-preview":"max-video-preview:-1"},"canonical":"https:\/\/devaharmony.com\/pl\/zespol\/","og_locale":"pl_PL","og_type":"article","og_title":"Nasz zesp\u00f3\u0142 - Deva Harmony Polska","og_description":"Grzegorz Ludera Za\u0142o\u017cyciel DEVA HarmonyPrezes Zarz\u0105duSpecjalista ajurwedyjski oraz TCM, naturopata Mam 53 lata, ciesz\u0119 si\u0119 dobrym zdrowiem i nadal mam ochot\u0119 na dobre \u017cycie. Od 18 lat jestem mi\u0142o\u015bnikiem wschodnich kultur medycznych (Ajurwedy oraz Tradycyjnej Medycyny Chi\u0144skiej). Przygod\u0119 z medycyn\u0105 naturaln\u0105 zaczyna\u0142em od akupresury, dzi\u0119ki kt\u00f3rej usun\u0105\u0142em dolegliwo\u015bci, z kt\u00f3rymi osobi\u015bcie si\u0119 zmaga\u0142em.Obecnie studiuj\u0119 filozofi\u0119 [&hellip;]","og_url":"https:\/\/devaharmony.com\/pl\/zespol\/","og_site_name":"Deva Harmony Polska","article_modified_time":"2025-11-10T08:23:22+00:00","og_image":[{"url":"https:\/\/devaharmony.com\/pl\/wp-content\/uploads\/2022\/12\/GrzegorzLudera.webp"}],"twitter_card":"summary_large_image","twitter_misc":{"Szacowany czas czytania":"4 minuty"},"schema":{"@context":"https:\/\/schema.org","@graph":[{"@type":"WebPage","@id":"https:\/\/devaharmony.com\/pl\/zespol\/","url":"https:\/\/devaharmony.com\/pl\/zespol\/","name":"Nasz zesp\u00f3\u0142 - Deva Harmony Polska","isPartOf":{"@id":"https:\/\/devaharmony.com\/pl\/#website"},"primaryImageOfPage":{"@id":"https:\/\/devaharmony.com\/pl\/zespol\/#primaryimage"},"image":{"@id":"https:\/\/devaharmony.com\/pl\/zespol\/#primaryimage"},"thumbnailUrl":"https:\/\/devaharmony.com\/pl\/wp-content\/uploads\/2022\/12\/GrzegorzLudera.webp","datePublished":"2021-11-18T12:58:01+00:00","dateModified":"2025-11-10T08:23:22+00:00","breadcrumb":{"@id":"https:\/\/devaharmony.com\/pl\/zespol\/#breadcrumb"},"inLanguage":"pl-PL","potentialAction":[{"@type":"ReadAction","target":["https:\/\/devaharmony.com\/pl\/zespol\/"]}]},{"@type":"ImageObject","inLanguage":"pl-PL","@id":"https:\/\/devaharmony.com\/pl\/zespol\/#primaryimage","url":"https:\/\/devaharmony.com\/pl\/wp-content\/uploads\/2022\/12\/GrzegorzLudera.webp","contentUrl":"https:\/\/devaharmony.com\/pl\/wp-content\/uploads\/2022\/12\/GrzegorzLudera.webp","width":260,"height":260},{"@type":"BreadcrumbList","@id":"https:\/\/devaharmony.com\/pl\/zespol\/#breadcrumb","itemListElement":[{"@type":"ListItem","position":1,"name":"Strona g\u0142\u00f3wna","item":"https:\/\/devaharmony.com\/pl\/"},{"@type":"ListItem","position":2,"name":"Nasz zesp\u00f3\u0142"}]},{"@type":"WebSite","@id":"https:\/\/devaharmony.com\/pl\/#website","url":"https:\/\/devaharmony.com\/pl\/","name":"Deva Harmony Polska","description":"Ajurwedyjskie Suplementy Diety","potentialAction":[{"@type":"SearchAction","target":{"@type":"EntryPoint","urlTemplate":"https:\/\/devaharmony.com\/pl\/?s={search_term_string}"},"query-input":"required name=search_term_string"}],"inLanguage":"pl-PL"}]}},"_links":{"self":[{"href":"https:\/\/devaharmony.com\/pl\/wp-json\/wp\/v2\/pages\/3007","targetHints":{"allow":["GET"]}}],"collection":[{"href":"https:\/\/devaharmony.com\/pl\/wp-json\/wp\/v2\/pages"}],"about":[{"href":"https:\/\/devaharmony.com\/pl\/wp-json\/wp\/v2\/types\/page"}],"author":[{"embeddable":true,"href":"https:\/\/devaharmony.com\/pl\/wp-json\/wp\/v2\/users\/11"}],"replies":[{"embeddable":true,"href":"https:\/\/devaharmony.com\/pl\/wp-json\/wp\/v2\/comments?post=3007"}],"version-history":[{"count":90,"href":"https:\/\/devaharmony.com\/pl\/wp-json\/wp\/v2\/pages\/3007\/revisions"}],"predecessor-version":[{"id":47392,"href":"https:\/\/devaharmony.com\/pl\/wp-json\/wp\/v2\/pages\/3007\/revisions\/47392"}],"wp:attachment":[{"href":"https:\/\/devaharmony.com\/pl\/wp-json\/wp\/v2\/media?parent=3007"}],"curies":[{"name":"wp","href":"https:\/\/api.w.org\/{rel}","templated":true}]}}