{"id":2935,"date":"2021-11-16T11:31:03","date_gmt":"2021-11-16T11:31:03","guid":{"rendered":"https:\/\/devaharmony.com\/pl\/?page_id=2935"},"modified":"2025-07-24T11:13:17","modified_gmt":"2025-07-24T10:13:17","slug":"krajowy-konsultant-ajurwedyjski","status":"publish","type":"page","link":"https:\/\/devaharmony.com\/pl\/krajowy-konsultant-ajurwedyjski\/","title":{"rendered":"Krajowy Konsultant Ajurwedyjski"},"content":{"rendered":"<p>Mamy przyjemno\u015b\u0107 przedstawi\u0107 sylwetk\u0119 Pani El\u017cbiety \u017buk-Widma\u0144skiej, kt\u00f3ra tytu\u0142 Konsultanta Ajurwedyjskiego otrzyma\u0142a w Instytucie Jiva Faridabad, a nauki ajurwedyjskie pobiera\u0142a od samego dr Partapa Chauchana.<\/p>\n<pre> <\/pre>\n\n\n<p class=\"has-text-align-left\" style=\"font-size:30px\"><strong><span style=\"color:#7fc577\" class=\"has-inline-color\">El\u017cbieta \u017buk-Widma\u0144ska<\/span><\/strong><\/p>\n\n\n\n<p class=\"has-text-align-left\">&#8220;Ajurwed\u0105 zajmuj\u0119 si\u0119 od 2004 roku. Wiedz\u0119 o niej zdobywa\u0142am bezpo\u015brednio w Instytucie Jiva Ayurveda w Indiach. Moim nauczycielem by\u0142 s\u0142ynny dr Partapa Chauhan. Id\u0105c za wskaz\u00f3wkami holistycznej nauki, w spos\u00f3b naturalny uzupe\u0142nia\u0142am edukacj\u0119, kursami masa\u017cy ajurwedyjskich w School of Ayurveda and Panchacarma w Kanoor. Stworzy\u0142am portal internetowy ajurweda.pl. Jestem autork\u0105 przek\u0142adu z angielskiego ksi\u0105\u017cki Dr Partapa Chauhana \u201eAjurweda jak dba\u0107 o siebie i by\u0107 zdrowym\u201d.<\/p>\n\n\n\n<p class=\"has-text-align-left\">Dzi\u015b ucz\u0119 ajurwedy. Prowadz\u0119 szkolenia i kursy zabieg\u00f3w ajurwedyjskich, gotowania wed\u0142ug zasad ajurwedy w Warszawie, Poznaniu, Szczecinie, E\u0142ku. Wyk\u0142adam ajurwed\u0119 na kursie nauczycielskim Jogi Integralnej w szkole Joga \u2013 Joga.pl oraz dla ch\u0119tnych organizuj\u0119 wyjazdy na kursy Ajurwedy do Indii, do instytutu Jiva Ayurveda. Na co dzie\u0144 przyjmuje w gabinecie ajurwedy w \u0141omiankach. Bazuj\u0105c na wiedzy Ajurwedy, ucz\u0119 tego jak \u017cy\u0107 w zgodzie ze sob\u0105, jak je\u015b\u0107 aby uzdrowi\u0107 cia\u0142o i umys\u0142 oraz m\u00f3c cieszy\u0107 si\u0119 ka\u017cdym dniem.<\/p>\n\n\n\n<p class=\"has-text-align-left\">Wsp\u00f3\u0142prowadzi\u0142am warsztaty i pokazy ajurwedyjskie mdz.in. na kongresach kosmetycznych LNE w Krakowie i festiwalu Progesteron w \u0141odzi, Wroc\u0142awiu i Warszawie. Prowadzi\u0142am szkolenia z zakresu masa\u017cu ajurwedyjskiego na Festiwalu Masa\u017cu w Gda\u0144sku. Prowadz\u0119 warsztaty ajurwedy dla Alcha \u2013 O\u015brodek Rozwoju Osobistego.<\/p>\n\n\n\n<p class=\"has-text-align-left\">Moj\u0105 pasj\u0105 jest filozofia wedyjska, kt\u00f3rej ucz\u0119 si\u0119 pod okiem wybitnego specjalisty w tej dziedzinie dr Satanarayna Dasa z Jiva Institute of Vedic Studies.<\/p>\n\n\n\n<p class=\"has-text-align-left\">Wiedza ajurwedyjska jest nieprzemijaj\u0105ca, od tysi\u0119cy lat ludzie korzystaj\u0105 z jej dobrodziejstwa. Wierz\u0119 \u017ce dzi\u0119ki stosowaniu si\u0119 do jej zasad mo\u017cemy \u017cy\u0107 w zdrowiu, pokoju i mi\u0142o\u015bci a tego pragnie ka\u017cdy z nas.&#8221;<\/p>\n\n\n\n<p class=\"has-text-align-center\"><\/p>\n\n\n<div class=\"wp-block-image\">\n<figure class=\"aligncenter size-large\"><img decoding=\"async\" width=\"342\" height=\"512\" src=\"https:\/\/devaharmony.com\/pl\/wp-content\/uploads\/sites\/2\/2021\/12\/rsz_1zuk-widmanska_-684x1024-1.jpg\" alt=\"\" class=\"wp-image-3481\" srcset=\"https:\/\/devaharmony.com\/pl\/wp-content\/uploads\/2021\/12\/rsz_1zuk-widmanska_-684x1024-1.jpg 342w, https:\/\/devaharmony.com\/pl\/wp-content\/uploads\/2021\/12\/rsz_1zuk-widmanska_-684x1024-1-300x449.jpg 300w, https:\/\/devaharmony.com\/pl\/wp-content\/uploads\/2021\/12\/rsz_1zuk-widmanska_-684x1024-1-200x300.jpg 200w\" sizes=\"(max-width: 342px) 100vw, 342px\" \/><\/figure><\/div>\n\n\n<div style=\"height:100px\" aria-hidden=\"true\" class=\"wp-block-spacer\"><\/div>\n","protected":false},"excerpt":{"rendered":"<p>Mamy przyjemno\u015b\u0107 przedstawi\u0107 sylwetk\u0119 Pani El\u017cbiety \u017buk-Widma\u0144skiej, kt\u00f3ra tytu\u0142 Konsultanta Ajurwedyjskiego otrzyma\u0142a w Instytucie Jiva Faridabad, a nauki ajurwedyjskie pobiera\u0142a od samego dr Partapa Chauchana. El\u017cbieta \u017buk-Widma\u0144ska &#8220;Ajurwed\u0105 zajmuj\u0119 si\u0119 od 2004 roku. Wiedz\u0119 o niej zdobywa\u0142am bezpo\u015brednio w Instytucie Jiva Ayurveda w Indiach. Moim nauczycielem by\u0142 s\u0142ynny dr Partapa Chauhan. Id\u0105c za wskaz\u00f3wkami holistycznej [&hellip;]<\/p>\n","protected":false},"author":59,"featured_media":0,"parent":0,"menu_order":0,"comment_status":"closed","ping_status":"closed","template":"","meta":{"_editorskit_title_hidden":false,"_editorskit_reading_time":0,"_editorskit_is_block_options_detached":false,"_editorskit_block_options_position":"{}","footnotes":""},"class_list":["post-2935","page","type-page","status-publish","hentry"],"acf":[],"yoast_head":"<!-- This site is optimized with the Yoast SEO plugin v23.1 - https:\/\/yoast.com\/wordpress\/plugins\/seo\/ -->\n<title>Krajowy Konsultant Ajurwedyjski - Deva Harmony Polska<\/title>\n<meta name=\"robots\" content=\"index, follow, max-snippet:-1, max-image-preview:large, max-video-preview:-1\" \/>\n<link rel=\"canonical\" href=\"https:\/\/devaharmony.com\/pl\/krajowy-konsultant-ajurwedyjski\/\" \/>\n<meta property=\"og:locale\" content=\"pl_PL\" \/>\n<meta property=\"og:type\" content=\"article\" \/>\n<meta property=\"og:title\" content=\"Krajowy Konsultant Ajurwedyjski - Deva Harmony Polska\" \/>\n<meta property=\"og:description\" content=\"Mamy przyjemno\u015b\u0107 przedstawi\u0107 sylwetk\u0119 Pani El\u017cbiety \u017buk-Widma\u0144skiej, kt\u00f3ra tytu\u0142 Konsultanta Ajurwedyjskiego otrzyma\u0142a w Instytucie Jiva Faridabad, a nauki ajurwedyjskie pobiera\u0142a od samego dr Partapa Chauchana. El\u017cbieta \u017buk-Widma\u0144ska &#8220;Ajurwed\u0105 zajmuj\u0119 si\u0119 od 2004 roku. Wiedz\u0119 o niej zdobywa\u0142am bezpo\u015brednio w Instytucie Jiva Ayurveda w Indiach. Moim nauczycielem by\u0142 s\u0142ynny dr Partapa Chauhan. Id\u0105c za wskaz\u00f3wkami holistycznej [&hellip;]\" \/>\n<meta property=\"og:url\" content=\"https:\/\/devaharmony.com\/pl\/krajowy-konsultant-ajurwedyjski\/\" \/>\n<meta property=\"og:site_name\" content=\"Deva Harmony Polska\" \/>\n<meta property=\"article:modified_time\" content=\"2025-07-24T10:13:17+00:00\" \/>\n<meta property=\"og:image\" content=\"https:\/\/devaharmony.com\/pl\/wp-content\/uploads\/sites\/2\/2021\/12\/rsz_1zuk-widmanska_-684x1024-1.jpg\" \/>\n<meta name=\"twitter:card\" content=\"summary_large_image\" \/>\n<meta name=\"twitter:label1\" content=\"Szacowany czas czytania\" \/>\n\t<meta name=\"twitter:data1\" content=\"2 minuty\" \/>\n<script type=\"application\/ld+json\" class=\"yoast-schema-graph\">{\"@context\":\"https:\/\/schema.org\",\"@graph\":[{\"@type\":\"WebPage\",\"@id\":\"https:\/\/devaharmony.com\/pl\/krajowy-konsultant-ajurwedyjski\/\",\"url\":\"https:\/\/devaharmony.com\/pl\/krajowy-konsultant-ajurwedyjski\/\",\"name\":\"Krajowy Konsultant Ajurwedyjski - Deva Harmony Polska\",\"isPartOf\":{\"@id\":\"https:\/\/devaharmony.com\/pl\/#website\"},\"primaryImageOfPage\":{\"@id\":\"https:\/\/devaharmony.com\/pl\/krajowy-konsultant-ajurwedyjski\/#primaryimage\"},\"image\":{\"@id\":\"https:\/\/devaharmony.com\/pl\/krajowy-konsultant-ajurwedyjski\/#primaryimage\"},\"thumbnailUrl\":\"https:\/\/devaharmony.com\/pl\/wp-content\/uploads\/sites\/2\/2021\/12\/rsz_1zuk-widmanska_-684x1024-1.jpg\",\"datePublished\":\"2021-11-16T11:31:03+00:00\",\"dateModified\":\"2025-07-24T10:13:17+00:00\",\"breadcrumb\":{\"@id\":\"https:\/\/devaharmony.com\/pl\/krajowy-konsultant-ajurwedyjski\/#breadcrumb\"},\"inLanguage\":\"pl-PL\",\"potentialAction\":[{\"@type\":\"ReadAction\",\"target\":[\"https:\/\/devaharmony.com\/pl\/krajowy-konsultant-ajurwedyjski\/\"]}]},{\"@type\":\"ImageObject\",\"inLanguage\":\"pl-PL\",\"@id\":\"https:\/\/devaharmony.com\/pl\/krajowy-konsultant-ajurwedyjski\/#primaryimage\",\"url\":\"https:\/\/devaharmony.com\/pl\/wp-content\/uploads\/sites\/2\/2021\/12\/rsz_1zuk-widmanska_-684x1024-1.jpg\",\"contentUrl\":\"https:\/\/devaharmony.com\/pl\/wp-content\/uploads\/sites\/2\/2021\/12\/rsz_1zuk-widmanska_-684x1024-1.jpg\"},{\"@type\":\"BreadcrumbList\",\"@id\":\"https:\/\/devaharmony.com\/pl\/krajowy-konsultant-ajurwedyjski\/#breadcrumb\",\"itemListElement\":[{\"@type\":\"ListItem\",\"position\":1,\"name\":\"Strona g\u0142\u00f3wna\",\"item\":\"https:\/\/devaharmony.com\/pl\/\"},{\"@type\":\"ListItem\",\"position\":2,\"name\":\"Krajowy Konsultant Ajurwedyjski\"}]},{\"@type\":\"WebSite\",\"@id\":\"https:\/\/devaharmony.com\/pl\/#website\",\"url\":\"https:\/\/devaharmony.com\/pl\/\",\"name\":\"Deva Harmony Polska\",\"description\":\"Ajurwedyjskie Suplementy Diety\",\"potentialAction\":[{\"@type\":\"SearchAction\",\"target\":{\"@type\":\"EntryPoint\",\"urlTemplate\":\"https:\/\/devaharmony.com\/pl\/?s={search_term_string}\"},\"query-input\":\"required name=search_term_string\"}],\"inLanguage\":\"pl-PL\"}]}<\/script>\n<!-- \/ Yoast SEO plugin. -->","yoast_head_json":{"title":"Krajowy Konsultant Ajurwedyjski - Deva Harmony Polska","robots":{"index":"index","follow":"follow","max-snippet":"max-snippet:-1","max-image-preview":"max-image-preview:large","max-video-preview":"max-video-preview:-1"},"canonical":"https:\/\/devaharmony.com\/pl\/krajowy-konsultant-ajurwedyjski\/","og_locale":"pl_PL","og_type":"article","og_title":"Krajowy Konsultant Ajurwedyjski - Deva Harmony Polska","og_description":"Mamy przyjemno\u015b\u0107 przedstawi\u0107 sylwetk\u0119 Pani El\u017cbiety \u017buk-Widma\u0144skiej, kt\u00f3ra tytu\u0142 Konsultanta Ajurwedyjskiego otrzyma\u0142a w Instytucie Jiva Faridabad, a nauki ajurwedyjskie pobiera\u0142a od samego dr Partapa Chauchana. El\u017cbieta \u017buk-Widma\u0144ska &#8220;Ajurwed\u0105 zajmuj\u0119 si\u0119 od 2004 roku. Wiedz\u0119 o niej zdobywa\u0142am bezpo\u015brednio w Instytucie Jiva Ayurveda w Indiach. Moim nauczycielem by\u0142 s\u0142ynny dr Partapa Chauhan. Id\u0105c za wskaz\u00f3wkami holistycznej [&hellip;]","og_url":"https:\/\/devaharmony.com\/pl\/krajowy-konsultant-ajurwedyjski\/","og_site_name":"Deva Harmony Polska","article_modified_time":"2025-07-24T10:13:17+00:00","og_image":[{"url":"https:\/\/devaharmony.com\/pl\/wp-content\/uploads\/sites\/2\/2021\/12\/rsz_1zuk-widmanska_-684x1024-1.jpg"}],"twitter_card":"summary_large_image","twitter_misc":{"Szacowany czas czytania":"2 minuty"},"schema":{"@context":"https:\/\/schema.org","@graph":[{"@type":"WebPage","@id":"https:\/\/devaharmony.com\/pl\/krajowy-konsultant-ajurwedyjski\/","url":"https:\/\/devaharmony.com\/pl\/krajowy-konsultant-ajurwedyjski\/","name":"Krajowy Konsultant Ajurwedyjski - Deva Harmony Polska","isPartOf":{"@id":"https:\/\/devaharmony.com\/pl\/#website"},"primaryImageOfPage":{"@id":"https:\/\/devaharmony.com\/pl\/krajowy-konsultant-ajurwedyjski\/#primaryimage"},"image":{"@id":"https:\/\/devaharmony.com\/pl\/krajowy-konsultant-ajurwedyjski\/#primaryimage"},"thumbnailUrl":"https:\/\/devaharmony.com\/pl\/wp-content\/uploads\/sites\/2\/2021\/12\/rsz_1zuk-widmanska_-684x1024-1.jpg","datePublished":"2021-11-16T11:31:03+00:00","dateModified":"2025-07-24T10:13:17+00:00","breadcrumb":{"@id":"https:\/\/devaharmony.com\/pl\/krajowy-konsultant-ajurwedyjski\/#breadcrumb"},"inLanguage":"pl-PL","potentialAction":[{"@type":"ReadAction","target":["https:\/\/devaharmony.com\/pl\/krajowy-konsultant-ajurwedyjski\/"]}]},{"@type":"ImageObject","inLanguage":"pl-PL","@id":"https:\/\/devaharmony.com\/pl\/krajowy-konsultant-ajurwedyjski\/#primaryimage","url":"https:\/\/devaharmony.com\/pl\/wp-content\/uploads\/sites\/2\/2021\/12\/rsz_1zuk-widmanska_-684x1024-1.jpg","contentUrl":"https:\/\/devaharmony.com\/pl\/wp-content\/uploads\/sites\/2\/2021\/12\/rsz_1zuk-widmanska_-684x1024-1.jpg"},{"@type":"BreadcrumbList","@id":"https:\/\/devaharmony.com\/pl\/krajowy-konsultant-ajurwedyjski\/#breadcrumb","itemListElement":[{"@type":"ListItem","position":1,"name":"Strona g\u0142\u00f3wna","item":"https:\/\/devaharmony.com\/pl\/"},{"@type":"ListItem","position":2,"name":"Krajowy Konsultant Ajurwedyjski"}]},{"@type":"WebSite","@id":"https:\/\/devaharmony.com\/pl\/#website","url":"https:\/\/devaharmony.com\/pl\/","name":"Deva Harmony Polska","description":"Ajurwedyjskie Suplementy Diety","potentialAction":[{"@type":"SearchAction","target":{"@type":"EntryPoint","urlTemplate":"https:\/\/devaharmony.com\/pl\/?s={search_term_string}"},"query-input":"required name=search_term_string"}],"inLanguage":"pl-PL"}]}},"_links":{"self":[{"href":"https:\/\/devaharmony.com\/pl\/wp-json\/wp\/v2\/pages\/2935","targetHints":{"allow":["GET"]}}],"collection":[{"href":"https:\/\/devaharmony.com\/pl\/wp-json\/wp\/v2\/pages"}],"about":[{"href":"https:\/\/devaharmony.com\/pl\/wp-json\/wp\/v2\/types\/page"}],"author":[{"embeddable":true,"href":"https:\/\/devaharmony.com\/pl\/wp-json\/wp\/v2\/users\/59"}],"replies":[{"embeddable":true,"href":"https:\/\/devaharmony.com\/pl\/wp-json\/wp\/v2\/comments?post=2935"}],"version-history":[{"count":48,"href":"https:\/\/devaharmony.com\/pl\/wp-json\/wp\/v2\/pages\/2935\/revisions"}],"predecessor-version":[{"id":45992,"href":"https:\/\/devaharmony.com\/pl\/wp-json\/wp\/v2\/pages\/2935\/revisions\/45992"}],"wp:attachment":[{"href":"https:\/\/devaharmony.com\/pl\/wp-json\/wp\/v2\/media?parent=2935"}],"curies":[{"name":"wp","href":"https:\/\/api.w.org\/{rel}","templated":true}]}}