{"id":29,"date":"2020-09-23T12:48:25","date_gmt":"2020-09-23T12:48:25","guid":{"rendered":"https:\/\/devaharmony.com\/pl\/?page_id=29"},"modified":"2022-04-01T10:45:05","modified_gmt":"2022-04-01T10:45:05","slug":"jiva-ayurveda","status":"publish","type":"page","link":"https:\/\/devaharmony.com\/pl\/jiva-ayurveda\/","title":{"rendered":"Jiva Ayurveda Institute"},"content":{"rendered":"\n<p>Jiva Ayurveda to znana na ca\u0142ym \u015bwiecie nazwa w dziedzinie Ayurvedy. Za\u0142o\u017cona ponad 25 lat temu Jiva Instytut jest pionierem ajurwedyjskiej telemedycyny, kt\u00f3ra uruchomi\u0142a pierwsz\u0105 na \u015bwiecie stron\u0119 ajurwedyjsk\u0105 <a href=\"https:\/\/www.jiva.com\/\" target=\"_blank\" rel=\"noopener\">www.jiva.com<\/a> ju\u017c w 1995 roku i jako pierwsza udzieli\u0142a konsultacji online ludziom z ca\u0142ego \u015bwiata. Jiva prowadzi sie\u0107 80 klinik w ca\u0142ych Indiach i najwi\u0119ksze na \u015bwiecie ajurwedyjskie centrum telemedycyny, udzielaj\u0105c konsultacji ponad 6000 pacjent\u00f3w dziennie przez 500 dobrze wyszkolonych lekarzy ajurwedyjskich. <\/p>\n\n\n\n<p>Na arenie mi\u0119dzynarodowej Jiva ma szko\u0142y ajurwedyjskie w Japonii, Francji, Polsce i na Litwie. Jiva prowadzi\u0142a seminaria, warsztaty i kursy w ponad 40 krajach. <strong>\u201eJiva Health Show\u201d<\/strong> to bardzo popularny program Ayurveda, kt\u00f3ry jest emitowany codziennie w pi\u0119ciu g\u0142\u00f3wnych kana\u0142ach telewizyjnych<br>w Indiach. Zdoby\u0142a wiele nagr\u00f3d krajowych i mi\u0119dzynarodowych, w tym presti\u017cow\u0105 nagrod\u0119 <strong>\u201eWorld Summit Award\u201d ONZ<\/strong> w Genewie za projekt \u201eTeledoc\u201d, maj\u0105cy pom\u00f3c ludno\u015bci wiejskiej przy u\u017cyciu najnowocze\u015bniejszych technologii telekomunikacyjnych.<\/p>\n\n\n\n<p>Jiva Instytut zamierza zbudowa\u0107 pierwszy na \u015bwiecie Mi\u0119dzynarodowy Uniwersytet Medycyny Integracyjnej, w kt\u00f3rym studenci z ca\u0142ego \u015bwiata b\u0119d\u0105 mogli studiowa\u0107, bada\u0107 i tworzy\u0107 integracyjne protoko\u0142y leczenia przewlek\u0142ych i trudnych chor\u00f3b. Nacisk zostanie po\u0142o\u017cony na tworzenie integracyjnych program\u00f3w edukacyjnych dla os\u00f3b zdrowych. Programy te b\u0119d\u0105 koncentrowa\u0107 si\u0119 na zapobieganiu, odm\u0142adzaniu, poprawie witalno\u015bci i odporno\u015bci. Powstan\u0105 specjalne programy dla dzieci, kobiet i os\u00f3b starszych.<\/p>\n","protected":false},"excerpt":{"rendered":"<p>Jiva Ayurveda to znana na ca\u0142ym \u015bwiecie nazwa w dziedzinie Ayurvedy. Za\u0142o\u017cona ponad 25 lat temu Jiva Instytut jest pionierem ajurwedyjskiej telemedycyny, kt\u00f3ra uruchomi\u0142a pierwsz\u0105 na \u015bwiecie stron\u0119 ajurwedyjsk\u0105 www.jiva.com ju\u017c w 1995 roku i jako pierwsza udzieli\u0142a konsultacji online ludziom z ca\u0142ego \u015bwiata. Jiva prowadzi sie\u0107 80 klinik w ca\u0142ych Indiach i najwi\u0119ksze na [&hellip;]<\/p>\n","protected":false},"author":1,"featured_media":0,"parent":0,"menu_order":0,"comment_status":"closed","ping_status":"closed","template":"","meta":{"_editorskit_title_hidden":false,"_editorskit_reading_time":0,"_editorskit_is_block_options_detached":false,"_editorskit_block_options_position":"{}","footnotes":""},"class_list":["post-29","page","type-page","status-publish","hentry"],"acf":[],"yoast_head":"<!-- This site is optimized with the Yoast SEO plugin v23.1 - https:\/\/yoast.com\/wordpress\/plugins\/seo\/ -->\n<title>Jiva Ayurveda Institute - Deva Harmony Polska<\/title>\n<meta name=\"robots\" content=\"index, follow, max-snippet:-1, max-image-preview:large, max-video-preview:-1\" \/>\n<link rel=\"canonical\" href=\"https:\/\/devaharmony.com\/pl\/jiva-ayurveda\/\" \/>\n<meta property=\"og:locale\" content=\"pl_PL\" \/>\n<meta property=\"og:type\" content=\"article\" \/>\n<meta property=\"og:title\" content=\"Jiva Ayurveda Institute - Deva Harmony Polska\" \/>\n<meta property=\"og:description\" content=\"Jiva Ayurveda to znana na ca\u0142ym \u015bwiecie nazwa w dziedzinie Ayurvedy. Za\u0142o\u017cona ponad 25 lat temu Jiva Instytut jest pionierem ajurwedyjskiej telemedycyny, kt\u00f3ra uruchomi\u0142a pierwsz\u0105 na \u015bwiecie stron\u0119 ajurwedyjsk\u0105 www.jiva.com ju\u017c w 1995 roku i jako pierwsza udzieli\u0142a konsultacji online ludziom z ca\u0142ego \u015bwiata. Jiva prowadzi sie\u0107 80 klinik w ca\u0142ych Indiach i najwi\u0119ksze na [&hellip;]\" \/>\n<meta property=\"og:url\" content=\"https:\/\/devaharmony.com\/pl\/jiva-ayurveda\/\" \/>\n<meta property=\"og:site_name\" content=\"Deva Harmony Polska\" \/>\n<meta property=\"article:modified_time\" content=\"2022-04-01T10:45:05+00:00\" \/>\n<meta name=\"twitter:card\" content=\"summary_large_image\" \/>\n<meta name=\"twitter:label1\" content=\"Szacowany czas czytania\" \/>\n\t<meta name=\"twitter:data1\" content=\"1 minuta\" \/>\n<script type=\"application\/ld+json\" class=\"yoast-schema-graph\">{\"@context\":\"https:\/\/schema.org\",\"@graph\":[{\"@type\":\"WebPage\",\"@id\":\"https:\/\/devaharmony.com\/pl\/jiva-ayurveda\/\",\"url\":\"https:\/\/devaharmony.com\/pl\/jiva-ayurveda\/\",\"name\":\"Jiva Ayurveda Institute - Deva Harmony Polska\",\"isPartOf\":{\"@id\":\"https:\/\/devaharmony.com\/pl\/#website\"},\"datePublished\":\"2020-09-23T12:48:25+00:00\",\"dateModified\":\"2022-04-01T10:45:05+00:00\",\"breadcrumb\":{\"@id\":\"https:\/\/devaharmony.com\/pl\/jiva-ayurveda\/#breadcrumb\"},\"inLanguage\":\"pl-PL\",\"potentialAction\":[{\"@type\":\"ReadAction\",\"target\":[\"https:\/\/devaharmony.com\/pl\/jiva-ayurveda\/\"]}]},{\"@type\":\"BreadcrumbList\",\"@id\":\"https:\/\/devaharmony.com\/pl\/jiva-ayurveda\/#breadcrumb\",\"itemListElement\":[{\"@type\":\"ListItem\",\"position\":1,\"name\":\"Strona g\u0142\u00f3wna\",\"item\":\"https:\/\/devaharmony.com\/pl\/\"},{\"@type\":\"ListItem\",\"position\":2,\"name\":\"Jiva Ayurveda Institute\"}]},{\"@type\":\"WebSite\",\"@id\":\"https:\/\/devaharmony.com\/pl\/#website\",\"url\":\"https:\/\/devaharmony.com\/pl\/\",\"name\":\"Deva Harmony Polska\",\"description\":\"Ajurwedyjskie Suplementy Diety\",\"potentialAction\":[{\"@type\":\"SearchAction\",\"target\":{\"@type\":\"EntryPoint\",\"urlTemplate\":\"https:\/\/devaharmony.com\/pl\/?s={search_term_string}\"},\"query-input\":\"required name=search_term_string\"}],\"inLanguage\":\"pl-PL\"}]}<\/script>\n<!-- \/ Yoast SEO plugin. -->","yoast_head_json":{"title":"Jiva Ayurveda Institute - Deva Harmony Polska","robots":{"index":"index","follow":"follow","max-snippet":"max-snippet:-1","max-image-preview":"max-image-preview:large","max-video-preview":"max-video-preview:-1"},"canonical":"https:\/\/devaharmony.com\/pl\/jiva-ayurveda\/","og_locale":"pl_PL","og_type":"article","og_title":"Jiva Ayurveda Institute - Deva Harmony Polska","og_description":"Jiva Ayurveda to znana na ca\u0142ym \u015bwiecie nazwa w dziedzinie Ayurvedy. Za\u0142o\u017cona ponad 25 lat temu Jiva Instytut jest pionierem ajurwedyjskiej telemedycyny, kt\u00f3ra uruchomi\u0142a pierwsz\u0105 na \u015bwiecie stron\u0119 ajurwedyjsk\u0105 www.jiva.com ju\u017c w 1995 roku i jako pierwsza udzieli\u0142a konsultacji online ludziom z ca\u0142ego \u015bwiata. Jiva prowadzi sie\u0107 80 klinik w ca\u0142ych Indiach i najwi\u0119ksze na [&hellip;]","og_url":"https:\/\/devaharmony.com\/pl\/jiva-ayurveda\/","og_site_name":"Deva Harmony Polska","article_modified_time":"2022-04-01T10:45:05+00:00","twitter_card":"summary_large_image","twitter_misc":{"Szacowany czas czytania":"1 minuta"},"schema":{"@context":"https:\/\/schema.org","@graph":[{"@type":"WebPage","@id":"https:\/\/devaharmony.com\/pl\/jiva-ayurveda\/","url":"https:\/\/devaharmony.com\/pl\/jiva-ayurveda\/","name":"Jiva Ayurveda Institute - Deva Harmony Polska","isPartOf":{"@id":"https:\/\/devaharmony.com\/pl\/#website"},"datePublished":"2020-09-23T12:48:25+00:00","dateModified":"2022-04-01T10:45:05+00:00","breadcrumb":{"@id":"https:\/\/devaharmony.com\/pl\/jiva-ayurveda\/#breadcrumb"},"inLanguage":"pl-PL","potentialAction":[{"@type":"ReadAction","target":["https:\/\/devaharmony.com\/pl\/jiva-ayurveda\/"]}]},{"@type":"BreadcrumbList","@id":"https:\/\/devaharmony.com\/pl\/jiva-ayurveda\/#breadcrumb","itemListElement":[{"@type":"ListItem","position":1,"name":"Strona g\u0142\u00f3wna","item":"https:\/\/devaharmony.com\/pl\/"},{"@type":"ListItem","position":2,"name":"Jiva Ayurveda Institute"}]},{"@type":"WebSite","@id":"https:\/\/devaharmony.com\/pl\/#website","url":"https:\/\/devaharmony.com\/pl\/","name":"Deva Harmony Polska","description":"Ajurwedyjskie Suplementy Diety","potentialAction":[{"@type":"SearchAction","target":{"@type":"EntryPoint","urlTemplate":"https:\/\/devaharmony.com\/pl\/?s={search_term_string}"},"query-input":"required name=search_term_string"}],"inLanguage":"pl-PL"}]}},"_links":{"self":[{"href":"https:\/\/devaharmony.com\/pl\/wp-json\/wp\/v2\/pages\/29","targetHints":{"allow":["GET"]}}],"collection":[{"href":"https:\/\/devaharmony.com\/pl\/wp-json\/wp\/v2\/pages"}],"about":[{"href":"https:\/\/devaharmony.com\/pl\/wp-json\/wp\/v2\/types\/page"}],"author":[{"embeddable":true,"href":"https:\/\/devaharmony.com\/pl\/wp-json\/wp\/v2\/users\/1"}],"replies":[{"embeddable":true,"href":"https:\/\/devaharmony.com\/pl\/wp-json\/wp\/v2\/comments?post=29"}],"version-history":[{"count":5,"href":"https:\/\/devaharmony.com\/pl\/wp-json\/wp\/v2\/pages\/29\/revisions"}],"predecessor-version":[{"id":5475,"href":"https:\/\/devaharmony.com\/pl\/wp-json\/wp\/v2\/pages\/29\/revisions\/5475"}],"wp:attachment":[{"href":"https:\/\/devaharmony.com\/pl\/wp-json\/wp\/v2\/media?parent=29"}],"curies":[{"name":"wp","href":"https:\/\/api.w.org\/{rel}","templated":true}]}}