{"id":2319,"date":"2021-09-29T12:35:08","date_gmt":"2021-09-29T12:35:08","guid":{"rendered":"https:\/\/devaharmony.com\/pl\/?page_id=2319"},"modified":"2024-10-03T10:33:32","modified_gmt":"2024-10-03T09:33:32","slug":"reklamacje","status":"publish","type":"page","link":"https:\/\/devaharmony.com\/pl\/reklamacje\/","title":{"rendered":"Reklamacje"},"content":{"rendered":"\n<ol class=\"wp-block-list\">\n<li>Wszelkie reklamacje dotycz\u0105ce funkcjonowania Sklepu internetowego, w tym w sprawach dotycz\u0105cych us\u0142ug \u015bwiadczonych drog\u0105 elektroniczn\u0105 oraz um\u00f3w zawartych za jego po\u015brednictwem mo\u017cna przesy\u0142a\u0107 za po\u015brednictwem formularza reklamacji dost\u0119pnego na jego stronach. Reklamacje mog\u0105 by\u0107 r\u00f3wnie\u017c sk\u0142adane pisemnie na adres siedziby Sprzedawcy. Instrukcja reklamacyjna stanowi za\u0142\u0105cznik numer 3 do niniejszego Regulaminu.&nbsp;<\/li>\n\n\n\n<li>Sk\u0142adaj\u0105c reklamacj\u0119 wskazanym jest, aby Klient opisa\u0142 zauwa\u017con\u0105 wad\u0119 i sprecyzowa\u0142 swoje \u017c\u0105danie. W chwili sk\u0142adania reklamacji z tytu\u0142u r\u0119kojmi, nale\u017cy przedstawi\u0107 dow\u00f3d zakupu towaru w Sklepie internetowym \u2013 PARAGON, FAKTURA VAT.<\/li>\n\n\n\n<li>Zalecanym jest, aby wys\u0142anie paczki ze zwracanym towarem by\u0142o poprzedzone zg\u0142oszeniem zwrotu.<\/li>\n\n\n\n<li>Klient, kt\u00f3ry wykonuje uprawnienia z tytu\u0142u r\u0119kojmi, jest obowi\u0105zany na koszt Sprzedawcy dostarczy\u0107 rzecz wadliw\u0105 na adres siedziby Sprzedawcy lub adres wskazany w korespondencji mailowej wraz z paragonem.<\/li>\n\n\n\n<li>Je\u017celi podane w reklamacji dane lub informacje wymagaj\u0105 uzupe\u0142nienia, Sprzedawca niezw\u0142ocznie zwr\u00f3ci si\u0119 do Klienta o ich uzupe\u0142nienie we wskazanym zakresie. Wraz z takim zawiadomieniem do Klienta przes\u0142ana zostanie informacja, w jaki spos\u00f3b nale\u017cy uzupe\u0142ni\u0107 braki w zg\u0142oszeniu reklamacyjnym.<\/li>\n\n\n\n<li>Reklamacje z tytu\u0142u r\u0119kojmi rozpoznawana s\u0105 w terminie 14 dni od dnia dor\u0119czenia Sprzedawcy o\u015bwiadczenia zawieraj\u0105cego \u017c\u0105dania Kupuj\u0105cego. Powy\u017cszy termin nie dotyczy reklamacji, w zwi\u0105zku z kt\u00f3r\u0105 Klient chce odst\u0105pi\u0107 od umowy. O wyniku rozpatrzenia reklamacji Klient zostanie powiadomiony przez Sprzedawc\u0119 drog\u0105 mailow\u0105 lub pisemnie, w zale\u017cno\u015bci od sposobu z\u0142o\u017cenia reklamacji.<\/li>\n<\/ol>\n\n\n\n<p><strong><br><\/strong><strong>INSTRUKCJA REKLAMACYJNA<\/strong><\/p>\n\n\n\n<p><strong>REKLAMACJA<\/strong><\/p>\n\n\n\n<p>1. Termin przydatno\u015bci towar\u00f3w oferowanych w Sklepie Internetowym wynosi minimum 2 lata od daty produkcji.<\/p>\n\n\n\n<p>2. Przed odebraniem przesy\u0142ki z poczty lub od kuriera nale\u017cy sprawdzi\u0107, czy opakowanie nie uleg\u0142o uszkodzeniu w transporcie. W szczeg\u00f3lno\u015bci nale\u017cy zwr\u00f3ci\u0107 uwag\u0119 na stan ta\u015bm naklejonych na przesy\u0142k\u0119.&nbsp; W przypadku, gdy opakowanie przesy\u0142ki nosi znamiona uszkodzenia lub gdy ta\u015bmy s\u0105 zerwane, nale\u017cy nie przyjmowa\u0107 przesy\u0142ki oraz skontaktowa\u0107 si\u0119 jak szybciej ze Sprzedawc\u0105 w celu wyja\u015bnienia sprawy. Sprzedawca jest odpowiedzialny wobec Klienta, je\u017celi sprzedany produkt ma wad\u0119 fizyczn\u0105 lub prawn\u0105 (r\u0119kojmia), na zasadach okre\u015blonych w Kodeksie Cywilnym. W przypadku sprzeda\u017cy nieb\u0119d\u0105cej sprzeda\u017c\u0105 konsumenck\u0105, wy\u0142\u0105cza si\u0119 przepisy o r\u0119kojmi zawarte w Kodeksie Cywilnym.<\/p>\n\n\n\n<p><strong>Dodatkowe informacje<\/strong><\/p>\n\n\n\n<p>Poni\u017cej prezentujemy procedur\u0119 reklamacyjn\u0105.<\/p>\n\n\n\n<p>Wy\u015blij poprawnie wype\u0142niony formularz reklamacyjny (warunek konieczny) na adres e-mail:<\/p>\n\n\n\n<p><a href=\"mailto:sklep@deva.wydajnyteam.pl\"><strong>s<\/strong><\/a><a href=\"mailto:sklep@devaharmony.com\"><strong>klep@devaharmony.com<\/strong><\/a><\/p>\n\n\n\n<p>W tytule wiadomo\u015bci prosimy wpisa\u0107: &#8220;<strong>Reklamacja<\/strong>&#8220;.<\/p>\n\n\n\n<ul class=\"wp-block-list\">\n<li>Do wiadomo\u015bci za\u0142\u0105cz min. 2-3 zdj\u0119cia i\/lub link do video prezentuj\u0105ce wad\u0119 produktu.<\/li>\n\n\n\n<li>Wszystkie informacje dotycz\u0105ce reklamacji powinny znajdowa\u0107 si\u0119 w jednej wiadomo\u015bci.<\/li>\n\n\n\n<li>Wysy\u0142anie kilku wiadomo\u015bci wprowadza jedynie chaos i mo\u017ce wyd\u0142u\u017cy\u0107 czas rozpatrywania reklamacji.<\/li>\n\n\n\n<li>Po otrzymaniu poprawnego zg\u0142oszenia reklamacyjnego oczekuj na odpowied\u017a.<\/li>\n\n\n\n<li>Maksymalny czas na rozpatrzenie reklamacji to 30 dni. Czasami okres ten mo\u017ce si\u0119 wyd\u0142u\u017cy\u0107.<\/li>\n\n\n\n<li>Zdarza si\u0119, \u017ce b\u0119d\u0105 potrzebne dodatkowe informacje\/zdj\u0119cia &#8211; o czym b\u0119dziemy informowa\u0107 na bie\u017c\u0105co.<\/li>\n\n\n\n<li>Po rozpatrzeniu reklamacji otrzymasz decyzj\u0119 i ew. pro\u015bb\u0119 o odes\u0142anie produktu.&nbsp;<\/li>\n\n\n\n<li>Nie odsy\u0142aj produktu bez wyra\u017anej dyspozycji z naszej strony. Odes\u0142anie produktu na w\u0142asn\u0105 r\u0119k\u0119 mo\u017ce wyd\u0142u\u017cy\u0107 czas rozpatrywania reklamacji.<\/li>\n\n\n\n<li>W przypadku zasadnej reklamacji i konieczno\u015bci odes\u0142ania produktu, zwracamy najta\u0144sze koszty za odes\u0142anie produktu (bez wykupionych dodatkowych us\u0142ug takich jak np. priorytet, ubezpieczenie, ostro\u017cnie, potwierdzenie odbioru, gabaryt, itp.).<\/li>\n\n\n\n<li>Gwarancji nie podlegaj\u0105 szkody fizyczne oraz szkody wynik\u0142e z niepoprawnego korzystania z produktu.<\/li>\n<\/ul>\n\n\n\n<p>Je\u017celi uznamy Twoj\u0105 reklamacj\u0119 uzupe\u0142nij formularz reklamacji towaru \u2013 dost\u0119pny poni\u017cej.&nbsp;<\/p>\n\n\n\n<p><strong>FORMULARZ REKLAMACJI TOWARU<\/strong><\/p>\n\n\n\n<p><strong><em>W przypadku uznania reklamacji zwracany produkt dobrze zapakuj. Wype\u0142niony formularz reklamacji do\u0142\u0105cz do przesy\u0142ki lub wy\u015blij pod e-mail: sklep@devaharmony.com. Przesy\u0142k\u0119 wy\u015blij przesy\u0142k\u0105 rejestrowan\u0105 wraz z paragonem zakupu na poni\u017cej podany adres korespondencyjny. Do adresu dopisz \u201cREKLAMACJA\u201d, u\u0142atwi to obs\u0142ug\u0119 paczki. <\/em><\/strong><\/p>\n\n\n\n<p><strong>Numer zam\u00f3wienia: <\/strong>&#8230;&#8230;&#8230;&#8230;&#8230;&#8230;&#8230;&#8230;&#8230;&#8230;&#8230;&#8230;&#8230;&#8230;&#8230;&#8230;&#8230;&#8230;&#8230;&#8230;&#8230;&#8230;&#8230;&#8230;&#8230;&#8230;&#8230;&#8230;&#8230;&#8230;&#8230;&#8230;&#8230;.<\/p>\n\n\n\n<p><strong>Data zam\u00f3wienia: <\/strong>&#8230;&#8230;&#8230;&#8230;&#8230;&#8230;&#8230;&#8230;&#8230;&#8230;&#8230;&#8230;&#8230;&#8230;&#8230;&#8230;&#8230;&#8230;&#8230;&#8230;&#8230;&#8230;&#8230;&#8230;&#8230;&#8230;&#8230;&#8230;&#8230;&#8230;&#8230;&#8230;&#8230;&#8230;..<\/p>\n\n\n\n<p><strong>Imi\u0119 i nazwisko: <\/strong>..\u2026\u2026\u2026\u2026\u2026\u2026\u2026\u2026\u2026\u2026\u2026\u2026\u2026\u2026\u2026\u2026\u2026\u2026\u2026\u2026\u2026\u2026\u2026\u2026\u2026\u2026\u2026\u2026&#8230;.<\/p>\n\n\n\n<p><strong>Numer telefonu: <\/strong>..\u2026\u2026\u2026\u2026\u2026\u2026\u2026\u2026\u2026\u2026\u2026\u2026\u2026\u2026\u2026\u2026\u2026\u2026\u2026\u2026\u2026\u2026\u2026\u2026\u2026\u2026\u2026\u2026\u2026<\/p>\n\n\n\n<p><strong>REKLAMOWANE PRODUKTY:<\/strong><\/p>\n\n\n\n<figure class=\"wp-block-table\"><table><tbody><tr><td><\/td><td>Nazwa produktu:<\/td><td>Ilo\u015b\u0107:<\/td><td>Pow\u00f3d reklamacji:<\/td><td>\u017b\u0105danie:<\/td><\/tr><tr><td>1<\/td><td><\/td><td><\/td><td><\/td><td><\/td><\/tr><tr><td>2<\/td><td><\/td><td><\/td><td><\/td><td><\/td><\/tr><tr><td>3<\/td><td><\/td><td><\/td><td><\/td><td><\/td><\/tr><tr><td>4<\/td><td><\/td><td><\/td><td><\/td><td><\/td><\/tr><tr><td>5<\/td><td><\/td><td><\/td><td><\/td><td><\/td><\/tr><tr><td>6<\/td><td><\/td><td><\/td><td><\/td><td><\/td><\/tr><tr><td>7<\/td><td><\/td><td><\/td><td><\/td><td><\/td><\/tr><\/tbody><\/table><\/figure>\n\n\n\n<p><strong>W przypadku odst\u0105pienia od umowy i zwrotu pieni\u0119dzy prosz\u0119 o uzupe\u0142nienie<\/strong><\/p>\n\n\n\n<p><strong>poni\u017cszego formularza:<\/strong><\/p>\n\n\n\n<p><strong>Numer rachunku:<\/strong><\/p>\n\n\n\n<figure class=\"wp-block-table\"><table><tbody><tr><td><\/td><td><\/td><td><\/td><td><\/td><td><\/td><td><\/td><td><\/td><td><\/td><td><\/td><td><\/td><td><\/td><td><\/td><td><\/td><td><\/td><td><\/td><td><\/td><td><\/td><td><\/td><td><\/td><td><\/td><td><\/td><td><\/td><td><\/td><td><\/td><td><\/td><td><\/td><\/tr><\/tbody><\/table><\/figure>\n\n\n\n<p><strong>Nazwa banku: <\/strong>\u2026\u2026\u2026\u2026\u2026\u2026\u2026\u2026\u2026\u2026\u2026\u2026\u2026\u2026\u2026\u2026\u2026\u2026\u2026\u2026\u2026\u2026\u2026\u2026\u2026\u2026\u2026\u2026\u2026&#8230;<\/p>\n\n\n\n<p><strong>\u0141\u0105czna kwota do zwrotu: <\/strong>\u2026\u2026\u2026\u2026\u2026\u2026\u2026\u2026\u2026\u2026\u2026\u2026\u2026\u2026\u2026\u2026\u2026\u2026\u2026\u2026\u2026\u2026\u2026\u2026..<\/p>\n\n\n\n<p><strong>Adres korespondencyjny:<\/strong><\/p>\n\n\n\n<p><strong>DH Deva 9 Sp. z o. o.<\/strong><\/p>\n\n\n\n<p><strong>ul. Lubelska 29<\/strong><\/p>\n\n\n\n<p><strong>35-233 Rzesz\u00f3w<\/strong><\/p>\n\n\n\n<p>&#8230;&#8230;&#8230;&#8230;&#8230;&#8230;&#8230;&#8230;&#8230;&#8230;&#8230;&#8230;&#8230;&#8230;&#8230;&#8230;&#8230;&#8230;&#8230;&#8230;&#8230;&#8230;&#8230;&#8230;&#8230;&#8230;&#8230;<\/p>\n\n\n\n<p>podpis r\u00f3wnoznaczny z akceptacj\u0105<\/p>\n\n\n\n<p><\/p>\n\n\n\n<p><\/p>\n\n\n\n<p><strong>ZA\u0141\u0104CZNIK<\/strong>:<\/p>\n\n\n\n<div class=\"wp-block-file\"><a id=\"wp-block-file--media-7403cf62-958e-4bd8-b0a6-595970ce5381\" href=\"http:\/\/deva.wydajnyteam.pl\/pl\/wp-content\/uploads\/sites\/2\/2021\/03\/FORMULARZ-REKLAMACJI-TOWARU.pdf\">FORMULARZ REKLAMACJI TOWARU<\/a><a href=\"http:\/\/deva.wydajnyteam.pl\/pl\/wp-content\/uploads\/sites\/2\/2021\/03\/FORMULARZ-REKLAMACJI-TOWARU.pdf\" class=\"wp-block-file__button wp-element-button\" download aria-describedby=\"wp-block-file--media-7403cf62-958e-4bd8-b0a6-595970ce5381\">Pobierz<\/a><\/div>\n\n\n\n<p><\/p>\n","protected":false},"excerpt":{"rendered":"<p>INSTRUKCJA REKLAMACYJNA REKLAMACJA 1. Termin przydatno\u015bci towar\u00f3w oferowanych w Sklepie Internetowym wynosi minimum 2 lata od daty produkcji. 2. Przed odebraniem przesy\u0142ki z poczty lub od kuriera nale\u017cy sprawdzi\u0107, czy opakowanie nie uleg\u0142o uszkodzeniu w transporcie. W szczeg\u00f3lno\u015bci nale\u017cy zwr\u00f3ci\u0107 uwag\u0119 na stan ta\u015bm naklejonych na przesy\u0142k\u0119.&nbsp; W przypadku, gdy opakowanie przesy\u0142ki nosi znamiona uszkodzenia [&hellip;]<\/p>\n","protected":false},"author":11,"featured_media":0,"parent":0,"menu_order":0,"comment_status":"closed","ping_status":"closed","template":"","meta":{"_editorskit_title_hidden":false,"_editorskit_reading_time":0,"_editorskit_is_block_options_detached":false,"_editorskit_block_options_position":"{}","footnotes":""},"class_list":["post-2319","page","type-page","status-publish","hentry"],"acf":[],"yoast_head":"<!-- This site is optimized with the Yoast SEO plugin v23.1 - https:\/\/yoast.com\/wordpress\/plugins\/seo\/ -->\n<title>Reklamacje - Deva Harmony Polska<\/title>\n<meta name=\"robots\" content=\"index, follow, max-snippet:-1, max-image-preview:large, max-video-preview:-1\" \/>\n<link rel=\"canonical\" href=\"https:\/\/devaharmony.com\/pl\/reklamacje\/\" \/>\n<meta property=\"og:locale\" content=\"pl_PL\" \/>\n<meta property=\"og:type\" content=\"article\" \/>\n<meta property=\"og:title\" content=\"Reklamacje - Deva Harmony Polska\" \/>\n<meta property=\"og:description\" content=\"INSTRUKCJA REKLAMACYJNA REKLAMACJA 1. Termin przydatno\u015bci towar\u00f3w oferowanych w Sklepie Internetowym wynosi minimum 2 lata od daty produkcji. 2. Przed odebraniem przesy\u0142ki z poczty lub od kuriera nale\u017cy sprawdzi\u0107, czy opakowanie nie uleg\u0142o uszkodzeniu w transporcie. W szczeg\u00f3lno\u015bci nale\u017cy zwr\u00f3ci\u0107 uwag\u0119 na stan ta\u015bm naklejonych na przesy\u0142k\u0119.&nbsp; W przypadku, gdy opakowanie przesy\u0142ki nosi znamiona uszkodzenia [&hellip;]\" \/>\n<meta property=\"og:url\" content=\"https:\/\/devaharmony.com\/pl\/reklamacje\/\" \/>\n<meta property=\"og:site_name\" content=\"Deva Harmony Polska\" \/>\n<meta property=\"article:modified_time\" content=\"2024-10-03T09:33:32+00:00\" \/>\n<meta name=\"twitter:card\" content=\"summary_large_image\" \/>\n<meta name=\"twitter:label1\" content=\"Szacowany czas czytania\" \/>\n\t<meta name=\"twitter:data1\" content=\"4 minuty\" \/>\n<script type=\"application\/ld+json\" class=\"yoast-schema-graph\">{\"@context\":\"https:\/\/schema.org\",\"@graph\":[{\"@type\":\"WebPage\",\"@id\":\"https:\/\/devaharmony.com\/pl\/reklamacje\/\",\"url\":\"https:\/\/devaharmony.com\/pl\/reklamacje\/\",\"name\":\"Reklamacje - Deva Harmony Polska\",\"isPartOf\":{\"@id\":\"https:\/\/devaharmony.com\/pl\/#website\"},\"datePublished\":\"2021-09-29T12:35:08+00:00\",\"dateModified\":\"2024-10-03T09:33:32+00:00\",\"breadcrumb\":{\"@id\":\"https:\/\/devaharmony.com\/pl\/reklamacje\/#breadcrumb\"},\"inLanguage\":\"pl-PL\",\"potentialAction\":[{\"@type\":\"ReadAction\",\"target\":[\"https:\/\/devaharmony.com\/pl\/reklamacje\/\"]}]},{\"@type\":\"BreadcrumbList\",\"@id\":\"https:\/\/devaharmony.com\/pl\/reklamacje\/#breadcrumb\",\"itemListElement\":[{\"@type\":\"ListItem\",\"position\":1,\"name\":\"Strona g\u0142\u00f3wna\",\"item\":\"https:\/\/devaharmony.com\/pl\/\"},{\"@type\":\"ListItem\",\"position\":2,\"name\":\"Reklamacje\"}]},{\"@type\":\"WebSite\",\"@id\":\"https:\/\/devaharmony.com\/pl\/#website\",\"url\":\"https:\/\/devaharmony.com\/pl\/\",\"name\":\"Deva Harmony Polska\",\"description\":\"Ajurwedyjskie Suplementy Diety\",\"potentialAction\":[{\"@type\":\"SearchAction\",\"target\":{\"@type\":\"EntryPoint\",\"urlTemplate\":\"https:\/\/devaharmony.com\/pl\/?s={search_term_string}\"},\"query-input\":\"required name=search_term_string\"}],\"inLanguage\":\"pl-PL\"}]}<\/script>\n<!-- \/ Yoast SEO plugin. -->","yoast_head_json":{"title":"Reklamacje - Deva Harmony Polska","robots":{"index":"index","follow":"follow","max-snippet":"max-snippet:-1","max-image-preview":"max-image-preview:large","max-video-preview":"max-video-preview:-1"},"canonical":"https:\/\/devaharmony.com\/pl\/reklamacje\/","og_locale":"pl_PL","og_type":"article","og_title":"Reklamacje - Deva Harmony Polska","og_description":"INSTRUKCJA REKLAMACYJNA REKLAMACJA 1. Termin przydatno\u015bci towar\u00f3w oferowanych w Sklepie Internetowym wynosi minimum 2 lata od daty produkcji. 2. Przed odebraniem przesy\u0142ki z poczty lub od kuriera nale\u017cy sprawdzi\u0107, czy opakowanie nie uleg\u0142o uszkodzeniu w transporcie. W szczeg\u00f3lno\u015bci nale\u017cy zwr\u00f3ci\u0107 uwag\u0119 na stan ta\u015bm naklejonych na przesy\u0142k\u0119.&nbsp; W przypadku, gdy opakowanie przesy\u0142ki nosi znamiona uszkodzenia [&hellip;]","og_url":"https:\/\/devaharmony.com\/pl\/reklamacje\/","og_site_name":"Deva Harmony Polska","article_modified_time":"2024-10-03T09:33:32+00:00","twitter_card":"summary_large_image","twitter_misc":{"Szacowany czas czytania":"4 minuty"},"schema":{"@context":"https:\/\/schema.org","@graph":[{"@type":"WebPage","@id":"https:\/\/devaharmony.com\/pl\/reklamacje\/","url":"https:\/\/devaharmony.com\/pl\/reklamacje\/","name":"Reklamacje - Deva Harmony Polska","isPartOf":{"@id":"https:\/\/devaharmony.com\/pl\/#website"},"datePublished":"2021-09-29T12:35:08+00:00","dateModified":"2024-10-03T09:33:32+00:00","breadcrumb":{"@id":"https:\/\/devaharmony.com\/pl\/reklamacje\/#breadcrumb"},"inLanguage":"pl-PL","potentialAction":[{"@type":"ReadAction","target":["https:\/\/devaharmony.com\/pl\/reklamacje\/"]}]},{"@type":"BreadcrumbList","@id":"https:\/\/devaharmony.com\/pl\/reklamacje\/#breadcrumb","itemListElement":[{"@type":"ListItem","position":1,"name":"Strona g\u0142\u00f3wna","item":"https:\/\/devaharmony.com\/pl\/"},{"@type":"ListItem","position":2,"name":"Reklamacje"}]},{"@type":"WebSite","@id":"https:\/\/devaharmony.com\/pl\/#website","url":"https:\/\/devaharmony.com\/pl\/","name":"Deva Harmony Polska","description":"Ajurwedyjskie Suplementy Diety","potentialAction":[{"@type":"SearchAction","target":{"@type":"EntryPoint","urlTemplate":"https:\/\/devaharmony.com\/pl\/?s={search_term_string}"},"query-input":"required name=search_term_string"}],"inLanguage":"pl-PL"}]}},"_links":{"self":[{"href":"https:\/\/devaharmony.com\/pl\/wp-json\/wp\/v2\/pages\/2319","targetHints":{"allow":["GET"]}}],"collection":[{"href":"https:\/\/devaharmony.com\/pl\/wp-json\/wp\/v2\/pages"}],"about":[{"href":"https:\/\/devaharmony.com\/pl\/wp-json\/wp\/v2\/types\/page"}],"author":[{"embeddable":true,"href":"https:\/\/devaharmony.com\/pl\/wp-json\/wp\/v2\/users\/11"}],"replies":[{"embeddable":true,"href":"https:\/\/devaharmony.com\/pl\/wp-json\/wp\/v2\/comments?post=2319"}],"version-history":[{"count":9,"href":"https:\/\/devaharmony.com\/pl\/wp-json\/wp\/v2\/pages\/2319\/revisions"}],"predecessor-version":[{"id":39349,"href":"https:\/\/devaharmony.com\/pl\/wp-json\/wp\/v2\/pages\/2319\/revisions\/39349"}],"wp:attachment":[{"href":"https:\/\/devaharmony.com\/pl\/wp-json\/wp\/v2\/media?parent=2319"}],"curies":[{"name":"wp","href":"https:\/\/api.w.org\/{rel}","templated":true}]}}