{"id":2317,"date":"2021-09-29T12:34:35","date_gmt":"2021-09-29T12:34:35","guid":{"rendered":"https:\/\/devaharmony.com\/pl\/?page_id=2317"},"modified":"2025-08-14T07:15:06","modified_gmt":"2025-08-14T06:15:06","slug":"dostawa-i-platnosc","status":"publish","type":"page","link":"https:\/\/devaharmony.com\/pl\/dostawa-i-platnosc\/","title":{"rendered":"Dostawa i p\u0142atno\u015b\u0107"},"content":{"rendered":"\n<h3 class=\"wp-block-heading has-text-align-center zamowienie-przed\">Towar wysy\u0142amy w ci\u0105gu jednego dnia roboczego<\/h3>\n\n\n\n<p><strong>DOSTAWA<\/strong><\/p>\n\n\n\n<ol class=\"wp-block-list\">\n<li>Klient zostanie poinformowany o mo\u017cliwych sposobach i dost\u0119pnych terminach dostawy poprzez formularz zam\u00f3wienia lub drog\u0105 elektroniczn\u0105.<\/li>\n\n\n\n<li>W ten sam spos\u00f3b Sprzedawca informuje Klienta o koszcie dostawy, o ile ma to zastosowanie.<\/li>\n\n\n\n<li>Na pocz\u0105tku sk\u0142adania zam\u00f3wienia Klient jest informowany o ograniczeniach dotycz\u0105cych dostawy Towar\u00f3w.<\/li>\n\n\n\n<li>Towar wysy\u0142any jest w ci\u0105gu jednego dnia roboczego od momentu otrzymania wp\u0142aty. <\/li>\n\n\n\n<li>Dostawa towaru na terenie kraju realizowana jest w ci\u0105gu 1 &#8211; 2 dni roboczych od momentu nadania przesy\u0142ki przez Sprzedawc\u0119.<\/li>\n<\/ol>\n\n\n\n<p><strong>P\u0141ATNO\u015aCI<\/strong><\/p>\n\n\n\n<ol class=\"wp-block-list\">\n<li>P\u0142atno\u015bci za towar mo\u017cna dokona\u0107 w spos\u00f3b wybrany w momencie sk\u0142adania zam\u00f3wienia. W przypadku zakup\u00f3w towar\u00f3w sprowadzanych na zam\u00f3wienie oraz o znacznej warto\u015bci zastrzegamy sobie prawo za\u017c\u0105dania zaliczki. W przypadku jednak wypowiedzenia, odst\u0105pienia lub rozwi\u0105zania umowy wp\u0142acona zaliczka zostanie Konsumentowi zwr\u00f3cona.<\/li>\n\n\n\n<li>P\u0142atno\u015b\u0107 w sklepie internetowym mo\u017ce zosta\u0107 dokonana w jeden z nast\u0119puj\u0105cych sposob\u00f3w:<\/li>\n<\/ol>\n\n\n\n<ol class=\"wp-block-list\">\n<li>got\u00f3wk\u0105 za pobraniem \u2013 w wypadku dostawy towaru przez przewo\u017anik\u00f3w,&nbsp;<\/li>\n\n\n\n<li>przelewem z g\u00f3ry na konto,<\/li>\n<\/ol>\n\n\n\n<ol start=\"3\" class=\"wp-block-list\">\n<li>W przypadku wybrania sposobu p\u0142atno\u015bci za pobraniem, je\u017celi warto\u015b\u0107 zam\u00f3wienia mie\u015bci si\u0119 w kwocie 3.000,00 z\u0142 (nie licz\u0105c koszt\u00f3w dostawy), do finalnej warto\u015bci zam\u00f3wienia dolicza si\u0119 10% warto\u015bci tego zam\u00f3wienia. Zwi\u0119kszenie kosztu zam\u00f3wienia podyktowane jest polityk\u0105 cenow\u0105 operator\u00f3w pocztowych oraz firm kurierskich. <\/li>\n\n\n\n<li>W przypadku wybrania sposobu p\u0142atno\u015bci za pobraniem, je\u017celi warto\u015b\u0107 zam\u00f3wienia przekracza kwot\u0119 3.000,00 z\u0142, do finalnej warto\u015bci zam\u00f3wienia (licz\u0105c koszty dostawy) dolicza si\u0119 dodatkow\u0105 op\u0142at\u0119 wynosz\u0105c\u0105 r\u00f3wnowarto\u015b\u0107 tych koszt\u00f3w dostawy. <\/li>\n\n\n\n<li>W wypadku niekt\u00f3rych Produkt\u00f3w lub kategorii Produkt\u00f3w, dost\u0119pne s\u0105 jedynie niekt\u00f3re ze wskazanych w ust. 2 form p\u0142atno\u015bci. W szczeg\u00f3lno\u015bci niemo\u017cliwe jest dokonanie p\u0142atno\u015bci got\u00f3wk\u0105 w kwocie przekraczaj\u0105cej 15.000 PLN.<\/li>\n<\/ol>\n\n\n\n<p><strong>DANE DO PRZELEWU<\/strong><\/p>\n\n\n\n<p>DH Deva 9 Sp. z o. o.<br>35-233 Rzesz\u00f3w,<br>ul. Lubelska 29<br>KRS: 0001095858<\/p>\n\n\n\n<p>Konto Bankowe<\/p>\n\n\n\n<p>Bank Santander<br>Rachunek w PLN 54109025900000000146995735<br>Rachunek w EUR 80109025900000000146995752<br>Rachunek w USD 20109025900000000146995765<\/p>\n\n\n\n<p><strong>Wa\u017cne: w tytule przelewu prosimy wpisa\u0107 numer zam\u00f3wienia oraz przes\u0142anie wiadomo\u015bci z informacj\u0105 o dokonanym przelewie<\/strong> <strong>na adres: sklep@devaharmony.com<br>Brak wykonania powy\u017cszego mo\u017ce op\u00f3\u017ani\u0107 wysy\u0142k\u0119.<\/strong><\/p>\n","protected":false},"excerpt":{"rendered":"<p>Towar wysy\u0142amy w ci\u0105gu jednego dnia roboczego DOSTAWA P\u0141ATNO\u015aCI DANE DO PRZELEWU DH Deva 9 Sp. z o. o.35-233 Rzesz\u00f3w,ul. Lubelska 29KRS: 0001095858 Konto Bankowe Bank SantanderRachunek w PLN 54109025900000000146995735Rachunek w EUR 80109025900000000146995752Rachunek w USD 20109025900000000146995765 Wa\u017cne: w tytule przelewu prosimy wpisa\u0107 numer zam\u00f3wienia oraz przes\u0142anie wiadomo\u015bci z informacj\u0105 o dokonanym przelewie na adres: sklep@devaharmony.comBrak [&hellip;]<\/p>\n","protected":false},"author":11,"featured_media":0,"parent":0,"menu_order":0,"comment_status":"closed","ping_status":"closed","template":"","meta":{"_editorskit_title_hidden":false,"_editorskit_reading_time":0,"_editorskit_is_block_options_detached":false,"_editorskit_block_options_position":"{}","footnotes":""},"class_list":["post-2317","page","type-page","status-publish","hentry"],"acf":[],"yoast_head":"<!-- This site is optimized with the Yoast SEO plugin v23.1 - https:\/\/yoast.com\/wordpress\/plugins\/seo\/ -->\n<title>Dostawa i p\u0142atno\u015b\u0107 - Deva Harmony Polska<\/title>\n<meta name=\"robots\" content=\"index, follow, max-snippet:-1, max-image-preview:large, max-video-preview:-1\" \/>\n<link rel=\"canonical\" href=\"https:\/\/devaharmony.com\/pl\/dostawa-i-platnosc\/\" \/>\n<meta property=\"og:locale\" content=\"pl_PL\" \/>\n<meta property=\"og:type\" content=\"article\" \/>\n<meta property=\"og:title\" content=\"Dostawa i p\u0142atno\u015b\u0107 - Deva Harmony Polska\" \/>\n<meta property=\"og:description\" content=\"Towar wysy\u0142amy w ci\u0105gu jednego dnia roboczego DOSTAWA P\u0141ATNO\u015aCI DANE DO PRZELEWU DH Deva 9 Sp. z o. o.35-233 Rzesz\u00f3w,ul. Lubelska 29KRS: 0001095858 Konto Bankowe Bank SantanderRachunek w PLN 54109025900000000146995735Rachunek w EUR 80109025900000000146995752Rachunek w USD 20109025900000000146995765 Wa\u017cne: w tytule przelewu prosimy wpisa\u0107 numer zam\u00f3wienia oraz przes\u0142anie wiadomo\u015bci z informacj\u0105 o dokonanym przelewie na adres: sklep@devaharmony.comBrak [&hellip;]\" \/>\n<meta property=\"og:url\" content=\"https:\/\/devaharmony.com\/pl\/dostawa-i-platnosc\/\" \/>\n<meta property=\"og:site_name\" content=\"Deva Harmony Polska\" \/>\n<meta property=\"article:modified_time\" content=\"2025-08-14T06:15:06+00:00\" \/>\n<meta name=\"twitter:card\" content=\"summary_large_image\" \/>\n<meta name=\"twitter:label1\" content=\"Szacowany czas czytania\" \/>\n\t<meta name=\"twitter:data1\" content=\"2 minuty\" \/>\n<script type=\"application\/ld+json\" class=\"yoast-schema-graph\">{\"@context\":\"https:\/\/schema.org\",\"@graph\":[{\"@type\":\"WebPage\",\"@id\":\"https:\/\/devaharmony.com\/pl\/dostawa-i-platnosc\/\",\"url\":\"https:\/\/devaharmony.com\/pl\/dostawa-i-platnosc\/\",\"name\":\"Dostawa i p\u0142atno\u015b\u0107 - Deva Harmony Polska\",\"isPartOf\":{\"@id\":\"https:\/\/devaharmony.com\/pl\/#website\"},\"datePublished\":\"2021-09-29T12:34:35+00:00\",\"dateModified\":\"2025-08-14T06:15:06+00:00\",\"breadcrumb\":{\"@id\":\"https:\/\/devaharmony.com\/pl\/dostawa-i-platnosc\/#breadcrumb\"},\"inLanguage\":\"pl-PL\",\"potentialAction\":[{\"@type\":\"ReadAction\",\"target\":[\"https:\/\/devaharmony.com\/pl\/dostawa-i-platnosc\/\"]}]},{\"@type\":\"BreadcrumbList\",\"@id\":\"https:\/\/devaharmony.com\/pl\/dostawa-i-platnosc\/#breadcrumb\",\"itemListElement\":[{\"@type\":\"ListItem\",\"position\":1,\"name\":\"Strona g\u0142\u00f3wna\",\"item\":\"https:\/\/devaharmony.com\/pl\/\"},{\"@type\":\"ListItem\",\"position\":2,\"name\":\"Dostawa i p\u0142atno\u015b\u0107\"}]},{\"@type\":\"WebSite\",\"@id\":\"https:\/\/devaharmony.com\/pl\/#website\",\"url\":\"https:\/\/devaharmony.com\/pl\/\",\"name\":\"Deva Harmony Polska\",\"description\":\"Ajurwedyjskie Suplementy Diety\",\"potentialAction\":[{\"@type\":\"SearchAction\",\"target\":{\"@type\":\"EntryPoint\",\"urlTemplate\":\"https:\/\/devaharmony.com\/pl\/?s={search_term_string}\"},\"query-input\":\"required name=search_term_string\"}],\"inLanguage\":\"pl-PL\"}]}<\/script>\n<!-- \/ Yoast SEO plugin. -->","yoast_head_json":{"title":"Dostawa i p\u0142atno\u015b\u0107 - Deva Harmony Polska","robots":{"index":"index","follow":"follow","max-snippet":"max-snippet:-1","max-image-preview":"max-image-preview:large","max-video-preview":"max-video-preview:-1"},"canonical":"https:\/\/devaharmony.com\/pl\/dostawa-i-platnosc\/","og_locale":"pl_PL","og_type":"article","og_title":"Dostawa i p\u0142atno\u015b\u0107 - Deva Harmony Polska","og_description":"Towar wysy\u0142amy w ci\u0105gu jednego dnia roboczego DOSTAWA P\u0141ATNO\u015aCI DANE DO PRZELEWU DH Deva 9 Sp. z o. o.35-233 Rzesz\u00f3w,ul. Lubelska 29KRS: 0001095858 Konto Bankowe Bank SantanderRachunek w PLN 54109025900000000146995735Rachunek w EUR 80109025900000000146995752Rachunek w USD 20109025900000000146995765 Wa\u017cne: w tytule przelewu prosimy wpisa\u0107 numer zam\u00f3wienia oraz przes\u0142anie wiadomo\u015bci z informacj\u0105 o dokonanym przelewie na adres: sklep@devaharmony.comBrak [&hellip;]","og_url":"https:\/\/devaharmony.com\/pl\/dostawa-i-platnosc\/","og_site_name":"Deva Harmony Polska","article_modified_time":"2025-08-14T06:15:06+00:00","twitter_card":"summary_large_image","twitter_misc":{"Szacowany czas czytania":"2 minuty"},"schema":{"@context":"https:\/\/schema.org","@graph":[{"@type":"WebPage","@id":"https:\/\/devaharmony.com\/pl\/dostawa-i-platnosc\/","url":"https:\/\/devaharmony.com\/pl\/dostawa-i-platnosc\/","name":"Dostawa i p\u0142atno\u015b\u0107 - Deva Harmony Polska","isPartOf":{"@id":"https:\/\/devaharmony.com\/pl\/#website"},"datePublished":"2021-09-29T12:34:35+00:00","dateModified":"2025-08-14T06:15:06+00:00","breadcrumb":{"@id":"https:\/\/devaharmony.com\/pl\/dostawa-i-platnosc\/#breadcrumb"},"inLanguage":"pl-PL","potentialAction":[{"@type":"ReadAction","target":["https:\/\/devaharmony.com\/pl\/dostawa-i-platnosc\/"]}]},{"@type":"BreadcrumbList","@id":"https:\/\/devaharmony.com\/pl\/dostawa-i-platnosc\/#breadcrumb","itemListElement":[{"@type":"ListItem","position":1,"name":"Strona g\u0142\u00f3wna","item":"https:\/\/devaharmony.com\/pl\/"},{"@type":"ListItem","position":2,"name":"Dostawa i p\u0142atno\u015b\u0107"}]},{"@type":"WebSite","@id":"https:\/\/devaharmony.com\/pl\/#website","url":"https:\/\/devaharmony.com\/pl\/","name":"Deva Harmony Polska","description":"Ajurwedyjskie Suplementy Diety","potentialAction":[{"@type":"SearchAction","target":{"@type":"EntryPoint","urlTemplate":"https:\/\/devaharmony.com\/pl\/?s={search_term_string}"},"query-input":"required name=search_term_string"}],"inLanguage":"pl-PL"}]}},"_links":{"self":[{"href":"https:\/\/devaharmony.com\/pl\/wp-json\/wp\/v2\/pages\/2317","targetHints":{"allow":["GET"]}}],"collection":[{"href":"https:\/\/devaharmony.com\/pl\/wp-json\/wp\/v2\/pages"}],"about":[{"href":"https:\/\/devaharmony.com\/pl\/wp-json\/wp\/v2\/types\/page"}],"author":[{"embeddable":true,"href":"https:\/\/devaharmony.com\/pl\/wp-json\/wp\/v2\/users\/11"}],"replies":[{"embeddable":true,"href":"https:\/\/devaharmony.com\/pl\/wp-json\/wp\/v2\/comments?post=2317"}],"version-history":[{"count":16,"href":"https:\/\/devaharmony.com\/pl\/wp-json\/wp\/v2\/pages\/2317\/revisions"}],"predecessor-version":[{"id":46369,"href":"https:\/\/devaharmony.com\/pl\/wp-json\/wp\/v2\/pages\/2317\/revisions\/46369"}],"wp:attachment":[{"href":"https:\/\/devaharmony.com\/pl\/wp-json\/wp\/v2\/media?parent=2317"}],"curies":[{"name":"wp","href":"https:\/\/api.w.org\/{rel}","templated":true}]}}