{"id":1937,"date":"2021-08-25T10:42:24","date_gmt":"2021-08-25T10:42:24","guid":{"rendered":"https:\/\/devaharmony.com\/pl\/?page_id=1937"},"modified":"2021-08-25T10:58:19","modified_gmt":"2021-08-25T10:58:19","slug":"joga-festiwal","status":"publish","type":"page","link":"https:\/\/devaharmony.com\/pl\/joga-festiwal\/","title":{"rendered":"5% rabatu dla uczestnik\u00f3w Festiwalu Jogi w Wierchomli"},"content":{"rendered":"\n<p>Dzi\u0119kujemy za Tw\u00f3j udzia\u0142 w Festiwalu Jogi oraz za zainteresowanie naszymi produktami \ud83d\ude42<\/p>\n\n\n\n<p>Dla ka\u017cdego z uczestnik\u00f3w festiwalu przygotowali\u015bmy 5% rabat na zakupy w naszym sklepie, wa\u017cny przez 2 tygodnie.<\/p>\n\n\n\n<p>Podaj nam sw\u00f3j e-mail w formularzu poni\u017cej a prze\u015blemy Ci kod rabatowy.<\/p>\n\n\n\n<div class=\"wp-block-contact-form-7-contact-form-selector\"><p class=\"wpcf7-contact-form-not-found\"><strong>B\u0142\u0105d:<\/strong> Brak formularza kontaktowego.<\/p><\/div>\n","protected":false},"excerpt":{"rendered":"<p>Dzi\u0119kujemy za Tw\u00f3j udzia\u0142 w Festiwalu Jogi oraz za zainteresowanie naszymi produktami \ud83d\ude42 Dla ka\u017cdego z uczestnik\u00f3w festiwalu przygotowali\u015bmy 5% rabat na zakupy w naszym sklepie, wa\u017cny przez 2 tygodnie. Podaj nam sw\u00f3j e-mail w formularzu poni\u017cej a prze\u015blemy Ci kod rabatowy.<\/p>\n","protected":false},"author":1,"featured_media":0,"parent":0,"menu_order":0,"comment_status":"closed","ping_status":"closed","template":"","meta":{"_editorskit_title_hidden":false,"_editorskit_reading_time":0,"_editorskit_is_block_options_detached":false,"_editorskit_block_options_position":"{}","footnotes":""},"class_list":["post-1937","page","type-page","status-publish","hentry"],"acf":[],"yoast_head":"<!-- This site is optimized with the Yoast SEO plugin v23.1 - https:\/\/yoast.com\/wordpress\/plugins\/seo\/ -->\n<title>5% rabatu dla uczestnik\u00f3w Festiwalu Jogi w Wierchomli - Deva Harmony Polska<\/title>\n<meta name=\"robots\" content=\"index, follow, max-snippet:-1, max-image-preview:large, max-video-preview:-1\" \/>\n<link rel=\"canonical\" href=\"https:\/\/devaharmony.com\/pl\/joga-festiwal\/\" \/>\n<meta property=\"og:locale\" content=\"pl_PL\" \/>\n<meta property=\"og:type\" content=\"article\" \/>\n<meta property=\"og:title\" content=\"5% rabatu dla uczestnik\u00f3w Festiwalu Jogi w Wierchomli - Deva Harmony Polska\" \/>\n<meta property=\"og:description\" content=\"Dzi\u0119kujemy za Tw\u00f3j udzia\u0142 w Festiwalu Jogi oraz za zainteresowanie naszymi produktami \ud83d\ude42 Dla ka\u017cdego z uczestnik\u00f3w festiwalu przygotowali\u015bmy 5% rabat na zakupy w naszym sklepie, wa\u017cny przez 2 tygodnie. Podaj nam sw\u00f3j e-mail w formularzu poni\u017cej a prze\u015blemy Ci kod rabatowy.\" \/>\n<meta property=\"og:url\" content=\"https:\/\/devaharmony.com\/pl\/joga-festiwal\/\" \/>\n<meta property=\"og:site_name\" content=\"Deva Harmony Polska\" \/>\n<meta property=\"article:modified_time\" content=\"2021-08-25T10:58:19+00:00\" \/>\n<meta name=\"twitter:card\" content=\"summary_large_image\" \/>\n<meta name=\"twitter:label1\" content=\"Szacowany czas czytania\" \/>\n\t<meta name=\"twitter:data1\" content=\"1 minuta\" \/>\n<script type=\"application\/ld+json\" class=\"yoast-schema-graph\">{\"@context\":\"https:\/\/schema.org\",\"@graph\":[{\"@type\":\"WebPage\",\"@id\":\"https:\/\/devaharmony.com\/pl\/joga-festiwal\/\",\"url\":\"https:\/\/devaharmony.com\/pl\/joga-festiwal\/\",\"name\":\"5% rabatu dla uczestnik\u00f3w Festiwalu Jogi w Wierchomli - Deva Harmony Polska\",\"isPartOf\":{\"@id\":\"https:\/\/devaharmony.com\/pl\/#website\"},\"datePublished\":\"2021-08-25T10:42:24+00:00\",\"dateModified\":\"2021-08-25T10:58:19+00:00\",\"breadcrumb\":{\"@id\":\"https:\/\/devaharmony.com\/pl\/joga-festiwal\/#breadcrumb\"},\"inLanguage\":\"pl-PL\",\"potentialAction\":[{\"@type\":\"ReadAction\",\"target\":[\"https:\/\/devaharmony.com\/pl\/joga-festiwal\/\"]}]},{\"@type\":\"BreadcrumbList\",\"@id\":\"https:\/\/devaharmony.com\/pl\/joga-festiwal\/#breadcrumb\",\"itemListElement\":[{\"@type\":\"ListItem\",\"position\":1,\"name\":\"Strona g\u0142\u00f3wna\",\"item\":\"https:\/\/devaharmony.com\/pl\/\"},{\"@type\":\"ListItem\",\"position\":2,\"name\":\"5% rabatu dla uczestnik\u00f3w Festiwalu Jogi w Wierchomli\"}]},{\"@type\":\"WebSite\",\"@id\":\"https:\/\/devaharmony.com\/pl\/#website\",\"url\":\"https:\/\/devaharmony.com\/pl\/\",\"name\":\"Deva Harmony Polska\",\"description\":\"Ajurwedyjskie Suplementy Diety\",\"potentialAction\":[{\"@type\":\"SearchAction\",\"target\":{\"@type\":\"EntryPoint\",\"urlTemplate\":\"https:\/\/devaharmony.com\/pl\/?s={search_term_string}\"},\"query-input\":\"required name=search_term_string\"}],\"inLanguage\":\"pl-PL\"}]}<\/script>\n<!-- \/ Yoast SEO plugin. -->","yoast_head_json":{"title":"5% rabatu dla uczestnik\u00f3w Festiwalu Jogi w Wierchomli - Deva Harmony Polska","robots":{"index":"index","follow":"follow","max-snippet":"max-snippet:-1","max-image-preview":"max-image-preview:large","max-video-preview":"max-video-preview:-1"},"canonical":"https:\/\/devaharmony.com\/pl\/joga-festiwal\/","og_locale":"pl_PL","og_type":"article","og_title":"5% rabatu dla uczestnik\u00f3w Festiwalu Jogi w Wierchomli - Deva Harmony Polska","og_description":"Dzi\u0119kujemy za Tw\u00f3j udzia\u0142 w Festiwalu Jogi oraz za zainteresowanie naszymi produktami \ud83d\ude42 Dla ka\u017cdego z uczestnik\u00f3w festiwalu przygotowali\u015bmy 5% rabat na zakupy w naszym sklepie, wa\u017cny przez 2 tygodnie. Podaj nam sw\u00f3j e-mail w formularzu poni\u017cej a prze\u015blemy Ci kod rabatowy.","og_url":"https:\/\/devaharmony.com\/pl\/joga-festiwal\/","og_site_name":"Deva Harmony Polska","article_modified_time":"2021-08-25T10:58:19+00:00","twitter_card":"summary_large_image","twitter_misc":{"Szacowany czas czytania":"1 minuta"},"schema":{"@context":"https:\/\/schema.org","@graph":[{"@type":"WebPage","@id":"https:\/\/devaharmony.com\/pl\/joga-festiwal\/","url":"https:\/\/devaharmony.com\/pl\/joga-festiwal\/","name":"5% rabatu dla uczestnik\u00f3w Festiwalu Jogi w Wierchomli - Deva Harmony Polska","isPartOf":{"@id":"https:\/\/devaharmony.com\/pl\/#website"},"datePublished":"2021-08-25T10:42:24+00:00","dateModified":"2021-08-25T10:58:19+00:00","breadcrumb":{"@id":"https:\/\/devaharmony.com\/pl\/joga-festiwal\/#breadcrumb"},"inLanguage":"pl-PL","potentialAction":[{"@type":"ReadAction","target":["https:\/\/devaharmony.com\/pl\/joga-festiwal\/"]}]},{"@type":"BreadcrumbList","@id":"https:\/\/devaharmony.com\/pl\/joga-festiwal\/#breadcrumb","itemListElement":[{"@type":"ListItem","position":1,"name":"Strona g\u0142\u00f3wna","item":"https:\/\/devaharmony.com\/pl\/"},{"@type":"ListItem","position":2,"name":"5% rabatu dla uczestnik\u00f3w Festiwalu Jogi w Wierchomli"}]},{"@type":"WebSite","@id":"https:\/\/devaharmony.com\/pl\/#website","url":"https:\/\/devaharmony.com\/pl\/","name":"Deva Harmony Polska","description":"Ajurwedyjskie Suplementy Diety","potentialAction":[{"@type":"SearchAction","target":{"@type":"EntryPoint","urlTemplate":"https:\/\/devaharmony.com\/pl\/?s={search_term_string}"},"query-input":"required name=search_term_string"}],"inLanguage":"pl-PL"}]}},"_links":{"self":[{"href":"https:\/\/devaharmony.com\/pl\/wp-json\/wp\/v2\/pages\/1937","targetHints":{"allow":["GET"]}}],"collection":[{"href":"https:\/\/devaharmony.com\/pl\/wp-json\/wp\/v2\/pages"}],"about":[{"href":"https:\/\/devaharmony.com\/pl\/wp-json\/wp\/v2\/types\/page"}],"author":[{"embeddable":true,"href":"https:\/\/devaharmony.com\/pl\/wp-json\/wp\/v2\/users\/1"}],"replies":[{"embeddable":true,"href":"https:\/\/devaharmony.com\/pl\/wp-json\/wp\/v2\/comments?post=1937"}],"version-history":[{"count":7,"href":"https:\/\/devaharmony.com\/pl\/wp-json\/wp\/v2\/pages\/1937\/revisions"}],"predecessor-version":[{"id":1946,"href":"https:\/\/devaharmony.com\/pl\/wp-json\/wp\/v2\/pages\/1937\/revisions\/1946"}],"wp:attachment":[{"href":"https:\/\/devaharmony.com\/pl\/wp-json\/wp\/v2\/media?parent=1937"}],"curies":[{"name":"wp","href":"https:\/\/api.w.org\/{rel}","templated":true}]}}