{"id":18853,"date":"2023-06-27T11:13:40","date_gmt":"2023-06-27T10:13:40","guid":{"rendered":"https:\/\/devaharmony.com\/pl\/?page_id=18853"},"modified":"2023-06-29T13:06:27","modified_gmt":"2023-06-29T12:06:27","slug":"krem-na-lato","status":"publish","type":"page","link":"https:\/\/devaharmony.com\/pl\/krem-na-lato\/","title":{"rendered":"Krem og\u00f3rkowy \u2013 nawil\u017caj\u0105cy | ochronny \u2013 100 g"},"content":{"rendered":"\n<div class=\"wp-block-media-text alignwide has-media-on-the-right is-stacked-on-mobile\" style=\"grid-template-columns:auto 37%\"><figure class=\"wp-block-media-text__media\"><img decoding=\"async\" src=\"https:\/\/devaharmony.com\/pl\/wp-content\/uploads\/2021\/08\/Cucumber-Cream-kopia-1-683x1024.jpg\" alt=\"\" class=\"wp-image-2425 size-full\"\/><\/figure><div class=\"wp-block-media-text__content\">\n<p>Czy pami\u0119tasz o regularnym nawil\u017ceniu sk\u00f3ry latem, kiedy jest ona poddana dzia\u0142aniu promieni s\u0142onecznych i wysokim temperaturom?<\/p>\n\n\n\n<p><br>Co je\u015bli powiemy Ci, \u017ce JIVA Ayurveda stworzy\u0142a krem, kt\u00f3ry dzi\u0119ki ekstraktowi z og\u00f3rka jest bogaty w witaminy i minera\u0142y, pomo\u017ce nawil\u017cy\u0107 i od\u017cywi\u0107 Twoj\u0105 sk\u00f3r\u0119, a przy tym naturalnie wesprze ochron\u0119 przed promieniowaniem s\u0142onecznym \u2600\ufe0f<\/p>\n\n\n\n<p><br>Ekstrakty z og\u00f3rka oraz cytryny zawarte w kremie pomagaj\u0105 w \u0142agodzeniu podra\u017cnie\u0144 sk\u00f3ry, zmniejszeniu obrz\u0119k\u00f3w i poprawieniu jej elastyczno\u015bci. Mo\u017cna go stosowa\u0107 zar\u00f3wno na dzie\u0144 jak i na noc po ekspozycji na s\u0142o\u0144cu. Idealnie sprawdzi si\u0119 r\u00f3wnie\u017c jako baza pod makija\u017c \ud83d\ude0a<\/p>\n\n\n\n<p><br>Krem og\u00f3rkowy JIVA \ud83e\udd52 jest przeznaczony do ka\u017cdego typu sk\u00f3ry i konieczny must have na lato w Twojej kosmetyczce.<\/p>\n<\/div><\/div>\n\n\n\n<div class=\"wp-block-buttons is-content-justification-center is-layout-flex wp-container-core-buttons-is-layout-16018d1d wp-block-buttons-is-layout-flex\">\n<div class=\"wp-block-button has-custom-width wp-block-button__width-25 has-custom-font-size is-style-fill has-medium-font-size\"><a class=\"wp-block-button__link has-background\" href=\"https:\/\/devaharmony.com\/pl\/sklep\/krem-ogorkowy-do-twarzy-ochronny-odswiezajacy-odmladzajacy\/\" style=\"background-color:#7ec676\"><strong>Sprawd\u017a<\/strong><\/a><\/div>\n<\/div>\n\n\n\n<p><\/p>\n","protected":false},"excerpt":{"rendered":"<p>Czy pami\u0119tasz o regularnym nawil\u017ceniu sk\u00f3ry latem, kiedy jest ona poddana dzia\u0142aniu promieni s\u0142onecznych i wysokim temperaturom? Co je\u015bli powiemy Ci, \u017ce JIVA Ayurveda stworzy\u0142a krem, kt\u00f3ry dzi\u0119ki ekstraktowi z og\u00f3rka jest bogaty w witaminy i minera\u0142y, pomo\u017ce nawil\u017cy\u0107 i od\u017cywi\u0107 Twoj\u0105 sk\u00f3r\u0119, a przy tym naturalnie wesprze ochron\u0119 przed promieniowaniem s\u0142onecznym \u2600\ufe0f Ekstrakty z [&hellip;]<\/p>\n","protected":false},"author":59,"featured_media":0,"parent":0,"menu_order":0,"comment_status":"closed","ping_status":"closed","template":"","meta":{"_editorskit_title_hidden":false,"_editorskit_reading_time":0,"_editorskit_is_block_options_detached":false,"_editorskit_block_options_position":"{}","footnotes":""},"class_list":["post-18853","page","type-page","status-publish","hentry"],"acf":[],"yoast_head":"<!-- This site is optimized with the Yoast SEO plugin v23.1 - https:\/\/yoast.com\/wordpress\/plugins\/seo\/ -->\n<title>Krem og\u00f3rkowy \u2013 nawil\u017caj\u0105cy | ochronny \u2013 100 g - Deva Harmony Polska<\/title>\n<meta name=\"robots\" content=\"index, follow, max-snippet:-1, max-image-preview:large, max-video-preview:-1\" \/>\n<link rel=\"canonical\" href=\"https:\/\/devaharmony.com\/pl\/krem-na-lato\/\" \/>\n<meta property=\"og:locale\" content=\"pl_PL\" \/>\n<meta property=\"og:type\" content=\"article\" \/>\n<meta property=\"og:title\" content=\"Krem og\u00f3rkowy \u2013 nawil\u017caj\u0105cy | ochronny \u2013 100 g - Deva Harmony Polska\" \/>\n<meta property=\"og:description\" content=\"Czy pami\u0119tasz o regularnym nawil\u017ceniu sk\u00f3ry latem, kiedy jest ona poddana dzia\u0142aniu promieni s\u0142onecznych i wysokim temperaturom? Co je\u015bli powiemy Ci, \u017ce JIVA Ayurveda stworzy\u0142a krem, kt\u00f3ry dzi\u0119ki ekstraktowi z og\u00f3rka jest bogaty w witaminy i minera\u0142y, pomo\u017ce nawil\u017cy\u0107 i od\u017cywi\u0107 Twoj\u0105 sk\u00f3r\u0119, a przy tym naturalnie wesprze ochron\u0119 przed promieniowaniem s\u0142onecznym \u2600\ufe0f Ekstrakty z [&hellip;]\" \/>\n<meta property=\"og:url\" content=\"https:\/\/devaharmony.com\/pl\/krem-na-lato\/\" \/>\n<meta property=\"og:site_name\" content=\"Deva Harmony Polska\" \/>\n<meta property=\"article:modified_time\" content=\"2023-06-29T12:06:27+00:00\" \/>\n<meta property=\"og:image\" content=\"https:\/\/devaharmony.com\/pl\/wp-content\/uploads\/2021\/08\/Cucumber-Cream-kopia-1-683x1024.jpg\" \/>\n<meta name=\"twitter:card\" content=\"summary_large_image\" \/>\n<meta name=\"twitter:label1\" content=\"Szacowany czas czytania\" \/>\n\t<meta name=\"twitter:data1\" content=\"1 minuta\" \/>\n<script type=\"application\/ld+json\" class=\"yoast-schema-graph\">{\"@context\":\"https:\/\/schema.org\",\"@graph\":[{\"@type\":\"WebPage\",\"@id\":\"https:\/\/devaharmony.com\/pl\/krem-na-lato\/\",\"url\":\"https:\/\/devaharmony.com\/pl\/krem-na-lato\/\",\"name\":\"Krem og\u00f3rkowy \u2013 nawil\u017caj\u0105cy | ochronny \u2013 100 g - Deva Harmony Polska\",\"isPartOf\":{\"@id\":\"https:\/\/devaharmony.com\/pl\/#website\"},\"primaryImageOfPage\":{\"@id\":\"https:\/\/devaharmony.com\/pl\/krem-na-lato\/#primaryimage\"},\"image\":{\"@id\":\"https:\/\/devaharmony.com\/pl\/krem-na-lato\/#primaryimage\"},\"thumbnailUrl\":\"https:\/\/devaharmony.com\/pl\/wp-content\/uploads\/2021\/08\/Cucumber-Cream-kopia-1-683x1024.jpg\",\"datePublished\":\"2023-06-27T10:13:40+00:00\",\"dateModified\":\"2023-06-29T12:06:27+00:00\",\"breadcrumb\":{\"@id\":\"https:\/\/devaharmony.com\/pl\/krem-na-lato\/#breadcrumb\"},\"inLanguage\":\"pl-PL\",\"potentialAction\":[{\"@type\":\"ReadAction\",\"target\":[\"https:\/\/devaharmony.com\/pl\/krem-na-lato\/\"]}]},{\"@type\":\"ImageObject\",\"inLanguage\":\"pl-PL\",\"@id\":\"https:\/\/devaharmony.com\/pl\/krem-na-lato\/#primaryimage\",\"url\":\"\",\"contentUrl\":\"\"},{\"@type\":\"BreadcrumbList\",\"@id\":\"https:\/\/devaharmony.com\/pl\/krem-na-lato\/#breadcrumb\",\"itemListElement\":[{\"@type\":\"ListItem\",\"position\":1,\"name\":\"Strona g\u0142\u00f3wna\",\"item\":\"https:\/\/devaharmony.com\/pl\/\"},{\"@type\":\"ListItem\",\"position\":2,\"name\":\"Krem og\u00f3rkowy \u2013 nawil\u017caj\u0105cy | ochronny \u2013 100 g\"}]},{\"@type\":\"WebSite\",\"@id\":\"https:\/\/devaharmony.com\/pl\/#website\",\"url\":\"https:\/\/devaharmony.com\/pl\/\",\"name\":\"Deva Harmony Polska\",\"description\":\"Ajurwedyjskie Suplementy Diety\",\"potentialAction\":[{\"@type\":\"SearchAction\",\"target\":{\"@type\":\"EntryPoint\",\"urlTemplate\":\"https:\/\/devaharmony.com\/pl\/?s={search_term_string}\"},\"query-input\":\"required name=search_term_string\"}],\"inLanguage\":\"pl-PL\"}]}<\/script>\n<!-- \/ Yoast SEO plugin. -->","yoast_head_json":{"title":"Krem og\u00f3rkowy \u2013 nawil\u017caj\u0105cy | ochronny \u2013 100 g - Deva Harmony Polska","robots":{"index":"index","follow":"follow","max-snippet":"max-snippet:-1","max-image-preview":"max-image-preview:large","max-video-preview":"max-video-preview:-1"},"canonical":"https:\/\/devaharmony.com\/pl\/krem-na-lato\/","og_locale":"pl_PL","og_type":"article","og_title":"Krem og\u00f3rkowy \u2013 nawil\u017caj\u0105cy | ochronny \u2013 100 g - Deva Harmony Polska","og_description":"Czy pami\u0119tasz o regularnym nawil\u017ceniu sk\u00f3ry latem, kiedy jest ona poddana dzia\u0142aniu promieni s\u0142onecznych i wysokim temperaturom? Co je\u015bli powiemy Ci, \u017ce JIVA Ayurveda stworzy\u0142a krem, kt\u00f3ry dzi\u0119ki ekstraktowi z og\u00f3rka jest bogaty w witaminy i minera\u0142y, pomo\u017ce nawil\u017cy\u0107 i od\u017cywi\u0107 Twoj\u0105 sk\u00f3r\u0119, a przy tym naturalnie wesprze ochron\u0119 przed promieniowaniem s\u0142onecznym \u2600\ufe0f Ekstrakty z [&hellip;]","og_url":"https:\/\/devaharmony.com\/pl\/krem-na-lato\/","og_site_name":"Deva Harmony Polska","article_modified_time":"2023-06-29T12:06:27+00:00","og_image":[{"url":"https:\/\/devaharmony.com\/pl\/wp-content\/uploads\/2021\/08\/Cucumber-Cream-kopia-1-683x1024.jpg"}],"twitter_card":"summary_large_image","twitter_misc":{"Szacowany czas czytania":"1 minuta"},"schema":{"@context":"https:\/\/schema.org","@graph":[{"@type":"WebPage","@id":"https:\/\/devaharmony.com\/pl\/krem-na-lato\/","url":"https:\/\/devaharmony.com\/pl\/krem-na-lato\/","name":"Krem og\u00f3rkowy \u2013 nawil\u017caj\u0105cy | ochronny \u2013 100 g - Deva Harmony Polska","isPartOf":{"@id":"https:\/\/devaharmony.com\/pl\/#website"},"primaryImageOfPage":{"@id":"https:\/\/devaharmony.com\/pl\/krem-na-lato\/#primaryimage"},"image":{"@id":"https:\/\/devaharmony.com\/pl\/krem-na-lato\/#primaryimage"},"thumbnailUrl":"https:\/\/devaharmony.com\/pl\/wp-content\/uploads\/2021\/08\/Cucumber-Cream-kopia-1-683x1024.jpg","datePublished":"2023-06-27T10:13:40+00:00","dateModified":"2023-06-29T12:06:27+00:00","breadcrumb":{"@id":"https:\/\/devaharmony.com\/pl\/krem-na-lato\/#breadcrumb"},"inLanguage":"pl-PL","potentialAction":[{"@type":"ReadAction","target":["https:\/\/devaharmony.com\/pl\/krem-na-lato\/"]}]},{"@type":"ImageObject","inLanguage":"pl-PL","@id":"https:\/\/devaharmony.com\/pl\/krem-na-lato\/#primaryimage","url":"","contentUrl":""},{"@type":"BreadcrumbList","@id":"https:\/\/devaharmony.com\/pl\/krem-na-lato\/#breadcrumb","itemListElement":[{"@type":"ListItem","position":1,"name":"Strona g\u0142\u00f3wna","item":"https:\/\/devaharmony.com\/pl\/"},{"@type":"ListItem","position":2,"name":"Krem og\u00f3rkowy \u2013 nawil\u017caj\u0105cy | ochronny \u2013 100 g"}]},{"@type":"WebSite","@id":"https:\/\/devaharmony.com\/pl\/#website","url":"https:\/\/devaharmony.com\/pl\/","name":"Deva Harmony Polska","description":"Ajurwedyjskie Suplementy Diety","potentialAction":[{"@type":"SearchAction","target":{"@type":"EntryPoint","urlTemplate":"https:\/\/devaharmony.com\/pl\/?s={search_term_string}"},"query-input":"required name=search_term_string"}],"inLanguage":"pl-PL"}]}},"_links":{"self":[{"href":"https:\/\/devaharmony.com\/pl\/wp-json\/wp\/v2\/pages\/18853","targetHints":{"allow":["GET"]}}],"collection":[{"href":"https:\/\/devaharmony.com\/pl\/wp-json\/wp\/v2\/pages"}],"about":[{"href":"https:\/\/devaharmony.com\/pl\/wp-json\/wp\/v2\/types\/page"}],"author":[{"embeddable":true,"href":"https:\/\/devaharmony.com\/pl\/wp-json\/wp\/v2\/users\/59"}],"replies":[{"embeddable":true,"href":"https:\/\/devaharmony.com\/pl\/wp-json\/wp\/v2\/comments?post=18853"}],"version-history":[{"count":6,"href":"https:\/\/devaharmony.com\/pl\/wp-json\/wp\/v2\/pages\/18853\/revisions"}],"predecessor-version":[{"id":18928,"href":"https:\/\/devaharmony.com\/pl\/wp-json\/wp\/v2\/pages\/18853\/revisions\/18928"}],"wp:attachment":[{"href":"https:\/\/devaharmony.com\/pl\/wp-json\/wp\/v2\/media?parent=18853"}],"curies":[{"name":"wp","href":"https:\/\/api.w.org\/{rel}","templated":true}]}}