{"id":168,"date":"2020-11-25T09:32:51","date_gmt":"2020-11-25T09:32:51","guid":{"rendered":"https:\/\/devaharmony.com\/pl\/?page_id=168"},"modified":"2022-02-22T10:05:23","modified_gmt":"2022-02-22T10:05:23","slug":"strona-glowna","status":"publish","type":"page","link":"https:\/\/devaharmony.com\/pl\/","title":{"rendered":"Odkryj moc zi\u00f3\u0142 produkt\u00f3w Jiva Ayurveda i odnajd\u017a swoj\u0105 wewn\u0119trzn\u0105 harmoni\u0119!"},"content":{"rendered":"\n<p style=\"text-align: justify\">Zgodnie z tym, co g\u0142osi <strong><a href=\"https:\/\/devaharmony.com\/pl\/medycyna-ajurwedyjska\/\">medycyna ajurwedyjska<\/a><\/strong>, sekretem \u017cycia w zdrowiu jest odnalezienie r\u00f3wnowagi mi\u0119dzy cia\u0142em, dusz\u0105 i umys\u0142em. Aby dozna\u0107 uzdrowienia warto wykorzystywa\u0107 naturalne <strong><em>metody, przywracaj\u0105ce organizmowi pe\u0142ni\u0119 si\u0142,<\/em><\/strong> zio\u0142olecznictwo, aktywno\u015b\u0107 fizyczna i odpowiednia dieta to podstawa. Chc\u0105c wyj\u015b\u0107 naprzeciw potrzebom os\u00f3b praktykuj\u0105cych ajurwed\u0119, sklep DEVA Harmony wprowadzi\u0142 do swojej oferty <strong><em>produkty Jiva Ayurveda Europe.<\/em><\/strong> Ka\u017cdy z nich jest efektem pieczo\u0142owitej pracy, prowadzonej w indyjskim Instytucie Jiva Ayurveda Institute. Suplementy diety oraz <a href=\"https:\/\/devaharmony.com\/pl\/produkty-ajurwedyjskie\/kosmetyki\/\"><strong><em>kosmetyki marki Jiva<\/em><\/strong><\/a> od lat s\u0105 dystrybuowane poza Indie, dzi\u0119ki czemu nie tylko Azja, ale r\u00f3wnie\u017c Europa ma dost\u0119p do naturalnych wyrob\u00f3w ajurwedyjskich. Zobacz, co kryje w asortymencie nasz sklep i wybierz co\u015b specjalnie dla siebie!<\/p><p style=\"text-align: justify\">Ajurweda jest sztuk\u0105 \u017cycia w zdrowiu: zbiorem tradycyjnych, indyjskich metod leczniczych, dedykowanych ka\u017cdemu. Je\u015bli <strong><em>holistyczne podej\u015bcie do \u017cycia<\/em><\/strong> jest Ci bliskie, <a href=\"https:\/\/devaharmony.com\/pl\/produkty-ajurwedyjskie\/\"><strong><em>produkty ajurwedyjskie<\/em><\/strong><\/a> zgromadzone przez nasz sklep s\u0105 w\u0142a\u015bnie tym, czego szukasz! W DEVA Harmony sprzedajemy wyselekcjonowane <strong><em>artyku\u0142y Jiva Europe<\/em><\/strong>, z czego g\u0142\u00f3wny punkt oferty stanowi\u0105 kosmetyki oraz <a href=\"https:\/\/devaharmony.com\/pl\/produkty-ajurwedyjskie\/suplementy\/\"><strong><em>suplementy ajurwedyjskie<\/em><\/strong><\/a> Jiva. Ponadto zebrali\u015bmy tutaj warto\u015bciowe <a href=\"https:\/\/devaharmony.com\/pl\/produkty-ajurwedyjskie\/ksiazki\/\"><strong>ksi\u0105\u017cki o Ajurwedzie<\/strong><\/a> i szeroki wachlarz produkt\u00f3w specjalnych Jiva Europa, w\u015br\u00f3d kt\u00f3rych natrafisz na prawdziwe pere\u0142ki. Pozw\u00f3l, \u017ce zabierzemy Ci\u0119 w wirtualn\u0105 <strong><em>podr\u00f3\u017c do \u015bwiata najstarszej medycyny \u2013 Ajurwedy.<\/em><\/strong> Czas zatroszczy\u0107 si\u0119 o swoje cia\u0142o, dusz\u0119 i umys\u0142. Wszystko po to, by czerpa\u0107 z \u017cycia pe\u0142nymi gar\u015bciami!<\/p>\n","protected":false},"excerpt":{"rendered":"<p>Zgodnie z tym, co g\u0142osi medycyna ajurwedyjska, sekretem \u017cycia w zdrowiu jest odnalezienie r\u00f3wnowagi mi\u0119dzy cia\u0142em, dusz\u0105 i umys\u0142em. Aby dozna\u0107 uzdrowienia warto wykorzystywa\u0107 naturalne metody, przywracaj\u0105ce organizmowi pe\u0142ni\u0119 si\u0142, zio\u0142olecznictwo, aktywno\u015b\u0107 fizyczna i odpowiednia dieta to podstawa. Chc\u0105c wyj\u015b\u0107 naprzeciw potrzebom os\u00f3b praktykuj\u0105cych ajurwed\u0119, sklep DEVA Harmony wprowadzi\u0142 do swojej oferty produkty Jiva Ayurveda [&hellip;]<\/p>\n","protected":false},"author":1,"featured_media":0,"parent":0,"menu_order":0,"comment_status":"closed","ping_status":"closed","template":"start.php","meta":{"_editorskit_title_hidden":false,"_editorskit_reading_time":0,"_editorskit_is_block_options_detached":false,"_editorskit_block_options_position":"{}","footnotes":""},"class_list":["post-168","page","type-page","status-publish","hentry"],"acf":[],"yoast_head":"<!-- This site is optimized with the Yoast SEO plugin v23.1 - https:\/\/yoast.com\/wordpress\/plugins\/seo\/ -->\n<title>Ajurweda Sklep: Produkty i Zio\u0142a Ajurwedyjskie, Adaptogeny (Ashwagandha), Amla | Devaharmony<\/title>\n<meta name=\"description\" content=\"Sklep DEVA Harmony to wyj\u0105tkowe miejsce dla pasjonat\u00f3w Ajurwedy. Oferujemy kosmetyki i suplementy JIVA. Najwi\u0119kszy wyb\u00f3r produkt\u00f3w Jiva online. Sprawd\u017a!\" \/>\n<meta name=\"robots\" content=\"index, follow, max-snippet:-1, max-image-preview:large, max-video-preview:-1\" \/>\n<link rel=\"canonical\" href=\"https:\/\/devaharmony.com\/pl\/\" \/>\n<meta property=\"og:locale\" content=\"pl_PL\" \/>\n<meta property=\"og:type\" content=\"article\" \/>\n<meta property=\"og:title\" content=\"Ajurweda Sklep: Produkty i Zio\u0142a Ajurwedyjskie, Adaptogeny (Ashwagandha), Amla | Devaharmony\" \/>\n<meta property=\"og:description\" content=\"Sklep DEVA Harmony to wyj\u0105tkowe miejsce dla pasjonat\u00f3w Ajurwedy. Oferujemy kosmetyki i suplementy JIVA. Najwi\u0119kszy wyb\u00f3r produkt\u00f3w Jiva online. Sprawd\u017a!\" \/>\n<meta property=\"og:url\" content=\"https:\/\/devaharmony.com\/pl\/\" \/>\n<meta property=\"og:site_name\" content=\"Deva Harmony Polska\" \/>\n<meta property=\"article:modified_time\" content=\"2022-02-22T10:05:23+00:00\" \/>\n<meta name=\"twitter:card\" content=\"summary_large_image\" \/>\n<meta name=\"twitter:label1\" content=\"Szacowany czas czytania\" \/>\n\t<meta name=\"twitter:data1\" content=\"1 minuta\" \/>\n<script type=\"application\/ld+json\" class=\"yoast-schema-graph\">{\"@context\":\"https:\/\/schema.org\",\"@graph\":[{\"@type\":\"WebPage\",\"@id\":\"https:\/\/devaharmony.com\/pl\/\",\"url\":\"https:\/\/devaharmony.com\/pl\/\",\"name\":\"Ajurweda Sklep: Produkty i Zio\u0142a Ajurwedyjskie, Adaptogeny (Ashwagandha), Amla | Devaharmony\",\"isPartOf\":{\"@id\":\"https:\/\/devaharmony.com\/pl\/#website\"},\"datePublished\":\"2020-11-25T09:32:51+00:00\",\"dateModified\":\"2022-02-22T10:05:23+00:00\",\"description\":\"Sklep DEVA Harmony to wyj\u0105tkowe miejsce dla pasjonat\u00f3w Ajurwedy. Oferujemy kosmetyki i suplementy JIVA. Najwi\u0119kszy wyb\u00f3r produkt\u00f3w Jiva online. Sprawd\u017a!\",\"breadcrumb\":{\"@id\":\"https:\/\/devaharmony.com\/pl\/#breadcrumb\"},\"inLanguage\":\"pl-PL\",\"potentialAction\":[{\"@type\":\"ReadAction\",\"target\":[\"https:\/\/devaharmony.com\/pl\/\"]}]},{\"@type\":\"BreadcrumbList\",\"@id\":\"https:\/\/devaharmony.com\/pl\/#breadcrumb\",\"itemListElement\":[{\"@type\":\"ListItem\",\"position\":1,\"name\":\"Strona g\u0142\u00f3wna\",\"item\":\"https:\/\/devaharmony.com\/pl\/\"},{\"@type\":\"ListItem\",\"position\":2,\"name\":\"Odkryj moc zi\u00f3\u0142 produkt\u00f3w Jiva Ayurveda i odnajd\u017a swoj\u0105 wewn\u0119trzn\u0105 harmoni\u0119!\"}]},{\"@type\":\"WebSite\",\"@id\":\"https:\/\/devaharmony.com\/pl\/#website\",\"url\":\"https:\/\/devaharmony.com\/pl\/\",\"name\":\"Deva Harmony Polska\",\"description\":\"Ajurwedyjskie Suplementy Diety\",\"potentialAction\":[{\"@type\":\"SearchAction\",\"target\":{\"@type\":\"EntryPoint\",\"urlTemplate\":\"https:\/\/devaharmony.com\/pl\/?s={search_term_string}\"},\"query-input\":\"required name=search_term_string\"}],\"inLanguage\":\"pl-PL\"}]}<\/script>\n<!-- \/ Yoast SEO plugin. -->","yoast_head_json":{"title":"Ajurweda Sklep: Produkty i Zio\u0142a Ajurwedyjskie, Adaptogeny (Ashwagandha), Amla | Devaharmony","description":"Sklep DEVA Harmony to wyj\u0105tkowe miejsce dla pasjonat\u00f3w Ajurwedy. Oferujemy kosmetyki i suplementy JIVA. Najwi\u0119kszy wyb\u00f3r produkt\u00f3w Jiva online. Sprawd\u017a!","robots":{"index":"index","follow":"follow","max-snippet":"max-snippet:-1","max-image-preview":"max-image-preview:large","max-video-preview":"max-video-preview:-1"},"canonical":"https:\/\/devaharmony.com\/pl\/","og_locale":"pl_PL","og_type":"article","og_title":"Ajurweda Sklep: Produkty i Zio\u0142a Ajurwedyjskie, Adaptogeny (Ashwagandha), Amla | Devaharmony","og_description":"Sklep DEVA Harmony to wyj\u0105tkowe miejsce dla pasjonat\u00f3w Ajurwedy. Oferujemy kosmetyki i suplementy JIVA. Najwi\u0119kszy wyb\u00f3r produkt\u00f3w Jiva online. Sprawd\u017a!","og_url":"https:\/\/devaharmony.com\/pl\/","og_site_name":"Deva Harmony Polska","article_modified_time":"2022-02-22T10:05:23+00:00","twitter_card":"summary_large_image","twitter_misc":{"Szacowany czas czytania":"1 minuta"},"schema":{"@context":"https:\/\/schema.org","@graph":[{"@type":"WebPage","@id":"https:\/\/devaharmony.com\/pl\/","url":"https:\/\/devaharmony.com\/pl\/","name":"Ajurweda Sklep: Produkty i Zio\u0142a Ajurwedyjskie, Adaptogeny (Ashwagandha), Amla | Devaharmony","isPartOf":{"@id":"https:\/\/devaharmony.com\/pl\/#website"},"datePublished":"2020-11-25T09:32:51+00:00","dateModified":"2022-02-22T10:05:23+00:00","description":"Sklep DEVA Harmony to wyj\u0105tkowe miejsce dla pasjonat\u00f3w Ajurwedy. Oferujemy kosmetyki i suplementy JIVA. Najwi\u0119kszy wyb\u00f3r produkt\u00f3w Jiva online. Sprawd\u017a!","breadcrumb":{"@id":"https:\/\/devaharmony.com\/pl\/#breadcrumb"},"inLanguage":"pl-PL","potentialAction":[{"@type":"ReadAction","target":["https:\/\/devaharmony.com\/pl\/"]}]},{"@type":"BreadcrumbList","@id":"https:\/\/devaharmony.com\/pl\/#breadcrumb","itemListElement":[{"@type":"ListItem","position":1,"name":"Strona g\u0142\u00f3wna","item":"https:\/\/devaharmony.com\/pl\/"},{"@type":"ListItem","position":2,"name":"Odkryj moc zi\u00f3\u0142 produkt\u00f3w Jiva Ayurveda i odnajd\u017a swoj\u0105 wewn\u0119trzn\u0105 harmoni\u0119!"}]},{"@type":"WebSite","@id":"https:\/\/devaharmony.com\/pl\/#website","url":"https:\/\/devaharmony.com\/pl\/","name":"Deva Harmony Polska","description":"Ajurwedyjskie Suplementy Diety","potentialAction":[{"@type":"SearchAction","target":{"@type":"EntryPoint","urlTemplate":"https:\/\/devaharmony.com\/pl\/?s={search_term_string}"},"query-input":"required name=search_term_string"}],"inLanguage":"pl-PL"}]}},"_links":{"self":[{"href":"https:\/\/devaharmony.com\/pl\/wp-json\/wp\/v2\/pages\/168","targetHints":{"allow":["GET"]}}],"collection":[{"href":"https:\/\/devaharmony.com\/pl\/wp-json\/wp\/v2\/pages"}],"about":[{"href":"https:\/\/devaharmony.com\/pl\/wp-json\/wp\/v2\/types\/page"}],"author":[{"embeddable":true,"href":"https:\/\/devaharmony.com\/pl\/wp-json\/wp\/v2\/users\/1"}],"replies":[{"embeddable":true,"href":"https:\/\/devaharmony.com\/pl\/wp-json\/wp\/v2\/comments?post=168"}],"version-history":[{"count":12,"href":"https:\/\/devaharmony.com\/pl\/wp-json\/wp\/v2\/pages\/168\/revisions"}],"predecessor-version":[{"id":4723,"href":"https:\/\/devaharmony.com\/pl\/wp-json\/wp\/v2\/pages\/168\/revisions\/4723"}],"wp:attachment":[{"href":"https:\/\/devaharmony.com\/pl\/wp-json\/wp\/v2\/media?parent=168"}],"curies":[{"name":"wp","href":"https:\/\/api.w.org\/{rel}","templated":true}]}}