{"id":1215,"date":"2021-06-11T07:38:53","date_gmt":"2021-06-11T07:38:53","guid":{"rendered":"https:\/\/devaharmony.com\/pl\/?page_id=1215"},"modified":"2025-10-28T10:32:30","modified_gmt":"2025-10-28T09:32:30","slug":"kontakt","status":"publish","type":"page","link":"https:\/\/devaharmony.com\/pl\/kontakt\/","title":{"rendered":"Kontakt"},"content":{"rendered":"\n<div class=\"wp-block-columns is-layout-flex wp-container-core-columns-is-layout-9d6595d7 wp-block-columns-is-layout-flex\">\n<div class=\"wp-block-column is-layout-flow wp-block-column-is-layout-flow\" style=\"flex-basis:66.66%\">\n<p><\/p>\n\n\n\n<div class=\"wp-block-contact-form-7-contact-form-selector\">\n<div class=\"wpcf7 no-js\" id=\"wpcf7-f1214-o1\" lang=\"pl-PL\" dir=\"ltr\">\n<div class=\"screen-reader-response\"><p role=\"status\" aria-live=\"polite\" aria-atomic=\"true\"><\/p> <ul><\/ul><\/div>\n<form action=\"\/pl\/wp-json\/wp\/v2\/pages\/1215#wpcf7-f1214-o1\" method=\"post\" class=\"wpcf7-form init\" aria-label=\"Formularz kontaktowy\" novalidate=\"novalidate\" data-status=\"init\">\n<div style=\"display: none;\">\n<input type=\"hidden\" name=\"_wpcf7\" value=\"1214\" \/>\n<input type=\"hidden\" name=\"_wpcf7_version\" value=\"5.9.8\" \/>\n<input type=\"hidden\" name=\"_wpcf7_locale\" value=\"pl_PL\" \/>\n<input type=\"hidden\" name=\"_wpcf7_unit_tag\" value=\"wpcf7-f1214-o1\" \/>\n<input type=\"hidden\" name=\"_wpcf7_container_post\" value=\"0\" \/>\n<input type=\"hidden\" name=\"_wpcf7_posted_data_hash\" value=\"\" \/>\n<input type=\"hidden\" name=\"_wpcf7_recaptcha_response\" value=\"\" \/>\n<\/div>\n<p><span class=\"wpcf7-form-control-wrap\" data-name=\"your-name\"><input size=\"40\" maxlength=\"400\" class=\"wpcf7-form-control wpcf7-text\" aria-invalid=\"false\" placeholder=\"Imi\u0119 i nazwisko\" value=\"\" type=\"text\" name=\"your-name\" \/><\/span>\n<\/p>\n<p><span class=\"wpcf7-form-control-wrap\" data-name=\"your-email\"><input size=\"40\" maxlength=\"400\" class=\"wpcf7-form-control wpcf7-email wpcf7-text wpcf7-validates-as-email\" aria-invalid=\"false\" placeholder=\"Email\" value=\"\" type=\"email\" name=\"your-email\" \/><\/span>\n<\/p>\n<p><span class=\"wpcf7-form-control-wrap\" data-name=\"your-tel\"><input size=\"40\" maxlength=\"400\" class=\"wpcf7-form-control wpcf7-tel wpcf7-text wpcf7-validates-as-tel\" aria-invalid=\"false\" placeholder=\"Telefon\" value=\"\" type=\"tel\" name=\"your-tel\" \/><\/span>\n<\/p>\n<p><span class=\"wpcf7-form-control-wrap\" data-name=\"your-subject\"><input size=\"40\" maxlength=\"400\" class=\"wpcf7-form-control wpcf7-text\" aria-invalid=\"false\" placeholder=\"Temat\" value=\"\" type=\"text\" name=\"your-subject\" \/><\/span>\n<\/p>\n<p><span class=\"wpcf7-form-control-wrap\" data-name=\"your-message\"><textarea cols=\"40\" rows=\"10\" maxlength=\"2000\" class=\"wpcf7-form-control wpcf7-textarea wpcf7-validates-as-required\" aria-required=\"true\" aria-invalid=\"false\" placeholder=\"W czym mo\u017cemy pom\u00f3c?\" name=\"your-message\"><\/textarea><\/span>\n<\/p>\n<div class=\"checkbox-wrapper\">\n\t<p><span class=\"wpcf7-form-control-wrap\" data-name=\"accept-this-1\"><span class=\"wpcf7-form-control wpcf7-acceptance\"><span class=\"wpcf7-list-item\"><input type=\"checkbox\" name=\"accept-this-1\" value=\"1\" aria-invalid=\"false\" \/><\/span><\/span><\/span>\n\t<\/p>\n\t<div class=\"text-div\">\n\t\t<p>Wyra\u017cam zgod\u0119 na przetwarzanie moich danych osobowych przez zesp\u00f3\u0142 DH Deva 9 Sp. z o. o. <a href=\"\/pl\/polityka-prywatnosci\/\">Zobacz polityk\u0119 prywatno\u015bci<\/a>\n\t\t<\/p>\n\t<\/div>\n<\/div>\n<p><input class=\"wpcf7-form-control wpcf7-submit has-spinner\" type=\"submit\" value=\"Wy\u015blij\" \/>\n<\/p><div class=\"wpcf7-response-output\" aria-hidden=\"true\"><\/div>\n<\/form>\n<\/div>\n<\/div>\n<\/div>\n\n\n\n<div class=\"wp-block-column is-layout-flow wp-block-column-is-layout-flow\" style=\"flex-basis:33.33%\">\n<figure class=\"wp-block-image size-large logo-contact\"><img decoding=\"async\" width=\"476\" height=\"485\" src=\"https:\/\/devaharmony.com\/pl\/wp-content\/uploads\/sites\/2\/2021\/03\/logo-1.png\" alt=\"logo Deva Harmony pionowe\" class=\"wp-image-706\" srcset=\"https:\/\/devaharmony.com\/pl\/wp-content\/uploads\/2021\/03\/logo-1.png 476w, https:\/\/devaharmony.com\/pl\/wp-content\/uploads\/2021\/03\/logo-1-300x306.png 300w, https:\/\/devaharmony.com\/pl\/wp-content\/uploads\/2021\/03\/logo-1-294x300.png 294w\" sizes=\"(max-width: 476px) 100vw, 476px\" \/><\/figure>\n<\/div>\n<\/div>\n\n\n\n<h2 class=\"wp-block-heading\"><br>Biuro Obs\u0142ugi Klienta<\/h2>\n\n\n\n<h3 class=\"wp-block-heading\"><a href=\"tel:+48531022011\"><strong>+48 531 022 011<\/strong><\/a><\/h3>\n\n\n\n<p><a href=\"mailto:sklep@devaharmony.com\"><strong>sklep@devaharmony.com<\/strong><\/a> &#8211; sprzeda\u017c, dystrybucja , sprawy przesy\u0142ek i faktur<\/p>\n\n\n\n<p><a href=\"mailto:biuro@devaharmony.com\"><strong>biuro@devaharmony.com<\/strong><\/a> &#8211; w\u0142a\u015bciciele, organizacja firmy, kontakt z producentem JIVA<\/p>\n\n\n\n<p>Czynne od poniedzia\u0142ku do pi\u0105tku w godzinach 9:00 &#8211; 14:00.<\/p>\n\n\n\n<p><a href=\"https:\/\/www.facebook.com\/devaharmony\/\" target=\"_blank\" rel=\"noreferrer noopener\">Deva Harmony na facebook.com<\/a><br><br><\/p>\n\n\n\n<p><\/p>\n\n\n\n<h2 class=\"wp-block-heading\"><br>Dane Firmy<\/h2>\n\n\n\n<p>DH Deva 9 Sp. z o. o.<br>35-233 Rzesz\u00f3w,<br>ul. Lubelska 29<br>KRS: 0001095858<\/p>\n\n\n\n<p><\/p>\n\n\n\n<h2 class=\"wp-block-heading\"><br>Konto Bankowe<\/h2>\n\n\n\n<p class=\"konta-bankowe\">Bank Santander<br>Rachunek w <strong>PLN<\/strong> 54109025900000000146995735<br>Rachunek w <strong>EUR<\/strong> 80109025900000000146995752<br>Rachunek w <strong>USD<\/strong> 20109025900000000146995765<\/p>\n\n\n\n<p><strong><strong>Wa\u017cne: w tytule przelewu prosimy wpisa\u0107 numer zam\u00f3wienia oraz przes\u0142anie wiadomo\u015bci o dokonanym przelewie<\/strong><\/strong> <strong><strong>na adres:<\/strong><\/strong> <br><strong><strong>sklep@devaharmony.com.<br>Brak wykonania powy\u017cszego mo\u017ce op\u00f3\u017ani\u0107 wysy\u0142k\u0119.<\/strong><\/strong><\/p>\n","protected":false},"excerpt":{"rendered":"<p>Biuro Obs\u0142ugi Klienta +48 531 022 011 sklep@devaharmony.com &#8211; sprzeda\u017c, dystrybucja , sprawy przesy\u0142ek i faktur biuro@devaharmony.com &#8211; w\u0142a\u015bciciele, organizacja firmy, kontakt z producentem JIVA Czynne od poniedzia\u0142ku do pi\u0105tku w godzinach 9:00 &#8211; 14:00. Deva Harmony na facebook.com Dane Firmy DH Deva 9 Sp. z o. o.35-233 Rzesz\u00f3w,ul. Lubelska 29KRS: 0001095858 Konto Bankowe Bank [&hellip;]<\/p>\n","protected":false},"author":11,"featured_media":0,"parent":0,"menu_order":0,"comment_status":"closed","ping_status":"closed","template":"","meta":{"_editorskit_title_hidden":false,"_editorskit_reading_time":0,"_editorskit_is_block_options_detached":false,"_editorskit_block_options_position":"{}","footnotes":""},"class_list":["post-1215","page","type-page","status-publish","hentry"],"acf":[],"yoast_head":"<!-- This site is optimized with the Yoast SEO plugin v23.1 - https:\/\/yoast.com\/wordpress\/plugins\/seo\/ -->\n<title>Kontakt - Deva Harmony Polska<\/title>\n<meta name=\"robots\" content=\"index, follow, max-snippet:-1, max-image-preview:large, max-video-preview:-1\" \/>\n<link rel=\"canonical\" href=\"https:\/\/devaharmony.com\/pl\/kontakt\/\" \/>\n<meta property=\"og:locale\" content=\"pl_PL\" \/>\n<meta property=\"og:type\" content=\"article\" \/>\n<meta property=\"og:title\" content=\"Kontakt - Deva Harmony Polska\" \/>\n<meta property=\"og:description\" content=\"Biuro Obs\u0142ugi Klienta +48 531 022 011 sklep@devaharmony.com &#8211; sprzeda\u017c, dystrybucja , sprawy przesy\u0142ek i faktur biuro@devaharmony.com &#8211; w\u0142a\u015bciciele, organizacja firmy, kontakt z producentem JIVA Czynne od poniedzia\u0142ku do pi\u0105tku w godzinach 9:00 &#8211; 14:00. Deva Harmony na facebook.com Dane Firmy DH Deva 9 Sp. z o. o.35-233 Rzesz\u00f3w,ul. Lubelska 29KRS: 0001095858 Konto Bankowe Bank [&hellip;]\" \/>\n<meta property=\"og:url\" content=\"https:\/\/devaharmony.com\/pl\/kontakt\/\" \/>\n<meta property=\"og:site_name\" content=\"Deva Harmony Polska\" \/>\n<meta property=\"article:modified_time\" content=\"2025-10-28T09:32:30+00:00\" \/>\n<meta property=\"og:image\" content=\"https:\/\/devaharmony.com\/pl\/wp-content\/uploads\/sites\/2\/2021\/03\/logo-1.png\" \/>\n<meta name=\"twitter:card\" content=\"summary_large_image\" \/>\n<meta name=\"twitter:label1\" content=\"Szacowany czas czytania\" \/>\n\t<meta name=\"twitter:data1\" content=\"1 minuta\" \/>\n<script type=\"application\/ld+json\" class=\"yoast-schema-graph\">{\"@context\":\"https:\/\/schema.org\",\"@graph\":[{\"@type\":\"WebPage\",\"@id\":\"https:\/\/devaharmony.com\/pl\/kontakt\/\",\"url\":\"https:\/\/devaharmony.com\/pl\/kontakt\/\",\"name\":\"Kontakt - Deva Harmony Polska\",\"isPartOf\":{\"@id\":\"https:\/\/devaharmony.com\/pl\/#website\"},\"primaryImageOfPage\":{\"@id\":\"https:\/\/devaharmony.com\/pl\/kontakt\/#primaryimage\"},\"image\":{\"@id\":\"https:\/\/devaharmony.com\/pl\/kontakt\/#primaryimage\"},\"thumbnailUrl\":\"https:\/\/devaharmony.com\/pl\/wp-content\/uploads\/sites\/2\/2021\/03\/logo-1.png\",\"datePublished\":\"2021-06-11T07:38:53+00:00\",\"dateModified\":\"2025-10-28T09:32:30+00:00\",\"breadcrumb\":{\"@id\":\"https:\/\/devaharmony.com\/pl\/kontakt\/#breadcrumb\"},\"inLanguage\":\"pl-PL\",\"potentialAction\":[{\"@type\":\"ReadAction\",\"target\":[\"https:\/\/devaharmony.com\/pl\/kontakt\/\"]}]},{\"@type\":\"ImageObject\",\"inLanguage\":\"pl-PL\",\"@id\":\"https:\/\/devaharmony.com\/pl\/kontakt\/#primaryimage\",\"url\":\"https:\/\/devaharmony.com\/pl\/wp-content\/uploads\/2021\/03\/logo-1.png\",\"contentUrl\":\"https:\/\/devaharmony.com\/pl\/wp-content\/uploads\/2021\/03\/logo-1.png\",\"width\":476,\"height\":485,\"caption\":\"logo Deva Harmony pionowe\"},{\"@type\":\"BreadcrumbList\",\"@id\":\"https:\/\/devaharmony.com\/pl\/kontakt\/#breadcrumb\",\"itemListElement\":[{\"@type\":\"ListItem\",\"position\":1,\"name\":\"Strona g\u0142\u00f3wna\",\"item\":\"https:\/\/devaharmony.com\/pl\/\"},{\"@type\":\"ListItem\",\"position\":2,\"name\":\"Kontakt\"}]},{\"@type\":\"WebSite\",\"@id\":\"https:\/\/devaharmony.com\/pl\/#website\",\"url\":\"https:\/\/devaharmony.com\/pl\/\",\"name\":\"Deva Harmony Polska\",\"description\":\"Ajurwedyjskie Suplementy Diety\",\"potentialAction\":[{\"@type\":\"SearchAction\",\"target\":{\"@type\":\"EntryPoint\",\"urlTemplate\":\"https:\/\/devaharmony.com\/pl\/?s={search_term_string}\"},\"query-input\":\"required name=search_term_string\"}],\"inLanguage\":\"pl-PL\"}]}<\/script>\n<!-- \/ Yoast SEO plugin. -->","yoast_head_json":{"title":"Kontakt - Deva Harmony Polska","robots":{"index":"index","follow":"follow","max-snippet":"max-snippet:-1","max-image-preview":"max-image-preview:large","max-video-preview":"max-video-preview:-1"},"canonical":"https:\/\/devaharmony.com\/pl\/kontakt\/","og_locale":"pl_PL","og_type":"article","og_title":"Kontakt - Deva Harmony Polska","og_description":"Biuro Obs\u0142ugi Klienta +48 531 022 011 sklep@devaharmony.com &#8211; sprzeda\u017c, dystrybucja , sprawy przesy\u0142ek i faktur biuro@devaharmony.com &#8211; w\u0142a\u015bciciele, organizacja firmy, kontakt z producentem JIVA Czynne od poniedzia\u0142ku do pi\u0105tku w godzinach 9:00 &#8211; 14:00. Deva Harmony na facebook.com Dane Firmy DH Deva 9 Sp. z o. o.35-233 Rzesz\u00f3w,ul. Lubelska 29KRS: 0001095858 Konto Bankowe Bank [&hellip;]","og_url":"https:\/\/devaharmony.com\/pl\/kontakt\/","og_site_name":"Deva Harmony Polska","article_modified_time":"2025-10-28T09:32:30+00:00","og_image":[{"url":"https:\/\/devaharmony.com\/pl\/wp-content\/uploads\/sites\/2\/2021\/03\/logo-1.png"}],"twitter_card":"summary_large_image","twitter_misc":{"Szacowany czas czytania":"1 minuta"},"schema":{"@context":"https:\/\/schema.org","@graph":[{"@type":"WebPage","@id":"https:\/\/devaharmony.com\/pl\/kontakt\/","url":"https:\/\/devaharmony.com\/pl\/kontakt\/","name":"Kontakt - Deva Harmony Polska","isPartOf":{"@id":"https:\/\/devaharmony.com\/pl\/#website"},"primaryImageOfPage":{"@id":"https:\/\/devaharmony.com\/pl\/kontakt\/#primaryimage"},"image":{"@id":"https:\/\/devaharmony.com\/pl\/kontakt\/#primaryimage"},"thumbnailUrl":"https:\/\/devaharmony.com\/pl\/wp-content\/uploads\/sites\/2\/2021\/03\/logo-1.png","datePublished":"2021-06-11T07:38:53+00:00","dateModified":"2025-10-28T09:32:30+00:00","breadcrumb":{"@id":"https:\/\/devaharmony.com\/pl\/kontakt\/#breadcrumb"},"inLanguage":"pl-PL","potentialAction":[{"@type":"ReadAction","target":["https:\/\/devaharmony.com\/pl\/kontakt\/"]}]},{"@type":"ImageObject","inLanguage":"pl-PL","@id":"https:\/\/devaharmony.com\/pl\/kontakt\/#primaryimage","url":"https:\/\/devaharmony.com\/pl\/wp-content\/uploads\/2021\/03\/logo-1.png","contentUrl":"https:\/\/devaharmony.com\/pl\/wp-content\/uploads\/2021\/03\/logo-1.png","width":476,"height":485,"caption":"logo Deva Harmony pionowe"},{"@type":"BreadcrumbList","@id":"https:\/\/devaharmony.com\/pl\/kontakt\/#breadcrumb","itemListElement":[{"@type":"ListItem","position":1,"name":"Strona g\u0142\u00f3wna","item":"https:\/\/devaharmony.com\/pl\/"},{"@type":"ListItem","position":2,"name":"Kontakt"}]},{"@type":"WebSite","@id":"https:\/\/devaharmony.com\/pl\/#website","url":"https:\/\/devaharmony.com\/pl\/","name":"Deva Harmony Polska","description":"Ajurwedyjskie Suplementy Diety","potentialAction":[{"@type":"SearchAction","target":{"@type":"EntryPoint","urlTemplate":"https:\/\/devaharmony.com\/pl\/?s={search_term_string}"},"query-input":"required name=search_term_string"}],"inLanguage":"pl-PL"}]}},"_links":{"self":[{"href":"https:\/\/devaharmony.com\/pl\/wp-json\/wp\/v2\/pages\/1215","targetHints":{"allow":["GET"]}}],"collection":[{"href":"https:\/\/devaharmony.com\/pl\/wp-json\/wp\/v2\/pages"}],"about":[{"href":"https:\/\/devaharmony.com\/pl\/wp-json\/wp\/v2\/types\/page"}],"author":[{"embeddable":true,"href":"https:\/\/devaharmony.com\/pl\/wp-json\/wp\/v2\/users\/11"}],"replies":[{"embeddable":true,"href":"https:\/\/devaharmony.com\/pl\/wp-json\/wp\/v2\/comments?post=1215"}],"version-history":[{"count":38,"href":"https:\/\/devaharmony.com\/pl\/wp-json\/wp\/v2\/pages\/1215\/revisions"}],"predecessor-version":[{"id":47344,"href":"https:\/\/devaharmony.com\/pl\/wp-json\/wp\/v2\/pages\/1215\/revisions\/47344"}],"wp:attachment":[{"href":"https:\/\/devaharmony.com\/pl\/wp-json\/wp\/v2\/media?parent=1215"}],"curies":[{"name":"wp","href":"https:\/\/api.w.org\/{rel}","templated":true}]}}