{"id":118,"date":"2020-09-29T09:42:46","date_gmt":"2020-09-29T09:42:46","guid":{"rendered":"https:\/\/devaharmony.com\/pl\/?page_id=118"},"modified":"2024-02-02T09:52:39","modified_gmt":"2024-02-02T08:52:39","slug":"ambasadorzy","status":"publish","type":"page","link":"https:\/\/devaharmony.com\/pl\/ambasadorzy\/","title":{"rendered":"Ambasadorzy"},"content":{"rendered":"\n<p><\/p>\n\n\n\n<p class=\"has-text-align-left\"><strong><img decoding=\"async\" src=\"https:\/\/lh5.googleusercontent.com\/XmJ3xfaNya8JawLJIt6MdU_Cv8eBSnySU5WMGAKBgooYk9C6eSRYEY9ZpOSrJJ9c4KEzQBgfND8fg4opZQ59N1HSv6qaab_MsamJYUp4QOtoJZmBnIx48_gvCjHQYQ\" width=\"120\" height=\"123\"><\/strong><\/p>\n\n\n\n<p>Osoba entuzjastyczna, czuj\u0105ca rozumiej\u0105ca filozofi\u0119 wschodu, Ajurwed\u0119. Obecna w mediach spo\u0142eczno\u015bciowych o \u015bredniej lub du\u017cej sieci odbiorc\u00f3w. B\u0119d\u0105ca opinioliderem (KOL) w swojej spo\u0142eczno\u015bci.<\/p>\n\n\n\n<p>Promuj\u0105ca mark\u0119 DEVA Harmony za pomoc\u0105 swoich osobistych kont w social mediach oraz w innych kana\u0142ach, gdzie jest dost\u0119p do potencjalnych Klient\u00f3w: klasyczne aktywno\u015bci promocyjne &#8211; eventy, kampanie radiowe, telewizyjne czy outdoorowe.<\/p>\n\n\n\n<p>Pomoc w tworzeniu tre\u015bci, blog\u00f3w, recenzji. B\u0119dzie przekazywa\u0107 opinie o produktach, promocjach, standardach, itp. B\u0119dzie zwolennikiem wschodnich nurt\u00f3w medycznych oraz u\u017cytkownikiem produkt\u00f3w. B\u0119dzie propagatorem marki DEVA Harmony, produkt\u00f3w i filozofii ajurwedyjskiej.&nbsp;<\/p>\n\n\n\n<p>Ka\u017cdy celebryta, showman telewizyjny, aktor czy sportowiec mo\u017ce sta\u0107 si\u0119 Ambasadorem marki, je\u015bli udost\u0119pnia sw\u00f3j wizerunek i wykorzystuje zasi\u0119gi w social mediach.<\/p>\n\n\n\n<p><strong>Forrester Research<\/strong> stworzy\u0142a piramid\u0119, w kt\u00f3rej<strong> <\/strong>ambasadorzy marki zostali podzieleni na trzy grupy:<\/p>\n\n\n\n<ul class=\"wp-block-list\"><li><strong>Potencjalni ambasadorzy marki<\/strong><strong> <\/strong>&#8211; osoby, kt\u00f3re spontanicznie uto\u017csamiaj\u0105 si\u0119 z mark\u0105, kt\u00f3re cz\u0119sto wypowiadaj\u0105 si\u0119 w pozytywny spos\u00f3b o marce,<\/li><li><strong>Influencerzy (mass influencers)<\/strong> &#8211; to u\u017cytkownicy, kt\u00f3rzy maj\u0105 du\u017co wi\u0119ksz\u0105 mo\u017cliwo\u015b\u0107 oddzia\u0142ywania na \u015brodowisko internetowe, blogerzy \u2013 uznawani, jako osoby opiniotw\u00f3rcze w internecie,<\/li><li><strong>Social broadcasters<\/strong> &#8211; to grupa wp\u0142ywowych specjalist\u00f3w, celebryt\u00f3w, kt\u00f3ra mo\u017ce posiada\u0107 ogromny wp\u0142yw dla marki.<\/li><\/ul>\n\n\n\n<p>Dzi\u0119ki wsp\u00f3\u0142pracy m.in. b\u0119dzie mo\u017cliwy dost\u0119p do wiedzy, porad ekspert\u00f3w i lekarzy ajurwedyjskich w Polsce i w Indiach. Wiele innych korzy\u015bci uzgodnionych indywidualnie.<\/p>\n\n\n\n<p><strong>Zapraszamy do rozm\u00f3w &#8211; <\/strong><a href=\"mailto:m.bekas@devaharmony.com\">sklep<\/a><a href=\"mailto:sklep@devaharmony.com\">@devaharmony.com<\/a><\/p>\n\n\n\n<p><strong><img decoding=\"async\" width=\"20\" height=\"20\" src=\"https:\/\/lh4.googleusercontent.com\/WKU57E8trQQlDGBd_86Po_WboYUvY-JcZ4np6yoLlQ9v5Bj5oWwF26j6D0JQMyZTRILeXJu9QCycQSuAqooHHl3iZzNH_e4O9tiRvd6eI83bltQKiEikT22MOnjtnQ\"> + 48 536 022 011<\/strong><\/p>\n","protected":false},"excerpt":{"rendered":"<p>Osoba entuzjastyczna, czuj\u0105ca rozumiej\u0105ca filozofi\u0119 wschodu, Ajurwed\u0119. Obecna w mediach spo\u0142eczno\u015bciowych o \u015bredniej lub du\u017cej sieci odbiorc\u00f3w. B\u0119d\u0105ca opinioliderem (KOL) w swojej spo\u0142eczno\u015bci. Promuj\u0105ca mark\u0119 DEVA Harmony za pomoc\u0105 swoich osobistych kont w social mediach oraz w innych kana\u0142ach, gdzie jest dost\u0119p do potencjalnych Klient\u00f3w: klasyczne aktywno\u015bci promocyjne &#8211; eventy, kampanie radiowe, telewizyjne czy outdoorowe. [&hellip;]<\/p>\n","protected":false},"author":1,"featured_media":0,"parent":0,"menu_order":0,"comment_status":"closed","ping_status":"closed","template":"","meta":{"_editorskit_title_hidden":false,"_editorskit_reading_time":0,"_editorskit_is_block_options_detached":false,"_editorskit_block_options_position":"{}","footnotes":""},"class_list":["post-118","page","type-page","status-publish","hentry"],"acf":[],"yoast_head":"<!-- This site is optimized with the Yoast SEO plugin v23.1 - https:\/\/yoast.com\/wordpress\/plugins\/seo\/ -->\n<title>Ambasadorzy - Deva Harmony Polska<\/title>\n<meta name=\"robots\" content=\"index, follow, max-snippet:-1, max-image-preview:large, max-video-preview:-1\" \/>\n<link rel=\"canonical\" href=\"https:\/\/devaharmony.com\/pl\/ambasadorzy\/\" \/>\n<meta property=\"og:locale\" content=\"pl_PL\" \/>\n<meta property=\"og:type\" content=\"article\" \/>\n<meta property=\"og:title\" content=\"Ambasadorzy - Deva Harmony Polska\" \/>\n<meta property=\"og:description\" content=\"Osoba entuzjastyczna, czuj\u0105ca rozumiej\u0105ca filozofi\u0119 wschodu, Ajurwed\u0119. Obecna w mediach spo\u0142eczno\u015bciowych o \u015bredniej lub du\u017cej sieci odbiorc\u00f3w. B\u0119d\u0105ca opinioliderem (KOL) w swojej spo\u0142eczno\u015bci. Promuj\u0105ca mark\u0119 DEVA Harmony za pomoc\u0105 swoich osobistych kont w social mediach oraz w innych kana\u0142ach, gdzie jest dost\u0119p do potencjalnych Klient\u00f3w: klasyczne aktywno\u015bci promocyjne &#8211; eventy, kampanie radiowe, telewizyjne czy outdoorowe. [&hellip;]\" \/>\n<meta property=\"og:url\" content=\"https:\/\/devaharmony.com\/pl\/ambasadorzy\/\" \/>\n<meta property=\"og:site_name\" content=\"Deva Harmony Polska\" \/>\n<meta property=\"article:modified_time\" content=\"2024-02-02T08:52:39+00:00\" \/>\n<meta property=\"og:image\" content=\"https:\/\/lh5.googleusercontent.com\/XmJ3xfaNya8JawLJIt6MdU_Cv8eBSnySU5WMGAKBgooYk9C6eSRYEY9ZpOSrJJ9c4KEzQBgfND8fg4opZQ59N1HSv6qaab_MsamJYUp4QOtoJZmBnIx48_gvCjHQYQ\" \/>\n<meta name=\"twitter:card\" content=\"summary_large_image\" \/>\n<meta name=\"twitter:label1\" content=\"Szacowany czas czytania\" \/>\n\t<meta name=\"twitter:data1\" content=\"2 minuty\" \/>\n<script type=\"application\/ld+json\" class=\"yoast-schema-graph\">{\"@context\":\"https:\/\/schema.org\",\"@graph\":[{\"@type\":\"WebPage\",\"@id\":\"https:\/\/devaharmony.com\/pl\/ambasadorzy\/\",\"url\":\"https:\/\/devaharmony.com\/pl\/ambasadorzy\/\",\"name\":\"Ambasadorzy - Deva Harmony Polska\",\"isPartOf\":{\"@id\":\"https:\/\/devaharmony.com\/pl\/#website\"},\"primaryImageOfPage\":{\"@id\":\"https:\/\/devaharmony.com\/pl\/ambasadorzy\/#primaryimage\"},\"image\":{\"@id\":\"https:\/\/devaharmony.com\/pl\/ambasadorzy\/#primaryimage\"},\"thumbnailUrl\":\"https:\/\/lh5.googleusercontent.com\/XmJ3xfaNya8JawLJIt6MdU_Cv8eBSnySU5WMGAKBgooYk9C6eSRYEY9ZpOSrJJ9c4KEzQBgfND8fg4opZQ59N1HSv6qaab_MsamJYUp4QOtoJZmBnIx48_gvCjHQYQ\",\"datePublished\":\"2020-09-29T09:42:46+00:00\",\"dateModified\":\"2024-02-02T08:52:39+00:00\",\"breadcrumb\":{\"@id\":\"https:\/\/devaharmony.com\/pl\/ambasadorzy\/#breadcrumb\"},\"inLanguage\":\"pl-PL\",\"potentialAction\":[{\"@type\":\"ReadAction\",\"target\":[\"https:\/\/devaharmony.com\/pl\/ambasadorzy\/\"]}]},{\"@type\":\"ImageObject\",\"inLanguage\":\"pl-PL\",\"@id\":\"https:\/\/devaharmony.com\/pl\/ambasadorzy\/#primaryimage\",\"url\":\"https:\/\/lh5.googleusercontent.com\/XmJ3xfaNya8JawLJIt6MdU_Cv8eBSnySU5WMGAKBgooYk9C6eSRYEY9ZpOSrJJ9c4KEzQBgfND8fg4opZQ59N1HSv6qaab_MsamJYUp4QOtoJZmBnIx48_gvCjHQYQ\",\"contentUrl\":\"https:\/\/lh5.googleusercontent.com\/XmJ3xfaNya8JawLJIt6MdU_Cv8eBSnySU5WMGAKBgooYk9C6eSRYEY9ZpOSrJJ9c4KEzQBgfND8fg4opZQ59N1HSv6qaab_MsamJYUp4QOtoJZmBnIx48_gvCjHQYQ\"},{\"@type\":\"BreadcrumbList\",\"@id\":\"https:\/\/devaharmony.com\/pl\/ambasadorzy\/#breadcrumb\",\"itemListElement\":[{\"@type\":\"ListItem\",\"position\":1,\"name\":\"Strona g\u0142\u00f3wna\",\"item\":\"https:\/\/devaharmony.com\/pl\/\"},{\"@type\":\"ListItem\",\"position\":2,\"name\":\"Ambasadorzy\"}]},{\"@type\":\"WebSite\",\"@id\":\"https:\/\/devaharmony.com\/pl\/#website\",\"url\":\"https:\/\/devaharmony.com\/pl\/\",\"name\":\"Deva Harmony Polska\",\"description\":\"Ajurwedyjskie Suplementy Diety\",\"potentialAction\":[{\"@type\":\"SearchAction\",\"target\":{\"@type\":\"EntryPoint\",\"urlTemplate\":\"https:\/\/devaharmony.com\/pl\/?s={search_term_string}\"},\"query-input\":\"required name=search_term_string\"}],\"inLanguage\":\"pl-PL\"}]}<\/script>\n<!-- \/ Yoast SEO plugin. -->","yoast_head_json":{"title":"Ambasadorzy - Deva Harmony Polska","robots":{"index":"index","follow":"follow","max-snippet":"max-snippet:-1","max-image-preview":"max-image-preview:large","max-video-preview":"max-video-preview:-1"},"canonical":"https:\/\/devaharmony.com\/pl\/ambasadorzy\/","og_locale":"pl_PL","og_type":"article","og_title":"Ambasadorzy - Deva Harmony Polska","og_description":"Osoba entuzjastyczna, czuj\u0105ca rozumiej\u0105ca filozofi\u0119 wschodu, Ajurwed\u0119. Obecna w mediach spo\u0142eczno\u015bciowych o \u015bredniej lub du\u017cej sieci odbiorc\u00f3w. B\u0119d\u0105ca opinioliderem (KOL) w swojej spo\u0142eczno\u015bci. Promuj\u0105ca mark\u0119 DEVA Harmony za pomoc\u0105 swoich osobistych kont w social mediach oraz w innych kana\u0142ach, gdzie jest dost\u0119p do potencjalnych Klient\u00f3w: klasyczne aktywno\u015bci promocyjne &#8211; eventy, kampanie radiowe, telewizyjne czy outdoorowe. [&hellip;]","og_url":"https:\/\/devaharmony.com\/pl\/ambasadorzy\/","og_site_name":"Deva Harmony Polska","article_modified_time":"2024-02-02T08:52:39+00:00","og_image":[{"url":"https:\/\/lh5.googleusercontent.com\/XmJ3xfaNya8JawLJIt6MdU_Cv8eBSnySU5WMGAKBgooYk9C6eSRYEY9ZpOSrJJ9c4KEzQBgfND8fg4opZQ59N1HSv6qaab_MsamJYUp4QOtoJZmBnIx48_gvCjHQYQ"}],"twitter_card":"summary_large_image","twitter_misc":{"Szacowany czas czytania":"2 minuty"},"schema":{"@context":"https:\/\/schema.org","@graph":[{"@type":"WebPage","@id":"https:\/\/devaharmony.com\/pl\/ambasadorzy\/","url":"https:\/\/devaharmony.com\/pl\/ambasadorzy\/","name":"Ambasadorzy - Deva Harmony Polska","isPartOf":{"@id":"https:\/\/devaharmony.com\/pl\/#website"},"primaryImageOfPage":{"@id":"https:\/\/devaharmony.com\/pl\/ambasadorzy\/#primaryimage"},"image":{"@id":"https:\/\/devaharmony.com\/pl\/ambasadorzy\/#primaryimage"},"thumbnailUrl":"https:\/\/lh5.googleusercontent.com\/XmJ3xfaNya8JawLJIt6MdU_Cv8eBSnySU5WMGAKBgooYk9C6eSRYEY9ZpOSrJJ9c4KEzQBgfND8fg4opZQ59N1HSv6qaab_MsamJYUp4QOtoJZmBnIx48_gvCjHQYQ","datePublished":"2020-09-29T09:42:46+00:00","dateModified":"2024-02-02T08:52:39+00:00","breadcrumb":{"@id":"https:\/\/devaharmony.com\/pl\/ambasadorzy\/#breadcrumb"},"inLanguage":"pl-PL","potentialAction":[{"@type":"ReadAction","target":["https:\/\/devaharmony.com\/pl\/ambasadorzy\/"]}]},{"@type":"ImageObject","inLanguage":"pl-PL","@id":"https:\/\/devaharmony.com\/pl\/ambasadorzy\/#primaryimage","url":"https:\/\/lh5.googleusercontent.com\/XmJ3xfaNya8JawLJIt6MdU_Cv8eBSnySU5WMGAKBgooYk9C6eSRYEY9ZpOSrJJ9c4KEzQBgfND8fg4opZQ59N1HSv6qaab_MsamJYUp4QOtoJZmBnIx48_gvCjHQYQ","contentUrl":"https:\/\/lh5.googleusercontent.com\/XmJ3xfaNya8JawLJIt6MdU_Cv8eBSnySU5WMGAKBgooYk9C6eSRYEY9ZpOSrJJ9c4KEzQBgfND8fg4opZQ59N1HSv6qaab_MsamJYUp4QOtoJZmBnIx48_gvCjHQYQ"},{"@type":"BreadcrumbList","@id":"https:\/\/devaharmony.com\/pl\/ambasadorzy\/#breadcrumb","itemListElement":[{"@type":"ListItem","position":1,"name":"Strona g\u0142\u00f3wna","item":"https:\/\/devaharmony.com\/pl\/"},{"@type":"ListItem","position":2,"name":"Ambasadorzy"}]},{"@type":"WebSite","@id":"https:\/\/devaharmony.com\/pl\/#website","url":"https:\/\/devaharmony.com\/pl\/","name":"Deva Harmony Polska","description":"Ajurwedyjskie Suplementy Diety","potentialAction":[{"@type":"SearchAction","target":{"@type":"EntryPoint","urlTemplate":"https:\/\/devaharmony.com\/pl\/?s={search_term_string}"},"query-input":"required name=search_term_string"}],"inLanguage":"pl-PL"}]}},"_links":{"self":[{"href":"https:\/\/devaharmony.com\/pl\/wp-json\/wp\/v2\/pages\/118","targetHints":{"allow":["GET"]}}],"collection":[{"href":"https:\/\/devaharmony.com\/pl\/wp-json\/wp\/v2\/pages"}],"about":[{"href":"https:\/\/devaharmony.com\/pl\/wp-json\/wp\/v2\/types\/page"}],"author":[{"embeddable":true,"href":"https:\/\/devaharmony.com\/pl\/wp-json\/wp\/v2\/users\/1"}],"replies":[{"embeddable":true,"href":"https:\/\/devaharmony.com\/pl\/wp-json\/wp\/v2\/comments?post=118"}],"version-history":[{"count":9,"href":"https:\/\/devaharmony.com\/pl\/wp-json\/wp\/v2\/pages\/118\/revisions"}],"predecessor-version":[{"id":32520,"href":"https:\/\/devaharmony.com\/pl\/wp-json\/wp\/v2\/pages\/118\/revisions\/32520"}],"wp:attachment":[{"href":"https:\/\/devaharmony.com\/pl\/wp-json\/wp\/v2\/media?parent=118"}],"curies":[{"name":"wp","href":"https:\/\/api.w.org\/{rel}","templated":true}]}}