{"id":22402,"date":"2025-04-23T12:17:54","date_gmt":"2025-04-23T11:17:54","guid":{"rendered":"https:\/\/devaharmony.com\/en\/store\/aloe-vera-support-for-immunity-and-digestion-60-capsules-vanan\/"},"modified":"2026-03-11T07:05:25","modified_gmt":"2026-03-11T06:05:25","slug":"aloe-vera-support-for-immunity-and-digestion-60-capsules-vanan","status":"publish","type":"product","link":"https:\/\/devaharmony.com\/en\/store\/aloe-vera-support-for-immunity-and-digestion-60-capsules-vanan\/","title":{"rendered":"Aloe Vera &#8211; Support for Immunity and Digestion &#8211; 60 Capsules | Vanan"},"content":{"rendered":"<p data-start=\"211\" data-end=\"468\" class=\"\"><strong data-start=\"211\" data-end=\"328\">Discover the power of Moringa oleifera \u2013 known as the \u201ctree of life\u201d \u2013 in the convenient capsule form from Vanan!<\/strong><br data-start=\"328\" data-end=\"331\"><br \/>\nThis superfood is a true treasure trove of vitamins, minerals, amino acids, beta-carotene, and essential Omega-3 and Omega-6 fatty acids.<\/p>\n<p data-start=\"470\" data-end=\"671\" class=\"\"><strong data-start=\"470\" data-end=\"496\">Vanan Moringa capsules<\/strong> offer versatile support for your health \u2013 from strengthening bones with a high calcium content to relieving joint pain thanks to anti-inflammatory and antioxidant properties.<\/p>\n<p data-start=\"673\" data-end=\"881\" class=\"\">Each capsule is precisely formulated to deliver an ideal portion of nutrients, and every batch undergoes advanced quality tests, including chromatography, to ensure purity, effectiveness, and complete safety.<\/p>\n<p data-start=\"883\" data-end=\"954\" class=\"\"><strong data-start=\"883\" data-end=\"954\">Boost your energy, strengthen your immunity \u2013 choose Vanan Moringa.<\/strong><\/p>\n<ul data-start=\"956\" data-end=\"1116\">\n<li data-start=\"956\" data-end=\"1011\" class=\"\">\n<p data-start=\"958\" data-end=\"1011\" class=\"\">No artificial preservatives, flavors, or fragrances<\/p>\n<\/li>\n<li data-start=\"1012\" data-end=\"1075\" class=\"\">\n<p data-start=\"1014\" data-end=\"1075\" class=\"\">Free from sugar, salt, yeast, wheat, soy, gluten, and dairy<\/p>\n<\/li>\n<li data-start=\"1076\" data-end=\"1116\" class=\"\">\n<p data-start=\"1078\" data-end=\"1116\" class=\"\">Certified: Vegan, Kosher, Halal, GMP<\/p>\n<\/li>\n<\/ul>\n<div><\/div>\n<\/p>\n<p data-start=\"1118\" data-end=\"1323\" class=\"\"><strong data-start=\"1118\" data-end=\"1140\">100% Vegan Product<\/strong><br data-start=\"1140\" data-end=\"1143\"><br \/>\n<strong data-start=\"1143\" data-end=\"1173\">Standardized Extract (DER)<\/strong><br data-start=\"1173\" data-end=\"1176\"><br \/>\n<strong data-start=\"1176\" data-end=\"1202\">Recommended daily dose<\/strong>: 1 capsule<br data-start=\"1213\" data-end=\"1216\"><br \/>\n<strong data-start=\"1216\" data-end=\"1227\">Content<\/strong>: 60 capsules<br data-start=\"1240\" data-end=\"1243\"><br \/>\n<strong data-start=\"1243\" data-end=\"1259\">Manufacturer<\/strong>: APEX LABORATORIES PRIVATE LTD<br data-start=\"1290\" data-end=\"1293\"><br \/>\n<strong data-start=\"1293\" data-end=\"1314\">Country of origin<\/strong>: India<\/p>\n<p data-start=\"1118\" data-end=\"1323\" class=\"\"><\/p>\n<ul data-start=\"1358\" data-end=\"1769\">\n<li data-start=\"1358\" data-end=\"1403\" class=\"\">\n<p data-start=\"1360\" data-end=\"1403\" class=\"\">Do not exceed the recommended daily dose.<\/p>\n<\/li>\n<li data-start=\"1404\" data-end=\"1491\" class=\"\">\n<p data-start=\"1406\" data-end=\"1491\" class=\"\">Food supplements should not be used as a substitute for a varied and balanced diet.<\/p>\n<\/li>\n<li data-start=\"1492\" data-end=\"1553\" class=\"\">\n<p data-start=\"1494\" data-end=\"1553\" class=\"\">A healthy lifestyle and balanced nutrition are essential.<\/p>\n<\/li>\n<li data-start=\"1554\" data-end=\"1616\" class=\"\">\n<p data-start=\"1556\" data-end=\"1616\" class=\"\">Do not use in case of hypersensitivity to any ingredients.<\/p>\n<\/li>\n<li data-start=\"1617\" data-end=\"1681\" class=\"\">\n<p data-start=\"1619\" data-end=\"1681\" class=\"\">Not intended for children, pregnant, or breastfeeding women.<\/p>\n<\/li>\n<li data-start=\"1682\" data-end=\"1695\" class=\"\">\n<p data-start=\"1684\" data-end=\"1695\" class=\"\">GMO-free.<\/p>\n<\/li>\n<li data-start=\"1696\" data-end=\"1769\" class=\"\">\n<p data-start=\"1698\" data-end=\"1769\" class=\"\">Keep out of reach of small children. Protect from light and moisture.<\/p>\n<\/li>\n<\/ul>\n<div><\/div>\n<p data-start=\"1771\" data-end=\"1897\" class=\"\">* This product is a dietary supplement, not a medicinal product. It is not intended to diagnose, prevent, or treat any diseases.<\/p>\n<p data-start=\"1118\" data-end=\"1323\" class=\"\">\n<p data-start=\"1899\" data-end=\"2317\" class=\"\">* Consult your doctor or pharmacist before using herbal supplements, as selecting the right preparation requires just as much knowledge as with pharmaceutical drugs. Herbal products may interact with medications and pose health risks. Some herbal preparations may have strong effects, so always follow the manufacturer\u2019s instructions and restrictions. Pregnant and breastfeeding women should exercise particular caution.<\/p>\n<p data-start=\"1118\" data-end=\"1323\" class=\"\"><\/p>\n","protected":false},"excerpt":{"rendered":"<p><b><span style=\"font-family: Tahoma\">Dla\u00a0 nawil\u017cania i od\u017cywiania suchej lub podra\u017cnionej sk\u00f3ry<\/span><\/b><\/p>\n<p>\u2022 Idealny dla tych, w kt\u00f3rych naturze kr\u00f3luje <b>Vata<\/b> \u2013 lekka, sucha, podatna na szorstko\u015b\u0107 i utrat\u0119 wilgoci.<br \/>\u2022 <b>Aloes<\/b> intensywnie nawil\u017ca, regeneruje i koi wra\u017cliw\u0105 sk\u00f3r\u0119.<br \/>\u2022 <b>Sezam<\/b> g\u0142\u0119boko od\u017cywia, rozgrzewa i przywraca sk\u00f3rze naturaln\u0105 mi\u0119kko\u015b\u0107.<br \/>\u2022 <b>Witamina E<\/b> chroni przed utrat\u0105 wilgoci, odbudowuj\u0105c barier\u0119 ochronn\u0105 sk\u00f3ry.<\/p>\n<p><span style=\"font-family: Tahoma\">\u00a0<\/span><\/p>\n<p><span style=\"font-family: Tahoma\"><b>Pojemno\u015b\u0107:<\/b> 90 ml<\/span><\/p>\n<p><b>Produkt: 100 % wega\u0144ski, bez alergen\u00f3w<\/b><\/p>\n<p><b>Pojemno\u015b\u0107:<\/b> 60 kapsu\u0142ek<\/p>\n<p><b>1 opakowanie wystarcza na 2 miesi\u0105ce stosowania\u00a0<\/b><\/p>\n","protected":false},"featured_media":22401,"template":"","meta":[],"product_cat":[587,601],"product_tag":[],"class_list":{"0":"post-22402","1":"product","2":"type-product","3":"status-publish","4":"has-post-thumbnail","6":"product_cat-ayurvedic-supplements","7":"product_cat-herbal-tablets-and-capsules","9":"first","10":"instock","11":"taxable","12":"shipping-taxable","13":"purchasable","14":"product-type-simple","15":"add-to-wishlist-before_image"},"acf":{"ilosc_sztuk_w_pudelku":"","ilosc_pudelek_w_kartonie":"","wykluczyc_z_szybkich_zakupow":["default"]},"yoast_head":"<!-- This site is optimized with the Yoast SEO plugin v23.1 - https:\/\/yoast.com\/wordpress\/plugins\/seo\/ -->\n<title>Aloe Vera - Support for Immunity and Digestion - 60 Capsules | Vanan - Deva Harmony Poland<\/title>\n<meta name=\"robots\" content=\"index, follow, max-snippet:-1, max-image-preview:large, max-video-preview:-1\" \/>\n<link rel=\"canonical\" href=\"https:\/\/devaharmony.com\/en\/store\/aloe-vera-support-for-immunity-and-digestion-60-capsules-vanan\/\" \/>\n<meta property=\"og:locale\" content=\"en_US\" \/>\n<meta property=\"og:type\" content=\"article\" \/>\n<meta property=\"og:title\" content=\"Aloe Vera - Support for Immunity and Digestion - 60 Capsules | Vanan - Deva Harmony Poland\" \/>\n<meta property=\"og:description\" content=\"Dla\u00a0 nawil\u017cania i od\u017cywiania suchej lub podra\u017cnionej sk\u00f3ry\u2022 Idealny dla tych, w kt\u00f3rych naturze kr\u00f3luje Vata \u2013 lekka, sucha, podatna na szorstko\u015b\u0107 i utrat\u0119 wilgoci.\u2022 Aloes intensywnie nawil\u017ca, regeneruje i koi wra\u017cliw\u0105 sk\u00f3r\u0119.\u2022 Sezam g\u0142\u0119boko od\u017cywia, rozgrzewa i przywraca sk\u00f3rze naturaln\u0105 mi\u0119kko\u015b\u0107.\u2022 Witamina E chroni przed utrat\u0105 wilgoci, odbudowuj\u0105c barier\u0119 ochronn\u0105 sk\u00f3ry.\u00a0Pojemno\u015b\u0107: 90 mlProdukt: 100 % wega\u0144ski, bez alergen\u00f3wPojemno\u015b\u0107: 60 kapsu\u0142ek1 opakowanie wystarcza na 2 miesi\u0105ce stosowania\u00a0\" \/>\n<meta property=\"og:url\" content=\"https:\/\/devaharmony.com\/en\/store\/aloe-vera-support-for-immunity-and-digestion-60-capsules-vanan\/\" \/>\n<meta property=\"og:site_name\" content=\"Deva Harmony Poland\" \/>\n<meta property=\"article:modified_time\" content=\"2026-03-11T06:05:25+00:00\" \/>\n<meta property=\"og:image\" content=\"https:\/\/devaharmony.com\/en\/wp-content\/uploads\/2025\/04\/08f47960849f6eb285b3c18d05b7b897.jpg\" \/>\n\t<meta property=\"og:image:width\" content=\"1080\" \/>\n\t<meta property=\"og:image:height\" content=\"1080\" \/>\n\t<meta property=\"og:image:type\" content=\"image\/jpeg\" \/>\n<meta name=\"twitter:card\" content=\"summary_large_image\" \/>\n<meta name=\"twitter:label1\" content=\"Est. reading time\" \/>\n\t<meta name=\"twitter:data1\" content=\"1 minute\" \/>\n<script type=\"application\/ld+json\" class=\"yoast-schema-graph\">{\"@context\":\"https:\/\/schema.org\",\"@graph\":[{\"@type\":\"WebPage\",\"@id\":\"https:\/\/devaharmony.com\/en\/store\/aloe-vera-support-for-immunity-and-digestion-60-capsules-vanan\/\",\"url\":\"https:\/\/devaharmony.com\/en\/store\/aloe-vera-support-for-immunity-and-digestion-60-capsules-vanan\/\",\"name\":\"Aloe Vera - Support for Immunity and Digestion - 60 Capsules | Vanan - Deva Harmony Poland\",\"isPartOf\":{\"@id\":\"https:\/\/devaharmony.com\/en\/#website\"},\"primaryImageOfPage\":{\"@id\":\"https:\/\/devaharmony.com\/en\/store\/aloe-vera-support-for-immunity-and-digestion-60-capsules-vanan\/#primaryimage\"},\"image\":{\"@id\":\"https:\/\/devaharmony.com\/en\/store\/aloe-vera-support-for-immunity-and-digestion-60-capsules-vanan\/#primaryimage\"},\"thumbnailUrl\":\"https:\/\/devaharmony.com\/en\/wp-content\/uploads\/2025\/04\/08f47960849f6eb285b3c18d05b7b897.jpg\",\"datePublished\":\"2025-04-23T11:17:54+00:00\",\"dateModified\":\"2026-03-11T06:05:25+00:00\",\"breadcrumb\":{\"@id\":\"https:\/\/devaharmony.com\/en\/store\/aloe-vera-support-for-immunity-and-digestion-60-capsules-vanan\/#breadcrumb\"},\"inLanguage\":\"en-US\",\"potentialAction\":[{\"@type\":\"ReadAction\",\"target\":[\"https:\/\/devaharmony.com\/en\/store\/aloe-vera-support-for-immunity-and-digestion-60-capsules-vanan\/\"]}]},{\"@type\":\"ImageObject\",\"inLanguage\":\"en-US\",\"@id\":\"https:\/\/devaharmony.com\/en\/store\/aloe-vera-support-for-immunity-and-digestion-60-capsules-vanan\/#primaryimage\",\"url\":\"https:\/\/devaharmony.com\/en\/wp-content\/uploads\/2025\/04\/08f47960849f6eb285b3c18d05b7b897.jpg\",\"contentUrl\":\"https:\/\/devaharmony.com\/en\/wp-content\/uploads\/2025\/04\/08f47960849f6eb285b3c18d05b7b897.jpg\",\"width\":1080,\"height\":1080},{\"@type\":\"BreadcrumbList\",\"@id\":\"https:\/\/devaharmony.com\/en\/store\/aloe-vera-support-for-immunity-and-digestion-60-capsules-vanan\/#breadcrumb\",\"itemListElement\":[{\"@type\":\"ListItem\",\"position\":1,\"name\":\"Home\",\"item\":\"https:\/\/devaharmony.com\/en\/\"},{\"@type\":\"ListItem\",\"position\":2,\"name\":\"Ayurvedic products\",\"item\":\"https:\/\/devaharmony.com\/en\/ayurvedic-products\/\"},{\"@type\":\"ListItem\",\"position\":3,\"name\":\"Aloe Vera &#8211; Support for Immunity and Digestion &#8211; 60 Capsules | Vanan\"}]},{\"@type\":\"WebSite\",\"@id\":\"https:\/\/devaharmony.com\/en\/#website\",\"url\":\"https:\/\/devaharmony.com\/en\/\",\"name\":\"Deva Harmony Poland\",\"description\":\"Ayurvedic Dietary Supplements.\",\"potentialAction\":[{\"@type\":\"SearchAction\",\"target\":{\"@type\":\"EntryPoint\",\"urlTemplate\":\"https:\/\/devaharmony.com\/en\/?s={search_term_string}\"},\"query-input\":\"required name=search_term_string\"}],\"inLanguage\":\"en-US\"}]}<\/script>\n<!-- \/ Yoast SEO plugin. -->","yoast_head_json":{"title":"Aloe Vera - Support for Immunity and Digestion - 60 Capsules | Vanan - Deva Harmony Poland","robots":{"index":"index","follow":"follow","max-snippet":"max-snippet:-1","max-image-preview":"max-image-preview:large","max-video-preview":"max-video-preview:-1"},"canonical":"https:\/\/devaharmony.com\/en\/store\/aloe-vera-support-for-immunity-and-digestion-60-capsules-vanan\/","og_locale":"en_US","og_type":"article","og_title":"Aloe Vera - Support for Immunity and Digestion - 60 Capsules | Vanan - Deva Harmony Poland","og_description":"Dla\u00a0 nawil\u017cania i od\u017cywiania suchej lub podra\u017cnionej sk\u00f3ry\u2022 Idealny dla tych, w kt\u00f3rych naturze kr\u00f3luje Vata \u2013 lekka, sucha, podatna na szorstko\u015b\u0107 i utrat\u0119 wilgoci.\u2022 Aloes intensywnie nawil\u017ca, regeneruje i koi wra\u017cliw\u0105 sk\u00f3r\u0119.\u2022 Sezam g\u0142\u0119boko od\u017cywia, rozgrzewa i przywraca sk\u00f3rze naturaln\u0105 mi\u0119kko\u015b\u0107.\u2022 Witamina E chroni przed utrat\u0105 wilgoci, odbudowuj\u0105c barier\u0119 ochronn\u0105 sk\u00f3ry.\u00a0Pojemno\u015b\u0107: 90 mlProdukt: 100 % wega\u0144ski, bez alergen\u00f3wPojemno\u015b\u0107: 60 kapsu\u0142ek1 opakowanie wystarcza na 2 miesi\u0105ce stosowania\u00a0","og_url":"https:\/\/devaharmony.com\/en\/store\/aloe-vera-support-for-immunity-and-digestion-60-capsules-vanan\/","og_site_name":"Deva Harmony Poland","article_modified_time":"2026-03-11T06:05:25+00:00","og_image":[{"width":1080,"height":1080,"url":"https:\/\/devaharmony.com\/en\/wp-content\/uploads\/2025\/04\/08f47960849f6eb285b3c18d05b7b897.jpg","type":"image\/jpeg"}],"twitter_card":"summary_large_image","twitter_misc":{"Est. reading time":"1 minute"},"schema":{"@context":"https:\/\/schema.org","@graph":[{"@type":"WebPage","@id":"https:\/\/devaharmony.com\/en\/store\/aloe-vera-support-for-immunity-and-digestion-60-capsules-vanan\/","url":"https:\/\/devaharmony.com\/en\/store\/aloe-vera-support-for-immunity-and-digestion-60-capsules-vanan\/","name":"Aloe Vera - Support for Immunity and Digestion - 60 Capsules | Vanan - Deva Harmony Poland","isPartOf":{"@id":"https:\/\/devaharmony.com\/en\/#website"},"primaryImageOfPage":{"@id":"https:\/\/devaharmony.com\/en\/store\/aloe-vera-support-for-immunity-and-digestion-60-capsules-vanan\/#primaryimage"},"image":{"@id":"https:\/\/devaharmony.com\/en\/store\/aloe-vera-support-for-immunity-and-digestion-60-capsules-vanan\/#primaryimage"},"thumbnailUrl":"https:\/\/devaharmony.com\/en\/wp-content\/uploads\/2025\/04\/08f47960849f6eb285b3c18d05b7b897.jpg","datePublished":"2025-04-23T11:17:54+00:00","dateModified":"2026-03-11T06:05:25+00:00","breadcrumb":{"@id":"https:\/\/devaharmony.com\/en\/store\/aloe-vera-support-for-immunity-and-digestion-60-capsules-vanan\/#breadcrumb"},"inLanguage":"en-US","potentialAction":[{"@type":"ReadAction","target":["https:\/\/devaharmony.com\/en\/store\/aloe-vera-support-for-immunity-and-digestion-60-capsules-vanan\/"]}]},{"@type":"ImageObject","inLanguage":"en-US","@id":"https:\/\/devaharmony.com\/en\/store\/aloe-vera-support-for-immunity-and-digestion-60-capsules-vanan\/#primaryimage","url":"https:\/\/devaharmony.com\/en\/wp-content\/uploads\/2025\/04\/08f47960849f6eb285b3c18d05b7b897.jpg","contentUrl":"https:\/\/devaharmony.com\/en\/wp-content\/uploads\/2025\/04\/08f47960849f6eb285b3c18d05b7b897.jpg","width":1080,"height":1080},{"@type":"BreadcrumbList","@id":"https:\/\/devaharmony.com\/en\/store\/aloe-vera-support-for-immunity-and-digestion-60-capsules-vanan\/#breadcrumb","itemListElement":[{"@type":"ListItem","position":1,"name":"Home","item":"https:\/\/devaharmony.com\/en\/"},{"@type":"ListItem","position":2,"name":"Ayurvedic products","item":"https:\/\/devaharmony.com\/en\/ayurvedic-products\/"},{"@type":"ListItem","position":3,"name":"Aloe Vera &#8211; Support for Immunity and Digestion &#8211; 60 Capsules | Vanan"}]},{"@type":"WebSite","@id":"https:\/\/devaharmony.com\/en\/#website","url":"https:\/\/devaharmony.com\/en\/","name":"Deva Harmony Poland","description":"Ayurvedic Dietary Supplements.","potentialAction":[{"@type":"SearchAction","target":{"@type":"EntryPoint","urlTemplate":"https:\/\/devaharmony.com\/en\/?s={search_term_string}"},"query-input":"required name=search_term_string"}],"inLanguage":"en-US"}]}},"_links":{"self":[{"href":"https:\/\/devaharmony.com\/en\/wp-json\/wp\/v2\/product\/22402"}],"collection":[{"href":"https:\/\/devaharmony.com\/en\/wp-json\/wp\/v2\/product"}],"about":[{"href":"https:\/\/devaharmony.com\/en\/wp-json\/wp\/v2\/types\/product"}],"wp:featuredmedia":[{"embeddable":true,"href":"https:\/\/devaharmony.com\/en\/wp-json\/wp\/v2\/media\/22401"}],"wp:attachment":[{"href":"https:\/\/devaharmony.com\/en\/wp-json\/wp\/v2\/media?parent=22402"}],"wp:term":[{"taxonomy":"product_cat","embeddable":true,"href":"https:\/\/devaharmony.com\/en\/wp-json\/wp\/v2\/product_cat?post=22402"},{"taxonomy":"product_tag","embeddable":true,"href":"https:\/\/devaharmony.com\/en\/wp-json\/wp\/v2\/product_tag?post=22402"}],"curies":[{"name":"wp","href":"https:\/\/api.w.org\/{rel}","templated":true}]}}