{"id":22394,"date":"2025-04-23T10:26:31","date_gmt":"2025-04-23T09:26:31","guid":{"rendered":"https:\/\/devaharmony.com\/en\/store\/shatavari-capsules-hormonal-balance-support-60-capsules-vanan\/"},"modified":"2026-04-06T21:33:23","modified_gmt":"2026-04-06T20:33:23","slug":"shatavari-capsules-hormonal-balance-support-60-capsules-vanan","status":"publish","type":"product","link":"https:\/\/devaharmony.com\/en\/store\/shatavari-capsules-hormonal-balance-support-60-capsules-vanan\/","title":{"rendered":"Shatavari Capsules &#8211; Hormonal Balance Support &#8211; 60 Capsules | Vanan"},"content":{"rendered":"<p>Vanan Shatavari capsules contain Asparagus racemosus, known in Ayurveda as Shatavari &#8211; an herb that supports hormonal balance and relieves menopausal symptoms. Rich in phytoestrogens and steroidal saponins, Shatavari helps reduce hot flashes, night sweats, anxiety and lowered mood while supporting physical, mental and sexual health. Thanks to its adaptogenic properties, it helps regulate the endocrine system and increases resistance to stress. Shatavari&#8217;s effectiveness in treating endocrine disorders, including polycystic ovary syndrome (PCOS), is confirmed by numerous clinical studies. Vanan Shatavari capsules are distinguished by their precise dosage &#8211; each capsule contains as much as 1.2 grams of powdered Shatavari root. Each batch of the product undergoes detailed analytical testing, including chromatographic techniques, which guarantees the quality and purity of the supplement.<\/p>\n<p><\/p>\n<p><b>Free of artificial preservatives, flavors and fragrances<\/b><\/p>\n<p><b>Free of sugar, salt, yeast, wheat,soy, gluten and dairy<\/b><\/p>\n<p><b>Certificates: Vegan, Kosher, Halal, GMP<\/b><\/p>\n<p><b><br \/><\/b><\/p>\n<p style=\"margin-bottom: 0.26cm;line-height: 0.56cm\">\n<font color=\"#4e565f\"><font face=\"Open Sans, Helvetica Neue, Helvetica, Arial, sans-serif\"><font style=\"font-size: 9pt\"><b>100%<br \/>\nvegan product<\/b><\/font><\/font><\/font><\/p>\n<p style=\"margin-bottom: 0.26cm;line-height: 0.56cm\">\n<p style=\"margin-bottom: 0.26cm;line-height: 0.56cm\">\n<font color=\"#4e565f\"><font face=\"Open Sans, Helvetica Neue, Helvetica, Arial, sans-serif\"><font style=\"font-size: 9pt\"><b>DER<br \/>\nstandardized product<\/b><\/font><\/font><\/font><\/p>\n<p style=\"margin-bottom: 0.26cm;line-height: 0.56cm\">\n<font color=\"#4e565f\"><font face=\"Open Sans, Helvetica Neue, Helvetica, Arial, sans-serif\"><font style=\"font-size: 9pt\"><b>Recommended<br \/>\ndaily dose:<\/b>\u00a01 capsule<\/font><\/font><\/font><\/p>\n<p style=\"margin-bottom: 0.26cm;line-height: 0.56cm\">\n<font color=\"#4e565f\"><font face=\"Open Sans, Helvetica Neue, Helvetica, Arial, sans-serif\"><font style=\"font-size: 9pt\"><b>Capacity<\/b>:<br \/>\n60 capsules<\/font><\/font><\/font><\/p>\n<p style=\"margin-bottom: 0.26cm;line-height: 0.56cm\">\n<font color=\"#4e565f\"><font face=\"Open Sans, Helvetica Neue, Helvetica, Arial, sans-serif\"><font style=\"font-size: 9pt\"><b>Manufacturer:\u00a0<\/b>APEX<br \/>\nLABORATORIES PRIVATE LTD,<\/font><\/font><\/font><\/p>\n<p style=\"margin-bottom: 0.26cm;line-height: 0.56cm\">\n<font color=\"#4e565f\"><font face=\"Open Sans, Helvetica Neue, Helvetica, Arial, sans-serif\"><font style=\"font-size: 9pt\"><b>Country<br \/>\nof origin:<\/b>\u00a0India<\/font><\/font><\/font><\/p>\n<p style=\"margin-bottom: 0.26cm;line-height: 0.56cm\">\n<p style=\"margin-bottom: 0.26cm;line-height: 0.56cm\">\n<font color=\"#4e565f\"><font face=\"Open Sans, Helvetica Neue, Helvetica, Arial, sans-serif\"><font style=\"font-size: 9pt\">*Do<br \/>\nnot exceed the recommended daily serving for consumption. Dietary<br \/>\nsupplement should not be used as a substitute (replacement) for a<br \/>\nvaried diet. Follow a healthy lifestyle and balanced diet. Do not use<br \/>\nin case of hypersensitivity to the ingredients of the preparation.<br \/>\nThe product is not intended for children, pregnant or nursing women.<\/font><\/font><\/font><\/p>\n<p style=\"margin-bottom: 0.26cm;line-height: 0.56cm\">\n<p style=\"margin-bottom: 0.26cm;line-height: 0.56cm\">\n<font color=\"#4e565f\"><font face=\"Open Sans, Helvetica Neue, Helvetica, Arial, sans-serif\"><font style=\"font-size: 9pt\">*GMO-free<br \/>\nproduct.<\/font><\/font><\/font><\/p>\n<p style=\"margin-bottom: 0.26cm;line-height: 0.56cm\">\n<p style=\"margin-bottom: 0.26cm;line-height: 0.56cm\">\n<font color=\"#4e565f\"><font face=\"Open Sans, Helvetica Neue, Helvetica, Arial, sans-serif\"><font style=\"font-size: 9pt\">*Keep<br \/>\nout of reach of small children. Protect from light and moisture.<\/font><\/font><\/font><\/p>\n<p style=\"margin-bottom: 0.26cm;line-height: 0.56cm\">\n<p style=\"margin-bottom: 0.26cm;line-height: 0.56cm\">\n<font color=\"#4e565f\"><font face=\"Open Sans, Helvetica Neue, Helvetica, Arial, sans-serif\"><font style=\"font-size: 9pt\">*The<br \/>\nproduct described is a dietary supplement, it is not a medicinal<br \/>\nproduct attributed to the prevention or treatment of human diseases.<\/font><\/font><\/font><\/p>\n<p style=\"margin-bottom: 0.26cm;line-height: 0.56cm\">\n<p style=\"margin-bottom: 0.26cm;line-height: 0.56cm\">\n<font color=\"#4e565f\"><font face=\"Open Sans, Helvetica Neue, Helvetica, Arial, sans-serif\"><font style=\"font-size: 9pt\">*It<br \/>\nis best to consult a doctor or pharmacist when taking herbal<br \/>\npreparations, as choosing the right herbal preparation requires as<br \/>\nmuch knowledge as with a chemical preparation. It is important to<br \/>\nremember that herbal preparations can interact with medications you<br \/>\nare taking and can pose health risks. Some herbal preparations can<br \/>\ncause strong effects, so it is important to follow all<br \/>\nrecommendations and restrictions given by the manufacturer.<br \/>\nBreastfeeding mothers and pregnant women must be especially careful<br \/>\nwhen using them.<\/font><\/font><\/font><\/p>\n<\/p>\n<p style=\"margin-bottom: 0cm\"><\/p>\n","protected":false},"excerpt":{"rendered":"<p>Shatavari \u2013 kobieca moc natury w ka\u017cdej kapsu\u0142ce<\/p>\n<p><\/p>\n<ul style=\"font-size: 13px\">\n<li>Wspiera r\u00f3wnowag\u0119 hormonaln\u0105\u00a0<\/li>\n<li><span style=\"color: var(--gray-800)\">Redukuje objawy menopauzy<\/span><\/li>\n<li><span style=\"color: var(--gray-800)\">Pomaga w zaburzeniach hormonalnych<\/span><\/li>\n<li><span style=\"color: var(--gray-800)\">Poprawia nastr\u00f3j i zmniejsza napi\u0119cie\u00a0<\/span><\/li>\n<li><span style=\"color: var(--gray-800)\">Wspiera libido i zdrowie seksualne\u00a0<\/span><\/li>\n<li><span style=\"color: var(--gray-800)\">Wzmacnia odporno\u015b\u0107 na stres\u00a0<\/span><\/li>\n<li><span style=\"color: var(--gray-800)\">Posiada dzia\u0142anie tonizuj\u0105ce\u00a0<\/span><\/li>\n<\/ul>\n<div><span style=\"font-size: 13px\"><br \/><\/span><\/div>\n<div>\n<div><span style=\"font-size: 13px\"><b>Produkt: 100 % wega\u0144ski, bez alergen\u00f3w<\/b><\/span><\/div>\n<div><span style=\"font-size: 13px\"><b>Pojemno\u015b\u0107:<\/b> 60 kapsu\u0142ek<\/span><\/div>\n<div><span style=\"font-size: 13px\"><b>1 opakowanie wystarcza na 2 miesi\u0105ce stosowania<\/b><\/span><\/div>\n<div><span style=\"font-size: 13px\"><br \/><\/span><\/div>\n<div><span style=\"font-size: 13px\"><br \/><\/span><\/div>\n<div style=\"font-size: 13px\"><\/div>\n<\/div>\n<p><\/p>\n<p><\/p>\n","protected":false},"featured_media":22393,"template":"","meta":[],"product_cat":[587,601],"product_tag":[],"class_list":{"0":"post-22394","1":"product","2":"type-product","3":"status-publish","4":"has-post-thumbnail","6":"product_cat-ayurvedic-supplements","7":"product_cat-herbal-tablets-and-capsules","9":"first","10":"instock","11":"taxable","12":"shipping-taxable","13":"purchasable","14":"product-type-simple","15":"add-to-wishlist-before_image"},"acf":{"ilosc_sztuk_w_pudelku":"","ilosc_pudelek_w_kartonie":"","wykluczyc_z_szybkich_zakupow":["default"]},"yoast_head":"<!-- This site is optimized with the Yoast SEO plugin v23.1 - https:\/\/yoast.com\/wordpress\/plugins\/seo\/ -->\n<title>Shatavari Capsules - Hormonal Balance Support - 60 Capsules | Vanan - Deva Harmony Poland<\/title>\n<meta name=\"robots\" content=\"index, follow, max-snippet:-1, max-image-preview:large, max-video-preview:-1\" \/>\n<link rel=\"canonical\" href=\"https:\/\/devaharmony.com\/en\/store\/shatavari-capsules-hormonal-balance-support-60-capsules-vanan\/\" \/>\n<meta property=\"og:locale\" content=\"en_US\" \/>\n<meta property=\"og:type\" content=\"article\" \/>\n<meta property=\"og:title\" content=\"Shatavari Capsules - Hormonal Balance Support - 60 Capsules | Vanan - Deva Harmony Poland\" \/>\n<meta property=\"og:description\" content=\"Shatavari \u2013 kobieca moc natury w ka\u017cdej kapsu\u0142ceWspiera r\u00f3wnowag\u0119 hormonaln\u0105\u00a0Redukuje objawy menopauzyPomaga w zaburzeniach hormonalnychPoprawia nastr\u00f3j i zmniejsza napi\u0119cie\u00a0Wspiera libido i zdrowie seksualne\u00a0Wzmacnia odporno\u015b\u0107 na stres\u00a0Posiada dzia\u0142anie tonizuj\u0105ce\u00a0Produkt: 100 % wega\u0144ski, bez alergen\u00f3wPojemno\u015b\u0107: 60 kapsu\u0142ek1 opakowanie wystarcza na 2 miesi\u0105ce stosowania\" \/>\n<meta property=\"og:url\" content=\"https:\/\/devaharmony.com\/en\/store\/shatavari-capsules-hormonal-balance-support-60-capsules-vanan\/\" \/>\n<meta property=\"og:site_name\" content=\"Deva Harmony Poland\" \/>\n<meta property=\"article:modified_time\" content=\"2026-04-06T20:33:23+00:00\" \/>\n<meta property=\"og:image\" content=\"https:\/\/devaharmony.com\/en\/wp-content\/uploads\/2025\/04\/dce06a3848edc6fb37b1fc052f523e52.jpg\" \/>\n\t<meta property=\"og:image:width\" content=\"1080\" \/>\n\t<meta property=\"og:image:height\" content=\"1080\" \/>\n\t<meta property=\"og:image:type\" content=\"image\/jpeg\" \/>\n<meta name=\"twitter:card\" content=\"summary_large_image\" \/>\n<meta name=\"twitter:label1\" content=\"Est. reading time\" \/>\n\t<meta name=\"twitter:data1\" content=\"2 minutes\" \/>\n<script type=\"application\/ld+json\" class=\"yoast-schema-graph\">{\"@context\":\"https:\/\/schema.org\",\"@graph\":[{\"@type\":\"WebPage\",\"@id\":\"https:\/\/devaharmony.com\/en\/store\/shatavari-capsules-hormonal-balance-support-60-capsules-vanan\/\",\"url\":\"https:\/\/devaharmony.com\/en\/store\/shatavari-capsules-hormonal-balance-support-60-capsules-vanan\/\",\"name\":\"Shatavari Capsules - Hormonal Balance Support - 60 Capsules | Vanan - Deva Harmony Poland\",\"isPartOf\":{\"@id\":\"https:\/\/devaharmony.com\/en\/#website\"},\"primaryImageOfPage\":{\"@id\":\"https:\/\/devaharmony.com\/en\/store\/shatavari-capsules-hormonal-balance-support-60-capsules-vanan\/#primaryimage\"},\"image\":{\"@id\":\"https:\/\/devaharmony.com\/en\/store\/shatavari-capsules-hormonal-balance-support-60-capsules-vanan\/#primaryimage\"},\"thumbnailUrl\":\"https:\/\/devaharmony.com\/en\/wp-content\/uploads\/2025\/04\/dce06a3848edc6fb37b1fc052f523e52.jpg\",\"datePublished\":\"2025-04-23T09:26:31+00:00\",\"dateModified\":\"2026-04-06T20:33:23+00:00\",\"breadcrumb\":{\"@id\":\"https:\/\/devaharmony.com\/en\/store\/shatavari-capsules-hormonal-balance-support-60-capsules-vanan\/#breadcrumb\"},\"inLanguage\":\"en-US\",\"potentialAction\":[{\"@type\":\"ReadAction\",\"target\":[\"https:\/\/devaharmony.com\/en\/store\/shatavari-capsules-hormonal-balance-support-60-capsules-vanan\/\"]}]},{\"@type\":\"ImageObject\",\"inLanguage\":\"en-US\",\"@id\":\"https:\/\/devaharmony.com\/en\/store\/shatavari-capsules-hormonal-balance-support-60-capsules-vanan\/#primaryimage\",\"url\":\"https:\/\/devaharmony.com\/en\/wp-content\/uploads\/2025\/04\/dce06a3848edc6fb37b1fc052f523e52.jpg\",\"contentUrl\":\"https:\/\/devaharmony.com\/en\/wp-content\/uploads\/2025\/04\/dce06a3848edc6fb37b1fc052f523e52.jpg\",\"width\":1080,\"height\":1080},{\"@type\":\"BreadcrumbList\",\"@id\":\"https:\/\/devaharmony.com\/en\/store\/shatavari-capsules-hormonal-balance-support-60-capsules-vanan\/#breadcrumb\",\"itemListElement\":[{\"@type\":\"ListItem\",\"position\":1,\"name\":\"Home\",\"item\":\"https:\/\/devaharmony.com\/en\/\"},{\"@type\":\"ListItem\",\"position\":2,\"name\":\"Ayurvedic products\",\"item\":\"https:\/\/devaharmony.com\/en\/ayurvedic-products\/\"},{\"@type\":\"ListItem\",\"position\":3,\"name\":\"Shatavari Capsules &#8211; Hormonal Balance Support &#8211; 60 Capsules | Vanan\"}]},{\"@type\":\"WebSite\",\"@id\":\"https:\/\/devaharmony.com\/en\/#website\",\"url\":\"https:\/\/devaharmony.com\/en\/\",\"name\":\"Deva Harmony Poland\",\"description\":\"Ayurvedic Dietary Supplements.\",\"potentialAction\":[{\"@type\":\"SearchAction\",\"target\":{\"@type\":\"EntryPoint\",\"urlTemplate\":\"https:\/\/devaharmony.com\/en\/?s={search_term_string}\"},\"query-input\":\"required name=search_term_string\"}],\"inLanguage\":\"en-US\"}]}<\/script>\n<!-- \/ Yoast SEO plugin. -->","yoast_head_json":{"title":"Shatavari Capsules - Hormonal Balance Support - 60 Capsules | Vanan - Deva Harmony Poland","robots":{"index":"index","follow":"follow","max-snippet":"max-snippet:-1","max-image-preview":"max-image-preview:large","max-video-preview":"max-video-preview:-1"},"canonical":"https:\/\/devaharmony.com\/en\/store\/shatavari-capsules-hormonal-balance-support-60-capsules-vanan\/","og_locale":"en_US","og_type":"article","og_title":"Shatavari Capsules - Hormonal Balance Support - 60 Capsules | Vanan - Deva Harmony Poland","og_description":"Shatavari \u2013 kobieca moc natury w ka\u017cdej kapsu\u0142ceWspiera r\u00f3wnowag\u0119 hormonaln\u0105\u00a0Redukuje objawy menopauzyPomaga w zaburzeniach hormonalnychPoprawia nastr\u00f3j i zmniejsza napi\u0119cie\u00a0Wspiera libido i zdrowie seksualne\u00a0Wzmacnia odporno\u015b\u0107 na stres\u00a0Posiada dzia\u0142anie tonizuj\u0105ce\u00a0Produkt: 100 % wega\u0144ski, bez alergen\u00f3wPojemno\u015b\u0107: 60 kapsu\u0142ek1 opakowanie wystarcza na 2 miesi\u0105ce stosowania","og_url":"https:\/\/devaharmony.com\/en\/store\/shatavari-capsules-hormonal-balance-support-60-capsules-vanan\/","og_site_name":"Deva Harmony Poland","article_modified_time":"2026-04-06T20:33:23+00:00","og_image":[{"width":1080,"height":1080,"url":"https:\/\/devaharmony.com\/en\/wp-content\/uploads\/2025\/04\/dce06a3848edc6fb37b1fc052f523e52.jpg","type":"image\/jpeg"}],"twitter_card":"summary_large_image","twitter_misc":{"Est. reading time":"2 minutes"},"schema":{"@context":"https:\/\/schema.org","@graph":[{"@type":"WebPage","@id":"https:\/\/devaharmony.com\/en\/store\/shatavari-capsules-hormonal-balance-support-60-capsules-vanan\/","url":"https:\/\/devaharmony.com\/en\/store\/shatavari-capsules-hormonal-balance-support-60-capsules-vanan\/","name":"Shatavari Capsules - Hormonal Balance Support - 60 Capsules | Vanan - Deva Harmony Poland","isPartOf":{"@id":"https:\/\/devaharmony.com\/en\/#website"},"primaryImageOfPage":{"@id":"https:\/\/devaharmony.com\/en\/store\/shatavari-capsules-hormonal-balance-support-60-capsules-vanan\/#primaryimage"},"image":{"@id":"https:\/\/devaharmony.com\/en\/store\/shatavari-capsules-hormonal-balance-support-60-capsules-vanan\/#primaryimage"},"thumbnailUrl":"https:\/\/devaharmony.com\/en\/wp-content\/uploads\/2025\/04\/dce06a3848edc6fb37b1fc052f523e52.jpg","datePublished":"2025-04-23T09:26:31+00:00","dateModified":"2026-04-06T20:33:23+00:00","breadcrumb":{"@id":"https:\/\/devaharmony.com\/en\/store\/shatavari-capsules-hormonal-balance-support-60-capsules-vanan\/#breadcrumb"},"inLanguage":"en-US","potentialAction":[{"@type":"ReadAction","target":["https:\/\/devaharmony.com\/en\/store\/shatavari-capsules-hormonal-balance-support-60-capsules-vanan\/"]}]},{"@type":"ImageObject","inLanguage":"en-US","@id":"https:\/\/devaharmony.com\/en\/store\/shatavari-capsules-hormonal-balance-support-60-capsules-vanan\/#primaryimage","url":"https:\/\/devaharmony.com\/en\/wp-content\/uploads\/2025\/04\/dce06a3848edc6fb37b1fc052f523e52.jpg","contentUrl":"https:\/\/devaharmony.com\/en\/wp-content\/uploads\/2025\/04\/dce06a3848edc6fb37b1fc052f523e52.jpg","width":1080,"height":1080},{"@type":"BreadcrumbList","@id":"https:\/\/devaharmony.com\/en\/store\/shatavari-capsules-hormonal-balance-support-60-capsules-vanan\/#breadcrumb","itemListElement":[{"@type":"ListItem","position":1,"name":"Home","item":"https:\/\/devaharmony.com\/en\/"},{"@type":"ListItem","position":2,"name":"Ayurvedic products","item":"https:\/\/devaharmony.com\/en\/ayurvedic-products\/"},{"@type":"ListItem","position":3,"name":"Shatavari Capsules &#8211; Hormonal Balance Support &#8211; 60 Capsules | Vanan"}]},{"@type":"WebSite","@id":"https:\/\/devaharmony.com\/en\/#website","url":"https:\/\/devaharmony.com\/en\/","name":"Deva Harmony Poland","description":"Ayurvedic Dietary Supplements.","potentialAction":[{"@type":"SearchAction","target":{"@type":"EntryPoint","urlTemplate":"https:\/\/devaharmony.com\/en\/?s={search_term_string}"},"query-input":"required name=search_term_string"}],"inLanguage":"en-US"}]}},"_links":{"self":[{"href":"https:\/\/devaharmony.com\/en\/wp-json\/wp\/v2\/product\/22394"}],"collection":[{"href":"https:\/\/devaharmony.com\/en\/wp-json\/wp\/v2\/product"}],"about":[{"href":"https:\/\/devaharmony.com\/en\/wp-json\/wp\/v2\/types\/product"}],"wp:featuredmedia":[{"embeddable":true,"href":"https:\/\/devaharmony.com\/en\/wp-json\/wp\/v2\/media\/22393"}],"wp:attachment":[{"href":"https:\/\/devaharmony.com\/en\/wp-json\/wp\/v2\/media?parent=22394"}],"wp:term":[{"taxonomy":"product_cat","embeddable":true,"href":"https:\/\/devaharmony.com\/en\/wp-json\/wp\/v2\/product_cat?post=22394"},{"taxonomy":"product_tag","embeddable":true,"href":"https:\/\/devaharmony.com\/en\/wp-json\/wp\/v2\/product_tag?post=22394"}],"curies":[{"name":"wp","href":"https:\/\/api.w.org\/{rel}","templated":true}]}}