{"id":20617,"date":"2023-07-18T09:33:25","date_gmt":"2023-07-18T08:33:25","guid":{"rendered":"https:\/\/devaharmony.com\/en\/national-ayurvedic-consultant\/"},"modified":"2023-07-18T09:33:25","modified_gmt":"2023-07-18T08:33:25","slug":"national-ayurvedic-consultant","status":"publish","type":"page","link":"https:\/\/devaharmony.com\/en\/national-ayurvedic-consultant\/","title":{"rendered":"National Ayurvedic Consultant"},"content":{"rendered":"<p><span style=\"font-size: medium\"><span lang=\"en\">We are pleased to introduce El\u017cbieta \u017buk-Widma\u0144ska, who received the title of Ayurvedic Consultant at the Jiva Faridabad Institute, and was taught by Dr. Part Chauchan himself.<\/span><\/span><\/p>\n<pre> <\/pre>\n\n\n<p class=\"has-text-align-left has-text-color\" style=\"color:#7ec676;font-size:30px\"><strong>El\u017cbieta \u017buk &#8211; Widma\u0144ska<\/strong><\/p>\n\n\n\n<p class=\"has-text-align-left\">I have been dealing with Ayurveda since 2004. I gained knowledge about it directly at the Jiva Ayurveda Institute in India. My teacher was Dr. Partapa. Following the rules of the holistic science, method of learning natural self-education, with Ayurvedic massage courses at the School of Ayurveda and Panchacarma in Kanoor. I created the website, ajurweda.pl. I am the author of a Polish translation of the English book by Dr. Partap Chauhan \u2018\u2019Eternal Health- The Essence of Ayurveda\u2019\u2019<\/p>\n\n\n\n<p class=\"has-text-align-left\">Today I teach Ayurveda. I run trainings and courses on Ayurvedic treatments and Ayurvedic cooking in Warsaw, Pozna\u0144, Szczecin and E\u0142k. I teach Ayurveda at the Integral Yoga teacher training course at the Yoga &#8211; Joga.pl school and for those who are interested, I organize trips to Ayurveda courses in India, to the Jiva Ayurveda Institute. On daily basis<strong>,<\/strong> I see patients in Ayurveda centre in \u0141omianki. Based on the knowledge of Ayurveda, I teach how to live in harmony with yourself, how to eat to heal the body and mind, and to be able to enjoy every day.<\/p>\n\n\n\n<p class=\"has-text-align-left\">I have co-runAyurvedic numerous workshops and shows- among others those at the LNE cosmetic congresses in Krakow and the Progesteron festival in \u0141\u00f3d\u017a, Wroc\u0142aw and Warsaw. I have run training courses in Ayurvedic massage at the Massage Festival in Gda\u0144sk. I run Ayurvedic workshops for Alcha &#8211; Personal Development Center.<\/p>\n\n\n\n<p class=\"has-text-align-left\">My passion is Vedic philosophy, which I study under the supervision of an outstanding specialist in this field, Dr. Satanarayna Das from the Jiva Institute of Vedic Studies.<\/p>\n\n\n\n<p class=\"has-text-align-left\">Ayurvedic knowledge is timeless, people have taken advantage of its benefits for thousands of years. I believe that by following its principles, we can live in health, peace and love, and that is what each of us wants.<\/p>\n\n\n\n<p class=\"has-text-align-center\"> <\/p>\n\n\n\n<div class=\"wp-block-image\"><figure class=\"aligncenter size-large\"><img fetchpriority=\"high\" decoding=\"async\" width=\"342\" height=\"512\" src=\"http:\/\/devaharmmony.local:52348\/en\/wp-content\/uploads\/sites\/3\/2021\/12\/rsz_1zuk-widmanska_-684x1024-1.jpg\" alt=\"\" class=\"wp-image-3481\" srcset=\"https:\/\/devaharmony.com\/en\/wp-content\/uploads\/2021\/12\/rsz_1zuk-widmanska_-684x1024-1.jpg 342w, https:\/\/devaharmony.com\/en\/wp-content\/uploads\/2021\/12\/rsz_1zuk-widmanska_-684x1024-1-300x449.jpg 300w, https:\/\/devaharmony.com\/en\/wp-content\/uploads\/2021\/12\/rsz_1zuk-widmanska_-684x1024-1-200x300.jpg 200w\" sizes=\"(max-width: 342px) 100vw, 342px\" \/><figcaption>     <em>El\u017cbieta \u017buk-Widma\u0144ska<\/em><\/figcaption><\/figure><\/div>\n","protected":false},"excerpt":{"rendered":"<p>We are pleased to introduce El\u017cbieta \u017buk-Widma\u0144ska, who received the title of Ayurvedic Consultant at the Jiva Faridabad Institute, and was taught by Dr. Part Chauchan himself. El\u017cbieta \u017buk &#8211; Widma\u0144ska I have been dealing with Ayurveda since 2004. I gained knowledge about it directly at the Jiva Ayurveda Institute in India. My teacher was [&hellip;]<\/p>\n","protected":false},"author":2051,"featured_media":0,"parent":0,"menu_order":0,"comment_status":"open","ping_status":"open","template":"","meta":{"footnotes":""},"class_list":["post-20617","page","type-page","status-publish","hentry"],"acf":[],"yoast_head":"<!-- This site is optimized with the Yoast SEO plugin v23.1 - https:\/\/yoast.com\/wordpress\/plugins\/seo\/ -->\n<title>National Ayurvedic Consultant - Deva Harmony Poland<\/title>\n<meta name=\"robots\" content=\"index, follow, max-snippet:-1, max-image-preview:large, max-video-preview:-1\" \/>\n<link rel=\"canonical\" href=\"https:\/\/devaharmony.com\/en\/national-ayurvedic-consultant\/\" \/>\n<meta property=\"og:locale\" content=\"en_US\" \/>\n<meta property=\"og:type\" content=\"article\" \/>\n<meta property=\"og:title\" content=\"National Ayurvedic Consultant - Deva Harmony Poland\" \/>\n<meta property=\"og:description\" content=\"We are pleased to introduce El\u017cbieta \u017buk-Widma\u0144ska, who received the title of Ayurvedic Consultant at the Jiva Faridabad Institute, and was taught by Dr. Part Chauchan himself. El\u017cbieta \u017buk &#8211; Widma\u0144ska I have been dealing with Ayurveda since 2004. I gained knowledge about it directly at the Jiva Ayurveda Institute in India. My teacher was [&hellip;]\" \/>\n<meta property=\"og:url\" content=\"https:\/\/devaharmony.com\/en\/national-ayurvedic-consultant\/\" \/>\n<meta property=\"og:site_name\" content=\"Deva Harmony Poland\" \/>\n<meta property=\"og:image\" content=\"http:\/\/devaharmmony.local:52348\/en\/wp-content\/uploads\/sites\/3\/2021\/12\/rsz_1zuk-widmanska_-684x1024-1.jpg\" \/>\n<meta name=\"twitter:card\" content=\"summary_large_image\" \/>\n<meta name=\"twitter:label1\" content=\"Est. reading time\" \/>\n\t<meta name=\"twitter:data1\" content=\"2 minutes\" \/>\n<script type=\"application\/ld+json\" class=\"yoast-schema-graph\">{\"@context\":\"https:\/\/schema.org\",\"@graph\":[{\"@type\":\"WebPage\",\"@id\":\"https:\/\/devaharmony.com\/en\/national-ayurvedic-consultant\/\",\"url\":\"https:\/\/devaharmony.com\/en\/national-ayurvedic-consultant\/\",\"name\":\"National Ayurvedic Consultant - Deva Harmony Poland\",\"isPartOf\":{\"@id\":\"https:\/\/devaharmony.com\/en\/#website\"},\"primaryImageOfPage\":{\"@id\":\"https:\/\/devaharmony.com\/en\/national-ayurvedic-consultant\/#primaryimage\"},\"image\":{\"@id\":\"https:\/\/devaharmony.com\/en\/national-ayurvedic-consultant\/#primaryimage\"},\"thumbnailUrl\":\"http:\/\/devaharmmony.local:52348\/en\/wp-content\/uploads\/sites\/3\/2021\/12\/rsz_1zuk-widmanska_-684x1024-1.jpg\",\"datePublished\":\"2023-07-18T08:33:25+00:00\",\"dateModified\":\"2023-07-18T08:33:25+00:00\",\"breadcrumb\":{\"@id\":\"https:\/\/devaharmony.com\/en\/national-ayurvedic-consultant\/#breadcrumb\"},\"inLanguage\":\"en-US\",\"potentialAction\":[{\"@type\":\"ReadAction\",\"target\":[\"https:\/\/devaharmony.com\/en\/national-ayurvedic-consultant\/\"]}]},{\"@type\":\"ImageObject\",\"inLanguage\":\"en-US\",\"@id\":\"https:\/\/devaharmony.com\/en\/national-ayurvedic-consultant\/#primaryimage\",\"url\":\"http:\/\/devaharmmony.local:52348\/en\/wp-content\/uploads\/sites\/3\/2021\/12\/rsz_1zuk-widmanska_-684x1024-1.jpg\",\"contentUrl\":\"http:\/\/devaharmmony.local:52348\/en\/wp-content\/uploads\/sites\/3\/2021\/12\/rsz_1zuk-widmanska_-684x1024-1.jpg\"},{\"@type\":\"BreadcrumbList\",\"@id\":\"https:\/\/devaharmony.com\/en\/national-ayurvedic-consultant\/#breadcrumb\",\"itemListElement\":[{\"@type\":\"ListItem\",\"position\":1,\"name\":\"Home\",\"item\":\"https:\/\/devaharmony.com\/en\/\"},{\"@type\":\"ListItem\",\"position\":2,\"name\":\"National Ayurvedic Consultant\"}]},{\"@type\":\"WebSite\",\"@id\":\"https:\/\/devaharmony.com\/en\/#website\",\"url\":\"https:\/\/devaharmony.com\/en\/\",\"name\":\"Deva Harmony Poland\",\"description\":\"Ayurvedic Dietary Supplements.\",\"potentialAction\":[{\"@type\":\"SearchAction\",\"target\":{\"@type\":\"EntryPoint\",\"urlTemplate\":\"https:\/\/devaharmony.com\/en\/?s={search_term_string}\"},\"query-input\":\"required name=search_term_string\"}],\"inLanguage\":\"en-US\"}]}<\/script>\n<!-- \/ Yoast SEO plugin. -->","yoast_head_json":{"title":"National Ayurvedic Consultant - Deva Harmony Poland","robots":{"index":"index","follow":"follow","max-snippet":"max-snippet:-1","max-image-preview":"max-image-preview:large","max-video-preview":"max-video-preview:-1"},"canonical":"https:\/\/devaharmony.com\/en\/national-ayurvedic-consultant\/","og_locale":"en_US","og_type":"article","og_title":"National Ayurvedic Consultant - Deva Harmony Poland","og_description":"We are pleased to introduce El\u017cbieta \u017buk-Widma\u0144ska, who received the title of Ayurvedic Consultant at the Jiva Faridabad Institute, and was taught by Dr. Part Chauchan himself. El\u017cbieta \u017buk &#8211; Widma\u0144ska I have been dealing with Ayurveda since 2004. I gained knowledge about it directly at the Jiva Ayurveda Institute in India. My teacher was [&hellip;]","og_url":"https:\/\/devaharmony.com\/en\/national-ayurvedic-consultant\/","og_site_name":"Deva Harmony Poland","og_image":[{"url":"http:\/\/devaharmmony.local:52348\/en\/wp-content\/uploads\/sites\/3\/2021\/12\/rsz_1zuk-widmanska_-684x1024-1.jpg"}],"twitter_card":"summary_large_image","twitter_misc":{"Est. reading time":"2 minutes"},"schema":{"@context":"https:\/\/schema.org","@graph":[{"@type":"WebPage","@id":"https:\/\/devaharmony.com\/en\/national-ayurvedic-consultant\/","url":"https:\/\/devaharmony.com\/en\/national-ayurvedic-consultant\/","name":"National Ayurvedic Consultant - Deva Harmony Poland","isPartOf":{"@id":"https:\/\/devaharmony.com\/en\/#website"},"primaryImageOfPage":{"@id":"https:\/\/devaharmony.com\/en\/national-ayurvedic-consultant\/#primaryimage"},"image":{"@id":"https:\/\/devaharmony.com\/en\/national-ayurvedic-consultant\/#primaryimage"},"thumbnailUrl":"http:\/\/devaharmmony.local:52348\/en\/wp-content\/uploads\/sites\/3\/2021\/12\/rsz_1zuk-widmanska_-684x1024-1.jpg","datePublished":"2023-07-18T08:33:25+00:00","dateModified":"2023-07-18T08:33:25+00:00","breadcrumb":{"@id":"https:\/\/devaharmony.com\/en\/national-ayurvedic-consultant\/#breadcrumb"},"inLanguage":"en-US","potentialAction":[{"@type":"ReadAction","target":["https:\/\/devaharmony.com\/en\/national-ayurvedic-consultant\/"]}]},{"@type":"ImageObject","inLanguage":"en-US","@id":"https:\/\/devaharmony.com\/en\/national-ayurvedic-consultant\/#primaryimage","url":"http:\/\/devaharmmony.local:52348\/en\/wp-content\/uploads\/sites\/3\/2021\/12\/rsz_1zuk-widmanska_-684x1024-1.jpg","contentUrl":"http:\/\/devaharmmony.local:52348\/en\/wp-content\/uploads\/sites\/3\/2021\/12\/rsz_1zuk-widmanska_-684x1024-1.jpg"},{"@type":"BreadcrumbList","@id":"https:\/\/devaharmony.com\/en\/national-ayurvedic-consultant\/#breadcrumb","itemListElement":[{"@type":"ListItem","position":1,"name":"Home","item":"https:\/\/devaharmony.com\/en\/"},{"@type":"ListItem","position":2,"name":"National Ayurvedic Consultant"}]},{"@type":"WebSite","@id":"https:\/\/devaharmony.com\/en\/#website","url":"https:\/\/devaharmony.com\/en\/","name":"Deva Harmony Poland","description":"Ayurvedic Dietary Supplements.","potentialAction":[{"@type":"SearchAction","target":{"@type":"EntryPoint","urlTemplate":"https:\/\/devaharmony.com\/en\/?s={search_term_string}"},"query-input":"required name=search_term_string"}],"inLanguage":"en-US"}]}},"_links":{"self":[{"href":"https:\/\/devaharmony.com\/en\/wp-json\/wp\/v2\/pages\/20617"}],"collection":[{"href":"https:\/\/devaharmony.com\/en\/wp-json\/wp\/v2\/pages"}],"about":[{"href":"https:\/\/devaharmony.com\/en\/wp-json\/wp\/v2\/types\/page"}],"author":[{"embeddable":true,"href":"https:\/\/devaharmony.com\/en\/wp-json\/wp\/v2\/users\/2051"}],"replies":[{"embeddable":true,"href":"https:\/\/devaharmony.com\/en\/wp-json\/wp\/v2\/comments?post=20617"}],"version-history":[{"count":0,"href":"https:\/\/devaharmony.com\/en\/wp-json\/wp\/v2\/pages\/20617\/revisions"}],"wp:attachment":[{"href":"https:\/\/devaharmony.com\/en\/wp-json\/wp\/v2\/media?parent=20617"}],"curies":[{"name":"wp","href":"https:\/\/api.w.org\/{rel}","templated":true}]}}