{"id":20609,"date":"2023-07-18T09:32:35","date_gmt":"2023-07-18T08:32:35","guid":{"rendered":"https:\/\/devaharmony.com\/en\/atma-ayurvedic-academy\/"},"modified":"2023-07-18T09:32:35","modified_gmt":"2023-07-18T08:32:35","slug":"atma-ayurvedic-academy","status":"publish","type":"page","link":"https:\/\/devaharmony.com\/en\/atma-ayurvedic-academy\/","title":{"rendered":"Ayuverdic Academy"},"content":{"rendered":"\n<p>The wisdom of Ayurveda is timeless. With its deep understanding of human nature, Ayurveda is able to answer many questions about human life. How to take care of oneself so as not to fall ill? How to nourish oneself? How to build happy relationships? How to find love in life? How to be happy? But also: Who am I? And what is the purpose of human life.<br>Ayurveda always views man in connection with nature and the community in which he lives, and teaches us how to live in harmony and balance.<\/p>\n\n\n\n<p>We believe that following its principles changes everyone&#8217;s life for the better.<\/p>\n\n\n\n<p><\/p>\n\n\n\n<p>Both the Akademia Atma *(Atma Academy) and Ajurweda.pl were created out of love for Ayurveda and the desire to share this knowledge with others.<\/p>\n\n\n\n<p>El\u017cbieta \u017buk-Widma\u0144ska and Edyta Sici\u0144ska<\/p>\n\n\n\n<p><a href=\"https:\/\/akademiaatma.com\/\" target=\"_blank\" rel=\"nofollow noopener\">https:\/\/akademiaatma.com\/<\/a><\/p>\n\n\n\n<p><a href=\"https:\/\/ajurweda.pl\/\" target=\"_blank\" rel=\"nofollow noopener\">http:\/\/ajurweda.pl\/<\/a><\/p>\n","protected":false},"excerpt":{"rendered":"<p>The wisdom of Ayurveda is timeless. With its deep understanding of human nature, Ayurveda is able to answer many questions about human life. How to take care of oneself so as not to fall ill? How to nourish oneself? How to build happy relationships? How to find love in life? How to be happy? But [&hellip;]<\/p>\n","protected":false},"author":2051,"featured_media":0,"parent":0,"menu_order":0,"comment_status":"open","ping_status":"open","template":"","meta":{"footnotes":""},"class_list":["post-20609","page","type-page","status-publish","hentry"],"acf":[],"yoast_head":"<!-- This site is optimized with the Yoast SEO plugin v23.1 - https:\/\/yoast.com\/wordpress\/plugins\/seo\/ -->\n<title>Ayuverdic Academy - Deva Harmony Poland<\/title>\n<meta name=\"robots\" content=\"index, follow, max-snippet:-1, max-image-preview:large, max-video-preview:-1\" \/>\n<link rel=\"canonical\" href=\"https:\/\/devaharmony.com\/en\/atma-ayurvedic-academy\/\" \/>\n<meta property=\"og:locale\" content=\"en_US\" \/>\n<meta property=\"og:type\" content=\"article\" \/>\n<meta property=\"og:title\" content=\"Ayuverdic Academy - Deva Harmony Poland\" \/>\n<meta property=\"og:description\" content=\"The wisdom of Ayurveda is timeless. With its deep understanding of human nature, Ayurveda is able to answer many questions about human life. How to take care of oneself so as not to fall ill? How to nourish oneself? How to build happy relationships? How to find love in life? How to be happy? But [&hellip;]\" \/>\n<meta property=\"og:url\" content=\"https:\/\/devaharmony.com\/en\/atma-ayurvedic-academy\/\" \/>\n<meta property=\"og:site_name\" content=\"Deva Harmony Poland\" \/>\n<meta name=\"twitter:card\" content=\"summary_large_image\" \/>\n<meta name=\"twitter:label1\" content=\"Est. reading time\" \/>\n\t<meta name=\"twitter:data1\" content=\"1 minute\" \/>\n<script type=\"application\/ld+json\" class=\"yoast-schema-graph\">{\"@context\":\"https:\/\/schema.org\",\"@graph\":[{\"@type\":\"WebPage\",\"@id\":\"https:\/\/devaharmony.com\/en\/atma-ayurvedic-academy\/\",\"url\":\"https:\/\/devaharmony.com\/en\/atma-ayurvedic-academy\/\",\"name\":\"Ayuverdic Academy - Deva Harmony Poland\",\"isPartOf\":{\"@id\":\"https:\/\/devaharmony.com\/en\/#website\"},\"datePublished\":\"2023-07-18T08:32:35+00:00\",\"dateModified\":\"2023-07-18T08:32:35+00:00\",\"breadcrumb\":{\"@id\":\"https:\/\/devaharmony.com\/en\/atma-ayurvedic-academy\/#breadcrumb\"},\"inLanguage\":\"en-US\",\"potentialAction\":[{\"@type\":\"ReadAction\",\"target\":[\"https:\/\/devaharmony.com\/en\/atma-ayurvedic-academy\/\"]}]},{\"@type\":\"BreadcrumbList\",\"@id\":\"https:\/\/devaharmony.com\/en\/atma-ayurvedic-academy\/#breadcrumb\",\"itemListElement\":[{\"@type\":\"ListItem\",\"position\":1,\"name\":\"Home\",\"item\":\"https:\/\/devaharmony.com\/en\/\"},{\"@type\":\"ListItem\",\"position\":2,\"name\":\"Ayuverdic Academy\"}]},{\"@type\":\"WebSite\",\"@id\":\"https:\/\/devaharmony.com\/en\/#website\",\"url\":\"https:\/\/devaharmony.com\/en\/\",\"name\":\"Deva Harmony Poland\",\"description\":\"Ayurvedic Dietary Supplements.\",\"potentialAction\":[{\"@type\":\"SearchAction\",\"target\":{\"@type\":\"EntryPoint\",\"urlTemplate\":\"https:\/\/devaharmony.com\/en\/?s={search_term_string}\"},\"query-input\":\"required name=search_term_string\"}],\"inLanguage\":\"en-US\"}]}<\/script>\n<!-- \/ Yoast SEO plugin. -->","yoast_head_json":{"title":"Ayuverdic Academy - Deva Harmony Poland","robots":{"index":"index","follow":"follow","max-snippet":"max-snippet:-1","max-image-preview":"max-image-preview:large","max-video-preview":"max-video-preview:-1"},"canonical":"https:\/\/devaharmony.com\/en\/atma-ayurvedic-academy\/","og_locale":"en_US","og_type":"article","og_title":"Ayuverdic Academy - Deva Harmony Poland","og_description":"The wisdom of Ayurveda is timeless. With its deep understanding of human nature, Ayurveda is able to answer many questions about human life. How to take care of oneself so as not to fall ill? How to nourish oneself? How to build happy relationships? How to find love in life? How to be happy? But [&hellip;]","og_url":"https:\/\/devaharmony.com\/en\/atma-ayurvedic-academy\/","og_site_name":"Deva Harmony Poland","twitter_card":"summary_large_image","twitter_misc":{"Est. reading time":"1 minute"},"schema":{"@context":"https:\/\/schema.org","@graph":[{"@type":"WebPage","@id":"https:\/\/devaharmony.com\/en\/atma-ayurvedic-academy\/","url":"https:\/\/devaharmony.com\/en\/atma-ayurvedic-academy\/","name":"Ayuverdic Academy - Deva Harmony Poland","isPartOf":{"@id":"https:\/\/devaharmony.com\/en\/#website"},"datePublished":"2023-07-18T08:32:35+00:00","dateModified":"2023-07-18T08:32:35+00:00","breadcrumb":{"@id":"https:\/\/devaharmony.com\/en\/atma-ayurvedic-academy\/#breadcrumb"},"inLanguage":"en-US","potentialAction":[{"@type":"ReadAction","target":["https:\/\/devaharmony.com\/en\/atma-ayurvedic-academy\/"]}]},{"@type":"BreadcrumbList","@id":"https:\/\/devaharmony.com\/en\/atma-ayurvedic-academy\/#breadcrumb","itemListElement":[{"@type":"ListItem","position":1,"name":"Home","item":"https:\/\/devaharmony.com\/en\/"},{"@type":"ListItem","position":2,"name":"Ayuverdic Academy"}]},{"@type":"WebSite","@id":"https:\/\/devaharmony.com\/en\/#website","url":"https:\/\/devaharmony.com\/en\/","name":"Deva Harmony Poland","description":"Ayurvedic Dietary Supplements.","potentialAction":[{"@type":"SearchAction","target":{"@type":"EntryPoint","urlTemplate":"https:\/\/devaharmony.com\/en\/?s={search_term_string}"},"query-input":"required name=search_term_string"}],"inLanguage":"en-US"}]}},"_links":{"self":[{"href":"https:\/\/devaharmony.com\/en\/wp-json\/wp\/v2\/pages\/20609"}],"collection":[{"href":"https:\/\/devaharmony.com\/en\/wp-json\/wp\/v2\/pages"}],"about":[{"href":"https:\/\/devaharmony.com\/en\/wp-json\/wp\/v2\/types\/page"}],"author":[{"embeddable":true,"href":"https:\/\/devaharmony.com\/en\/wp-json\/wp\/v2\/users\/2051"}],"replies":[{"embeddable":true,"href":"https:\/\/devaharmony.com\/en\/wp-json\/wp\/v2\/comments?post=20609"}],"version-history":[{"count":0,"href":"https:\/\/devaharmony.com\/en\/wp-json\/wp\/v2\/pages\/20609\/revisions"}],"wp:attachment":[{"href":"https:\/\/devaharmony.com\/en\/wp-json\/wp\/v2\/media?parent=20609"}],"curies":[{"name":"wp","href":"https:\/\/api.w.org\/{rel}","templated":true}]}}