{"id":22806,"date":"2025-04-23T12:17:49","date_gmt":"2025-04-23T11:17:49","guid":{"rendered":"https:\/\/devaharmony.com\/de\/speichern\/aloe-vera-kapseln-staerkung-verdauung-60-stueck-vanan\/"},"modified":"2026-03-11T07:05:38","modified_gmt":"2026-03-11T06:05:38","slug":"aloe-vera-kapseln-staerkung-verdauung-60-stueck-vanan","status":"publish","type":"product","link":"https:\/\/devaharmony.com\/de\/speichern\/aloe-vera-kapseln-staerkung-verdauung-60-stueck-vanan\/","title":{"rendered":"Aloe Vera Kapseln \u2013 St\u00e4rkung &amp; Verdauung \u2013 60 St\u00fcck | Vanan"},"content":{"rendered":"<p data-start=\"2355\" data-end=\"2632\" class=\"\"><strong data-start=\"2355\" data-end=\"2477\">Entdecke die Kraft von Moringa oleifera \u2013 dem sogenannten \u201eBaum des Lebens\u201c \u2013 in der praktischen Kapselform von Vanan!<\/strong><br data-start=\"2477\" data-end=\"2480\"><br \/>\nDieses Superfood ist eine wahre Schatzkammer an Vitaminen, Mineralstoffen, Aminos\u00e4uren, Beta-Carotin sowie essenziellen Omega-3- und Omega-6-Fetts\u00e4uren.<\/p>\n<p data-start=\"2634\" data-end=\"2871\" class=\"\"><strong data-start=\"2634\" data-end=\"2659\">Vanan Moringa-Kapseln<\/strong> bieten umfassende Unterst\u00fctzung f\u00fcr deine Gesundheit \u2013 von der St\u00e4rkung der Knochen durch den hohen Kalziumgehalt bis zur Linderung von Gelenkschmerzen dank ihrer entz\u00fcndungshemmenden und antioxidativen Wirkung.<\/p>\n<p data-start=\"2873\" data-end=\"3128\" class=\"\">Jede Kapsel ist pr\u00e4zise formuliert, um eine ideale N\u00e4hrstoffdosis zu liefern. Jede Produktcharge wird mittels fortschrittlicher Qualit\u00e4tstests, einschlie\u00dflich Chromatographie, gepr\u00fcft, um Reinheit, Wirksamkeit und vollst\u00e4ndige Sicherheit zu gew\u00e4hrleisten.<\/p>\n<p data-start=\"3130\" data-end=\"3206\" class=\"\"><strong data-start=\"3130\" data-end=\"3206\">Mehr Energie, st\u00e4rkere Abwehrkr\u00e4fte \u2013 entscheide dich f\u00fcr Vanan Moringa.<\/strong><\/p>\n<ul data-start=\"3208\" data-end=\"3389\">\n<li data-start=\"3208\" data-end=\"3272\" class=\"\">\n<p data-start=\"3210\" data-end=\"3272\" class=\"\">Ohne k\u00fcnstliche Konservierungsstoffe, Aromen oder Duftstoffe<\/p>\n<\/li>\n<li data-start=\"3273\" data-end=\"3345\" class=\"\">\n<p data-start=\"3275\" data-end=\"3345\" class=\"\">Frei von Zucker, Salz, Hefe, Weizen, Soja, Gluten und Milchprodukten<\/p>\n<\/li>\n<li data-start=\"3346\" data-end=\"3389\" class=\"\">\n<p data-start=\"3348\" data-end=\"3389\" class=\"\">Zertifikate: Vegan, Koscher, Halal, GMP<\/p>\n<\/li>\n<\/ul>\n<div><\/div>\n<\/p>\n<p data-start=\"3391\" data-end=\"3602\" class=\"\"><strong data-start=\"3391\" data-end=\"3416\">100 % veganes Produkt<\/strong><br data-start=\"3416\" data-end=\"3419\"><br \/>\n<strong data-start=\"3419\" data-end=\"3461\">Standardisierter Pflanzenextrakt (DER)<\/strong><br data-start=\"3461\" data-end=\"3464\"><br \/>\n<strong data-start=\"3464\" data-end=\"3489\">Empfohlene Tagesdosis<\/strong>: 1 Kapsel<br data-start=\"3499\" data-end=\"3502\"><br \/>\n<strong data-start=\"3502\" data-end=\"3512\">Inhalt<\/strong>: 60 Kapseln<br data-start=\"3524\" data-end=\"3527\"><br \/>\n<strong data-start=\"3527\" data-end=\"3541\">Hersteller<\/strong>: APEX LABORATORIES PRIVATE LTD<br data-start=\"3572\" data-end=\"3575\"><br \/>\n<strong data-start=\"3575\" data-end=\"3592\">Herkunftsland<\/strong>: Indien<\/p>\n<p data-start=\"3391\" data-end=\"3602\" class=\"\"><\/p>\n<ul data-start=\"3633\" data-end=\"4113\">\n<li data-start=\"3633\" data-end=\"3695\" class=\"\">\n<p data-start=\"3635\" data-end=\"3695\" class=\"\">Die empfohlene Tagesdosis darf nicht \u00fcberschritten werden.<\/p>\n<\/li>\n<li data-start=\"3696\" data-end=\"3796\" class=\"\">\n<p data-start=\"3698\" data-end=\"3796\" class=\"\">Nahrungserg\u00e4nzungsmittel sind kein Ersatz f\u00fcr eine ausgewogene und abwechslungsreiche Ern\u00e4hrung.<\/p>\n<\/li>\n<li data-start=\"3797\" data-end=\"3858\" class=\"\">\n<p data-start=\"3799\" data-end=\"3858\" class=\"\">Eine gesunde Lebensweise und Ern\u00e4hrung sind unerl\u00e4sslich.<\/p>\n<\/li>\n<li data-start=\"3859\" data-end=\"3936\" class=\"\">\n<p data-start=\"3861\" data-end=\"3936\" class=\"\">Nicht anwenden bei \u00dcberempfindlichkeit gegen\u00fcber einem der Inhaltsstoffe.<\/p>\n<\/li>\n<li data-start=\"3937\" data-end=\"3994\" class=\"\">\n<p data-start=\"3939\" data-end=\"3994\" class=\"\">Nicht geeignet f\u00fcr Kinder, Schwangere oder Stillende.<\/p>\n<\/li>\n<li data-start=\"3995\" data-end=\"4014\" class=\"\">\n<p data-start=\"3997\" data-end=\"4014\" class=\"\">Gentechnikfrei.<\/p>\n<\/li>\n<li data-start=\"4015\" data-end=\"4113\" class=\"\">\n<p data-start=\"4017\" data-end=\"4113\" class=\"\">Au\u00dferhalb der Reichweite von kleinen Kindern aufbewahren. Vor Licht und Feuchtigkeit sch\u00fctzen.<\/p>\n<\/li>\n<\/ul>\n<div><\/div>\n<p data-start=\"4115\" data-end=\"4265\" class=\"\">* Dieses Produkt ist ein Nahrungserg\u00e4nzungsmittel und kein Arzneimittel. Es ist nicht zur Vorbeugung, Diagnose oder Behandlung von Krankheiten bestimmt.<\/p>\n<p data-start=\"4267\" data-end=\"4761\" class=\"\">* Die Einnahme pflanzlicher Pr\u00e4parate sollte mit einem Arzt oder Apotheker abgestimmt werden, da die Auswahl eines geeigneten Produkts ebenso viel Fachwissen erfordert wie bei pharmazeutischen Pr\u00e4paraten. Pflanzliche Mittel k\u00f6nnen mit Medikamenten interagieren und gesundheitliche Risiken darstellen. Einige Kr\u00e4uter k\u00f6nnen starke Wirkungen haben \u2013 halten Sie sich stets an die Hinweise und Einschr\u00e4nkungen des Herstellers. Schwangere und stillende Frauen sollten besondere Vorsicht walten lassen.<\/p>\n<p><\/p>\n","protected":false},"excerpt":{"rendered":"<p data-start=\"562\" data-end=\"624\" class=\"\"><strong data-start=\"562\" data-end=\"624\">Moringa \u2013 Die nat\u00fcrliche N\u00e4hrstoffbombe f\u00fcr deinen K\u00f6rper!<\/strong><\/p>\n<p data-start=\"562\" data-end=\"624\" class=\"\"><strong data-start=\"562\" data-end=\"624\"><br \/><\/strong><\/p>\n<ul data-start=\"626\" data-end=\"787\">\n<li data-start=\"626\" data-end=\"655\" class=\"\">\n<p data-start=\"628\" data-end=\"655\" class=\"\">St\u00e4rkung des Immunsystems<\/p>\n<\/li>\n<li data-start=\"656\" data-end=\"719\" class=\"\">\n<p data-start=\"658\" data-end=\"719\" class=\"\">Verbesserung von Konzentration und allgemeinem Wohlbefinden<\/p>\n<\/li>\n<li data-start=\"720\" data-end=\"751\" class=\"\">\n<p data-start=\"722\" data-end=\"751\" class=\"\">Entz\u00fcndungshemmende Wirkung<\/p>\n<\/li>\n<li data-start=\"752\" data-end=\"787\" class=\"\">\n<p data-start=\"754\" data-end=\"787\" class=\"\">Unterst\u00fctzung des Stoffwechsels<\/p>\n<\/li>\n<\/ul>\n<div><\/div>\n<\/p>\n<p data-start=\"789\" data-end=\"908\" class=\"\"><strong data-start=\"789\" data-end=\"800\">Produkt<\/strong>: 100 % vegan, frei von Allergenen<br data-start=\"834\" data-end=\"837\"><br \/>\n<strong data-start=\"837\" data-end=\"847\">Inhalt<\/strong>: 60 Kapseln<br data-start=\"859\" data-end=\"862\"><br \/>\n<strong data-start=\"862\" data-end=\"908\">Eine Packung reicht f\u00fcr 2 Monate Anwendung<\/strong><\/p>\n","protected":false},"featured_media":22805,"template":"","meta":[],"product_cat":[666,680],"product_tag":[],"class_list":{"0":"post-22806","1":"product","2":"type-product","3":"status-publish","4":"has-post-thumbnail","6":"product_cat-ayurvedische-erganzungen","7":"product_cat-krautertabletten-und-kapseln","9":"first","10":"instock","11":"taxable","12":"shipping-taxable","13":"purchasable","14":"product-type-simple","15":"add-to-wishlist-before_image"},"acf":{"ilosc_sztuk_w_pudelku":"","ilosc_pudelek_w_kartonie":"","wykluczyc_z_szybkich_zakupow":["default"]},"yoast_head":"<!-- This site is optimized with the Yoast SEO plugin v23.1 - https:\/\/yoast.com\/wordpress\/plugins\/seo\/ -->\n<title>Aloe Vera Kapseln \u2013 St\u00e4rkung &amp; Verdauung \u2013 60 St\u00fcck | Vanan - Deva Harmony Polen<\/title>\n<meta name=\"robots\" content=\"index, follow, max-snippet:-1, max-image-preview:large, max-video-preview:-1\" \/>\n<link rel=\"canonical\" href=\"https:\/\/devaharmony.com\/de\/speichern\/aloe-vera-kapseln-staerkung-verdauung-60-stueck-vanan\/\" \/>\n<meta property=\"og:locale\" content=\"de_DE\" \/>\n<meta property=\"og:type\" content=\"article\" \/>\n<meta property=\"og:title\" content=\"Aloe Vera Kapseln \u2013 St\u00e4rkung &amp; Verdauung \u2013 60 St\u00fcck | Vanan - Deva Harmony Polen\" \/>\n<meta property=\"og:description\" content=\"Moringa \u2013 Die nat\u00fcrliche N\u00e4hrstoffbombe f\u00fcr deinen K\u00f6rper! St\u00e4rkung des Immunsystems  Verbesserung von Konzentration und allgemeinem Wohlbefinden  Entz\u00fcndungshemmende Wirkung  Unterst\u00fctzung des Stoffwechsels  Produkt: 100 % vegan, frei von Allergenen Inhalt: 60 Kapseln Eine Packung reicht f\u00fcr 2 Monate Anwendung\" \/>\n<meta property=\"og:url\" content=\"https:\/\/devaharmony.com\/de\/speichern\/aloe-vera-kapseln-staerkung-verdauung-60-stueck-vanan\/\" \/>\n<meta property=\"og:site_name\" content=\"Deva Harmony Polen\" \/>\n<meta property=\"article:modified_time\" content=\"2026-03-11T06:05:38+00:00\" \/>\n<meta property=\"og:image\" content=\"https:\/\/devaharmony.com\/de\/wp-content\/uploads\/2025\/04\/08f47960849f6eb285b3c18d05b7b897.jpg\" \/>\n\t<meta property=\"og:image:width\" content=\"1080\" \/>\n\t<meta property=\"og:image:height\" content=\"1080\" \/>\n\t<meta property=\"og:image:type\" content=\"image\/jpeg\" \/>\n<meta name=\"twitter:card\" content=\"summary_large_image\" \/>\n<meta name=\"twitter:label1\" content=\"Gesch\u00e4tzte Lesezeit\" \/>\n\t<meta name=\"twitter:data1\" content=\"2\u00a0Minuten\" \/>\n<script type=\"application\/ld+json\" class=\"yoast-schema-graph\">{\"@context\":\"https:\/\/schema.org\",\"@graph\":[{\"@type\":\"WebPage\",\"@id\":\"https:\/\/devaharmony.com\/de\/speichern\/aloe-vera-kapseln-staerkung-verdauung-60-stueck-vanan\/\",\"url\":\"https:\/\/devaharmony.com\/de\/speichern\/aloe-vera-kapseln-staerkung-verdauung-60-stueck-vanan\/\",\"name\":\"Aloe Vera Kapseln \u2013 St\u00e4rkung &amp; Verdauung \u2013 60 St\u00fcck | Vanan - Deva Harmony Polen\",\"isPartOf\":{\"@id\":\"https:\/\/devaharmony.com\/de\/#website\"},\"primaryImageOfPage\":{\"@id\":\"https:\/\/devaharmony.com\/de\/speichern\/aloe-vera-kapseln-staerkung-verdauung-60-stueck-vanan\/#primaryimage\"},\"image\":{\"@id\":\"https:\/\/devaharmony.com\/de\/speichern\/aloe-vera-kapseln-staerkung-verdauung-60-stueck-vanan\/#primaryimage\"},\"thumbnailUrl\":\"https:\/\/devaharmony.com\/de\/wp-content\/uploads\/2025\/04\/08f47960849f6eb285b3c18d05b7b897.jpg\",\"datePublished\":\"2025-04-23T11:17:49+00:00\",\"dateModified\":\"2026-03-11T06:05:38+00:00\",\"breadcrumb\":{\"@id\":\"https:\/\/devaharmony.com\/de\/speichern\/aloe-vera-kapseln-staerkung-verdauung-60-stueck-vanan\/#breadcrumb\"},\"inLanguage\":\"de\",\"potentialAction\":[{\"@type\":\"ReadAction\",\"target\":[\"https:\/\/devaharmony.com\/de\/speichern\/aloe-vera-kapseln-staerkung-verdauung-60-stueck-vanan\/\"]}]},{\"@type\":\"ImageObject\",\"inLanguage\":\"de\",\"@id\":\"https:\/\/devaharmony.com\/de\/speichern\/aloe-vera-kapseln-staerkung-verdauung-60-stueck-vanan\/#primaryimage\",\"url\":\"https:\/\/devaharmony.com\/de\/wp-content\/uploads\/2025\/04\/08f47960849f6eb285b3c18d05b7b897.jpg\",\"contentUrl\":\"https:\/\/devaharmony.com\/de\/wp-content\/uploads\/2025\/04\/08f47960849f6eb285b3c18d05b7b897.jpg\",\"width\":1080,\"height\":1080},{\"@type\":\"BreadcrumbList\",\"@id\":\"https:\/\/devaharmony.com\/de\/speichern\/aloe-vera-kapseln-staerkung-verdauung-60-stueck-vanan\/#breadcrumb\",\"itemListElement\":[{\"@type\":\"ListItem\",\"position\":1,\"name\":\"Home\",\"item\":\"https:\/\/devaharmony.com\/de\/\"},{\"@type\":\"ListItem\",\"position\":2,\"name\":\"Ayurvedische Produkte\",\"item\":\"https:\/\/devaharmony.com\/de\/ayurvedische-produkte\/\"},{\"@type\":\"ListItem\",\"position\":3,\"name\":\"Aloe Vera Kapseln \u2013 St\u00e4rkung &amp; Verdauung \u2013 60 St\u00fcck | Vanan\"}]},{\"@type\":\"WebSite\",\"@id\":\"https:\/\/devaharmony.com\/de\/#website\",\"url\":\"https:\/\/devaharmony.com\/de\/\",\"name\":\"Deva Harmony Polen\",\"description\":\"Ayurvedische Nahrungserg\u00e4nzungsmittel\",\"potentialAction\":[{\"@type\":\"SearchAction\",\"target\":{\"@type\":\"EntryPoint\",\"urlTemplate\":\"https:\/\/devaharmony.com\/de\/?s={search_term_string}\"},\"query-input\":\"required name=search_term_string\"}],\"inLanguage\":\"de\"}]}<\/script>\n<!-- \/ Yoast SEO plugin. -->","yoast_head_json":{"title":"Aloe Vera Kapseln \u2013 St\u00e4rkung &amp; Verdauung \u2013 60 St\u00fcck | Vanan - Deva Harmony Polen","robots":{"index":"index","follow":"follow","max-snippet":"max-snippet:-1","max-image-preview":"max-image-preview:large","max-video-preview":"max-video-preview:-1"},"canonical":"https:\/\/devaharmony.com\/de\/speichern\/aloe-vera-kapseln-staerkung-verdauung-60-stueck-vanan\/","og_locale":"de_DE","og_type":"article","og_title":"Aloe Vera Kapseln \u2013 St\u00e4rkung &amp; Verdauung \u2013 60 St\u00fcck | Vanan - Deva Harmony Polen","og_description":"Moringa \u2013 Die nat\u00fcrliche N\u00e4hrstoffbombe f\u00fcr deinen K\u00f6rper! St\u00e4rkung des Immunsystems  Verbesserung von Konzentration und allgemeinem Wohlbefinden  Entz\u00fcndungshemmende Wirkung  Unterst\u00fctzung des Stoffwechsels  Produkt: 100 % vegan, frei von Allergenen Inhalt: 60 Kapseln Eine Packung reicht f\u00fcr 2 Monate Anwendung","og_url":"https:\/\/devaharmony.com\/de\/speichern\/aloe-vera-kapseln-staerkung-verdauung-60-stueck-vanan\/","og_site_name":"Deva Harmony Polen","article_modified_time":"2026-03-11T06:05:38+00:00","og_image":[{"width":1080,"height":1080,"url":"https:\/\/devaharmony.com\/de\/wp-content\/uploads\/2025\/04\/08f47960849f6eb285b3c18d05b7b897.jpg","type":"image\/jpeg"}],"twitter_card":"summary_large_image","twitter_misc":{"Gesch\u00e4tzte Lesezeit":"2\u00a0Minuten"},"schema":{"@context":"https:\/\/schema.org","@graph":[{"@type":"WebPage","@id":"https:\/\/devaharmony.com\/de\/speichern\/aloe-vera-kapseln-staerkung-verdauung-60-stueck-vanan\/","url":"https:\/\/devaharmony.com\/de\/speichern\/aloe-vera-kapseln-staerkung-verdauung-60-stueck-vanan\/","name":"Aloe Vera Kapseln \u2013 St\u00e4rkung &amp; Verdauung \u2013 60 St\u00fcck | Vanan - Deva Harmony Polen","isPartOf":{"@id":"https:\/\/devaharmony.com\/de\/#website"},"primaryImageOfPage":{"@id":"https:\/\/devaharmony.com\/de\/speichern\/aloe-vera-kapseln-staerkung-verdauung-60-stueck-vanan\/#primaryimage"},"image":{"@id":"https:\/\/devaharmony.com\/de\/speichern\/aloe-vera-kapseln-staerkung-verdauung-60-stueck-vanan\/#primaryimage"},"thumbnailUrl":"https:\/\/devaharmony.com\/de\/wp-content\/uploads\/2025\/04\/08f47960849f6eb285b3c18d05b7b897.jpg","datePublished":"2025-04-23T11:17:49+00:00","dateModified":"2026-03-11T06:05:38+00:00","breadcrumb":{"@id":"https:\/\/devaharmony.com\/de\/speichern\/aloe-vera-kapseln-staerkung-verdauung-60-stueck-vanan\/#breadcrumb"},"inLanguage":"de","potentialAction":[{"@type":"ReadAction","target":["https:\/\/devaharmony.com\/de\/speichern\/aloe-vera-kapseln-staerkung-verdauung-60-stueck-vanan\/"]}]},{"@type":"ImageObject","inLanguage":"de","@id":"https:\/\/devaharmony.com\/de\/speichern\/aloe-vera-kapseln-staerkung-verdauung-60-stueck-vanan\/#primaryimage","url":"https:\/\/devaharmony.com\/de\/wp-content\/uploads\/2025\/04\/08f47960849f6eb285b3c18d05b7b897.jpg","contentUrl":"https:\/\/devaharmony.com\/de\/wp-content\/uploads\/2025\/04\/08f47960849f6eb285b3c18d05b7b897.jpg","width":1080,"height":1080},{"@type":"BreadcrumbList","@id":"https:\/\/devaharmony.com\/de\/speichern\/aloe-vera-kapseln-staerkung-verdauung-60-stueck-vanan\/#breadcrumb","itemListElement":[{"@type":"ListItem","position":1,"name":"Home","item":"https:\/\/devaharmony.com\/de\/"},{"@type":"ListItem","position":2,"name":"Ayurvedische Produkte","item":"https:\/\/devaharmony.com\/de\/ayurvedische-produkte\/"},{"@type":"ListItem","position":3,"name":"Aloe Vera Kapseln \u2013 St\u00e4rkung &amp; Verdauung \u2013 60 St\u00fcck | Vanan"}]},{"@type":"WebSite","@id":"https:\/\/devaharmony.com\/de\/#website","url":"https:\/\/devaharmony.com\/de\/","name":"Deva Harmony Polen","description":"Ayurvedische Nahrungserg\u00e4nzungsmittel","potentialAction":[{"@type":"SearchAction","target":{"@type":"EntryPoint","urlTemplate":"https:\/\/devaharmony.com\/de\/?s={search_term_string}"},"query-input":"required name=search_term_string"}],"inLanguage":"de"}]}},"_links":{"self":[{"href":"https:\/\/devaharmony.com\/de\/wp-json\/wp\/v2\/product\/22806"}],"collection":[{"href":"https:\/\/devaharmony.com\/de\/wp-json\/wp\/v2\/product"}],"about":[{"href":"https:\/\/devaharmony.com\/de\/wp-json\/wp\/v2\/types\/product"}],"wp:featuredmedia":[{"embeddable":true,"href":"https:\/\/devaharmony.com\/de\/wp-json\/wp\/v2\/media\/22805"}],"wp:attachment":[{"href":"https:\/\/devaharmony.com\/de\/wp-json\/wp\/v2\/media?parent=22806"}],"wp:term":[{"taxonomy":"product_cat","embeddable":true,"href":"https:\/\/devaharmony.com\/de\/wp-json\/wp\/v2\/product_cat?post=22806"},{"taxonomy":"product_tag","embeddable":true,"href":"https:\/\/devaharmony.com\/de\/wp-json\/wp\/v2\/product_tag?post=22806"}],"curies":[{"name":"wp","href":"https:\/\/api.w.org\/{rel}","templated":true}]}}