{"id":22804,"date":"2025-04-23T11:52:36","date_gmt":"2025-04-23T10:52:36","guid":{"rendered":"https:\/\/devaharmony.com\/de\/speichern\/moringa-bewegungsfreude-und-regeneration-60-kapseln-vanand\/"},"modified":"2026-04-07T09:47:32","modified_gmt":"2026-04-07T08:47:32","slug":"moringa-bewegungsfreude-und-regeneration-60-kapseln-vanand","status":"publish","type":"product","link":"https:\/\/devaharmony.com\/de\/speichern\/moringa-bewegungsfreude-und-regeneration-60-kapseln-vanand\/","title":{"rendered":"Moringa \u2013 Bewegungsfreude und Regeneration \u2013 60 Kapseln | Vanand"},"content":{"rendered":"<p data-start=\"2393\" data-end=\"2670\" class=\"\"><strong data-start=\"2393\" data-end=\"2515\">Entdecke die Kraft von Moringa oleifera \u2013 dem sogenannten \u201eBaum des Lebens\u201c \u2013 in der praktischen Kapselform von Vanan!<\/strong><br data-start=\"2515\" data-end=\"2518\"><br \/>\nDieses Superfood ist eine wahre Schatzkammer an Vitaminen, Mineralstoffen, Aminos\u00e4uren, Beta-Carotin sowie essenziellen Omega-3- und Omega-6-Fetts\u00e4uren.<\/p>\n<p data-start=\"2672\" data-end=\"2905\" class=\"\"><strong data-start=\"2672\" data-end=\"2697\">Vanan Moringa-Kapseln<\/strong> bieten vielseitige Unterst\u00fctzung f\u00fcr die Gesundheit \u2013 von der St\u00e4rkung der Knochen durch einen hohen Kalziumgehalt bis zur Linderung von Gelenkschmerzen durch entz\u00fcndungshemmende und antioxidative Wirkungen.<\/p>\n<p data-start=\"2907\" data-end=\"3162\" class=\"\">Jede Kapsel ist pr\u00e4zise formuliert und liefert eine optimale Portion an N\u00e4hrstoffen. Jede Charge wird mittels fortschrittlicher Qualit\u00e4tsanalysen \u2013 einschlie\u00dflich Chromatografie \u2013 gepr\u00fcft, um Reinheit, Wirksamkeit und absolute Sicherheit zu gew\u00e4hrleisten.<\/p>\n<p data-start=\"3164\" data-end=\"3240\" class=\"\"><strong data-start=\"3164\" data-end=\"3240\">Mehr Energie, st\u00e4rkere Abwehrkr\u00e4fte \u2013 entscheide dich f\u00fcr Vanan Moringa.<\/strong><\/p>\n<ul data-start=\"3242\" data-end=\"3423\">\n<li data-start=\"3242\" data-end=\"3306\" class=\"\">\n<p data-start=\"3244\" data-end=\"3306\" class=\"\">Ohne k\u00fcnstliche Konservierungsstoffe, Aromen oder Duftstoffe<\/p>\n<\/li>\n<li data-start=\"3307\" data-end=\"3379\" class=\"\">\n<p data-start=\"3309\" data-end=\"3379\" class=\"\">Frei von Zucker, Salz, Hefe, Weizen, Soja, Gluten und Milchprodukten<\/p>\n<\/li>\n<li data-start=\"3380\" data-end=\"3423\" class=\"\">\n<p data-start=\"3382\" data-end=\"3423\" class=\"\">Zertifikate: Vegan, Koscher, Halal, GMP<\/p>\n<\/li>\n<\/ul>\n<div><\/div>\n<p data-start=\"253\" data-end=\"509\" class=\"\">\n<p data-start=\"3425\" data-end=\"3636\" class=\"\"><strong data-start=\"3425\" data-end=\"3450\">100 % veganes Produkt<\/strong><br data-start=\"3450\" data-end=\"3453\"><br \/>\n<strong data-start=\"3453\" data-end=\"3495\">Standardisierter Pflanzenextrakt (DER)<\/strong><br data-start=\"3495\" data-end=\"3498\"><br \/>\n<strong data-start=\"3498\" data-end=\"3523\">Empfohlene Tagesdosis<\/strong>: 1 Kapsel<br data-start=\"3533\" data-end=\"3536\"><br \/>\n<strong data-start=\"3536\" data-end=\"3546\">Inhalt<\/strong>: 60 Kapseln<br data-start=\"3558\" data-end=\"3561\"><br \/>\n<strong data-start=\"3561\" data-end=\"3575\">Hersteller<\/strong>: APEX LABORATORIES PRIVATE LTD<br data-start=\"3606\" data-end=\"3609\"><br \/>\n<strong data-start=\"3609\" data-end=\"3626\">Herkunftsland<\/strong>: Indien<\/p>\n<p data-start=\"3425\" data-end=\"3636\" class=\"\"><\/p>\n<ul data-start=\"3667\" data-end=\"4161\">\n<li data-start=\"3667\" data-end=\"3729\" class=\"\">\n<p data-start=\"3669\" data-end=\"3729\" class=\"\">Die empfohlene Tagesdosis darf nicht \u00fcberschritten werden.<\/p>\n<\/li>\n<li data-start=\"3730\" data-end=\"3830\" class=\"\">\n<p data-start=\"3732\" data-end=\"3830\" class=\"\">Nahrungserg\u00e4nzungsmittel sind kein Ersatz f\u00fcr eine abwechslungsreiche und ausgewogene Ern\u00e4hrung.<\/p>\n<\/li>\n<li data-start=\"3831\" data-end=\"3899\" class=\"\">\n<p data-start=\"3833\" data-end=\"3899\" class=\"\">Eine gesunde Lebensweise und ausgewogene Ern\u00e4hrung sind wichtig.<\/p>\n<\/li>\n<li data-start=\"3900\" data-end=\"3977\" class=\"\">\n<p data-start=\"3902\" data-end=\"3977\" class=\"\">Nicht anwenden bei \u00dcberempfindlichkeit gegen\u00fcber einem der Inhaltsstoffe.<\/p>\n<\/li>\n<li data-start=\"3978\" data-end=\"4042\" class=\"\">\n<p data-start=\"3980\" data-end=\"4042\" class=\"\">Nicht geeignet f\u00fcr Kinder, Schwangere oder stillende Frauen.<\/p>\n<\/li>\n<li data-start=\"4043\" data-end=\"4062\" class=\"\">\n<p data-start=\"4045\" data-end=\"4062\" class=\"\">Gentechnikfrei.<\/p>\n<\/li>\n<li data-start=\"4063\" data-end=\"4161\" class=\"\">\n<p data-start=\"4065\" data-end=\"4161\" class=\"\">Au\u00dferhalb der Reichweite von kleinen Kindern aufbewahren. Vor Licht und Feuchtigkeit sch\u00fctzen.<\/p>\n<\/li>\n<\/ul>\n<p data-start=\"4163\" data-end=\"4303\" class=\"\">* Dieses Produkt ist ein Nahrungserg\u00e4nzungsmittel und kein Arzneimittel. Es ist nicht zur Vorbeugung oder Behandlung von Krankheiten bestimmt.<\/p>\n<p data-start=\"3425\" data-end=\"3636\" class=\"\">\n<p data-start=\"4305\" data-end=\"4794\" class=\"\">* Die Einnahme pflanzlicher Pr\u00e4parate sollte mit einem Arzt oder Apotheker abgestimmt werden, da die Auswahl eines geeigneten Pr\u00e4parats ebenso viel Fachwissen erfordert wie bei chemischen Produkten. Pflanzliche Pr\u00e4parate k\u00f6nnen mit Arzneimitteln interagieren und gesundheitliche Risiken bergen. Einige Pflanzenstoffe haben starke Wirkungen \u2013 deshalb sind alle Hinweise und Einschr\u00e4nkungen des Herstellers zu beachten. Stillende und schwangere Frauen sollten besondere Vorsicht walten lassen.<\/p>\n","protected":false},"excerpt":{"rendered":"<p data-start=\"528\" data-end=\"590\" class=\"\"><strong data-start=\"528\" data-end=\"590\">Moringa \u2013 Die nat\u00fcrliche N\u00e4hrstoffbombe f\u00fcr deinen K\u00f6rper!<\/strong><\/p>\n<p data-start=\"528\" data-end=\"590\" class=\"\"><strong data-start=\"528\" data-end=\"590\"><br \/><\/strong><\/p>\n<ul data-start=\"592\" data-end=\"753\">\n<li data-start=\"592\" data-end=\"621\" class=\"\">\n<p data-start=\"594\" data-end=\"621\" class=\"\">St\u00e4rkung des Immunsystems<\/p>\n<\/li>\n<li data-start=\"622\" data-end=\"685\" class=\"\">\n<p data-start=\"624\" data-end=\"685\" class=\"\">Verbesserung von Konzentration und allgemeinem Wohlbefinden<\/p>\n<\/li>\n<li data-start=\"686\" data-end=\"717\" class=\"\">\n<p data-start=\"688\" data-end=\"717\" class=\"\">Entz\u00fcndungshemmende Wirkung<\/p>\n<\/li>\n<li data-start=\"718\" data-end=\"753\" class=\"\">\n<p data-start=\"720\" data-end=\"753\" class=\"\">Unterst\u00fctzung des Stoffwechsels<\/p>\n<\/li>\n<\/ul>\n<div><\/div>\n<\/p>\n<p data-start=\"755\" data-end=\"874\" class=\"\"><strong data-start=\"755\" data-end=\"766\">Produkt<\/strong>: 100 % vegan, frei von Allergenen<br data-start=\"800\" data-end=\"803\"><br \/>\n<strong data-start=\"803\" data-end=\"813\">Inhalt<\/strong>: 60 Kapseln<br data-start=\"825\" data-end=\"828\"><br \/>\n<strong data-start=\"828\" data-end=\"874\">Eine Packung reicht f\u00fcr 2 Monate Anwendung<\/strong><\/p>\n","protected":false},"featured_media":22803,"template":"","meta":[],"product_cat":[666,680],"product_tag":[],"class_list":{"0":"post-22804","1":"product","2":"type-product","3":"status-publish","4":"has-post-thumbnail","6":"product_cat-ayurvedische-erganzungen","7":"product_cat-krautertabletten-und-kapseln","9":"first","10":"instock","11":"taxable","12":"shipping-taxable","13":"purchasable","14":"product-type-simple","15":"add-to-wishlist-before_image"},"acf":{"ilosc_sztuk_w_pudelku":"","ilosc_pudelek_w_kartonie":"","wykluczyc_z_szybkich_zakupow":["default"]},"yoast_head":"<!-- This site is optimized with the Yoast SEO plugin v23.1 - https:\/\/yoast.com\/wordpress\/plugins\/seo\/ -->\n<title>Moringa \u2013 Bewegungsfreude und Regeneration \u2013 60 Kapseln | Vanand - Deva Harmony Polen<\/title>\n<meta name=\"robots\" content=\"index, follow, max-snippet:-1, max-image-preview:large, max-video-preview:-1\" \/>\n<link rel=\"canonical\" href=\"https:\/\/devaharmony.com\/de\/speichern\/moringa-bewegungsfreude-und-regeneration-60-kapseln-vanand\/\" \/>\n<meta property=\"og:locale\" content=\"de_DE\" \/>\n<meta property=\"og:type\" content=\"article\" \/>\n<meta property=\"og:title\" content=\"Moringa \u2013 Bewegungsfreude und Regeneration \u2013 60 Kapseln | Vanand - Deva Harmony Polen\" \/>\n<meta property=\"og:description\" content=\"Moringa \u2013 Die nat\u00fcrliche N\u00e4hrstoffbombe f\u00fcr deinen K\u00f6rper! St\u00e4rkung des Immunsystems  Verbesserung von Konzentration und allgemeinem Wohlbefinden  Entz\u00fcndungshemmende Wirkung  Unterst\u00fctzung des Stoffwechsels  Produkt: 100 % vegan, frei von Allergenen Inhalt: 60 Kapseln Eine Packung reicht f\u00fcr 2 Monate Anwendung\" \/>\n<meta property=\"og:url\" content=\"https:\/\/devaharmony.com\/de\/speichern\/moringa-bewegungsfreude-und-regeneration-60-kapseln-vanand\/\" \/>\n<meta property=\"og:site_name\" content=\"Deva Harmony Polen\" \/>\n<meta property=\"article:modified_time\" content=\"2026-04-07T08:47:32+00:00\" \/>\n<meta property=\"og:image\" content=\"https:\/\/devaharmony.com\/de\/wp-content\/uploads\/2025\/04\/2ef7d42dea263984ec02d070ebf4334f.jpg\" \/>\n\t<meta property=\"og:image:width\" content=\"1080\" \/>\n\t<meta property=\"og:image:height\" content=\"1080\" \/>\n\t<meta property=\"og:image:type\" content=\"image\/jpeg\" \/>\n<meta name=\"twitter:card\" content=\"summary_large_image\" \/>\n<meta name=\"twitter:label1\" content=\"Gesch\u00e4tzte Lesezeit\" \/>\n\t<meta name=\"twitter:data1\" content=\"1\u00a0Minute\" \/>\n<script type=\"application\/ld+json\" class=\"yoast-schema-graph\">{\"@context\":\"https:\/\/schema.org\",\"@graph\":[{\"@type\":\"WebPage\",\"@id\":\"https:\/\/devaharmony.com\/de\/speichern\/moringa-bewegungsfreude-und-regeneration-60-kapseln-vanand\/\",\"url\":\"https:\/\/devaharmony.com\/de\/speichern\/moringa-bewegungsfreude-und-regeneration-60-kapseln-vanand\/\",\"name\":\"Moringa \u2013 Bewegungsfreude und Regeneration \u2013 60 Kapseln | Vanand - Deva Harmony Polen\",\"isPartOf\":{\"@id\":\"https:\/\/devaharmony.com\/de\/#website\"},\"primaryImageOfPage\":{\"@id\":\"https:\/\/devaharmony.com\/de\/speichern\/moringa-bewegungsfreude-und-regeneration-60-kapseln-vanand\/#primaryimage\"},\"image\":{\"@id\":\"https:\/\/devaharmony.com\/de\/speichern\/moringa-bewegungsfreude-und-regeneration-60-kapseln-vanand\/#primaryimage\"},\"thumbnailUrl\":\"https:\/\/devaharmony.com\/de\/wp-content\/uploads\/2025\/04\/2ef7d42dea263984ec02d070ebf4334f.jpg\",\"datePublished\":\"2025-04-23T10:52:36+00:00\",\"dateModified\":\"2026-04-07T08:47:32+00:00\",\"breadcrumb\":{\"@id\":\"https:\/\/devaharmony.com\/de\/speichern\/moringa-bewegungsfreude-und-regeneration-60-kapseln-vanand\/#breadcrumb\"},\"inLanguage\":\"de\",\"potentialAction\":[{\"@type\":\"ReadAction\",\"target\":[\"https:\/\/devaharmony.com\/de\/speichern\/moringa-bewegungsfreude-und-regeneration-60-kapseln-vanand\/\"]}]},{\"@type\":\"ImageObject\",\"inLanguage\":\"de\",\"@id\":\"https:\/\/devaharmony.com\/de\/speichern\/moringa-bewegungsfreude-und-regeneration-60-kapseln-vanand\/#primaryimage\",\"url\":\"https:\/\/devaharmony.com\/de\/wp-content\/uploads\/2025\/04\/2ef7d42dea263984ec02d070ebf4334f.jpg\",\"contentUrl\":\"https:\/\/devaharmony.com\/de\/wp-content\/uploads\/2025\/04\/2ef7d42dea263984ec02d070ebf4334f.jpg\",\"width\":1080,\"height\":1080},{\"@type\":\"BreadcrumbList\",\"@id\":\"https:\/\/devaharmony.com\/de\/speichern\/moringa-bewegungsfreude-und-regeneration-60-kapseln-vanand\/#breadcrumb\",\"itemListElement\":[{\"@type\":\"ListItem\",\"position\":1,\"name\":\"Home\",\"item\":\"https:\/\/devaharmony.com\/de\/\"},{\"@type\":\"ListItem\",\"position\":2,\"name\":\"Ayurvedische Produkte\",\"item\":\"https:\/\/devaharmony.com\/de\/ayurvedische-produkte\/\"},{\"@type\":\"ListItem\",\"position\":3,\"name\":\"Moringa \u2013 Bewegungsfreude und Regeneration \u2013 60 Kapseln | Vanand\"}]},{\"@type\":\"WebSite\",\"@id\":\"https:\/\/devaharmony.com\/de\/#website\",\"url\":\"https:\/\/devaharmony.com\/de\/\",\"name\":\"Deva Harmony Polen\",\"description\":\"Ayurvedische Nahrungserg\u00e4nzungsmittel\",\"potentialAction\":[{\"@type\":\"SearchAction\",\"target\":{\"@type\":\"EntryPoint\",\"urlTemplate\":\"https:\/\/devaharmony.com\/de\/?s={search_term_string}\"},\"query-input\":\"required name=search_term_string\"}],\"inLanguage\":\"de\"}]}<\/script>\n<!-- \/ Yoast SEO plugin. -->","yoast_head_json":{"title":"Moringa \u2013 Bewegungsfreude und Regeneration \u2013 60 Kapseln | Vanand - Deva Harmony Polen","robots":{"index":"index","follow":"follow","max-snippet":"max-snippet:-1","max-image-preview":"max-image-preview:large","max-video-preview":"max-video-preview:-1"},"canonical":"https:\/\/devaharmony.com\/de\/speichern\/moringa-bewegungsfreude-und-regeneration-60-kapseln-vanand\/","og_locale":"de_DE","og_type":"article","og_title":"Moringa \u2013 Bewegungsfreude und Regeneration \u2013 60 Kapseln | Vanand - Deva Harmony Polen","og_description":"Moringa \u2013 Die nat\u00fcrliche N\u00e4hrstoffbombe f\u00fcr deinen K\u00f6rper! St\u00e4rkung des Immunsystems  Verbesserung von Konzentration und allgemeinem Wohlbefinden  Entz\u00fcndungshemmende Wirkung  Unterst\u00fctzung des Stoffwechsels  Produkt: 100 % vegan, frei von Allergenen Inhalt: 60 Kapseln Eine Packung reicht f\u00fcr 2 Monate Anwendung","og_url":"https:\/\/devaharmony.com\/de\/speichern\/moringa-bewegungsfreude-und-regeneration-60-kapseln-vanand\/","og_site_name":"Deva Harmony Polen","article_modified_time":"2026-04-07T08:47:32+00:00","og_image":[{"width":1080,"height":1080,"url":"https:\/\/devaharmony.com\/de\/wp-content\/uploads\/2025\/04\/2ef7d42dea263984ec02d070ebf4334f.jpg","type":"image\/jpeg"}],"twitter_card":"summary_large_image","twitter_misc":{"Gesch\u00e4tzte Lesezeit":"1\u00a0Minute"},"schema":{"@context":"https:\/\/schema.org","@graph":[{"@type":"WebPage","@id":"https:\/\/devaharmony.com\/de\/speichern\/moringa-bewegungsfreude-und-regeneration-60-kapseln-vanand\/","url":"https:\/\/devaharmony.com\/de\/speichern\/moringa-bewegungsfreude-und-regeneration-60-kapseln-vanand\/","name":"Moringa \u2013 Bewegungsfreude und Regeneration \u2013 60 Kapseln | Vanand - Deva Harmony Polen","isPartOf":{"@id":"https:\/\/devaharmony.com\/de\/#website"},"primaryImageOfPage":{"@id":"https:\/\/devaharmony.com\/de\/speichern\/moringa-bewegungsfreude-und-regeneration-60-kapseln-vanand\/#primaryimage"},"image":{"@id":"https:\/\/devaharmony.com\/de\/speichern\/moringa-bewegungsfreude-und-regeneration-60-kapseln-vanand\/#primaryimage"},"thumbnailUrl":"https:\/\/devaharmony.com\/de\/wp-content\/uploads\/2025\/04\/2ef7d42dea263984ec02d070ebf4334f.jpg","datePublished":"2025-04-23T10:52:36+00:00","dateModified":"2026-04-07T08:47:32+00:00","breadcrumb":{"@id":"https:\/\/devaharmony.com\/de\/speichern\/moringa-bewegungsfreude-und-regeneration-60-kapseln-vanand\/#breadcrumb"},"inLanguage":"de","potentialAction":[{"@type":"ReadAction","target":["https:\/\/devaharmony.com\/de\/speichern\/moringa-bewegungsfreude-und-regeneration-60-kapseln-vanand\/"]}]},{"@type":"ImageObject","inLanguage":"de","@id":"https:\/\/devaharmony.com\/de\/speichern\/moringa-bewegungsfreude-und-regeneration-60-kapseln-vanand\/#primaryimage","url":"https:\/\/devaharmony.com\/de\/wp-content\/uploads\/2025\/04\/2ef7d42dea263984ec02d070ebf4334f.jpg","contentUrl":"https:\/\/devaharmony.com\/de\/wp-content\/uploads\/2025\/04\/2ef7d42dea263984ec02d070ebf4334f.jpg","width":1080,"height":1080},{"@type":"BreadcrumbList","@id":"https:\/\/devaharmony.com\/de\/speichern\/moringa-bewegungsfreude-und-regeneration-60-kapseln-vanand\/#breadcrumb","itemListElement":[{"@type":"ListItem","position":1,"name":"Home","item":"https:\/\/devaharmony.com\/de\/"},{"@type":"ListItem","position":2,"name":"Ayurvedische Produkte","item":"https:\/\/devaharmony.com\/de\/ayurvedische-produkte\/"},{"@type":"ListItem","position":3,"name":"Moringa \u2013 Bewegungsfreude und Regeneration \u2013 60 Kapseln | Vanand"}]},{"@type":"WebSite","@id":"https:\/\/devaharmony.com\/de\/#website","url":"https:\/\/devaharmony.com\/de\/","name":"Deva Harmony Polen","description":"Ayurvedische Nahrungserg\u00e4nzungsmittel","potentialAction":[{"@type":"SearchAction","target":{"@type":"EntryPoint","urlTemplate":"https:\/\/devaharmony.com\/de\/?s={search_term_string}"},"query-input":"required name=search_term_string"}],"inLanguage":"de"}]}},"_links":{"self":[{"href":"https:\/\/devaharmony.com\/de\/wp-json\/wp\/v2\/product\/22804"}],"collection":[{"href":"https:\/\/devaharmony.com\/de\/wp-json\/wp\/v2\/product"}],"about":[{"href":"https:\/\/devaharmony.com\/de\/wp-json\/wp\/v2\/types\/product"}],"wp:featuredmedia":[{"embeddable":true,"href":"https:\/\/devaharmony.com\/de\/wp-json\/wp\/v2\/media\/22803"}],"wp:attachment":[{"href":"https:\/\/devaharmony.com\/de\/wp-json\/wp\/v2\/media?parent=22804"}],"wp:term":[{"taxonomy":"product_cat","embeddable":true,"href":"https:\/\/devaharmony.com\/de\/wp-json\/wp\/v2\/product_cat?post=22804"},{"taxonomy":"product_tag","embeddable":true,"href":"https:\/\/devaharmony.com\/de\/wp-json\/wp\/v2\/product_tag?post=22804"}],"curies":[{"name":"wp","href":"https:\/\/api.w.org\/{rel}","templated":true}]}}