{"id":22802,"date":"2025-04-23T11:37:21","date_gmt":"2025-04-23T10:37:21","guid":{"rendered":"https:\/\/devaharmony.com\/de\/speichern\/ashwagandha-60-kapslen-vanan\/"},"modified":"2026-04-01T08:56:09","modified_gmt":"2026-04-01T07:56:09","slug":"ashwagandha-60-kapslen-vanan","status":"publish","type":"product","link":"https:\/\/devaharmony.com\/de\/speichern\/ashwagandha-60-kapslen-vanan\/","title":{"rendered":"Ashwagandha &#8211; 60 kapslen| Vanan"},"content":{"rendered":"<p data-start=\"2871\" data-end=\"3220\" class=\"\"><strong data-start=\"2871\" data-end=\"2886\">Ashwagandha<\/strong>, auch bekannt als Indischer Ginseng, ist ein wissenschaftlich anerkanntes Heilkraut, das seit \u00fcber 3000 Jahren in der traditionellen Ayurveda verwendet wird. In der heutigen Welt, die von Stress und st\u00e4ndiger Reiz\u00fcberflutung gepr\u00e4gt ist, wird <strong data-start=\"3130\" data-end=\"3151\">Vanan Ashwagandha<\/strong> zu deinem Verb\u00fcndeten auf dem Weg zu innerer Ruhe und Konzentration.<\/p>\n<p data-start=\"3222\" data-end=\"3502\" class=\"\">Dieses kraftvolle Adaptogen unterst\u00fctzt das psychische Gleichgewicht, reduziert Stress- und Spannungsniveaus und steigert auf nat\u00fcrliche Weise das Energielevel sowie die Konzentrationsf\u00e4higkeit. Ideal f\u00fcr alle, die geistige Klarheit und inneren Frieden im Alltag bewahren m\u00f6chten.<\/p>\n<p data-start=\"3504\" data-end=\"3693\" class=\"\"><strong data-start=\"3504\" data-end=\"3533\">Vanan Ashwagandha-Kapseln<\/strong> sind zu 100 % vegan, basieren auf ayurvedischer Tradition und werden nach strengen GMP-Richtlinien hergestellt, was h\u00f6chste Qualit\u00e4t und Sicherheit garantiert.<\/p>\n<\/p>\n<p data-start=\"3695\" data-end=\"3816\" class=\"\">Greifen Sie zu nat\u00fcrlicher Unterst\u00fctzung f\u00fcr Geist und K\u00f6rper. Entdecken Sie Ihre innere Kraft mit <strong data-start=\"3794\" data-end=\"3815\">Vanan Ashwagandha<\/strong>.<\/p>\n<p data-start=\"3695\" data-end=\"3816\" class=\"\"><\/p>\n<p data-start=\"3695\" data-end=\"3816\" class=\"\"><strong data-start=\"4453\" data-end=\"4478\">100 % Veganes Produkt<\/strong><br data-start=\"4478\" data-end=\"4481\"><br \/>\n<strong data-start=\"4481\" data-end=\"4523\">Standardisierter Pflanzenextrakt (DER)<\/strong><br data-start=\"4523\" data-end=\"4526\"><br \/>\n<strong data-start=\"4526\" data-end=\"4551\">Empfohlene Tagesdosis<\/strong>: 1 Kapsel<br data-start=\"4561\" data-end=\"4564\"><br \/>\n<strong data-start=\"4564\" data-end=\"4574\">Inhalt<\/strong>: 60 Kapseln<br data-start=\"4586\" data-end=\"4589\"><br \/>\n<strong data-start=\"4589\" data-end=\"4603\">Hersteller<\/strong>: APEX LABORATORIES PRIVATE LTD<br data-start=\"4634\" data-end=\"4637\"><br \/>\n<strong data-start=\"4637\" data-end=\"4654\">Herkunftsland<\/strong>: Indien<\/p>\n<p data-start=\"3695\" data-end=\"3816\" class=\"\"><\/p>\n<ul data-start=\"4695\" data-end=\"5193\">\n<li data-start=\"4695\" data-end=\"4757\" class=\"\">\n<p data-start=\"4697\" data-end=\"4757\" class=\"\">Die empfohlene Tagesdosis darf nicht \u00fcberschritten werden.<\/p>\n<\/li>\n<li data-start=\"4758\" data-end=\"4858\" class=\"\">\n<p data-start=\"4760\" data-end=\"4858\" class=\"\">Nahrungserg\u00e4nzungsmittel sind kein Ersatz f\u00fcr eine ausgewogene und abwechslungsreiche Ern\u00e4hrung.<\/p>\n<\/li>\n<li data-start=\"4859\" data-end=\"4936\" class=\"\">\n<p data-start=\"4861\" data-end=\"4936\" class=\"\">Ein gesunder Lebensstil und eine ausgewogene Ern\u00e4hrung sind unerl\u00e4sslich.<\/p>\n<\/li>\n<li data-start=\"4937\" data-end=\"5015\" class=\"\">\n<p data-start=\"4939\" data-end=\"5015\" class=\"\">Nicht verwenden bei \u00dcberempfindlichkeit gegen\u00fcber einem der Inhaltsstoffe.<\/p>\n<\/li>\n<li data-start=\"5016\" data-end=\"5080\" class=\"\">\n<p data-start=\"5018\" data-end=\"5080\" class=\"\">Nicht geeignet f\u00fcr Kinder, schwangere oder stillende Frauen.<\/p>\n<\/li>\n<li data-start=\"5081\" data-end=\"5094\" class=\"\">\n<p data-start=\"5083\" data-end=\"5094\" class=\"\">GMO-frei.<\/p>\n<\/li>\n<li data-start=\"5095\" data-end=\"5193\" class=\"\">\n<p data-start=\"5097\" data-end=\"5193\" class=\"\">Au\u00dferhalb der Reichweite von kleinen Kindern aufbewahren. Vor Licht und Feuchtigkeit sch\u00fctzen.<\/p>\n<\/li>\n<\/ul>\n<p data-start=\"5195\" data-end=\"5344\" class=\"\">* Dieses Produkt ist ein Nahrungserg\u00e4nzungsmittel und kein Arzneimittel. Es ist nicht zur Vorbeugung, Behandlung oder Heilung von Krankheiten bestimmt.<\/p>\n<p data-start=\"3695\" data-end=\"3816\" class=\"\">\n<p data-start=\"5346\" data-end=\"5823\" class=\"\">* Die Einnahme pflanzlicher Pr\u00e4parate sollte mit einem Arzt oder Apotheker abgestimmt werden, da die Auswahl eines geeigneten Pr\u00e4parats ebenso viel Wissen erfordert wie bei chemischen Arzneien. Pflanzliche Produkte k\u00f6nnen mit Medikamenten interagieren und gesundheitliche Risiken darstellen. Einige Kr\u00e4uter k\u00f6nnen starke Wirkungen haben \u2013 halten Sie sich stets an die Angaben und Einschr\u00e4nkungen des Herstellers. Stillende und schwangere Frauen sollten besonders vorsichtig sein.<\/p>\n","protected":false},"excerpt":{"rendered":"<p data-start=\"778\" data-end=\"848\" class=\"\"><strong data-start=\"778\" data-end=\"848\">Vanan Ashwagandha \u2013 Nat\u00fcrliche Balance in einer Welt voller Hektik<\/strong><\/p>\n<p data-start=\"778\" data-end=\"848\" class=\"\"><strong data-start=\"778\" data-end=\"848\"><br \/><\/strong><\/p>\n<ul data-start=\"903\" data-end=\"1295\">\n<li><span data-start=\"850\" data-end=\"901\">Reduktion von Stress und emotionaler Anspannung<\/span><\/li>\n<li data-start=\"903\" data-end=\"963\" class=\"\">\n<p data-start=\"905\" data-end=\"963\" class=\"\">Unterst\u00fctzung bei geistiger und k\u00f6rperlicher Ersch\u00f6pfung<\/p>\n<\/li>\n<li data-start=\"964\" data-end=\"1036\" class=\"\">\n<p data-start=\"966\" data-end=\"1036\" class=\"\">Verbesserung von Konzentration, Ged\u00e4chtnis und kognitiven Funktionen<\/p>\n<\/li>\n<li data-start=\"1037\" data-end=\"1098\" class=\"\">\n<p data-start=\"1039\" data-end=\"1098\" class=\"\">Nat\u00fcrliche Steigerung des Energielevels und der Vitalit\u00e4t<\/p>\n<\/li>\n<li data-start=\"1099\" data-end=\"1156\" class=\"\">\n<p data-start=\"1101\" data-end=\"1156\" class=\"\">F\u00f6rderung eines gesunden Schlafs und der Regeneration<\/p>\n<\/li>\n<li data-start=\"1157\" data-end=\"1186\" class=\"\">\n<p data-start=\"1159\" data-end=\"1186\" class=\"\">St\u00e4rkung des Immunsystems<\/p>\n<\/li>\n<li data-start=\"1187\" data-end=\"1220\" class=\"\">\n<p data-start=\"1189\" data-end=\"1220\" class=\"\">Regulierung des Stressniveaus<\/p>\n<\/li>\n<li data-start=\"1221\" data-end=\"1295\" class=\"\">\n<p data-start=\"1223\" data-end=\"1295\" class=\"\">Verbesserung des allgemeinen Wohlbefindens und der psychischen Balance<\/p>\n<\/li>\n<\/ul>\n<div><\/div>\n<\/p>\n<p data-start=\"1297\" data-end=\"1416\" class=\"\"><strong data-start=\"1297\" data-end=\"1308\">Produkt<\/strong>: 100 % vegan, frei von Allergenen<br data-start=\"1342\" data-end=\"1345\"><br \/>\n<strong data-start=\"1345\" data-end=\"1355\">Inhalt<\/strong>: 60 Kapseln<br data-start=\"1367\" data-end=\"1370\"><br \/>\n<strong data-start=\"1370\" data-end=\"1416\">Eine Packung reicht f\u00fcr 2 Monate Anwendung<\/strong><\/p>\n","protected":false},"featured_media":22801,"template":"","meta":[],"product_cat":[666,680],"product_tag":[],"class_list":{"0":"post-22802","1":"product","2":"type-product","3":"status-publish","4":"has-post-thumbnail","6":"product_cat-ayurvedische-erganzungen","7":"product_cat-krautertabletten-und-kapseln","9":"first","10":"instock","11":"taxable","12":"shipping-taxable","13":"purchasable","14":"product-type-simple","15":"add-to-wishlist-before_image"},"acf":{"ilosc_sztuk_w_pudelku":"","ilosc_pudelek_w_kartonie":"","wykluczyc_z_szybkich_zakupow":["default"]},"yoast_head":"<!-- This site is optimized with the Yoast SEO plugin v23.1 - https:\/\/yoast.com\/wordpress\/plugins\/seo\/ -->\n<title>Ashwagandha - 60 kapslen| Vanan - Deva Harmony Polen<\/title>\n<meta name=\"robots\" content=\"index, follow, max-snippet:-1, max-image-preview:large, max-video-preview:-1\" \/>\n<link rel=\"canonical\" href=\"https:\/\/devaharmony.com\/de\/speichern\/ashwagandha-60-kapslen-vanan\/\" \/>\n<meta property=\"og:locale\" content=\"de_DE\" \/>\n<meta property=\"og:type\" content=\"article\" \/>\n<meta property=\"og:title\" content=\"Ashwagandha - 60 kapslen| Vanan - Deva Harmony Polen\" \/>\n<meta property=\"og:description\" content=\"Vanan Ashwagandha \u2013 Nat\u00fcrliche Balance in einer Welt voller HektikReduktion von Stress und emotionaler Anspannung Unterst\u00fctzung bei geistiger und k\u00f6rperlicher Ersch\u00f6pfung  Verbesserung von Konzentration, Ged\u00e4chtnis und kognitiven Funktionen  Nat\u00fcrliche Steigerung des Energielevels und der Vitalit\u00e4t  F\u00f6rderung eines gesunden Schlafs und der Regeneration  St\u00e4rkung des Immunsystems  Regulierung des Stressniveaus  Verbesserung des allgemeinen Wohlbefindens und der psychischen Balance   Produkt: 100 % vegan, frei von Allergenen Inhalt: 60 Kapseln Eine Packung reicht f\u00fcr 2 Monate Anwendung\" \/>\n<meta property=\"og:url\" content=\"https:\/\/devaharmony.com\/de\/speichern\/ashwagandha-60-kapslen-vanan\/\" \/>\n<meta property=\"og:site_name\" content=\"Deva Harmony Polen\" \/>\n<meta property=\"article:modified_time\" content=\"2026-04-01T07:56:09+00:00\" \/>\n<meta property=\"og:image\" content=\"https:\/\/devaharmony.com\/de\/wp-content\/uploads\/2025\/04\/645de512df08564c7e2950085380bdb7.jpg\" \/>\n\t<meta property=\"og:image:width\" content=\"1080\" \/>\n\t<meta property=\"og:image:height\" content=\"1080\" \/>\n\t<meta property=\"og:image:type\" content=\"image\/jpeg\" \/>\n<meta name=\"twitter:card\" content=\"summary_large_image\" \/>\n<meta name=\"twitter:label1\" content=\"Gesch\u00e4tzte Lesezeit\" \/>\n\t<meta name=\"twitter:data1\" content=\"2\u00a0Minuten\" \/>\n<script type=\"application\/ld+json\" class=\"yoast-schema-graph\">{\"@context\":\"https:\/\/schema.org\",\"@graph\":[{\"@type\":\"WebPage\",\"@id\":\"https:\/\/devaharmony.com\/de\/speichern\/ashwagandha-60-kapslen-vanan\/\",\"url\":\"https:\/\/devaharmony.com\/de\/speichern\/ashwagandha-60-kapslen-vanan\/\",\"name\":\"Ashwagandha - 60 kapslen| Vanan - Deva Harmony Polen\",\"isPartOf\":{\"@id\":\"https:\/\/devaharmony.com\/de\/#website\"},\"primaryImageOfPage\":{\"@id\":\"https:\/\/devaharmony.com\/de\/speichern\/ashwagandha-60-kapslen-vanan\/#primaryimage\"},\"image\":{\"@id\":\"https:\/\/devaharmony.com\/de\/speichern\/ashwagandha-60-kapslen-vanan\/#primaryimage\"},\"thumbnailUrl\":\"https:\/\/devaharmony.com\/de\/wp-content\/uploads\/2025\/04\/645de512df08564c7e2950085380bdb7.jpg\",\"datePublished\":\"2025-04-23T10:37:21+00:00\",\"dateModified\":\"2026-04-01T07:56:09+00:00\",\"breadcrumb\":{\"@id\":\"https:\/\/devaharmony.com\/de\/speichern\/ashwagandha-60-kapslen-vanan\/#breadcrumb\"},\"inLanguage\":\"de\",\"potentialAction\":[{\"@type\":\"ReadAction\",\"target\":[\"https:\/\/devaharmony.com\/de\/speichern\/ashwagandha-60-kapslen-vanan\/\"]}]},{\"@type\":\"ImageObject\",\"inLanguage\":\"de\",\"@id\":\"https:\/\/devaharmony.com\/de\/speichern\/ashwagandha-60-kapslen-vanan\/#primaryimage\",\"url\":\"https:\/\/devaharmony.com\/de\/wp-content\/uploads\/2025\/04\/645de512df08564c7e2950085380bdb7.jpg\",\"contentUrl\":\"https:\/\/devaharmony.com\/de\/wp-content\/uploads\/2025\/04\/645de512df08564c7e2950085380bdb7.jpg\",\"width\":1080,\"height\":1080},{\"@type\":\"BreadcrumbList\",\"@id\":\"https:\/\/devaharmony.com\/de\/speichern\/ashwagandha-60-kapslen-vanan\/#breadcrumb\",\"itemListElement\":[{\"@type\":\"ListItem\",\"position\":1,\"name\":\"Home\",\"item\":\"https:\/\/devaharmony.com\/de\/\"},{\"@type\":\"ListItem\",\"position\":2,\"name\":\"Ayurvedische Produkte\",\"item\":\"https:\/\/devaharmony.com\/de\/ayurvedische-produkte\/\"},{\"@type\":\"ListItem\",\"position\":3,\"name\":\"Ashwagandha &#8211; 60 kapslen| Vanan\"}]},{\"@type\":\"WebSite\",\"@id\":\"https:\/\/devaharmony.com\/de\/#website\",\"url\":\"https:\/\/devaharmony.com\/de\/\",\"name\":\"Deva Harmony Polen\",\"description\":\"Ayurvedische Nahrungserg\u00e4nzungsmittel\",\"potentialAction\":[{\"@type\":\"SearchAction\",\"target\":{\"@type\":\"EntryPoint\",\"urlTemplate\":\"https:\/\/devaharmony.com\/de\/?s={search_term_string}\"},\"query-input\":\"required name=search_term_string\"}],\"inLanguage\":\"de\"}]}<\/script>\n<!-- \/ Yoast SEO plugin. -->","yoast_head_json":{"title":"Ashwagandha - 60 kapslen| Vanan - Deva Harmony Polen","robots":{"index":"index","follow":"follow","max-snippet":"max-snippet:-1","max-image-preview":"max-image-preview:large","max-video-preview":"max-video-preview:-1"},"canonical":"https:\/\/devaharmony.com\/de\/speichern\/ashwagandha-60-kapslen-vanan\/","og_locale":"de_DE","og_type":"article","og_title":"Ashwagandha - 60 kapslen| Vanan - Deva Harmony Polen","og_description":"Vanan Ashwagandha \u2013 Nat\u00fcrliche Balance in einer Welt voller HektikReduktion von Stress und emotionaler Anspannung Unterst\u00fctzung bei geistiger und k\u00f6rperlicher Ersch\u00f6pfung  Verbesserung von Konzentration, Ged\u00e4chtnis und kognitiven Funktionen  Nat\u00fcrliche Steigerung des Energielevels und der Vitalit\u00e4t  F\u00f6rderung eines gesunden Schlafs und der Regeneration  St\u00e4rkung des Immunsystems  Regulierung des Stressniveaus  Verbesserung des allgemeinen Wohlbefindens und der psychischen Balance   Produkt: 100 % vegan, frei von Allergenen Inhalt: 60 Kapseln Eine Packung reicht f\u00fcr 2 Monate Anwendung","og_url":"https:\/\/devaharmony.com\/de\/speichern\/ashwagandha-60-kapslen-vanan\/","og_site_name":"Deva Harmony Polen","article_modified_time":"2026-04-01T07:56:09+00:00","og_image":[{"width":1080,"height":1080,"url":"https:\/\/devaharmony.com\/de\/wp-content\/uploads\/2025\/04\/645de512df08564c7e2950085380bdb7.jpg","type":"image\/jpeg"}],"twitter_card":"summary_large_image","twitter_misc":{"Gesch\u00e4tzte Lesezeit":"2\u00a0Minuten"},"schema":{"@context":"https:\/\/schema.org","@graph":[{"@type":"WebPage","@id":"https:\/\/devaharmony.com\/de\/speichern\/ashwagandha-60-kapslen-vanan\/","url":"https:\/\/devaharmony.com\/de\/speichern\/ashwagandha-60-kapslen-vanan\/","name":"Ashwagandha - 60 kapslen| Vanan - Deva Harmony Polen","isPartOf":{"@id":"https:\/\/devaharmony.com\/de\/#website"},"primaryImageOfPage":{"@id":"https:\/\/devaharmony.com\/de\/speichern\/ashwagandha-60-kapslen-vanan\/#primaryimage"},"image":{"@id":"https:\/\/devaharmony.com\/de\/speichern\/ashwagandha-60-kapslen-vanan\/#primaryimage"},"thumbnailUrl":"https:\/\/devaharmony.com\/de\/wp-content\/uploads\/2025\/04\/645de512df08564c7e2950085380bdb7.jpg","datePublished":"2025-04-23T10:37:21+00:00","dateModified":"2026-04-01T07:56:09+00:00","breadcrumb":{"@id":"https:\/\/devaharmony.com\/de\/speichern\/ashwagandha-60-kapslen-vanan\/#breadcrumb"},"inLanguage":"de","potentialAction":[{"@type":"ReadAction","target":["https:\/\/devaharmony.com\/de\/speichern\/ashwagandha-60-kapslen-vanan\/"]}]},{"@type":"ImageObject","inLanguage":"de","@id":"https:\/\/devaharmony.com\/de\/speichern\/ashwagandha-60-kapslen-vanan\/#primaryimage","url":"https:\/\/devaharmony.com\/de\/wp-content\/uploads\/2025\/04\/645de512df08564c7e2950085380bdb7.jpg","contentUrl":"https:\/\/devaharmony.com\/de\/wp-content\/uploads\/2025\/04\/645de512df08564c7e2950085380bdb7.jpg","width":1080,"height":1080},{"@type":"BreadcrumbList","@id":"https:\/\/devaharmony.com\/de\/speichern\/ashwagandha-60-kapslen-vanan\/#breadcrumb","itemListElement":[{"@type":"ListItem","position":1,"name":"Home","item":"https:\/\/devaharmony.com\/de\/"},{"@type":"ListItem","position":2,"name":"Ayurvedische Produkte","item":"https:\/\/devaharmony.com\/de\/ayurvedische-produkte\/"},{"@type":"ListItem","position":3,"name":"Ashwagandha &#8211; 60 kapslen| Vanan"}]},{"@type":"WebSite","@id":"https:\/\/devaharmony.com\/de\/#website","url":"https:\/\/devaharmony.com\/de\/","name":"Deva Harmony Polen","description":"Ayurvedische Nahrungserg\u00e4nzungsmittel","potentialAction":[{"@type":"SearchAction","target":{"@type":"EntryPoint","urlTemplate":"https:\/\/devaharmony.com\/de\/?s={search_term_string}"},"query-input":"required name=search_term_string"}],"inLanguage":"de"}]}},"_links":{"self":[{"href":"https:\/\/devaharmony.com\/de\/wp-json\/wp\/v2\/product\/22802"}],"collection":[{"href":"https:\/\/devaharmony.com\/de\/wp-json\/wp\/v2\/product"}],"about":[{"href":"https:\/\/devaharmony.com\/de\/wp-json\/wp\/v2\/types\/product"}],"wp:featuredmedia":[{"embeddable":true,"href":"https:\/\/devaharmony.com\/de\/wp-json\/wp\/v2\/media\/22801"}],"wp:attachment":[{"href":"https:\/\/devaharmony.com\/de\/wp-json\/wp\/v2\/media?parent=22802"}],"wp:term":[{"taxonomy":"product_cat","embeddable":true,"href":"https:\/\/devaharmony.com\/de\/wp-json\/wp\/v2\/product_cat?post=22802"},{"taxonomy":"product_tag","embeddable":true,"href":"https:\/\/devaharmony.com\/de\/wp-json\/wp\/v2\/product_tag?post=22802"}],"curies":[{"name":"wp","href":"https:\/\/api.w.org\/{rel}","templated":true}]}}