{"id":22798,"date":"2025-04-23T10:26:40","date_gmt":"2025-04-23T09:26:40","guid":{"rendered":"https:\/\/devaharmony.com\/de\/speichern\/shatavari-unterstuetzung-fuer-das-hormonsystem-und-die-fortpflanzung-60-kapseln-vanan\/"},"modified":"2026-04-06T21:33:29","modified_gmt":"2026-04-06T20:33:29","slug":"shatavari-unterstuetzung-fuer-das-hormonsystem-und-die-fortpflanzung-60-kapseln-vanan","status":"publish","type":"product","link":"https:\/\/devaharmony.com\/de\/speichern\/shatavari-unterstuetzung-fuer-das-hormonsystem-und-die-fortpflanzung-60-kapseln-vanan\/","title":{"rendered":"Shatavari &#8211; Unterst\u00fctzung f\u00fcr das Hormonsystem und die Fortpflanzung &#8211; 60 Kapseln | Vanan"},"content":{"rendered":"<p>Vanan Shatavari-Kapseln enthalten Asparagus racemosus, im Ayurveda als Shatavari bekannt &#8211; ein Kraut, das das hormonelle Gleichgewicht unterst\u00fctzt und Wechseljahrsbeschwerden lindert. Shatavari ist reich an Phyto\u00f6strogenen und steroidalen Saponinen und hilft, Hitzewallungen, n\u00e4chtliche Schwei\u00dfausbr\u00fcche, Angstzust\u00e4nde und eine gedr\u00fcckte Stimmung zu reduzieren und gleichzeitig die k\u00f6rperliche, geistige und sexuelle Gesundheit zu unterst\u00fctzen. Dank seiner adaptogenen Eigenschaften hilft es, das endokrine System zu regulieren und die Stressresistenz zu erh\u00f6hen. Die Wirksamkeit von Shatavari bei der Behandlung von endokrinen St\u00f6rungen, einschlie\u00dflich des polyzystischen Ovarsyndroms (PCOS), wird durch zahlreiche klinische Studien best\u00e4tigt. Vanan Shatavari-Kapseln zeichnen sich durch ihre pr\u00e4zise Dosierung aus &#8211; jede Kapsel enth\u00e4lt bis zu 1,2 g pulverisierte Shatavari-Wurzel. Jede Charge des Produkts wird eingehenden analytischen Tests unterzogen, einschlie\u00dflich chromatographischer Verfahren, die die Qualit\u00e4t und Reinheit des Nahrungserg\u00e4nzungsmittels garantieren.<\/p>\n<p><b><br \/><\/b><\/p>\n<p><b>Frei von k\u00fcnstlichen Konservierungsmitteln, Aromen und Duftstoffen<\/b><\/p>\n<p><b>Frei von Zucker, Salz, Hefe, Weizen, Soja, Gluten und Milchprodukten<\/b><\/p>\n<p><b>Zertifikate: Vegan, Kosher, Halal, GMP<\/b><\/p>\n<p><b><br \/><\/b><\/p>\n<p style=\"margin-bottom: 0.26cm;line-height: 0.56cm\">\n<font color=\"#4e565f\"><font face=\"Open Sans, Helvetica Neue, Helvetica, Arial, sans-serif\"><font style=\"font-size: 9pt\"><b>100%<br \/>\nvegan producte<\/b><\/font><\/font><\/font><\/p>\n<p style=\"margin-bottom: 0cm\">\n<\/p>\n<p style=\"margin-bottom: 0cm\">\n<font color=\"#4e565f\"><font face=\"Open Sans, Helvetica Neue, Helvetica, Arial, sans-serif\"><font style=\"font-size: 9pt\"><b>Standardisiertes<br \/>\nProdukt DER<\/b><\/font><\/font><\/font><\/p>\n<p style=\"margin-bottom: 0cm\">\n<font color=\"#4e565f\"><font face=\"Open Sans, Helvetica Neue, Helvetica, Arial, sans-serif\"><font style=\"font-size: 9pt\"><b>Empfohlene<br \/>\nTagesdosis:<\/b>\u00a01 Kapsel<\/font><\/font><\/font><\/p>\n<p style=\"margin-bottom: 0cm\">\n<font color=\"#4e565f\"><font face=\"Open Sans, Helvetica Neue, Helvetica, Arial, sans-serif\"><font style=\"font-size: 9pt\"><b>Inhalt:<\/b>\u00a060<br \/>\nKapseln<\/font><\/font><\/font><\/p>\n<p style=\"margin-bottom: 0cm\">\n<font color=\"#4e565f\"><font face=\"Open Sans, Helvetica Neue, Helvetica, Arial, sans-serif\"><font style=\"font-size: 9pt\"><b>Hersteller:<\/b>\u00a0APEX<br \/>\nLABORATORIES PRIVATE LTD,<\/font><\/font><\/font><\/p>\n<p style=\"margin-bottom: 0cm\">\n<font color=\"#4e565f\"><font face=\"Open Sans, Helvetica Neue, Helvetica, Arial, sans-serif\"><font style=\"font-size: 9pt\"><b>Ursprungsland:\u00a0<\/b>Indien<\/font><\/font><\/font><\/p>\n<p style=\"margin-bottom: 0cm\">\n\n<\/p>\n<p style=\"margin-bottom: 0cm\">\n\n<\/p>\n<p style=\"margin-bottom: 0cm\">\n<font color=\"#4e565f\"><font face=\"Open Sans, Helvetica Neue, Helvetica, Arial, sans-serif\"><font style=\"font-size: 9pt\">*Die<br \/>\nempfohlene t\u00e4gliche Verzehrsmenge darf nicht \u00fcberschritten werden.<br \/>\nNahrungserg\u00e4nzungsmittel sollten nicht als Ersatz f\u00fcr eine<br \/>\nabwechslungsreiche Ern\u00e4hrung verwendet werden. Achten Sie auf eine<br \/>\ngesunde Lebensweise und eine ausgewogene Ern\u00e4hrung. Nicht verwenden<br \/>\nbei \u00dcberempfindlichkeit gegen\u00fcber den Inhaltsstoffen des Pr\u00e4parats.<br \/>\nDas Produkt ist nicht f\u00fcr Kinder, schwangere oder stillende Frauen<br \/>\nbestimmt.<\/font><\/font><\/font><\/p>\n<p style=\"margin-bottom: 0cm\">\n<\/p>\n<p style=\"margin-bottom: 0cm\"><\/p>\n<p style=\"margin-bottom: 0cm\">\n<font color=\"#4e565f\"><font face=\"Open Sans, Helvetica Neue, Helvetica, Arial, sans-serif\"><font style=\"font-size: 9pt\">*GMO-freies<br \/>\nProdukt.<\/font><\/font><\/font><\/p>\n<p style=\"margin-bottom: 0cm\"><\/p>\n<p style=\"margin-bottom: 0cm\">\n<\/p>\n<p style=\"margin-bottom: 0cm\">\n<font color=\"#4e565f\"><font face=\"Open Sans, Helvetica Neue, Helvetica, Arial, sans-serif\"><font style=\"font-size: 9pt\">*Au\u00dferhalb<br \/>\nder Reichweite von kleinen Kindern aufbewahren. Vor Licht und<br \/>\nFeuchtigkeit sch\u00fctzen.<\/font><\/font><\/font><\/p>\n<p style=\"margin-bottom: 0cm\">\n<\/p>\n<p style=\"margin-bottom: 0cm\"><\/p>\n<p style=\"margin-bottom: 0cm\">\n<font color=\"#4e565f\"><font face=\"Open Sans, Helvetica Neue, Helvetica, Arial, sans-serif\"><font style=\"font-size: 9pt\">*Bei<br \/>\ndem beschriebenen Produkt handelt es sich um ein<br \/>\nNahrungserg\u00e4nzungsmittel, nicht um ein Arzneimittel zur Vorbeugung<br \/>\noder Behandlung menschlicher Krankheiten.<\/font><\/font><\/font><\/p>\n<p style=\"margin-bottom: 0cm\">\n<\/p>\n<p style=\"margin-bottom: 0cm\"><\/p>\n<p style=\"margin-bottom: 0cm\">\n<font color=\"#4e565f\"><font face=\"Open Sans, Helvetica Neue, Helvetica, Arial, sans-serif\"><font style=\"font-size: 9pt\">*Bei<br \/>\nder Einnahme von pflanzlichen Pr\u00e4paraten ist es ratsam, einen Arzt<br \/>\noder Apotheker zu konsultieren, da die Wahl des richtigen<br \/>\npflanzlichen Pr\u00e4parats ebenso viel Wissen erfordert wie die eines<br \/>\nchemischen Pr\u00e4parats. Es ist wichtig, daran zu denken, dass<br \/>\npflanzliche Zubereitungen mit Medikamenten, die Sie einnehmen, in<br \/>\nWechselwirkung treten und Gesundheitsrisiken bergen k\u00f6nnen. Einige<br \/>\npflanzliche Pr\u00e4parate k\u00f6nnen starke Wirkungen hervorrufen, daher<br \/>\nist es wichtig, alle Empfehlungen und Einschr\u00e4nkungen des<br \/>\nHerstellers zu beachten. Stillende M\u00fctter und schwangere Frauen<br \/>\nm\u00fcssen bei der Einnahme besonders vorsichtig sein.<\/font><\/font><\/font><\/p>\n<\/p>\n<p style=\"margin-bottom: 0cm\">\n<\/p>\n","protected":false},"excerpt":{"rendered":"<p><b>Shatavari &#8211; die weibliche Kraft der Natur in jeder Kapsel<\/b><\/p>\n<p><\/p>\n<ul>\n<li>\u00a0Unterst\u00fctzt das hormonelle Gleichgewicht\u00a0<\/li>\n<li>\u00a0Reduziert Wechseljahrsbeschwerden<\/li>\n<li>\u00a0Hilft bei hormonellen St\u00f6rungen<\/li>\n<li>\u00a0Verbessert die Stimmung und reduziert Spannungen\u00a0<\/li>\n<li>\u00a0Unterst\u00fctzt die Libido und die sexuelle Gesundheit\u00a0<\/li>\n<li>\u00a0St\u00e4rkt die Stressresistenz\u00a0<\/li>\n<li>\u00a0Wirkt tonisierend\u00a0<\/li>\n<\/ul>\n<p><\/p>\n<p><b>Produkt: 100% vegan, allergenfrei<br \/>Inhalt: <\/b>60 Kapseln<br \/><b>1 Packung reicht f\u00fcr 2 Monate Anwendung<\/b><\/p>\n","protected":false},"featured_media":22797,"template":"","meta":[],"product_cat":[666,680],"product_tag":[],"class_list":{"0":"post-22798","1":"product","2":"type-product","3":"status-publish","4":"has-post-thumbnail","6":"product_cat-ayurvedische-erganzungen","7":"product_cat-krautertabletten-und-kapseln","9":"first","10":"instock","11":"taxable","12":"shipping-taxable","13":"purchasable","14":"product-type-simple","15":"add-to-wishlist-before_image"},"acf":{"ilosc_sztuk_w_pudelku":"","ilosc_pudelek_w_kartonie":"","wykluczyc_z_szybkich_zakupow":["default"]},"yoast_head":"<!-- This site is optimized with the Yoast SEO plugin v23.1 - https:\/\/yoast.com\/wordpress\/plugins\/seo\/ -->\n<title>Shatavari - Unterst\u00fctzung f\u00fcr das Hormonsystem und die Fortpflanzung - 60 Kapseln | Vanan - Deva Harmony Polen<\/title>\n<meta name=\"robots\" content=\"index, follow, max-snippet:-1, max-image-preview:large, max-video-preview:-1\" \/>\n<link rel=\"canonical\" href=\"https:\/\/devaharmony.com\/de\/speichern\/shatavari-unterstuetzung-fuer-das-hormonsystem-und-die-fortpflanzung-60-kapseln-vanan\/\" \/>\n<meta property=\"og:locale\" content=\"de_DE\" \/>\n<meta property=\"og:type\" content=\"article\" \/>\n<meta property=\"og:title\" content=\"Shatavari - Unterst\u00fctzung f\u00fcr das Hormonsystem und die Fortpflanzung - 60 Kapseln | Vanan - Deva Harmony Polen\" \/>\n<meta property=\"og:description\" content=\"Shatavari - die weibliche Kraft der Natur in jeder Kapsel\u00a0Unterst\u00fctzt das hormonelle Gleichgewicht\u00a0\u00a0Reduziert Wechseljahrsbeschwerden\u00a0Hilft bei hormonellen St\u00f6rungen\u00a0Verbessert die Stimmung und reduziert Spannungen\u00a0\u00a0Unterst\u00fctzt die Libido und die sexuelle Gesundheit\u00a0\u00a0St\u00e4rkt die Stressresistenz\u00a0\u00a0Wirkt tonisierend\u00a0Produkt: 100% vegan, allergenfreiInhalt: 60 Kapseln1 Packung reicht f\u00fcr 2 Monate Anwendung\" \/>\n<meta property=\"og:url\" content=\"https:\/\/devaharmony.com\/de\/speichern\/shatavari-unterstuetzung-fuer-das-hormonsystem-und-die-fortpflanzung-60-kapseln-vanan\/\" \/>\n<meta property=\"og:site_name\" content=\"Deva Harmony Polen\" \/>\n<meta property=\"article:modified_time\" content=\"2026-04-06T20:33:29+00:00\" \/>\n<meta property=\"og:image\" content=\"https:\/\/devaharmony.com\/de\/wp-content\/uploads\/2025\/04\/dce06a3848edc6fb37b1fc052f523e52.jpg\" \/>\n\t<meta property=\"og:image:width\" content=\"1080\" \/>\n\t<meta property=\"og:image:height\" content=\"1080\" \/>\n\t<meta property=\"og:image:type\" content=\"image\/jpeg\" \/>\n<meta name=\"twitter:card\" content=\"summary_large_image\" \/>\n<meta name=\"twitter:label1\" content=\"Gesch\u00e4tzte Lesezeit\" \/>\n\t<meta name=\"twitter:data1\" content=\"2\u00a0Minuten\" \/>\n<script type=\"application\/ld+json\" class=\"yoast-schema-graph\">{\"@context\":\"https:\/\/schema.org\",\"@graph\":[{\"@type\":\"WebPage\",\"@id\":\"https:\/\/devaharmony.com\/de\/speichern\/shatavari-unterstuetzung-fuer-das-hormonsystem-und-die-fortpflanzung-60-kapseln-vanan\/\",\"url\":\"https:\/\/devaharmony.com\/de\/speichern\/shatavari-unterstuetzung-fuer-das-hormonsystem-und-die-fortpflanzung-60-kapseln-vanan\/\",\"name\":\"Shatavari - Unterst\u00fctzung f\u00fcr das Hormonsystem und die Fortpflanzung - 60 Kapseln | Vanan - Deva Harmony Polen\",\"isPartOf\":{\"@id\":\"https:\/\/devaharmony.com\/de\/#website\"},\"primaryImageOfPage\":{\"@id\":\"https:\/\/devaharmony.com\/de\/speichern\/shatavari-unterstuetzung-fuer-das-hormonsystem-und-die-fortpflanzung-60-kapseln-vanan\/#primaryimage\"},\"image\":{\"@id\":\"https:\/\/devaharmony.com\/de\/speichern\/shatavari-unterstuetzung-fuer-das-hormonsystem-und-die-fortpflanzung-60-kapseln-vanan\/#primaryimage\"},\"thumbnailUrl\":\"https:\/\/devaharmony.com\/de\/wp-content\/uploads\/2025\/04\/dce06a3848edc6fb37b1fc052f523e52.jpg\",\"datePublished\":\"2025-04-23T09:26:40+00:00\",\"dateModified\":\"2026-04-06T20:33:29+00:00\",\"breadcrumb\":{\"@id\":\"https:\/\/devaharmony.com\/de\/speichern\/shatavari-unterstuetzung-fuer-das-hormonsystem-und-die-fortpflanzung-60-kapseln-vanan\/#breadcrumb\"},\"inLanguage\":\"de\",\"potentialAction\":[{\"@type\":\"ReadAction\",\"target\":[\"https:\/\/devaharmony.com\/de\/speichern\/shatavari-unterstuetzung-fuer-das-hormonsystem-und-die-fortpflanzung-60-kapseln-vanan\/\"]}]},{\"@type\":\"ImageObject\",\"inLanguage\":\"de\",\"@id\":\"https:\/\/devaharmony.com\/de\/speichern\/shatavari-unterstuetzung-fuer-das-hormonsystem-und-die-fortpflanzung-60-kapseln-vanan\/#primaryimage\",\"url\":\"https:\/\/devaharmony.com\/de\/wp-content\/uploads\/2025\/04\/dce06a3848edc6fb37b1fc052f523e52.jpg\",\"contentUrl\":\"https:\/\/devaharmony.com\/de\/wp-content\/uploads\/2025\/04\/dce06a3848edc6fb37b1fc052f523e52.jpg\",\"width\":1080,\"height\":1080},{\"@type\":\"BreadcrumbList\",\"@id\":\"https:\/\/devaharmony.com\/de\/speichern\/shatavari-unterstuetzung-fuer-das-hormonsystem-und-die-fortpflanzung-60-kapseln-vanan\/#breadcrumb\",\"itemListElement\":[{\"@type\":\"ListItem\",\"position\":1,\"name\":\"Home\",\"item\":\"https:\/\/devaharmony.com\/de\/\"},{\"@type\":\"ListItem\",\"position\":2,\"name\":\"Ayurvedische Produkte\",\"item\":\"https:\/\/devaharmony.com\/de\/ayurvedische-produkte\/\"},{\"@type\":\"ListItem\",\"position\":3,\"name\":\"Shatavari &#8211; Unterst\u00fctzung f\u00fcr das Hormonsystem und die Fortpflanzung &#8211; 60 Kapseln | Vanan\"}]},{\"@type\":\"WebSite\",\"@id\":\"https:\/\/devaharmony.com\/de\/#website\",\"url\":\"https:\/\/devaharmony.com\/de\/\",\"name\":\"Deva Harmony Polen\",\"description\":\"Ayurvedische Nahrungserg\u00e4nzungsmittel\",\"potentialAction\":[{\"@type\":\"SearchAction\",\"target\":{\"@type\":\"EntryPoint\",\"urlTemplate\":\"https:\/\/devaharmony.com\/de\/?s={search_term_string}\"},\"query-input\":\"required name=search_term_string\"}],\"inLanguage\":\"de\"}]}<\/script>\n<!-- \/ Yoast SEO plugin. -->","yoast_head_json":{"title":"Shatavari - Unterst\u00fctzung f\u00fcr das Hormonsystem und die Fortpflanzung - 60 Kapseln | Vanan - Deva Harmony Polen","robots":{"index":"index","follow":"follow","max-snippet":"max-snippet:-1","max-image-preview":"max-image-preview:large","max-video-preview":"max-video-preview:-1"},"canonical":"https:\/\/devaharmony.com\/de\/speichern\/shatavari-unterstuetzung-fuer-das-hormonsystem-und-die-fortpflanzung-60-kapseln-vanan\/","og_locale":"de_DE","og_type":"article","og_title":"Shatavari - Unterst\u00fctzung f\u00fcr das Hormonsystem und die Fortpflanzung - 60 Kapseln | Vanan - Deva Harmony Polen","og_description":"Shatavari - die weibliche Kraft der Natur in jeder Kapsel\u00a0Unterst\u00fctzt das hormonelle Gleichgewicht\u00a0\u00a0Reduziert Wechseljahrsbeschwerden\u00a0Hilft bei hormonellen St\u00f6rungen\u00a0Verbessert die Stimmung und reduziert Spannungen\u00a0\u00a0Unterst\u00fctzt die Libido und die sexuelle Gesundheit\u00a0\u00a0St\u00e4rkt die Stressresistenz\u00a0\u00a0Wirkt tonisierend\u00a0Produkt: 100% vegan, allergenfreiInhalt: 60 Kapseln1 Packung reicht f\u00fcr 2 Monate Anwendung","og_url":"https:\/\/devaharmony.com\/de\/speichern\/shatavari-unterstuetzung-fuer-das-hormonsystem-und-die-fortpflanzung-60-kapseln-vanan\/","og_site_name":"Deva Harmony Polen","article_modified_time":"2026-04-06T20:33:29+00:00","og_image":[{"width":1080,"height":1080,"url":"https:\/\/devaharmony.com\/de\/wp-content\/uploads\/2025\/04\/dce06a3848edc6fb37b1fc052f523e52.jpg","type":"image\/jpeg"}],"twitter_card":"summary_large_image","twitter_misc":{"Gesch\u00e4tzte Lesezeit":"2\u00a0Minuten"},"schema":{"@context":"https:\/\/schema.org","@graph":[{"@type":"WebPage","@id":"https:\/\/devaharmony.com\/de\/speichern\/shatavari-unterstuetzung-fuer-das-hormonsystem-und-die-fortpflanzung-60-kapseln-vanan\/","url":"https:\/\/devaharmony.com\/de\/speichern\/shatavari-unterstuetzung-fuer-das-hormonsystem-und-die-fortpflanzung-60-kapseln-vanan\/","name":"Shatavari - Unterst\u00fctzung f\u00fcr das Hormonsystem und die Fortpflanzung - 60 Kapseln | Vanan - Deva Harmony Polen","isPartOf":{"@id":"https:\/\/devaharmony.com\/de\/#website"},"primaryImageOfPage":{"@id":"https:\/\/devaharmony.com\/de\/speichern\/shatavari-unterstuetzung-fuer-das-hormonsystem-und-die-fortpflanzung-60-kapseln-vanan\/#primaryimage"},"image":{"@id":"https:\/\/devaharmony.com\/de\/speichern\/shatavari-unterstuetzung-fuer-das-hormonsystem-und-die-fortpflanzung-60-kapseln-vanan\/#primaryimage"},"thumbnailUrl":"https:\/\/devaharmony.com\/de\/wp-content\/uploads\/2025\/04\/dce06a3848edc6fb37b1fc052f523e52.jpg","datePublished":"2025-04-23T09:26:40+00:00","dateModified":"2026-04-06T20:33:29+00:00","breadcrumb":{"@id":"https:\/\/devaharmony.com\/de\/speichern\/shatavari-unterstuetzung-fuer-das-hormonsystem-und-die-fortpflanzung-60-kapseln-vanan\/#breadcrumb"},"inLanguage":"de","potentialAction":[{"@type":"ReadAction","target":["https:\/\/devaharmony.com\/de\/speichern\/shatavari-unterstuetzung-fuer-das-hormonsystem-und-die-fortpflanzung-60-kapseln-vanan\/"]}]},{"@type":"ImageObject","inLanguage":"de","@id":"https:\/\/devaharmony.com\/de\/speichern\/shatavari-unterstuetzung-fuer-das-hormonsystem-und-die-fortpflanzung-60-kapseln-vanan\/#primaryimage","url":"https:\/\/devaharmony.com\/de\/wp-content\/uploads\/2025\/04\/dce06a3848edc6fb37b1fc052f523e52.jpg","contentUrl":"https:\/\/devaharmony.com\/de\/wp-content\/uploads\/2025\/04\/dce06a3848edc6fb37b1fc052f523e52.jpg","width":1080,"height":1080},{"@type":"BreadcrumbList","@id":"https:\/\/devaharmony.com\/de\/speichern\/shatavari-unterstuetzung-fuer-das-hormonsystem-und-die-fortpflanzung-60-kapseln-vanan\/#breadcrumb","itemListElement":[{"@type":"ListItem","position":1,"name":"Home","item":"https:\/\/devaharmony.com\/de\/"},{"@type":"ListItem","position":2,"name":"Ayurvedische Produkte","item":"https:\/\/devaharmony.com\/de\/ayurvedische-produkte\/"},{"@type":"ListItem","position":3,"name":"Shatavari &#8211; Unterst\u00fctzung f\u00fcr das Hormonsystem und die Fortpflanzung &#8211; 60 Kapseln | Vanan"}]},{"@type":"WebSite","@id":"https:\/\/devaharmony.com\/de\/#website","url":"https:\/\/devaharmony.com\/de\/","name":"Deva Harmony Polen","description":"Ayurvedische Nahrungserg\u00e4nzungsmittel","potentialAction":[{"@type":"SearchAction","target":{"@type":"EntryPoint","urlTemplate":"https:\/\/devaharmony.com\/de\/?s={search_term_string}"},"query-input":"required name=search_term_string"}],"inLanguage":"de"}]}},"_links":{"self":[{"href":"https:\/\/devaharmony.com\/de\/wp-json\/wp\/v2\/product\/22798"}],"collection":[{"href":"https:\/\/devaharmony.com\/de\/wp-json\/wp\/v2\/product"}],"about":[{"href":"https:\/\/devaharmony.com\/de\/wp-json\/wp\/v2\/types\/product"}],"wp:featuredmedia":[{"embeddable":true,"href":"https:\/\/devaharmony.com\/de\/wp-json\/wp\/v2\/media\/22797"}],"wp:attachment":[{"href":"https:\/\/devaharmony.com\/de\/wp-json\/wp\/v2\/media?parent=22798"}],"wp:term":[{"taxonomy":"product_cat","embeddable":true,"href":"https:\/\/devaharmony.com\/de\/wp-json\/wp\/v2\/product_cat?post=22798"},{"taxonomy":"product_tag","embeddable":true,"href":"https:\/\/devaharmony.com\/de\/wp-json\/wp\/v2\/product_tag?post=22798"}],"curies":[{"name":"wp","href":"https:\/\/api.w.org\/{rel}","templated":true}]}}