{"id":22796,"date":"2025-04-23T10:12:14","date_gmt":"2025-04-23T09:12:14","guid":{"rendered":"https:\/\/devaharmony.com\/de\/speichern\/kurkuma-60-kapseln-vanan\/"},"modified":"2026-03-31T10:15:17","modified_gmt":"2026-03-31T09:15:17","slug":"kurkuma-60-kapseln-vanan","status":"publish","type":"product","link":"https:\/\/devaharmony.com\/de\/speichern\/kurkuma-60-kapseln-vanan\/","title":{"rendered":"Kurkuma &#8211; 60 Kapseln | Vanan"},"content":{"rendered":"<p>Vanan Kurkuma-Kapseln nutzen die Kraft von Curcuma longa, oder Kurkuma, die f\u00fcr ihre umfassenden gesundheitsf\u00f6rdernden Eigenschaften bekannt ist. Das in Kurkuma enthaltene Curcumin unterst\u00fctzt die richtige Funktion des Herzens, der Blutgef\u00e4\u00dfe und des Verdauungssystems und wirkt sich positiv auf den Hautzustand aus. Der Zusatz von schwarzem Pfeffer (Piperin) erh\u00f6ht die Absorption von Curcumin erheblich, was die Wirkung des Erg\u00e4nzungsmittels verst\u00e4rkt. Die ayurvedische und vegane Formel ist frei von k\u00fcnstlichen Konservierungsstoffen, Aromen und g\u00e4ngigen Allergenen. Die Kapseln sind vegan, koscher und halal zertifiziert und werden nach strengen GMP-Standards hergestellt. Das macht Vanan Turmeric zu einer sicheren und effektiven Unterst\u00fctzung f\u00fcr die Gesundheit der Atemwege, des Cholesterins und der Haut.<\/p>\n<p><\/p>\n<ul>\n<li>Ayurveda<\/li>\n<li>\u00a0Frei von k\u00fcnstlichen Konservierungsmitteln, Aromen und Duftstoffen<\/li>\n<li>\u00a0Frei von Zucker, Salz, Hefe, Weizen, Soja, Gluten und Milchprodukten<\/li>\n<li>\u00a0Zertifiziert: Vegan, Koscher, Halal, GMP<\/li>\n<\/ul>\n<div><b><br \/><\/b><\/div>\n<\/p>\n<div><span style=\"font-size: 13px\"><b>Standardisiertes Produkt DER<\/b><\/span><\/div>\n<div>\n<div><span style=\"font-size: 13px\"><b>Empfohlene Tagesdosis:<\/b> 1 Kapsel<\/span><\/div>\n<div><span style=\"font-size: 13px\"><b>Inhalt:<\/b> 60 Kapseln<\/span><\/div>\n<div><span style=\"font-size: 13px\"><b>Hersteller:<\/b> APEX LABORATORIES PRIVATE LTD,<\/span><\/div>\n<div><span style=\"font-size: 13px\"><b>Ursprungsland: <\/b>Indien<\/span><\/div>\n<\/div>\n<div><span style=\"font-size: 13px\"><br \/><\/span><\/div>\n<div><span style=\"font-size: 13px\"><br \/><\/span><\/div>\n<div>\n<div><span style=\"font-size: 13px\">*Die empfohlene t\u00e4gliche Verzehrsmenge darf nicht \u00fcberschritten werden. Nahrungserg\u00e4nzungsmittel sollten nicht als Ersatz f\u00fcr eine abwechslungsreiche Ern\u00e4hrung verwendet werden. Achten Sie auf eine gesunde Lebensweise und eine ausgewogene Ern\u00e4hrung. Nicht verwenden bei \u00dcberempfindlichkeit gegen\u00fcber den Inhaltsstoffen des Pr\u00e4parats. Das Produkt ist nicht f\u00fcr Kinder, schwangere oder stillende Frauen bestimmt.<\/span><\/div>\n<div><span style=\"font-size: 13px\"><br \/><\/span><\/div>\n<div><span style=\"font-size: 13px\"><br \/><\/span><\/div>\n<div><span style=\"font-size: 13px\"><br \/><\/span><\/div>\n<div><span style=\"font-size: 13px\">*GMO-freies Produkt.<\/span><\/div>\n<div><span style=\"font-size: 13px\"><br \/><\/span><\/div>\n<div><span style=\"font-size: 13px\"><br \/><\/span><\/div>\n<div><span style=\"font-size: 13px\"><br \/><\/span><\/div>\n<div><span style=\"font-size: 13px\">*Au\u00dferhalb der Reichweite von kleinen Kindern aufbewahren. Vor Licht und Feuchtigkeit sch\u00fctzen.<\/span><\/div>\n<div><span style=\"font-size: 13px\"><br \/><\/span><\/div>\n<div><span style=\"font-size: 13px\"><br \/><\/span><\/div>\n<div><span style=\"font-size: 13px\"><br \/><\/span><\/div>\n<div><span style=\"font-size: 13px\">*Bei dem beschriebenen Produkt handelt es sich um ein Nahrungserg\u00e4nzungsmittel, nicht um ein Arzneimittel zur Vorbeugung oder Behandlung menschlicher Krankheiten.<\/span><\/div>\n<div><span style=\"font-size: 13px\"><br \/><\/span><\/div>\n<div><span style=\"font-size: 13px\"><br \/><\/span><\/div>\n<div><span style=\"font-size: 13px\"><br \/><\/span><\/div>\n<div><span style=\"font-size: 13px\">*Bei der Einnahme von pflanzlichen Pr\u00e4paraten ist es ratsam, einen Arzt oder Apotheker zu konsultieren, da die Wahl des richtigen pflanzlichen Pr\u00e4parats ebenso viel Wissen erfordert wie die eines chemischen Pr\u00e4parats. Es ist wichtig, daran zu denken, dass pflanzliche Zubereitungen mit Medikamenten, die Sie einnehmen, in Wechselwirkung treten und Gesundheitsrisiken bergen k\u00f6nnen. Einige pflanzliche Pr\u00e4parate k\u00f6nnen starke Wirkungen hervorrufen, daher ist es wichtig, alle Empfehlungen und Einschr\u00e4nkungen des Herstellers zu beachten. Stillende M\u00fctter und schwangere Frauen m\u00fcssen bei der Einnahme besonders vorsichtig sein.<\/span><\/div>\n<\/div>\n<div><span style=\"font-size: 13px\"><br \/><\/span><\/div>\n<div><span style=\"font-size: 13px\"><br \/><\/span><\/div>\n<div><span style=\"font-size: 13px\"><br \/><\/span><\/div>\n","protected":false},"excerpt":{"rendered":"<p><b>Die goldene Kraft der Natur f\u00fcr Herz, Haut und Immunit\u00e4t<\/b><\/p>\n<p><\/p>\n<ul>\n<li>\u00a0Unterst\u00fctzt die Funktion von Herz und Blutgef\u00e4\u00dfen.<\/li>\n<li>Unterst\u00fctzt die Leberfunktion und lindert Entz\u00fcndungen des Verdauungstraktes.<\/li>\n<li>Wirkt entz\u00fcndungshemmend und antioxidativ<\/li>\n<li>Erhellt den Teint, lindert Reizungen und entz\u00fcndliche Ver\u00e4nderungen.<\/li>\n<li>Hilft bei der Regulierung des Cholesterinspiegels<\/li>\n<li>Hilft bei Entz\u00fcndungen und Infektionen.<\/li>\n<li>Enth\u00e4lt Piperin &#8211; f\u00fcr maximale Absorption von Curcumin und erh\u00f6hte Wirksamkeit<\/li>\n<\/ul>\n<p><\/p>\n<p><b>Produkt: 100% vegan, allergenfrei<\/b><\/p>\n<p><b>Inhalt: <\/b>60 Kapseln<\/p>\n<p><b>1 Packung reicht f\u00fcr 2 Monate<\/b><\/p>\n","protected":false},"featured_media":22795,"template":"","meta":[],"product_cat":[666,680],"product_tag":[],"class_list":{"0":"post-22796","1":"product","2":"type-product","3":"status-publish","4":"has-post-thumbnail","6":"product_cat-ayurvedische-erganzungen","7":"product_cat-krautertabletten-und-kapseln","9":"first","10":"instock","11":"taxable","12":"shipping-taxable","13":"purchasable","14":"product-type-simple","15":"add-to-wishlist-before_image"},"acf":{"ilosc_sztuk_w_pudelku":"","ilosc_pudelek_w_kartonie":"","wykluczyc_z_szybkich_zakupow":["default"]},"yoast_head":"<!-- This site is optimized with the Yoast SEO plugin v23.1 - https:\/\/yoast.com\/wordpress\/plugins\/seo\/ -->\n<title>Kurkuma - 60 Kapseln | Vanan - Deva Harmony Polen<\/title>\n<meta name=\"robots\" content=\"index, follow, max-snippet:-1, max-image-preview:large, max-video-preview:-1\" \/>\n<link rel=\"canonical\" href=\"https:\/\/devaharmony.com\/de\/speichern\/kurkuma-60-kapseln-vanan\/\" \/>\n<meta property=\"og:locale\" content=\"de_DE\" \/>\n<meta property=\"og:type\" content=\"article\" \/>\n<meta property=\"og:title\" content=\"Kurkuma - 60 Kapseln | Vanan - Deva Harmony Polen\" \/>\n<meta property=\"og:description\" content=\"Die goldene Kraft der Natur f\u00fcr Herz, Haut und Immunit\u00e4t\u00a0Unterst\u00fctzt die Funktion von Herz und Blutgef\u00e4\u00dfen.Unterst\u00fctzt die Leberfunktion und lindert Entz\u00fcndungen des Verdauungstraktes.Wirkt entz\u00fcndungshemmend und antioxidativErhellt den Teint, lindert Reizungen und entz\u00fcndliche Ver\u00e4nderungen.Hilft bei der Regulierung des CholesterinspiegelsHilft bei Entz\u00fcndungen und Infektionen.Enth\u00e4lt Piperin - f\u00fcr maximale Absorption von Curcumin und erh\u00f6hte WirksamkeitProdukt: 100% vegan, allergenfreiInhalt: 60 Kapseln1 Packung reicht f\u00fcr 2 Monate\" \/>\n<meta property=\"og:url\" content=\"https:\/\/devaharmony.com\/de\/speichern\/kurkuma-60-kapseln-vanan\/\" \/>\n<meta property=\"og:site_name\" content=\"Deva Harmony Polen\" \/>\n<meta property=\"article:modified_time\" content=\"2026-03-31T09:15:17+00:00\" \/>\n<meta property=\"og:image\" content=\"https:\/\/devaharmony.com\/de\/wp-content\/uploads\/2025\/04\/b5840e42cf84e61f1b4fd06fd8a8e11d.jpg\" \/>\n\t<meta property=\"og:image:width\" content=\"1080\" \/>\n\t<meta property=\"og:image:height\" content=\"1080\" \/>\n\t<meta property=\"og:image:type\" content=\"image\/jpeg\" \/>\n<meta name=\"twitter:card\" content=\"summary_large_image\" \/>\n<meta name=\"twitter:label1\" content=\"Gesch\u00e4tzte Lesezeit\" \/>\n\t<meta name=\"twitter:data1\" content=\"2\u00a0Minuten\" \/>\n<script type=\"application\/ld+json\" class=\"yoast-schema-graph\">{\"@context\":\"https:\/\/schema.org\",\"@graph\":[{\"@type\":\"WebPage\",\"@id\":\"https:\/\/devaharmony.com\/de\/speichern\/kurkuma-60-kapseln-vanan\/\",\"url\":\"https:\/\/devaharmony.com\/de\/speichern\/kurkuma-60-kapseln-vanan\/\",\"name\":\"Kurkuma - 60 Kapseln | Vanan - Deva Harmony Polen\",\"isPartOf\":{\"@id\":\"https:\/\/devaharmony.com\/de\/#website\"},\"primaryImageOfPage\":{\"@id\":\"https:\/\/devaharmony.com\/de\/speichern\/kurkuma-60-kapseln-vanan\/#primaryimage\"},\"image\":{\"@id\":\"https:\/\/devaharmony.com\/de\/speichern\/kurkuma-60-kapseln-vanan\/#primaryimage\"},\"thumbnailUrl\":\"https:\/\/devaharmony.com\/de\/wp-content\/uploads\/2025\/04\/b5840e42cf84e61f1b4fd06fd8a8e11d.jpg\",\"datePublished\":\"2025-04-23T09:12:14+00:00\",\"dateModified\":\"2026-03-31T09:15:17+00:00\",\"breadcrumb\":{\"@id\":\"https:\/\/devaharmony.com\/de\/speichern\/kurkuma-60-kapseln-vanan\/#breadcrumb\"},\"inLanguage\":\"de\",\"potentialAction\":[{\"@type\":\"ReadAction\",\"target\":[\"https:\/\/devaharmony.com\/de\/speichern\/kurkuma-60-kapseln-vanan\/\"]}]},{\"@type\":\"ImageObject\",\"inLanguage\":\"de\",\"@id\":\"https:\/\/devaharmony.com\/de\/speichern\/kurkuma-60-kapseln-vanan\/#primaryimage\",\"url\":\"https:\/\/devaharmony.com\/de\/wp-content\/uploads\/2025\/04\/b5840e42cf84e61f1b4fd06fd8a8e11d.jpg\",\"contentUrl\":\"https:\/\/devaharmony.com\/de\/wp-content\/uploads\/2025\/04\/b5840e42cf84e61f1b4fd06fd8a8e11d.jpg\",\"width\":1080,\"height\":1080},{\"@type\":\"BreadcrumbList\",\"@id\":\"https:\/\/devaharmony.com\/de\/speichern\/kurkuma-60-kapseln-vanan\/#breadcrumb\",\"itemListElement\":[{\"@type\":\"ListItem\",\"position\":1,\"name\":\"Home\",\"item\":\"https:\/\/devaharmony.com\/de\/\"},{\"@type\":\"ListItem\",\"position\":2,\"name\":\"Ayurvedische Produkte\",\"item\":\"https:\/\/devaharmony.com\/de\/ayurvedische-produkte\/\"},{\"@type\":\"ListItem\",\"position\":3,\"name\":\"Kurkuma &#8211; 60 Kapseln | Vanan\"}]},{\"@type\":\"WebSite\",\"@id\":\"https:\/\/devaharmony.com\/de\/#website\",\"url\":\"https:\/\/devaharmony.com\/de\/\",\"name\":\"Deva Harmony Polen\",\"description\":\"Ayurvedische Nahrungserg\u00e4nzungsmittel\",\"potentialAction\":[{\"@type\":\"SearchAction\",\"target\":{\"@type\":\"EntryPoint\",\"urlTemplate\":\"https:\/\/devaharmony.com\/de\/?s={search_term_string}\"},\"query-input\":\"required name=search_term_string\"}],\"inLanguage\":\"de\"}]}<\/script>\n<!-- \/ Yoast SEO plugin. -->","yoast_head_json":{"title":"Kurkuma - 60 Kapseln | Vanan - Deva Harmony Polen","robots":{"index":"index","follow":"follow","max-snippet":"max-snippet:-1","max-image-preview":"max-image-preview:large","max-video-preview":"max-video-preview:-1"},"canonical":"https:\/\/devaharmony.com\/de\/speichern\/kurkuma-60-kapseln-vanan\/","og_locale":"de_DE","og_type":"article","og_title":"Kurkuma - 60 Kapseln | Vanan - Deva Harmony Polen","og_description":"Die goldene Kraft der Natur f\u00fcr Herz, Haut und Immunit\u00e4t\u00a0Unterst\u00fctzt die Funktion von Herz und Blutgef\u00e4\u00dfen.Unterst\u00fctzt die Leberfunktion und lindert Entz\u00fcndungen des Verdauungstraktes.Wirkt entz\u00fcndungshemmend und antioxidativErhellt den Teint, lindert Reizungen und entz\u00fcndliche Ver\u00e4nderungen.Hilft bei der Regulierung des CholesterinspiegelsHilft bei Entz\u00fcndungen und Infektionen.Enth\u00e4lt Piperin - f\u00fcr maximale Absorption von Curcumin und erh\u00f6hte WirksamkeitProdukt: 100% vegan, allergenfreiInhalt: 60 Kapseln1 Packung reicht f\u00fcr 2 Monate","og_url":"https:\/\/devaharmony.com\/de\/speichern\/kurkuma-60-kapseln-vanan\/","og_site_name":"Deva Harmony Polen","article_modified_time":"2026-03-31T09:15:17+00:00","og_image":[{"width":1080,"height":1080,"url":"https:\/\/devaharmony.com\/de\/wp-content\/uploads\/2025\/04\/b5840e42cf84e61f1b4fd06fd8a8e11d.jpg","type":"image\/jpeg"}],"twitter_card":"summary_large_image","twitter_misc":{"Gesch\u00e4tzte Lesezeit":"2\u00a0Minuten"},"schema":{"@context":"https:\/\/schema.org","@graph":[{"@type":"WebPage","@id":"https:\/\/devaharmony.com\/de\/speichern\/kurkuma-60-kapseln-vanan\/","url":"https:\/\/devaharmony.com\/de\/speichern\/kurkuma-60-kapseln-vanan\/","name":"Kurkuma - 60 Kapseln | Vanan - Deva Harmony Polen","isPartOf":{"@id":"https:\/\/devaharmony.com\/de\/#website"},"primaryImageOfPage":{"@id":"https:\/\/devaharmony.com\/de\/speichern\/kurkuma-60-kapseln-vanan\/#primaryimage"},"image":{"@id":"https:\/\/devaharmony.com\/de\/speichern\/kurkuma-60-kapseln-vanan\/#primaryimage"},"thumbnailUrl":"https:\/\/devaharmony.com\/de\/wp-content\/uploads\/2025\/04\/b5840e42cf84e61f1b4fd06fd8a8e11d.jpg","datePublished":"2025-04-23T09:12:14+00:00","dateModified":"2026-03-31T09:15:17+00:00","breadcrumb":{"@id":"https:\/\/devaharmony.com\/de\/speichern\/kurkuma-60-kapseln-vanan\/#breadcrumb"},"inLanguage":"de","potentialAction":[{"@type":"ReadAction","target":["https:\/\/devaharmony.com\/de\/speichern\/kurkuma-60-kapseln-vanan\/"]}]},{"@type":"ImageObject","inLanguage":"de","@id":"https:\/\/devaharmony.com\/de\/speichern\/kurkuma-60-kapseln-vanan\/#primaryimage","url":"https:\/\/devaharmony.com\/de\/wp-content\/uploads\/2025\/04\/b5840e42cf84e61f1b4fd06fd8a8e11d.jpg","contentUrl":"https:\/\/devaharmony.com\/de\/wp-content\/uploads\/2025\/04\/b5840e42cf84e61f1b4fd06fd8a8e11d.jpg","width":1080,"height":1080},{"@type":"BreadcrumbList","@id":"https:\/\/devaharmony.com\/de\/speichern\/kurkuma-60-kapseln-vanan\/#breadcrumb","itemListElement":[{"@type":"ListItem","position":1,"name":"Home","item":"https:\/\/devaharmony.com\/de\/"},{"@type":"ListItem","position":2,"name":"Ayurvedische Produkte","item":"https:\/\/devaharmony.com\/de\/ayurvedische-produkte\/"},{"@type":"ListItem","position":3,"name":"Kurkuma &#8211; 60 Kapseln | Vanan"}]},{"@type":"WebSite","@id":"https:\/\/devaharmony.com\/de\/#website","url":"https:\/\/devaharmony.com\/de\/","name":"Deva Harmony Polen","description":"Ayurvedische Nahrungserg\u00e4nzungsmittel","potentialAction":[{"@type":"SearchAction","target":{"@type":"EntryPoint","urlTemplate":"https:\/\/devaharmony.com\/de\/?s={search_term_string}"},"query-input":"required name=search_term_string"}],"inLanguage":"de"}]}},"_links":{"self":[{"href":"https:\/\/devaharmony.com\/de\/wp-json\/wp\/v2\/product\/22796"}],"collection":[{"href":"https:\/\/devaharmony.com\/de\/wp-json\/wp\/v2\/product"}],"about":[{"href":"https:\/\/devaharmony.com\/de\/wp-json\/wp\/v2\/types\/product"}],"wp:featuredmedia":[{"embeddable":true,"href":"https:\/\/devaharmony.com\/de\/wp-json\/wp\/v2\/media\/22795"}],"wp:attachment":[{"href":"https:\/\/devaharmony.com\/de\/wp-json\/wp\/v2\/media?parent=22796"}],"wp:term":[{"taxonomy":"product_cat","embeddable":true,"href":"https:\/\/devaharmony.com\/de\/wp-json\/wp\/v2\/product_cat?post=22796"},{"taxonomy":"product_tag","embeddable":true,"href":"https:\/\/devaharmony.com\/de\/wp-json\/wp\/v2\/product_tag?post=22796"}],"curies":[{"name":"wp","href":"https:\/\/api.w.org\/{rel}","templated":true}]}}