{"id":22794,"date":"2025-04-23T09:36:46","date_gmt":"2025-04-23T08:36:46","guid":{"rendered":"https:\/\/devaharmony.com\/de\/speichern\/bonduc-nut-menopause-unterstuetzung-60-kapseln-vanan\/"},"modified":"2026-04-07T19:41:47","modified_gmt":"2026-04-07T18:41:47","slug":"bonduc-nut-menopause-unterstuetzung-60-kapseln-vanan","status":"publish","type":"product","link":"https:\/\/devaharmony.com\/de\/speichern\/bonduc-nut-menopause-unterstuetzung-60-kapseln-vanan\/","title":{"rendered":"Bonduc Nut &#8211; Menopause Unterst\u00fctzung &#8211; 60 Kapseln | Vanan"},"content":{"rendered":"<p>Vanan Bonduc Nut Kapseln nutzen die traditionellen ayurvedischen Eigenschaften von Caesalpinia bonduc &#8211; einer Pflanze, die f\u00fcr ihre antibakteriellen Eigenschaften und ihre Unterst\u00fctzung der Gesundheit der Frau gesch\u00e4tzt wird. Dieses Nahrungserg\u00e4nzungsmittel tr\u00e4gt dazu bei, die Harmonie im K\u00f6rper aufrechtzuerhalten und lindert Magen-Darm-Beschwerden und Symptome, die mit der Menopause einhergehen.\u00a0<\/p>\n<p><\/p>\n<p><\/p>\n<p><b>Frei von k\u00fcnstlichen Konservierungsmitteln, Aromen und Duftstoffen<\/b><\/p>\n<p><b>Frei von Zucker, Salz, Hefe, Weizen, Soja, Gluten und Milchprodukten<\/b><\/p>\n<p><b>Zertifikate: Vegan, Kosher, Halal, GMP<\/b><\/p>\n<p><\/p>\n<p><span style=\"font-weight: 600;color: inherit\">100% veganes Produkt<\/span><\/p>\n<p><span style=\"font-weight: 600;color: inherit\">DER standardisierte Produkt<\/span><\/p>\n<p><span style=\"font-weight: 600;color: inherit\">Empfohlene Tagesdosis:\u00a0<\/span>1 Kapsel<\/p>\n<p><span style=\"font-weight: 600;color: inherit\">Inhalt:\u00a0<\/span>60 Kapseln<\/p>\n<p><span style=\"font-weight: 600;color: inherit\">Hersteller:\u00a0<\/span>APEX LABORATORIES PRIVATE LTD,<\/p>\n<p><span style=\"font-weight: 600;color: inherit\">Ursprungsland:\u00a0<\/span>Indien<\/p>\n<p><\/p>\n<p>*Die empfohlene t\u00e4gliche Verzehrsmenge darf nicht \u00fcberschritten werden. Nahrungserg\u00e4nzungsmittel sollten nicht als Ersatz f\u00fcr eine abwechslungsreiche Ern\u00e4hrung verwendet werden. Achten Sie auf eine gesunde Lebensweise und eine ausgewogene Ern\u00e4hrung. Nicht verwenden bei \u00dcberempfindlichkeit gegen\u00fcber den Inhaltsstoffen des Pr\u00e4parats. Das Produkt ist nicht f\u00fcr Kinder, schwangere oder stillende Frauen bestimmt.<\/p>\n<p><\/p>\n<p>*GMO-freies Produkt.<\/p>\n<p><\/p>\n<p>*Au\u00dferhalb der Reichweite von kleinen Kindern aufbewahren. Vor Licht und Feuchtigkeit sch\u00fctzen.<\/p>\n<p><\/p>\n<p>*Bei dem beschriebenen Produkt handelt es sich um ein Nahrungserg\u00e4nzungsmittel, nicht um ein Arzneimittel zur Vorbeugung oder Behandlung menschlicher Krankheiten.<\/p>\n<p><\/p>\n<p>*Bei der Einnahme von pflanzlichen Pr\u00e4paraten ist es am besten, einen Arzt oder Apotheker zu konsultieren, da die Wahl des richtigen pflanzlichen Pr\u00e4parats ebenso viel Wissen erfordert wie die eines chemischen Pr\u00e4parats. Es ist wichtig, daran zu denken, dass pflanzliche Zubereitungen mit Medikamenten, die Sie einnehmen, in Wechselwirkung treten und Gesundheitsrisiken bergen k\u00f6nnen. Einige pflanzliche Pr\u00e4parate k\u00f6nnen starke Wirkungen hervorrufen, daher ist es wichtig, alle Empfehlungen und Einschr\u00e4nkungen des Herstellers zu beachten. Stillende M\u00fctter und schwangere Frauen m\u00fcssen bei der Einnahme besonders vorsichtig sein.<\/p>\n","protected":false},"excerpt":{"rendered":"<p><b>Bonduc Nut &#8211; nat\u00fcrliche Harmonie f\u00fcr den weiblichen K\u00f6rper und Geist<\/b><\/p>\n<p><\/p>\n<ul>\n<li>Lindert die Symptome der Wechseljahre\u00a0<\/li>\n<li>Unterst\u00fctzt das hormonelle Gleichgewicht<\/li>\n<li>Wirkt antibakteriell\u00a0<\/li>\n<li>Lindert Verdauungsbeschwerden\u00a0<\/li>\n<li>Reduziert Bl\u00e4hungen, Bauchschmerzen und Darmbeschwerden.<\/li>\n<\/ul>\n<p><\/p>\n<p><\/p>\n<p><b>Produkt: 100 % vegan, allergenfrei<\/b><\/p>\n<p><b>Inhalt: <\/b>60 Kapseln<\/p>\n<p><b>1 Packung reicht f\u00fcr 2 Monate Anwendung<\/b><\/p>\n","protected":false},"featured_media":22793,"template":"","meta":[],"product_cat":[666,680],"product_tag":[],"class_list":{"0":"post-22794","1":"product","2":"type-product","3":"status-publish","4":"has-post-thumbnail","6":"product_cat-ayurvedische-erganzungen","7":"product_cat-krautertabletten-und-kapseln","9":"first","10":"instock","11":"taxable","12":"shipping-taxable","13":"purchasable","14":"product-type-simple","15":"add-to-wishlist-before_image"},"acf":{"ilosc_sztuk_w_pudelku":"","ilosc_pudelek_w_kartonie":"","wykluczyc_z_szybkich_zakupow":["default"]},"yoast_head":"<!-- This site is optimized with the Yoast SEO plugin v23.1 - https:\/\/yoast.com\/wordpress\/plugins\/seo\/ -->\n<title>Bonduc Nut - Menopause Unterst\u00fctzung - 60 Kapseln | Vanan - Deva Harmony Polen<\/title>\n<meta name=\"robots\" content=\"index, follow, max-snippet:-1, max-image-preview:large, max-video-preview:-1\" \/>\n<link rel=\"canonical\" href=\"https:\/\/devaharmony.com\/de\/speichern\/bonduc-nut-menopause-unterstuetzung-60-kapseln-vanan\/\" \/>\n<meta property=\"og:locale\" content=\"de_DE\" \/>\n<meta property=\"og:type\" content=\"article\" \/>\n<meta property=\"og:title\" content=\"Bonduc Nut - Menopause Unterst\u00fctzung - 60 Kapseln | Vanan - Deva Harmony Polen\" \/>\n<meta property=\"og:description\" content=\"Bonduc Nut - nat\u00fcrliche Harmonie f\u00fcr den weiblichen K\u00f6rper und GeistLindert die Symptome der Wechseljahre\u00a0Unterst\u00fctzt das hormonelle GleichgewichtWirkt antibakteriell\u00a0Lindert Verdauungsbeschwerden\u00a0Reduziert Bl\u00e4hungen, Bauchschmerzen und Darmbeschwerden.Produkt: 100 % vegan, allergenfreiInhalt: 60 Kapseln1 Packung reicht f\u00fcr 2 Monate Anwendung\" \/>\n<meta property=\"og:url\" content=\"https:\/\/devaharmony.com\/de\/speichern\/bonduc-nut-menopause-unterstuetzung-60-kapseln-vanan\/\" \/>\n<meta property=\"og:site_name\" content=\"Deva Harmony Polen\" \/>\n<meta property=\"article:modified_time\" content=\"2026-04-07T18:41:47+00:00\" \/>\n<meta property=\"og:image\" content=\"https:\/\/devaharmony.com\/de\/wp-content\/uploads\/2025\/04\/f05ba7373b4f218461ba8ab2bf1ce2ce.jpg\" \/>\n\t<meta property=\"og:image:width\" content=\"1080\" \/>\n\t<meta property=\"og:image:height\" content=\"1080\" \/>\n\t<meta property=\"og:image:type\" content=\"image\/jpeg\" \/>\n<meta name=\"twitter:card\" content=\"summary_large_image\" \/>\n<meta name=\"twitter:label1\" content=\"Gesch\u00e4tzte Lesezeit\" \/>\n\t<meta name=\"twitter:data1\" content=\"1\u00a0Minute\" \/>\n<script type=\"application\/ld+json\" class=\"yoast-schema-graph\">{\"@context\":\"https:\/\/schema.org\",\"@graph\":[{\"@type\":\"WebPage\",\"@id\":\"https:\/\/devaharmony.com\/de\/speichern\/bonduc-nut-menopause-unterstuetzung-60-kapseln-vanan\/\",\"url\":\"https:\/\/devaharmony.com\/de\/speichern\/bonduc-nut-menopause-unterstuetzung-60-kapseln-vanan\/\",\"name\":\"Bonduc Nut - Menopause Unterst\u00fctzung - 60 Kapseln | Vanan - Deva Harmony Polen\",\"isPartOf\":{\"@id\":\"https:\/\/devaharmony.com\/de\/#website\"},\"primaryImageOfPage\":{\"@id\":\"https:\/\/devaharmony.com\/de\/speichern\/bonduc-nut-menopause-unterstuetzung-60-kapseln-vanan\/#primaryimage\"},\"image\":{\"@id\":\"https:\/\/devaharmony.com\/de\/speichern\/bonduc-nut-menopause-unterstuetzung-60-kapseln-vanan\/#primaryimage\"},\"thumbnailUrl\":\"https:\/\/devaharmony.com\/de\/wp-content\/uploads\/2025\/04\/f05ba7373b4f218461ba8ab2bf1ce2ce.jpg\",\"datePublished\":\"2025-04-23T08:36:46+00:00\",\"dateModified\":\"2026-04-07T18:41:47+00:00\",\"breadcrumb\":{\"@id\":\"https:\/\/devaharmony.com\/de\/speichern\/bonduc-nut-menopause-unterstuetzung-60-kapseln-vanan\/#breadcrumb\"},\"inLanguage\":\"de\",\"potentialAction\":[{\"@type\":\"ReadAction\",\"target\":[\"https:\/\/devaharmony.com\/de\/speichern\/bonduc-nut-menopause-unterstuetzung-60-kapseln-vanan\/\"]}]},{\"@type\":\"ImageObject\",\"inLanguage\":\"de\",\"@id\":\"https:\/\/devaharmony.com\/de\/speichern\/bonduc-nut-menopause-unterstuetzung-60-kapseln-vanan\/#primaryimage\",\"url\":\"https:\/\/devaharmony.com\/de\/wp-content\/uploads\/2025\/04\/f05ba7373b4f218461ba8ab2bf1ce2ce.jpg\",\"contentUrl\":\"https:\/\/devaharmony.com\/de\/wp-content\/uploads\/2025\/04\/f05ba7373b4f218461ba8ab2bf1ce2ce.jpg\",\"width\":1080,\"height\":1080},{\"@type\":\"BreadcrumbList\",\"@id\":\"https:\/\/devaharmony.com\/de\/speichern\/bonduc-nut-menopause-unterstuetzung-60-kapseln-vanan\/#breadcrumb\",\"itemListElement\":[{\"@type\":\"ListItem\",\"position\":1,\"name\":\"Home\",\"item\":\"https:\/\/devaharmony.com\/de\/\"},{\"@type\":\"ListItem\",\"position\":2,\"name\":\"Ayurvedische Produkte\",\"item\":\"https:\/\/devaharmony.com\/de\/ayurvedische-produkte\/\"},{\"@type\":\"ListItem\",\"position\":3,\"name\":\"Bonduc Nut &#8211; Menopause Unterst\u00fctzung &#8211; 60 Kapseln | Vanan\"}]},{\"@type\":\"WebSite\",\"@id\":\"https:\/\/devaharmony.com\/de\/#website\",\"url\":\"https:\/\/devaharmony.com\/de\/\",\"name\":\"Deva Harmony Polen\",\"description\":\"Ayurvedische Nahrungserg\u00e4nzungsmittel\",\"potentialAction\":[{\"@type\":\"SearchAction\",\"target\":{\"@type\":\"EntryPoint\",\"urlTemplate\":\"https:\/\/devaharmony.com\/de\/?s={search_term_string}\"},\"query-input\":\"required name=search_term_string\"}],\"inLanguage\":\"de\"}]}<\/script>\n<!-- \/ Yoast SEO plugin. -->","yoast_head_json":{"title":"Bonduc Nut - Menopause Unterst\u00fctzung - 60 Kapseln | Vanan - Deva Harmony Polen","robots":{"index":"index","follow":"follow","max-snippet":"max-snippet:-1","max-image-preview":"max-image-preview:large","max-video-preview":"max-video-preview:-1"},"canonical":"https:\/\/devaharmony.com\/de\/speichern\/bonduc-nut-menopause-unterstuetzung-60-kapseln-vanan\/","og_locale":"de_DE","og_type":"article","og_title":"Bonduc Nut - Menopause Unterst\u00fctzung - 60 Kapseln | Vanan - Deva Harmony Polen","og_description":"Bonduc Nut - nat\u00fcrliche Harmonie f\u00fcr den weiblichen K\u00f6rper und GeistLindert die Symptome der Wechseljahre\u00a0Unterst\u00fctzt das hormonelle GleichgewichtWirkt antibakteriell\u00a0Lindert Verdauungsbeschwerden\u00a0Reduziert Bl\u00e4hungen, Bauchschmerzen und Darmbeschwerden.Produkt: 100 % vegan, allergenfreiInhalt: 60 Kapseln1 Packung reicht f\u00fcr 2 Monate Anwendung","og_url":"https:\/\/devaharmony.com\/de\/speichern\/bonduc-nut-menopause-unterstuetzung-60-kapseln-vanan\/","og_site_name":"Deva Harmony Polen","article_modified_time":"2026-04-07T18:41:47+00:00","og_image":[{"width":1080,"height":1080,"url":"https:\/\/devaharmony.com\/de\/wp-content\/uploads\/2025\/04\/f05ba7373b4f218461ba8ab2bf1ce2ce.jpg","type":"image\/jpeg"}],"twitter_card":"summary_large_image","twitter_misc":{"Gesch\u00e4tzte Lesezeit":"1\u00a0Minute"},"schema":{"@context":"https:\/\/schema.org","@graph":[{"@type":"WebPage","@id":"https:\/\/devaharmony.com\/de\/speichern\/bonduc-nut-menopause-unterstuetzung-60-kapseln-vanan\/","url":"https:\/\/devaharmony.com\/de\/speichern\/bonduc-nut-menopause-unterstuetzung-60-kapseln-vanan\/","name":"Bonduc Nut - Menopause Unterst\u00fctzung - 60 Kapseln | Vanan - Deva Harmony Polen","isPartOf":{"@id":"https:\/\/devaharmony.com\/de\/#website"},"primaryImageOfPage":{"@id":"https:\/\/devaharmony.com\/de\/speichern\/bonduc-nut-menopause-unterstuetzung-60-kapseln-vanan\/#primaryimage"},"image":{"@id":"https:\/\/devaharmony.com\/de\/speichern\/bonduc-nut-menopause-unterstuetzung-60-kapseln-vanan\/#primaryimage"},"thumbnailUrl":"https:\/\/devaharmony.com\/de\/wp-content\/uploads\/2025\/04\/f05ba7373b4f218461ba8ab2bf1ce2ce.jpg","datePublished":"2025-04-23T08:36:46+00:00","dateModified":"2026-04-07T18:41:47+00:00","breadcrumb":{"@id":"https:\/\/devaharmony.com\/de\/speichern\/bonduc-nut-menopause-unterstuetzung-60-kapseln-vanan\/#breadcrumb"},"inLanguage":"de","potentialAction":[{"@type":"ReadAction","target":["https:\/\/devaharmony.com\/de\/speichern\/bonduc-nut-menopause-unterstuetzung-60-kapseln-vanan\/"]}]},{"@type":"ImageObject","inLanguage":"de","@id":"https:\/\/devaharmony.com\/de\/speichern\/bonduc-nut-menopause-unterstuetzung-60-kapseln-vanan\/#primaryimage","url":"https:\/\/devaharmony.com\/de\/wp-content\/uploads\/2025\/04\/f05ba7373b4f218461ba8ab2bf1ce2ce.jpg","contentUrl":"https:\/\/devaharmony.com\/de\/wp-content\/uploads\/2025\/04\/f05ba7373b4f218461ba8ab2bf1ce2ce.jpg","width":1080,"height":1080},{"@type":"BreadcrumbList","@id":"https:\/\/devaharmony.com\/de\/speichern\/bonduc-nut-menopause-unterstuetzung-60-kapseln-vanan\/#breadcrumb","itemListElement":[{"@type":"ListItem","position":1,"name":"Home","item":"https:\/\/devaharmony.com\/de\/"},{"@type":"ListItem","position":2,"name":"Ayurvedische Produkte","item":"https:\/\/devaharmony.com\/de\/ayurvedische-produkte\/"},{"@type":"ListItem","position":3,"name":"Bonduc Nut &#8211; Menopause Unterst\u00fctzung &#8211; 60 Kapseln | Vanan"}]},{"@type":"WebSite","@id":"https:\/\/devaharmony.com\/de\/#website","url":"https:\/\/devaharmony.com\/de\/","name":"Deva Harmony Polen","description":"Ayurvedische Nahrungserg\u00e4nzungsmittel","potentialAction":[{"@type":"SearchAction","target":{"@type":"EntryPoint","urlTemplate":"https:\/\/devaharmony.com\/de\/?s={search_term_string}"},"query-input":"required name=search_term_string"}],"inLanguage":"de"}]}},"_links":{"self":[{"href":"https:\/\/devaharmony.com\/de\/wp-json\/wp\/v2\/product\/22794"}],"collection":[{"href":"https:\/\/devaharmony.com\/de\/wp-json\/wp\/v2\/product"}],"about":[{"href":"https:\/\/devaharmony.com\/de\/wp-json\/wp\/v2\/types\/product"}],"wp:featuredmedia":[{"embeddable":true,"href":"https:\/\/devaharmony.com\/de\/wp-json\/wp\/v2\/media\/22793"}],"wp:attachment":[{"href":"https:\/\/devaharmony.com\/de\/wp-json\/wp\/v2\/media?parent=22794"}],"wp:term":[{"taxonomy":"product_cat","embeddable":true,"href":"https:\/\/devaharmony.com\/de\/wp-json\/wp\/v2\/product_cat?post=22794"},{"taxonomy":"product_tag","embeddable":true,"href":"https:\/\/devaharmony.com\/de\/wp-json\/wp\/v2\/product_tag?post=22794"}],"curies":[{"name":"wp","href":"https:\/\/api.w.org\/{rel}","templated":true}]}}