{"id":22791,"date":"2025-04-23T09:05:29","date_gmt":"2025-04-23T08:05:29","guid":{"rendered":"https:\/\/devaharmony.com\/de\/speichern\/garlic-herz-kreislauf-system-60-kapseln-vanan\/"},"modified":"2026-03-31T10:15:04","modified_gmt":"2026-03-31T09:15:04","slug":"garlic-herz-kreislauf-system-60-kapseln-vanan","status":"publish","type":"product","link":"https:\/\/devaharmony.com\/de\/speichern\/garlic-herz-kreislauf-system-60-kapseln-vanan\/","title":{"rendered":"Garlic &#8211; Herz-Kreislauf-System &#8211; 60 Kapseln | Vanan"},"content":{"rendered":"<p>Vanan Garlic Kapseln machen sich die wohltuenden Eigenschaften von Allium sativum, oder Knoblauch, zunutze, um das Herz und die Leberfunktion zu unterst\u00fctzen. Bei dem heutigen anspruchsvollen Lebensstil ist die Pflege des Herz-Kreislauf-Systems und die Entgiftung des K\u00f6rpers unerl\u00e4sslich. <\/p>\n<p>Knoblauch unterst\u00fctzt das Herz und f\u00f6rdert die nat\u00fcrlichen Reinigungsprozesse der Leber, was dieses Nahrungserg\u00e4nzungsmittel zu einem wichtigen Bestandteil der Gesundheitsvorsorge macht. Die Kapseln sind kalorienarm, aber reich an Vitamin C, Vitamin B6 und Mangan. \u00a0<\/p>\n<p><i><br \/><\/i><b>Frei von k\u00fcnstlichen Konservierungsmitteln, Aromen und Duftstoffen<br \/>Frei von Zucker, Salz, Hefe, Weizen, Soja, Gluten und Milchprodukten<br \/>Zertifizierungen: Vegan, Koscher, Halal, GMP<\/b><\/p>\n<p><b>100% veganes Produkt<\/b><\/p>\n<p><b>Standardisiertes DER-Produkt<br \/>Empfohlene Tagesdosis: <\/b>1 Kapsel<br \/><b>Inhalt: <\/b>60 Kapseln<br \/><b>Hersteller: <\/b>APEX LABORATORIES PRIVATE LTD,<br \/><b>Herkunftsland:<\/b> Indien<\/p>\n<p><\/p>\n<p>*Die empfohlene t\u00e4gliche Verzehrsmenge darf nicht \u00fcberschritten werden. Das Nahrungserg\u00e4nzungsmittel darf nicht als Substitut (Ersatz) f\u00fcr eine abwechslungsreiche Ern\u00e4hrung verwendet werden. Achten Sie auf eine gesunde Lebensweise und eine ausgewogene Ern\u00e4hrung. Nicht verwenden bei \u00dcberempfindlichkeit gegen die Bestandteile des Pr\u00e4parats. Das Produkt ist nicht f\u00fcr Kinder, schwangere oder stillende Frauen bestimmt.<\/p>\n<p>*GMO-freies Produkt.<\/p>\n<p>*Au\u00dferhalb der Reichweite von kleinen Kindern aufbewahren. Vor Licht und Feuchtigkeit sch\u00fctzen.<\/p>\n<p>*Bei dem beschriebenen Produkt handelt es sich um ein Nahrungserg\u00e4nzungsmittel, nicht um ein Arzneimittel, dem die Eigenschaften der Vorbeugung oder Behandlung menschlicher Krankheiten zugeschrieben werden.<\/p>\n<p>*Bei der Einnahme von pflanzlichen Pr\u00e4paraten ist es ratsam, einen Arzt oder Apotheker zu konsultieren, da die Wahl des richtigen pflanzlichen Pr\u00e4parats ebenso viel Wissen erfordert wie die eines chemischen Pr\u00e4parats. Es ist wichtig, daran zu denken, dass pflanzliche Zubereitungen mit den von Ihnen eingenommenen Arzneimitteln in Wechselwirkung treten k\u00f6nnen und ein Gesundheitsrisiko darstellen k\u00f6nnen. Einige pflanzliche Pr\u00e4parate k\u00f6nnen starke Wirkungen hervorrufen, weshalb alle Empfehlungen und Einschr\u00e4nkungen des Herstellers befolgt werden sollten. Stillende M\u00fctter und schwangere Frauen m\u00fcssen bei der Einnahme besonders vorsichtig sein.<\/p>\n","protected":false},"excerpt":{"rendered":"<p><b>Herz und Leber im Einklang mit der Natur<\/b><\/p>\n<ul>\n<li>Unterst\u00fctzt das Herz <\/li>\n<li>St\u00e4rkt die Leberfunktion <\/li>\n<li>Wirkt entz\u00fcndungshemmend und antibakteriell <\/li>\n<li>Hilft, die Blutgef\u00e4\u00dfe zu sch\u00fctzen <\/li>\n<li>Enth\u00e4lt nat\u00fcrliche Vitamine und Mineralien<\/li>\n<li>Entlastet den K\u00f6rper von Stress <\/li>\n<li>Verursacht keine unangenehmen Ger\u00fcche<\/li>\n<li>Geeignet f\u00fcr Veganer und Allergiker<\/li>\n<\/ul>\n<p><b>Produkt: 100 % vegan, allergenfrei<br \/>Inhalt: <\/b>60 Kapseln<br \/><b>1 Packung ist ausreichend f\u00fcr 2 Monate Gebrauch<\/b><\/p>\n<p><\/p>\n","protected":false},"featured_media":22792,"template":"","meta":[],"product_cat":[666,680],"product_tag":[],"class_list":{"0":"post-22791","1":"product","2":"type-product","3":"status-publish","4":"has-post-thumbnail","6":"product_cat-ayurvedische-erganzungen","7":"product_cat-krautertabletten-und-kapseln","9":"first","10":"instock","11":"taxable","12":"shipping-taxable","13":"purchasable","14":"product-type-simple","15":"add-to-wishlist-before_image"},"acf":{"ilosc_sztuk_w_pudelku":"","ilosc_pudelek_w_kartonie":"","wykluczyc_z_szybkich_zakupow":["default"]},"yoast_head":"<!-- This site is optimized with the Yoast SEO plugin v23.1 - https:\/\/yoast.com\/wordpress\/plugins\/seo\/ -->\n<title>Garlic - Herz-Kreislauf-System - 60 Kapseln | Vanan - Deva Harmony Polen<\/title>\n<meta name=\"robots\" content=\"index, follow, max-snippet:-1, max-image-preview:large, max-video-preview:-1\" \/>\n<link rel=\"canonical\" href=\"https:\/\/devaharmony.com\/de\/speichern\/garlic-herz-kreislauf-system-60-kapseln-vanan\/\" \/>\n<meta property=\"og:locale\" content=\"de_DE\" \/>\n<meta property=\"og:type\" content=\"article\" \/>\n<meta property=\"og:title\" content=\"Garlic - Herz-Kreislauf-System - 60 Kapseln | Vanan - Deva Harmony Polen\" \/>\n<meta property=\"og:description\" content=\"Herz und Leber im Einklang mit der NaturUnterst\u00fctzt das Herz St\u00e4rkt die Leberfunktion Wirkt entz\u00fcndungshemmend und antibakteriell Hilft, die Blutgef\u00e4\u00dfe zu sch\u00fctzen Enth\u00e4lt nat\u00fcrliche Vitamine und MineralienEntlastet den K\u00f6rper von Stress Verursacht keine unangenehmen Ger\u00fccheGeeignet f\u00fcr Veganer und AllergikerProdukt: 100 % vegan, allergenfreiInhalt: 60 Kapseln1 Packung ist ausreichend f\u00fcr 2 Monate Gebrauch\" \/>\n<meta property=\"og:url\" content=\"https:\/\/devaharmony.com\/de\/speichern\/garlic-herz-kreislauf-system-60-kapseln-vanan\/\" \/>\n<meta property=\"og:site_name\" content=\"Deva Harmony Polen\" \/>\n<meta property=\"article:modified_time\" content=\"2026-03-31T09:15:04+00:00\" \/>\n<meta property=\"og:image\" content=\"https:\/\/devaharmony.com\/de\/wp-content\/uploads\/2025\/04\/ec67cddb3b8579af289d215d63029292-1.jpg\" \/>\n\t<meta property=\"og:image:width\" content=\"1080\" \/>\n\t<meta property=\"og:image:height\" content=\"1080\" \/>\n\t<meta property=\"og:image:type\" content=\"image\/jpeg\" \/>\n<meta name=\"twitter:card\" content=\"summary_large_image\" \/>\n<meta name=\"twitter:label1\" content=\"Gesch\u00e4tzte Lesezeit\" \/>\n\t<meta name=\"twitter:data1\" content=\"2\u00a0Minuten\" \/>\n<script type=\"application\/ld+json\" class=\"yoast-schema-graph\">{\"@context\":\"https:\/\/schema.org\",\"@graph\":[{\"@type\":\"WebPage\",\"@id\":\"https:\/\/devaharmony.com\/de\/speichern\/garlic-herz-kreislauf-system-60-kapseln-vanan\/\",\"url\":\"https:\/\/devaharmony.com\/de\/speichern\/garlic-herz-kreislauf-system-60-kapseln-vanan\/\",\"name\":\"Garlic - Herz-Kreislauf-System - 60 Kapseln | Vanan - Deva Harmony Polen\",\"isPartOf\":{\"@id\":\"https:\/\/devaharmony.com\/de\/#website\"},\"primaryImageOfPage\":{\"@id\":\"https:\/\/devaharmony.com\/de\/speichern\/garlic-herz-kreislauf-system-60-kapseln-vanan\/#primaryimage\"},\"image\":{\"@id\":\"https:\/\/devaharmony.com\/de\/speichern\/garlic-herz-kreislauf-system-60-kapseln-vanan\/#primaryimage\"},\"thumbnailUrl\":\"https:\/\/devaharmony.com\/de\/wp-content\/uploads\/2025\/04\/ec67cddb3b8579af289d215d63029292-1.jpg\",\"datePublished\":\"2025-04-23T08:05:29+00:00\",\"dateModified\":\"2026-03-31T09:15:04+00:00\",\"breadcrumb\":{\"@id\":\"https:\/\/devaharmony.com\/de\/speichern\/garlic-herz-kreislauf-system-60-kapseln-vanan\/#breadcrumb\"},\"inLanguage\":\"de\",\"potentialAction\":[{\"@type\":\"ReadAction\",\"target\":[\"https:\/\/devaharmony.com\/de\/speichern\/garlic-herz-kreislauf-system-60-kapseln-vanan\/\"]}]},{\"@type\":\"ImageObject\",\"inLanguage\":\"de\",\"@id\":\"https:\/\/devaharmony.com\/de\/speichern\/garlic-herz-kreislauf-system-60-kapseln-vanan\/#primaryimage\",\"url\":\"https:\/\/devaharmony.com\/de\/wp-content\/uploads\/2025\/04\/ec67cddb3b8579af289d215d63029292-1.jpg\",\"contentUrl\":\"https:\/\/devaharmony.com\/de\/wp-content\/uploads\/2025\/04\/ec67cddb3b8579af289d215d63029292-1.jpg\",\"width\":1080,\"height\":1080},{\"@type\":\"BreadcrumbList\",\"@id\":\"https:\/\/devaharmony.com\/de\/speichern\/garlic-herz-kreislauf-system-60-kapseln-vanan\/#breadcrumb\",\"itemListElement\":[{\"@type\":\"ListItem\",\"position\":1,\"name\":\"Home\",\"item\":\"https:\/\/devaharmony.com\/de\/\"},{\"@type\":\"ListItem\",\"position\":2,\"name\":\"Ayurvedische Produkte\",\"item\":\"https:\/\/devaharmony.com\/de\/ayurvedische-produkte\/\"},{\"@type\":\"ListItem\",\"position\":3,\"name\":\"Garlic &#8211; Herz-Kreislauf-System &#8211; 60 Kapseln | Vanan\"}]},{\"@type\":\"WebSite\",\"@id\":\"https:\/\/devaharmony.com\/de\/#website\",\"url\":\"https:\/\/devaharmony.com\/de\/\",\"name\":\"Deva Harmony Polen\",\"description\":\"Ayurvedische Nahrungserg\u00e4nzungsmittel\",\"potentialAction\":[{\"@type\":\"SearchAction\",\"target\":{\"@type\":\"EntryPoint\",\"urlTemplate\":\"https:\/\/devaharmony.com\/de\/?s={search_term_string}\"},\"query-input\":\"required name=search_term_string\"}],\"inLanguage\":\"de\"}]}<\/script>\n<!-- \/ Yoast SEO plugin. -->","yoast_head_json":{"title":"Garlic - Herz-Kreislauf-System - 60 Kapseln | Vanan - Deva Harmony Polen","robots":{"index":"index","follow":"follow","max-snippet":"max-snippet:-1","max-image-preview":"max-image-preview:large","max-video-preview":"max-video-preview:-1"},"canonical":"https:\/\/devaharmony.com\/de\/speichern\/garlic-herz-kreislauf-system-60-kapseln-vanan\/","og_locale":"de_DE","og_type":"article","og_title":"Garlic - Herz-Kreislauf-System - 60 Kapseln | Vanan - Deva Harmony Polen","og_description":"Herz und Leber im Einklang mit der NaturUnterst\u00fctzt das Herz St\u00e4rkt die Leberfunktion Wirkt entz\u00fcndungshemmend und antibakteriell Hilft, die Blutgef\u00e4\u00dfe zu sch\u00fctzen Enth\u00e4lt nat\u00fcrliche Vitamine und MineralienEntlastet den K\u00f6rper von Stress Verursacht keine unangenehmen Ger\u00fccheGeeignet f\u00fcr Veganer und AllergikerProdukt: 100 % vegan, allergenfreiInhalt: 60 Kapseln1 Packung ist ausreichend f\u00fcr 2 Monate Gebrauch","og_url":"https:\/\/devaharmony.com\/de\/speichern\/garlic-herz-kreislauf-system-60-kapseln-vanan\/","og_site_name":"Deva Harmony Polen","article_modified_time":"2026-03-31T09:15:04+00:00","og_image":[{"width":1080,"height":1080,"url":"https:\/\/devaharmony.com\/de\/wp-content\/uploads\/2025\/04\/ec67cddb3b8579af289d215d63029292-1.jpg","type":"image\/jpeg"}],"twitter_card":"summary_large_image","twitter_misc":{"Gesch\u00e4tzte Lesezeit":"2\u00a0Minuten"},"schema":{"@context":"https:\/\/schema.org","@graph":[{"@type":"WebPage","@id":"https:\/\/devaharmony.com\/de\/speichern\/garlic-herz-kreislauf-system-60-kapseln-vanan\/","url":"https:\/\/devaharmony.com\/de\/speichern\/garlic-herz-kreislauf-system-60-kapseln-vanan\/","name":"Garlic - Herz-Kreislauf-System - 60 Kapseln | Vanan - Deva Harmony Polen","isPartOf":{"@id":"https:\/\/devaharmony.com\/de\/#website"},"primaryImageOfPage":{"@id":"https:\/\/devaharmony.com\/de\/speichern\/garlic-herz-kreislauf-system-60-kapseln-vanan\/#primaryimage"},"image":{"@id":"https:\/\/devaharmony.com\/de\/speichern\/garlic-herz-kreislauf-system-60-kapseln-vanan\/#primaryimage"},"thumbnailUrl":"https:\/\/devaharmony.com\/de\/wp-content\/uploads\/2025\/04\/ec67cddb3b8579af289d215d63029292-1.jpg","datePublished":"2025-04-23T08:05:29+00:00","dateModified":"2026-03-31T09:15:04+00:00","breadcrumb":{"@id":"https:\/\/devaharmony.com\/de\/speichern\/garlic-herz-kreislauf-system-60-kapseln-vanan\/#breadcrumb"},"inLanguage":"de","potentialAction":[{"@type":"ReadAction","target":["https:\/\/devaharmony.com\/de\/speichern\/garlic-herz-kreislauf-system-60-kapseln-vanan\/"]}]},{"@type":"ImageObject","inLanguage":"de","@id":"https:\/\/devaharmony.com\/de\/speichern\/garlic-herz-kreislauf-system-60-kapseln-vanan\/#primaryimage","url":"https:\/\/devaharmony.com\/de\/wp-content\/uploads\/2025\/04\/ec67cddb3b8579af289d215d63029292-1.jpg","contentUrl":"https:\/\/devaharmony.com\/de\/wp-content\/uploads\/2025\/04\/ec67cddb3b8579af289d215d63029292-1.jpg","width":1080,"height":1080},{"@type":"BreadcrumbList","@id":"https:\/\/devaharmony.com\/de\/speichern\/garlic-herz-kreislauf-system-60-kapseln-vanan\/#breadcrumb","itemListElement":[{"@type":"ListItem","position":1,"name":"Home","item":"https:\/\/devaharmony.com\/de\/"},{"@type":"ListItem","position":2,"name":"Ayurvedische Produkte","item":"https:\/\/devaharmony.com\/de\/ayurvedische-produkte\/"},{"@type":"ListItem","position":3,"name":"Garlic &#8211; Herz-Kreislauf-System &#8211; 60 Kapseln | Vanan"}]},{"@type":"WebSite","@id":"https:\/\/devaharmony.com\/de\/#website","url":"https:\/\/devaharmony.com\/de\/","name":"Deva Harmony Polen","description":"Ayurvedische Nahrungserg\u00e4nzungsmittel","potentialAction":[{"@type":"SearchAction","target":{"@type":"EntryPoint","urlTemplate":"https:\/\/devaharmony.com\/de\/?s={search_term_string}"},"query-input":"required name=search_term_string"}],"inLanguage":"de"}]}},"_links":{"self":[{"href":"https:\/\/devaharmony.com\/de\/wp-json\/wp\/v2\/product\/22791"}],"collection":[{"href":"https:\/\/devaharmony.com\/de\/wp-json\/wp\/v2\/product"}],"about":[{"href":"https:\/\/devaharmony.com\/de\/wp-json\/wp\/v2\/types\/product"}],"wp:featuredmedia":[{"embeddable":true,"href":"https:\/\/devaharmony.com\/de\/wp-json\/wp\/v2\/media\/22792"}],"wp:attachment":[{"href":"https:\/\/devaharmony.com\/de\/wp-json\/wp\/v2\/media?parent=22791"}],"wp:term":[{"taxonomy":"product_cat","embeddable":true,"href":"https:\/\/devaharmony.com\/de\/wp-json\/wp\/v2\/product_cat?post=22791"},{"taxonomy":"product_tag","embeddable":true,"href":"https:\/\/devaharmony.com\/de\/wp-json\/wp\/v2\/product_tag?post=22791"}],"curies":[{"name":"wp","href":"https:\/\/api.w.org\/{rel}","templated":true}]}}