{"id":22785,"date":"2025-04-01T09:04:57","date_gmt":"2025-04-01T08:04:57","guid":{"rendered":"https:\/\/devaharmony.com\/de\/speichern\/ginger-immunitaet-60-kapseln-vanan\/"},"modified":"2026-03-31T10:14:58","modified_gmt":"2026-03-31T09:14:58","slug":"ginger-immunitaet-60-kapseln-vanan","status":"publish","type":"product","link":"https:\/\/devaharmony.com\/de\/speichern\/ginger-immunitaet-60-kapseln-vanan\/","title":{"rendered":"Ginger &#8211;  Immunit\u00e4t &#8211; 60 Kapseln | Vanan"},"content":{"rendered":"<p>Vanan Ginger Kapseln enthalten Zingiber officinale oder Ingwer, der f\u00fcr seine positiven Auswirkungen auf das Verdauungssystem und seine immunst\u00e4rkenden Eigenschaften bekannt ist. Ingwer ist reich an Gingerol, einem starken Antioxidans, was ihn zu einem unverzichtbaren Bestandteil einer gesunden Lebensweise macht. Dieses ayurvedische, vegane Nahrungserg\u00e4nzungsmittel enth\u00e4lt keine k\u00fcnstlichen Konservierungsmittel, Aromen oder Allergene, was seine Reinheit und Nat\u00fcrlichkeit garantiert. Das Produkt ist zertifiziert: Vegan, Kosher und Halal, und wird nach GMP-Standards (Good Manufacturing Practice) hergestellt, was Vanan Ginger zu einer sicheren und wirksamen Wahl f\u00fcr alle macht, die sich um ihre Verdauung und ihr Immunsystem in \u00dcbereinstimmung mit dem Ayurveda k\u00fcmmern wollen<\/p>\n<p><\/p>\n<p><b>Keine k\u00fcnstlichen Konservierungsmittel, Aromen oder Duftstoffe<\/b><\/p>\n<p><span style=\"color: var(--gray-800)\"><b>Frei von Zucker, Salz, Hefe, Weizen, Soja, Gluten und Milchprodukten<\/b><\/span><\/p>\n<p><span style=\"color: var(--gray-800)\"><b>Zertifizierungen: Vegan, Koscher, Halal, GMP<\/b><\/span><\/p>\n<p><b><br \/><\/b><\/p>\n<p><span style=\"color: var(--gray-800)\"><b>100% veganes Produkt<\/b><\/span><\/p>\n<p><\/p>\n<p><b>Standardisiertes DER-Produkt<\/b><\/p>\n<p><b>Empfohlene Tagesdosis: <\/b>1 Kapsel<\/p>\n<p><b>Inhalt: <\/b>60 Kapseln<\/p>\n<p><b>Hersteller: <\/b>APEX LABORATORIES PRIVATE LTD,<\/p>\n<p><b>Herkunftsland:<\/b> Indien<\/p>\n<p><\/p>\n<p><\/p>\n<p>*Die empfohlene t\u00e4gliche Verzehrsmenge darf nicht \u00fcberschritten werden. Das Nahrungserg\u00e4nzungsmittel darf nicht als Substitut (Ersatz) f\u00fcr eine abwechslungsreiche Ern\u00e4hrung verwendet werden. Achten Sie auf eine gesunde Lebensweise und eine ausgewogene Ern\u00e4hrung. Nicht verwenden bei \u00dcberempfindlichkeit gegen die Bestandteile des Pr\u00e4parats. Das Produkt ist nicht f\u00fcr Kinder, schwangere oder stillende Frauen bestimmt.<\/p>\n<p><\/p>\n<p>*GMO-freies Produkt.<\/p>\n<p><\/p>\n<p>*Au\u00dferhalb der Reichweite von kleinen Kindern aufbewahren. Vor Licht und Feuchtigkeit sch\u00fctzen.<\/p>\n<p><\/p>\n<p>*Bei dem beschriebenen Produkt handelt es sich um ein Nahrungserg\u00e4nzungsmittel, nicht um ein Arzneimittel, dem die Eigenschaften der Vorbeugung oder Behandlung menschlicher Krankheiten zugeschrieben werden.<\/p>\n<p><\/p>\n<p>*Bei der Einnahme von pflanzlichen Pr\u00e4paraten ist es ratsam, einen Arzt oder Apotheker zu konsultieren, da die Wahl des richtigen pflanzlichen Pr\u00e4parats ebenso viel Wissen erfordert wie die eines chemischen Pr\u00e4parats. Es ist wichtig, daran zu denken, dass pflanzliche Zubereitungen mit den von Ihnen eingenommenen Arzneimitteln in Wechselwirkung treten k\u00f6nnen und ein Gesundheitsrisiko darstellen k\u00f6nnen. Einige pflanzliche Pr\u00e4parate k\u00f6nnen starke Wirkungen hervorrufen, daher sollten alle Empfehlungen und Einschr\u00e4nkungen des Herstellers beachtet werden. Stillende M\u00fctter und schwangere Frauen m\u00fcssen bei der Einnahme besonders vorsichtig sein.<\/p>\n<p><\/p>\n<p><\/p>\n","protected":false},"excerpt":{"rendered":"<p><b>Mehr Energie, bessere Immunit\u00e4t &#8211; w\u00e4hlen Sie Vanan Moringa<\/b><\/p>\n<p><b><br \/><\/b><\/p>\n<ul>\n<li>Unterst\u00fctzt die Verdauung\u00a0<\/li>\n<li>St\u00e4rkt die Immunit\u00e4t<\/li>\n<li>Lindert die \u00dcbelkeit<\/li>\n<li>Unterst\u00fctzt die Atmungsorgane<\/li>\n<li>Reguliert den Blutzuckerspiegel<\/li>\n<li>Reinigt den K\u00f6rper<\/li>\n<li>Verbessert die Durchblutung\u00a0<\/li>\n<\/ul>\n<p><\/p>\n<p><b>Produkt: 100% vegan, allergenfrei<\/b><\/p>\n<p><b>Inhalt: <\/b>60 Kapseln<\/p>\n<p><b>1 Packung ist ausreichend f\u00fcr 2 Monate Gebrauch<\/b><\/p>\n<div><\/div>\n","protected":false},"featured_media":22789,"template":"","meta":[],"product_cat":[666,680],"product_tag":[],"class_list":{"0":"post-22785","1":"product","2":"type-product","3":"status-publish","4":"has-post-thumbnail","6":"product_cat-ayurvedische-erganzungen","7":"product_cat-krautertabletten-und-kapseln","9":"first","10":"instock","11":"taxable","12":"shipping-taxable","13":"purchasable","14":"product-type-simple","15":"add-to-wishlist-before_image"},"acf":{"ilosc_sztuk_w_pudelku":"","ilosc_pudelek_w_kartonie":"","wykluczyc_z_szybkich_zakupow":["default"]},"yoast_head":"<!-- This site is optimized with the Yoast SEO plugin v23.1 - https:\/\/yoast.com\/wordpress\/plugins\/seo\/ -->\n<title>Ginger - Immunit\u00e4t - 60 Kapseln | Vanan - Deva Harmony Polen<\/title>\n<meta name=\"robots\" content=\"index, follow, max-snippet:-1, max-image-preview:large, max-video-preview:-1\" \/>\n<link rel=\"canonical\" href=\"https:\/\/devaharmony.com\/de\/speichern\/ginger-immunitaet-60-kapseln-vanan\/\" \/>\n<meta property=\"og:locale\" content=\"de_DE\" \/>\n<meta property=\"og:type\" content=\"article\" \/>\n<meta property=\"og:title\" content=\"Ginger - Immunit\u00e4t - 60 Kapseln | Vanan - Deva Harmony Polen\" \/>\n<meta property=\"og:description\" content=\"Mehr Energie, bessere Immunit\u00e4t - w\u00e4hlen Sie Vanan MoringaUnterst\u00fctzt die Verdauung\u00a0St\u00e4rkt die Immunit\u00e4tLindert die \u00dcbelkeitUnterst\u00fctzt die AtmungsorganeReguliert den BlutzuckerspiegelReinigt den K\u00f6rperVerbessert die Durchblutung\u00a0Produkt: 100% vegan, allergenfreiInhalt: 60 Kapseln1 Packung ist ausreichend f\u00fcr 2 Monate Gebrauch\" \/>\n<meta property=\"og:url\" content=\"https:\/\/devaharmony.com\/de\/speichern\/ginger-immunitaet-60-kapseln-vanan\/\" \/>\n<meta property=\"og:site_name\" content=\"Deva Harmony Polen\" \/>\n<meta property=\"article:modified_time\" content=\"2026-03-31T09:14:58+00:00\" \/>\n<meta property=\"og:image\" content=\"https:\/\/devaharmony.com\/de\/wp-content\/uploads\/2025\/04\/af112b3c590a84822acdcbc9bde34696-1.jpg\" \/>\n\t<meta property=\"og:image:width\" content=\"1080\" \/>\n\t<meta property=\"og:image:height\" content=\"1080\" \/>\n\t<meta property=\"og:image:type\" content=\"image\/jpeg\" \/>\n<meta name=\"twitter:card\" content=\"summary_large_image\" \/>\n<meta name=\"twitter:label1\" content=\"Gesch\u00e4tzte Lesezeit\" \/>\n\t<meta name=\"twitter:data1\" content=\"2\u00a0Minuten\" \/>\n<script type=\"application\/ld+json\" class=\"yoast-schema-graph\">{\"@context\":\"https:\/\/schema.org\",\"@graph\":[{\"@type\":\"WebPage\",\"@id\":\"https:\/\/devaharmony.com\/de\/speichern\/ginger-immunitaet-60-kapseln-vanan\/\",\"url\":\"https:\/\/devaharmony.com\/de\/speichern\/ginger-immunitaet-60-kapseln-vanan\/\",\"name\":\"Ginger - Immunit\u00e4t - 60 Kapseln | Vanan - Deva Harmony Polen\",\"isPartOf\":{\"@id\":\"https:\/\/devaharmony.com\/de\/#website\"},\"primaryImageOfPage\":{\"@id\":\"https:\/\/devaharmony.com\/de\/speichern\/ginger-immunitaet-60-kapseln-vanan\/#primaryimage\"},\"image\":{\"@id\":\"https:\/\/devaharmony.com\/de\/speichern\/ginger-immunitaet-60-kapseln-vanan\/#primaryimage\"},\"thumbnailUrl\":\"https:\/\/devaharmony.com\/de\/wp-content\/uploads\/2025\/04\/af112b3c590a84822acdcbc9bde34696-1.jpg\",\"datePublished\":\"2025-04-01T08:04:57+00:00\",\"dateModified\":\"2026-03-31T09:14:58+00:00\",\"breadcrumb\":{\"@id\":\"https:\/\/devaharmony.com\/de\/speichern\/ginger-immunitaet-60-kapseln-vanan\/#breadcrumb\"},\"inLanguage\":\"de\",\"potentialAction\":[{\"@type\":\"ReadAction\",\"target\":[\"https:\/\/devaharmony.com\/de\/speichern\/ginger-immunitaet-60-kapseln-vanan\/\"]}]},{\"@type\":\"ImageObject\",\"inLanguage\":\"de\",\"@id\":\"https:\/\/devaharmony.com\/de\/speichern\/ginger-immunitaet-60-kapseln-vanan\/#primaryimage\",\"url\":\"https:\/\/devaharmony.com\/de\/wp-content\/uploads\/2025\/04\/af112b3c590a84822acdcbc9bde34696-1.jpg\",\"contentUrl\":\"https:\/\/devaharmony.com\/de\/wp-content\/uploads\/2025\/04\/af112b3c590a84822acdcbc9bde34696-1.jpg\",\"width\":1080,\"height\":1080},{\"@type\":\"BreadcrumbList\",\"@id\":\"https:\/\/devaharmony.com\/de\/speichern\/ginger-immunitaet-60-kapseln-vanan\/#breadcrumb\",\"itemListElement\":[{\"@type\":\"ListItem\",\"position\":1,\"name\":\"Home\",\"item\":\"https:\/\/devaharmony.com\/de\/\"},{\"@type\":\"ListItem\",\"position\":2,\"name\":\"Ayurvedische Produkte\",\"item\":\"https:\/\/devaharmony.com\/de\/ayurvedische-produkte\/\"},{\"@type\":\"ListItem\",\"position\":3,\"name\":\"Ginger &#8211; Immunit\u00e4t &#8211; 60 Kapseln | Vanan\"}]},{\"@type\":\"WebSite\",\"@id\":\"https:\/\/devaharmony.com\/de\/#website\",\"url\":\"https:\/\/devaharmony.com\/de\/\",\"name\":\"Deva Harmony Polen\",\"description\":\"Ayurvedische Nahrungserg\u00e4nzungsmittel\",\"potentialAction\":[{\"@type\":\"SearchAction\",\"target\":{\"@type\":\"EntryPoint\",\"urlTemplate\":\"https:\/\/devaharmony.com\/de\/?s={search_term_string}\"},\"query-input\":\"required name=search_term_string\"}],\"inLanguage\":\"de\"}]}<\/script>\n<!-- \/ Yoast SEO plugin. -->","yoast_head_json":{"title":"Ginger - Immunit\u00e4t - 60 Kapseln | Vanan - Deva Harmony Polen","robots":{"index":"index","follow":"follow","max-snippet":"max-snippet:-1","max-image-preview":"max-image-preview:large","max-video-preview":"max-video-preview:-1"},"canonical":"https:\/\/devaharmony.com\/de\/speichern\/ginger-immunitaet-60-kapseln-vanan\/","og_locale":"de_DE","og_type":"article","og_title":"Ginger - Immunit\u00e4t - 60 Kapseln | Vanan - Deva Harmony Polen","og_description":"Mehr Energie, bessere Immunit\u00e4t - w\u00e4hlen Sie Vanan MoringaUnterst\u00fctzt die Verdauung\u00a0St\u00e4rkt die Immunit\u00e4tLindert die \u00dcbelkeitUnterst\u00fctzt die AtmungsorganeReguliert den BlutzuckerspiegelReinigt den K\u00f6rperVerbessert die Durchblutung\u00a0Produkt: 100% vegan, allergenfreiInhalt: 60 Kapseln1 Packung ist ausreichend f\u00fcr 2 Monate Gebrauch","og_url":"https:\/\/devaharmony.com\/de\/speichern\/ginger-immunitaet-60-kapseln-vanan\/","og_site_name":"Deva Harmony Polen","article_modified_time":"2026-03-31T09:14:58+00:00","og_image":[{"width":1080,"height":1080,"url":"https:\/\/devaharmony.com\/de\/wp-content\/uploads\/2025\/04\/af112b3c590a84822acdcbc9bde34696-1.jpg","type":"image\/jpeg"}],"twitter_card":"summary_large_image","twitter_misc":{"Gesch\u00e4tzte Lesezeit":"2\u00a0Minuten"},"schema":{"@context":"https:\/\/schema.org","@graph":[{"@type":"WebPage","@id":"https:\/\/devaharmony.com\/de\/speichern\/ginger-immunitaet-60-kapseln-vanan\/","url":"https:\/\/devaharmony.com\/de\/speichern\/ginger-immunitaet-60-kapseln-vanan\/","name":"Ginger - Immunit\u00e4t - 60 Kapseln | Vanan - Deva Harmony Polen","isPartOf":{"@id":"https:\/\/devaharmony.com\/de\/#website"},"primaryImageOfPage":{"@id":"https:\/\/devaharmony.com\/de\/speichern\/ginger-immunitaet-60-kapseln-vanan\/#primaryimage"},"image":{"@id":"https:\/\/devaharmony.com\/de\/speichern\/ginger-immunitaet-60-kapseln-vanan\/#primaryimage"},"thumbnailUrl":"https:\/\/devaharmony.com\/de\/wp-content\/uploads\/2025\/04\/af112b3c590a84822acdcbc9bde34696-1.jpg","datePublished":"2025-04-01T08:04:57+00:00","dateModified":"2026-03-31T09:14:58+00:00","breadcrumb":{"@id":"https:\/\/devaharmony.com\/de\/speichern\/ginger-immunitaet-60-kapseln-vanan\/#breadcrumb"},"inLanguage":"de","potentialAction":[{"@type":"ReadAction","target":["https:\/\/devaharmony.com\/de\/speichern\/ginger-immunitaet-60-kapseln-vanan\/"]}]},{"@type":"ImageObject","inLanguage":"de","@id":"https:\/\/devaharmony.com\/de\/speichern\/ginger-immunitaet-60-kapseln-vanan\/#primaryimage","url":"https:\/\/devaharmony.com\/de\/wp-content\/uploads\/2025\/04\/af112b3c590a84822acdcbc9bde34696-1.jpg","contentUrl":"https:\/\/devaharmony.com\/de\/wp-content\/uploads\/2025\/04\/af112b3c590a84822acdcbc9bde34696-1.jpg","width":1080,"height":1080},{"@type":"BreadcrumbList","@id":"https:\/\/devaharmony.com\/de\/speichern\/ginger-immunitaet-60-kapseln-vanan\/#breadcrumb","itemListElement":[{"@type":"ListItem","position":1,"name":"Home","item":"https:\/\/devaharmony.com\/de\/"},{"@type":"ListItem","position":2,"name":"Ayurvedische Produkte","item":"https:\/\/devaharmony.com\/de\/ayurvedische-produkte\/"},{"@type":"ListItem","position":3,"name":"Ginger &#8211; Immunit\u00e4t &#8211; 60 Kapseln | Vanan"}]},{"@type":"WebSite","@id":"https:\/\/devaharmony.com\/de\/#website","url":"https:\/\/devaharmony.com\/de\/","name":"Deva Harmony Polen","description":"Ayurvedische Nahrungserg\u00e4nzungsmittel","potentialAction":[{"@type":"SearchAction","target":{"@type":"EntryPoint","urlTemplate":"https:\/\/devaharmony.com\/de\/?s={search_term_string}"},"query-input":"required name=search_term_string"}],"inLanguage":"de"}]}},"_links":{"self":[{"href":"https:\/\/devaharmony.com\/de\/wp-json\/wp\/v2\/product\/22785"}],"collection":[{"href":"https:\/\/devaharmony.com\/de\/wp-json\/wp\/v2\/product"}],"about":[{"href":"https:\/\/devaharmony.com\/de\/wp-json\/wp\/v2\/types\/product"}],"wp:featuredmedia":[{"embeddable":true,"href":"https:\/\/devaharmony.com\/de\/wp-json\/wp\/v2\/media\/22789"}],"wp:attachment":[{"href":"https:\/\/devaharmony.com\/de\/wp-json\/wp\/v2\/media?parent=22785"}],"wp:term":[{"taxonomy":"product_cat","embeddable":true,"href":"https:\/\/devaharmony.com\/de\/wp-json\/wp\/v2\/product_cat?post=22785"},{"taxonomy":"product_tag","embeddable":true,"href":"https:\/\/devaharmony.com\/de\/wp-json\/wp\/v2\/product_tag?post=22785"}],"curies":[{"name":"wp","href":"https:\/\/api.w.org\/{rel}","templated":true}]}}