{"id":22782,"date":"2025-03-31T10:46:00","date_gmt":"2025-03-31T09:46:00","guid":{"rendered":"https:\/\/devaharmony.com\/de\/speichern\/amla-60-capsules-vanan\/"},"modified":"2026-04-02T08:20:51","modified_gmt":"2026-04-02T07:20:51","slug":"amla-60-capsules-vanan","status":"publish","type":"product","link":"https:\/\/devaharmony.com\/de\/speichern\/amla-60-capsules-vanan\/","title":{"rendered":"Amla &#8211; 60 capsules| Vanan"},"content":{"rendered":"<p>Vanan Amla Kapseln nutzen die Kraft von Amla (Amalaki), auch bekannt als indische Stachelbeere, um das allgemeine Wohlbefinden und die Gesundheit der Verdauung zu unterst\u00fctzen. Amla ist eine reiche Quelle von nat\u00fcrlichem Vitamin C und starken Antioxidantien, die das Immunsystem unterst\u00fctzen und eine gesunde Haut f\u00f6rdern. Sie verbessert die Verdauung, indem sie die Sekretion von Verdauungsenzymen anregt, und lindert \u00dcbers\u00e4uerung. Es unterst\u00fctzt auch Menschen, die mit Diabetes zu k\u00e4mpfen haben, indem es hilft, den Blutzuckerspiegel zu regulieren. Die Vanan Amla-Kapseln zeichnen sich durch ihre pr\u00e4zise Dosierung aus, die die Wirksamkeit erh\u00f6ht und das Risiko von Nebenwirkungen minimiert. Jede Charge des Nahrungserg\u00e4nzungsmittels wird strengen analytischen Tests unterzogen, einschlie\u00dflich chromatographischer Methoden, um die h\u00f6chste Qualit\u00e4t und Reinheit des Produkts zu gew\u00e4hrleisten.<\/p>\n<p><\/p>\n<p>Ohne k\u00fcnstliche Konservierungsmittel, Aromen und Duftstoffe<\/p>\n<p>Frei von Zucker, Salz, Hefe, Weizen, Soja, Gluten und Milchprodukten<\/p>\n<p>Zertifizierungen: Vegan, Koscher, Halal, GMP<\/p>\n<p><\/p>\n<p><b>100% veganes Produkt<\/b><\/p>\n<p><\/p>\n<p><b>DER-standardisiertes Produkt<\/b><\/p>\n<p><b>Empfohlene Tagesdosis: <\/b>1 Kapsel<\/p>\n<p><b>Inhalt:<\/b> 60 Kapseln<\/p>\n<p><b>Hersteller:<\/b> APEX LABORATORIES PRIVATE LTD,<\/p>\n<p><b>Herkunftsland: <\/b>Indien<\/p>\n<div><\/div>\n<div>\n<div>*Die empfohlene t\u00e4gliche Verzehrsmenge darf nicht \u00fcberschritten werden. Nahrungserg\u00e4nzungsmittel sollten nicht als Ersatz f\u00fcr eine abwechslungsreiche Ern\u00e4hrung verwendet werden. Achten Sie auf eine gesunde Lebensweise und eine ausgewogene Ern\u00e4hrung. Nicht verwenden bei \u00dcberempfindlichkeit gegen\u00fcber den Inhaltsstoffen des Pr\u00e4parats. Das Produkt ist nicht f\u00fcr Kinder, schwangere oder stillende Frauen bestimmt.<\/div>\n<div><\/div>\n<div>*GMO-freies Produkt.<\/div>\n<div><\/div>\n<div>*Au\u00dferhalb der Reichweite von kleinen Kindern aufbewahren. Vor Licht und Feuchtigkeit sch\u00fctzen.<\/div>\n<div><\/div>\n<div>*Bei dem beschriebenen Produkt handelt es sich um ein Nahrungserg\u00e4nzungsmittel, nicht um ein Arzneimittel zur Vorbeugung oder Behandlung menschlicher Krankheiten.<\/div>\n<div><\/div>\n<div>*Bei der Einnahme von pflanzlichen Pr\u00e4paraten ist es am besten, einen Arzt oder Apotheker zu konsultieren, da die Wahl des richtigen pflanzlichen Pr\u00e4parats ebenso viel Wissen erfordert wie die eines chemischen Pr\u00e4parats. Es ist wichtig, daran zu denken, dass pflanzliche Zubereitungen mit Medikamenten, die Sie einnehmen, in Wechselwirkung treten und Gesundheitsrisiken bergen k\u00f6nnen. Einige pflanzliche Pr\u00e4parate k\u00f6nnen starke Wirkungen hervorrufen, daher ist es notwendig, alle Empfehlungen und Einschr\u00e4nkungen des Herstellers zu befolgen. Stillende M\u00fctter und schwangere Frauen m\u00fcssen bei der Einnahme besonders vorsichtig sein.<\/div>\n<\/div>\n<div><\/div>\n<div><\/div>\n","protected":false},"excerpt":{"rendered":"<p><b>Die nat\u00fcrliche Kraft der Immunit\u00e4t, Sch\u00f6nheit und Ausgeglichenheit von innen<\/b><\/p>\n<p><\/p>\n<ul>\n<li><span style=\"color: var(--gray-800)\">St\u00e4rkt die Immunit\u00e4t<\/span><\/li>\n<li>Verlangsamt den Alterungsprozess, verleiht der Haut Ausstrahlung und Elastizit\u00e4t.<\/li>\n<li>Stimuliert die Sekretion von Verdauungsenzymen und lindert die Symptome der \u00dcbers\u00e4uerung.<\/li>\n<li>Reguliert den Blutzuckerspiegel<\/li>\n<li>hat eine entschlackende Wirkung<\/li>\n<li>Unterst\u00fctzt die Leberfunktion\u00a0<\/li>\n<\/ul>\n<p><\/p>\n<p><span style=\"color: var(--gray-800)\"><b>Produkt: 100 % vegan, allergenfrei<\/b><\/span><\/p>\n<p><b>Inhalt:<\/b> 60 Kapseln<\/p>\n<p><b>1 Packung reicht f\u00fcr eine 2-monatige Anwendung<\/b><\/p>\n","protected":false},"featured_media":22781,"template":"","meta":[],"product_cat":[666,680],"product_tag":[],"class_list":{"0":"post-22782","1":"product","2":"type-product","3":"status-publish","4":"has-post-thumbnail","6":"product_cat-ayurvedische-erganzungen","7":"product_cat-krautertabletten-und-kapseln","9":"first","10":"instock","11":"taxable","12":"shipping-taxable","13":"purchasable","14":"product-type-simple","15":"add-to-wishlist-before_image"},"acf":{"ilosc_sztuk_w_pudelku":"","ilosc_pudelek_w_kartonie":"","wykluczyc_z_szybkich_zakupow":["default"]},"yoast_head":"<!-- This site is optimized with the Yoast SEO plugin v23.1 - https:\/\/yoast.com\/wordpress\/plugins\/seo\/ -->\n<title>Amla - 60 capsules| Vanan - Deva Harmony Polen<\/title>\n<meta name=\"robots\" content=\"index, follow, max-snippet:-1, max-image-preview:large, max-video-preview:-1\" \/>\n<link rel=\"canonical\" href=\"https:\/\/devaharmony.com\/de\/speichern\/amla-60-capsules-vanan\/\" \/>\n<meta property=\"og:locale\" content=\"de_DE\" \/>\n<meta property=\"og:type\" content=\"article\" \/>\n<meta property=\"og:title\" content=\"Amla - 60 capsules| Vanan - Deva Harmony Polen\" \/>\n<meta property=\"og:description\" content=\"Die nat\u00fcrliche Kraft der Immunit\u00e4t, Sch\u00f6nheit und Ausgeglichenheit von innenSt\u00e4rkt die Immunit\u00e4tVerlangsamt den Alterungsprozess, verleiht der Haut Ausstrahlung und Elastizit\u00e4t.Stimuliert die Sekretion von Verdauungsenzymen und lindert die Symptome der \u00dcbers\u00e4uerung.Reguliert den Blutzuckerspiegelhat eine entschlackende WirkungUnterst\u00fctzt die Leberfunktion\u00a0Produkt: 100 % vegan, allergenfreiInhalt: 60 Kapseln1 Packung reicht f\u00fcr eine 2-monatige Anwendung\" \/>\n<meta property=\"og:url\" content=\"https:\/\/devaharmony.com\/de\/speichern\/amla-60-capsules-vanan\/\" \/>\n<meta property=\"og:site_name\" content=\"Deva Harmony Polen\" \/>\n<meta property=\"article:modified_time\" content=\"2026-04-02T07:20:51+00:00\" \/>\n<meta property=\"og:image\" content=\"https:\/\/devaharmony.com\/de\/wp-content\/uploads\/2025\/03\/282628712cd73552c6887d7b7b0b21ca.jpg\" \/>\n\t<meta property=\"og:image:width\" content=\"1080\" \/>\n\t<meta property=\"og:image:height\" content=\"1080\" \/>\n\t<meta property=\"og:image:type\" content=\"image\/jpeg\" \/>\n<meta name=\"twitter:card\" content=\"summary_large_image\" \/>\n<meta name=\"twitter:label1\" content=\"Gesch\u00e4tzte Lesezeit\" \/>\n\t<meta name=\"twitter:data1\" content=\"2\u00a0Minuten\" \/>\n<script type=\"application\/ld+json\" class=\"yoast-schema-graph\">{\"@context\":\"https:\/\/schema.org\",\"@graph\":[{\"@type\":\"WebPage\",\"@id\":\"https:\/\/devaharmony.com\/de\/speichern\/amla-60-capsules-vanan\/\",\"url\":\"https:\/\/devaharmony.com\/de\/speichern\/amla-60-capsules-vanan\/\",\"name\":\"Amla - 60 capsules| Vanan - Deva Harmony Polen\",\"isPartOf\":{\"@id\":\"https:\/\/devaharmony.com\/de\/#website\"},\"primaryImageOfPage\":{\"@id\":\"https:\/\/devaharmony.com\/de\/speichern\/amla-60-capsules-vanan\/#primaryimage\"},\"image\":{\"@id\":\"https:\/\/devaharmony.com\/de\/speichern\/amla-60-capsules-vanan\/#primaryimage\"},\"thumbnailUrl\":\"https:\/\/devaharmony.com\/de\/wp-content\/uploads\/2025\/03\/282628712cd73552c6887d7b7b0b21ca.jpg\",\"datePublished\":\"2025-03-31T09:46:00+00:00\",\"dateModified\":\"2026-04-02T07:20:51+00:00\",\"breadcrumb\":{\"@id\":\"https:\/\/devaharmony.com\/de\/speichern\/amla-60-capsules-vanan\/#breadcrumb\"},\"inLanguage\":\"de\",\"potentialAction\":[{\"@type\":\"ReadAction\",\"target\":[\"https:\/\/devaharmony.com\/de\/speichern\/amla-60-capsules-vanan\/\"]}]},{\"@type\":\"ImageObject\",\"inLanguage\":\"de\",\"@id\":\"https:\/\/devaharmony.com\/de\/speichern\/amla-60-capsules-vanan\/#primaryimage\",\"url\":\"https:\/\/devaharmony.com\/de\/wp-content\/uploads\/2025\/03\/282628712cd73552c6887d7b7b0b21ca.jpg\",\"contentUrl\":\"https:\/\/devaharmony.com\/de\/wp-content\/uploads\/2025\/03\/282628712cd73552c6887d7b7b0b21ca.jpg\",\"width\":1080,\"height\":1080},{\"@type\":\"BreadcrumbList\",\"@id\":\"https:\/\/devaharmony.com\/de\/speichern\/amla-60-capsules-vanan\/#breadcrumb\",\"itemListElement\":[{\"@type\":\"ListItem\",\"position\":1,\"name\":\"Home\",\"item\":\"https:\/\/devaharmony.com\/de\/\"},{\"@type\":\"ListItem\",\"position\":2,\"name\":\"Ayurvedische Produkte\",\"item\":\"https:\/\/devaharmony.com\/de\/ayurvedische-produkte\/\"},{\"@type\":\"ListItem\",\"position\":3,\"name\":\"Amla &#8211; 60 capsules| Vanan\"}]},{\"@type\":\"WebSite\",\"@id\":\"https:\/\/devaharmony.com\/de\/#website\",\"url\":\"https:\/\/devaharmony.com\/de\/\",\"name\":\"Deva Harmony Polen\",\"description\":\"Ayurvedische Nahrungserg\u00e4nzungsmittel\",\"potentialAction\":[{\"@type\":\"SearchAction\",\"target\":{\"@type\":\"EntryPoint\",\"urlTemplate\":\"https:\/\/devaharmony.com\/de\/?s={search_term_string}\"},\"query-input\":\"required name=search_term_string\"}],\"inLanguage\":\"de\"}]}<\/script>\n<!-- \/ Yoast SEO plugin. -->","yoast_head_json":{"title":"Amla - 60 capsules| Vanan - Deva Harmony Polen","robots":{"index":"index","follow":"follow","max-snippet":"max-snippet:-1","max-image-preview":"max-image-preview:large","max-video-preview":"max-video-preview:-1"},"canonical":"https:\/\/devaharmony.com\/de\/speichern\/amla-60-capsules-vanan\/","og_locale":"de_DE","og_type":"article","og_title":"Amla - 60 capsules| Vanan - Deva Harmony Polen","og_description":"Die nat\u00fcrliche Kraft der Immunit\u00e4t, Sch\u00f6nheit und Ausgeglichenheit von innenSt\u00e4rkt die Immunit\u00e4tVerlangsamt den Alterungsprozess, verleiht der Haut Ausstrahlung und Elastizit\u00e4t.Stimuliert die Sekretion von Verdauungsenzymen und lindert die Symptome der \u00dcbers\u00e4uerung.Reguliert den Blutzuckerspiegelhat eine entschlackende WirkungUnterst\u00fctzt die Leberfunktion\u00a0Produkt: 100 % vegan, allergenfreiInhalt: 60 Kapseln1 Packung reicht f\u00fcr eine 2-monatige Anwendung","og_url":"https:\/\/devaharmony.com\/de\/speichern\/amla-60-capsules-vanan\/","og_site_name":"Deva Harmony Polen","article_modified_time":"2026-04-02T07:20:51+00:00","og_image":[{"width":1080,"height":1080,"url":"https:\/\/devaharmony.com\/de\/wp-content\/uploads\/2025\/03\/282628712cd73552c6887d7b7b0b21ca.jpg","type":"image\/jpeg"}],"twitter_card":"summary_large_image","twitter_misc":{"Gesch\u00e4tzte Lesezeit":"2\u00a0Minuten"},"schema":{"@context":"https:\/\/schema.org","@graph":[{"@type":"WebPage","@id":"https:\/\/devaharmony.com\/de\/speichern\/amla-60-capsules-vanan\/","url":"https:\/\/devaharmony.com\/de\/speichern\/amla-60-capsules-vanan\/","name":"Amla - 60 capsules| Vanan - Deva Harmony Polen","isPartOf":{"@id":"https:\/\/devaharmony.com\/de\/#website"},"primaryImageOfPage":{"@id":"https:\/\/devaharmony.com\/de\/speichern\/amla-60-capsules-vanan\/#primaryimage"},"image":{"@id":"https:\/\/devaharmony.com\/de\/speichern\/amla-60-capsules-vanan\/#primaryimage"},"thumbnailUrl":"https:\/\/devaharmony.com\/de\/wp-content\/uploads\/2025\/03\/282628712cd73552c6887d7b7b0b21ca.jpg","datePublished":"2025-03-31T09:46:00+00:00","dateModified":"2026-04-02T07:20:51+00:00","breadcrumb":{"@id":"https:\/\/devaharmony.com\/de\/speichern\/amla-60-capsules-vanan\/#breadcrumb"},"inLanguage":"de","potentialAction":[{"@type":"ReadAction","target":["https:\/\/devaharmony.com\/de\/speichern\/amla-60-capsules-vanan\/"]}]},{"@type":"ImageObject","inLanguage":"de","@id":"https:\/\/devaharmony.com\/de\/speichern\/amla-60-capsules-vanan\/#primaryimage","url":"https:\/\/devaharmony.com\/de\/wp-content\/uploads\/2025\/03\/282628712cd73552c6887d7b7b0b21ca.jpg","contentUrl":"https:\/\/devaharmony.com\/de\/wp-content\/uploads\/2025\/03\/282628712cd73552c6887d7b7b0b21ca.jpg","width":1080,"height":1080},{"@type":"BreadcrumbList","@id":"https:\/\/devaharmony.com\/de\/speichern\/amla-60-capsules-vanan\/#breadcrumb","itemListElement":[{"@type":"ListItem","position":1,"name":"Home","item":"https:\/\/devaharmony.com\/de\/"},{"@type":"ListItem","position":2,"name":"Ayurvedische Produkte","item":"https:\/\/devaharmony.com\/de\/ayurvedische-produkte\/"},{"@type":"ListItem","position":3,"name":"Amla &#8211; 60 capsules| Vanan"}]},{"@type":"WebSite","@id":"https:\/\/devaharmony.com\/de\/#website","url":"https:\/\/devaharmony.com\/de\/","name":"Deva Harmony Polen","description":"Ayurvedische Nahrungserg\u00e4nzungsmittel","potentialAction":[{"@type":"SearchAction","target":{"@type":"EntryPoint","urlTemplate":"https:\/\/devaharmony.com\/de\/?s={search_term_string}"},"query-input":"required name=search_term_string"}],"inLanguage":"de"}]}},"_links":{"self":[{"href":"https:\/\/devaharmony.com\/de\/wp-json\/wp\/v2\/product\/22782"}],"collection":[{"href":"https:\/\/devaharmony.com\/de\/wp-json\/wp\/v2\/product"}],"about":[{"href":"https:\/\/devaharmony.com\/de\/wp-json\/wp\/v2\/types\/product"}],"wp:featuredmedia":[{"embeddable":true,"href":"https:\/\/devaharmony.com\/de\/wp-json\/wp\/v2\/media\/22781"}],"wp:attachment":[{"href":"https:\/\/devaharmony.com\/de\/wp-json\/wp\/v2\/media?parent=22782"}],"wp:term":[{"taxonomy":"product_cat","embeddable":true,"href":"https:\/\/devaharmony.com\/de\/wp-json\/wp\/v2\/product_cat?post=22782"},{"taxonomy":"product_tag","embeddable":true,"href":"https:\/\/devaharmony.com\/de\/wp-json\/wp\/v2\/product_tag?post=22782"}],"curies":[{"name":"wp","href":"https:\/\/api.w.org\/{rel}","templated":true}]}}