{"id":22659,"date":"2024-10-04T07:48:40","date_gmt":"2024-10-04T06:48:40","guid":{"rendered":"https:\/\/devaharmony.com\/de\/speichern\/das-goldene-duo-ashwagandha-und-brahmi\/"},"modified":"2026-03-18T21:50:49","modified_gmt":"2026-03-18T20:50:49","slug":"das-goldene-duo-ashwagandha-und-brahmi","status":"publish","type":"product","link":"https:\/\/devaharmony.com\/de\/speichern\/das-goldene-duo-ashwagandha-und-brahmi\/","title":{"rendered":"Das goldene Duo &#8211; Ashwagandha und Brahmi"},"content":{"rendered":"<p><b>Ashwagandha und Brahmi<\/b> spielen in der ayurvedischen Medizin seit \u00fcber 500 Jahren eine wichtige Rolle. Beide werden traditionell als Rasayana (Kr\u00e4uter mit verj\u00fcngender und revitalisierender Wirkung) eingenommen, da sie ein breites Spektrum an gesundheitlichen Vorteilen bieten. Sie wirken sich tiefgreifend auf die Gesundheit, die geistige Leistungsf\u00e4higkeit und das Ged\u00e4chtnis aus, verbessern die Schlafqualit\u00e4t, bauen Stress ab und geben Ihnen Energie, wenn Sie sie am meisten brauchen.<\/p>\n<p>&nbsp;<\/p>\n<p><b> 100% vegane produkte <\/b><\/p>\n<p><b>Empfohlene Tagesdosis: <\/b>Brahmi: 2 Tabletten; Ashwagandha: 2 Tabletten<\/p>\n<p><b>Inhalt<\/b>: Brahmi 120 Tabs; Ashwagandha 120 Tabs.<\/p>\n<p><b>Hersteller<\/b>: JIVA Ayurvedische Apotheke Ltd.<\/p>\n<p><b>Herkunftsland<\/b>: Indien<\/p>\n<p>*Die empfohlene t\u00e4gliche Verzehrsmenge darf nicht \u00fcberschritten werden. Das Nahrungserg\u00e4nzungsmittel darf nicht als Substitut (Ersatz) f\u00fcr eine abwechslungsreiche Ern\u00e4hrung verwendet werden. Es sollte auf eine gesunde Lebensweise und eine ausgewogene Ern\u00e4hrung geachtet werden. Nicht verwenden bei \u00dcberempfindlichkeit gegen Bestandteile des Pr\u00e4parats. Das Produkt ist nicht f\u00fcr schwangere oder stillende Frauen und Kinder bestimmt.<\/p>\n<p>*Au\u00dferhalb der Reichweite von Kleinkindern aufbewahren. Vor Licht und Feuchtigkeit sch\u00fctzen.<\/p>\n<p>*Bei dem beschriebenen Produkt handelt es sich um ein Nahrungserg\u00e4nzungsmittel, nicht um ein Arzneimittel, dem die Eigenschaften der Vorbeugung oder Behandlung menschlicher Krankheiten zugeschrieben werden.<\/p>\n<p>*Bei der Einnahme von pflanzlichen Pr\u00e4paraten ist es ratsam, einen Arzt oder Apotheker zu konsultieren, da die Wahl des richtigen pflanzlichen Pr\u00e4parats ebenso viel Wissen erfordert wie die eines chemischen Pr\u00e4parats. Es ist wichtig, daran zu denken, dass pflanzliche Zubereitungen mit den von Ihnen eingenommenen Arzneimitteln in Wechselwirkung treten k\u00f6nnen und ein Gesundheitsrisiko darstellen k\u00f6nnen. Einige pflanzliche Pr\u00e4parate k\u00f6nnen starke Wirkungen hervorrufen, daher sollten alle Empfehlungen und Einschr\u00e4nkungen des Herstellers beachtet werden. Stillende M\u00fctter und schwangere Frauen m\u00fcssen bei der Einnahme besonders vorsichtig sein.<\/p>\n","protected":false},"excerpt":{"rendered":"<p><b>Das Goldene Duo &#8211; Ashwagandha und Brahmi &#8211; die wirksamsten Adaptogene \u2728.<\/b><\/p>\n<ul>\n<li>\u00a0\u00a0\u00a0 St\u00e4rkt Geist und K\u00f6rper<\/li>\n<li>\u00a0\u00a0\u00a0 Stress und \u00c4ngste abbauen<\/li>\n<li>\u00a0\u00a0\u00a0 Erh\u00f6ht Energie und Ausdauer<\/li>\n<li>\u00a0\u00a0\u00a0 Unterst\u00fctzen den normalen Schlafprozess<\/li>\n<\/ul>\n<p><b>100% vegane Produkte <\/b><\/p>\n<p><b>Inhalt<\/b>: 2 x 120 Tabletten<\/p>\n<p><b>1 Duo ist ausreichend f\u00fcr 2 Monate Anwendung <\/b><\/p>\n","protected":false},"featured_media":9558,"template":"","meta":[],"product_cat":[742,666,676,686,740,668,680,698,739,681,688,682,667,685,738,687],"product_tag":[],"class_list":{"0":"post-22659","1":"product","2":"type-product","3":"status-publish","4":"has-post-thumbnail","6":"product_cat-adaptogene","7":"product_cat-ayurvedische-erganzungen","8":"product_cat-ayurvedische-produkte","9":"product_cat-diabetes-behandlung","10":"product_cat-kapha","11":"product_cat-kombi-pakete","12":"product_cat-krautertabletten-und-kapseln","13":"product_cat-multipacks","14":"product_cat-pitta","15":"product_cat-saisonal","16":"product_cat-sexuelle-gesundheit","17":"product_cat-speziell","18":"product_cat-spezielle-produkte","19":"product_cat-stress-und-gedachtnis","20":"product_cat-vata","21":"product_cat-wohlbefinden","23":"first","24":"outofstock","25":"taxable","26":"shipping-taxable","27":"purchasable","28":"product-type-simple","29":"add-to-wishlist-before_image"},"acf":{"ilosc_sztuk_w_pudelku":"","ilosc_pudelek_w_kartonie":"","wykluczyc_z_szybkich_zakupow":""},"yoast_head":"<!-- This site is optimized with the Yoast SEO plugin v23.1 - https:\/\/yoast.com\/wordpress\/plugins\/seo\/ -->\n<title>Das goldene Duo - Ashwagandha und Brahmi - Deva Harmony Polen<\/title>\n<meta name=\"robots\" content=\"index, follow, max-snippet:-1, max-image-preview:large, max-video-preview:-1\" \/>\n<link rel=\"canonical\" href=\"https:\/\/devaharmony.com\/de\/speichern\/das-goldene-duo-ashwagandha-und-brahmi\/\" \/>\n<meta property=\"og:locale\" content=\"de_DE\" \/>\n<meta property=\"og:type\" content=\"article\" \/>\n<meta property=\"og:title\" content=\"Das goldene Duo - Ashwagandha und Brahmi - Deva Harmony Polen\" \/>\n<meta property=\"og:description\" content=\"Das Goldene Duo - Ashwagandha und Brahmi - die wirksamsten Adaptogene \u2728.   \u00a0\u00a0\u00a0 St\u00e4rkt Geist und K\u00f6rper  \u00a0\u00a0\u00a0 Stress und \u00c4ngste abbauen  \u00a0\u00a0\u00a0 Erh\u00f6ht Energie und Ausdauer  \u00a0\u00a0\u00a0 Unterst\u00fctzen den normalen Schlafprozess  100% vegane Produkte   Inhalt: 2 x 120 Tabletten  1 Duo ist ausreichend f\u00fcr 2 Monate Anwendung\" \/>\n<meta property=\"og:url\" content=\"https:\/\/devaharmony.com\/de\/speichern\/das-goldene-duo-ashwagandha-und-brahmi\/\" \/>\n<meta property=\"og:site_name\" content=\"Deva Harmony Polen\" \/>\n<meta property=\"article:modified_time\" content=\"2026-03-18T20:50:49+00:00\" \/>\n<meta property=\"og:image\" content=\"https:\/\/devaharmony.com\/de\/wp-content\/uploads\/2022\/10\/zloty-duet.png\" \/>\n\t<meta property=\"og:image:width\" content=\"800\" \/>\n\t<meta property=\"og:image:height\" content=\"1200\" \/>\n\t<meta property=\"og:image:type\" content=\"image\/png\" \/>\n<meta name=\"twitter:card\" content=\"summary_large_image\" \/>\n<meta name=\"twitter:label1\" content=\"Gesch\u00e4tzte Lesezeit\" \/>\n\t<meta name=\"twitter:data1\" content=\"2\u00a0Minuten\" \/>\n<script type=\"application\/ld+json\" class=\"yoast-schema-graph\">{\"@context\":\"https:\/\/schema.org\",\"@graph\":[{\"@type\":\"WebPage\",\"@id\":\"https:\/\/devaharmony.com\/de\/speichern\/das-goldene-duo-ashwagandha-und-brahmi\/\",\"url\":\"https:\/\/devaharmony.com\/de\/speichern\/das-goldene-duo-ashwagandha-und-brahmi\/\",\"name\":\"Das goldene Duo - Ashwagandha und Brahmi - Deva Harmony Polen\",\"isPartOf\":{\"@id\":\"https:\/\/devaharmony.com\/de\/#website\"},\"primaryImageOfPage\":{\"@id\":\"https:\/\/devaharmony.com\/de\/speichern\/das-goldene-duo-ashwagandha-und-brahmi\/#primaryimage\"},\"image\":{\"@id\":\"https:\/\/devaharmony.com\/de\/speichern\/das-goldene-duo-ashwagandha-und-brahmi\/#primaryimage\"},\"thumbnailUrl\":\"https:\/\/devaharmony.com\/de\/wp-content\/uploads\/2022\/10\/zloty-duet.png\",\"datePublished\":\"2024-10-04T06:48:40+00:00\",\"dateModified\":\"2026-03-18T20:50:49+00:00\",\"breadcrumb\":{\"@id\":\"https:\/\/devaharmony.com\/de\/speichern\/das-goldene-duo-ashwagandha-und-brahmi\/#breadcrumb\"},\"inLanguage\":\"de\",\"potentialAction\":[{\"@type\":\"ReadAction\",\"target\":[\"https:\/\/devaharmony.com\/de\/speichern\/das-goldene-duo-ashwagandha-und-brahmi\/\"]}]},{\"@type\":\"ImageObject\",\"inLanguage\":\"de\",\"@id\":\"https:\/\/devaharmony.com\/de\/speichern\/das-goldene-duo-ashwagandha-und-brahmi\/#primaryimage\",\"url\":\"https:\/\/devaharmony.com\/de\/wp-content\/uploads\/2022\/10\/zloty-duet.png\",\"contentUrl\":\"https:\/\/devaharmony.com\/de\/wp-content\/uploads\/2022\/10\/zloty-duet.png\",\"width\":800,\"height\":1200},{\"@type\":\"BreadcrumbList\",\"@id\":\"https:\/\/devaharmony.com\/de\/speichern\/das-goldene-duo-ashwagandha-und-brahmi\/#breadcrumb\",\"itemListElement\":[{\"@type\":\"ListItem\",\"position\":1,\"name\":\"Home\",\"item\":\"https:\/\/devaharmony.com\/de\/\"},{\"@type\":\"ListItem\",\"position\":2,\"name\":\"Ayurvedische Produkte\",\"item\":\"https:\/\/devaharmony.com\/de\/ayurvedische-produkte\/\"},{\"@type\":\"ListItem\",\"position\":3,\"name\":\"Das goldene Duo &#8211; Ashwagandha und Brahmi\"}]},{\"@type\":\"WebSite\",\"@id\":\"https:\/\/devaharmony.com\/de\/#website\",\"url\":\"https:\/\/devaharmony.com\/de\/\",\"name\":\"Deva Harmony Polen\",\"description\":\"Ayurvedische Nahrungserg\u00e4nzungsmittel\",\"potentialAction\":[{\"@type\":\"SearchAction\",\"target\":{\"@type\":\"EntryPoint\",\"urlTemplate\":\"https:\/\/devaharmony.com\/de\/?s={search_term_string}\"},\"query-input\":\"required name=search_term_string\"}],\"inLanguage\":\"de\"}]}<\/script>\n<!-- \/ Yoast SEO plugin. -->","yoast_head_json":{"title":"Das goldene Duo - Ashwagandha und Brahmi - Deva Harmony Polen","robots":{"index":"index","follow":"follow","max-snippet":"max-snippet:-1","max-image-preview":"max-image-preview:large","max-video-preview":"max-video-preview:-1"},"canonical":"https:\/\/devaharmony.com\/de\/speichern\/das-goldene-duo-ashwagandha-und-brahmi\/","og_locale":"de_DE","og_type":"article","og_title":"Das goldene Duo - Ashwagandha und Brahmi - Deva Harmony Polen","og_description":"Das Goldene Duo - Ashwagandha und Brahmi - die wirksamsten Adaptogene \u2728.   \u00a0\u00a0\u00a0 St\u00e4rkt Geist und K\u00f6rper  \u00a0\u00a0\u00a0 Stress und \u00c4ngste abbauen  \u00a0\u00a0\u00a0 Erh\u00f6ht Energie und Ausdauer  \u00a0\u00a0\u00a0 Unterst\u00fctzen den normalen Schlafprozess  100% vegane Produkte   Inhalt: 2 x 120 Tabletten  1 Duo ist ausreichend f\u00fcr 2 Monate Anwendung","og_url":"https:\/\/devaharmony.com\/de\/speichern\/das-goldene-duo-ashwagandha-und-brahmi\/","og_site_name":"Deva Harmony Polen","article_modified_time":"2026-03-18T20:50:49+00:00","og_image":[{"width":800,"height":1200,"url":"https:\/\/devaharmony.com\/de\/wp-content\/uploads\/2022\/10\/zloty-duet.png","type":"image\/png"}],"twitter_card":"summary_large_image","twitter_misc":{"Gesch\u00e4tzte Lesezeit":"2\u00a0Minuten"},"schema":{"@context":"https:\/\/schema.org","@graph":[{"@type":"WebPage","@id":"https:\/\/devaharmony.com\/de\/speichern\/das-goldene-duo-ashwagandha-und-brahmi\/","url":"https:\/\/devaharmony.com\/de\/speichern\/das-goldene-duo-ashwagandha-und-brahmi\/","name":"Das goldene Duo - Ashwagandha und Brahmi - Deva Harmony Polen","isPartOf":{"@id":"https:\/\/devaharmony.com\/de\/#website"},"primaryImageOfPage":{"@id":"https:\/\/devaharmony.com\/de\/speichern\/das-goldene-duo-ashwagandha-und-brahmi\/#primaryimage"},"image":{"@id":"https:\/\/devaharmony.com\/de\/speichern\/das-goldene-duo-ashwagandha-und-brahmi\/#primaryimage"},"thumbnailUrl":"https:\/\/devaharmony.com\/de\/wp-content\/uploads\/2022\/10\/zloty-duet.png","datePublished":"2024-10-04T06:48:40+00:00","dateModified":"2026-03-18T20:50:49+00:00","breadcrumb":{"@id":"https:\/\/devaharmony.com\/de\/speichern\/das-goldene-duo-ashwagandha-und-brahmi\/#breadcrumb"},"inLanguage":"de","potentialAction":[{"@type":"ReadAction","target":["https:\/\/devaharmony.com\/de\/speichern\/das-goldene-duo-ashwagandha-und-brahmi\/"]}]},{"@type":"ImageObject","inLanguage":"de","@id":"https:\/\/devaharmony.com\/de\/speichern\/das-goldene-duo-ashwagandha-und-brahmi\/#primaryimage","url":"https:\/\/devaharmony.com\/de\/wp-content\/uploads\/2022\/10\/zloty-duet.png","contentUrl":"https:\/\/devaharmony.com\/de\/wp-content\/uploads\/2022\/10\/zloty-duet.png","width":800,"height":1200},{"@type":"BreadcrumbList","@id":"https:\/\/devaharmony.com\/de\/speichern\/das-goldene-duo-ashwagandha-und-brahmi\/#breadcrumb","itemListElement":[{"@type":"ListItem","position":1,"name":"Home","item":"https:\/\/devaharmony.com\/de\/"},{"@type":"ListItem","position":2,"name":"Ayurvedische Produkte","item":"https:\/\/devaharmony.com\/de\/ayurvedische-produkte\/"},{"@type":"ListItem","position":3,"name":"Das goldene Duo &#8211; Ashwagandha und Brahmi"}]},{"@type":"WebSite","@id":"https:\/\/devaharmony.com\/de\/#website","url":"https:\/\/devaharmony.com\/de\/","name":"Deva Harmony Polen","description":"Ayurvedische Nahrungserg\u00e4nzungsmittel","potentialAction":[{"@type":"SearchAction","target":{"@type":"EntryPoint","urlTemplate":"https:\/\/devaharmony.com\/de\/?s={search_term_string}"},"query-input":"required name=search_term_string"}],"inLanguage":"de"}]}},"_links":{"self":[{"href":"https:\/\/devaharmony.com\/de\/wp-json\/wp\/v2\/product\/22659"}],"collection":[{"href":"https:\/\/devaharmony.com\/de\/wp-json\/wp\/v2\/product"}],"about":[{"href":"https:\/\/devaharmony.com\/de\/wp-json\/wp\/v2\/types\/product"}],"wp:featuredmedia":[{"embeddable":true,"href":"https:\/\/devaharmony.com\/de\/wp-json\/wp\/v2\/media\/9558"}],"wp:attachment":[{"href":"https:\/\/devaharmony.com\/de\/wp-json\/wp\/v2\/media?parent=22659"}],"wp:term":[{"taxonomy":"product_cat","embeddable":true,"href":"https:\/\/devaharmony.com\/de\/wp-json\/wp\/v2\/product_cat?post=22659"},{"taxonomy":"product_tag","embeddable":true,"href":"https:\/\/devaharmony.com\/de\/wp-json\/wp\/v2\/product_tag?post=22659"}],"curies":[{"name":"wp","href":"https:\/\/api.w.org\/{rel}","templated":true}]}}