{"id":22657,"date":"2024-10-04T07:27:04","date_gmt":"2024-10-04T06:27:04","guid":{"rendered":"https:\/\/devaharmony.com\/de\/speichern\/pure-shilajeet-60-kapseln\/"},"modified":"2026-04-04T23:01:39","modified_gmt":"2026-04-04T22:01:39","slug":"pure-shilajeet-60-kapseln","status":"publish","type":"product","link":"https:\/\/devaharmony.com\/de\/speichern\/pure-shilajeet-60-kapseln\/","title":{"rendered":"Pure Shilajeet &#8211; 60 Kapseln"},"content":{"rendered":"<p>Die reinen Shilajeet-Kapseln stammen aus dem Himalaya und bieten Mumio in seiner reinen Form. Shilajit wird seit Jahrhunderten sowohl in der ayurvedischen als auch in der chinesischen Tradition verwendet.<\/p>\n<p>&nbsp;<\/p>\n<p>Shilajit ist eine z\u00e4hfl\u00fcssige Substanz, die vor allem in den Felsen des Himalayas vorkommt. Sie bildet sich \u00fcber Jahrhunderte durch die langsame Zersetzung von Pflanzen.<\/p>\n<p><b>100% veganes Produkt<\/b><\/p>\n<p><b>Empfohlene Tagesdosis: <\/b>2 Kapseln<\/p>\n<p><b>Inhalt<\/b>: 60 Kapseln<\/p>\n<p><b>Hersteller<\/b>: JIVA Ayurvedische Apotheke Ltd.<\/p>\n<p><b>Herkunftsland<\/b>: Indien<\/p>\n<p>*Die empfohlene t\u00e4gliche Verzehrsmenge darf nicht \u00fcberschritten werden. Das Nahrungserg\u00e4nzungsmittel sollte nicht als Ersatz f\u00fcr eine abwechslungsreiche Ern\u00e4hrung verwendet werden. Achten Sie auf eine gesunde Lebensweise und eine ausgewogene Ern\u00e4hrung. Nicht verwenden bei \u00dcberempfindlichkeit gegen\u00fcber den Inhaltsstoffen des Pr\u00e4parats. Das Produkt ist nicht f\u00fcr schwangere oder stillende Frauen und Kinder bestimmt.<\/p>\n<p>*Au\u00dferhalb der Reichweite von Kleinkindern aufbewahren. Vor Licht und Feuchtigkeit sch\u00fctzen.<\/p>\n<p>*Das beschriebene Produkt ist ein Nahrungserg\u00e4nzungsmittel, es ist kein Arzneimittel zur Vorbeugung oder Behandlung von menschlichen Krankheiten.<\/p>\n<p>*Bei der Einnahme von pflanzlichen Pr\u00e4paraten ist es ratsam, einen Arzt oder Apotheker zu konsultieren, da die Wahl des richtigen pflanzlichen Pr\u00e4parats ebenso viel Wissen erfordert wie die eines chemischen Pr\u00e4parats. Es ist wichtig, daran zu denken, dass pflanzliche Zubereitungen mit Medikamenten, die Sie einnehmen, in Wechselwirkung treten und Gesundheitsrisiken bergen k\u00f6nnen. Einige pflanzliche Pr\u00e4parate k\u00f6nnen starke Wirkungen hervorrufen, daher ist es wichtig, alle Empfehlungen und Einschr\u00e4nkungen des Herstellers zu beachten. Stillende M\u00fctter und schwangere Frauen m\u00fcssen bei der Einnahme besonders vorsichtig sein.<\/p>\n","protected":false},"excerpt":{"rendered":"<p><b>Shilajeet | Mumio &#8211; die Kraft des Himalayas \u2600\ufe0f<\/b><\/p>\n<ul>\n<li>Nat\u00fcrlich<\/li>\n<li>Hohe Qualit\u00e4t<\/li>\n<li>Direkt aus dem indischen Himalaya!<\/li>\n<\/ul>\n<p><b>100% vegan <\/b><\/p>\n<p><b>Inhalt<\/b>: 60 Kapseln<\/p>\n<p><b>1 Packung ist ausreichend f\u00fcr 1 &#8211; 2 Monate Gebrauch<\/b><\/p>\n","protected":false},"featured_media":22656,"template":"","meta":[],"product_cat":[742,666,686,683,740,680,685,738,687],"product_tag":[],"class_list":{"0":"post-22657","1":"product","2":"type-product","3":"status-publish","4":"has-post-thumbnail","6":"product_cat-adaptogene","7":"product_cat-ayurvedische-erganzungen","8":"product_cat-diabetes-behandlung","9":"product_cat-immunitat","10":"product_cat-kapha","11":"product_cat-krautertabletten-und-kapseln","12":"product_cat-stress-und-gedachtnis","13":"product_cat-vata","14":"product_cat-wohlbefinden","16":"first","17":"instock","18":"taxable","19":"shipping-taxable","20":"purchasable","21":"product-type-simple","22":"add-to-wishlist-before_image"},"acf":{"ilosc_sztuk_w_pudelku":"","ilosc_pudelek_w_kartonie":"","wykluczyc_z_szybkich_zakupow":""},"yoast_head":"<!-- This site is optimized with the Yoast SEO plugin v23.1 - https:\/\/yoast.com\/wordpress\/plugins\/seo\/ -->\n<title>Pure Shilajeet - 60 Kapseln - Deva Harmony Polen<\/title>\n<meta name=\"robots\" content=\"index, follow, max-snippet:-1, max-image-preview:large, max-video-preview:-1\" \/>\n<link rel=\"canonical\" href=\"https:\/\/devaharmony.com\/de\/speichern\/pure-shilajeet-60-kapseln\/\" \/>\n<meta property=\"og:locale\" content=\"de_DE\" \/>\n<meta property=\"og:type\" content=\"article\" \/>\n<meta property=\"og:title\" content=\"Pure Shilajeet - 60 Kapseln - Deva Harmony Polen\" \/>\n<meta property=\"og:description\" content=\"Shilajeet | Mumio - die Kraft des Himalayas \u2600\ufe0f   Nat\u00fcrlich  Hohe Qualit\u00e4t  Direkt aus dem indischen Himalaya!  100% vegan   Inhalt: 60 Kapseln  1 Packung ist ausreichend f\u00fcr 1 - 2 Monate Gebrauch\" \/>\n<meta property=\"og:url\" content=\"https:\/\/devaharmony.com\/de\/speichern\/pure-shilajeet-60-kapseln\/\" \/>\n<meta property=\"og:site_name\" content=\"Deva Harmony Polen\" \/>\n<meta property=\"article:modified_time\" content=\"2026-04-04T22:01:39+00:00\" \/>\n<meta property=\"og:image\" content=\"https:\/\/devaharmony.com\/de\/wp-content\/uploads\/2024\/10\/shilajeet-1.png\" \/>\n\t<meta property=\"og:image:width\" content=\"800\" \/>\n\t<meta property=\"og:image:height\" content=\"1200\" \/>\n\t<meta property=\"og:image:type\" content=\"image\/png\" \/>\n<meta name=\"twitter:card\" content=\"summary_large_image\" \/>\n<meta name=\"twitter:label1\" content=\"Gesch\u00e4tzte Lesezeit\" \/>\n\t<meta name=\"twitter:data1\" content=\"2\u00a0Minuten\" \/>\n<script type=\"application\/ld+json\" class=\"yoast-schema-graph\">{\"@context\":\"https:\/\/schema.org\",\"@graph\":[{\"@type\":\"WebPage\",\"@id\":\"https:\/\/devaharmony.com\/de\/speichern\/pure-shilajeet-60-kapseln\/\",\"url\":\"https:\/\/devaharmony.com\/de\/speichern\/pure-shilajeet-60-kapseln\/\",\"name\":\"Pure Shilajeet - 60 Kapseln - Deva Harmony Polen\",\"isPartOf\":{\"@id\":\"https:\/\/devaharmony.com\/de\/#website\"},\"primaryImageOfPage\":{\"@id\":\"https:\/\/devaharmony.com\/de\/speichern\/pure-shilajeet-60-kapseln\/#primaryimage\"},\"image\":{\"@id\":\"https:\/\/devaharmony.com\/de\/speichern\/pure-shilajeet-60-kapseln\/#primaryimage\"},\"thumbnailUrl\":\"https:\/\/devaharmony.com\/de\/wp-content\/uploads\/2024\/10\/shilajeet-1.png\",\"datePublished\":\"2024-10-04T06:27:04+00:00\",\"dateModified\":\"2026-04-04T22:01:39+00:00\",\"breadcrumb\":{\"@id\":\"https:\/\/devaharmony.com\/de\/speichern\/pure-shilajeet-60-kapseln\/#breadcrumb\"},\"inLanguage\":\"de\",\"potentialAction\":[{\"@type\":\"ReadAction\",\"target\":[\"https:\/\/devaharmony.com\/de\/speichern\/pure-shilajeet-60-kapseln\/\"]}]},{\"@type\":\"ImageObject\",\"inLanguage\":\"de\",\"@id\":\"https:\/\/devaharmony.com\/de\/speichern\/pure-shilajeet-60-kapseln\/#primaryimage\",\"url\":\"https:\/\/devaharmony.com\/de\/wp-content\/uploads\/2024\/10\/shilajeet-1.png\",\"contentUrl\":\"https:\/\/devaharmony.com\/de\/wp-content\/uploads\/2024\/10\/shilajeet-1.png\",\"width\":800,\"height\":1200},{\"@type\":\"BreadcrumbList\",\"@id\":\"https:\/\/devaharmony.com\/de\/speichern\/pure-shilajeet-60-kapseln\/#breadcrumb\",\"itemListElement\":[{\"@type\":\"ListItem\",\"position\":1,\"name\":\"Home\",\"item\":\"https:\/\/devaharmony.com\/de\/\"},{\"@type\":\"ListItem\",\"position\":2,\"name\":\"Ayurvedische Produkte\",\"item\":\"https:\/\/devaharmony.com\/de\/ayurvedische-produkte\/\"},{\"@type\":\"ListItem\",\"position\":3,\"name\":\"Pure Shilajeet &#8211; 60 Kapseln\"}]},{\"@type\":\"WebSite\",\"@id\":\"https:\/\/devaharmony.com\/de\/#website\",\"url\":\"https:\/\/devaharmony.com\/de\/\",\"name\":\"Deva Harmony Polen\",\"description\":\"Ayurvedische Nahrungserg\u00e4nzungsmittel\",\"potentialAction\":[{\"@type\":\"SearchAction\",\"target\":{\"@type\":\"EntryPoint\",\"urlTemplate\":\"https:\/\/devaharmony.com\/de\/?s={search_term_string}\"},\"query-input\":\"required name=search_term_string\"}],\"inLanguage\":\"de\"}]}<\/script>\n<!-- \/ Yoast SEO plugin. -->","yoast_head_json":{"title":"Pure Shilajeet - 60 Kapseln - Deva Harmony Polen","robots":{"index":"index","follow":"follow","max-snippet":"max-snippet:-1","max-image-preview":"max-image-preview:large","max-video-preview":"max-video-preview:-1"},"canonical":"https:\/\/devaharmony.com\/de\/speichern\/pure-shilajeet-60-kapseln\/","og_locale":"de_DE","og_type":"article","og_title":"Pure Shilajeet - 60 Kapseln - Deva Harmony Polen","og_description":"Shilajeet | Mumio - die Kraft des Himalayas \u2600\ufe0f   Nat\u00fcrlich  Hohe Qualit\u00e4t  Direkt aus dem indischen Himalaya!  100% vegan   Inhalt: 60 Kapseln  1 Packung ist ausreichend f\u00fcr 1 - 2 Monate Gebrauch","og_url":"https:\/\/devaharmony.com\/de\/speichern\/pure-shilajeet-60-kapseln\/","og_site_name":"Deva Harmony Polen","article_modified_time":"2026-04-04T22:01:39+00:00","og_image":[{"width":800,"height":1200,"url":"https:\/\/devaharmony.com\/de\/wp-content\/uploads\/2024\/10\/shilajeet-1.png","type":"image\/png"}],"twitter_card":"summary_large_image","twitter_misc":{"Gesch\u00e4tzte Lesezeit":"2\u00a0Minuten"},"schema":{"@context":"https:\/\/schema.org","@graph":[{"@type":"WebPage","@id":"https:\/\/devaharmony.com\/de\/speichern\/pure-shilajeet-60-kapseln\/","url":"https:\/\/devaharmony.com\/de\/speichern\/pure-shilajeet-60-kapseln\/","name":"Pure Shilajeet - 60 Kapseln - Deva Harmony Polen","isPartOf":{"@id":"https:\/\/devaharmony.com\/de\/#website"},"primaryImageOfPage":{"@id":"https:\/\/devaharmony.com\/de\/speichern\/pure-shilajeet-60-kapseln\/#primaryimage"},"image":{"@id":"https:\/\/devaharmony.com\/de\/speichern\/pure-shilajeet-60-kapseln\/#primaryimage"},"thumbnailUrl":"https:\/\/devaharmony.com\/de\/wp-content\/uploads\/2024\/10\/shilajeet-1.png","datePublished":"2024-10-04T06:27:04+00:00","dateModified":"2026-04-04T22:01:39+00:00","breadcrumb":{"@id":"https:\/\/devaharmony.com\/de\/speichern\/pure-shilajeet-60-kapseln\/#breadcrumb"},"inLanguage":"de","potentialAction":[{"@type":"ReadAction","target":["https:\/\/devaharmony.com\/de\/speichern\/pure-shilajeet-60-kapseln\/"]}]},{"@type":"ImageObject","inLanguage":"de","@id":"https:\/\/devaharmony.com\/de\/speichern\/pure-shilajeet-60-kapseln\/#primaryimage","url":"https:\/\/devaharmony.com\/de\/wp-content\/uploads\/2024\/10\/shilajeet-1.png","contentUrl":"https:\/\/devaharmony.com\/de\/wp-content\/uploads\/2024\/10\/shilajeet-1.png","width":800,"height":1200},{"@type":"BreadcrumbList","@id":"https:\/\/devaharmony.com\/de\/speichern\/pure-shilajeet-60-kapseln\/#breadcrumb","itemListElement":[{"@type":"ListItem","position":1,"name":"Home","item":"https:\/\/devaharmony.com\/de\/"},{"@type":"ListItem","position":2,"name":"Ayurvedische Produkte","item":"https:\/\/devaharmony.com\/de\/ayurvedische-produkte\/"},{"@type":"ListItem","position":3,"name":"Pure Shilajeet &#8211; 60 Kapseln"}]},{"@type":"WebSite","@id":"https:\/\/devaharmony.com\/de\/#website","url":"https:\/\/devaharmony.com\/de\/","name":"Deva Harmony Polen","description":"Ayurvedische Nahrungserg\u00e4nzungsmittel","potentialAction":[{"@type":"SearchAction","target":{"@type":"EntryPoint","urlTemplate":"https:\/\/devaharmony.com\/de\/?s={search_term_string}"},"query-input":"required name=search_term_string"}],"inLanguage":"de"}]}},"_links":{"self":[{"href":"https:\/\/devaharmony.com\/de\/wp-json\/wp\/v2\/product\/22657"}],"collection":[{"href":"https:\/\/devaharmony.com\/de\/wp-json\/wp\/v2\/product"}],"about":[{"href":"https:\/\/devaharmony.com\/de\/wp-json\/wp\/v2\/types\/product"}],"wp:featuredmedia":[{"embeddable":true,"href":"https:\/\/devaharmony.com\/de\/wp-json\/wp\/v2\/media\/22656"}],"wp:attachment":[{"href":"https:\/\/devaharmony.com\/de\/wp-json\/wp\/v2\/media?parent=22657"}],"wp:term":[{"taxonomy":"product_cat","embeddable":true,"href":"https:\/\/devaharmony.com\/de\/wp-json\/wp\/v2\/product_cat?post=22657"},{"taxonomy":"product_tag","embeddable":true,"href":"https:\/\/devaharmony.com\/de\/wp-json\/wp\/v2\/product_tag?post=22657"}],"curies":[{"name":"wp","href":"https:\/\/api.w.org\/{rel}","templated":true}]}}