{"id":22632,"date":"2024-09-04T07:58:07","date_gmt":"2024-09-04T06:58:07","guid":{"rendered":"https:\/\/devaharmony.com\/de\/speichern\/sattva-arjuna-60-kapseln\/"},"modified":"2026-03-18T21:50:43","modified_gmt":"2026-03-18T20:50:43","slug":"sattva-arjuna-60-kapseln","status":"publish","type":"product","link":"https:\/\/devaharmony.com\/de\/speichern\/sattva-arjuna-60-kapseln\/","title":{"rendered":"Sattva Arjuna &#8211; 60 Kapseln"},"content":{"rendered":"<p>Arjuna unterst\u00fctzt die kardiovaskul\u00e4re Gesundheit.<\/p>\n<p><\/p>\n<p><\/p>\n<p><b>100% veganes Produkt \u2728<\/b><\/p>\n<p><b><br \/><\/b><\/p>\n<p><b><br \/><\/b><\/p>\n<p><b>Empfohlene Tagesdosis: <\/b>1 Kapsel<\/p>\n<p><\/p>\n<p><b>Inhalt:<\/b> 60 Kapseln<\/p>\n<p><\/p>\n<p><b>Hersteller:<\/b> Sattva Ayurveda Ltd.<\/p>\n<p><\/p>\n<p><b>Herkunftsland:<\/b> Indien<\/p>\n<p><\/p>\n<p>&nbsp;<\/p>\n<p><\/p>\n<p>*Die empfohlene Tagesdosis darf nicht \u00fcberschritten werden. Das Nahrungserg\u00e4nzungsmittel sollte nicht als Ersatz f\u00fcr eine abwechslungsreiche Ern\u00e4hrung verwendet werden. Es sollte auf eine gesunde Lebensweise und eine ausgewogene Ern\u00e4hrung geachtet werden. Nicht verwenden bei \u00dcberempfindlichkeit gegen Bestandteile des Pr\u00e4parats. Das Pr\u00e4parat ist nicht f\u00fcr schwangere oder stillende Frauen und Kinder bestimmt. Das Pr\u00e4parat sollte nicht zusammen mit Beruhigungs-, Schlaf- und Antiepileptika eingenommen werden.<\/p>\n<p>&nbsp;<\/p>\n<p><\/p>\n<p>*Nicht-GVO-Produkt.<\/p>\n<p>&nbsp;<\/p>\n<p><\/p>\n<p>*Au\u00dferhalb der Reichweite von kleinen Kindern aufbewahren. Vor Licht und Feuchtigkeit sch\u00fctzen.<\/p>\n<p>&nbsp;<\/p>\n<p><\/p>\n<p>*Bei dem beschriebenen Produkt handelt es sich um ein Nahrungserg\u00e4nzungsmittel, nicht um ein Arzneimittel, dem die Eigenschaften der Vorbeugung oder Behandlung menschlicher Krankheiten zugeschrieben werden.<\/p>\n<p>&nbsp;<\/p>\n<p><\/p>\n<p>*Bei der Einnahme von pflanzlichen Pr\u00e4paraten ist es ratsam, einen Arzt oder Apotheker zu konsultieren, da die Wahl des richtigen pflanzlichen Pr\u00e4parats ebenso viel Wissen erfordert wie die eines chemischen Pr\u00e4parats. Es ist wichtig, daran zu denken, dass pflanzliche Zubereitungen mit den von Ihnen eingenommenen Arzneimitteln in Wechselwirkung treten k\u00f6nnen und ein Gesundheitsrisiko darstellen k\u00f6nnen. Einige pflanzliche Zubereitungen k\u00f6nnen starke Wirkungen hervorrufen, daher ist es wichtig, alle Empfehlungen und Einschr\u00e4nkungen des Herstellers zu beachten.<\/p>\n","protected":false},"excerpt":{"rendered":"<p><b>Arjuna &#8211; Herz-Kreislauf-System \u2728<\/b><\/p>\n<p><\/p>\n<p>Arjuna tr\u00e4gt dazu bei, das Herz-Kreislauf-System ausgeglichen und gesund zu halten.<\/p>\n<p><\/p>\n<p><b>100% vegan \u2728<\/b><\/p>\n<p><\/p>\n<p><b>Inhalt: <\/b><span style=\"color: var(--gray-800)\">60 Kapseln<\/span><\/p>\n<p><\/p>\n<p><b>1 Packung ist ausreichend f\u00fcr eine 2-monatige Einnahme<\/b><\/p>\n","protected":false},"featured_media":22631,"template":"","meta":[],"product_cat":[666],"product_tag":[],"class_list":{"0":"post-22632","1":"product","2":"type-product","3":"status-publish","4":"has-post-thumbnail","6":"product_cat-ayurvedische-erganzungen","8":"first","9":"instock","10":"taxable","11":"shipping-taxable","12":"purchasable","13":"product-type-simple","14":"add-to-wishlist-before_image"},"acf":{"ilosc_sztuk_w_pudelku":"","ilosc_pudelek_w_kartonie":"","wykluczyc_z_szybkich_zakupow":["default"]},"yoast_head":"<!-- This site is optimized with the Yoast SEO plugin v23.1 - https:\/\/yoast.com\/wordpress\/plugins\/seo\/ -->\n<title>Sattva Arjuna - 60 Kapseln - Deva Harmony Polen<\/title>\n<meta name=\"robots\" content=\"index, follow, max-snippet:-1, max-image-preview:large, max-video-preview:-1\" \/>\n<link rel=\"canonical\" href=\"https:\/\/devaharmony.com\/de\/speichern\/sattva-arjuna-60-kapseln\/\" \/>\n<meta property=\"og:locale\" content=\"de_DE\" \/>\n<meta property=\"og:type\" content=\"article\" \/>\n<meta property=\"og:title\" content=\"Sattva Arjuna - 60 Kapseln - Deva Harmony Polen\" \/>\n<meta property=\"og:description\" content=\"Arjuna - Herz-Kreislauf-System \u2728Arjuna tr\u00e4gt dazu bei, das Herz-Kreislauf-System ausgeglichen und gesund zu halten.100% vegan \u2728Inhalt: 60 Kapseln1 Packung ist ausreichend f\u00fcr eine 2-monatige Einnahme\" \/>\n<meta property=\"og:url\" content=\"https:\/\/devaharmony.com\/de\/speichern\/sattva-arjuna-60-kapseln\/\" \/>\n<meta property=\"og:site_name\" content=\"Deva Harmony Polen\" \/>\n<meta property=\"article:modified_time\" content=\"2026-03-18T20:50:43+00:00\" \/>\n<meta property=\"og:image\" content=\"https:\/\/devaharmony.com\/de\/wp-content\/uploads\/2024\/09\/77a7a73ab292b0977fbf5dca31f73439.jpg\" \/>\n\t<meta property=\"og:image:width\" content=\"800\" \/>\n\t<meta property=\"og:image:height\" content=\"1200\" \/>\n\t<meta property=\"og:image:type\" content=\"image\/jpeg\" \/>\n<meta name=\"twitter:card\" content=\"summary_large_image\" \/>\n<meta name=\"twitter:label1\" content=\"Gesch\u00e4tzte Lesezeit\" \/>\n\t<meta name=\"twitter:data1\" content=\"1\u00a0Minute\" \/>\n<script type=\"application\/ld+json\" class=\"yoast-schema-graph\">{\"@context\":\"https:\/\/schema.org\",\"@graph\":[{\"@type\":\"WebPage\",\"@id\":\"https:\/\/devaharmony.com\/de\/speichern\/sattva-arjuna-60-kapseln\/\",\"url\":\"https:\/\/devaharmony.com\/de\/speichern\/sattva-arjuna-60-kapseln\/\",\"name\":\"Sattva Arjuna - 60 Kapseln - Deva Harmony Polen\",\"isPartOf\":{\"@id\":\"https:\/\/devaharmony.com\/de\/#website\"},\"primaryImageOfPage\":{\"@id\":\"https:\/\/devaharmony.com\/de\/speichern\/sattva-arjuna-60-kapseln\/#primaryimage\"},\"image\":{\"@id\":\"https:\/\/devaharmony.com\/de\/speichern\/sattva-arjuna-60-kapseln\/#primaryimage\"},\"thumbnailUrl\":\"https:\/\/devaharmony.com\/de\/wp-content\/uploads\/2024\/09\/77a7a73ab292b0977fbf5dca31f73439.jpg\",\"datePublished\":\"2024-09-04T06:58:07+00:00\",\"dateModified\":\"2026-03-18T20:50:43+00:00\",\"breadcrumb\":{\"@id\":\"https:\/\/devaharmony.com\/de\/speichern\/sattva-arjuna-60-kapseln\/#breadcrumb\"},\"inLanguage\":\"de\",\"potentialAction\":[{\"@type\":\"ReadAction\",\"target\":[\"https:\/\/devaharmony.com\/de\/speichern\/sattva-arjuna-60-kapseln\/\"]}]},{\"@type\":\"ImageObject\",\"inLanguage\":\"de\",\"@id\":\"https:\/\/devaharmony.com\/de\/speichern\/sattva-arjuna-60-kapseln\/#primaryimage\",\"url\":\"https:\/\/devaharmony.com\/de\/wp-content\/uploads\/2024\/09\/77a7a73ab292b0977fbf5dca31f73439.jpg\",\"contentUrl\":\"https:\/\/devaharmony.com\/de\/wp-content\/uploads\/2024\/09\/77a7a73ab292b0977fbf5dca31f73439.jpg\",\"width\":800,\"height\":1200},{\"@type\":\"BreadcrumbList\",\"@id\":\"https:\/\/devaharmony.com\/de\/speichern\/sattva-arjuna-60-kapseln\/#breadcrumb\",\"itemListElement\":[{\"@type\":\"ListItem\",\"position\":1,\"name\":\"Home\",\"item\":\"https:\/\/devaharmony.com\/de\/\"},{\"@type\":\"ListItem\",\"position\":2,\"name\":\"Ayurvedische Produkte\",\"item\":\"https:\/\/devaharmony.com\/de\/ayurvedische-produkte\/\"},{\"@type\":\"ListItem\",\"position\":3,\"name\":\"Sattva Arjuna &#8211; 60 Kapseln\"}]},{\"@type\":\"WebSite\",\"@id\":\"https:\/\/devaharmony.com\/de\/#website\",\"url\":\"https:\/\/devaharmony.com\/de\/\",\"name\":\"Deva Harmony Polen\",\"description\":\"Ayurvedische Nahrungserg\u00e4nzungsmittel\",\"potentialAction\":[{\"@type\":\"SearchAction\",\"target\":{\"@type\":\"EntryPoint\",\"urlTemplate\":\"https:\/\/devaharmony.com\/de\/?s={search_term_string}\"},\"query-input\":\"required name=search_term_string\"}],\"inLanguage\":\"de\"}]}<\/script>\n<!-- \/ Yoast SEO plugin. -->","yoast_head_json":{"title":"Sattva Arjuna - 60 Kapseln - Deva Harmony Polen","robots":{"index":"index","follow":"follow","max-snippet":"max-snippet:-1","max-image-preview":"max-image-preview:large","max-video-preview":"max-video-preview:-1"},"canonical":"https:\/\/devaharmony.com\/de\/speichern\/sattva-arjuna-60-kapseln\/","og_locale":"de_DE","og_type":"article","og_title":"Sattva Arjuna - 60 Kapseln - Deva Harmony Polen","og_description":"Arjuna - Herz-Kreislauf-System \u2728Arjuna tr\u00e4gt dazu bei, das Herz-Kreislauf-System ausgeglichen und gesund zu halten.100% vegan \u2728Inhalt: 60 Kapseln1 Packung ist ausreichend f\u00fcr eine 2-monatige Einnahme","og_url":"https:\/\/devaharmony.com\/de\/speichern\/sattva-arjuna-60-kapseln\/","og_site_name":"Deva Harmony Polen","article_modified_time":"2026-03-18T20:50:43+00:00","og_image":[{"width":800,"height":1200,"url":"https:\/\/devaharmony.com\/de\/wp-content\/uploads\/2024\/09\/77a7a73ab292b0977fbf5dca31f73439.jpg","type":"image\/jpeg"}],"twitter_card":"summary_large_image","twitter_misc":{"Gesch\u00e4tzte Lesezeit":"1\u00a0Minute"},"schema":{"@context":"https:\/\/schema.org","@graph":[{"@type":"WebPage","@id":"https:\/\/devaharmony.com\/de\/speichern\/sattva-arjuna-60-kapseln\/","url":"https:\/\/devaharmony.com\/de\/speichern\/sattva-arjuna-60-kapseln\/","name":"Sattva Arjuna - 60 Kapseln - Deva Harmony Polen","isPartOf":{"@id":"https:\/\/devaharmony.com\/de\/#website"},"primaryImageOfPage":{"@id":"https:\/\/devaharmony.com\/de\/speichern\/sattva-arjuna-60-kapseln\/#primaryimage"},"image":{"@id":"https:\/\/devaharmony.com\/de\/speichern\/sattva-arjuna-60-kapseln\/#primaryimage"},"thumbnailUrl":"https:\/\/devaharmony.com\/de\/wp-content\/uploads\/2024\/09\/77a7a73ab292b0977fbf5dca31f73439.jpg","datePublished":"2024-09-04T06:58:07+00:00","dateModified":"2026-03-18T20:50:43+00:00","breadcrumb":{"@id":"https:\/\/devaharmony.com\/de\/speichern\/sattva-arjuna-60-kapseln\/#breadcrumb"},"inLanguage":"de","potentialAction":[{"@type":"ReadAction","target":["https:\/\/devaharmony.com\/de\/speichern\/sattva-arjuna-60-kapseln\/"]}]},{"@type":"ImageObject","inLanguage":"de","@id":"https:\/\/devaharmony.com\/de\/speichern\/sattva-arjuna-60-kapseln\/#primaryimage","url":"https:\/\/devaharmony.com\/de\/wp-content\/uploads\/2024\/09\/77a7a73ab292b0977fbf5dca31f73439.jpg","contentUrl":"https:\/\/devaharmony.com\/de\/wp-content\/uploads\/2024\/09\/77a7a73ab292b0977fbf5dca31f73439.jpg","width":800,"height":1200},{"@type":"BreadcrumbList","@id":"https:\/\/devaharmony.com\/de\/speichern\/sattva-arjuna-60-kapseln\/#breadcrumb","itemListElement":[{"@type":"ListItem","position":1,"name":"Home","item":"https:\/\/devaharmony.com\/de\/"},{"@type":"ListItem","position":2,"name":"Ayurvedische Produkte","item":"https:\/\/devaharmony.com\/de\/ayurvedische-produkte\/"},{"@type":"ListItem","position":3,"name":"Sattva Arjuna &#8211; 60 Kapseln"}]},{"@type":"WebSite","@id":"https:\/\/devaharmony.com\/de\/#website","url":"https:\/\/devaharmony.com\/de\/","name":"Deva Harmony Polen","description":"Ayurvedische Nahrungserg\u00e4nzungsmittel","potentialAction":[{"@type":"SearchAction","target":{"@type":"EntryPoint","urlTemplate":"https:\/\/devaharmony.com\/de\/?s={search_term_string}"},"query-input":"required name=search_term_string"}],"inLanguage":"de"}]}},"_links":{"self":[{"href":"https:\/\/devaharmony.com\/de\/wp-json\/wp\/v2\/product\/22632"}],"collection":[{"href":"https:\/\/devaharmony.com\/de\/wp-json\/wp\/v2\/product"}],"about":[{"href":"https:\/\/devaharmony.com\/de\/wp-json\/wp\/v2\/types\/product"}],"wp:featuredmedia":[{"embeddable":true,"href":"https:\/\/devaharmony.com\/de\/wp-json\/wp\/v2\/media\/22631"}],"wp:attachment":[{"href":"https:\/\/devaharmony.com\/de\/wp-json\/wp\/v2\/media?parent=22632"}],"wp:term":[{"taxonomy":"product_cat","embeddable":true,"href":"https:\/\/devaharmony.com\/de\/wp-json\/wp\/v2\/product_cat?post=22632"},{"taxonomy":"product_tag","embeddable":true,"href":"https:\/\/devaharmony.com\/de\/wp-json\/wp\/v2\/product_tag?post=22632"}],"curies":[{"name":"wp","href":"https:\/\/api.w.org\/{rel}","templated":true}]}}