{"id":22532,"date":"2024-03-13T11:32:57","date_gmt":"2024-03-13T10:32:57","guid":{"rendered":"https:\/\/devaharmony.com\/de\/speichern\/ashwagandha-120-tabletten\/"},"modified":"2026-03-31T10:14:28","modified_gmt":"2026-03-31T09:14:28","slug":"ashwagandha-120-tabletten","status":"publish","type":"product","link":"https:\/\/devaharmony.com\/de\/speichern\/ashwagandha-120-tabletten\/","title":{"rendered":"Ashwagandha &#8211; 120 Tabletten"},"content":{"rendered":"<p>Das Ashwagandha-Kraut wird seit der Antike verwendet, und Jiva Ayurveda versucht, dieses Erbe fortzusetzen. Jiva Ashwagandha-Tabletten werden aus reinem Ashwagandha-Wurzelextrakt hergestellt, der einen als &#8220;Withanolid&#8221; bekannten Wirkstoff enth\u00e4lt. Sie enthalten auch essentielle N\u00e4hrstoffe wie Aminos\u00e4uren, Antioxidantien und Eisen. Dieses wirksame Kraut gleicht die Doshas Kapha und Vata aus und sorgt f\u00fcr ein allgemeines Wohlbefinden von K\u00f6rper und Geist.<\/p>\n<p>Ashwagandha ist eines der besten, weithin bekannten und bew\u00e4hrten Adaptogene &#8211; d. h. Kr\u00e4uter, die K\u00f6rper und Geist dabei helfen, sich an die Umgebungsbedingungen anzupassen, wodurch Stress und Angst im Geist des K\u00f6rpers reduziert werden.<\/p>\n<p>Es st\u00e4rkt das Immunsystem, reduziert Stress und \u00c4ngste und verbessert so die Lebensqualit\u00e4t. \u00dcber einen l\u00e4ngeren Zeitraum eingenommen, soll Ashwagandha &#8220;Pferdest\u00e4rken&#8221; verleihen und zu mehr Kraft, Energie, Vitalit\u00e4t und Fruchtbarkeit beitragen. Es ist auch wirksam bei Schlaflosigkeit, Bluthochdruck und Nierenbeschwerden.<\/p>\n<p>Ashwagandha ist eines der m\u00e4chtigsten Rasayanas, die im alten Indien bekannt sind. Es hilft bei der Verj\u00fcngung und Heilung von K\u00f6rper und Geist. Ashwagandha wird seit Jahrhunderten als Heilmittel f\u00fcr allt\u00e4gliche Beschwerden wie Stress, Angstzust\u00e4nde, Ersch\u00f6pfung, Schlafmangel usw. verwendet. Ashwagandha st\u00e4rkt das Nervensystem und ist bekannt daf\u00fcr, dass es ruhig und gelassen macht. Die harntreibenden, aphrodisierenden und immunmodulatorischen Eigenschaften dieses Krauts befreien von Nierenbeschwerden und Infektionen und bringen neuen Schwung in Ihr Leben.<\/p>\n<p>Ashwagandha-Tabletten sind ein beliebtes pflanzliches Produkt, das die M\u00fcdigkeit in Ihrem K\u00f6rper bek\u00e4mpft und das Auftreten vieler Probleme mit sexuellen Obert\u00f6nen verhindert. Vitania Tr\u00e4gheit ist ein nat\u00fcrlicher Erg\u00e4nzungsstoff, der umfassend in vielen Bereichen der K\u00f6rperfunktionen wirkt. Ashwagandha-Tabletten werden bei Arthritis, Bluthochdruck oder auch Diabetes empfohlen. Das Produkt weist auch ausdauerf\u00f6rdernde Eigenschaften auf.<\/p>\n<p>Unser Shop bietet wirksame und bew\u00e4hrte Ashwagandha-Tabletten an. Greifen Sie auch in Krisensituationen zu ihnen, wenn Ihr Leben von Stress und Krankheiten beherrscht wird, die durch eine solche Reaktion des Nervensystems verursacht werden. Ashwagandha beseitigt die Symptome von M\u00fcdigkeit und hilft bei der Behandlung zahlreicher Erkrankungen, einschlie\u00dflich Bluthochdruck. Ashwagandha-Tabletten sind wirksam bei der Bek\u00e4mpfung von Arthritis, und dank des Gehalts an geeigneten Inhaltsstoffen beugt das Pr\u00e4parat au\u00dferdem dem Auftreten von vorzeitigen Alterungsprozessen vor. Die Ashwagandha-Tabletten von Jiva wirken auf den menschlichen K\u00f6rper wie eine sch\u00fctzende Barriere, die f\u00fcr die Immunit\u00e4t sorgt und umfassend vor sch\u00e4dlichen \u00e4u\u00dferen Faktoren sch\u00fctzt.<\/p>\n<p><b>100% veganes Produkt<\/b><\/p>\n<p><b>Empfohlene Tagesdosis: <\/b>2 Tabletten<\/p>\n<p><b>Inhalt<\/b>: 120 Tabletten<\/p>\n<p><b>Marke<\/b>: JIVA Ayurvedische Apotheke Ltd.<\/p>\n<p><b>Herkunftsland<\/b>: Indien<\/p>\n<p>*Die empfohlene t\u00e4gliche Verzehrsmenge darf nicht \u00fcberschritten werden. Das Nahrungserg\u00e4nzungsmittel sollte nicht als Ersatz f\u00fcr eine abwechslungsreiche Ern\u00e4hrung verwendet werden. Achten Sie auf eine gesunde Lebensweise und eine ausgewogene Ern\u00e4hrung. Nicht verwenden bei \u00dcberempfindlichkeit gegen\u00fcber den Inhaltsstoffen des Pr\u00e4parats. Das Produkt ist nicht f\u00fcr schwangere oder stillende Frauen und Kinder bestimmt.<\/p>\n<p>*Au\u00dferhalb der Reichweite von Kleinkindern aufbewahren. Vor Licht und Feuchtigkeit sch\u00fctzen.<\/p>\n<p>*Bei dem beschriebenen Produkt handelt es sich um ein Nahrungserg\u00e4nzungsmittel, nicht um ein Arzneimittel zur Vorbeugung oder Behandlung menschlicher Krankheiten.<\/p>\n<p>*Bei der Einnahme von pflanzlichen Pr\u00e4paraten ist es am besten, einen Arzt oder Apotheker zu konsultieren, da die Wahl des richtigen pflanzlichen Pr\u00e4parats ebenso viel Wissen erfordert wie die eines chemischen Pr\u00e4parats. Es ist wichtig, daran zu denken, dass pflanzliche Zubereitungen mit Medikamenten, die Sie einnehmen, in Wechselwirkung treten und Gesundheitsrisiken bergen k\u00f6nnen. Einige pflanzliche Pr\u00e4parate k\u00f6nnen starke Wirkungen hervorrufen, daher ist es wichtig, alle Empfehlungen und Einschr\u00e4nkungen des Herstellers zu beachten. Stillende M\u00fctter und schwangere Frauen m\u00fcssen bei der Einnahme besonders vorsichtig sein.<\/p>\n","protected":false},"excerpt":{"rendered":"<p><b>Revitalisieren Sie K\u00f6rper und Geist mit dem besten Adaptogen \u2600\ufe0f<\/b><\/p>\n<ul>\n<li>\u00a0\u00a0\u00a0 Erh\u00f6ht die Vitalit\u00e4t<\/li>\n<li>\u00a0\u00a0\u00a0 Unterst\u00fctzt ein gesundes Immunsystem<\/li>\n<li>\u00a0\u00a0\u00a0 Steigert das Energieniveau und das Durchhalteverm\u00f6gen<\/li>\n<li>\u00a0\u00a0\u00a0 St\u00e4rkt das Nervensystem<\/li>\n<li>\u00a0\u00a0\u00a0 Reduziert Stress und Angstzust\u00e4nde<\/li>\n<li>\u00a0\u00a0\u00a0 F\u00f6rdert ein gesundes Schlafverhalten<\/li>\n<\/ul>\n<p><b>100% veganes Produkt<\/b><\/p>\n<p><b>Inhalt<\/b>: 120 Tabletten<\/p>\n<p><b>1 Packung reicht f\u00fcr 2 Monate bei regelm\u00e4\u00dfiger Einnahme.<\/b><\/p>\n","protected":false},"featured_media":22531,"template":"","meta":[],"product_cat":[680],"product_tag":[],"class_list":{"0":"post-22532","1":"product","2":"type-product","3":"status-publish","4":"has-post-thumbnail","6":"product_cat-krautertabletten-und-kapseln","8":"first","9":"instock","10":"taxable","11":"shipping-taxable","12":"purchasable","13":"product-type-simple","14":"add-to-wishlist-before_image"},"acf":{"ilosc_sztuk_w_pudelku":"","ilosc_pudelek_w_kartonie":"","wykluczyc_z_szybkich_zakupow":""},"yoast_head":"<!-- This site is optimized with the Yoast SEO plugin v23.1 - https:\/\/yoast.com\/wordpress\/plugins\/seo\/ -->\n<title>Ashwagandha - 120 Tabletten - Deva Harmony Polen<\/title>\n<meta name=\"robots\" content=\"index, follow, max-snippet:-1, max-image-preview:large, max-video-preview:-1\" \/>\n<link rel=\"canonical\" href=\"https:\/\/devaharmony.com\/de\/speichern\/ashwagandha-120-tabletten\/\" \/>\n<meta property=\"og:locale\" content=\"de_DE\" \/>\n<meta property=\"og:type\" content=\"article\" \/>\n<meta property=\"og:title\" content=\"Ashwagandha - 120 Tabletten - Deva Harmony Polen\" \/>\n<meta property=\"og:description\" content=\"Revitalisieren Sie K\u00f6rper und Geist mit dem besten Adaptogen \u2600\ufe0f   \u00a0\u00a0\u00a0 Erh\u00f6ht die Vitalit\u00e4t  \u00a0\u00a0\u00a0 Unterst\u00fctzt ein gesundes Immunsystem  \u00a0\u00a0\u00a0 Steigert das Energieniveau und das Durchhalteverm\u00f6gen  \u00a0\u00a0\u00a0 St\u00e4rkt das Nervensystem  \u00a0\u00a0\u00a0 Reduziert Stress und Angstzust\u00e4nde  \u00a0\u00a0\u00a0 F\u00f6rdert ein gesundes Schlafverhalten  100% veganes Produkt  Inhalt: 120 Tabletten  1 Packung reicht f\u00fcr 2 Monate bei regelm\u00e4\u00dfiger Einnahme.\" \/>\n<meta property=\"og:url\" content=\"https:\/\/devaharmony.com\/de\/speichern\/ashwagandha-120-tabletten\/\" \/>\n<meta property=\"og:site_name\" content=\"Deva Harmony Polen\" \/>\n<meta property=\"article:modified_time\" content=\"2026-03-31T09:14:28+00:00\" \/>\n<meta name=\"twitter:card\" content=\"summary_large_image\" \/>\n<meta name=\"twitter:label1\" content=\"Gesch\u00e4tzte Lesezeit\" \/>\n\t<meta name=\"twitter:data1\" content=\"3\u00a0Minuten\" \/>\n<script type=\"application\/ld+json\" class=\"yoast-schema-graph\">{\"@context\":\"https:\/\/schema.org\",\"@graph\":[{\"@type\":\"WebPage\",\"@id\":\"https:\/\/devaharmony.com\/de\/speichern\/ashwagandha-120-tabletten\/\",\"url\":\"https:\/\/devaharmony.com\/de\/speichern\/ashwagandha-120-tabletten\/\",\"name\":\"Ashwagandha - 120 Tabletten - Deva Harmony Polen\",\"isPartOf\":{\"@id\":\"https:\/\/devaharmony.com\/de\/#website\"},\"primaryImageOfPage\":{\"@id\":\"https:\/\/devaharmony.com\/de\/speichern\/ashwagandha-120-tabletten\/#primaryimage\"},\"image\":{\"@id\":\"https:\/\/devaharmony.com\/de\/speichern\/ashwagandha-120-tabletten\/#primaryimage\"},\"thumbnailUrl\":\"https:\/\/devaharmony.com\/de\/wp-content\/uploads\/2024\/03\/Ashwagandha-\u2013-120-tabletek.webp\",\"datePublished\":\"2024-03-13T10:32:57+00:00\",\"dateModified\":\"2026-03-31T09:14:28+00:00\",\"breadcrumb\":{\"@id\":\"https:\/\/devaharmony.com\/de\/speichern\/ashwagandha-120-tabletten\/#breadcrumb\"},\"inLanguage\":\"de\",\"potentialAction\":[{\"@type\":\"ReadAction\",\"target\":[\"https:\/\/devaharmony.com\/de\/speichern\/ashwagandha-120-tabletten\/\"]}]},{\"@type\":\"ImageObject\",\"inLanguage\":\"de\",\"@id\":\"https:\/\/devaharmony.com\/de\/speichern\/ashwagandha-120-tabletten\/#primaryimage\",\"url\":\"https:\/\/devaharmony.com\/de\/wp-content\/uploads\/2024\/03\/Ashwagandha-\u2013-120-tabletek.webp\",\"contentUrl\":\"https:\/\/devaharmony.com\/de\/wp-content\/uploads\/2024\/03\/Ashwagandha-\u2013-120-tabletek.webp\",\"width\":800,\"height\":1200},{\"@type\":\"BreadcrumbList\",\"@id\":\"https:\/\/devaharmony.com\/de\/speichern\/ashwagandha-120-tabletten\/#breadcrumb\",\"itemListElement\":[{\"@type\":\"ListItem\",\"position\":1,\"name\":\"Home\",\"item\":\"https:\/\/devaharmony.com\/de\/\"},{\"@type\":\"ListItem\",\"position\":2,\"name\":\"Ayurvedische Produkte\",\"item\":\"https:\/\/devaharmony.com\/de\/ayurvedische-produkte\/\"},{\"@type\":\"ListItem\",\"position\":3,\"name\":\"Ashwagandha &#8211; 120 Tabletten\"}]},{\"@type\":\"WebSite\",\"@id\":\"https:\/\/devaharmony.com\/de\/#website\",\"url\":\"https:\/\/devaharmony.com\/de\/\",\"name\":\"Deva Harmony Polen\",\"description\":\"Ayurvedische Nahrungserg\u00e4nzungsmittel\",\"potentialAction\":[{\"@type\":\"SearchAction\",\"target\":{\"@type\":\"EntryPoint\",\"urlTemplate\":\"https:\/\/devaharmony.com\/de\/?s={search_term_string}\"},\"query-input\":\"required name=search_term_string\"}],\"inLanguage\":\"de\"}]}<\/script>\n<!-- \/ Yoast SEO plugin. -->","yoast_head_json":{"title":"Ashwagandha - 120 Tabletten - Deva Harmony Polen","robots":{"index":"index","follow":"follow","max-snippet":"max-snippet:-1","max-image-preview":"max-image-preview:large","max-video-preview":"max-video-preview:-1"},"canonical":"https:\/\/devaharmony.com\/de\/speichern\/ashwagandha-120-tabletten\/","og_locale":"de_DE","og_type":"article","og_title":"Ashwagandha - 120 Tabletten - Deva Harmony Polen","og_description":"Revitalisieren Sie K\u00f6rper und Geist mit dem besten Adaptogen \u2600\ufe0f   \u00a0\u00a0\u00a0 Erh\u00f6ht die Vitalit\u00e4t  \u00a0\u00a0\u00a0 Unterst\u00fctzt ein gesundes Immunsystem  \u00a0\u00a0\u00a0 Steigert das Energieniveau und das Durchhalteverm\u00f6gen  \u00a0\u00a0\u00a0 St\u00e4rkt das Nervensystem  \u00a0\u00a0\u00a0 Reduziert Stress und Angstzust\u00e4nde  \u00a0\u00a0\u00a0 F\u00f6rdert ein gesundes Schlafverhalten  100% veganes Produkt  Inhalt: 120 Tabletten  1 Packung reicht f\u00fcr 2 Monate bei regelm\u00e4\u00dfiger Einnahme.","og_url":"https:\/\/devaharmony.com\/de\/speichern\/ashwagandha-120-tabletten\/","og_site_name":"Deva Harmony Polen","article_modified_time":"2026-03-31T09:14:28+00:00","twitter_card":"summary_large_image","twitter_misc":{"Gesch\u00e4tzte Lesezeit":"3\u00a0Minuten"},"schema":{"@context":"https:\/\/schema.org","@graph":[{"@type":"WebPage","@id":"https:\/\/devaharmony.com\/de\/speichern\/ashwagandha-120-tabletten\/","url":"https:\/\/devaharmony.com\/de\/speichern\/ashwagandha-120-tabletten\/","name":"Ashwagandha - 120 Tabletten - Deva Harmony Polen","isPartOf":{"@id":"https:\/\/devaharmony.com\/de\/#website"},"primaryImageOfPage":{"@id":"https:\/\/devaharmony.com\/de\/speichern\/ashwagandha-120-tabletten\/#primaryimage"},"image":{"@id":"https:\/\/devaharmony.com\/de\/speichern\/ashwagandha-120-tabletten\/#primaryimage"},"thumbnailUrl":"https:\/\/devaharmony.com\/de\/wp-content\/uploads\/2024\/03\/Ashwagandha-\u2013-120-tabletek.webp","datePublished":"2024-03-13T10:32:57+00:00","dateModified":"2026-03-31T09:14:28+00:00","breadcrumb":{"@id":"https:\/\/devaharmony.com\/de\/speichern\/ashwagandha-120-tabletten\/#breadcrumb"},"inLanguage":"de","potentialAction":[{"@type":"ReadAction","target":["https:\/\/devaharmony.com\/de\/speichern\/ashwagandha-120-tabletten\/"]}]},{"@type":"ImageObject","inLanguage":"de","@id":"https:\/\/devaharmony.com\/de\/speichern\/ashwagandha-120-tabletten\/#primaryimage","url":"https:\/\/devaharmony.com\/de\/wp-content\/uploads\/2024\/03\/Ashwagandha-\u2013-120-tabletek.webp","contentUrl":"https:\/\/devaharmony.com\/de\/wp-content\/uploads\/2024\/03\/Ashwagandha-\u2013-120-tabletek.webp","width":800,"height":1200},{"@type":"BreadcrumbList","@id":"https:\/\/devaharmony.com\/de\/speichern\/ashwagandha-120-tabletten\/#breadcrumb","itemListElement":[{"@type":"ListItem","position":1,"name":"Home","item":"https:\/\/devaharmony.com\/de\/"},{"@type":"ListItem","position":2,"name":"Ayurvedische Produkte","item":"https:\/\/devaharmony.com\/de\/ayurvedische-produkte\/"},{"@type":"ListItem","position":3,"name":"Ashwagandha &#8211; 120 Tabletten"}]},{"@type":"WebSite","@id":"https:\/\/devaharmony.com\/de\/#website","url":"https:\/\/devaharmony.com\/de\/","name":"Deva Harmony Polen","description":"Ayurvedische Nahrungserg\u00e4nzungsmittel","potentialAction":[{"@type":"SearchAction","target":{"@type":"EntryPoint","urlTemplate":"https:\/\/devaharmony.com\/de\/?s={search_term_string}"},"query-input":"required name=search_term_string"}],"inLanguage":"de"}]}},"_links":{"self":[{"href":"https:\/\/devaharmony.com\/de\/wp-json\/wp\/v2\/product\/22532"}],"collection":[{"href":"https:\/\/devaharmony.com\/de\/wp-json\/wp\/v2\/product"}],"about":[{"href":"https:\/\/devaharmony.com\/de\/wp-json\/wp\/v2\/types\/product"}],"wp:featuredmedia":[{"embeddable":true,"href":"https:\/\/devaharmony.com\/de\/wp-json\/wp\/v2\/media\/22531"}],"wp:attachment":[{"href":"https:\/\/devaharmony.com\/de\/wp-json\/wp\/v2\/media?parent=22532"}],"wp:term":[{"taxonomy":"product_cat","embeddable":true,"href":"https:\/\/devaharmony.com\/de\/wp-json\/wp\/v2\/product_cat?post=22532"},{"taxonomy":"product_tag","embeddable":true,"href":"https:\/\/devaharmony.com\/de\/wp-json\/wp\/v2\/product_tag?post=22532"}],"curies":[{"name":"wp","href":"https:\/\/api.w.org\/{rel}","templated":true}]}}