{"id":21548,"date":"2023-07-20T15:24:02","date_gmt":"2023-07-20T14:24:02","guid":{"rendered":"https:\/\/devaharmony.com\/de\/sklep\/ajurweda-jak-dbac-o-siebie-i-byc-zdrowym-dr-partap-chauhan\/"},"modified":"2026-04-08T09:00:51","modified_gmt":"2026-04-08T08:00:51","slug":"ajurweda-jak-dbac-o-siebie-i-byc-zdrowym-dr-partap-chauhan","status":"publish","type":"product","link":"https:\/\/devaharmony.com\/de\/speichern\/ajurweda-jak-dbac-o-siebie-i-byc-zdrowym-dr-partap-chauhan\/","title":{"rendered":"Ajurweda jak dba\u0107 o siebie i by\u0107 zdrowym. dr Partap Chauhan"},"content":{"rendered":"<p>Ajurweda pokazuje jak osi\u0105gn\u0105\u0107 i utrzyma\u0107 pe\u0142ni\u0119 zdrowia za pomoc\u0105 diety i stylu \u017cycia. Uczy, jak za pomoc\u0105 prostych sposob\u00f3w dost\u0119pnych dla ka\u017cdego zmieni\u0107 jako\u015b\u0107 swojego \u017cycia. Wielu szuka pomocy w nowoczesnej medycynie, kt\u00f3ra ma do zaoferowania ca\u0142\u0105 gam\u0119 tabletek i cz\u0119sto nie dociera do \u017ar\u00f3d\u0142a choroby. Alternatyw\u0105 dla tych rozwi\u0105za\u0144 jest powr\u00f3t do naturalnych metod leczenia &#8211; najstarsz\u0105 z nich i przez wieki sprawdzon\u0105 jest w\u0142a\u015bnie ajurweda.<\/p>\n<p>W &#8220;Ajurweda. Jak dba\u0107 o siebie i by\u0107 zdrowym&#8221; znale\u017a\u0107 mo\u017cna wskaz\u00f3wki jak zadba\u0107 o oczyszczenie cia\u0142a, wyciszy\u0107 umys\u0142 i dotrze\u0107 do w\u0142asnej duszy. Dr Partap Chauhan w ksi\u0105\u017cce omawia podstawowe koncepcje i terminy ajurwedy, tworz\u0105c podstawy do dalszego studiowania.<\/p>\n<p>Dzi\u0119ki tej ksi\u0105\u017cce:<br \/>\n&#8211; sprawdzisz, jakim typem konstytucji jeste\u015b<br \/>\n&#8211; poznasz najlepsz\u0105 dla siebie diet\u0119<br \/>\n&#8211; rozpoczniesz oczyszczanie z toksyn naturalnymi, nieinwazyjnymi sposobami<br \/>\n&#8211; nauczysz si\u0119 jak zwi\u0119ksza\u0107 swoj\u0105 odporno\u015b\u0107<br \/>\n&#8211; odkryjesz naturalne sposoby regeneracji, dzi\u0119ki kt\u00f3rym odzyskasz witalno\u015b\u0107, energi\u0119 i wewn\u0119trzny spok\u00f3j<\/p>\n<p>Podtytu\u0142: Jak dba\u0107 o siebie i by\u0107 zdrowym<br \/>\nAutor: Partap Chauhan<br \/>\nPrzek\u0142ad: El\u017cbieta \u017buk-Widma\u0144ska<br \/>\nWaga: 658 g<br \/>\nFormat: 170 x 240 mm<br \/>\nOprawa: twarda<br \/>\nIlo\u015b\u0107 stron: 320<br \/>\nWydanie: I, 2014<br \/>\nISBN: 978-83-62842-14-8<\/p>\n","protected":false},"excerpt":{"rendered":"<p>Autor: <strong>dr Partap Chauhan<\/strong><\/p>\n<p>Ajurweda to najstarszy holistyczny system medyczny. Jest kompleksowym i bogatym \u017ar\u00f3d\u0142em m\u0105dro\u015bci aktualnym do dzi\u015b. Ksi\u0105\u017cka dr Partapa Chauhana to cenny podr\u0119cznik dla lekarzy, terapeut\u00f3w i os\u00f3b \u0107wicz\u0105cych jog\u0119, a tak\u017ce kopalnia wiedzy dla wszystkich poszukuj\u0105cych naturalnych sposob\u00f3w dbania o zdrowie.<\/p>\n","protected":false},"featured_media":21547,"template":"","meta":[],"product_cat":[693],"product_tag":[],"class_list":{"0":"post-21548","1":"product","2":"type-product","3":"status-publish","4":"has-post-thumbnail","6":"product_cat-bucher","8":"first","9":"instock","10":"taxable","11":"shipping-taxable","12":"purchasable","13":"product-type-simple","14":"add-to-wishlist-before_image"},"acf":{"ilosc_sztuk_w_pudelku":"","ilosc_pudelek_w_kartonie":"","wykluczyc_z_szybkich_zakupow":["default"]},"yoast_head":"<!-- This site is optimized with the Yoast SEO plugin v23.1 - https:\/\/yoast.com\/wordpress\/plugins\/seo\/ -->\n<title>Ajurweda jak dba\u0107 o siebie i by\u0107 zdrowym. dr Partap Chauhan - Deva Harmony Polen<\/title>\n<meta name=\"robots\" content=\"index, follow, max-snippet:-1, max-image-preview:large, max-video-preview:-1\" \/>\n<link rel=\"canonical\" href=\"https:\/\/devaharmony.com\/de\/speichern\/ajurweda-jak-dbac-o-siebie-i-byc-zdrowym-dr-partap-chauhan\/\" \/>\n<meta property=\"og:locale\" content=\"de_DE\" \/>\n<meta property=\"og:type\" content=\"article\" \/>\n<meta property=\"og:title\" content=\"Ajurweda jak dba\u0107 o siebie i by\u0107 zdrowym. dr Partap Chauhan - Deva Harmony Polen\" \/>\n<meta property=\"og:description\" content=\"Autor: dr Partap Chauhan Ajurweda to najstarszy holistyczny system medyczny. Jest kompleksowym i bogatym \u017ar\u00f3d\u0142em m\u0105dro\u015bci aktualnym do dzi\u015b. Ksi\u0105\u017cka dr Partapa Chauhana to cenny podr\u0119cznik dla lekarzy, terapeut\u00f3w i os\u00f3b \u0107wicz\u0105cych jog\u0119, a tak\u017ce kopalnia wiedzy dla wszystkich poszukuj\u0105cych naturalnych sposob\u00f3w dbania o zdrowie.\" \/>\n<meta property=\"og:url\" content=\"https:\/\/devaharmony.com\/de\/speichern\/ajurweda-jak-dbac-o-siebie-i-byc-zdrowym-dr-partap-chauhan\/\" \/>\n<meta property=\"og:site_name\" content=\"Deva Harmony Polen\" \/>\n<meta property=\"article:modified_time\" content=\"2026-04-08T08:00:51+00:00\" \/>\n<meta property=\"og:image\" content=\"https:\/\/devaharmony.com\/de\/wp-content\/uploads\/2023\/07\/466e8e96131d8351084a7114848e010c-3.png\" \/>\n\t<meta property=\"og:image:width\" content=\"800\" \/>\n\t<meta property=\"og:image:height\" content=\"1200\" \/>\n\t<meta property=\"og:image:type\" content=\"image\/png\" \/>\n<meta name=\"twitter:card\" content=\"summary_large_image\" \/>\n<meta name=\"twitter:label1\" content=\"Gesch\u00e4tzte Lesezeit\" \/>\n\t<meta name=\"twitter:data1\" content=\"1\u00a0Minute\" \/>\n<script type=\"application\/ld+json\" class=\"yoast-schema-graph\">{\"@context\":\"https:\/\/schema.org\",\"@graph\":[{\"@type\":\"WebPage\",\"@id\":\"https:\/\/devaharmony.com\/de\/speichern\/ajurweda-jak-dbac-o-siebie-i-byc-zdrowym-dr-partap-chauhan\/\",\"url\":\"https:\/\/devaharmony.com\/de\/speichern\/ajurweda-jak-dbac-o-siebie-i-byc-zdrowym-dr-partap-chauhan\/\",\"name\":\"Ajurweda jak dba\u0107 o siebie i by\u0107 zdrowym. dr Partap Chauhan - Deva Harmony Polen\",\"isPartOf\":{\"@id\":\"https:\/\/devaharmony.com\/de\/#website\"},\"primaryImageOfPage\":{\"@id\":\"https:\/\/devaharmony.com\/de\/speichern\/ajurweda-jak-dbac-o-siebie-i-byc-zdrowym-dr-partap-chauhan\/#primaryimage\"},\"image\":{\"@id\":\"https:\/\/devaharmony.com\/de\/speichern\/ajurweda-jak-dbac-o-siebie-i-byc-zdrowym-dr-partap-chauhan\/#primaryimage\"},\"thumbnailUrl\":\"https:\/\/devaharmony.com\/de\/wp-content\/uploads\/2023\/07\/466e8e96131d8351084a7114848e010c-3.png\",\"datePublished\":\"2023-07-20T14:24:02+00:00\",\"dateModified\":\"2026-04-08T08:00:51+00:00\",\"breadcrumb\":{\"@id\":\"https:\/\/devaharmony.com\/de\/speichern\/ajurweda-jak-dbac-o-siebie-i-byc-zdrowym-dr-partap-chauhan\/#breadcrumb\"},\"inLanguage\":\"de\",\"potentialAction\":[{\"@type\":\"ReadAction\",\"target\":[\"https:\/\/devaharmony.com\/de\/speichern\/ajurweda-jak-dbac-o-siebie-i-byc-zdrowym-dr-partap-chauhan\/\"]}]},{\"@type\":\"ImageObject\",\"inLanguage\":\"de\",\"@id\":\"https:\/\/devaharmony.com\/de\/speichern\/ajurweda-jak-dbac-o-siebie-i-byc-zdrowym-dr-partap-chauhan\/#primaryimage\",\"url\":\"https:\/\/devaharmony.com\/de\/wp-content\/uploads\/2023\/07\/466e8e96131d8351084a7114848e010c-3.png\",\"contentUrl\":\"https:\/\/devaharmony.com\/de\/wp-content\/uploads\/2023\/07\/466e8e96131d8351084a7114848e010c-3.png\",\"width\":800,\"height\":1200},{\"@type\":\"BreadcrumbList\",\"@id\":\"https:\/\/devaharmony.com\/de\/speichern\/ajurweda-jak-dbac-o-siebie-i-byc-zdrowym-dr-partap-chauhan\/#breadcrumb\",\"itemListElement\":[{\"@type\":\"ListItem\",\"position\":1,\"name\":\"Home\",\"item\":\"https:\/\/devaharmony.com\/de\/\"},{\"@type\":\"ListItem\",\"position\":2,\"name\":\"Ayurvedische Produkte\",\"item\":\"https:\/\/devaharmony.com\/de\/ayurvedische-produkte\/\"},{\"@type\":\"ListItem\",\"position\":3,\"name\":\"Ajurweda jak dba\u0107 o siebie i by\u0107 zdrowym. dr Partap Chauhan\"}]},{\"@type\":\"WebSite\",\"@id\":\"https:\/\/devaharmony.com\/de\/#website\",\"url\":\"https:\/\/devaharmony.com\/de\/\",\"name\":\"Deva Harmony Polen\",\"description\":\"Ayurvedische Nahrungserg\u00e4nzungsmittel\",\"potentialAction\":[{\"@type\":\"SearchAction\",\"target\":{\"@type\":\"EntryPoint\",\"urlTemplate\":\"https:\/\/devaharmony.com\/de\/?s={search_term_string}\"},\"query-input\":\"required name=search_term_string\"}],\"inLanguage\":\"de\"}]}<\/script>\n<!-- \/ Yoast SEO plugin. -->","yoast_head_json":{"title":"Ajurweda jak dba\u0107 o siebie i by\u0107 zdrowym. dr Partap Chauhan - Deva Harmony Polen","robots":{"index":"index","follow":"follow","max-snippet":"max-snippet:-1","max-image-preview":"max-image-preview:large","max-video-preview":"max-video-preview:-1"},"canonical":"https:\/\/devaharmony.com\/de\/speichern\/ajurweda-jak-dbac-o-siebie-i-byc-zdrowym-dr-partap-chauhan\/","og_locale":"de_DE","og_type":"article","og_title":"Ajurweda jak dba\u0107 o siebie i by\u0107 zdrowym. dr Partap Chauhan - Deva Harmony Polen","og_description":"Autor: dr Partap Chauhan Ajurweda to najstarszy holistyczny system medyczny. Jest kompleksowym i bogatym \u017ar\u00f3d\u0142em m\u0105dro\u015bci aktualnym do dzi\u015b. Ksi\u0105\u017cka dr Partapa Chauhana to cenny podr\u0119cznik dla lekarzy, terapeut\u00f3w i os\u00f3b \u0107wicz\u0105cych jog\u0119, a tak\u017ce kopalnia wiedzy dla wszystkich poszukuj\u0105cych naturalnych sposob\u00f3w dbania o zdrowie.","og_url":"https:\/\/devaharmony.com\/de\/speichern\/ajurweda-jak-dbac-o-siebie-i-byc-zdrowym-dr-partap-chauhan\/","og_site_name":"Deva Harmony Polen","article_modified_time":"2026-04-08T08:00:51+00:00","og_image":[{"width":800,"height":1200,"url":"https:\/\/devaharmony.com\/de\/wp-content\/uploads\/2023\/07\/466e8e96131d8351084a7114848e010c-3.png","type":"image\/png"}],"twitter_card":"summary_large_image","twitter_misc":{"Gesch\u00e4tzte Lesezeit":"1\u00a0Minute"},"schema":{"@context":"https:\/\/schema.org","@graph":[{"@type":"WebPage","@id":"https:\/\/devaharmony.com\/de\/speichern\/ajurweda-jak-dbac-o-siebie-i-byc-zdrowym-dr-partap-chauhan\/","url":"https:\/\/devaharmony.com\/de\/speichern\/ajurweda-jak-dbac-o-siebie-i-byc-zdrowym-dr-partap-chauhan\/","name":"Ajurweda jak dba\u0107 o siebie i by\u0107 zdrowym. dr Partap Chauhan - Deva Harmony Polen","isPartOf":{"@id":"https:\/\/devaharmony.com\/de\/#website"},"primaryImageOfPage":{"@id":"https:\/\/devaharmony.com\/de\/speichern\/ajurweda-jak-dbac-o-siebie-i-byc-zdrowym-dr-partap-chauhan\/#primaryimage"},"image":{"@id":"https:\/\/devaharmony.com\/de\/speichern\/ajurweda-jak-dbac-o-siebie-i-byc-zdrowym-dr-partap-chauhan\/#primaryimage"},"thumbnailUrl":"https:\/\/devaharmony.com\/de\/wp-content\/uploads\/2023\/07\/466e8e96131d8351084a7114848e010c-3.png","datePublished":"2023-07-20T14:24:02+00:00","dateModified":"2026-04-08T08:00:51+00:00","breadcrumb":{"@id":"https:\/\/devaharmony.com\/de\/speichern\/ajurweda-jak-dbac-o-siebie-i-byc-zdrowym-dr-partap-chauhan\/#breadcrumb"},"inLanguage":"de","potentialAction":[{"@type":"ReadAction","target":["https:\/\/devaharmony.com\/de\/speichern\/ajurweda-jak-dbac-o-siebie-i-byc-zdrowym-dr-partap-chauhan\/"]}]},{"@type":"ImageObject","inLanguage":"de","@id":"https:\/\/devaharmony.com\/de\/speichern\/ajurweda-jak-dbac-o-siebie-i-byc-zdrowym-dr-partap-chauhan\/#primaryimage","url":"https:\/\/devaharmony.com\/de\/wp-content\/uploads\/2023\/07\/466e8e96131d8351084a7114848e010c-3.png","contentUrl":"https:\/\/devaharmony.com\/de\/wp-content\/uploads\/2023\/07\/466e8e96131d8351084a7114848e010c-3.png","width":800,"height":1200},{"@type":"BreadcrumbList","@id":"https:\/\/devaharmony.com\/de\/speichern\/ajurweda-jak-dbac-o-siebie-i-byc-zdrowym-dr-partap-chauhan\/#breadcrumb","itemListElement":[{"@type":"ListItem","position":1,"name":"Home","item":"https:\/\/devaharmony.com\/de\/"},{"@type":"ListItem","position":2,"name":"Ayurvedische Produkte","item":"https:\/\/devaharmony.com\/de\/ayurvedische-produkte\/"},{"@type":"ListItem","position":3,"name":"Ajurweda jak dba\u0107 o siebie i by\u0107 zdrowym. dr Partap Chauhan"}]},{"@type":"WebSite","@id":"https:\/\/devaharmony.com\/de\/#website","url":"https:\/\/devaharmony.com\/de\/","name":"Deva Harmony Polen","description":"Ayurvedische Nahrungserg\u00e4nzungsmittel","potentialAction":[{"@type":"SearchAction","target":{"@type":"EntryPoint","urlTemplate":"https:\/\/devaharmony.com\/de\/?s={search_term_string}"},"query-input":"required name=search_term_string"}],"inLanguage":"de"}]}},"_links":{"self":[{"href":"https:\/\/devaharmony.com\/de\/wp-json\/wp\/v2\/product\/21548"}],"collection":[{"href":"https:\/\/devaharmony.com\/de\/wp-json\/wp\/v2\/product"}],"about":[{"href":"https:\/\/devaharmony.com\/de\/wp-json\/wp\/v2\/types\/product"}],"wp:featuredmedia":[{"embeddable":true,"href":"https:\/\/devaharmony.com\/de\/wp-json\/wp\/v2\/media\/21547"}],"wp:attachment":[{"href":"https:\/\/devaharmony.com\/de\/wp-json\/wp\/v2\/media?parent=21548"}],"wp:term":[{"taxonomy":"product_cat","embeddable":true,"href":"https:\/\/devaharmony.com\/de\/wp-json\/wp\/v2\/product_cat?post=21548"},{"taxonomy":"product_tag","embeddable":true,"href":"https:\/\/devaharmony.com\/de\/wp-json\/wp\/v2\/product_tag?post=21548"}],"curies":[{"name":"wp","href":"https:\/\/api.w.org\/{rel}","templated":true}]}}