{"id":21526,"date":"2023-07-20T15:19:38","date_gmt":"2023-07-20T14:19:38","guid":{"rendered":"https:\/\/devaharmony.com\/de\/sklep\/kurkuma-60-kapseln-450mg\/"},"modified":"2026-04-07T09:47:21","modified_gmt":"2026-04-07T08:47:21","slug":"kurkuma-60-kapseln-450mg","status":"publish","type":"product","link":"https:\/\/devaharmony.com\/de\/speichern\/kurkuma-60-kapseln-450mg\/","title":{"rendered":"Kurkuma &#8211; 60 Kapseln (450mg)"},"content":{"rendered":"<p><b>Kurkuma-Kapseln<\/b> werden aus einer leistungsstarken Mischung aus der reinsten Form von Haldi und Amla hergestellt. Der Hauptwirkstoff Curcuminoide &#8211; aus Haldi (Kurkuma), die zahlreiche gesundheitliche Vorteile bietet, w\u00e4hrend Amla erh\u00f6ht N\u00e4hrstoffaufnahme. Diese Kapsel enth\u00e4lt Curcumin &#8211; ein Extrakt aus Kurkuma, das Herz, Gehirn und Gelenke sch\u00fctzt und die Gehirnfunktion verbessert. Kurkuma hat unterst\u00fctzende Eigenschaften bei Entz\u00fcndungen im K\u00f6rper. Bei langfristiger Einnahme hilft es, das Immunsystem zu st\u00e4rken und das Fortschreiten von Krankheiten im K\u00f6rper zu verhindern. Dar\u00fcber hinaus verbessern seine tridosha-ausgleichenden Eigenschaften die nat\u00fcrliche Heilungsf\u00e4higkeit des K\u00f6rpers. Kurkuma-Kapseln sch\u00fctzen auch die Haut vor Akne, Infektionen und Allergien und unterst\u00fctzen das Anti-Aging, um ein jugendliches Aussehen zu bewahren.<\/p>\n<p>Kurkuma wird im Ayurveda verwendet, um die Doshas Vata, Pitta und Kapha auszugleichen. Es hat viele positive Auswirkungen auf das Blut-, Plasma- und Kreislaufsystem (rasa und rakta dhatus). Au\u00dferdem entz\u00fcndet es Agni (Verdauungsfeuer) und hilft so, Kapha-Dosha zu reduzieren und Giftstoffe aus dem K\u00f6rper zu entfernen (Ama). Die entz\u00fcndungshemmenden und antioxidativen Eigenschaften von Haldi helfen, das Fortschreiten von Krankheiten im K\u00f6rper zu verhindern, indem sie die nat\u00fcrliche Heilungsf\u00e4higkeit des K\u00f6rpers erh\u00f6hen und das Immunsystem von innen heraus st\u00e4rken. Au\u00dferdem hilft er, Komplikationen im Zusammenhang mit Diabetes wie Geschw\u00fcre, Wunden und Nierensch\u00e4den zu verringern.<\/p>\n<p><b>100% veganes Produkt<\/b><\/p>\n<p><b>Empfohlene Tagesdosis:<\/b> 2 Kapseln<\/p>\n<p><b>Inhalt<\/b>: 60 Kapseln<\/p>\n<p><b>Marke<\/b>: JIVA Ayurvedische Apotheke Ltd.<\/p>\n<p><b>Herkunftsland<\/b>: Indien<\/p>\n<p>*Die empfohlene t\u00e4gliche Verzehrsmenge darf nicht \u00fcberschritten werden. Das Nahrungserg\u00e4nzungsmittel sollte nicht als Ersatz f\u00fcr eine abwechslungsreiche Ern\u00e4hrung verwendet werden. Achten Sie auf eine gesunde Lebensweise und eine ausgewogene Ern\u00e4hrung. Nicht verwenden bei \u00dcberempfindlichkeit gegen\u00fcber den Inhaltsstoffen des Pr\u00e4parats. Das Produkt ist nicht f\u00fcr schwangere oder stillende Frauen und Kinder bestimmt.<\/p>\n<p>*Au\u00dferhalb der Reichweite von Kleinkindern aufbewahren. Vor Licht und Feuchtigkeit sch\u00fctzen.<\/p>\n<p>*Bei dem beschriebenen Produkt handelt es sich um ein Nahrungserg\u00e4nzungsmittel, nicht um ein Arzneimittel zur Vorbeugung oder Behandlung menschlicher Krankheiten.<\/p>\n<p>*Bei der Einnahme von pflanzlichen Pr\u00e4paraten ist es am besten, einen Arzt oder Apotheker zu konsultieren, da die Wahl des richtigen pflanzlichen Pr\u00e4parats ebenso viel Wissen erfordert wie die eines chemischen Pr\u00e4parats. Es ist wichtig, daran zu denken, dass pflanzliche Zubereitungen mit Medikamenten, die Sie einnehmen, in Wechselwirkung treten und Gesundheitsrisiken bergen k\u00f6nnen. Einige pflanzliche Pr\u00e4parate k\u00f6nnen starke Wirkungen hervorrufen, daher ist es wichtig, alle Empfehlungen und Einschr\u00e4nkungen des Herstellers zu beachten. Stillende M\u00fctter und schwangere Frauen m\u00fcssen bei der Einnahme besonders vorsichtig sein.<\/p>\n","protected":false},"excerpt":{"rendered":"<p><b>Die klassische, legend\u00e4re Kurkuma &#8211; daneben die K\u00f6nigin der Kr\u00e4uter Amla \u2600\ufe0f<\/b><\/p>\n<ul>\n<li>Reinigt und entgiftet den K\u00f6rper<\/li>\n<li>H\u00e4lt die Haut frei von Akne und Dermatitis<\/li>\n<li>Wird zur Behandlung von Allergien eingesetzt<\/li>\n<li>Gleicht den Blutzuckerspiegel aus<\/li>\n<li>Schw\u00e4cht die Immunit\u00e4t\/Infektionen<\/li>\n<li>Hilft bei Gelenkproblemen<\/li>\n<li>Verlangsamt den Alterungsprozess<\/li>\n<\/ul>\n<p><b>100% vegan<\/b><\/p>\n<p><b>Inhalt<\/b>: 60 Kapseln<\/p>\n<p><b>1 Packung ist ausreichend f\u00fcr 1 Monat Einnahme<\/b><\/p>\n","protected":false},"featured_media":6975,"template":"","meta":[],"product_cat":[666,686,683,680],"product_tag":[],"class_list":{"0":"post-21526","1":"product","2":"type-product","3":"status-publish","4":"has-post-thumbnail","6":"product_cat-ayurvedische-erganzungen","7":"product_cat-diabetes-behandlung","8":"product_cat-immunitat","9":"product_cat-krautertabletten-und-kapseln","11":"first","12":"instock","13":"taxable","14":"shipping-taxable","15":"purchasable","16":"product-type-simple","17":"add-to-wishlist-before_image"},"acf":{"ilosc_sztuk_w_pudelku":"","ilosc_pudelek_w_kartonie":"","wykluczyc_z_szybkich_zakupow":""},"yoast_head":"<!-- This site is optimized with the Yoast SEO plugin v23.1 - https:\/\/yoast.com\/wordpress\/plugins\/seo\/ -->\n<title>Kurkuma - 60 Kapseln (450mg) - Deva Harmony Polen<\/title>\n<meta name=\"robots\" content=\"index, follow, max-snippet:-1, max-image-preview:large, max-video-preview:-1\" \/>\n<link rel=\"canonical\" href=\"https:\/\/devaharmony.com\/de\/speichern\/kurkuma-60-kapseln-450mg\/\" \/>\n<meta property=\"og:locale\" content=\"de_DE\" \/>\n<meta property=\"og:type\" content=\"article\" \/>\n<meta property=\"og:title\" content=\"Kurkuma - 60 Kapseln (450mg) - Deva Harmony Polen\" \/>\n<meta property=\"og:description\" content=\"Die klassische, legend\u00e4re Kurkuma - daneben die K\u00f6nigin der Kr\u00e4uter Amla \u2600\ufe0f   Reinigt und entgiftet den K\u00f6rper  H\u00e4lt die Haut frei von Akne und Dermatitis  Wird zur Behandlung von Allergien eingesetzt  Gleicht den Blutzuckerspiegel aus  Schw\u00e4cht die Immunit\u00e4t\/Infektionen  Hilft bei Gelenkproblemen  Verlangsamt den Alterungsprozess  100% vegan  Inhalt: 60 Kapseln  1 Packung ist ausreichend f\u00fcr 1 Monat Einnahme\" \/>\n<meta property=\"og:url\" content=\"https:\/\/devaharmony.com\/de\/speichern\/kurkuma-60-kapseln-450mg\/\" \/>\n<meta property=\"og:site_name\" content=\"Deva Harmony Polen\" \/>\n<meta property=\"article:modified_time\" content=\"2026-04-07T08:47:21+00:00\" \/>\n<meta property=\"og:image\" content=\"https:\/\/devaharmony.com\/de\/wp-content\/uploads\/2022\/03\/turmeric-1.png\" \/>\n\t<meta property=\"og:image:width\" content=\"800\" \/>\n\t<meta property=\"og:image:height\" content=\"1200\" \/>\n\t<meta property=\"og:image:type\" content=\"image\/png\" \/>\n<meta name=\"twitter:card\" content=\"summary_large_image\" \/>\n<meta name=\"twitter:label1\" content=\"Gesch\u00e4tzte Lesezeit\" \/>\n\t<meta name=\"twitter:data1\" content=\"3\u00a0Minuten\" \/>\n<script type=\"application\/ld+json\" class=\"yoast-schema-graph\">{\"@context\":\"https:\/\/schema.org\",\"@graph\":[{\"@type\":\"WebPage\",\"@id\":\"https:\/\/devaharmony.com\/de\/speichern\/kurkuma-60-kapseln-450mg\/\",\"url\":\"https:\/\/devaharmony.com\/de\/speichern\/kurkuma-60-kapseln-450mg\/\",\"name\":\"Kurkuma - 60 Kapseln (450mg) - Deva Harmony Polen\",\"isPartOf\":{\"@id\":\"https:\/\/devaharmony.com\/de\/#website\"},\"primaryImageOfPage\":{\"@id\":\"https:\/\/devaharmony.com\/de\/speichern\/kurkuma-60-kapseln-450mg\/#primaryimage\"},\"image\":{\"@id\":\"https:\/\/devaharmony.com\/de\/speichern\/kurkuma-60-kapseln-450mg\/#primaryimage\"},\"thumbnailUrl\":\"https:\/\/devaharmony.com\/de\/wp-content\/uploads\/2022\/03\/turmeric-1.png\",\"datePublished\":\"2023-07-20T14:19:38+00:00\",\"dateModified\":\"2026-04-07T08:47:21+00:00\",\"breadcrumb\":{\"@id\":\"https:\/\/devaharmony.com\/de\/speichern\/kurkuma-60-kapseln-450mg\/#breadcrumb\"},\"inLanguage\":\"de\",\"potentialAction\":[{\"@type\":\"ReadAction\",\"target\":[\"https:\/\/devaharmony.com\/de\/speichern\/kurkuma-60-kapseln-450mg\/\"]}]},{\"@type\":\"ImageObject\",\"inLanguage\":\"de\",\"@id\":\"https:\/\/devaharmony.com\/de\/speichern\/kurkuma-60-kapseln-450mg\/#primaryimage\",\"url\":\"https:\/\/devaharmony.com\/de\/wp-content\/uploads\/2022\/03\/turmeric-1.png\",\"contentUrl\":\"https:\/\/devaharmony.com\/de\/wp-content\/uploads\/2022\/03\/turmeric-1.png\",\"width\":800,\"height\":1200},{\"@type\":\"BreadcrumbList\",\"@id\":\"https:\/\/devaharmony.com\/de\/speichern\/kurkuma-60-kapseln-450mg\/#breadcrumb\",\"itemListElement\":[{\"@type\":\"ListItem\",\"position\":1,\"name\":\"Home\",\"item\":\"https:\/\/devaharmony.com\/de\/\"},{\"@type\":\"ListItem\",\"position\":2,\"name\":\"Ayurvedische Produkte\",\"item\":\"https:\/\/devaharmony.com\/de\/ayurvedische-produkte\/\"},{\"@type\":\"ListItem\",\"position\":3,\"name\":\"Kurkuma &#8211; 60 Kapseln (450mg)\"}]},{\"@type\":\"WebSite\",\"@id\":\"https:\/\/devaharmony.com\/de\/#website\",\"url\":\"https:\/\/devaharmony.com\/de\/\",\"name\":\"Deva Harmony Polen\",\"description\":\"Ayurvedische Nahrungserg\u00e4nzungsmittel\",\"potentialAction\":[{\"@type\":\"SearchAction\",\"target\":{\"@type\":\"EntryPoint\",\"urlTemplate\":\"https:\/\/devaharmony.com\/de\/?s={search_term_string}\"},\"query-input\":\"required name=search_term_string\"}],\"inLanguage\":\"de\"}]}<\/script>\n<!-- \/ Yoast SEO plugin. -->","yoast_head_json":{"title":"Kurkuma - 60 Kapseln (450mg) - Deva Harmony Polen","robots":{"index":"index","follow":"follow","max-snippet":"max-snippet:-1","max-image-preview":"max-image-preview:large","max-video-preview":"max-video-preview:-1"},"canonical":"https:\/\/devaharmony.com\/de\/speichern\/kurkuma-60-kapseln-450mg\/","og_locale":"de_DE","og_type":"article","og_title":"Kurkuma - 60 Kapseln (450mg) - Deva Harmony Polen","og_description":"Die klassische, legend\u00e4re Kurkuma - daneben die K\u00f6nigin der Kr\u00e4uter Amla \u2600\ufe0f   Reinigt und entgiftet den K\u00f6rper  H\u00e4lt die Haut frei von Akne und Dermatitis  Wird zur Behandlung von Allergien eingesetzt  Gleicht den Blutzuckerspiegel aus  Schw\u00e4cht die Immunit\u00e4t\/Infektionen  Hilft bei Gelenkproblemen  Verlangsamt den Alterungsprozess  100% vegan  Inhalt: 60 Kapseln  1 Packung ist ausreichend f\u00fcr 1 Monat Einnahme","og_url":"https:\/\/devaharmony.com\/de\/speichern\/kurkuma-60-kapseln-450mg\/","og_site_name":"Deva Harmony Polen","article_modified_time":"2026-04-07T08:47:21+00:00","og_image":[{"width":800,"height":1200,"url":"https:\/\/devaharmony.com\/de\/wp-content\/uploads\/2022\/03\/turmeric-1.png","type":"image\/png"}],"twitter_card":"summary_large_image","twitter_misc":{"Gesch\u00e4tzte Lesezeit":"3\u00a0Minuten"},"schema":{"@context":"https:\/\/schema.org","@graph":[{"@type":"WebPage","@id":"https:\/\/devaharmony.com\/de\/speichern\/kurkuma-60-kapseln-450mg\/","url":"https:\/\/devaharmony.com\/de\/speichern\/kurkuma-60-kapseln-450mg\/","name":"Kurkuma - 60 Kapseln (450mg) - Deva Harmony Polen","isPartOf":{"@id":"https:\/\/devaharmony.com\/de\/#website"},"primaryImageOfPage":{"@id":"https:\/\/devaharmony.com\/de\/speichern\/kurkuma-60-kapseln-450mg\/#primaryimage"},"image":{"@id":"https:\/\/devaharmony.com\/de\/speichern\/kurkuma-60-kapseln-450mg\/#primaryimage"},"thumbnailUrl":"https:\/\/devaharmony.com\/de\/wp-content\/uploads\/2022\/03\/turmeric-1.png","datePublished":"2023-07-20T14:19:38+00:00","dateModified":"2026-04-07T08:47:21+00:00","breadcrumb":{"@id":"https:\/\/devaharmony.com\/de\/speichern\/kurkuma-60-kapseln-450mg\/#breadcrumb"},"inLanguage":"de","potentialAction":[{"@type":"ReadAction","target":["https:\/\/devaharmony.com\/de\/speichern\/kurkuma-60-kapseln-450mg\/"]}]},{"@type":"ImageObject","inLanguage":"de","@id":"https:\/\/devaharmony.com\/de\/speichern\/kurkuma-60-kapseln-450mg\/#primaryimage","url":"https:\/\/devaharmony.com\/de\/wp-content\/uploads\/2022\/03\/turmeric-1.png","contentUrl":"https:\/\/devaharmony.com\/de\/wp-content\/uploads\/2022\/03\/turmeric-1.png","width":800,"height":1200},{"@type":"BreadcrumbList","@id":"https:\/\/devaharmony.com\/de\/speichern\/kurkuma-60-kapseln-450mg\/#breadcrumb","itemListElement":[{"@type":"ListItem","position":1,"name":"Home","item":"https:\/\/devaharmony.com\/de\/"},{"@type":"ListItem","position":2,"name":"Ayurvedische Produkte","item":"https:\/\/devaharmony.com\/de\/ayurvedische-produkte\/"},{"@type":"ListItem","position":3,"name":"Kurkuma &#8211; 60 Kapseln (450mg)"}]},{"@type":"WebSite","@id":"https:\/\/devaharmony.com\/de\/#website","url":"https:\/\/devaharmony.com\/de\/","name":"Deva Harmony Polen","description":"Ayurvedische Nahrungserg\u00e4nzungsmittel","potentialAction":[{"@type":"SearchAction","target":{"@type":"EntryPoint","urlTemplate":"https:\/\/devaharmony.com\/de\/?s={search_term_string}"},"query-input":"required name=search_term_string"}],"inLanguage":"de"}]}},"_links":{"self":[{"href":"https:\/\/devaharmony.com\/de\/wp-json\/wp\/v2\/product\/21526"}],"collection":[{"href":"https:\/\/devaharmony.com\/de\/wp-json\/wp\/v2\/product"}],"about":[{"href":"https:\/\/devaharmony.com\/de\/wp-json\/wp\/v2\/types\/product"}],"wp:featuredmedia":[{"embeddable":true,"href":"https:\/\/devaharmony.com\/de\/wp-json\/wp\/v2\/media\/6975"}],"wp:attachment":[{"href":"https:\/\/devaharmony.com\/de\/wp-json\/wp\/v2\/media?parent=21526"}],"wp:term":[{"taxonomy":"product_cat","embeddable":true,"href":"https:\/\/devaharmony.com\/de\/wp-json\/wp\/v2\/product_cat?post=21526"},{"taxonomy":"product_tag","embeddable":true,"href":"https:\/\/devaharmony.com\/de\/wp-json\/wp\/v2\/product_tag?post=21526"}],"curies":[{"name":"wp","href":"https:\/\/api.w.org\/{rel}","templated":true}]}}