{"id":21465,"date":"2023-07-20T15:08:27","date_gmt":"2023-07-20T14:08:27","guid":{"rendered":"https:\/\/devaharmony.com\/de\/sklep\/triphala-churna-100g\/"},"modified":"2026-04-07T19:32:13","modified_gmt":"2026-04-07T18:32:13","slug":"triphala-churna-100g","status":"publish","type":"product","link":"https:\/\/devaharmony.com\/de\/speichern\/triphala-churna-100g\/","title":{"rendered":"Triphala Churna &#8211; 100g"},"content":{"rendered":"<p>Triphala ist eine ayurvedische Mischung aus drei Fr\u00fcchten:<\/p>\n<p>&#8211; <b>Amla <\/b>(Emblica Officinalis) &#8211; Indische Stachelbeere<br \/>\n&#8211; <b>Bibhitaki <\/b>(Terminalia Bellirica) &#8211; Bellica-Mandelbaum<br \/>\n&#8211; <b>Haritaki <\/b>(Terminalia Chebula) &#8211; Mandelbaum Chebula<\/p>\n<p>Dieses einzigartige und bekannte ayurvedische Pulver hilft, die Kan\u00e4le des K\u00f6rpers zu entgiften und den Verdauungstrakt reibungslos funktionieren zu lassen. Es entfernt abgestorbene Zellen, verj\u00fcngt die Haut und verleiht ihr ein nat\u00fcrliches Strahlen. Triphala churna regt den Stoffwechsel an und ist somit ein wirksames Mittel zur Gewichtsabnahme. Es ist hilfreich bei verschiedenen Leber- und Lungenkrankheiten wie Gelbsucht und Bronchitis. Es ist auch ein hervorragendes Antioxidans, das die sch\u00e4dlichen Auswirkungen freier Radikale auf den K\u00f6rper reduziert. Es ist ein umfassendes Heilmittel mit einer Wirkung, die den Reinigungsprozess unseres K\u00f6rpers unterst\u00fctzt. Es ist im Ayurveda seit Jahrhunderten anerkannt und gesch\u00e4tzt.<\/p>\n<p>Triphala Jiva Pulver ist die L\u00f6sung f\u00fcr Menschen, die sich besonders um ihre Gesundheit k\u00fcmmern wollen. Das Produkt unterst\u00fctzt die ordnungsgem\u00e4\u00dfe Funktion des Darms, reguliert die stattfindenden Verdauungsprozesse, reinigt den K\u00f6rper, verbessert den Stoffwechsel und gleicht die Prozesse des K\u00f6rpers aus.<\/p>\n<div>Eine ausgezeichnete Kombination aus bekannten Kr\u00e4utern, die alle 3 Doshas im K\u00f6rper ausbalanciert. Bei t\u00e4glicher Anwendung hat es eine verj\u00fcngende Wirkung. Triphala st\u00e4rkt die k\u00f6rpereigene Immunit\u00e4t und hilft so bei der Bek\u00e4mpfung verschiedener saisonaler Erkrankungen.<\/div>\n<div><\/div>\n<div><\/div>\n<div>\n<p><b>100% veganes Produkt <\/b><\/p>\n<p><b>Empfohlene Tagesdosis: <\/b>2-6 g<\/p>\n<p><b>Inhalt<\/b>: 100 g<\/p>\n<p><b>Hersteller<\/b>: JIVA Ayurvedische Apotheke Ltd.<\/p>\n<p><b>Herkunftsland<\/b>: Indien<\/p>\n<p>*Die empfohlene t\u00e4gliche Verzehrsmenge darf nicht \u00fcberschritten werden. Das Nahrungserg\u00e4nzungsmittel darf nicht als Substitut (Ersatz) f\u00fcr eine abwechslungsreiche Ern\u00e4hrung verwendet werden. Es sollte auf eine gesunde Lebensweise und eine ausgewogene Ern\u00e4hrung geachtet werden. Nicht verwenden bei \u00dcberempfindlichkeit gegen Bestandteile des Pr\u00e4parats. Das Produkt ist nicht f\u00fcr schwangere oder stillende Frauen und Kinder bestimmt.<\/p>\n<p>*Au\u00dferhalb der Reichweite von Kleinkindern aufbewahren. Vor Licht und Feuchtigkeit sch\u00fctzen.<\/p>\n<p>*Bei dem beschriebenen Produkt handelt es sich um ein Nahrungserg\u00e4nzungsmittel, nicht um ein Arzneimittel, dem die Eigenschaften der Vorbeugung oder Behandlung menschlicher Krankheiten zugeschrieben werden.<\/p>\n<p>*Bei der Einnahme von pflanzlichen Pr\u00e4paraten ist es ratsam, einen Arzt oder Apotheker zu konsultieren, da die Wahl des richtigen pflanzlichen Pr\u00e4parats ebenso viel Wissen erfordert wie die eines chemischen Pr\u00e4parats. Es ist wichtig, daran zu denken, dass pflanzliche Zubereitungen mit den von Ihnen eingenommenen Arzneimitteln in Wechselwirkung treten k\u00f6nnen und ein Gesundheitsrisiko darstellen k\u00f6nnen. Einige pflanzliche Pr\u00e4parate k\u00f6nnen starke Wirkungen hervorrufen, daher sollten alle Empfehlungen und Einschr\u00e4nkungen des Herstellers beachtet werden. Stillende M\u00fctter und schwangere Frauen m\u00fcssen bei der Einnahme besonders vorsichtig sein.<\/p>\n<\/div>\n","protected":false},"excerpt":{"rendered":"<p><b>Bew\u00e4hrtes nat\u00fcrliches Verj\u00fcngungsmittel \u2600\ufe0f<\/b><\/p>\n<ul>\n<li>\u00a0\u00a0\u00a0 Hilft bei der Wiederherstellung des normalen Verdauungsprozesses<\/li>\n<li>\u00a0\u00a0\u00a0 Beseitigt giftige Substanzen aus dem K\u00f6rper<\/li>\n<li>\u00a0\u00a0\u00a0 Beseitigt Verdauungsst\u00f6rungen, Verstopfung und Verdauungsprobleme<\/li>\n<li>\u00a0\u00a0\u00a0 St\u00e4rkt das Immunit\u00e4tsniveau<\/li>\n<li>\u00a0\u00a0\u00a0 Ausgezeichnet bei Augen- und Haarproblemen<\/li>\n<\/ul>\n<p><b>100% vegan <\/b><\/p>\n<p><b>Inhalt<\/b>: 100 g<\/p>\n<p><b>1 Packung ist ausreichend f\u00fcr 1 Monat Dauergebrauch<\/b><\/p>\n","protected":false},"featured_media":21464,"template":"","meta":[],"product_cat":[666,700,686,684],"product_tag":[],"class_list":{"0":"post-21465","1":"product","2":"type-product","3":"status-publish","4":"has-post-thumbnail","6":"product_cat-ayurvedische-erganzungen","7":"product_cat-churnas","8":"product_cat-diabetes-behandlung","9":"product_cat-verdauungspflege","11":"first","12":"instock","13":"taxable","14":"shipping-taxable","15":"purchasable","16":"product-type-simple","17":"add-to-wishlist-before_image"},"acf":{"ilosc_sztuk_w_pudelku":"","ilosc_pudelek_w_kartonie":"","wykluczyc_z_szybkich_zakupow":""},"yoast_head":"<!-- This site is optimized with the Yoast SEO plugin v23.1 - https:\/\/yoast.com\/wordpress\/plugins\/seo\/ -->\n<title>Triphala Churna - 100g - Deva Harmony Polen<\/title>\n<meta name=\"robots\" content=\"index, follow, max-snippet:-1, max-image-preview:large, max-video-preview:-1\" \/>\n<link rel=\"canonical\" href=\"https:\/\/devaharmony.com\/de\/speichern\/triphala-churna-100g\/\" \/>\n<meta property=\"og:locale\" content=\"de_DE\" \/>\n<meta property=\"og:type\" content=\"article\" \/>\n<meta property=\"og:title\" content=\"Triphala Churna - 100g - Deva Harmony Polen\" \/>\n<meta property=\"og:description\" content=\"Bew\u00e4hrtes nat\u00fcrliches Verj\u00fcngungsmittel \u2600\ufe0f   \u00a0\u00a0\u00a0 Hilft bei der Wiederherstellung des normalen Verdauungsprozesses  \u00a0\u00a0\u00a0 Beseitigt giftige Substanzen aus dem K\u00f6rper  \u00a0\u00a0\u00a0 Beseitigt Verdauungsst\u00f6rungen, Verstopfung und Verdauungsprobleme  \u00a0\u00a0\u00a0 St\u00e4rkt das Immunit\u00e4tsniveau  \u00a0\u00a0\u00a0 Ausgezeichnet bei Augen- und Haarproblemen  100% vegan   Inhalt: 100 g  1 Packung ist ausreichend f\u00fcr 1 Monat Dauergebrauch\" \/>\n<meta property=\"og:url\" content=\"https:\/\/devaharmony.com\/de\/speichern\/triphala-churna-100g\/\" \/>\n<meta property=\"og:site_name\" content=\"Deva Harmony Polen\" \/>\n<meta property=\"article:modified_time\" content=\"2026-04-07T18:32:13+00:00\" \/>\n<meta property=\"og:image\" content=\"https:\/\/devaharmony.com\/de\/wp-content\/uploads\/2023\/07\/triphala-churna-3.png\" \/>\n\t<meta property=\"og:image:width\" content=\"800\" \/>\n\t<meta property=\"og:image:height\" content=\"1200\" \/>\n\t<meta property=\"og:image:type\" content=\"image\/png\" \/>\n<meta name=\"twitter:card\" content=\"summary_large_image\" \/>\n<meta name=\"twitter:label1\" content=\"Gesch\u00e4tzte Lesezeit\" \/>\n\t<meta name=\"twitter:data1\" content=\"3\u00a0Minuten\" \/>\n<script type=\"application\/ld+json\" class=\"yoast-schema-graph\">{\"@context\":\"https:\/\/schema.org\",\"@graph\":[{\"@type\":\"WebPage\",\"@id\":\"https:\/\/devaharmony.com\/de\/speichern\/triphala-churna-100g\/\",\"url\":\"https:\/\/devaharmony.com\/de\/speichern\/triphala-churna-100g\/\",\"name\":\"Triphala Churna - 100g - Deva Harmony Polen\",\"isPartOf\":{\"@id\":\"https:\/\/devaharmony.com\/de\/#website\"},\"primaryImageOfPage\":{\"@id\":\"https:\/\/devaharmony.com\/de\/speichern\/triphala-churna-100g\/#primaryimage\"},\"image\":{\"@id\":\"https:\/\/devaharmony.com\/de\/speichern\/triphala-churna-100g\/#primaryimage\"},\"thumbnailUrl\":\"https:\/\/devaharmony.com\/de\/wp-content\/uploads\/2023\/07\/triphala-churna-3.png\",\"datePublished\":\"2023-07-20T14:08:27+00:00\",\"dateModified\":\"2026-04-07T18:32:13+00:00\",\"breadcrumb\":{\"@id\":\"https:\/\/devaharmony.com\/de\/speichern\/triphala-churna-100g\/#breadcrumb\"},\"inLanguage\":\"de\",\"potentialAction\":[{\"@type\":\"ReadAction\",\"target\":[\"https:\/\/devaharmony.com\/de\/speichern\/triphala-churna-100g\/\"]}]},{\"@type\":\"ImageObject\",\"inLanguage\":\"de\",\"@id\":\"https:\/\/devaharmony.com\/de\/speichern\/triphala-churna-100g\/#primaryimage\",\"url\":\"https:\/\/devaharmony.com\/de\/wp-content\/uploads\/2023\/07\/triphala-churna-3.png\",\"contentUrl\":\"https:\/\/devaharmony.com\/de\/wp-content\/uploads\/2023\/07\/triphala-churna-3.png\",\"width\":800,\"height\":1200},{\"@type\":\"BreadcrumbList\",\"@id\":\"https:\/\/devaharmony.com\/de\/speichern\/triphala-churna-100g\/#breadcrumb\",\"itemListElement\":[{\"@type\":\"ListItem\",\"position\":1,\"name\":\"Home\",\"item\":\"https:\/\/devaharmony.com\/de\/\"},{\"@type\":\"ListItem\",\"position\":2,\"name\":\"Ayurvedische Produkte\",\"item\":\"https:\/\/devaharmony.com\/de\/ayurvedische-produkte\/\"},{\"@type\":\"ListItem\",\"position\":3,\"name\":\"Triphala Churna &#8211; 100g\"}]},{\"@type\":\"WebSite\",\"@id\":\"https:\/\/devaharmony.com\/de\/#website\",\"url\":\"https:\/\/devaharmony.com\/de\/\",\"name\":\"Deva Harmony Polen\",\"description\":\"Ayurvedische Nahrungserg\u00e4nzungsmittel\",\"potentialAction\":[{\"@type\":\"SearchAction\",\"target\":{\"@type\":\"EntryPoint\",\"urlTemplate\":\"https:\/\/devaharmony.com\/de\/?s={search_term_string}\"},\"query-input\":\"required name=search_term_string\"}],\"inLanguage\":\"de\"}]}<\/script>\n<!-- \/ Yoast SEO plugin. -->","yoast_head_json":{"title":"Triphala Churna - 100g - Deva Harmony Polen","robots":{"index":"index","follow":"follow","max-snippet":"max-snippet:-1","max-image-preview":"max-image-preview:large","max-video-preview":"max-video-preview:-1"},"canonical":"https:\/\/devaharmony.com\/de\/speichern\/triphala-churna-100g\/","og_locale":"de_DE","og_type":"article","og_title":"Triphala Churna - 100g - Deva Harmony Polen","og_description":"Bew\u00e4hrtes nat\u00fcrliches Verj\u00fcngungsmittel \u2600\ufe0f   \u00a0\u00a0\u00a0 Hilft bei der Wiederherstellung des normalen Verdauungsprozesses  \u00a0\u00a0\u00a0 Beseitigt giftige Substanzen aus dem K\u00f6rper  \u00a0\u00a0\u00a0 Beseitigt Verdauungsst\u00f6rungen, Verstopfung und Verdauungsprobleme  \u00a0\u00a0\u00a0 St\u00e4rkt das Immunit\u00e4tsniveau  \u00a0\u00a0\u00a0 Ausgezeichnet bei Augen- und Haarproblemen  100% vegan   Inhalt: 100 g  1 Packung ist ausreichend f\u00fcr 1 Monat Dauergebrauch","og_url":"https:\/\/devaharmony.com\/de\/speichern\/triphala-churna-100g\/","og_site_name":"Deva Harmony Polen","article_modified_time":"2026-04-07T18:32:13+00:00","og_image":[{"width":800,"height":1200,"url":"https:\/\/devaharmony.com\/de\/wp-content\/uploads\/2023\/07\/triphala-churna-3.png","type":"image\/png"}],"twitter_card":"summary_large_image","twitter_misc":{"Gesch\u00e4tzte Lesezeit":"3\u00a0Minuten"},"schema":{"@context":"https:\/\/schema.org","@graph":[{"@type":"WebPage","@id":"https:\/\/devaharmony.com\/de\/speichern\/triphala-churna-100g\/","url":"https:\/\/devaharmony.com\/de\/speichern\/triphala-churna-100g\/","name":"Triphala Churna - 100g - Deva Harmony Polen","isPartOf":{"@id":"https:\/\/devaharmony.com\/de\/#website"},"primaryImageOfPage":{"@id":"https:\/\/devaharmony.com\/de\/speichern\/triphala-churna-100g\/#primaryimage"},"image":{"@id":"https:\/\/devaharmony.com\/de\/speichern\/triphala-churna-100g\/#primaryimage"},"thumbnailUrl":"https:\/\/devaharmony.com\/de\/wp-content\/uploads\/2023\/07\/triphala-churna-3.png","datePublished":"2023-07-20T14:08:27+00:00","dateModified":"2026-04-07T18:32:13+00:00","breadcrumb":{"@id":"https:\/\/devaharmony.com\/de\/speichern\/triphala-churna-100g\/#breadcrumb"},"inLanguage":"de","potentialAction":[{"@type":"ReadAction","target":["https:\/\/devaharmony.com\/de\/speichern\/triphala-churna-100g\/"]}]},{"@type":"ImageObject","inLanguage":"de","@id":"https:\/\/devaharmony.com\/de\/speichern\/triphala-churna-100g\/#primaryimage","url":"https:\/\/devaharmony.com\/de\/wp-content\/uploads\/2023\/07\/triphala-churna-3.png","contentUrl":"https:\/\/devaharmony.com\/de\/wp-content\/uploads\/2023\/07\/triphala-churna-3.png","width":800,"height":1200},{"@type":"BreadcrumbList","@id":"https:\/\/devaharmony.com\/de\/speichern\/triphala-churna-100g\/#breadcrumb","itemListElement":[{"@type":"ListItem","position":1,"name":"Home","item":"https:\/\/devaharmony.com\/de\/"},{"@type":"ListItem","position":2,"name":"Ayurvedische Produkte","item":"https:\/\/devaharmony.com\/de\/ayurvedische-produkte\/"},{"@type":"ListItem","position":3,"name":"Triphala Churna &#8211; 100g"}]},{"@type":"WebSite","@id":"https:\/\/devaharmony.com\/de\/#website","url":"https:\/\/devaharmony.com\/de\/","name":"Deva Harmony Polen","description":"Ayurvedische Nahrungserg\u00e4nzungsmittel","potentialAction":[{"@type":"SearchAction","target":{"@type":"EntryPoint","urlTemplate":"https:\/\/devaharmony.com\/de\/?s={search_term_string}"},"query-input":"required name=search_term_string"}],"inLanguage":"de"}]}},"_links":{"self":[{"href":"https:\/\/devaharmony.com\/de\/wp-json\/wp\/v2\/product\/21465"}],"collection":[{"href":"https:\/\/devaharmony.com\/de\/wp-json\/wp\/v2\/product"}],"about":[{"href":"https:\/\/devaharmony.com\/de\/wp-json\/wp\/v2\/types\/product"}],"wp:featuredmedia":[{"embeddable":true,"href":"https:\/\/devaharmony.com\/de\/wp-json\/wp\/v2\/media\/21464"}],"wp:attachment":[{"href":"https:\/\/devaharmony.com\/de\/wp-json\/wp\/v2\/media?parent=21465"}],"wp:term":[{"taxonomy":"product_cat","embeddable":true,"href":"https:\/\/devaharmony.com\/de\/wp-json\/wp\/v2\/product_cat?post=21465"},{"taxonomy":"product_tag","embeddable":true,"href":"https:\/\/devaharmony.com\/de\/wp-json\/wp\/v2\/product_tag?post=21465"}],"curies":[{"name":"wp","href":"https:\/\/api.w.org\/{rel}","templated":true}]}}