{"id":21445,"date":"2023-07-20T15:05:25","date_gmt":"2023-07-20T14:05:25","guid":{"rendered":"https:\/\/devaharmony.com\/de\/sklep\/shatavari-120-tabletten\/"},"modified":"2026-04-07T09:47:16","modified_gmt":"2026-04-07T08:47:16","slug":"shatavari-120-tabletten","status":"publish","type":"product","link":"https:\/\/devaharmony.com\/de\/speichern\/shatavari-120-tabletten\/","title":{"rendered":"Shatavari &#8211; 120 Tabletten"},"content":{"rendered":"<p>Shatavari ist ein vielseitiges Tonikum und ein verj\u00fcngendes Kraut, das jeder Person, ob Mann oder Frau, jung oder alt, gegeben werden kann. Es strafft, reinigt, n\u00e4hrt und st\u00e4rkt die weiblichen Fortpflanzungsorgane und wird traditionell bei PMS (pr\u00e4menstruelles Syndrom), Ausbleiben der Menstruation, schmerzhaften Perioden, Wechseljahren und entz\u00fcndlichen Beckenerkrankungen wie Endometriose eingesetzt.<\/p>\n<p>Es unterst\u00fctzt auch die tieferen Gewebe und baut Blut auf, so dass es hilft, Unfruchtbarkeit zu beseitigen, die Geb\u00e4rmutter auf die Empf\u00e4ngnis vorzubereiten, Fehlgeburten vorzubeugen und als Tonikum nach der Geburt zu wirken, wo es hilft, die Laktation zu steigern und die Geb\u00e4rmutter und die wechselnden Hormone zu normalisieren.<\/p>\n<p>Shatavari ist ein k\u00fchlendes, beruhigendes, n\u00e4hrendes und reinigendes Kraut, das die Fruchtbarkeit erh\u00f6ht und den weiblichen Fortpflanzungsorganen Kraft verleiht. Bei Frauen dient es insbesondere als Tonikum zur Normalisierung der Hormonschwankungen w\u00e4hrend des Menstruationszyklus sowie in verschiedenen Phasen der Schwangerschaft. M\u00e4nner k\u00f6nnen es als verj\u00fcngendes Tonikum verwenden, das den K\u00f6rper energetisiert und ihm neue Vitalit\u00e4t verleiht.<\/p>\n<p><b>100% veganes Produkt<\/b><\/p>\n<p><b>Empfohlene Tagesdosis<\/b>: 2 Tabletten<\/p>\n<p><b>Inhalt<\/b>: 120 Tabletten<\/p>\n<p><b>Marke<\/b>: JIVA Ayurvedische Apotheke Ltd.<\/p>\n<p><b>Herkunftsland<\/b>: Indien<\/p>\n<p>*Die empfohlene t\u00e4gliche Verzehrsmenge darf nicht \u00fcberschritten werden. Das Nahrungserg\u00e4nzungsmittel sollte nicht als Ersatz f\u00fcr eine abwechslungsreiche Ern\u00e4hrung verwendet werden. Achten Sie auf eine gesunde Lebensweise und eine ausgewogene Ern\u00e4hrung. Nicht verwenden bei \u00dcberempfindlichkeit gegen\u00fcber den Inhaltsstoffen des Pr\u00e4parats. Das Produkt ist nicht f\u00fcr schwangere oder stillende Frauen und Kinder bestimmt.<\/p>\n<p>*Au\u00dferhalb der Reichweite von Kleinkindern aufbewahren. Vor Licht und Feuchtigkeit sch\u00fctzen.<\/p>\n<p>*Bei dem beschriebenen Produkt handelt es sich um ein Nahrungserg\u00e4nzungsmittel, nicht um ein Arzneimittel zur Vorbeugung oder Behandlung menschlicher Krankheiten.<\/p>\n<p>*Bei der Einnahme von pflanzlichen Pr\u00e4paraten ist es am besten, einen Arzt oder Apotheker zu konsultieren, da die Wahl des richtigen pflanzlichen Pr\u00e4parats ebenso viel Wissen erfordert wie bei einem chemischen Pr\u00e4parat. Es ist wichtig, daran zu denken, dass pflanzliche Zubereitungen mit Medikamenten, die Sie einnehmen, in Wechselwirkung treten und Gesundheitsrisiken bergen k\u00f6nnen. Einige pflanzliche Pr\u00e4parate k\u00f6nnen starke Wirkungen hervorrufen, daher ist es wichtig, alle Empfehlungen und Einschr\u00e4nkungen des Herstellers zu beachten. Stillende M\u00fctter und schwangere Frauen m\u00fcssen bei der Einnahme besonders vorsichtig sein.<\/p>\n","protected":false},"excerpt":{"rendered":"<p><b>Ein gen\u00e4hrtes und starkes Fortpflanzungssystem \u2600\ufe0f<\/b><\/p>\n<ul>\n<li>\u00a0\u00a0\u00a0 Gut f\u00fcr die weiblichen Fortpflanzungsorgane<\/li>\n<li>\u00a0\u00a0\u00a0 Verbessert die Fruchtbarkeit bei M\u00e4nnern und Frauen<\/li>\n<li>\u00a0\u00a0\u00a0 Schw\u00e4chung des Gewebes &#8211; n\u00e4hrt das K\u00f6rpergewebe<\/li>\n<li>\u00a0\u00a0\u00a0 St\u00f6rungen der Menstruation<\/li>\n<li>\u00a0\u00a0\u00a0 Unterst\u00fctzt die Periode vor der Menopause<\/li>\n<li>\u00a0\u00a0\u00a0 Endometriose<\/li>\n<li>\u00a0\u00a0\u00a0 Reguliert die Laktation<\/li>\n<li>\u00a0\u00a0\u00a0 Reinigung des reproduktiven Gewebes<\/li>\n<\/ul>\n<p><b>100% veganes Produkt<\/b><\/p>\n<p><b>Inhalt<\/b>: 120 Tabletten<\/p>\n<p><b>1 Packung reicht f\u00fcr eine 2-monatige Anwendung <\/b><\/p>\n","protected":false},"featured_media":6929,"template":"","meta":[],"product_cat":[666,680,739,688,738],"product_tag":[],"class_list":{"0":"post-21445","1":"product","2":"type-product","3":"status-publish","4":"has-post-thumbnail","6":"product_cat-ayurvedische-erganzungen","7":"product_cat-krautertabletten-und-kapseln","8":"product_cat-pitta","9":"product_cat-sexuelle-gesundheit","10":"product_cat-vata","12":"first","13":"instock","14":"taxable","15":"shipping-taxable","16":"purchasable","17":"product-type-simple","18":"add-to-wishlist-before_image"},"acf":{"ilosc_sztuk_w_pudelku":"","ilosc_pudelek_w_kartonie":"","wykluczyc_z_szybkich_zakupow":""},"yoast_head":"<!-- This site is optimized with the Yoast SEO plugin v23.1 - https:\/\/yoast.com\/wordpress\/plugins\/seo\/ -->\n<title>Shatavari - 120 Tabletten - Deva Harmony Polen<\/title>\n<meta name=\"robots\" content=\"index, follow, max-snippet:-1, max-image-preview:large, max-video-preview:-1\" \/>\n<link rel=\"canonical\" href=\"https:\/\/devaharmony.com\/de\/speichern\/shatavari-120-tabletten\/\" \/>\n<meta property=\"og:locale\" content=\"de_DE\" \/>\n<meta property=\"og:type\" content=\"article\" \/>\n<meta property=\"og:title\" content=\"Shatavari - 120 Tabletten - Deva Harmony Polen\" \/>\n<meta property=\"og:description\" content=\"Ein gen\u00e4hrtes und starkes Fortpflanzungssystem \u2600\ufe0f   \u00a0\u00a0\u00a0 Gut f\u00fcr die weiblichen Fortpflanzungsorgane  \u00a0\u00a0\u00a0 Verbessert die Fruchtbarkeit bei M\u00e4nnern und Frauen  \u00a0\u00a0\u00a0 Schw\u00e4chung des Gewebes - n\u00e4hrt das K\u00f6rpergewebe  \u00a0\u00a0\u00a0 St\u00f6rungen der Menstruation  \u00a0\u00a0\u00a0 Unterst\u00fctzt die Periode vor der Menopause  \u00a0\u00a0\u00a0 Endometriose  \u00a0\u00a0\u00a0 Reguliert die Laktation  \u00a0\u00a0\u00a0 Reinigung des reproduktiven Gewebes  100% veganes Produkt  Inhalt: 120 Tabletten  1 Packung reicht f\u00fcr eine 2-monatige Anwendung\" \/>\n<meta property=\"og:url\" content=\"https:\/\/devaharmony.com\/de\/speichern\/shatavari-120-tabletten\/\" \/>\n<meta property=\"og:site_name\" content=\"Deva Harmony Polen\" \/>\n<meta property=\"article:modified_time\" content=\"2026-04-07T08:47:16+00:00\" \/>\n<meta property=\"og:image\" content=\"https:\/\/devaharmony.com\/de\/wp-content\/uploads\/2023\/07\/bb8112dbca46cf73ec239689ebf1c389-3.png\" \/>\n\t<meta property=\"og:image:width\" content=\"800\" \/>\n\t<meta property=\"og:image:height\" content=\"1200\" \/>\n\t<meta property=\"og:image:type\" content=\"image\/png\" \/>\n<meta name=\"twitter:card\" content=\"summary_large_image\" \/>\n<meta name=\"twitter:label1\" content=\"Gesch\u00e4tzte Lesezeit\" \/>\n\t<meta name=\"twitter:data1\" content=\"2\u00a0Minuten\" \/>\n<script type=\"application\/ld+json\" class=\"yoast-schema-graph\">{\"@context\":\"https:\/\/schema.org\",\"@graph\":[{\"@type\":\"WebPage\",\"@id\":\"https:\/\/devaharmony.com\/de\/speichern\/shatavari-120-tabletten\/\",\"url\":\"https:\/\/devaharmony.com\/de\/speichern\/shatavari-120-tabletten\/\",\"name\":\"Shatavari - 120 Tabletten - Deva Harmony Polen\",\"isPartOf\":{\"@id\":\"https:\/\/devaharmony.com\/de\/#website\"},\"primaryImageOfPage\":{\"@id\":\"https:\/\/devaharmony.com\/de\/speichern\/shatavari-120-tabletten\/#primaryimage\"},\"image\":{\"@id\":\"https:\/\/devaharmony.com\/de\/speichern\/shatavari-120-tabletten\/#primaryimage\"},\"thumbnailUrl\":\"https:\/\/devaharmony.com\/de\/wp-content\/uploads\/2021\/02\/shatavari-1.png\",\"datePublished\":\"2023-07-20T14:05:25+00:00\",\"dateModified\":\"2026-04-07T08:47:16+00:00\",\"breadcrumb\":{\"@id\":\"https:\/\/devaharmony.com\/de\/speichern\/shatavari-120-tabletten\/#breadcrumb\"},\"inLanguage\":\"de\",\"potentialAction\":[{\"@type\":\"ReadAction\",\"target\":[\"https:\/\/devaharmony.com\/de\/speichern\/shatavari-120-tabletten\/\"]}]},{\"@type\":\"ImageObject\",\"inLanguage\":\"de\",\"@id\":\"https:\/\/devaharmony.com\/de\/speichern\/shatavari-120-tabletten\/#primaryimage\",\"url\":\"https:\/\/devaharmony.com\/de\/wp-content\/uploads\/2021\/02\/shatavari-1.png\",\"contentUrl\":\"https:\/\/devaharmony.com\/de\/wp-content\/uploads\/2021\/02\/shatavari-1.png\",\"width\":800,\"height\":1200},{\"@type\":\"BreadcrumbList\",\"@id\":\"https:\/\/devaharmony.com\/de\/speichern\/shatavari-120-tabletten\/#breadcrumb\",\"itemListElement\":[{\"@type\":\"ListItem\",\"position\":1,\"name\":\"Home\",\"item\":\"https:\/\/devaharmony.com\/de\/\"},{\"@type\":\"ListItem\",\"position\":2,\"name\":\"Ayurvedische Produkte\",\"item\":\"https:\/\/devaharmony.com\/de\/ayurvedische-produkte\/\"},{\"@type\":\"ListItem\",\"position\":3,\"name\":\"Shatavari &#8211; 120 Tabletten\"}]},{\"@type\":\"WebSite\",\"@id\":\"https:\/\/devaharmony.com\/de\/#website\",\"url\":\"https:\/\/devaharmony.com\/de\/\",\"name\":\"Deva Harmony Polen\",\"description\":\"Ayurvedische Nahrungserg\u00e4nzungsmittel\",\"potentialAction\":[{\"@type\":\"SearchAction\",\"target\":{\"@type\":\"EntryPoint\",\"urlTemplate\":\"https:\/\/devaharmony.com\/de\/?s={search_term_string}\"},\"query-input\":\"required name=search_term_string\"}],\"inLanguage\":\"de\"}]}<\/script>\n<!-- \/ Yoast SEO plugin. -->","yoast_head_json":{"title":"Shatavari - 120 Tabletten - Deva Harmony Polen","robots":{"index":"index","follow":"follow","max-snippet":"max-snippet:-1","max-image-preview":"max-image-preview:large","max-video-preview":"max-video-preview:-1"},"canonical":"https:\/\/devaharmony.com\/de\/speichern\/shatavari-120-tabletten\/","og_locale":"de_DE","og_type":"article","og_title":"Shatavari - 120 Tabletten - Deva Harmony Polen","og_description":"Ein gen\u00e4hrtes und starkes Fortpflanzungssystem \u2600\ufe0f   \u00a0\u00a0\u00a0 Gut f\u00fcr die weiblichen Fortpflanzungsorgane  \u00a0\u00a0\u00a0 Verbessert die Fruchtbarkeit bei M\u00e4nnern und Frauen  \u00a0\u00a0\u00a0 Schw\u00e4chung des Gewebes - n\u00e4hrt das K\u00f6rpergewebe  \u00a0\u00a0\u00a0 St\u00f6rungen der Menstruation  \u00a0\u00a0\u00a0 Unterst\u00fctzt die Periode vor der Menopause  \u00a0\u00a0\u00a0 Endometriose  \u00a0\u00a0\u00a0 Reguliert die Laktation  \u00a0\u00a0\u00a0 Reinigung des reproduktiven Gewebes  100% veganes Produkt  Inhalt: 120 Tabletten  1 Packung reicht f\u00fcr eine 2-monatige Anwendung","og_url":"https:\/\/devaharmony.com\/de\/speichern\/shatavari-120-tabletten\/","og_site_name":"Deva Harmony Polen","article_modified_time":"2026-04-07T08:47:16+00:00","og_image":[{"width":800,"height":1200,"url":"https:\/\/devaharmony.com\/de\/wp-content\/uploads\/2023\/07\/bb8112dbca46cf73ec239689ebf1c389-3.png","type":"image\/png"}],"twitter_card":"summary_large_image","twitter_misc":{"Gesch\u00e4tzte Lesezeit":"2\u00a0Minuten"},"schema":{"@context":"https:\/\/schema.org","@graph":[{"@type":"WebPage","@id":"https:\/\/devaharmony.com\/de\/speichern\/shatavari-120-tabletten\/","url":"https:\/\/devaharmony.com\/de\/speichern\/shatavari-120-tabletten\/","name":"Shatavari - 120 Tabletten - Deva Harmony Polen","isPartOf":{"@id":"https:\/\/devaharmony.com\/de\/#website"},"primaryImageOfPage":{"@id":"https:\/\/devaharmony.com\/de\/speichern\/shatavari-120-tabletten\/#primaryimage"},"image":{"@id":"https:\/\/devaharmony.com\/de\/speichern\/shatavari-120-tabletten\/#primaryimage"},"thumbnailUrl":"https:\/\/devaharmony.com\/de\/wp-content\/uploads\/2021\/02\/shatavari-1.png","datePublished":"2023-07-20T14:05:25+00:00","dateModified":"2026-04-07T08:47:16+00:00","breadcrumb":{"@id":"https:\/\/devaharmony.com\/de\/speichern\/shatavari-120-tabletten\/#breadcrumb"},"inLanguage":"de","potentialAction":[{"@type":"ReadAction","target":["https:\/\/devaharmony.com\/de\/speichern\/shatavari-120-tabletten\/"]}]},{"@type":"ImageObject","inLanguage":"de","@id":"https:\/\/devaharmony.com\/de\/speichern\/shatavari-120-tabletten\/#primaryimage","url":"https:\/\/devaharmony.com\/de\/wp-content\/uploads\/2021\/02\/shatavari-1.png","contentUrl":"https:\/\/devaharmony.com\/de\/wp-content\/uploads\/2021\/02\/shatavari-1.png","width":800,"height":1200},{"@type":"BreadcrumbList","@id":"https:\/\/devaharmony.com\/de\/speichern\/shatavari-120-tabletten\/#breadcrumb","itemListElement":[{"@type":"ListItem","position":1,"name":"Home","item":"https:\/\/devaharmony.com\/de\/"},{"@type":"ListItem","position":2,"name":"Ayurvedische Produkte","item":"https:\/\/devaharmony.com\/de\/ayurvedische-produkte\/"},{"@type":"ListItem","position":3,"name":"Shatavari &#8211; 120 Tabletten"}]},{"@type":"WebSite","@id":"https:\/\/devaharmony.com\/de\/#website","url":"https:\/\/devaharmony.com\/de\/","name":"Deva Harmony Polen","description":"Ayurvedische Nahrungserg\u00e4nzungsmittel","potentialAction":[{"@type":"SearchAction","target":{"@type":"EntryPoint","urlTemplate":"https:\/\/devaharmony.com\/de\/?s={search_term_string}"},"query-input":"required name=search_term_string"}],"inLanguage":"de"}]}},"_links":{"self":[{"href":"https:\/\/devaharmony.com\/de\/wp-json\/wp\/v2\/product\/21445"}],"collection":[{"href":"https:\/\/devaharmony.com\/de\/wp-json\/wp\/v2\/product"}],"about":[{"href":"https:\/\/devaharmony.com\/de\/wp-json\/wp\/v2\/types\/product"}],"wp:featuredmedia":[{"embeddable":true,"href":"https:\/\/devaharmony.com\/de\/wp-json\/wp\/v2\/media\/6929"}],"wp:attachment":[{"href":"https:\/\/devaharmony.com\/de\/wp-json\/wp\/v2\/media?parent=21445"}],"wp:term":[{"taxonomy":"product_cat","embeddable":true,"href":"https:\/\/devaharmony.com\/de\/wp-json\/wp\/v2\/product_cat?post=21445"},{"taxonomy":"product_tag","embeddable":true,"href":"https:\/\/devaharmony.com\/de\/wp-json\/wp\/v2\/product_tag?post=21445"}],"curies":[{"name":"wp","href":"https:\/\/api.w.org\/{rel}","templated":true}]}}