{"id":21431,"date":"2023-07-20T15:02:50","date_gmt":"2023-07-20T14:02:50","guid":{"rendered":"https:\/\/devaharmony.com\/de\/sklep\/brahmi-120-tabletten\/"},"modified":"2026-03-30T08:08:19","modified_gmt":"2026-03-30T07:08:19","slug":"brahmi-120-tabletten","status":"publish","type":"product","link":"https:\/\/devaharmony.com\/de\/speichern\/brahmi-120-tabletten\/","title":{"rendered":"Brahmi &#8211; 120 Tabletten"},"content":{"rendered":"<p>Die indischen \u00c4rzte verwenden es seit vielen Jahren, und nun hat das Kraut auch Europa erreicht, wo es sich wachsender Beliebtheit erfreut. Und das nicht nur bei Anh\u00e4ngern der ayurvedischen Medizin.<\/p>\n<p>Brahmi ist eine Wunderpflanze, die die geistige Leistungsf\u00e4higkeit verbessert. Indische \u00c4rzte verwenden dieses Kraut, Brahmi, seit Jahrhunderten wegen seiner positiven Auswirkungen auf das Nervensystem. Es ist ein bew\u00e4hrtes Tonikum f\u00fcr das Gehirn, und seine verj\u00fcngende Wirkung auf das gesamte Nervensystem ist legend\u00e4r. Die Tablette hilft auch bei der Bek\u00e4mpfung von Stress und psychischen Traumata. Unsere Inhaltsstoffe stammen ausschlie\u00dflich aus biologischem Anbau, was die Wirksamkeit der Tablette erh\u00f6ht. Die Potenz der Inhaltsstoffe wird durch fortschrittliche Verfahren aufrechterhalten, die strenge Qualit\u00e4tsstandards erf\u00fcllen.<\/p>\n<p>Beruhigt die Kapha- und Pitta-Doshas im K\u00f6rper. Verbessert deutlich die geistige Leistungsf\u00e4higkeit. Verj\u00fcngt die Dhatus (Gewebe) und st\u00e4rkt das Herz.<\/p>\n<p>Die rein nat\u00fcrliche Formel ist v\u00f6llig sicher f\u00fcr den nicht-allt\u00e4glichen Gebrauch. Es ist ein idealer t\u00e4glicher Begleiter, der das am meisten beanspruchte Organ unseres K\u00f6rpers &#8211; das Gehirn &#8211; wirklich unterst\u00fctzt.<\/p>\n<p>Es stabilisiert das Ged\u00e4chtnis, sorgt f\u00fcr ein hohes Ma\u00df an Konzentration, beruhigt und reinigt und sorgt f\u00fcr emotionales Gleichgewicht. Brahmi kann bei einer Vielzahl von Beschwerden eingenommen werden.<\/p>\n<p><b>100% veganes Produkt<\/b><\/p>\n<p><b>Empfohlene Tagesdosis: <\/b>2 Tabletten<\/p>\n<p><b>Inhalt<\/b>: 120 Tabletten<\/p>\n<p><b>Marke<\/b>: JIVA Ayurvedische Apotheke Ltd.<\/p>\n<p><b>Herkunftsland<\/b>: Indien<\/p>\n<p>*Die empfohlene t\u00e4gliche Verzehrsmenge darf nicht \u00fcberschritten werden. Das Nahrungserg\u00e4nzungsmittel sollte nicht als Ersatz f\u00fcr eine abwechslungsreiche Ern\u00e4hrung verwendet werden. Achten Sie auf eine gesunde Lebensweise und eine ausgewogene Ern\u00e4hrung. Nicht verwenden bei \u00dcberempfindlichkeit gegen\u00fcber den Inhaltsstoffen des Pr\u00e4parats. Das Produkt ist nicht f\u00fcr schwangere oder stillende Frauen und Kinder bestimmt.<\/p>\n<p>*Au\u00dferhalb der Reichweite von Kleinkindern aufbewahren. Vor Licht und Feuchtigkeit sch\u00fctzen.<\/p>\n<p>*Bei dem beschriebenen Produkt handelt es sich um ein Nahrungserg\u00e4nzungsmittel, nicht um ein Arzneimittel zur Vorbeugung oder Behandlung menschlicher Krankheiten.<\/p>\n<p>*Bei der Einnahme von pflanzlichen Pr\u00e4paraten ist es am besten, einen Arzt oder Apotheker zu konsultieren, da die Wahl des richtigen pflanzlichen Pr\u00e4parats ebenso viel Wissen erfordert wie bei einem chemischen Pr\u00e4parat. Es ist wichtig, daran zu denken, dass pflanzliche Zubereitungen mit Medikamenten, die Sie einnehmen, in Wechselwirkung treten und Gesundheitsrisiken bergen k\u00f6nnen. Einige pflanzliche Pr\u00e4parate k\u00f6nnen starke Wirkungen hervorrufen, daher ist es wichtig, alle Empfehlungen und Einschr\u00e4nkungen des Herstellers zu beachten. Stillende M\u00fctter und schwangere Frauen m\u00fcssen bei der Einnahme besonders vorsichtig sein.<\/p>\n","protected":false},"excerpt":{"rendered":"<p><b>Brahmi (Bacopa monnieri) gilt als das wichtigste Kraut zur Regulierung der Funktion des Nervensystems, das in der ayurvedischen Medizin verwendet wird. \u2728<\/b><\/p>\n<ul>\n<li>\u00a0\u00a0\u00a0 Verbessert die geistige Funktion<\/li>\n<li>\u00a0\u00a0\u00a0 Ausgezeichnetes Tonikum f\u00fcr das Gehirn<\/li>\n<li>\u00a0\u00a0\u00a0 Verj\u00fcngt das Nervensystem<\/li>\n<li>\u00a0\u00a0\u00a0 Hilft gegen Stress und Angstzust\u00e4nde<\/li>\n<li>\u00a0\u00a0\u00a0 Verbessert Ged\u00e4chtnis und Konzentration<\/li>\n<\/ul>\n<p><b>100% veganes Produkt<\/b><\/p>\n<p><b>Inhalt<\/b>: 120 Tabletten<\/p>\n<p><b>1 Packung reicht f\u00fcr 2 Monate bei regelm\u00e4\u00dfiger Einnahme.<\/b><\/p>\n","protected":false},"featured_media":7485,"template":"","meta":[],"product_cat":[742,666,683,740,680,739,685,738,687],"product_tag":[],"class_list":{"0":"post-21431","1":"product","2":"type-product","3":"status-publish","4":"has-post-thumbnail","6":"product_cat-adaptogene","7":"product_cat-ayurvedische-erganzungen","8":"product_cat-immunitat","9":"product_cat-kapha","10":"product_cat-krautertabletten-und-kapseln","11":"product_cat-pitta","12":"product_cat-stress-und-gedachtnis","13":"product_cat-vata","14":"product_cat-wohlbefinden","16":"first","17":"outofstock","18":"taxable","19":"shipping-taxable","20":"purchasable","21":"product-type-simple","22":"add-to-wishlist-before_image"},"acf":{"ilosc_sztuk_w_pudelku":"","ilosc_pudelek_w_kartonie":"","wykluczyc_z_szybkich_zakupow":""},"yoast_head":"<!-- This site is optimized with the Yoast SEO plugin v23.1 - https:\/\/yoast.com\/wordpress\/plugins\/seo\/ -->\n<title>Brahmi - 120 Tabletten - Deva Harmony Polen<\/title>\n<meta name=\"robots\" content=\"index, follow, max-snippet:-1, max-image-preview:large, max-video-preview:-1\" \/>\n<link rel=\"canonical\" href=\"https:\/\/devaharmony.com\/de\/speichern\/brahmi-120-tabletten\/\" \/>\n<meta property=\"og:locale\" content=\"de_DE\" \/>\n<meta property=\"og:type\" content=\"article\" \/>\n<meta property=\"og:title\" content=\"Brahmi - 120 Tabletten - Deva Harmony Polen\" \/>\n<meta property=\"og:description\" content=\"Brahmi (Bacopa monnieri) gilt als das wichtigste Kraut zur Regulierung der Funktion des Nervensystems, das in der ayurvedischen Medizin verwendet wird. \u2728   \u00a0\u00a0\u00a0 Verbessert die geistige Funktion  \u00a0\u00a0\u00a0 Ausgezeichnetes Tonikum f\u00fcr das Gehirn  \u00a0\u00a0\u00a0 Verj\u00fcngt das Nervensystem  \u00a0\u00a0\u00a0 Hilft gegen Stress und Angstzust\u00e4nde  \u00a0\u00a0\u00a0 Verbessert Ged\u00e4chtnis und Konzentration  100% veganes Produkt  Inhalt: 120 Tabletten  1 Packung reicht f\u00fcr 2 Monate bei regelm\u00e4\u00dfiger Einnahme.\" \/>\n<meta property=\"og:url\" content=\"https:\/\/devaharmony.com\/de\/speichern\/brahmi-120-tabletten\/\" \/>\n<meta property=\"og:site_name\" content=\"Deva Harmony Polen\" \/>\n<meta property=\"article:modified_time\" content=\"2026-03-30T07:08:19+00:00\" \/>\n<meta property=\"og:image\" content=\"https:\/\/devaharmony.com\/de\/wp-content\/uploads\/2023\/07\/9a2066ef0ea13c0300f76cbaffb5117e-3.webp\" \/>\n\t<meta property=\"og:image:width\" content=\"800\" \/>\n\t<meta property=\"og:image:height\" content=\"1200\" \/>\n\t<meta property=\"og:image:type\" content=\"image\/webp\" \/>\n<meta name=\"twitter:card\" content=\"summary_large_image\" \/>\n<meta name=\"twitter:label1\" content=\"Gesch\u00e4tzte Lesezeit\" \/>\n\t<meta name=\"twitter:data1\" content=\"2\u00a0Minuten\" \/>\n<script type=\"application\/ld+json\" class=\"yoast-schema-graph\">{\"@context\":\"https:\/\/schema.org\",\"@graph\":[{\"@type\":\"WebPage\",\"@id\":\"https:\/\/devaharmony.com\/de\/speichern\/brahmi-120-tabletten\/\",\"url\":\"https:\/\/devaharmony.com\/de\/speichern\/brahmi-120-tabletten\/\",\"name\":\"Brahmi - 120 Tabletten - Deva Harmony Polen\",\"isPartOf\":{\"@id\":\"https:\/\/devaharmony.com\/de\/#website\"},\"primaryImageOfPage\":{\"@id\":\"https:\/\/devaharmony.com\/de\/speichern\/brahmi-120-tabletten\/#primaryimage\"},\"image\":{\"@id\":\"https:\/\/devaharmony.com\/de\/speichern\/brahmi-120-tabletten\/#primaryimage\"},\"thumbnailUrl\":\"https:\/\/devaharmony.com\/de\/wp-content\/uploads\/2021\/03\/Brahmi-\u2013-uklad-nerwowy-\u2013-120-tabletek-1.webp\",\"datePublished\":\"2023-07-20T14:02:50+00:00\",\"dateModified\":\"2026-03-30T07:08:19+00:00\",\"breadcrumb\":{\"@id\":\"https:\/\/devaharmony.com\/de\/speichern\/brahmi-120-tabletten\/#breadcrumb\"},\"inLanguage\":\"de\",\"potentialAction\":[{\"@type\":\"ReadAction\",\"target\":[\"https:\/\/devaharmony.com\/de\/speichern\/brahmi-120-tabletten\/\"]}]},{\"@type\":\"ImageObject\",\"inLanguage\":\"de\",\"@id\":\"https:\/\/devaharmony.com\/de\/speichern\/brahmi-120-tabletten\/#primaryimage\",\"url\":\"https:\/\/devaharmony.com\/de\/wp-content\/uploads\/2021\/03\/Brahmi-\u2013-uklad-nerwowy-\u2013-120-tabletek-1.webp\",\"contentUrl\":\"https:\/\/devaharmony.com\/de\/wp-content\/uploads\/2021\/03\/Brahmi-\u2013-uklad-nerwowy-\u2013-120-tabletek-1.webp\",\"width\":800,\"height\":1200,\"caption\":\"Brahmi \u2013 uk\u0142ad nerwowy \u2013 120 tabletek\"},{\"@type\":\"BreadcrumbList\",\"@id\":\"https:\/\/devaharmony.com\/de\/speichern\/brahmi-120-tabletten\/#breadcrumb\",\"itemListElement\":[{\"@type\":\"ListItem\",\"position\":1,\"name\":\"Home\",\"item\":\"https:\/\/devaharmony.com\/de\/\"},{\"@type\":\"ListItem\",\"position\":2,\"name\":\"Ayurvedische Produkte\",\"item\":\"https:\/\/devaharmony.com\/de\/ayurvedische-produkte\/\"},{\"@type\":\"ListItem\",\"position\":3,\"name\":\"Brahmi &#8211; 120 Tabletten\"}]},{\"@type\":\"WebSite\",\"@id\":\"https:\/\/devaharmony.com\/de\/#website\",\"url\":\"https:\/\/devaharmony.com\/de\/\",\"name\":\"Deva Harmony Polen\",\"description\":\"Ayurvedische Nahrungserg\u00e4nzungsmittel\",\"potentialAction\":[{\"@type\":\"SearchAction\",\"target\":{\"@type\":\"EntryPoint\",\"urlTemplate\":\"https:\/\/devaharmony.com\/de\/?s={search_term_string}\"},\"query-input\":\"required name=search_term_string\"}],\"inLanguage\":\"de\"}]}<\/script>\n<!-- \/ Yoast SEO plugin. -->","yoast_head_json":{"title":"Brahmi - 120 Tabletten - Deva Harmony Polen","robots":{"index":"index","follow":"follow","max-snippet":"max-snippet:-1","max-image-preview":"max-image-preview:large","max-video-preview":"max-video-preview:-1"},"canonical":"https:\/\/devaharmony.com\/de\/speichern\/brahmi-120-tabletten\/","og_locale":"de_DE","og_type":"article","og_title":"Brahmi - 120 Tabletten - Deva Harmony Polen","og_description":"Brahmi (Bacopa monnieri) gilt als das wichtigste Kraut zur Regulierung der Funktion des Nervensystems, das in der ayurvedischen Medizin verwendet wird. \u2728   \u00a0\u00a0\u00a0 Verbessert die geistige Funktion  \u00a0\u00a0\u00a0 Ausgezeichnetes Tonikum f\u00fcr das Gehirn  \u00a0\u00a0\u00a0 Verj\u00fcngt das Nervensystem  \u00a0\u00a0\u00a0 Hilft gegen Stress und Angstzust\u00e4nde  \u00a0\u00a0\u00a0 Verbessert Ged\u00e4chtnis und Konzentration  100% veganes Produkt  Inhalt: 120 Tabletten  1 Packung reicht f\u00fcr 2 Monate bei regelm\u00e4\u00dfiger Einnahme.","og_url":"https:\/\/devaharmony.com\/de\/speichern\/brahmi-120-tabletten\/","og_site_name":"Deva Harmony Polen","article_modified_time":"2026-03-30T07:08:19+00:00","og_image":[{"width":800,"height":1200,"url":"https:\/\/devaharmony.com\/de\/wp-content\/uploads\/2023\/07\/9a2066ef0ea13c0300f76cbaffb5117e-3.webp","type":"image\/webp"}],"twitter_card":"summary_large_image","twitter_misc":{"Gesch\u00e4tzte Lesezeit":"2\u00a0Minuten"},"schema":{"@context":"https:\/\/schema.org","@graph":[{"@type":"WebPage","@id":"https:\/\/devaharmony.com\/de\/speichern\/brahmi-120-tabletten\/","url":"https:\/\/devaharmony.com\/de\/speichern\/brahmi-120-tabletten\/","name":"Brahmi - 120 Tabletten - Deva Harmony Polen","isPartOf":{"@id":"https:\/\/devaharmony.com\/de\/#website"},"primaryImageOfPage":{"@id":"https:\/\/devaharmony.com\/de\/speichern\/brahmi-120-tabletten\/#primaryimage"},"image":{"@id":"https:\/\/devaharmony.com\/de\/speichern\/brahmi-120-tabletten\/#primaryimage"},"thumbnailUrl":"https:\/\/devaharmony.com\/de\/wp-content\/uploads\/2021\/03\/Brahmi-\u2013-uklad-nerwowy-\u2013-120-tabletek-1.webp","datePublished":"2023-07-20T14:02:50+00:00","dateModified":"2026-03-30T07:08:19+00:00","breadcrumb":{"@id":"https:\/\/devaharmony.com\/de\/speichern\/brahmi-120-tabletten\/#breadcrumb"},"inLanguage":"de","potentialAction":[{"@type":"ReadAction","target":["https:\/\/devaharmony.com\/de\/speichern\/brahmi-120-tabletten\/"]}]},{"@type":"ImageObject","inLanguage":"de","@id":"https:\/\/devaharmony.com\/de\/speichern\/brahmi-120-tabletten\/#primaryimage","url":"https:\/\/devaharmony.com\/de\/wp-content\/uploads\/2021\/03\/Brahmi-\u2013-uklad-nerwowy-\u2013-120-tabletek-1.webp","contentUrl":"https:\/\/devaharmony.com\/de\/wp-content\/uploads\/2021\/03\/Brahmi-\u2013-uklad-nerwowy-\u2013-120-tabletek-1.webp","width":800,"height":1200,"caption":"Brahmi \u2013 uk\u0142ad nerwowy \u2013 120 tabletek"},{"@type":"BreadcrumbList","@id":"https:\/\/devaharmony.com\/de\/speichern\/brahmi-120-tabletten\/#breadcrumb","itemListElement":[{"@type":"ListItem","position":1,"name":"Home","item":"https:\/\/devaharmony.com\/de\/"},{"@type":"ListItem","position":2,"name":"Ayurvedische Produkte","item":"https:\/\/devaharmony.com\/de\/ayurvedische-produkte\/"},{"@type":"ListItem","position":3,"name":"Brahmi &#8211; 120 Tabletten"}]},{"@type":"WebSite","@id":"https:\/\/devaharmony.com\/de\/#website","url":"https:\/\/devaharmony.com\/de\/","name":"Deva Harmony Polen","description":"Ayurvedische Nahrungserg\u00e4nzungsmittel","potentialAction":[{"@type":"SearchAction","target":{"@type":"EntryPoint","urlTemplate":"https:\/\/devaharmony.com\/de\/?s={search_term_string}"},"query-input":"required name=search_term_string"}],"inLanguage":"de"}]}},"_links":{"self":[{"href":"https:\/\/devaharmony.com\/de\/wp-json\/wp\/v2\/product\/21431"}],"collection":[{"href":"https:\/\/devaharmony.com\/de\/wp-json\/wp\/v2\/product"}],"about":[{"href":"https:\/\/devaharmony.com\/de\/wp-json\/wp\/v2\/types\/product"}],"wp:featuredmedia":[{"embeddable":true,"href":"https:\/\/devaharmony.com\/de\/wp-json\/wp\/v2\/media\/7485"}],"wp:attachment":[{"href":"https:\/\/devaharmony.com\/de\/wp-json\/wp\/v2\/media?parent=21431"}],"wp:term":[{"taxonomy":"product_cat","embeddable":true,"href":"https:\/\/devaharmony.com\/de\/wp-json\/wp\/v2\/product_cat?post=21431"},{"taxonomy":"product_tag","embeddable":true,"href":"https:\/\/devaharmony.com\/de\/wp-json\/wp\/v2\/product_tag?post=21431"}],"curies":[{"name":"wp","href":"https:\/\/api.w.org\/{rel}","templated":true}]}}