{"id":21427,"date":"2023-07-20T15:02:10","date_gmt":"2023-07-20T14:02:10","guid":{"rendered":"https:\/\/devaharmony.com\/de\/sklep\/arjuna-120-tabletten\/"},"modified":"2026-01-27T13:56:47","modified_gmt":"2026-01-27T12:56:47","slug":"arjuna-120-tabletten","status":"publish","type":"product","link":"https:\/\/devaharmony.com\/de\/speichern\/arjuna-120-tabletten\/","title":{"rendered":"Arjuna &#8211; 120 Tabletten"},"content":{"rendered":"<p>Arjuna wird von ayurvedischen \u00c4rzten seit Jahrhunderten bei einer Reihe von Erkrankungen der lebenswichtigen Organe verschrieben. Seine F\u00e4higkeit, die Herzmuskeln zu st\u00e4rken, ist allgemein bekannt. Daher ist Arjuna bei Herzbeschwerden \u00e4u\u00dferst n\u00fctzlich. Sie hilft, Bluthochdruck zu kontrollieren und reduziert Komplikationen im Zusammenhang mit Diabetes. Arjuna-Mandeln beseitigen Blutverunreinigungen und helfen so, vielen anderen Krankheiten vorzubeugen. Wir bereiten die Tablette aus Zutaten vor, die aus der Natur gewonnen und durch ein strenges Qualit\u00e4tskontrollverfahren sortiert wurden. Die Inhaltsstoffe werden in einer hochentwickelten Anlage verarbeitet, die ihr Potenzial bewahrt und Verunreinigungen verhindert, um Ihnen das Beste aus dem klassischen Reichtum des Ayurveda zu bieten.<\/p>\n<p>Die Tablette beruhigt Kapha- und Pitta-Dosha und stellt das Gleichgewicht im K\u00f6rper wieder her. Sie st\u00e4rkt die Herzmuskeln und hilft, den Cholesterinspiegel zu senken. Sie hat auch eine antidiabetische Wirkung und normalisiert die Herz-Kreislauf-Funktion im K\u00f6rper. Es ist auch bei der Behandlung von Fettleibigkeit von Vorteil.<\/p>\n<p>In der ayurvedischen Medizin wirkt die gemeinsame Anwendung von Arjuna und Brahmi &#8211; https:\/\/devaharmony.com\/pl\/sklep\/brahmi-uklad-nerwowy-120-tabletek1\/ ? &#8211; wirkt auf einer subtilen Ebene und potenziert seine Eigenschaften und Wirkungen.<\/p>\n<p><b>100% veganes Produkt<\/b><\/p>\n<p><b>Empfohlene Tagesdosis: <\/b>2 Tabletten<\/p>\n<p>Inhalt: 120 Tabletten<\/p>\n<p><b>Marke<\/b>: JIVA Ayurvedische Apotheke Ltd.<\/p>\n<p><b>Herkunftsland<\/b>: Indien<\/p>\n<p>*Die empfohlene t\u00e4gliche Verzehrsmenge darf nicht \u00fcberschritten werden. Das Nahrungserg\u00e4nzungsmittel sollte nicht als Ersatz f\u00fcr eine abwechslungsreiche Ern\u00e4hrung verwendet werden. Achten Sie auf eine gesunde Lebensweise und eine ausgewogene Ern\u00e4hrung. Nicht verwenden bei \u00dcberempfindlichkeit gegen\u00fcber den Inhaltsstoffen des Pr\u00e4parats. Das Produkt ist nicht f\u00fcr schwangere oder stillende Frauen und Kinder bestimmt.<\/p>\n<p>*Au\u00dferhalb der Reichweite von Kleinkindern aufbewahren. Vor Licht und Feuchtigkeit sch\u00fctzen.<\/p>\n<p>*Bei dem beschriebenen Produkt handelt es sich um ein Nahrungserg\u00e4nzungsmittel, nicht um ein Arzneimittel zur Vorbeugung oder Behandlung menschlicher Krankheiten.<\/p>\n<p>*Bei der Einnahme von pflanzlichen Pr\u00e4paraten ist es ratsam, einen Arzt oder Apotheker zu konsultieren, da die Wahl des richtigen pflanzlichen Pr\u00e4parats ebenso viel Wissen erfordert wie die eines chemischen Pr\u00e4parats. Es ist wichtig, daran zu denken, dass pflanzliche Zubereitungen Wechselwirkungen mit Medikamenten haben k\u00f6nnen, die Sie einnehmen.<\/p>\n","protected":false},"excerpt":{"rendered":"<p><b>St\u00e4rkt Ihr Herz und kontrolliert Ihren Blutdruck \u2600\ufe0f<\/b><\/p>\n<ul>\n<li>\u00a0\u00a0\u00a0 Wird bei Herzproblemen wie Brennen, Schmerzen, Angstgef\u00fchlen und Herzrhythmusst\u00f6rungen eingesetzt,<\/li>\n<li>\u00a0\u00a0\u00a0 Bluthochdruck und Kreislaufinsuffizienz &#8211; Hypotonie<\/li>\n<li>\u00a0\u00a0\u00a0 St\u00e4rkt den Herzmuskel<\/li>\n<li>\u00a0\u00a0\u00a0 Hilfreich bei Fettleibigkeit und Diabetes<\/li>\n<li>\u00a0\u00a0\u00a0 Unterst\u00fctzt bei der Senkung des Cholesterinspiegels<\/li>\n<\/ul>\n<p><b>100% veganes Produkt<\/b><\/p>\n<p><b>Inhalt<\/b>: 120 Tabletten<\/p>\n<p><b>1 Packung reicht bei regelm\u00e4\u00dfiger Einnahme f\u00fcr 2 Monate.<\/b><\/p>\n","protected":false},"featured_media":21426,"template":"","meta":[],"product_cat":[666,686,680],"product_tag":[],"class_list":{"0":"post-21427","1":"product","2":"type-product","3":"status-publish","4":"has-post-thumbnail","6":"product_cat-ayurvedische-erganzungen","7":"product_cat-diabetes-behandlung","8":"product_cat-krautertabletten-und-kapseln","10":"first","11":"instock","12":"taxable","13":"shipping-taxable","14":"purchasable","15":"product-type-simple","16":"add-to-wishlist-before_image"},"acf":{"ilosc_sztuk_w_pudelku":"","ilosc_pudelek_w_kartonie":"","wykluczyc_z_szybkich_zakupow":""},"yoast_head":"<!-- This site is optimized with the Yoast SEO plugin v23.1 - https:\/\/yoast.com\/wordpress\/plugins\/seo\/ -->\n<title>Arjuna - 120 Tabletten - Deva Harmony Polen<\/title>\n<meta name=\"robots\" content=\"index, follow, max-snippet:-1, max-image-preview:large, max-video-preview:-1\" \/>\n<link rel=\"canonical\" href=\"https:\/\/devaharmony.com\/de\/speichern\/arjuna-120-tabletten\/\" \/>\n<meta property=\"og:locale\" content=\"de_DE\" \/>\n<meta property=\"og:type\" content=\"article\" \/>\n<meta property=\"og:title\" content=\"Arjuna - 120 Tabletten - Deva Harmony Polen\" \/>\n<meta property=\"og:description\" content=\"St\u00e4rkt Ihr Herz und kontrolliert Ihren Blutdruck \u2600\ufe0f   \u00a0\u00a0\u00a0 Wird bei Herzproblemen wie Brennen, Schmerzen, Angstgef\u00fchlen und Herzrhythmusst\u00f6rungen eingesetzt,  \u00a0\u00a0\u00a0 Bluthochdruck und Kreislaufinsuffizienz - Hypotonie  \u00a0\u00a0\u00a0 St\u00e4rkt den Herzmuskel  \u00a0\u00a0\u00a0 Hilfreich bei Fettleibigkeit und Diabetes  \u00a0\u00a0\u00a0 Unterst\u00fctzt bei der Senkung des Cholesterinspiegels  100% veganes Produkt  Inhalt: 120 Tabletten  1 Packung reicht bei regelm\u00e4\u00dfiger Einnahme f\u00fcr 2 Monate.\" \/>\n<meta property=\"og:url\" content=\"https:\/\/devaharmony.com\/de\/speichern\/arjuna-120-tabletten\/\" \/>\n<meta property=\"og:site_name\" content=\"Deva Harmony Polen\" \/>\n<meta property=\"article:modified_time\" content=\"2026-01-27T12:56:47+00:00\" \/>\n<meta property=\"og:image\" content=\"https:\/\/devaharmony.com\/de\/wp-content\/uploads\/2023\/07\/arjuna-1-3.png\" \/>\n\t<meta property=\"og:image:width\" content=\"800\" \/>\n\t<meta property=\"og:image:height\" content=\"1200\" \/>\n\t<meta property=\"og:image:type\" content=\"image\/png\" \/>\n<meta name=\"twitter:card\" content=\"summary_large_image\" \/>\n<meta name=\"twitter:label1\" content=\"Gesch\u00e4tzte Lesezeit\" \/>\n\t<meta name=\"twitter:data1\" content=\"2\u00a0Minuten\" \/>\n<script type=\"application\/ld+json\" class=\"yoast-schema-graph\">{\"@context\":\"https:\/\/schema.org\",\"@graph\":[{\"@type\":\"WebPage\",\"@id\":\"https:\/\/devaharmony.com\/de\/speichern\/arjuna-120-tabletten\/\",\"url\":\"https:\/\/devaharmony.com\/de\/speichern\/arjuna-120-tabletten\/\",\"name\":\"Arjuna - 120 Tabletten - Deva Harmony Polen\",\"isPartOf\":{\"@id\":\"https:\/\/devaharmony.com\/de\/#website\"},\"primaryImageOfPage\":{\"@id\":\"https:\/\/devaharmony.com\/de\/speichern\/arjuna-120-tabletten\/#primaryimage\"},\"image\":{\"@id\":\"https:\/\/devaharmony.com\/de\/speichern\/arjuna-120-tabletten\/#primaryimage\"},\"thumbnailUrl\":\"https:\/\/devaharmony.com\/de\/wp-content\/uploads\/2023\/07\/arjuna-1-3.png\",\"datePublished\":\"2023-07-20T14:02:10+00:00\",\"dateModified\":\"2026-01-27T12:56:47+00:00\",\"breadcrumb\":{\"@id\":\"https:\/\/devaharmony.com\/de\/speichern\/arjuna-120-tabletten\/#breadcrumb\"},\"inLanguage\":\"de\",\"potentialAction\":[{\"@type\":\"ReadAction\",\"target\":[\"https:\/\/devaharmony.com\/de\/speichern\/arjuna-120-tabletten\/\"]}]},{\"@type\":\"ImageObject\",\"inLanguage\":\"de\",\"@id\":\"https:\/\/devaharmony.com\/de\/speichern\/arjuna-120-tabletten\/#primaryimage\",\"url\":\"https:\/\/devaharmony.com\/de\/wp-content\/uploads\/2023\/07\/arjuna-1-3.png\",\"contentUrl\":\"https:\/\/devaharmony.com\/de\/wp-content\/uploads\/2023\/07\/arjuna-1-3.png\",\"width\":800,\"height\":1200},{\"@type\":\"BreadcrumbList\",\"@id\":\"https:\/\/devaharmony.com\/de\/speichern\/arjuna-120-tabletten\/#breadcrumb\",\"itemListElement\":[{\"@type\":\"ListItem\",\"position\":1,\"name\":\"Home\",\"item\":\"https:\/\/devaharmony.com\/de\/\"},{\"@type\":\"ListItem\",\"position\":2,\"name\":\"Ayurvedische Produkte\",\"item\":\"https:\/\/devaharmony.com\/de\/ayurvedische-produkte\/\"},{\"@type\":\"ListItem\",\"position\":3,\"name\":\"Arjuna &#8211; 120 Tabletten\"}]},{\"@type\":\"WebSite\",\"@id\":\"https:\/\/devaharmony.com\/de\/#website\",\"url\":\"https:\/\/devaharmony.com\/de\/\",\"name\":\"Deva Harmony Polen\",\"description\":\"Ayurvedische Nahrungserg\u00e4nzungsmittel\",\"potentialAction\":[{\"@type\":\"SearchAction\",\"target\":{\"@type\":\"EntryPoint\",\"urlTemplate\":\"https:\/\/devaharmony.com\/de\/?s={search_term_string}\"},\"query-input\":\"required name=search_term_string\"}],\"inLanguage\":\"de\"}]}<\/script>\n<!-- \/ Yoast SEO plugin. -->","yoast_head_json":{"title":"Arjuna - 120 Tabletten - Deva Harmony Polen","robots":{"index":"index","follow":"follow","max-snippet":"max-snippet:-1","max-image-preview":"max-image-preview:large","max-video-preview":"max-video-preview:-1"},"canonical":"https:\/\/devaharmony.com\/de\/speichern\/arjuna-120-tabletten\/","og_locale":"de_DE","og_type":"article","og_title":"Arjuna - 120 Tabletten - Deva Harmony Polen","og_description":"St\u00e4rkt Ihr Herz und kontrolliert Ihren Blutdruck \u2600\ufe0f   \u00a0\u00a0\u00a0 Wird bei Herzproblemen wie Brennen, Schmerzen, Angstgef\u00fchlen und Herzrhythmusst\u00f6rungen eingesetzt,  \u00a0\u00a0\u00a0 Bluthochdruck und Kreislaufinsuffizienz - Hypotonie  \u00a0\u00a0\u00a0 St\u00e4rkt den Herzmuskel  \u00a0\u00a0\u00a0 Hilfreich bei Fettleibigkeit und Diabetes  \u00a0\u00a0\u00a0 Unterst\u00fctzt bei der Senkung des Cholesterinspiegels  100% veganes Produkt  Inhalt: 120 Tabletten  1 Packung reicht bei regelm\u00e4\u00dfiger Einnahme f\u00fcr 2 Monate.","og_url":"https:\/\/devaharmony.com\/de\/speichern\/arjuna-120-tabletten\/","og_site_name":"Deva Harmony Polen","article_modified_time":"2026-01-27T12:56:47+00:00","og_image":[{"width":800,"height":1200,"url":"https:\/\/devaharmony.com\/de\/wp-content\/uploads\/2023\/07\/arjuna-1-3.png","type":"image\/png"}],"twitter_card":"summary_large_image","twitter_misc":{"Gesch\u00e4tzte Lesezeit":"2\u00a0Minuten"},"schema":{"@context":"https:\/\/schema.org","@graph":[{"@type":"WebPage","@id":"https:\/\/devaharmony.com\/de\/speichern\/arjuna-120-tabletten\/","url":"https:\/\/devaharmony.com\/de\/speichern\/arjuna-120-tabletten\/","name":"Arjuna - 120 Tabletten - Deva Harmony Polen","isPartOf":{"@id":"https:\/\/devaharmony.com\/de\/#website"},"primaryImageOfPage":{"@id":"https:\/\/devaharmony.com\/de\/speichern\/arjuna-120-tabletten\/#primaryimage"},"image":{"@id":"https:\/\/devaharmony.com\/de\/speichern\/arjuna-120-tabletten\/#primaryimage"},"thumbnailUrl":"https:\/\/devaharmony.com\/de\/wp-content\/uploads\/2023\/07\/arjuna-1-3.png","datePublished":"2023-07-20T14:02:10+00:00","dateModified":"2026-01-27T12:56:47+00:00","breadcrumb":{"@id":"https:\/\/devaharmony.com\/de\/speichern\/arjuna-120-tabletten\/#breadcrumb"},"inLanguage":"de","potentialAction":[{"@type":"ReadAction","target":["https:\/\/devaharmony.com\/de\/speichern\/arjuna-120-tabletten\/"]}]},{"@type":"ImageObject","inLanguage":"de","@id":"https:\/\/devaharmony.com\/de\/speichern\/arjuna-120-tabletten\/#primaryimage","url":"https:\/\/devaharmony.com\/de\/wp-content\/uploads\/2023\/07\/arjuna-1-3.png","contentUrl":"https:\/\/devaharmony.com\/de\/wp-content\/uploads\/2023\/07\/arjuna-1-3.png","width":800,"height":1200},{"@type":"BreadcrumbList","@id":"https:\/\/devaharmony.com\/de\/speichern\/arjuna-120-tabletten\/#breadcrumb","itemListElement":[{"@type":"ListItem","position":1,"name":"Home","item":"https:\/\/devaharmony.com\/de\/"},{"@type":"ListItem","position":2,"name":"Ayurvedische Produkte","item":"https:\/\/devaharmony.com\/de\/ayurvedische-produkte\/"},{"@type":"ListItem","position":3,"name":"Arjuna &#8211; 120 Tabletten"}]},{"@type":"WebSite","@id":"https:\/\/devaharmony.com\/de\/#website","url":"https:\/\/devaharmony.com\/de\/","name":"Deva Harmony Polen","description":"Ayurvedische Nahrungserg\u00e4nzungsmittel","potentialAction":[{"@type":"SearchAction","target":{"@type":"EntryPoint","urlTemplate":"https:\/\/devaharmony.com\/de\/?s={search_term_string}"},"query-input":"required name=search_term_string"}],"inLanguage":"de"}]}},"_links":{"self":[{"href":"https:\/\/devaharmony.com\/de\/wp-json\/wp\/v2\/product\/21427"}],"collection":[{"href":"https:\/\/devaharmony.com\/de\/wp-json\/wp\/v2\/product"}],"about":[{"href":"https:\/\/devaharmony.com\/de\/wp-json\/wp\/v2\/types\/product"}],"wp:featuredmedia":[{"embeddable":true,"href":"https:\/\/devaharmony.com\/de\/wp-json\/wp\/v2\/media\/21426"}],"wp:attachment":[{"href":"https:\/\/devaharmony.com\/de\/wp-json\/wp\/v2\/media?parent=21427"}],"wp:term":[{"taxonomy":"product_cat","embeddable":true,"href":"https:\/\/devaharmony.com\/de\/wp-json\/wp\/v2\/product_cat?post=21427"},{"taxonomy":"product_tag","embeddable":true,"href":"https:\/\/devaharmony.com\/de\/wp-json\/wp\/v2\/product_tag?post=21427"}],"curies":[{"name":"wp","href":"https:\/\/api.w.org\/{rel}","templated":true}]}}