{"id":9235,"date":"2022-10-20T09:39:08","date_gmt":"2022-10-20T08:39:08","guid":{"rendered":"https:\/\/devaharmony.com\/de\/?page_id=9235"},"modified":"2024-10-03T11:40:49","modified_gmt":"2024-10-03T10:40:49","slug":"preisliste-fuer-lieferungen","status":"publish","type":"page","link":"https:\/\/devaharmony.com\/de\/preisliste-fuer-lieferungen\/","title":{"rendered":"Preisliste f\u00fcr Lieferungen ab dem 02.10.2024"},"content":{"rendered":"\n<p><\/p>\n\n\n\n<p class=\"has-medium-font-size\">Internationale Sendungen<\/p>\n\n\n\n<figure class=\"wp-block-table is-style-stripes\"><table class=\"has-fixed-layout\"><thead><tr><th class=\"has-text-align-left\" data-align=\"left\">Land<\/th><th class=\"has-text-align-left\" data-align=\"left\">Gewicht der Sendung<br>0 &#8211; 3kg<\/th><th class=\"has-text-align-left\" data-align=\"left\">Gewicht der Sendung<br> 3 &#8211; 10kg<\/th><\/tr><\/thead><tbody><tr><td class=\"has-text-align-left\" data-align=\"left\">Austria<\/td><td class=\"has-text-align-left\" data-align=\"left\">13 \u20ac<\/td><td class=\"has-text-align-left\" data-align=\"left\">36 \u20ac<\/td><\/tr><tr><td class=\"has-text-align-left\" data-align=\"left\">Belgium<\/td><td class=\"has-text-align-left\" data-align=\"left\">13 \u20ac<\/td><td class=\"has-text-align-left\" data-align=\"left\">36 \u20ac<\/td><\/tr><tr><td class=\"has-text-align-left\" data-align=\"left\">Bulgaria<\/td><td class=\"has-text-align-left\" data-align=\"left\">20 \u20ac<\/td><td class=\"has-text-align-left\" data-align=\"left\">36 \u20ac<\/td><\/tr><tr><td class=\"has-text-align-left\" data-align=\"left\">Croatia<\/td><td class=\"has-text-align-left\" data-align=\"left\">26 \u20ac<\/td><td class=\"has-text-align-left\" data-align=\"left\">46 \u20ac<\/td><\/tr><tr><td class=\"has-text-align-left\" data-align=\"left\">Czech Republic<\/td><td class=\"has-text-align-left\" data-align=\"left\">10 \u20ac<\/td><td class=\"has-text-align-left\" data-align=\"left\">36 \u20ac<\/td><\/tr><tr><td class=\"has-text-align-left\" data-align=\"left\">Denmark<\/td><td class=\"has-text-align-left\" data-align=\"left\">20 \u20ac<\/td><td class=\"has-text-align-left\" data-align=\"left\">36 \u20ac<\/td><\/tr><tr><td class=\"has-text-align-left\" data-align=\"left\">Estonia<\/td><td class=\"has-text-align-left\" data-align=\"left\">13 \u20ac<\/td><td class=\"has-text-align-left\" data-align=\"left\">36 \u20ac<\/td><\/tr><tr><td class=\"has-text-align-left\" data-align=\"left\">Finland<\/td><td class=\"has-text-align-left\" data-align=\"left\">26 \u20ac<\/td><td class=\"has-text-align-left\" data-align=\"left\">46 \u20ac<\/td><\/tr><tr><td class=\"has-text-align-left\" data-align=\"left\">France<\/td><td class=\"has-text-align-left\" data-align=\"left\">20 \u20ac<\/td><td class=\"has-text-align-left\" data-align=\"left\">36 \u20ac<\/td><\/tr><tr><td class=\"has-text-align-left\" data-align=\"left\">Spain<\/td><td class=\"has-text-align-left\" data-align=\"left\">26 \u20ac<\/td><td class=\"has-text-align-left\" data-align=\"left\">46 \u20ac<\/td><\/tr><tr><td class=\"has-text-align-left\" data-align=\"left\">Netherlands<\/td><td class=\"has-text-align-left\" data-align=\"left\">13 \u20ac<\/td><td class=\"has-text-align-left\" data-align=\"left\">36 \u20ac<\/td><\/tr><tr><td class=\"has-text-align-left\" data-align=\"left\">Greece<\/td><td class=\"has-text-align-left\" data-align=\"left\">30 \u20ac<\/td><td class=\"has-text-align-left\" data-align=\"left\">46 \u20ac<\/td><\/tr><tr><td class=\"has-text-align-left\" data-align=\"left\">Lithuania<\/td><td class=\"has-text-align-left\" data-align=\"left\">10 \u20ac<\/td><td class=\"has-text-align-left\" data-align=\"left\">36 \u20ac<\/td><\/tr><tr><td class=\"has-text-align-left\" data-align=\"left\">Latvia<\/td><td class=\"has-text-align-left\" data-align=\"left\">10 \u20ac<\/td><td class=\"has-text-align-left\" data-align=\"left\">36 \u20ac<\/td><\/tr><tr><td class=\"has-text-align-left\" data-align=\"left\">Luxembourg<\/td><td class=\"has-text-align-left\" data-align=\"left\">12 \u20ac<\/td><td class=\"has-text-align-left\" data-align=\"left\">36 \u20ac<\/td><\/tr><tr><td class=\"has-text-align-left\" data-align=\"left\">Germany<\/td><td class=\"has-text-align-left\" data-align=\"left\">10 \u20ac<\/td><td class=\"has-text-align-left\" data-align=\"left\">36 \u20ac<\/td><\/tr><tr><td class=\"has-text-align-left\" data-align=\"left\">Norway<\/td><td class=\"has-text-align-left\" data-align=\"left\">26 \u20ac<\/td><td class=\"has-text-align-left\" data-align=\"left\">46 \u20ac<\/td><\/tr><tr><td class=\"has-text-align-left\" data-align=\"left\">Portugal<\/td><td class=\"has-text-align-left\" data-align=\"left\">30 \u20ac<\/td><td class=\"has-text-align-left\" data-align=\"left\">46 \u20ac<\/td><\/tr><tr><td class=\"has-text-align-left\" data-align=\"left\">Romania<\/td><td class=\"has-text-align-left\" data-align=\"left\">20 \u20ac<\/td><td class=\"has-text-align-left\" data-align=\"left\">36 \u20ac<\/td><\/tr><tr><td class=\"has-text-align-left\" data-align=\"left\">Slovakia<\/td><td class=\"has-text-align-left\" data-align=\"left\">10 \u20ac<\/td><td class=\"has-text-align-left\" data-align=\"left\">36 \u20ac<\/td><\/tr><tr><td class=\"has-text-align-left\" data-align=\"left\">Slovenia<\/td><td class=\"has-text-align-left\" data-align=\"left\">13 \u20ac<\/td><td class=\"has-text-align-left\" data-align=\"left\">36 \u20ac<\/td><\/tr><tr><td class=\"has-text-align-left\" data-align=\"left\">Switzerland<\/td><td class=\"has-text-align-left\" data-align=\"left\">30 \u20ac<\/td><td class=\"has-text-align-left\" data-align=\"left\">36 \u20ac<\/td><\/tr><tr><td class=\"has-text-align-left\" data-align=\"left\">Sweden<\/td><td class=\"has-text-align-left\" data-align=\"left\">30 \u20ac<\/td><td class=\"has-text-align-left\" data-align=\"left\">46 \u20ac<\/td><\/tr><tr><td class=\"has-text-align-left\" data-align=\"left\">Ukraine<\/td><td class=\"has-text-align-left\" data-align=\"left\">13 \u20ac<\/td><td class=\"has-text-align-left\" data-align=\"left\">36 \u20ac<\/td><\/tr><tr><td class=\"has-text-align-left\" data-align=\"left\">Hungary<\/td><td class=\"has-text-align-left\" data-align=\"left\">10 \u20ac<\/td><td class=\"has-text-align-left\" data-align=\"left\">36 \u20ac<\/td><\/tr><tr><td class=\"has-text-align-left\" data-align=\"left\">Italy<\/td><td class=\"has-text-align-left\" data-align=\"left\">20 \u20ac<\/td><td class=\"has-text-align-left\" data-align=\"left\">36 \u20ac<\/td><\/tr><tr><td class=\"has-text-align-left\" data-align=\"left\">Great Britain<\/td><td class=\"has-text-align-left\" data-align=\"left\">20 \u20ac<\/td><td class=\"has-text-align-left\" data-align=\"left\">36 \u20ac<\/td><\/tr><\/tbody><\/table><figcaption class=\"wp-element-caption\">*Die in der Tabelle angegebenen Betr\u00e4ge sind Bruttopreise.<\/figcaption><\/figure>\n\n\n\n<figure class=\"wp-block-table is-style-stripes\"><table><thead><tr><th class=\"has-text-align-left\" data-align=\"left\">Versand innerhalb Polens<\/th><th class=\"has-text-align-left\" data-align=\"left\">Betrag<\/th><\/tr><\/thead><tbody><tr><td class=\"has-text-align-left\" data-align=\"left\">Kurier (InPost)<\/td><td class=\"has-text-align-left\" data-align=\"left\">16 z\u0142<\/td><\/tr><tr><td class=\"has-text-align-left\" data-align=\"left\">Polnischer Kurier (DPD)<\/td><td class=\"has-text-align-left\" data-align=\"left\">16 z\u0142<\/td><\/tr><tr><td class=\"has-text-align-left\" data-align=\"left\">Polnischer Kurier (InPost Nachnahme)<\/td><td class=\"has-text-align-left\" data-align=\"left\">22,50 z\u0142<\/td><\/tr><tr><td class=\"has-text-align-left\" data-align=\"left\">Polnischer Kurier (DPD Nachnahme)<\/td><td class=\"has-text-align-left\" data-align=\"left\">22,50 z\u0142<\/td><\/tr><tr><td class=\"has-text-align-left\" data-align=\"left\">Polen Paketautomaten InPost<\/td><td class=\"has-text-align-left\" data-align=\"left\">12,90 z\u0142<\/td><\/tr><tr><td class=\"has-text-align-left\" data-align=\"left\">Polen Paketautomaten InPost (Nachnahme)<\/td><td class=\"has-text-align-left\" data-align=\"left\">22,50 z\u0142<\/td><\/tr><\/tbody><\/table><figcaption class=\"wp-element-caption\">*Die in der Tabelle angegebenen Betr\u00e4ge sind Bruttopreise.<\/figcaption><\/figure>\n\n\n\n<p><strong>*Der Preis f\u00fcr Sendungen \u00fcber 10 kg wird individuell vereinbart.<\/strong><\/p>\n\n\n\n<p><strong>**Bei Nichtabholung der Sendung durch den Zielkunden und anschlie\u00dfender R\u00fccksendung der Sendung an den Absender werden die Kosten f\u00fcr die R\u00fccksendung auf dem Verkaufsbeleg gem\u00e4\u00df der obigen Lieferpreisliste ausgewiesen.<\/strong><\/p>\n","protected":false},"excerpt":{"rendered":"<p>Internationale Sendungen Land Gewicht der Sendung0 &#8211; 3kg Gewicht der Sendung 3 &#8211; 10kg Austria 13 \u20ac 36 \u20ac Belgium 13 \u20ac 36 \u20ac Bulgaria 20 \u20ac 36 \u20ac Croatia 26 \u20ac 46 \u20ac Czech Republic 10 \u20ac 36 \u20ac Denmark 20 \u20ac 36 \u20ac Estonia 13 \u20ac 36 \u20ac Finland 26 \u20ac 46 \u20ac [&hellip;]<\/p>\n","protected":false},"author":59,"featured_media":0,"parent":0,"menu_order":0,"comment_status":"closed","ping_status":"closed","template":"","meta":{"footnotes":""},"class_list":["post-9235","page","type-page","status-publish","hentry"],"acf":[],"yoast_head":"<!-- This site is optimized with the Yoast SEO plugin v23.1 - https:\/\/yoast.com\/wordpress\/plugins\/seo\/ -->\n<title>Preisliste f\u00fcr Lieferungen ab dem 02.10.2024 - Deva Harmony Polen<\/title>\n<meta name=\"robots\" content=\"index, follow, max-snippet:-1, max-image-preview:large, max-video-preview:-1\" \/>\n<link rel=\"canonical\" href=\"https:\/\/devaharmony.com\/de\/preisliste-fuer-lieferungen\/\" \/>\n<meta property=\"og:locale\" content=\"de_DE\" \/>\n<meta property=\"og:type\" content=\"article\" \/>\n<meta property=\"og:title\" content=\"Preisliste f\u00fcr Lieferungen ab dem 02.10.2024 - Deva Harmony Polen\" \/>\n<meta property=\"og:description\" content=\"Internationale Sendungen Land Gewicht der Sendung0 &#8211; 3kg Gewicht der Sendung 3 &#8211; 10kg Austria 13 \u20ac 36 \u20ac Belgium 13 \u20ac 36 \u20ac Bulgaria 20 \u20ac 36 \u20ac Croatia 26 \u20ac 46 \u20ac Czech Republic 10 \u20ac 36 \u20ac Denmark 20 \u20ac 36 \u20ac Estonia 13 \u20ac 36 \u20ac Finland 26 \u20ac 46 \u20ac [&hellip;]\" \/>\n<meta property=\"og:url\" content=\"https:\/\/devaharmony.com\/de\/preisliste-fuer-lieferungen\/\" \/>\n<meta property=\"og:site_name\" content=\"Deva Harmony Polen\" \/>\n<meta property=\"article:modified_time\" content=\"2024-10-03T10:40:49+00:00\" \/>\n<meta name=\"twitter:card\" content=\"summary_large_image\" \/>\n<meta name=\"twitter:label1\" content=\"Gesch\u00e4tzte Lesezeit\" \/>\n\t<meta name=\"twitter:data1\" content=\"2\u00a0Minuten\" \/>\n<script type=\"application\/ld+json\" class=\"yoast-schema-graph\">{\"@context\":\"https:\/\/schema.org\",\"@graph\":[{\"@type\":\"WebPage\",\"@id\":\"https:\/\/devaharmony.com\/de\/preisliste-fuer-lieferungen\/\",\"url\":\"https:\/\/devaharmony.com\/de\/preisliste-fuer-lieferungen\/\",\"name\":\"Preisliste f\u00fcr Lieferungen ab dem 02.10.2024 - Deva Harmony Polen\",\"isPartOf\":{\"@id\":\"https:\/\/devaharmony.com\/de\/#website\"},\"datePublished\":\"2022-10-20T08:39:08+00:00\",\"dateModified\":\"2024-10-03T10:40:49+00:00\",\"breadcrumb\":{\"@id\":\"https:\/\/devaharmony.com\/de\/preisliste-fuer-lieferungen\/#breadcrumb\"},\"inLanguage\":\"de\",\"potentialAction\":[{\"@type\":\"ReadAction\",\"target\":[\"https:\/\/devaharmony.com\/de\/preisliste-fuer-lieferungen\/\"]}]},{\"@type\":\"BreadcrumbList\",\"@id\":\"https:\/\/devaharmony.com\/de\/preisliste-fuer-lieferungen\/#breadcrumb\",\"itemListElement\":[{\"@type\":\"ListItem\",\"position\":1,\"name\":\"Home\",\"item\":\"https:\/\/devaharmony.com\/de\/\"},{\"@type\":\"ListItem\",\"position\":2,\"name\":\"Preisliste f\u00fcr Lieferungen ab dem 02.10.2024\"}]},{\"@type\":\"WebSite\",\"@id\":\"https:\/\/devaharmony.com\/de\/#website\",\"url\":\"https:\/\/devaharmony.com\/de\/\",\"name\":\"Deva Harmony Polen\",\"description\":\"Ayurvedische Nahrungserg\u00e4nzungsmittel\",\"potentialAction\":[{\"@type\":\"SearchAction\",\"target\":{\"@type\":\"EntryPoint\",\"urlTemplate\":\"https:\/\/devaharmony.com\/de\/?s={search_term_string}\"},\"query-input\":\"required name=search_term_string\"}],\"inLanguage\":\"de\"}]}<\/script>\n<!-- \/ Yoast SEO plugin. -->","yoast_head_json":{"title":"Preisliste f\u00fcr Lieferungen ab dem 02.10.2024 - Deva Harmony Polen","robots":{"index":"index","follow":"follow","max-snippet":"max-snippet:-1","max-image-preview":"max-image-preview:large","max-video-preview":"max-video-preview:-1"},"canonical":"https:\/\/devaharmony.com\/de\/preisliste-fuer-lieferungen\/","og_locale":"de_DE","og_type":"article","og_title":"Preisliste f\u00fcr Lieferungen ab dem 02.10.2024 - Deva Harmony Polen","og_description":"Internationale Sendungen Land Gewicht der Sendung0 &#8211; 3kg Gewicht der Sendung 3 &#8211; 10kg Austria 13 \u20ac 36 \u20ac Belgium 13 \u20ac 36 \u20ac Bulgaria 20 \u20ac 36 \u20ac Croatia 26 \u20ac 46 \u20ac Czech Republic 10 \u20ac 36 \u20ac Denmark 20 \u20ac 36 \u20ac Estonia 13 \u20ac 36 \u20ac Finland 26 \u20ac 46 \u20ac [&hellip;]","og_url":"https:\/\/devaharmony.com\/de\/preisliste-fuer-lieferungen\/","og_site_name":"Deva Harmony Polen","article_modified_time":"2024-10-03T10:40:49+00:00","twitter_card":"summary_large_image","twitter_misc":{"Gesch\u00e4tzte Lesezeit":"2\u00a0Minuten"},"schema":{"@context":"https:\/\/schema.org","@graph":[{"@type":"WebPage","@id":"https:\/\/devaharmony.com\/de\/preisliste-fuer-lieferungen\/","url":"https:\/\/devaharmony.com\/de\/preisliste-fuer-lieferungen\/","name":"Preisliste f\u00fcr Lieferungen ab dem 02.10.2024 - Deva Harmony Polen","isPartOf":{"@id":"https:\/\/devaharmony.com\/de\/#website"},"datePublished":"2022-10-20T08:39:08+00:00","dateModified":"2024-10-03T10:40:49+00:00","breadcrumb":{"@id":"https:\/\/devaharmony.com\/de\/preisliste-fuer-lieferungen\/#breadcrumb"},"inLanguage":"de","potentialAction":[{"@type":"ReadAction","target":["https:\/\/devaharmony.com\/de\/preisliste-fuer-lieferungen\/"]}]},{"@type":"BreadcrumbList","@id":"https:\/\/devaharmony.com\/de\/preisliste-fuer-lieferungen\/#breadcrumb","itemListElement":[{"@type":"ListItem","position":1,"name":"Home","item":"https:\/\/devaharmony.com\/de\/"},{"@type":"ListItem","position":2,"name":"Preisliste f\u00fcr Lieferungen ab dem 02.10.2024"}]},{"@type":"WebSite","@id":"https:\/\/devaharmony.com\/de\/#website","url":"https:\/\/devaharmony.com\/de\/","name":"Deva Harmony Polen","description":"Ayurvedische Nahrungserg\u00e4nzungsmittel","potentialAction":[{"@type":"SearchAction","target":{"@type":"EntryPoint","urlTemplate":"https:\/\/devaharmony.com\/de\/?s={search_term_string}"},"query-input":"required name=search_term_string"}],"inLanguage":"de"}]}},"_links":{"self":[{"href":"https:\/\/devaharmony.com\/de\/wp-json\/wp\/v2\/pages\/9235"}],"collection":[{"href":"https:\/\/devaharmony.com\/de\/wp-json\/wp\/v2\/pages"}],"about":[{"href":"https:\/\/devaharmony.com\/de\/wp-json\/wp\/v2\/types\/page"}],"author":[{"embeddable":true,"href":"https:\/\/devaharmony.com\/de\/wp-json\/wp\/v2\/users\/59"}],"replies":[{"embeddable":true,"href":"https:\/\/devaharmony.com\/de\/wp-json\/wp\/v2\/comments?post=9235"}],"version-history":[{"count":21,"href":"https:\/\/devaharmony.com\/de\/wp-json\/wp\/v2\/pages\/9235\/revisions"}],"predecessor-version":[{"id":22655,"href":"https:\/\/devaharmony.com\/de\/wp-json\/wp\/v2\/pages\/9235\/revisions\/22655"}],"wp:attachment":[{"href":"https:\/\/devaharmony.com\/de\/wp-json\/wp\/v2\/media?parent=9235"}],"curies":[{"name":"wp","href":"https:\/\/api.w.org\/{rel}","templated":true}]}}