{"id":765,"date":"2023-07-19T10:45:57","date_gmt":"2023-07-19T09:45:57","guid":{"rendered":"https:\/\/devaharmony.com\/de\/?page_id=765"},"modified":"2023-08-18T08:18:22","modified_gmt":"2023-08-18T07:18:22","slug":"akademie-von-ayurveda","status":"publish","type":"page","link":"https:\/\/devaharmony.com\/de\/akademie-von-ayurveda\/","title":{"rendered":"Akademie von Ayurveda"},"content":{"rendered":"\n<p>Die Weisheit des Ayurveda ist unverg\u00e4nglich. Mit seinem tiefen Verst\u00e4ndnis der menschlichen Natur ist Ayurveda in der Lage, viele Fragen des menschlichen Lebens zu beantworten. Wie kann man f\u00fcr sich selbst sorgen, um nicht zu verk\u00fcmmern? Wie kann man sich ern\u00e4hren? Wie kann man gl\u00fcckliche Beziehungen aufbauen? Wie findet man die Liebe im Leben? Wie kann man gl\u00fccklich sein? Aber auch: Wer bin ich? Und was ist der Sinn des menschlichen Lebens?<\/p>\n\n\n\n<p>Ayurveda betrachtet den Menschen immer in Verbindung mit der Natur und der Gemeinschaft, in der er lebt, es lehrt uns, in Harmonie und Gleichgewicht zu leben<br>Wir glauben daran, dass die Anwendung ihrer Grunds\u00e4tze das Leben eines jeden Menschen zum Besseren ver\u00e4ndert.<\/p>\n\n\n\n<p>Sowohl die Atma Akademie als auch Ayurveda.pl wurden aus Liebe zum Ayurveda und dem Wunsch, dieses Wissen mit anderen zu teilen, gegr\u00fcndet.<\/p>\n\n\n\n<p>El\u017cbieta \u017buk &#8211; Widma\u0144ska und Edyta Sici\u0144ska<\/p>\n\n\n\n<p><a href=\"https:\/\/akademiaatma.com\/\" target=\"_blank\" rel=\"nofollow noopener\">https:\/\/akademiaatma.com\/<\/a><\/p>\n\n\n\n<p><a href=\"https:\/\/ajurweda.pl\/\" target=\"_blank\" rel=\"nofollow noopener\">http:\/\/ajurweda.pl\/<\/a><\/p>\n","protected":false},"excerpt":{"rendered":"<p>Die Weisheit des Ayurveda ist unverg\u00e4nglich. Mit seinem tiefen Verst\u00e4ndnis der menschlichen Natur ist Ayurveda in der Lage, viele Fragen des menschlichen Lebens zu beantworten. Wie kann man f\u00fcr sich selbst sorgen, um nicht zu verk\u00fcmmern? Wie kann man sich ern\u00e4hren? Wie kann man gl\u00fcckliche Beziehungen aufbauen? Wie findet man die Liebe im Leben? Wie [&hellip;]<\/p>\n","protected":false},"author":2051,"featured_media":0,"parent":0,"menu_order":0,"comment_status":"open","ping_status":"closed","template":"","meta":{"footnotes":""},"class_list":["post-765","page","type-page","status-publish","hentry"],"acf":[],"yoast_head":"<!-- This site is optimized with the Yoast SEO plugin v23.1 - https:\/\/yoast.com\/wordpress\/plugins\/seo\/ -->\n<title>Akademie von Ayurveda - Deva Harmony Polen<\/title>\n<meta name=\"robots\" content=\"index, follow, max-snippet:-1, max-image-preview:large, max-video-preview:-1\" \/>\n<link rel=\"canonical\" href=\"https:\/\/devaharmony.com\/de\/akademie-von-ayurveda\/\" \/>\n<meta property=\"og:locale\" content=\"de_DE\" \/>\n<meta property=\"og:type\" content=\"article\" \/>\n<meta property=\"og:title\" content=\"Akademie von Ayurveda - Deva Harmony Polen\" \/>\n<meta property=\"og:description\" content=\"Die Weisheit des Ayurveda ist unverg\u00e4nglich. Mit seinem tiefen Verst\u00e4ndnis der menschlichen Natur ist Ayurveda in der Lage, viele Fragen des menschlichen Lebens zu beantworten. Wie kann man f\u00fcr sich selbst sorgen, um nicht zu verk\u00fcmmern? Wie kann man sich ern\u00e4hren? Wie kann man gl\u00fcckliche Beziehungen aufbauen? Wie findet man die Liebe im Leben? Wie [&hellip;]\" \/>\n<meta property=\"og:url\" content=\"https:\/\/devaharmony.com\/de\/akademie-von-ayurveda\/\" \/>\n<meta property=\"og:site_name\" content=\"Deva Harmony Polen\" \/>\n<meta property=\"article:modified_time\" content=\"2023-08-18T07:18:22+00:00\" \/>\n<meta name=\"twitter:card\" content=\"summary_large_image\" \/>\n<meta name=\"twitter:label1\" content=\"Gesch\u00e4tzte Lesezeit\" \/>\n\t<meta name=\"twitter:data1\" content=\"1\u00a0Minute\" \/>\n<script type=\"application\/ld+json\" class=\"yoast-schema-graph\">{\"@context\":\"https:\/\/schema.org\",\"@graph\":[{\"@type\":\"WebPage\",\"@id\":\"https:\/\/devaharmony.com\/de\/akademie-von-ayurveda\/\",\"url\":\"https:\/\/devaharmony.com\/de\/akademie-von-ayurveda\/\",\"name\":\"Akademie von Ayurveda - Deva Harmony Polen\",\"isPartOf\":{\"@id\":\"https:\/\/devaharmony.com\/de\/#website\"},\"datePublished\":\"2023-07-19T09:45:57+00:00\",\"dateModified\":\"2023-08-18T07:18:22+00:00\",\"breadcrumb\":{\"@id\":\"https:\/\/devaharmony.com\/de\/akademie-von-ayurveda\/#breadcrumb\"},\"inLanguage\":\"de\",\"potentialAction\":[{\"@type\":\"ReadAction\",\"target\":[\"https:\/\/devaharmony.com\/de\/akademie-von-ayurveda\/\"]}]},{\"@type\":\"BreadcrumbList\",\"@id\":\"https:\/\/devaharmony.com\/de\/akademie-von-ayurveda\/#breadcrumb\",\"itemListElement\":[{\"@type\":\"ListItem\",\"position\":1,\"name\":\"Home\",\"item\":\"https:\/\/devaharmony.com\/de\/\"},{\"@type\":\"ListItem\",\"position\":2,\"name\":\"Akademie von Ayurveda\"}]},{\"@type\":\"WebSite\",\"@id\":\"https:\/\/devaharmony.com\/de\/#website\",\"url\":\"https:\/\/devaharmony.com\/de\/\",\"name\":\"Deva Harmony Polen\",\"description\":\"Ayurvedische Nahrungserg\u00e4nzungsmittel\",\"potentialAction\":[{\"@type\":\"SearchAction\",\"target\":{\"@type\":\"EntryPoint\",\"urlTemplate\":\"https:\/\/devaharmony.com\/de\/?s={search_term_string}\"},\"query-input\":\"required name=search_term_string\"}],\"inLanguage\":\"de\"}]}<\/script>\n<!-- \/ Yoast SEO plugin. -->","yoast_head_json":{"title":"Akademie von Ayurveda - Deva Harmony Polen","robots":{"index":"index","follow":"follow","max-snippet":"max-snippet:-1","max-image-preview":"max-image-preview:large","max-video-preview":"max-video-preview:-1"},"canonical":"https:\/\/devaharmony.com\/de\/akademie-von-ayurveda\/","og_locale":"de_DE","og_type":"article","og_title":"Akademie von Ayurveda - Deva Harmony Polen","og_description":"Die Weisheit des Ayurveda ist unverg\u00e4nglich. Mit seinem tiefen Verst\u00e4ndnis der menschlichen Natur ist Ayurveda in der Lage, viele Fragen des menschlichen Lebens zu beantworten. Wie kann man f\u00fcr sich selbst sorgen, um nicht zu verk\u00fcmmern? Wie kann man sich ern\u00e4hren? Wie kann man gl\u00fcckliche Beziehungen aufbauen? Wie findet man die Liebe im Leben? Wie [&hellip;]","og_url":"https:\/\/devaharmony.com\/de\/akademie-von-ayurveda\/","og_site_name":"Deva Harmony Polen","article_modified_time":"2023-08-18T07:18:22+00:00","twitter_card":"summary_large_image","twitter_misc":{"Gesch\u00e4tzte Lesezeit":"1\u00a0Minute"},"schema":{"@context":"https:\/\/schema.org","@graph":[{"@type":"WebPage","@id":"https:\/\/devaharmony.com\/de\/akademie-von-ayurveda\/","url":"https:\/\/devaharmony.com\/de\/akademie-von-ayurveda\/","name":"Akademie von Ayurveda - Deva Harmony Polen","isPartOf":{"@id":"https:\/\/devaharmony.com\/de\/#website"},"datePublished":"2023-07-19T09:45:57+00:00","dateModified":"2023-08-18T07:18:22+00:00","breadcrumb":{"@id":"https:\/\/devaharmony.com\/de\/akademie-von-ayurveda\/#breadcrumb"},"inLanguage":"de","potentialAction":[{"@type":"ReadAction","target":["https:\/\/devaharmony.com\/de\/akademie-von-ayurveda\/"]}]},{"@type":"BreadcrumbList","@id":"https:\/\/devaharmony.com\/de\/akademie-von-ayurveda\/#breadcrumb","itemListElement":[{"@type":"ListItem","position":1,"name":"Home","item":"https:\/\/devaharmony.com\/de\/"},{"@type":"ListItem","position":2,"name":"Akademie von Ayurveda"}]},{"@type":"WebSite","@id":"https:\/\/devaharmony.com\/de\/#website","url":"https:\/\/devaharmony.com\/de\/","name":"Deva Harmony Polen","description":"Ayurvedische Nahrungserg\u00e4nzungsmittel","potentialAction":[{"@type":"SearchAction","target":{"@type":"EntryPoint","urlTemplate":"https:\/\/devaharmony.com\/de\/?s={search_term_string}"},"query-input":"required name=search_term_string"}],"inLanguage":"de"}]}},"_links":{"self":[{"href":"https:\/\/devaharmony.com\/de\/wp-json\/wp\/v2\/pages\/765"}],"collection":[{"href":"https:\/\/devaharmony.com\/de\/wp-json\/wp\/v2\/pages"}],"about":[{"href":"https:\/\/devaharmony.com\/de\/wp-json\/wp\/v2\/types\/page"}],"author":[{"embeddable":true,"href":"https:\/\/devaharmony.com\/de\/wp-json\/wp\/v2\/users\/2051"}],"replies":[{"embeddable":true,"href":"https:\/\/devaharmony.com\/de\/wp-json\/wp\/v2\/comments?post=765"}],"version-history":[{"count":3,"href":"https:\/\/devaharmony.com\/de\/wp-json\/wp\/v2\/pages\/765\/revisions"}],"predecessor-version":[{"id":20795,"href":"https:\/\/devaharmony.com\/de\/wp-json\/wp\/v2\/pages\/765\/revisions\/20795"}],"wp:attachment":[{"href":"https:\/\/devaharmony.com\/de\/wp-json\/wp\/v2\/media?parent=765"}],"curies":[{"name":"wp","href":"https:\/\/api.w.org\/{rel}","templated":true}]}}